{"id":54401,"date":"2023-07-19T06:43:06","date_gmt":"2023-07-19T13:43:06","guid":{"rendered":"https:\/\/www.chronobiology.com\/halsofordelar-med-kronofarmakol\/muskuloskeletala-systemet\/"},"modified":"2023-07-19T06:43:07","modified_gmt":"2023-07-19T13:43:07","slug":"muskuloskeletala-systemet","status":"publish","type":"page","link":"https:\/\/dev.chronobiology.com\/sv\/halsofordelar-med-kronofarmakol\/muskuloskeletala-systemet\/","title":{"rendered":"Muskuloskeletala systemet"},"content":{"rendered":"<div class=\"wpb-content-wrapper\"><p>[vc_row full_width=&#8221;stretch_row&#8221; el_class=&#8221;banner-top&#8221; css=&#8221;.vc_custom_1479344332000{background-image: url(https:\/\/www.chronobiology.com\/wp-content\/uploads\/2016\/06\/brain-and-psyche-14.jpg?id=9166) !important;}&#8221;][vc_column][vc_custom_heading source=&#8221;post_title&#8221; font_container=&#8221;tag:h1|text_align:center&#8221; use_theme_fonts=&#8221;yes&#8221;][\/vc_column][\/vc_row][vc_row][vc_column][vc_column_text]F\u00f6r att v\u00e5rt muskuloskeletala system ska fungera korrekt beh\u00f6ver vi friska ben, leder och muskler. Felaktig kost, otillr\u00e4cklig r\u00f6relse och oj\u00e4mn belastningsf\u00f6rdelning skapar ett antal sjukdomar som kan p\u00e5verka ett, tv\u00e5 eller alla tre omr\u00e5dena. Inom kronobiologin har man l\u00e4nge varit medveten om att vissa \u00e4mnen, som anv\u00e4nds vid r\u00e4tt tidpunkt p\u00e5 dagen f\u00f6r att garantera optimal effektivitet, kan h\u00e5lla r\u00f6relseapparaten frisk, f\u00f6rb\u00e4ttra symtomen och i allm\u00e4nhet f\u00f6rebygga sjukdomar.<\/p>\n<h3>Leder<\/h3>\n<p>M\u00e4nniskan har cirka 100 leder som g\u00f6r att hon kan r\u00f6ra sig flexibelt. Lederna fungerar som anslutningspunkter mellan benen. Sl\u00e4tt brosk omsluter ledytorna och m\u00f6jligg\u00f6r en friktionsfri glidr\u00f6relse. Leden och brosket \u00e4r omslutna av en kapsel som dels h\u00e5ller ihop leden, dels f\u00f6rser den med n\u00e4rings\u00e4mnen. Om en led skadas uppst\u00e5r ett antal reumatiska sjukdomar. Artros \u00e4r den vanligaste ledsjukdomen i v\u00e4rlden. Artros beror p\u00e5 en obalans mellan anv\u00e4ndningen av leden och dess naturliga belastningsf\u00f6rm\u00e5ga. Detta leder till en gradvis f\u00f6rst\u00f6relse av brosket i leden, vilket till slut \u00e4ven kan leda till benf\u00f6r\u00e4ndringar. Denna naturliga f\u00f6rslitningsprocess \u00e4r delvis beroende av \u00e5ldrande och kan drabba alla leder. I USA uppg\u00e5r antalet personer som drabbats av denna sjukdom till cirka 21 miljoner vuxna. De f\u00f6rsta symptomen upptr\u00e4der ofta mellan 50 och 60 \u00e5rs \u00e5lder, och ibland \u00e4nnu tidigare. Efter 60 \u00e5rs \u00e5lder drabbas en av tv\u00e5 kvinnor och en av tre m\u00e4n av denna sjukdom. Artros \u00e4r beroende av m\u00e5nga faktorer, bland vilka den exakta mekanismen \u00e4nnu inte \u00e4r klarlagd. H\u00f6ga krav genom h\u00e5rt arbete, fetma, oj\u00e4mn belastningsf\u00f6rdelning, milj\u00f6faktorer, gener och redan existerande ledsjukdomar kan spela en roll i utvecklingen. Dessutom minskar kroppens regenerativa f\u00f6rm\u00e5ga med stigande \u00e5lder. Viktigt endogent brosk produceras inte l\u00e4ngre i tillr\u00e4cklig utstr\u00e4ckning, vilket \u00e4r anledningen till att lederna gradvis slits ut. Det finns tv\u00e5 olika saker som motverkar denna process:[\/vc_column_text][\/vc_column][\/vc_row][vc_row][vc_column][vc_tta_accordion color=&#8221;turquoise&#8221; c_icon=&#8221;chevron&#8221; c_position=&#8221;right&#8221; active_section=&#8221;99&#8243; no_fill=&#8221;true&#8221; collapsible_all=&#8221;true&#8221;][vc_tta_section title=&#8221;Tr\u00e4ning mot ledsjukdomar&#8221; tab_id=&#8221;1479253011645-6b37ef93-1dc0&#8243;][vc_row_inner css=&#8221;.vc_custom_1479385822359{background-image: url(https:\/\/www.chronobiology.com\/wp-content\/uploads\/2014\/01\/muscul_1.jpg?id=11614) !important;}&#8221;][vc_column_inner][vc_column_text]V\u00e5r kropp \u00e4r byggd f\u00f6r att vara i r\u00f6relse och utan r\u00f6relse f\u00f6rlorar v\u00e5rt muskelsystem sin sp\u00e4nning, elasticitet och styrka. Detta leder till att lederna blir or\u00f6rliga och att benen blir tunnare, samtidigt som brosket blir mjukt och por\u00f6st. Fysisk tr\u00e4ning kan h\u00e5lla lederna friska, eftersom det producerar en typ av sm\u00f6rjmedel (synovialv\u00e4tska) som fungerar som ett glidmedel som s\u00e4kerst\u00e4ller friktionsfri r\u00f6rlighet. Samtidigt f\u00f6rser detta leden med n\u00e4rings\u00e4mnen. Motion kan f\u00f6rebygga artros, och det kan ocks\u00e5 sakta ner sjukdomens utveckling. \u00d6vningar som kr\u00e4ver m\u00e5ttliga r\u00f6relser rekommenderas s\u00e4rskilt, eftersom dessa inte \u00e4r lika kr\u00e4vande f\u00f6r leder som eventuellt redan \u00e4r skadade. Experter rekommenderar uth\u00e5llighetssporter som simning, cykling, promenader och vattenjogging. Men \u00e4ven styrketr\u00e4ning rekommenderas, eftersom det bygger upp musklerna som kan st\u00f6dja och avlasta skadade leder. En kombination av b\u00e5da disciplinerna i ett dagligt utbyte och anpassat efter personliga behov skulle vara idealiskt.[\/vc_column_text][\/vc_column_inner][\/vc_row_inner][\/vc_tta_section][\/vc_tta_accordion][\/vc_column][\/vc_row][vc_row][vc_column][vc_tta_accordion color=&#8221;turquoise&#8221; c_icon=&#8221;chevron&#8221; c_position=&#8221;right&#8221; active_section=&#8221;99&#8243; no_fill=&#8221;true&#8221; collapsible_all=&#8221;true&#8221;][vc_tta_section title=&#8221;St\u00f6d f\u00f6r brosktillv\u00e4xt genom anv\u00e4ndning av aktiva substanser i r\u00e4tt tid i enlighet med kronobiologiska standarder&#8221; tab_id=&#8221;1479253102335-c0c30bc3-94f1&#8243;][vc_row_inner css=&#8221;.vc_custom_1479385839144{background-image: url(https:\/\/www.chronobiology.com\/wp-content\/uploads\/2014\/01\/muscul_2.jpg?id=11613) !important;}&#8221;][vc_column_inner][vc_column_text]Forskare har redan insett att det finns vissa n\u00e4rings\u00e4mnen som \u00e4r viktiga f\u00f6r broskets h\u00e4lsa och kampen mot artros. Detta inkluderar \u00e4mnena glukosamin, kondroitin och hyaluronsyra, som \u00e4r viktiga broskkomponenter som s\u00e4kerst\u00e4ller friska leder. Om dessa \u00e4mnen inte l\u00e4ngre produceras tillr\u00e4ckligt av kroppen m\u00e5ste de tills\u00e4ttas artificiellt med hj\u00e4lp av ett kronobiologiskt tillskott, eftersom de s\u00e4llan finns i daglig n\u00e4ring (undantag: skaldjur). Brosk kan inte bara regenerera sig sj\u00e4lvt, utan det kan \u00e4ven \u00e5terf\u00e5 sin j\u00e4mnhet med hj\u00e4lp av broskn\u00e4rings\u00e4mnen. Kalcium eller mangan, OPC och zink \u00e4r dessutom nyttiga mineraler som kan f\u00f6rhindra f\u00f6rlust av brosk i lederna. En intelligent kronobiologisk uppdelning av dessa n\u00e4ringstillskott i morgon- och kv\u00e4lls\u00e4mnen m\u00f6jligg\u00f6r en optimal f\u00f6rs\u00f6rjning av brosk under hela dagen. \u00c4mnen f\u00f6r dagen skyddar mot nya skador, medan \u00e4mnen f\u00f6r kv\u00e4llen fr\u00e4mjar regenerering, och friskt brosk kr\u00e4ver ocks\u00e5 vissa \u00e4mnen hela dagen.<\/p>\n<p><strong>Substanser f\u00f6r morgonen (aktiverande effekt):<\/strong><\/p>\n<ul>\n<li>Glukosamin<\/li>\n<li>Kondroitin<\/li>\n<li>MSM<\/li>\n<li>Kalcium<\/li>\n<li>Hyaluronsyra<\/li>\n<li>C-vitamin<\/li>\n<\/ul>\n<p><strong>Substanser f\u00f6r kv\u00e4llen (regenerativ effekt):<\/strong><\/p>\n<ul>\n<li>Glukosamin<\/li>\n<li>Kondroitin<\/li>\n<li>MSM<\/li>\n<li>Zink<\/li>\n<li>OPC<\/li>\n<li>Mangan<\/li>\n<li>Hyaluronsyra<\/li>\n<\/ul>\n<p>[\/vc_column_text][\/vc_column_inner][\/vc_row_inner][\/vc_tta_section][\/vc_tta_accordion][\/vc_column][\/vc_row][vc_row][vc_column][vc_column_text]<\/p>\n<h3>Ben<\/h3>\n<p>De viktigaste krafterna vid benbildning \u00e4r endogena hormoner. Benens \u00e4mnesoms\u00e4ttning styrs av dessa pyttesm\u00e5 hormonmolekyler, som ser till att de hela tiden bryts ned och bildas. F\u00f6r att h\u00e5lla v\u00e5ra ben friska beh\u00f6ver vi D-vitamin, som numera ocks\u00e5 betraktas som ett hormon, samt kalcium, dvs. tv\u00e5 \u00e4mnen som spelar en central roll i benmetabolismen. Kalcium fungerar som en byggsten f\u00f6r skelettet. F\u00f6r att m\u00f6jligg\u00f6ra absorption av denna viktigaste mineral i tillr\u00e4cklig m\u00e4ngd kr\u00e4vs D-vitamin, som ansvarar f\u00f6r regleringen av kalcium- och fosfatmetabolismen och bidrar till stabiliseringen av skelettet. F\u00f6ljaktligen uppmuntrar D-vitamin absorptionen av kalcium, men det st\u00f6der ocks\u00e5 dess integration i benen. Tyv\u00e4rr har m\u00e5nga m\u00e4nniskor, s\u00e4rskilt \u00e4ldre, brist p\u00e5 vitamin D. Anledningen till detta \u00e4r att de f\u00e5r i sig f\u00f6r lite via kosten. Kroppen kan sj\u00e4lv producera D-vitamin genom solljus, men efter en viss \u00e5lder \u00e4r den endogena produktionen begr\u00e4nsad. F\u00f6r\u00e4ndringar i hormoner som \u00f6strogen under \u00e5lderdomen \u00e4r s\u00e4rskilt ansvariga f\u00f6r f\u00f6rlust av benmassa, vilket f\u00f6rsvagar benen och g\u00f6r dem por\u00f6sa och spr\u00f6da. Dessutom finns det ett antal andra faktorer som har en negativ inverkan p\u00e5 skelettet, t.ex. sjukdomar som diabetes, \u00e4tst\u00f6rningar och gastrointestinala sjukdomar. D\u00e5lig kosth\u00e5llning, s\u00e4rskilt i kombination med f\u00f6r lite motion, belastar benstrukturen lika mycket som \u00f6verdriven alkoholkonsumtion och intag av kortisonhaltiga l\u00e4kemedel under en l\u00e4ngre tid. Dessa influenser kan leda till uppkomsten av ett antal bensjukdomar.[\/vc_column_text][\/vc_column][\/vc_row][vc_row][vc_column][vc_tta_accordion color=&#8221;turquoise&#8221; c_icon=&#8221;chevron&#8221; c_position=&#8221;right&#8221; active_section=&#8221;99&#8243; no_fill=&#8221;true&#8221; collapsible_all=&#8221;true&#8221;][vc_tta_section title=&#8221;Osteoporos&#8221; tab_id=&#8221;1479253390221-53af0e2e-cd8b&#8221;][vc_row_inner css=&#8221;.vc_custom_1479385853409{background-image: url(https:\/\/www.chronobiology.com\/wp-content\/uploads\/2014\/01\/muscul_3.jpg?id=11615) !important;}&#8221;][vc_column_inner][vc_column_text]Osteoporos \u00e4r en av de 10 vanligaste folksjukdomarna och drabbar framf\u00f6r allt skelettet. 25 miljoner m\u00e4nniskor i USA lider av osteoporos, och i Tyskland \u00e4r cirka 7 miljoner drabbade av denna bensjukdom. Enligt uppskattningar drabbas en av fem m\u00e4n, samtidigt som 20 till 30 procent av kvinnorna drabbas. Kvinnor kan drabbas av osteoporos redan \u00e5rtionden f\u00f6re klimakteriet. Till f\u00f6ljd av detta bryts bensubstanser ned i alltf\u00f6r h\u00f6g grad, och benen f\u00f6rlorar sin styrka och bryts s\u00f6nder. De ben som oftast drabbas \u00e4r h\u00f6ft, ryggrad, br\u00f6stkorg, b\u00e4cken och handled. \u00c4ven en mjuk st\u00f6t eller en pl\u00f6tslig r\u00f6relse kan vara tillr\u00e4ckligt f\u00f6r att utl\u00f6sa ett brott.<\/p>\n<h5>St\u00f6d f\u00f6r benh\u00e4lsa genom anv\u00e4ndning av aktiva substanser i r\u00e4tt tid i enlighet med kronobiologiska standarder<\/h5>\n<p>Specifik tillf\u00f6rsel av D-vitamin \u00e4r avg\u00f6rande f\u00f6r behandlingen av denna sjukdom. Eftersom detta vitamin inte \u00e4r tillr\u00e4ckligt tillg\u00e4ngligt via den dagliga kosten, rekommenderas tillskott genom vitamin D3-preparat. F\u00f6r att f\u00f6rebygga osteoporos kan l\u00e5ga doser av \u00f6strogen ges till kvinnor redan f\u00f6re klimakteriet. Tillr\u00e4ckliga m\u00e4ngder \u00f6strogen fr\u00e4mjar benbildning och minskar nedbrytningen av ben. En optimal tillf\u00f6rsel av n\u00e4rings\u00e4mnen och vitaminer f\u00f6r skelettet kan s\u00e4kerst\u00e4llas under hela dagen genom anv\u00e4ndning av kronobiologiskt utformade uppdelningar i morgon- och kv\u00e4lls\u00e4mnen.<\/p>\n<p><strong>Substanser f\u00f6r morgonen (aktiverande effekt):<\/strong><\/p>\n<ul>\n<li>MCHC<\/li>\n<li>Kalcium<\/li>\n<li>Vitamin C<\/li>\n<li>D-vitamin<\/li>\n<li>Vitamin B6<\/li>\n<li>Vitamin K2<\/li>\n<li>\u00d6strogen<\/li>\n<\/ul>\n<p><strong>Substanser f\u00f6r kv\u00e4llen (Regenerativ effekt):<\/strong><\/p>\n<ul>\n<li>MCHC<\/li>\n<li>Kalcium<\/li>\n<li>Magnesium<\/li>\n<li>MS<\/li>\n<li>Isoflavon<\/li>\n<li>Vitamin B12<\/li>\n<\/ul>\n<p>[\/vc_column_text][\/vc_column_inner][\/vc_row_inner][\/vc_tta_section][\/vc_tta_accordion][\/vc_column][\/vc_row]<\/p>\n<\/div>","protected":false},"excerpt":{"rendered":"<p>[vc_row full_width=&#8221;stretch_row&#8221; el_class=&#8221;banner-top&#8221; css=&#8221;.vc_custom_1479344332000{background-image: url(https:\/\/www.chronobiology.com\/wp-content\/uploads\/2016\/06\/brain-and-psyche-14.jpg?id=9166) !important;}&#8221;][vc_column][vc_custom_heading source=&#8221;post_title&#8221; font_container=&#8221;tag:h1|text_align:center&#8221; use_theme_fonts=&#8221;yes&#8221;][\/vc_column][\/vc_row][vc_row][vc_column][vc_column_text]F\u00f6r att v\u00e5rt muskuloskeletala system ska fungera korrekt beh\u00f6ver vi friska ben, leder och muskler. Felaktig kost, otillr\u00e4cklig r\u00f6relse och oj\u00e4mn belastningsf\u00f6rdelning skapar ett antal sjukdomar som kan p\u00e5verka ett, tv\u00e5 eller alla tre omr\u00e5dena. Inom kronobiologin har man l\u00e4nge varit medveten om att vissa \u00e4mnen, som [&hellip;]<\/p>\n","protected":false},"author":11,"featured_media":47971,"parent":54366,"menu_order":0,"comment_status":"closed","ping_status":"closed","template":"","meta":{"_acf_changed":false,"_genesis_hide_title":false,"_genesis_hide_breadcrumbs":false,"_genesis_hide_singular_image":false,"_genesis_hide_footer_widgets":false,"_genesis_custom_body_class":"","_genesis_custom_post_class":"","_genesis_layout":"full-width-content","footnotes":""},"categories":[],"class_list":{"0":"post-54401","1":"page","2":"type-page","3":"status-publish","4":"has-post-thumbnail","6":"entry"},"acf":[],"yoast_head":"<!-- This site is optimized with the Yoast SEO Premium plugin v23.4 (Yoast SEO v23.4) - https:\/\/yoast.com\/wordpress\/plugins\/seo\/ -->\n<title>Muskuloskeletala systemet &#8211; Chronobiology.com<\/title>\n<meta name=\"robots\" content=\"index, follow, max-snippet:-1, max-image-preview:large, max-video-preview:-1\" \/>\n<link rel=\"canonical\" href=\"https:\/\/dev.chronobiology.com\/sv\/halsofordelar-med-kronofarmakol\/muskuloskeletala-systemet\/\" \/>\n<meta property=\"og:locale\" content=\"sv_SE\" \/>\n<meta property=\"og:type\" content=\"article\" \/>\n<meta property=\"og:title\" content=\"Muskuloskeletala systemet\" \/>\n<meta property=\"og:description\" content=\"[vc_row full_width=&#8221;stretch_row&#8221; el_class=&#8221;banner-top&#8221; css=&#8221;.vc_custom_1479344332000{background-image: url(https:\/\/www.chronobiology.com\/wp-content\/uploads\/2016\/06\/brain-and-psyche-14.jpg?id=9166) !important;}&#8221;][vc_column][vc_custom_heading source=&#8221;post_title&#8221; font_container=&#8221;tag:h1|text_align:center&#8221; use_theme_fonts=&#8221;yes&#8221;][\/vc_column][\/vc_row][vc_row][vc_column][vc_column_text]F\u00f6r att v\u00e5rt muskuloskeletala system ska fungera korrekt beh\u00f6ver vi friska ben, leder och muskler. Felaktig kost, otillr\u00e4cklig r\u00f6relse och oj\u00e4mn belastningsf\u00f6rdelning skapar ett antal sjukdomar som kan p\u00e5verka ett, tv\u00e5 eller alla tre omr\u00e5dena. Inom kronobiologin har man l\u00e4nge varit medveten om att vissa \u00e4mnen, som [&hellip;]\" \/>\n<meta property=\"og:url\" content=\"https:\/\/dev.chronobiology.com\/sv\/halsofordelar-med-kronofarmakol\/muskuloskeletala-systemet\/\" \/>\n<meta property=\"og:site_name\" content=\"Chronobiology.com\" \/>\n<meta property=\"article:publisher\" content=\"https:\/\/www.facebook.com\/chronobiology\" \/>\n<meta property=\"article:modified_time\" content=\"2023-07-19T13:43:07+00:00\" \/>\n<meta property=\"og:image\" content=\"https:\/\/dev.chronobiology.com\/wp-content\/uploads\/2016\/06\/brain-and-psyche-14.jpg\" \/>\n\t<meta property=\"og:image:width\" content=\"1800\" \/>\n\t<meta property=\"og:image:height\" content=\"449\" \/>\n\t<meta property=\"og:image:type\" content=\"image\/jpeg\" \/>\n<meta name=\"twitter:card\" content=\"summary_large_image\" \/>\n<meta name=\"twitter:site\" content=\"@chronobionews\" \/>\n<meta name=\"twitter:label1\" content=\"Ber\u00e4knad l\u00e4stid\" \/>\n\t<meta name=\"twitter:data1\" content=\"8 minuter\" \/>\n<script type=\"application\/ld+json\" class=\"yoast-schema-graph\">{\"@context\":\"https:\/\/schema.org\",\"@graph\":[{\"@type\":\"WebPage\",\"@id\":\"https:\/\/dev.chronobiology.com\/sv\/halsofordelar-med-kronofarmakol\/muskuloskeletala-systemet\/\",\"url\":\"https:\/\/dev.chronobiology.com\/sv\/halsofordelar-med-kronofarmakol\/muskuloskeletala-systemet\/\",\"name\":\"Muskuloskeletala systemet &#8211; Chronobiology.com\",\"isPartOf\":{\"@id\":\"https:\/\/dev.chronobiology.com\/sv\/#website\"},\"primaryImageOfPage\":{\"@id\":\"https:\/\/dev.chronobiology.com\/sv\/halsofordelar-med-kronofarmakol\/muskuloskeletala-systemet\/#primaryimage\"},\"image\":{\"@id\":\"https:\/\/dev.chronobiology.com\/sv\/halsofordelar-med-kronofarmakol\/muskuloskeletala-systemet\/#primaryimage\"},\"thumbnailUrl\":\"https:\/\/dev.chronobiology.com\/wp-content\/uploads\/2016\/06\/brain-and-psyche-14.jpg\",\"datePublished\":\"2023-07-19T13:43:06+00:00\",\"dateModified\":\"2023-07-19T13:43:07+00:00\",\"breadcrumb\":{\"@id\":\"https:\/\/dev.chronobiology.com\/sv\/halsofordelar-med-kronofarmakol\/muskuloskeletala-systemet\/#breadcrumb\"},\"inLanguage\":\"sv-SE\",\"potentialAction\":[{\"@type\":\"ReadAction\",\"target\":[\"https:\/\/dev.chronobiology.com\/sv\/halsofordelar-med-kronofarmakol\/muskuloskeletala-systemet\/\"]}]},{\"@type\":\"ImageObject\",\"inLanguage\":\"sv-SE\",\"@id\":\"https:\/\/dev.chronobiology.com\/sv\/halsofordelar-med-kronofarmakol\/muskuloskeletala-systemet\/#primaryimage\",\"url\":\"https:\/\/dev.chronobiology.com\/wp-content\/uploads\/2016\/06\/brain-and-psyche-14.jpg\",\"contentUrl\":\"https:\/\/dev.chronobiology.com\/wp-content\/uploads\/2016\/06\/brain-and-psyche-14.jpg\",\"width\":1800,\"height\":449},{\"@type\":\"BreadcrumbList\",\"@id\":\"https:\/\/dev.chronobiology.com\/sv\/halsofordelar-med-kronofarmakol\/muskuloskeletala-systemet\/#breadcrumb\",\"itemListElement\":[{\"@type\":\"ListItem\",\"position\":1,\"name\":\"Home\",\"item\":\"https:\/\/dev.chronobiology.com\/sv\/\"},{\"@type\":\"ListItem\",\"position\":2,\"name\":\"H\u00e4lsof\u00f6rdelar med kronofarmakol\",\"item\":\"https:\/\/dev.chronobiology.com\/sv\/halsofordelar-med-kronofarmakol\/\"},{\"@type\":\"ListItem\",\"position\":3,\"name\":\"Muskuloskeletala systemet\"}]},{\"@type\":\"WebSite\",\"@id\":\"https:\/\/dev.chronobiology.com\/sv\/#website\",\"url\":\"https:\/\/dev.chronobiology.com\/sv\/\",\"name\":\"Chronobiology.com\",\"description\":\"\",\"publisher\":{\"@id\":\"https:\/\/dev.chronobiology.com\/sv\/#organization\"},\"potentialAction\":[{\"@type\":\"SearchAction\",\"target\":{\"@type\":\"EntryPoint\",\"urlTemplate\":\"https:\/\/dev.chronobiology.com\/sv\/?s={search_term_string}\"},\"query-input\":{\"@type\":\"PropertyValueSpecification\",\"valueRequired\":true,\"valueName\":\"search_term_string\"}}],\"inLanguage\":\"sv-SE\"},{\"@type\":\"Organization\",\"@id\":\"https:\/\/dev.chronobiology.com\/sv\/#organization\",\"name\":\"Chronobiology\",\"url\":\"https:\/\/dev.chronobiology.com\/sv\/\",\"logo\":{\"@type\":\"ImageObject\",\"inLanguage\":\"sv-SE\",\"@id\":\"https:\/\/dev.chronobiology.com\/sv\/#\/schema\/logo\/image\/\",\"url\":\"https:\/\/www.chronobiology.com\/wp-content\/uploads\/2019\/01\/chronobiology_logo_en_r.png\",\"contentUrl\":\"https:\/\/www.chronobiology.com\/wp-content\/uploads\/2019\/01\/chronobiology_logo_en_r.png\",\"width\":375,\"height\":90,\"caption\":\"Chronobiology\"},\"image\":{\"@id\":\"https:\/\/dev.chronobiology.com\/sv\/#\/schema\/logo\/image\/\"},\"sameAs\":[\"https:\/\/www.facebook.com\/chronobiology\",\"https:\/\/x.com\/chronobionews\",\"https:\/\/www.instagram.com\/chronobiology\/\",\"https:\/\/www.pinterest.com\/chronobiology\/\"]}]}<\/script>\n<!-- \/ Yoast SEO Premium plugin. -->","yoast_head_json":{"title":"Muskuloskeletala systemet &#8211; Chronobiology.com","robots":{"index":"index","follow":"follow","max-snippet":"max-snippet:-1","max-image-preview":"max-image-preview:large","max-video-preview":"max-video-preview:-1"},"canonical":"https:\/\/dev.chronobiology.com\/sv\/halsofordelar-med-kronofarmakol\/muskuloskeletala-systemet\/","og_locale":"sv_SE","og_type":"article","og_title":"Muskuloskeletala systemet","og_description":"[vc_row full_width=&#8221;stretch_row&#8221; el_class=&#8221;banner-top&#8221; css=&#8221;.vc_custom_1479344332000{background-image: url(https:\/\/www.chronobiology.com\/wp-content\/uploads\/2016\/06\/brain-and-psyche-14.jpg?id=9166) !important;}&#8221;][vc_column][vc_custom_heading source=&#8221;post_title&#8221; font_container=&#8221;tag:h1|text_align:center&#8221; use_theme_fonts=&#8221;yes&#8221;][\/vc_column][\/vc_row][vc_row][vc_column][vc_column_text]F\u00f6r att v\u00e5rt muskuloskeletala system ska fungera korrekt beh\u00f6ver vi friska ben, leder och muskler. Felaktig kost, otillr\u00e4cklig r\u00f6relse och oj\u00e4mn belastningsf\u00f6rdelning skapar ett antal sjukdomar som kan p\u00e5verka ett, tv\u00e5 eller alla tre omr\u00e5dena. Inom kronobiologin har man l\u00e4nge varit medveten om att vissa \u00e4mnen, som [&hellip;]","og_url":"https:\/\/dev.chronobiology.com\/sv\/halsofordelar-med-kronofarmakol\/muskuloskeletala-systemet\/","og_site_name":"Chronobiology.com","article_publisher":"https:\/\/www.facebook.com\/chronobiology","article_modified_time":"2023-07-19T13:43:07+00:00","og_image":[{"width":1800,"height":449,"url":"https:\/\/dev.chronobiology.com\/wp-content\/uploads\/2016\/06\/brain-and-psyche-14.jpg","type":"image\/jpeg"}],"twitter_card":"summary_large_image","twitter_site":"@chronobionews","twitter_misc":{"Ber\u00e4knad l\u00e4stid":"8 minuter"},"schema":{"@context":"https:\/\/schema.org","@graph":[{"@type":"WebPage","@id":"https:\/\/dev.chronobiology.com\/sv\/halsofordelar-med-kronofarmakol\/muskuloskeletala-systemet\/","url":"https:\/\/dev.chronobiology.com\/sv\/halsofordelar-med-kronofarmakol\/muskuloskeletala-systemet\/","name":"Muskuloskeletala systemet &#8211; Chronobiology.com","isPartOf":{"@id":"https:\/\/dev.chronobiology.com\/sv\/#website"},"primaryImageOfPage":{"@id":"https:\/\/dev.chronobiology.com\/sv\/halsofordelar-med-kronofarmakol\/muskuloskeletala-systemet\/#primaryimage"},"image":{"@id":"https:\/\/dev.chronobiology.com\/sv\/halsofordelar-med-kronofarmakol\/muskuloskeletala-systemet\/#primaryimage"},"thumbnailUrl":"https:\/\/dev.chronobiology.com\/wp-content\/uploads\/2016\/06\/brain-and-psyche-14.jpg","datePublished":"2023-07-19T13:43:06+00:00","dateModified":"2023-07-19T13:43:07+00:00","breadcrumb":{"@id":"https:\/\/dev.chronobiology.com\/sv\/halsofordelar-med-kronofarmakol\/muskuloskeletala-systemet\/#breadcrumb"},"inLanguage":"sv-SE","potentialAction":[{"@type":"ReadAction","target":["https:\/\/dev.chronobiology.com\/sv\/halsofordelar-med-kronofarmakol\/muskuloskeletala-systemet\/"]}]},{"@type":"ImageObject","inLanguage":"sv-SE","@id":"https:\/\/dev.chronobiology.com\/sv\/halsofordelar-med-kronofarmakol\/muskuloskeletala-systemet\/#primaryimage","url":"https:\/\/dev.chronobiology.com\/wp-content\/uploads\/2016\/06\/brain-and-psyche-14.jpg","contentUrl":"https:\/\/dev.chronobiology.com\/wp-content\/uploads\/2016\/06\/brain-and-psyche-14.jpg","width":1800,"height":449},{"@type":"BreadcrumbList","@id":"https:\/\/dev.chronobiology.com\/sv\/halsofordelar-med-kronofarmakol\/muskuloskeletala-systemet\/#breadcrumb","itemListElement":[{"@type":"ListItem","position":1,"name":"Home","item":"https:\/\/dev.chronobiology.com\/sv\/"},{"@type":"ListItem","position":2,"name":"H\u00e4lsof\u00f6rdelar med kronofarmakol","item":"https:\/\/dev.chronobiology.com\/sv\/halsofordelar-med-kronofarmakol\/"},{"@type":"ListItem","position":3,"name":"Muskuloskeletala systemet"}]},{"@type":"WebSite","@id":"https:\/\/dev.chronobiology.com\/sv\/#website","url":"https:\/\/dev.chronobiology.com\/sv\/","name":"Chronobiology.com","description":"","publisher":{"@id":"https:\/\/dev.chronobiology.com\/sv\/#organization"},"potentialAction":[{"@type":"SearchAction","target":{"@type":"EntryPoint","urlTemplate":"https:\/\/dev.chronobiology.com\/sv\/?s={search_term_string}"},"query-input":{"@type":"PropertyValueSpecification","valueRequired":true,"valueName":"search_term_string"}}],"inLanguage":"sv-SE"},{"@type":"Organization","@id":"https:\/\/dev.chronobiology.com\/sv\/#organization","name":"Chronobiology","url":"https:\/\/dev.chronobiology.com\/sv\/","logo":{"@type":"ImageObject","inLanguage":"sv-SE","@id":"https:\/\/dev.chronobiology.com\/sv\/#\/schema\/logo\/image\/","url":"https:\/\/www.chronobiology.com\/wp-content\/uploads\/2019\/01\/chronobiology_logo_en_r.png","contentUrl":"https:\/\/www.chronobiology.com\/wp-content\/uploads\/2019\/01\/chronobiology_logo_en_r.png","width":375,"height":90,"caption":"Chronobiology"},"image":{"@id":"https:\/\/dev.chronobiology.com\/sv\/#\/schema\/logo\/image\/"},"sameAs":["https:\/\/www.facebook.com\/chronobiology","https:\/\/x.com\/chronobionews","https:\/\/www.instagram.com\/chronobiology\/","https:\/\/www.pinterest.com\/chronobiology\/"]}]}},"_links":{"self":[{"href":"https:\/\/dev.chronobiology.com\/sv\/wp-json\/wp\/v2\/pages\/54401"}],"collection":[{"href":"https:\/\/dev.chronobiology.com\/sv\/wp-json\/wp\/v2\/pages"}],"about":[{"href":"https:\/\/dev.chronobiology.com\/sv\/wp-json\/wp\/v2\/types\/page"}],"author":[{"embeddable":true,"href":"https:\/\/dev.chronobiology.com\/sv\/wp-json\/wp\/v2\/users\/11"}],"replies":[{"embeddable":true,"href":"https:\/\/dev.chronobiology.com\/sv\/wp-json\/wp\/v2\/comments?post=54401"}],"version-history":[{"count":2,"href":"https:\/\/dev.chronobiology.com\/sv\/wp-json\/wp\/v2\/pages\/54401\/revisions"}],"predecessor-version":[{"id":54403,"href":"https:\/\/dev.chronobiology.com\/sv\/wp-json\/wp\/v2\/pages\/54401\/revisions\/54403"}],"up":[{"embeddable":true,"href":"https:\/\/dev.chronobiology.com\/sv\/wp-json\/wp\/v2\/pages\/54366"}],"wp:featuredmedia":[{"embeddable":true,"href":"https:\/\/dev.chronobiology.com\/sv\/wp-json\/wp\/v2\/media\/47971"}],"wp:attachment":[{"href":"https:\/\/dev.chronobiology.com\/sv\/wp-json\/wp\/v2\/media?parent=54401"}],"wp:term":[{"taxonomy":"category","embeddable":true,"href":"https:\/\/dev.chronobiology.com\/sv\/wp-json\/wp\/v2\/categories?post=54401"}],"curies":[{"name":"wp","href":"https:\/\/api.w.org\/{rel}","templated":true}]}}