{"id":54383,"date":"2023-07-18T09:08:44","date_gmt":"2023-07-18T16:08:44","guid":{"rendered":"https:\/\/www.chronobiology.com\/melatonin-och-kronobiologi\/melatoninproduktion-och-alder\/"},"modified":"2023-07-18T09:08:46","modified_gmt":"2023-07-18T16:08:46","slug":"melatoninproduktion-och-alder","status":"publish","type":"page","link":"https:\/\/dev.chronobiology.com\/sv\/melatonin-och-kronobiologi\/melatoninproduktion-och-alder\/","title":{"rendered":"Melatoninproduktion och \u00e5lder"},"content":{"rendered":"<div class=\"wpb-content-wrapper\"><p>[vc_row full_width=&#8221;stretch_row&#8221; el_class=&#8221;banner-top&#8221; css=&#8221;.vc_custom_1479390631301{background-image: url(https:\/\/www.chronobiology.com\/wp-content\/uploads\/2016\/11\/melatonin_production_age_banner.jpg?id=11687) !important;}&#8221;][vc_column][vc_custom_heading source=&#8221;post_title&#8221; font_container=&#8221;tag:h1|text_align:center&#8221; use_theme_fonts=&#8221;yes&#8221;][\/vc_column][\/vc_row][vc_row el_class=&#8221;melatoninfacts2&#8243;][vc_column][vc_column_text]<\/p>\n<h2 style=\"text-align: center;\">Melatoninproduktion och \u00e5lder<\/h2>\n<p>Det \u00e4r inte bara ett faktum att den moderna m\u00e4nniskan \u00e4r den enda organism som avviker fr\u00e5n sin normala rytm och g\u00f6r dag av natt, utan det \u00e4r ocks\u00e5 sant att ju \u00e4ldre vi blir, desto mindre blir den nattliga melatoninproduktionen. P\u00e5 grund av detta blir den nattliga signalen kortare, vilket \u00e4r en f\u00f6r\u00e4ndring som f\u00f6rs vidare till hela kroppen. Ofta aktiveras inte signalen f\u00f6rr\u00e4n l\u00e5ngt efter midnatt. Uts\u00f6ndringen av hormonet upph\u00f6r dock punktligt vid gryningen. Detta leder till att \u00e4ldre m\u00e4nniskor f\u00e5r s\u00f6mnhormonet under en alldeles f\u00f6r kort tidsperiod, vilket g\u00f6r att det blir mindre och mindre tillg\u00e4ngligt. F\u00f6r \u00e4ldre tallkottk\u00f6rtlar \u00e4r en tillr\u00e4cklig melatoninproduktion under natten inte l\u00e4ngre m\u00f6jlig, \u00e4ven om kroppen befinner sig i fullst\u00e4ndigt m\u00f6rker. Tallkottk\u00f6rteln f\u00f6rs\u00f6rjs av stora m\u00e4ngder blodk\u00e4rl, som med \u00e5ldern f\u00f6rkalkas, ungef\u00e4r som andra delar av kroppen. F\u00f6rkalkningen kan leda till en minskad melatoninproduktion och d\u00e4rmed en uttalad s\u00f6mnf\u00f6rlust och st\u00f6rning av dygnsrytmen.<\/p>\n<p>Fram till den tredje levnadsm\u00e5naden produceras melatonin knappast enligt en dag\/natt-rytm. D\u00e4refter \u00f6kar de nattliga serumv\u00e4rdena av melatonin, vilket leder till en gradvis utveckling av en cirkadisk cykel. Mellan det f\u00f6rsta och tredje levnads\u00e5ret uppn\u00e5s den h\u00f6gsta produktionen av melatonin. Dessa h\u00f6ga niv\u00e5er bibeh\u00e5lls fram till puberteten, varefter de b\u00f6rjar sjunka till genomsnittliga niv\u00e5er f\u00f6r vuxna. En frisk vuxen m\u00e4nniska har en melatoninniv\u00e5 som \u00e4r 8-10 g\u00e5nger h\u00f6gre p\u00e5 natten, i motsats till \u00e4ldre d\u00e4r detta v\u00e4rde bara stiger mycket sent och under en kort tid till det dubbla av den dagliga niv\u00e5n. Denna l\u00e5ga skillnad mellan dag och natt \u00e4r inte l\u00e4ngre tillr\u00e4cklig f\u00f6r att korrekt f\u00f6rmedla \u00f6verg\u00e5ngen fr\u00e5n dag till natt eller reglera den inre klockan. Det \u00e4r m\u00f6jligt att detta \u00e4r en anledning till de ofta f\u00f6rekommande klagom\u00e5len p\u00e5 s\u00f6mnst\u00f6rningar och relaterade sjukdomar bland \u00e4ldre.[\/vc_column_text][\/vc_column][\/vc_row][vc_row][vc_column][vc_tta_accordion color=&#8221;turquoise&#8221; c_icon=&#8221;chevron&#8221; c_position=&#8221;right&#8221; active_section=&#8221;99&#8243; no_fill=&#8221;true&#8221; collapsible_all=&#8221;true&#8221;][vc_tta_section title=&#8221;Inverkan&#8221; tab_id=&#8221;1479159301199-fd863768-f6af8254-1cf5&#8243;][vc_row_inner css=&#8221;.vc_custom_1479390977900{background-image: url(https:\/\/www.chronobiology.com\/wp-content\/uploads\/2016\/11\/melatonin_production_age_1.jpg?id=11691) !important;}&#8221;][vc_column_inner][vc_column_text]Brist p\u00e5 melatonin visar sig ocks\u00e5 i en st\u00f6rd rytm i hormonsystemen som \u00e4r nedstr\u00f6ms. En tidig minskning av melatoninproduktionen kan vara en faktor bakom det tidiga klimakteriet, eftersom det ocks\u00e5 leder till en minskning av k\u00f6nshormonerna. Melatonin \u00e4r ocks\u00e5 viktigt f\u00f6r produktionen av tillv\u00e4xthormonet HGH, \u00e4ven kallat &#8221;vitalitetshormonet&#8221;, eftersom produktionen bromsas om det r\u00e5der brist p\u00e5 melatonin. Brist p\u00e5 melatonin p\u00e5verkar ocks\u00e5 levern, vilket leder till ineffektiv programmering f\u00f6r natten. Detta kan leda till insulinresistens, vilket i f\u00f6rl\u00e4ngningen kan leda till diabetes. Dessutom f\u00f6rblir urinbehovet detsamma under natten som under dagen om ett specifikt antihormon (ADH) saknas p\u00e5 grund av melatoninbrist.<\/p>\n<p>Melatoninbrist har ocks\u00e5 en betydande inverkan p\u00e5 hj\u00e4rnan. Alla nattliga reparationsmekanismer \u00e4r reducerade. Lagring av information i l\u00e5ngtidsminnet, som sker p\u00e5 natten, st\u00f6ds inte l\u00e4ngre. Detta \u00f6kar k\u00e4nsligheten f\u00f6r tidig demens och neurodegenerativa processer.<\/p>\n<p>Den brittiska facktidskriften Journal of Ophthalmology publicerade nyligen en alarmerande korrelation mellan \u00e5ldrande \u00f6gon och melatoninproduktion. M\u00e4tningar visar att efter 45 \u00e5rs \u00e5lder n\u00e5r f\u00e4rre solstr\u00e5lar det inre \u00f6gat. Detta beror p\u00e5 att \u00f6gats lins gulnar n\u00e5got och att pupillen blir smalare. D\u00e4rf\u00f6r n\u00e5r f\u00e4rre ljuspartiklar de viktiga cellerna i n\u00e4thinnan, som m\u00e4ter dag\/natt-rytmen f\u00f6r att reglera v\u00e5ra inre klockor. Studier visar att f\u00f6r\u00e4ndringar i det \u00e5ldrande \u00f6gat kan leda till ett antal typiska \u00f6gonsjukdomar, f\u00f6r vilka orsaken inte finns i sj\u00e4lva \u00f6gat. Konsekvenserna av f\u00f6rs\u00e4mrad \u00f6gonkapacitet \u00e4r kognitiva brister (s\u00e4rskilt minneskapacitet), s\u00f6mnl\u00f6shet, depression och f\u00f6rdr\u00f6jda reaktionstider. P\u00e5 grund av dessa fakta postuleras ett samband mellan \u00f6gonf\u00f6r\u00e4ndringar och st\u00f6rd melatoninproduktion. V\u00e5ra inre klockor reagerar p\u00e5 v\u00e4xlingarna mellan ljus och m\u00f6rker och styr v\u00e5r dygnsrytm. De ger varje organ en impuls f\u00f6r dess dag- och nattfunktioner. Hj\u00e4rnan, till exempel, lagrar den information som samlats in under dagen i l\u00e5ngtidsminnet eller raderar den helt och h\u00e5llet. Dessa t\u00e4ndningssignaler \u00f6verf\u00f6rs ofta via kronobiologins moderhormon: melatonin. \u00c4ldre m\u00e4nniskor har bara tillg\u00e5ng till en br\u00e5kdel av den n\u00f6dv\u00e4ndiga hormonniv\u00e5n, vilket i sin tur p\u00e5verkar koncentrationen av andra neurotransmittorer. Detta leder inte bara till omfattande problem med natts\u00f6mnen, utan \u00e4ven till en f\u00f6rs\u00e4mring av de viktigaste organens, t.ex. leverns eller nervernas, faktiska dagaktiviteter under en 24-timmarsdag.[\/vc_column_text][\/vc_column_inner][\/vc_row_inner][\/vc_tta_section][\/vc_tta_accordion][\/vc_column][\/vc_row]<\/p>\n<\/div>","protected":false},"excerpt":{"rendered":"<p>[vc_row full_width=&#8221;stretch_row&#8221; el_class=&#8221;banner-top&#8221; css=&#8221;.vc_custom_1479390631301{background-image: url(https:\/\/www.chronobiology.com\/wp-content\/uploads\/2016\/11\/melatonin_production_age_banner.jpg?id=11687) !important;}&#8221;][vc_column][vc_custom_heading source=&#8221;post_title&#8221; font_container=&#8221;tag:h1|text_align:center&#8221; use_theme_fonts=&#8221;yes&#8221;][\/vc_column][\/vc_row][vc_row el_class=&#8221;melatoninfacts2&#8243;][vc_column][vc_column_text] Melatoninproduktion och \u00e5lder Det \u00e4r inte bara ett faktum att den moderna m\u00e4nniskan \u00e4r den enda organism som avviker fr\u00e5n sin normala rytm och g\u00f6r dag av natt, utan det \u00e4r ocks\u00e5 sant att ju \u00e4ldre vi blir, desto mindre blir den nattliga melatoninproduktionen. P\u00e5 [&hellip;]<\/p>\n","protected":false},"author":15,"featured_media":48527,"parent":54326,"menu_order":0,"comment_status":"closed","ping_status":"closed","template":"","meta":{"_acf_changed":false,"_genesis_hide_title":false,"_genesis_hide_breadcrumbs":false,"_genesis_hide_singular_image":false,"_genesis_hide_footer_widgets":false,"_genesis_custom_body_class":"","_genesis_custom_post_class":"","_genesis_layout":"full-width-content","footnotes":""},"categories":[326,324],"class_list":{"0":"post-54383","1":"page","2":"type-page","3":"status-publish","4":"has-post-thumbnail","6":"category-melatonin-sv","7":"category-somn","8":"entry"},"acf":[],"yoast_head":"<!-- This site is optimized with the Yoast SEO Premium plugin v23.4 (Yoast SEO v23.4) - https:\/\/yoast.com\/wordpress\/plugins\/seo\/ -->\n<title>Melatoninproduktion och \u00e5lder &#8211; Chronobiology.com<\/title>\n<meta name=\"robots\" content=\"index, follow, max-snippet:-1, max-image-preview:large, max-video-preview:-1\" \/>\n<link rel=\"canonical\" href=\"https:\/\/dev.chronobiology.com\/sv\/melatonin-och-kronobiologi\/melatoninproduktion-och-alder\/\" \/>\n<meta property=\"og:locale\" content=\"sv_SE\" \/>\n<meta property=\"og:type\" content=\"article\" \/>\n<meta property=\"og:title\" content=\"Melatoninproduktion och \u00e5lder\" \/>\n<meta property=\"og:description\" content=\"[vc_row full_width=&#8221;stretch_row&#8221; el_class=&#8221;banner-top&#8221; css=&#8221;.vc_custom_1479390631301{background-image: url(https:\/\/www.chronobiology.com\/wp-content\/uploads\/2016\/11\/melatonin_production_age_banner.jpg?id=11687) !important;}&#8221;][vc_column][vc_custom_heading source=&#8221;post_title&#8221; font_container=&#8221;tag:h1|text_align:center&#8221; use_theme_fonts=&#8221;yes&#8221;][\/vc_column][\/vc_row][vc_row el_class=&#8221;melatoninfacts2&#8243;][vc_column][vc_column_text] Melatoninproduktion och \u00e5lder Det \u00e4r inte bara ett faktum att den moderna m\u00e4nniskan \u00e4r den enda organism som avviker fr\u00e5n sin normala rytm och g\u00f6r dag av natt, utan det \u00e4r ocks\u00e5 sant att ju \u00e4ldre vi blir, desto mindre blir den nattliga melatoninproduktionen. P\u00e5 [&hellip;]\" \/>\n<meta property=\"og:url\" content=\"https:\/\/dev.chronobiology.com\/sv\/melatonin-och-kronobiologi\/melatoninproduktion-och-alder\/\" \/>\n<meta property=\"og:site_name\" content=\"Chronobiology.com\" \/>\n<meta property=\"article:publisher\" content=\"https:\/\/www.facebook.com\/chronobiology\" \/>\n<meta property=\"article:modified_time\" content=\"2023-07-18T16:08:46+00:00\" \/>\n<meta property=\"og:image\" content=\"https:\/\/dev.chronobiology.com\/wp-content\/uploads\/2016\/11\/melatonin_production_age_banner.jpg\" \/>\n\t<meta property=\"og:image:width\" content=\"1909\" \/>\n\t<meta property=\"og:image:height\" content=\"476\" \/>\n\t<meta property=\"og:image:type\" content=\"image\/jpeg\" \/>\n<meta name=\"twitter:card\" content=\"summary_large_image\" \/>\n<meta name=\"twitter:site\" content=\"@chronobionews\" \/>\n<meta name=\"twitter:label1\" content=\"Ber\u00e4knad l\u00e4stid\" \/>\n\t<meta name=\"twitter:data1\" content=\"5 minuter\" \/>\n<script type=\"application\/ld+json\" class=\"yoast-schema-graph\">{\"@context\":\"https:\/\/schema.org\",\"@graph\":[{\"@type\":\"WebPage\",\"@id\":\"https:\/\/dev.chronobiology.com\/sv\/melatonin-och-kronobiologi\/melatoninproduktion-och-alder\/\",\"url\":\"https:\/\/dev.chronobiology.com\/sv\/melatonin-och-kronobiologi\/melatoninproduktion-och-alder\/\",\"name\":\"Melatoninproduktion och \u00e5lder &#8211; Chronobiology.com\",\"isPartOf\":{\"@id\":\"https:\/\/dev.chronobiology.com\/sv\/#website\"},\"primaryImageOfPage\":{\"@id\":\"https:\/\/dev.chronobiology.com\/sv\/melatonin-och-kronobiologi\/melatoninproduktion-och-alder\/#primaryimage\"},\"image\":{\"@id\":\"https:\/\/dev.chronobiology.com\/sv\/melatonin-och-kronobiologi\/melatoninproduktion-och-alder\/#primaryimage\"},\"thumbnailUrl\":\"https:\/\/dev.chronobiology.com\/wp-content\/uploads\/2016\/11\/melatonin_production_age_banner.jpg\",\"datePublished\":\"2023-07-18T16:08:44+00:00\",\"dateModified\":\"2023-07-18T16:08:46+00:00\",\"breadcrumb\":{\"@id\":\"https:\/\/dev.chronobiology.com\/sv\/melatonin-och-kronobiologi\/melatoninproduktion-och-alder\/#breadcrumb\"},\"inLanguage\":\"sv-SE\",\"potentialAction\":[{\"@type\":\"ReadAction\",\"target\":[\"https:\/\/dev.chronobiology.com\/sv\/melatonin-och-kronobiologi\/melatoninproduktion-och-alder\/\"]}]},{\"@type\":\"ImageObject\",\"inLanguage\":\"sv-SE\",\"@id\":\"https:\/\/dev.chronobiology.com\/sv\/melatonin-och-kronobiologi\/melatoninproduktion-och-alder\/#primaryimage\",\"url\":\"https:\/\/dev.chronobiology.com\/wp-content\/uploads\/2016\/11\/melatonin_production_age_banner.jpg\",\"contentUrl\":\"https:\/\/dev.chronobiology.com\/wp-content\/uploads\/2016\/11\/melatonin_production_age_banner.jpg\",\"width\":1909,\"height\":476},{\"@type\":\"BreadcrumbList\",\"@id\":\"https:\/\/dev.chronobiology.com\/sv\/melatonin-och-kronobiologi\/melatoninproduktion-och-alder\/#breadcrumb\",\"itemListElement\":[{\"@type\":\"ListItem\",\"position\":1,\"name\":\"Home\",\"item\":\"https:\/\/dev.chronobiology.com\/sv\/\"},{\"@type\":\"ListItem\",\"position\":2,\"name\":\"Melatonin och kronobiologi\",\"item\":\"https:\/\/dev.chronobiology.com\/sv\/melatonin-och-kronobiologi\/\"},{\"@type\":\"ListItem\",\"position\":3,\"name\":\"Melatoninproduktion och \u00e5lder\"}]},{\"@type\":\"WebSite\",\"@id\":\"https:\/\/dev.chronobiology.com\/sv\/#website\",\"url\":\"https:\/\/dev.chronobiology.com\/sv\/\",\"name\":\"Chronobiology.com\",\"description\":\"\",\"publisher\":{\"@id\":\"https:\/\/dev.chronobiology.com\/sv\/#organization\"},\"potentialAction\":[{\"@type\":\"SearchAction\",\"target\":{\"@type\":\"EntryPoint\",\"urlTemplate\":\"https:\/\/dev.chronobiology.com\/sv\/?s={search_term_string}\"},\"query-input\":{\"@type\":\"PropertyValueSpecification\",\"valueRequired\":true,\"valueName\":\"search_term_string\"}}],\"inLanguage\":\"sv-SE\"},{\"@type\":\"Organization\",\"@id\":\"https:\/\/dev.chronobiology.com\/sv\/#organization\",\"name\":\"Chronobiology\",\"url\":\"https:\/\/dev.chronobiology.com\/sv\/\",\"logo\":{\"@type\":\"ImageObject\",\"inLanguage\":\"sv-SE\",\"@id\":\"https:\/\/dev.chronobiology.com\/sv\/#\/schema\/logo\/image\/\",\"url\":\"https:\/\/www.chronobiology.com\/wp-content\/uploads\/2019\/01\/chronobiology_logo_en_r.png\",\"contentUrl\":\"https:\/\/www.chronobiology.com\/wp-content\/uploads\/2019\/01\/chronobiology_logo_en_r.png\",\"width\":375,\"height\":90,\"caption\":\"Chronobiology\"},\"image\":{\"@id\":\"https:\/\/dev.chronobiology.com\/sv\/#\/schema\/logo\/image\/\"},\"sameAs\":[\"https:\/\/www.facebook.com\/chronobiology\",\"https:\/\/x.com\/chronobionews\",\"https:\/\/www.instagram.com\/chronobiology\/\",\"https:\/\/www.pinterest.com\/chronobiology\/\"]}]}<\/script>\n<!-- \/ Yoast SEO Premium plugin. -->","yoast_head_json":{"title":"Melatoninproduktion och \u00e5lder &#8211; Chronobiology.com","robots":{"index":"index","follow":"follow","max-snippet":"max-snippet:-1","max-image-preview":"max-image-preview:large","max-video-preview":"max-video-preview:-1"},"canonical":"https:\/\/dev.chronobiology.com\/sv\/melatonin-och-kronobiologi\/melatoninproduktion-och-alder\/","og_locale":"sv_SE","og_type":"article","og_title":"Melatoninproduktion och \u00e5lder","og_description":"[vc_row full_width=&#8221;stretch_row&#8221; el_class=&#8221;banner-top&#8221; css=&#8221;.vc_custom_1479390631301{background-image: url(https:\/\/www.chronobiology.com\/wp-content\/uploads\/2016\/11\/melatonin_production_age_banner.jpg?id=11687) !important;}&#8221;][vc_column][vc_custom_heading source=&#8221;post_title&#8221; font_container=&#8221;tag:h1|text_align:center&#8221; use_theme_fonts=&#8221;yes&#8221;][\/vc_column][\/vc_row][vc_row el_class=&#8221;melatoninfacts2&#8243;][vc_column][vc_column_text] Melatoninproduktion och \u00e5lder Det \u00e4r inte bara ett faktum att den moderna m\u00e4nniskan \u00e4r den enda organism som avviker fr\u00e5n sin normala rytm och g\u00f6r dag av natt, utan det \u00e4r ocks\u00e5 sant att ju \u00e4ldre vi blir, desto mindre blir den nattliga melatoninproduktionen. P\u00e5 [&hellip;]","og_url":"https:\/\/dev.chronobiology.com\/sv\/melatonin-och-kronobiologi\/melatoninproduktion-och-alder\/","og_site_name":"Chronobiology.com","article_publisher":"https:\/\/www.facebook.com\/chronobiology","article_modified_time":"2023-07-18T16:08:46+00:00","og_image":[{"width":1909,"height":476,"url":"https:\/\/dev.chronobiology.com\/wp-content\/uploads\/2016\/11\/melatonin_production_age_banner.jpg","type":"image\/jpeg"}],"twitter_card":"summary_large_image","twitter_site":"@chronobionews","twitter_misc":{"Ber\u00e4knad l\u00e4stid":"5 minuter"},"schema":{"@context":"https:\/\/schema.org","@graph":[{"@type":"WebPage","@id":"https:\/\/dev.chronobiology.com\/sv\/melatonin-och-kronobiologi\/melatoninproduktion-och-alder\/","url":"https:\/\/dev.chronobiology.com\/sv\/melatonin-och-kronobiologi\/melatoninproduktion-och-alder\/","name":"Melatoninproduktion och \u00e5lder &#8211; Chronobiology.com","isPartOf":{"@id":"https:\/\/dev.chronobiology.com\/sv\/#website"},"primaryImageOfPage":{"@id":"https:\/\/dev.chronobiology.com\/sv\/melatonin-och-kronobiologi\/melatoninproduktion-och-alder\/#primaryimage"},"image":{"@id":"https:\/\/dev.chronobiology.com\/sv\/melatonin-och-kronobiologi\/melatoninproduktion-och-alder\/#primaryimage"},"thumbnailUrl":"https:\/\/dev.chronobiology.com\/wp-content\/uploads\/2016\/11\/melatonin_production_age_banner.jpg","datePublished":"2023-07-18T16:08:44+00:00","dateModified":"2023-07-18T16:08:46+00:00","breadcrumb":{"@id":"https:\/\/dev.chronobiology.com\/sv\/melatonin-och-kronobiologi\/melatoninproduktion-och-alder\/#breadcrumb"},"inLanguage":"sv-SE","potentialAction":[{"@type":"ReadAction","target":["https:\/\/dev.chronobiology.com\/sv\/melatonin-och-kronobiologi\/melatoninproduktion-och-alder\/"]}]},{"@type":"ImageObject","inLanguage":"sv-SE","@id":"https:\/\/dev.chronobiology.com\/sv\/melatonin-och-kronobiologi\/melatoninproduktion-och-alder\/#primaryimage","url":"https:\/\/dev.chronobiology.com\/wp-content\/uploads\/2016\/11\/melatonin_production_age_banner.jpg","contentUrl":"https:\/\/dev.chronobiology.com\/wp-content\/uploads\/2016\/11\/melatonin_production_age_banner.jpg","width":1909,"height":476},{"@type":"BreadcrumbList","@id":"https:\/\/dev.chronobiology.com\/sv\/melatonin-och-kronobiologi\/melatoninproduktion-och-alder\/#breadcrumb","itemListElement":[{"@type":"ListItem","position":1,"name":"Home","item":"https:\/\/dev.chronobiology.com\/sv\/"},{"@type":"ListItem","position":2,"name":"Melatonin och kronobiologi","item":"https:\/\/dev.chronobiology.com\/sv\/melatonin-och-kronobiologi\/"},{"@type":"ListItem","position":3,"name":"Melatoninproduktion och \u00e5lder"}]},{"@type":"WebSite","@id":"https:\/\/dev.chronobiology.com\/sv\/#website","url":"https:\/\/dev.chronobiology.com\/sv\/","name":"Chronobiology.com","description":"","publisher":{"@id":"https:\/\/dev.chronobiology.com\/sv\/#organization"},"potentialAction":[{"@type":"SearchAction","target":{"@type":"EntryPoint","urlTemplate":"https:\/\/dev.chronobiology.com\/sv\/?s={search_term_string}"},"query-input":{"@type":"PropertyValueSpecification","valueRequired":true,"valueName":"search_term_string"}}],"inLanguage":"sv-SE"},{"@type":"Organization","@id":"https:\/\/dev.chronobiology.com\/sv\/#organization","name":"Chronobiology","url":"https:\/\/dev.chronobiology.com\/sv\/","logo":{"@type":"ImageObject","inLanguage":"sv-SE","@id":"https:\/\/dev.chronobiology.com\/sv\/#\/schema\/logo\/image\/","url":"https:\/\/www.chronobiology.com\/wp-content\/uploads\/2019\/01\/chronobiology_logo_en_r.png","contentUrl":"https:\/\/www.chronobiology.com\/wp-content\/uploads\/2019\/01\/chronobiology_logo_en_r.png","width":375,"height":90,"caption":"Chronobiology"},"image":{"@id":"https:\/\/dev.chronobiology.com\/sv\/#\/schema\/logo\/image\/"},"sameAs":["https:\/\/www.facebook.com\/chronobiology","https:\/\/x.com\/chronobionews","https:\/\/www.instagram.com\/chronobiology\/","https:\/\/www.pinterest.com\/chronobiology\/"]}]}},"_links":{"self":[{"href":"https:\/\/dev.chronobiology.com\/sv\/wp-json\/wp\/v2\/pages\/54383"}],"collection":[{"href":"https:\/\/dev.chronobiology.com\/sv\/wp-json\/wp\/v2\/pages"}],"about":[{"href":"https:\/\/dev.chronobiology.com\/sv\/wp-json\/wp\/v2\/types\/page"}],"author":[{"embeddable":true,"href":"https:\/\/dev.chronobiology.com\/sv\/wp-json\/wp\/v2\/users\/15"}],"replies":[{"embeddable":true,"href":"https:\/\/dev.chronobiology.com\/sv\/wp-json\/wp\/v2\/comments?post=54383"}],"version-history":[{"count":2,"href":"https:\/\/dev.chronobiology.com\/sv\/wp-json\/wp\/v2\/pages\/54383\/revisions"}],"predecessor-version":[{"id":54385,"href":"https:\/\/dev.chronobiology.com\/sv\/wp-json\/wp\/v2\/pages\/54383\/revisions\/54385"}],"up":[{"embeddable":true,"href":"https:\/\/dev.chronobiology.com\/sv\/wp-json\/wp\/v2\/pages\/54326"}],"wp:featuredmedia":[{"embeddable":true,"href":"https:\/\/dev.chronobiology.com\/sv\/wp-json\/wp\/v2\/media\/48527"}],"wp:attachment":[{"href":"https:\/\/dev.chronobiology.com\/sv\/wp-json\/wp\/v2\/media?parent=54383"}],"wp:term":[{"taxonomy":"category","embeddable":true,"href":"https:\/\/dev.chronobiology.com\/sv\/wp-json\/wp\/v2\/categories?post=54383"}],"curies":[{"name":"wp","href":"https:\/\/api.w.org\/{rel}","templated":true}]}}