{"id":54371,"date":"2023-07-18T08:11:11","date_gmt":"2023-07-18T15:11:11","guid":{"rendered":"https:\/\/www.chronobiology.com\/halsofordelar-med-kronofarmakol\/kardiovaskulart-system\/"},"modified":"2023-07-18T08:11:12","modified_gmt":"2023-07-18T15:11:12","slug":"kardiovaskulart-system","status":"publish","type":"page","link":"https:\/\/dev.chronobiology.com\/sv\/halsofordelar-med-kronofarmakol\/kardiovaskulart-system\/","title":{"rendered":"Kardiovaskul\u00e4rt system"},"content":{"rendered":"<div class=\"wpb-content-wrapper\"><p>[vc_row full_width=&#8221;stretch_row&#8221; el_class=&#8221;banner-top&#8221; css=&#8221;.vc_custom_1479345542746{background-image: url(https:\/\/www.chronobiology.com\/wp-content\/uploads\/2016\/06\/brain-and-psyche-4.jpg?id=9156) !important;}&#8221;][vc_column][vc_custom_heading source=&#8221;post_title&#8221; font_container=&#8221;tag:h1|text_align:center&#8221; use_theme_fonts=&#8221;yes&#8221;][\/vc_column][\/vc_row][vc_row][vc_column][vc_column_text]<\/p>\n<h3>Hj\u00e4rtat<\/h3>\n<p>Hj\u00e4rtat \u00e4r v\u00e5r viktigaste muskel. Det \u00e4r det centrala organet f\u00f6r blodcirkulationen, som pumpar cirka fem till sex liter blod genom kroppen varje minut, vilket resulterar i upp till 250 miljoner liter under en livstid. Huvudansvaret f\u00f6r denna 300 gram tunga muskel, som best\u00e5r av tv\u00e5 pumpar som sl\u00e5r i samma rytm, \u00e4r att uppr\u00e4tth\u00e5lla blodcirkulationen. Hj\u00e4rtat sl\u00e5r cirka 70 g\u00e5nger varje minut. Den h\u00f6gra pumpen ansvarar f\u00f6r att f\u00f6rs\u00f6rja lungcirkulationen, och den v\u00e4nstra pumpen f\u00f6r ut blodet genom aortan till den systemiska cirkulationen. P\u00e5 s\u00e5 s\u00e4tt f\u00f6rses kroppens celler med n\u00e4rings\u00e4mnen och syre, och slutprodukterna fr\u00e5n cellernas \u00e4mnesoms\u00e4ttning f\u00f6rs bort. Inom kronobiologin har man l\u00e4nge varit medveten om att vissa fyton\u00e4rings\u00e4mnen, s\u00e4rskilt de som har sitt ursprung i asiatisk medicin, erbjuder ett naturligt alternativ f\u00f6r att skydda och st\u00f6dja det kardiovaskul\u00e4ra systemet. Med hj\u00e4lp av dessa v\u00e4rdefulla \u00e4mnen, som administreras vid r\u00e4tt tidpunkt p\u00e5 dagen, kan hj\u00e4rtsjukdomar minskas avsev\u00e4rt.<\/p>\n<h3>Sjukdomar i det kardiovaskul\u00e4ra systemet<\/h3>\n<p>Hj\u00e4rt- och k\u00e4rlsjukdomar \u00e4r den vanligaste d\u00f6dsorsaken i v\u00e4rlden. V\u00e5r viktigaste muskel uppvisar slitage och defekter efter m\u00e5nga \u00e5rs anv\u00e4ndning, vilket kan leda till allvarliga sjukdomar. F\u00f6rutom \u00e5lder finns det andra riskfaktorer, t.ex. stress, r\u00f6kning, alkohol, fet mat, brist p\u00e5 motion, fetma och diabetes mellitus. Nikotin \u00e4r till exempel ett neurotoxin som f\u00e5r hj\u00e4rtat att sl\u00e5 snabbare samtidigt som det f\u00f6rtr\u00e4nger blodk\u00e4rlen. Dessutom uppmuntras bildandet av blodproppar, vilket \u00f6kar risken f\u00f6r trombos. Stress \u00e4r ocks\u00e5 skadligt f\u00f6r v\u00e5ra vitala organ, eftersom det f\u00e5r kroppen att fris\u00e4tta \u00f6verfl\u00f6diga hormoner, vilket ocks\u00e5 kan \u00f6ka hj\u00e4rtfrekvensen och blodtrycket. L\u00e5ngvarig stress kan ocks\u00e5 orsaka ischemi i kransk\u00e4rlen och i v\u00e4rsta fall till och med utl\u00f6sa en hj\u00e4rtinfarkt. Ytterligare negativa faktorer \u00e4r genetiska anlag eller virusinfektioner. Alla dessa negativa livsstilsfaktorer \u00f6kar risken f\u00f6r hj\u00e4rt- och k\u00e4rlsjukdomar som \u00e5derf\u00f6rkalkning, h\u00f6gt blodtryck, kransk\u00e4rlssjukdom och hj\u00e4rtinfarkt, bland annat.<\/p>\n<div id=\"herz_1\" class=\"box\"><\/div>\n<p>[\/vc_column_text][\/vc_column][\/vc_row][vc_row][vc_column][vc_tta_accordion color=&#8221;turquoise&#8221; c_icon=&#8221;chevron&#8221; c_position=&#8221;right&#8221; active_section=&#8221;99&#8243; no_fill=&#8221;true&#8221; collapsible_all=&#8221;true&#8221;][vc_tta_section title=&#8221;Arterioskleros (f\u00f6rkalkning av art\u00e4rerna)&#8221; tab_id=&#8221;1479254734422-d551dac0-4a84&#8243;][vc_row_inner css=&#8221;.vc_custom_1479386038317{background-image: url(https:\/\/www.chronobiology.com\/wp-content\/uploads\/2014\/01\/herz_1.jpg?id=11608) !important;background-position: center !important;background-repeat: no-repeat !important;background-size: cover !important;}&#8221;][vc_column_inner][vc_column_text]Arterioskleros utvecklas l\u00e5ngsamt och sjukdomstecken syns ofta inte p\u00e5 flera decennier. Denna sjukdom \u00e4r orsaken till tr\u00e5nga eller slutna art\u00e4rer hos \u00f6ver 90 procent av patienterna med kroniska cirkulationsst\u00f6rningar. Vid arterioskleros f\u00f6r\u00e4ndras art\u00e4rv\u00e4ggarna p\u00e5 grund av inflammation som leder till att st\u00e4llen f\u00f6rkalkas, vilket inneb\u00e4r att art\u00e4rens diameter blir smalare. Detta kan p\u00e5verka alla stora eller sm\u00e5 art\u00e4rer. Resultatet av art\u00e4rkontraktionen \u00e4r ett minskat blodfl\u00f6de till organen. Detta \u00f6kar inte bara blodtrycket, utan inneb\u00e4r ocks\u00e5 att vitala organ ofta inte l\u00e4ngre f\u00e5r tillr\u00e4ckligt med blod. Detta resulterar i en allvarlig underf\u00f6rs\u00f6rjning med alla dess f\u00f6ljdskador.[\/vc_column_text][\/vc_column_inner][\/vc_row_inner][\/vc_tta_section][\/vc_tta_accordion][\/vc_column][\/vc_row][vc_row][vc_column][vc_tta_accordion color=&#8221;turquoise&#8221; c_icon=&#8221;chevron&#8221; c_position=&#8221;right&#8221; active_section=&#8221;99&#8243; no_fill=&#8221;true&#8221; collapsible_all=&#8221;true&#8221;][vc_tta_section title=&#8221;H\u00f6gt blodtryck (hypertoni)&#8221; tab_id=&#8221;1479254826427-961915e4-3402&#8243;][vc_row_inner css=&#8221;.vc_custom_1479386027943{background-image: url(https:\/\/www.chronobiology.com\/wp-content\/uploads\/2014\/01\/herz_2.jpg?id=11609) !important;background-position: center !important;background-repeat: no-repeat !important;background-size: cover !important;}&#8221;][vc_column_inner][vc_column_text]H\u00f6gt blodtryck \u00e4r en av folksjukdomarna i m\u00e5nga v\u00e4stliga industril\u00e4nder. Vid h\u00f6gt blodtryck \u00f6kar trycket i blodk\u00e4rlen f\u00f6r att se till att tillr\u00e4ckligt med blod fortfarande fl\u00f6dar genom f\u00f6rtr\u00e4ngda k\u00e4rl. Det h\u00f6ga trycket forts\u00e4tter dock att uppmuntra till k\u00e4rlsammandragning och\/eller till att en befintlig blodpropp lossnar, vilket kan leda till stroke, hj\u00e4rtinfarkt och andra k\u00e4rlsjukdomar. Man skiljer mellan prim\u00e4rt (h\u00f6gt blodtryck orsakas inte av andra sjukdomar) och sekund\u00e4rt (andra sjukdomar \u00e4r ansvariga f\u00f6r det h\u00f6ga blodtrycket). Symtomen p\u00e5 h\u00f6gt blodtryck upptr\u00e4der vanligtvis sent &#8211; beroende p\u00e5 vilken region som drabbas &#8211; och kan omfatta allt fr\u00e5n huvudv\u00e4rk, sp\u00e4nningar och hj\u00e4rtklappning till synst\u00f6rningar, kraftiga svettningar, koncentrationssv\u00e5righeter och kr\u00e4kningar. Det optimala blodtrycket ligger p\u00e5 120\/80 mmHg, och v\u00e4rden som b\u00f6rjar p\u00e5 140\/90 mmHg klassificeras redan som h\u00f6gt blodtryck.[\/vc_column_text][\/vc_column_inner][\/vc_row_inner][\/vc_tta_section][\/vc_tta_accordion][\/vc_column][\/vc_row][vc_row][vc_column][vc_tta_accordion color=&#8221;turquoise&#8221; c_icon=&#8221;chevron&#8221; c_position=&#8221;right&#8221; active_section=&#8221;99&#8243; no_fill=&#8221;true&#8221; collapsible_all=&#8221;true&#8221;][vc_tta_section title=&#8221;Koronar hj\u00e4rtsjukdom (CHD)&#8221; tab_id=&#8221;1479254824780-f30f967f-c8ae&#8221;][vc_row_inner css=&#8221;.vc_custom_1479386015063{background-image: url(https:\/\/www.chronobiology.com\/wp-content\/uploads\/2014\/01\/herz_3.jpg?id=11610) !important;background-position: center !important;background-repeat: no-repeat !important;background-size: cover !important;}&#8221;][vc_column_inner][vc_column_text]Denna typ av hj\u00e4rtsjukdom \u00e4r bland de vanligaste hj\u00e4rtsjukdomarna i v\u00e4rlden. M\u00e4n drabbas oftare (30 procent) \u00e4n kvinnor (15 procent). Vid kransk\u00e4rlssjukdom \u00e4r hj\u00e4rtats art\u00e4rer f\u00f6rtr\u00e4ngda och hj\u00e4rtmuskeln kan inte l\u00e4ngre f\u00f6rses med tillr\u00e4ckligt med blod. P\u00e5 grund av denna inflammation uppst\u00e5r skador p\u00e5 art\u00e4rv\u00e4ggarna. Fett b\u00f6rjar lagras p\u00e5 art\u00e4rv\u00e4ggarna. Detta leder till f\u00f6rkalkning och f\u00f6rlust av elasticitet i v\u00e4ggarna, s\u00e5 att art\u00e4rdiametern blir allt mindre. Detta kan utl\u00f6sa ytterligare allvarliga sjukdomar som hj\u00e4rtinsufficiens och hj\u00e4rtinfarkt. M\u00f6jliga symtom \u00e4r andn\u00f6d, r\u00e4dsla och panik, kraftig svettning och angina pectoris (ih\u00e5llande och genomtr\u00e4ngande sm\u00e4rta i br\u00f6stet, som kan str\u00e5la ut till andra kroppsdelar). Denna kliniska bild f\u00f6reg\u00e5s ofta av flera \u00e5rs erektil dysfunktion hos m\u00e4n.[\/vc_column_text][\/vc_column_inner][\/vc_row_inner][\/vc_tta_section][\/vc_tta_accordion][\/vc_column][\/vc_row][vc_row][vc_column][vc_tta_accordion color=&#8221;turquoise&#8221; c_icon=&#8221;chevron&#8221; c_position=&#8221;right&#8221; active_section=&#8221;99&#8243; no_fill=&#8221;true&#8221; collapsible_all=&#8221;true&#8221;][vc_tta_section title=&#8221;Hj\u00e4rtattack&#8221; tab_id=&#8221;1479254822565-c79d4c19-8d2f&#8221;][vc_row_inner css=&#8221;.vc_custom_1479386003508{background-image: url(https:\/\/www.chronobiology.com\/wp-content\/uploads\/2014\/01\/herz_4.jpg?id=11611) !important;background-position: center !important;background-repeat: no-repeat !important;background-size: cover !important;}&#8221;][vc_column_inner][vc_column_text]I industril\u00e4nderna \u00e4r hj\u00e4rtinfarkt den vanligaste d\u00f6dsorsaken. I genomsnitt \u00f6verlever 300-400 m\u00e4n av 100 000 i \u00e5ldern 35-64 \u00e5r inte f\u00f6ljderna av en hj\u00e4rtinfarkt. I \u00e5ldern 45-50 \u00e5r drabbas m\u00e4n betydligt oftare av hj\u00e4rtinfarkt \u00e4n kvinnor, men \u00e4ven bland kvinnor har det skett en markant \u00f6kning under de senaste \u00e5rtiondena. Den bakomliggande sjukdomen till hj\u00e4rtinfarkt \u00e4r kransk\u00e4rlssjukdom. Om ett pl\u00f6tsligt avbrott i blodfl\u00f6det uppst\u00e5r i ett kransk\u00e4rl leder det till en hj\u00e4rtinfarkt. Ofta \u00e4r detta resultatet av arterioskleros som har utvecklats under flera \u00e5r, eller av en akut tillslutning p\u00e5 grund av en blodpropp p\u00e5 denna plats. Resultatet \u00e4r att hj\u00e4rtmuskelv\u00e4vnaden inte l\u00e4ngre f\u00e5r tillr\u00e4ckligt med syre, vilket leder till att den d\u00f6r. Denna skada \u00e4r o\u00e5terkallelig. M\u00f6jliga symtom \u00e4r kallsvettningar, andningssv\u00e5righeter, pl\u00f6tslig sm\u00e4rta som str\u00e5lar ut i v\u00e4nster sida av br\u00f6stkorgen, axeln och resten av v\u00e4nster sida av kroppen, accelererande puls, k\u00e4nsla av klaustrofobi, illam\u00e5ende och kr\u00e4kningar.[\/vc_column_text][\/vc_column_inner][\/vc_row_inner][\/vc_tta_section][\/vc_tta_accordion][\/vc_column][\/vc_row][vc_row][vc_column][vc_column_text]<\/p>\n<h3>Minskning av kardiovaskul\u00e4ra sjukdomar genom anv\u00e4ndning av n\u00e4rings\u00e4mnen i r\u00e4tt tid i enlighet med kronobiologiska standarder<\/h3>\n<p>Sekund\u00e4ra v\u00e4xt\u00e4mnen som aminosyror, enzymer och j\u00e4st &#8211; n\u00e4r de anv\u00e4nds korrekt enligt kronobiologi &#8211; kan skydda det kardiovaskul\u00e4ra systemet och drastiskt minska risken f\u00f6r sjukdom. Detta st\u00f6djer hj\u00e4rtats och cirkulationssystemets optimala funktioner p\u00e5 m\u00e5nga olika s\u00e4tt. Effekten av dessa \u00e4mnen har redan bevisats i m\u00e5nga studier.<\/p>\n<p>Hj\u00e4rtat uts\u00e4tts f\u00f6r enorma tidsvariationer. P\u00e5 natten sker regenerativa och reparativa processer i hj\u00e4rt- och k\u00e4rlcellerna och blodtrycket och hj\u00e4rtfrekvensen sjunker till sin l\u00e4gsta punkt. P\u00e5 morgonen stiger blodtrycket och hj\u00e4rtfrekvensen \u00f6kar igen f\u00f6r att klara av dagens uppgifter. De naturliga variationerna mellan dag och natt n\u00e4r det g\u00e4ller hj\u00e4rtslagsfrekvens, blodtryck och fl\u00f6deshastighet (eller blodets &#8221;tjocklek&#8221;) \u00e4r absolut viktiga f\u00f6r att hj\u00e4rt-k\u00e4rlsystemet ska fungera optimalt. En f\u00f6r\u00e4ndring av dessa rytmer &#8211; oavsett om det beror p\u00e5 inre orsaker eller intag av vissa \u00e4mnen &#8211; kan f\u00e5 dramatiska konsekvenser. D\u00e4rf\u00f6r \u00e4r det av yttersta vikt att substanser intas vid r\u00e4tt tidpunkt p\u00e5 dagen f\u00f6r att st\u00f6dja detta system p\u00e5 ett optimalt s\u00e4tt. En kronobiologisk uppdelning i morgon- och kv\u00e4lls\u00e4mnen tar h\u00e4nsyn till variationerna i det kardiovaskul\u00e4ra systemet och s\u00e4kerst\u00e4ller att dessa \u00e4mnen utvecklar sin effekt vid r\u00e4tt tidpunkt p\u00e5 dagen, vilket g\u00f6r det m\u00f6jligt att uppn\u00e5 en optimal h\u00e4lsoeffekt.<\/p>\n<div class=\"col-2\">\n<p><strong>\u00c4mnen f\u00f6r morgonen (aktiverande effekt):<\/strong><\/p>\n<ul>\n<li>L-karnitin<\/li>\n<li>Alfa-liponsyra<\/li>\n<li>Kalcium<\/li>\n<li>Koenzym Q-10<\/li>\n<li>L-Arginin HCI<\/li>\n<li>Lykopen<\/li>\n<li>Vitamin B6<\/li>\n<li>Extrakt av druvk\u00e4rnor<\/li>\n<li>R\u00f6tt j\u00e4stris<\/li>\n<\/ul>\n<p><strong>\u00c4mnen f\u00f6r kv\u00e4llen (regenerativ effekt):<\/strong><\/p>\n<ul>\n<li>Biotin<\/li>\n<li>Folsyra<\/li>\n<li>L-Cystein HCI<\/li>\n<li>L-Prolin<\/li>\n<li>L-Lysin HCI<\/li>\n<li>Magnesium<\/li>\n<li>Niacin<\/li>\n<li>Vitamin B1, B2, B5, B12<\/li>\n<li>Nattokinas<\/li>\n<\/ul>\n<\/div>\n<p>[\/vc_column_text][\/vc_column][\/vc_row]<\/p>\n<\/div>","protected":false},"excerpt":{"rendered":"<p>[vc_row full_width=&#8221;stretch_row&#8221; el_class=&#8221;banner-top&#8221; css=&#8221;.vc_custom_1479345542746{background-image: url(https:\/\/www.chronobiology.com\/wp-content\/uploads\/2016\/06\/brain-and-psyche-4.jpg?id=9156) !important;}&#8221;][vc_column][vc_custom_heading source=&#8221;post_title&#8221; font_container=&#8221;tag:h1|text_align:center&#8221; use_theme_fonts=&#8221;yes&#8221;][\/vc_column][\/vc_row][vc_row][vc_column][vc_column_text] Hj\u00e4rtat Hj\u00e4rtat \u00e4r v\u00e5r viktigaste muskel. Det \u00e4r det centrala organet f\u00f6r blodcirkulationen, som pumpar cirka fem till sex liter blod genom kroppen varje minut, vilket resulterar i upp till 250 miljoner liter under en livstid. Huvudansvaret f\u00f6r denna 300 gram tunga muskel, som best\u00e5r av [&hellip;]<\/p>\n","protected":false},"author":11,"featured_media":47931,"parent":54366,"menu_order":0,"comment_status":"closed","ping_status":"closed","template":"","meta":{"_acf_changed":false,"_genesis_hide_title":false,"_genesis_hide_breadcrumbs":false,"_genesis_hide_singular_image":false,"_genesis_hide_footer_widgets":false,"_genesis_custom_body_class":"","_genesis_custom_post_class":"","_genesis_layout":"full-width-content","footnotes":""},"categories":[],"class_list":{"0":"post-54371","1":"page","2":"type-page","3":"status-publish","4":"has-post-thumbnail","6":"entry"},"acf":[],"yoast_head":"<!-- This site is optimized with the Yoast SEO Premium plugin v23.4 (Yoast SEO v23.4) - https:\/\/yoast.com\/wordpress\/plugins\/seo\/ -->\n<title>Kardiovaskul\u00e4rt system &#8211; Chronobiology.com<\/title>\n<meta name=\"robots\" content=\"index, follow, max-snippet:-1, max-image-preview:large, max-video-preview:-1\" \/>\n<link rel=\"canonical\" href=\"https:\/\/dev.chronobiology.com\/sv\/halsofordelar-med-kronofarmakol\/kardiovaskulart-system\/\" \/>\n<meta property=\"og:locale\" content=\"sv_SE\" \/>\n<meta property=\"og:type\" content=\"article\" \/>\n<meta property=\"og:title\" content=\"Kardiovaskul\u00e4rt system\" \/>\n<meta property=\"og:description\" content=\"[vc_row full_width=&#8221;stretch_row&#8221; el_class=&#8221;banner-top&#8221; css=&#8221;.vc_custom_1479345542746{background-image: url(https:\/\/www.chronobiology.com\/wp-content\/uploads\/2016\/06\/brain-and-psyche-4.jpg?id=9156) !important;}&#8221;][vc_column][vc_custom_heading source=&#8221;post_title&#8221; font_container=&#8221;tag:h1|text_align:center&#8221; use_theme_fonts=&#8221;yes&#8221;][\/vc_column][\/vc_row][vc_row][vc_column][vc_column_text] Hj\u00e4rtat Hj\u00e4rtat \u00e4r v\u00e5r viktigaste muskel. Det \u00e4r det centrala organet f\u00f6r blodcirkulationen, som pumpar cirka fem till sex liter blod genom kroppen varje minut, vilket resulterar i upp till 250 miljoner liter under en livstid. Huvudansvaret f\u00f6r denna 300 gram tunga muskel, som best\u00e5r av [&hellip;]\" \/>\n<meta property=\"og:url\" content=\"https:\/\/dev.chronobiology.com\/sv\/halsofordelar-med-kronofarmakol\/kardiovaskulart-system\/\" \/>\n<meta property=\"og:site_name\" content=\"Chronobiology.com\" \/>\n<meta property=\"article:publisher\" content=\"https:\/\/www.facebook.com\/chronobiology\" \/>\n<meta property=\"article:modified_time\" content=\"2023-07-18T15:11:12+00:00\" \/>\n<meta property=\"og:image\" content=\"https:\/\/dev.chronobiology.com\/wp-content\/uploads\/2016\/06\/brain-and-psyche-4.jpg\" \/>\n\t<meta property=\"og:image:width\" content=\"1800\" \/>\n\t<meta property=\"og:image:height\" content=\"449\" \/>\n\t<meta property=\"og:image:type\" content=\"image\/jpeg\" \/>\n<meta name=\"twitter:card\" content=\"summary_large_image\" \/>\n<meta name=\"twitter:site\" content=\"@chronobionews\" \/>\n<meta name=\"twitter:label1\" content=\"Ber\u00e4knad l\u00e4stid\" \/>\n\t<meta name=\"twitter:data1\" content=\"9 minuter\" \/>\n<script type=\"application\/ld+json\" class=\"yoast-schema-graph\">{\"@context\":\"https:\/\/schema.org\",\"@graph\":[{\"@type\":\"WebPage\",\"@id\":\"https:\/\/dev.chronobiology.com\/sv\/halsofordelar-med-kronofarmakol\/kardiovaskulart-system\/\",\"url\":\"https:\/\/dev.chronobiology.com\/sv\/halsofordelar-med-kronofarmakol\/kardiovaskulart-system\/\",\"name\":\"Kardiovaskul\u00e4rt system &#8211; Chronobiology.com\",\"isPartOf\":{\"@id\":\"https:\/\/dev.chronobiology.com\/sv\/#website\"},\"primaryImageOfPage\":{\"@id\":\"https:\/\/dev.chronobiology.com\/sv\/halsofordelar-med-kronofarmakol\/kardiovaskulart-system\/#primaryimage\"},\"image\":{\"@id\":\"https:\/\/dev.chronobiology.com\/sv\/halsofordelar-med-kronofarmakol\/kardiovaskulart-system\/#primaryimage\"},\"thumbnailUrl\":\"https:\/\/dev.chronobiology.com\/wp-content\/uploads\/2016\/06\/brain-and-psyche-4.jpg\",\"datePublished\":\"2023-07-18T15:11:11+00:00\",\"dateModified\":\"2023-07-18T15:11:12+00:00\",\"breadcrumb\":{\"@id\":\"https:\/\/dev.chronobiology.com\/sv\/halsofordelar-med-kronofarmakol\/kardiovaskulart-system\/#breadcrumb\"},\"inLanguage\":\"sv-SE\",\"potentialAction\":[{\"@type\":\"ReadAction\",\"target\":[\"https:\/\/dev.chronobiology.com\/sv\/halsofordelar-med-kronofarmakol\/kardiovaskulart-system\/\"]}]},{\"@type\":\"ImageObject\",\"inLanguage\":\"sv-SE\",\"@id\":\"https:\/\/dev.chronobiology.com\/sv\/halsofordelar-med-kronofarmakol\/kardiovaskulart-system\/#primaryimage\",\"url\":\"https:\/\/dev.chronobiology.com\/wp-content\/uploads\/2016\/06\/brain-and-psyche-4.jpg\",\"contentUrl\":\"https:\/\/dev.chronobiology.com\/wp-content\/uploads\/2016\/06\/brain-and-psyche-4.jpg\",\"width\":1800,\"height\":449},{\"@type\":\"BreadcrumbList\",\"@id\":\"https:\/\/dev.chronobiology.com\/sv\/halsofordelar-med-kronofarmakol\/kardiovaskulart-system\/#breadcrumb\",\"itemListElement\":[{\"@type\":\"ListItem\",\"position\":1,\"name\":\"Home\",\"item\":\"https:\/\/dev.chronobiology.com\/sv\/\"},{\"@type\":\"ListItem\",\"position\":2,\"name\":\"H\u00e4lsof\u00f6rdelar med kronofarmakol\",\"item\":\"https:\/\/dev.chronobiology.com\/sv\/halsofordelar-med-kronofarmakol\/\"},{\"@type\":\"ListItem\",\"position\":3,\"name\":\"Kardiovaskul\u00e4rt system\"}]},{\"@type\":\"WebSite\",\"@id\":\"https:\/\/dev.chronobiology.com\/sv\/#website\",\"url\":\"https:\/\/dev.chronobiology.com\/sv\/\",\"name\":\"Chronobiology.com\",\"description\":\"\",\"publisher\":{\"@id\":\"https:\/\/dev.chronobiology.com\/sv\/#organization\"},\"potentialAction\":[{\"@type\":\"SearchAction\",\"target\":{\"@type\":\"EntryPoint\",\"urlTemplate\":\"https:\/\/dev.chronobiology.com\/sv\/?s={search_term_string}\"},\"query-input\":{\"@type\":\"PropertyValueSpecification\",\"valueRequired\":true,\"valueName\":\"search_term_string\"}}],\"inLanguage\":\"sv-SE\"},{\"@type\":\"Organization\",\"@id\":\"https:\/\/dev.chronobiology.com\/sv\/#organization\",\"name\":\"Chronobiology\",\"url\":\"https:\/\/dev.chronobiology.com\/sv\/\",\"logo\":{\"@type\":\"ImageObject\",\"inLanguage\":\"sv-SE\",\"@id\":\"https:\/\/dev.chronobiology.com\/sv\/#\/schema\/logo\/image\/\",\"url\":\"https:\/\/www.chronobiology.com\/wp-content\/uploads\/2019\/01\/chronobiology_logo_en_r.png\",\"contentUrl\":\"https:\/\/www.chronobiology.com\/wp-content\/uploads\/2019\/01\/chronobiology_logo_en_r.png\",\"width\":375,\"height\":90,\"caption\":\"Chronobiology\"},\"image\":{\"@id\":\"https:\/\/dev.chronobiology.com\/sv\/#\/schema\/logo\/image\/\"},\"sameAs\":[\"https:\/\/www.facebook.com\/chronobiology\",\"https:\/\/x.com\/chronobionews\",\"https:\/\/www.instagram.com\/chronobiology\/\",\"https:\/\/www.pinterest.com\/chronobiology\/\"]}]}<\/script>\n<!-- \/ Yoast SEO Premium plugin. -->","yoast_head_json":{"title":"Kardiovaskul\u00e4rt system &#8211; Chronobiology.com","robots":{"index":"index","follow":"follow","max-snippet":"max-snippet:-1","max-image-preview":"max-image-preview:large","max-video-preview":"max-video-preview:-1"},"canonical":"https:\/\/dev.chronobiology.com\/sv\/halsofordelar-med-kronofarmakol\/kardiovaskulart-system\/","og_locale":"sv_SE","og_type":"article","og_title":"Kardiovaskul\u00e4rt system","og_description":"[vc_row full_width=&#8221;stretch_row&#8221; el_class=&#8221;banner-top&#8221; css=&#8221;.vc_custom_1479345542746{background-image: url(https:\/\/www.chronobiology.com\/wp-content\/uploads\/2016\/06\/brain-and-psyche-4.jpg?id=9156) !important;}&#8221;][vc_column][vc_custom_heading source=&#8221;post_title&#8221; font_container=&#8221;tag:h1|text_align:center&#8221; use_theme_fonts=&#8221;yes&#8221;][\/vc_column][\/vc_row][vc_row][vc_column][vc_column_text] Hj\u00e4rtat Hj\u00e4rtat \u00e4r v\u00e5r viktigaste muskel. Det \u00e4r det centrala organet f\u00f6r blodcirkulationen, som pumpar cirka fem till sex liter blod genom kroppen varje minut, vilket resulterar i upp till 250 miljoner liter under en livstid. Huvudansvaret f\u00f6r denna 300 gram tunga muskel, som best\u00e5r av [&hellip;]","og_url":"https:\/\/dev.chronobiology.com\/sv\/halsofordelar-med-kronofarmakol\/kardiovaskulart-system\/","og_site_name":"Chronobiology.com","article_publisher":"https:\/\/www.facebook.com\/chronobiology","article_modified_time":"2023-07-18T15:11:12+00:00","og_image":[{"width":1800,"height":449,"url":"https:\/\/dev.chronobiology.com\/wp-content\/uploads\/2016\/06\/brain-and-psyche-4.jpg","type":"image\/jpeg"}],"twitter_card":"summary_large_image","twitter_site":"@chronobionews","twitter_misc":{"Ber\u00e4knad l\u00e4stid":"9 minuter"},"schema":{"@context":"https:\/\/schema.org","@graph":[{"@type":"WebPage","@id":"https:\/\/dev.chronobiology.com\/sv\/halsofordelar-med-kronofarmakol\/kardiovaskulart-system\/","url":"https:\/\/dev.chronobiology.com\/sv\/halsofordelar-med-kronofarmakol\/kardiovaskulart-system\/","name":"Kardiovaskul\u00e4rt system &#8211; Chronobiology.com","isPartOf":{"@id":"https:\/\/dev.chronobiology.com\/sv\/#website"},"primaryImageOfPage":{"@id":"https:\/\/dev.chronobiology.com\/sv\/halsofordelar-med-kronofarmakol\/kardiovaskulart-system\/#primaryimage"},"image":{"@id":"https:\/\/dev.chronobiology.com\/sv\/halsofordelar-med-kronofarmakol\/kardiovaskulart-system\/#primaryimage"},"thumbnailUrl":"https:\/\/dev.chronobiology.com\/wp-content\/uploads\/2016\/06\/brain-and-psyche-4.jpg","datePublished":"2023-07-18T15:11:11+00:00","dateModified":"2023-07-18T15:11:12+00:00","breadcrumb":{"@id":"https:\/\/dev.chronobiology.com\/sv\/halsofordelar-med-kronofarmakol\/kardiovaskulart-system\/#breadcrumb"},"inLanguage":"sv-SE","potentialAction":[{"@type":"ReadAction","target":["https:\/\/dev.chronobiology.com\/sv\/halsofordelar-med-kronofarmakol\/kardiovaskulart-system\/"]}]},{"@type":"ImageObject","inLanguage":"sv-SE","@id":"https:\/\/dev.chronobiology.com\/sv\/halsofordelar-med-kronofarmakol\/kardiovaskulart-system\/#primaryimage","url":"https:\/\/dev.chronobiology.com\/wp-content\/uploads\/2016\/06\/brain-and-psyche-4.jpg","contentUrl":"https:\/\/dev.chronobiology.com\/wp-content\/uploads\/2016\/06\/brain-and-psyche-4.jpg","width":1800,"height":449},{"@type":"BreadcrumbList","@id":"https:\/\/dev.chronobiology.com\/sv\/halsofordelar-med-kronofarmakol\/kardiovaskulart-system\/#breadcrumb","itemListElement":[{"@type":"ListItem","position":1,"name":"Home","item":"https:\/\/dev.chronobiology.com\/sv\/"},{"@type":"ListItem","position":2,"name":"H\u00e4lsof\u00f6rdelar med kronofarmakol","item":"https:\/\/dev.chronobiology.com\/sv\/halsofordelar-med-kronofarmakol\/"},{"@type":"ListItem","position":3,"name":"Kardiovaskul\u00e4rt system"}]},{"@type":"WebSite","@id":"https:\/\/dev.chronobiology.com\/sv\/#website","url":"https:\/\/dev.chronobiology.com\/sv\/","name":"Chronobiology.com","description":"","publisher":{"@id":"https:\/\/dev.chronobiology.com\/sv\/#organization"},"potentialAction":[{"@type":"SearchAction","target":{"@type":"EntryPoint","urlTemplate":"https:\/\/dev.chronobiology.com\/sv\/?s={search_term_string}"},"query-input":{"@type":"PropertyValueSpecification","valueRequired":true,"valueName":"search_term_string"}}],"inLanguage":"sv-SE"},{"@type":"Organization","@id":"https:\/\/dev.chronobiology.com\/sv\/#organization","name":"Chronobiology","url":"https:\/\/dev.chronobiology.com\/sv\/","logo":{"@type":"ImageObject","inLanguage":"sv-SE","@id":"https:\/\/dev.chronobiology.com\/sv\/#\/schema\/logo\/image\/","url":"https:\/\/www.chronobiology.com\/wp-content\/uploads\/2019\/01\/chronobiology_logo_en_r.png","contentUrl":"https:\/\/www.chronobiology.com\/wp-content\/uploads\/2019\/01\/chronobiology_logo_en_r.png","width":375,"height":90,"caption":"Chronobiology"},"image":{"@id":"https:\/\/dev.chronobiology.com\/sv\/#\/schema\/logo\/image\/"},"sameAs":["https:\/\/www.facebook.com\/chronobiology","https:\/\/x.com\/chronobionews","https:\/\/www.instagram.com\/chronobiology\/","https:\/\/www.pinterest.com\/chronobiology\/"]}]}},"_links":{"self":[{"href":"https:\/\/dev.chronobiology.com\/sv\/wp-json\/wp\/v2\/pages\/54371"}],"collection":[{"href":"https:\/\/dev.chronobiology.com\/sv\/wp-json\/wp\/v2\/pages"}],"about":[{"href":"https:\/\/dev.chronobiology.com\/sv\/wp-json\/wp\/v2\/types\/page"}],"author":[{"embeddable":true,"href":"https:\/\/dev.chronobiology.com\/sv\/wp-json\/wp\/v2\/users\/11"}],"replies":[{"embeddable":true,"href":"https:\/\/dev.chronobiology.com\/sv\/wp-json\/wp\/v2\/comments?post=54371"}],"version-history":[{"count":2,"href":"https:\/\/dev.chronobiology.com\/sv\/wp-json\/wp\/v2\/pages\/54371\/revisions"}],"predecessor-version":[{"id":54373,"href":"https:\/\/dev.chronobiology.com\/sv\/wp-json\/wp\/v2\/pages\/54371\/revisions\/54373"}],"up":[{"embeddable":true,"href":"https:\/\/dev.chronobiology.com\/sv\/wp-json\/wp\/v2\/pages\/54366"}],"wp:featuredmedia":[{"embeddable":true,"href":"https:\/\/dev.chronobiology.com\/sv\/wp-json\/wp\/v2\/media\/47931"}],"wp:attachment":[{"href":"https:\/\/dev.chronobiology.com\/sv\/wp-json\/wp\/v2\/media?parent=54371"}],"wp:term":[{"taxonomy":"category","embeddable":true,"href":"https:\/\/dev.chronobiology.com\/sv\/wp-json\/wp\/v2\/categories?post=54371"}],"curies":[{"name":"wp","href":"https:\/\/api.w.org\/{rel}","templated":true}]}}