{"id":54366,"date":"2023-07-18T07:59:43","date_gmt":"2023-07-18T14:59:43","guid":{"rendered":"https:\/\/www.chronobiology.com\/halsofordelar-med-kronofarmakol\/"},"modified":"2023-07-18T07:59:45","modified_gmt":"2023-07-18T14:59:45","slug":"halsofordelar-med-kronofarmakol","status":"publish","type":"page","link":"https:\/\/dev.chronobiology.com\/sv\/halsofordelar-med-kronofarmakol\/","title":{"rendered":"H\u00e4lsof\u00f6rdelar med kronofarmakol"},"content":{"rendered":"<div class=\"wpb-content-wrapper\"><p>[vc_row full_width=&#8221;stretch_row&#8221; css=&#8221;.vc_custom_1481873941643{background-image: url(https:\/\/www.chronobiology.com\/wp-content\/uploads\/2015\/01\/chronopharmakologie-2.jpg?id=9256) !important;background-position: center !important;background-repeat: no-repeat !important;background-size: cover !important;}&#8221; el_class=&#8221;banner-top&#8221;][vc_column][vc_custom_heading source=&#8221;post_title&#8221; font_container=&#8221;tag:h1|text_align:center&#8221; use_theme_fonts=&#8221;yes&#8221;][\/vc_column][\/vc_row][vc_row][vc_column][vc_column_text]<\/p>\n<h1>Kronofarmakologi: R\u00e4tt formulering vid r\u00e4tt tidpunkt<\/h1>\n<p>Hur snabbt eller effektivt en biologisk substans absorberas och ger effekt efter intag beror till stor del p\u00e5 aktiviteten i matsm\u00e4ltningskanalen. Om en substans ska kunna ge effekt i ett m\u00e5lorgan vid en viss tidpunkt m\u00e5ste den n\u00e5 levern i tid. Men denna passage genom matsm\u00e4ltningskanalen sker inte alltid i samma takt. Till exempel \u00e4r blodtillf\u00f6rseln till mage och tarm riklig p\u00e5 morgonen men relativt l\u00e5g runt lunchtid. Denna aspekt beaktas i kronobiologiska formuleringar, som ges p\u00e5 morgonen, vid s\u00e4ngg\u00e5endet eller f\u00f6rses med ett slags tidsl\u00e5s. Denna nya medicinska f\u00f6rst\u00e5else kan bidra till att undvika att g\u00f6ra r\u00e4tt sak vid fel tidpunkt. Vilken substans har sin maximala effekt p\u00e5 morgonen? Vilken substans absorberas b\u00e4st vid s\u00e4ngg\u00e5endet?<\/p>\n<p>Vilka substanser \u00e4r kompatibla med varandra? Vilka av dem m\u00e5ste tas tillsammans f\u00f6r att \u00f6verhuvudtaget vara effektiva? Vilka biologiska substanser kan blockera effekten av andra? Kronoterapi st\u00f6djer kroppen exakt vid den tidpunkt d\u00e5 maximal effekt kan uppn\u00e5s. Det \u00e4r s\u00e5 vi \u00f6kar effektiviteten. Det \u00e4r s\u00e5 vi minskar o\u00f6nskade biverkningar. F\u00f6r m\u00e5nga substanser k\u00e4nner kronobiologin redan till den mest effektiva tidpunkten. Det finns ett antal moderna formuleringar som \u00e4r verkligt smarta. De inneh\u00e5ller specifika mikrobiosubstanser f\u00f6r hela dagen och tas kanske bara en g\u00e5ng dagligen. Ett tidsl\u00e5s eller de enskilda \u00e4mnenas olika verkningsgrad s\u00e4kerst\u00e4ller att de relevanta effekterna utl\u00f6ses en efter en, enligt en cirkadisk rytm, och varar l\u00e5ngt in p\u00e5 natten.<\/p>\n<h1>F\u00f6rdelar f\u00f6r h\u00e4lsan<\/h1>\n<p>[\/vc_column_text][vc_row_inner el_class=&#8221;benefits_box&#8221;][vc_column_inner width=&#8221;1\/4&#8243;][just_icon icon_type=&#8221;custom&#8221; icon_img=&#8221;id^11575|url^https:\/\/www.chronobiology.com\/wp-content\/uploads\/2014\/05\/dermatology_ic.png|caption^null|alt^null|title^dermatology_ic|description^null&#8221; img_width=&#8221;120&#8243; icon_link=&#8221;url:https%3A%2F%2Fwww.chronobiology.com%2Fhealth-benefits-of-chronopharmacology%2Fdermatology%2F|||&#8221;][vc_custom_heading text=&#8221;Dermatologi&#8221; font_container=&#8221;tag:h4|text_align:center&#8221; use_theme_fonts=&#8221;yes&#8221; link=&#8221;url:https%3A%2F%2Fwww.chronobiology.com%2Fhealth-benefits-of-chronopharmacology%2Fdermatology%2F|&#8221;][ult_createlink title=&#8221;L\u00e4s mer&#8221; btn_link=&#8221;url:https%3A%2F%2Fwww.chronobiology.com%2Fhealth-benefits-of-chronopharmacology%2Fdermatology%2F|||&#8221; text_color=&#8221;#085cbc&#8221; text_hovercolor=&#8221;#085cbc&#8221;][\/vc_column_inner][vc_column_inner width=&#8221;1\/4&#8243;][just_icon icon_type=&#8221;custom&#8221; icon_img=&#8221;id^11588|url^https:\/\/www.chronobiology.com\/wp-content\/uploads\/2014\/05\/cardio_ic.png|caption^null|alt^null|title^cardio_ic|description^null&#8221; img_width=&#8221;94&#8243; icon_link=&#8221;url:https%3A%2F%2Fwww.chronobiology.com%2Fhealth-benefits-of-chronopharmacology%2Fcardiovascular-system%2F|||&#8221;][vc_custom_heading text=&#8221;Det kardiovaskul\u00e4ra systemet&#8221; font_container=&#8221;tag:h4|text_align:center&#8221; use_theme_fonts=&#8221;yes&#8221; link=&#8221;url:https%3A%2F%2Fwww.chronobiology.com%2Fhealth-benefits-of-chronopharmacology%2Fcardiovascular-system%2F|&#8221;][ult_createlink title=&#8221;L\u00e4s mer&#8221; btn_link=&#8221;url:https%3A%2F%2Fwww.chronobiology.com%2Fhealth-benefits-of-chronopharmacology%2Fcardiovascular-system%2F|||&#8221; text_color=&#8221;#085cbc&#8221; text_hovercolor=&#8221;#085cbc&#8221;][\/vc_column_inner][vc_column_inner width=&#8221;1\/4&#8243;][just_icon icon_type=&#8221;custom&#8221; icon_img=&#8221;id^11589|url^https:\/\/www.chronobiology.com\/wp-content\/uploads\/2014\/05\/muscul_ic.png|caption^null|alt^null|title^muscul_ic|description^null&#8221; img_width=&#8221;62&#8243; icon_link=&#8221;url:https%3A%2F%2Fwww.chronobiology.com%2Fhealth-benefits-of-chronopharmacology%2Fmusculoskeletal-system%2F|||&#8221;][vc_custom_heading text=&#8221;Muskuloskeletala systemet&#8221; font_container=&#8221;tag:h4|text_align:center&#8221; use_theme_fonts=&#8221;yes&#8221; link=&#8221;url:https%3A%2F%2Fwww.chronobiology.com%2Fhealth-benefits-of-chronopharmacology%2Fmusculoskeletal-system%2F|&#8221;][ult_createlink title=&#8221;L\u00e4s mer&#8221; btn_link=&#8221;url:https%3A%2F%2Fwww.chronobiology.com%2Fhealth-benefits-of-chronopharmacology%2Fmusculoskeletal-system%2F|||&#8221; text_color=&#8221;#085cbc&#8221; text_hovercolor=&#8221;#085cbc&#8221;][\/vc_column_inner][vc_column_inner width=&#8221;1\/4&#8243;][just_icon icon_type=&#8221;custom&#8221; icon_img=&#8221;id^11590|url^https:\/\/www.chronobiology.com\/wp-content\/uploads\/2014\/05\/cell_icon.png|caption^null|alt^null|title^cell_icon|description^null&#8221; img_width=&#8221;89&#8243; icon_link=&#8221;url:https%3A%2F%2Fwww.chronobiology.com%2Fhealth-benefits-of-chronopharmacology%2Fhealthy-cell-protection%2F|||&#8221;][vc_custom_heading text=&#8221;Skydd av friska celler&#8221; font_container=&#8221;tag:h4|text_align:center&#8221; use_theme_fonts=&#8221;yes&#8221; link=&#8221;url:https%3A%2F%2Fwww.chronobiology.com%2Fhealth-benefits-of-chronopharmacology%2Fhealthy-cell-protection%2F|&#8221;][ult_createlink title=&#8221;L\u00e4s mer&#8221; btn_link=&#8221;url:https%3A%2F%2Fwww.chronobiology.com%2Fhealth-benefits-of-chronopharmacology%2Fhealthy-cell-protection%2F|||&#8221; text_color=&#8221;#085cbc&#8221; text_hovercolor=&#8221;#085cbc&#8221;][\/vc_column_inner][\/vc_row_inner][vc_row_inner el_class=&#8221;benefits_box&#8221;][vc_column_inner width=&#8221;1\/4&#8243;][just_icon icon_type=&#8221;custom&#8221; icon_img=&#8221;id^11595|url^https:\/\/www.chronobiology.com\/wp-content\/uploads\/2014\/05\/metabolism_ic.png|caption^null|alt^null|title^metabolism_ic|description^null&#8221; img_width=&#8221;90&#8243; icon_link=&#8221;url:https%3A%2F%2Fwww.chronobiology.com%2Fhealth-benefits-of-chronopharmacology%2Fmetabolism%2F|||&#8221;][vc_custom_heading text=&#8221;Metabolism&#8221; font_container=&#8221;tag:h4|text_align:center&#8221; use_theme_fonts=&#8221;yes&#8221; link=&#8221;url:https%3A%2F%2Fwww.chronobiology.com%2Fhealth-benefits-of-chronopharmacology%2Fmetabolism%2F|&#8221;][ult_createlink title=&#8221;L\u00e4s mer&#8221; btn_link=&#8221;url:https%3A%2F%2Fwww.chronobiology.com%2Fhealth-benefits-of-chronopharmacology%2Fmetabolism%2F|||&#8221; text_color=&#8221;#085cbc&#8221; text_hovercolor=&#8221;#085cbc&#8221;][\/vc_column_inner][vc_column_inner width=&#8221;1\/4&#8243;][just_icon icon_type=&#8221;custom&#8221; icon_img=&#8221;id^11597|url^https:\/\/www.chronobiology.com\/wp-content\/uploads\/2014\/05\/men_ic.png|caption^null|alt^null|title^men_ic|description^null&#8221; img_width=&#8221;76&#8243; icon_link=&#8221;url:https%3A%2F%2Fwww.chronobiology.com%2Fhealth-benefits-of-chronopharmacology%2Fmens-health%2F|||&#8221;][vc_custom_heading text=&#8221;M\u00e4ns h\u00e4lsa&#8221; font_container=&#8221;tag:h4|text_align:center&#8221; use_theme_fonts=&#8221;yes&#8221; link=&#8221;url:https%3A%2F%2Fwww.chronobiology.com%2Fhealth-benefits-of-chronopharmacology%2Fmens-health%2F|&#8221;][ult_createlink title=&#8221;L\u00e4s mer&#8221; btn_link=&#8221;url:https%3A%2F%2Fwww.chronobiology.com%2Fhealth-benefits-of-chronopharmacology%2Fmens-health%2F|||&#8221; text_color=&#8221;#085cbc&#8221; text_hovercolor=&#8221;#085cbc&#8221;][\/vc_column_inner][vc_column_inner width=&#8221;1\/4&#8243;][just_icon icon_type=&#8221;custom&#8221; icon_img=&#8221;id^11598|url^https:\/\/www.chronobiology.com\/wp-content\/uploads\/2014\/05\/woman_ic.png|caption^null|alt^null|title^woman_ic|description^null&#8221; img_width=&#8221;90&#8243; icon_link=&#8221;url:https%3A%2F%2Fwww.chronobiology.com%2Fhealth-benefits-of-chronopharmacology%2Fwomens-health%2F|||&#8221;][vc_custom_heading text=&#8221;Kvinnors h\u00e4lsa&#8221; font_container=&#8221;tag:h4|text_align:center&#8221; use_theme_fonts=&#8221;yes&#8221; link=&#8221;url:https%3A%2F%2Fwww.chronobiology.com%2Fsv%2Fkvinnors-halsa%2F|&#8221;][ult_createlink title=&#8221;L\u00e4s mer&#8221; btn_link=&#8221;url:https%3A%2F%2Fwww.chronobiology.com%2Fhealth-benefits-of-chronopharmacology%2Fwomens-health%2F|||&#8221; text_color=&#8221;#085cbc&#8221; text_hovercolor=&#8221;#085cbc&#8221;][\/vc_column_inner][vc_column_inner width=&#8221;1\/4&#8243;][just_icon icon_type=&#8221;custom&#8221; icon_img=&#8221;id^11596|url^https:\/\/www.chronobiology.com\/wp-content\/uploads\/2014\/05\/brain_ic.png|caption^null|alt^null|title^brain_ic|description^null&#8221; img_width=&#8221;76&#8243; icon_link=&#8221;url:https%3A%2F%2Fwww.chronobiology.com%2Fhealth-benefits-of-chronopharmacology%2Fmental-health%2F|||&#8221;][vc_custom_heading text=&#8221;Mental h\u00e4lsa&#8221; font_container=&#8221;tag:h4|text_align:center&#8221; use_theme_fonts=&#8221;yes&#8221; link=&#8221;url:https%3A%2F%2Fwww.chronobiology.com%2Fhealth-benefits-of-chronopharmacology%2Fmental-health%2F|&#8221;][ult_createlink title=&#8221;L\u00e4s mer&#8221; btn_link=&#8221;url:https%3A%2F%2Fwww.chronobiology.com%2Fhealth-benefits-of-chronopharmacology%2Fmental-health%2F|||&#8221; text_color=&#8221;#085cbc&#8221; text_hovercolor=&#8221;#085cbc&#8221;][\/vc_column_inner][\/vc_row_inner][\/vc_column][\/vc_row]<\/p>\n<\/div>","protected":false},"excerpt":{"rendered":"<p>[vc_row full_width=&#8221;stretch_row&#8221; css=&#8221;.vc_custom_1481873941643{background-image: url(https:\/\/www.chronobiology.com\/wp-content\/uploads\/2015\/01\/chronopharmakologie-2.jpg?id=9256) !important;background-position: center !important;background-repeat: no-repeat !important;background-size: cover !important;}&#8221; el_class=&#8221;banner-top&#8221;][vc_column][vc_custom_heading source=&#8221;post_title&#8221; font_container=&#8221;tag:h1|text_align:center&#8221; use_theme_fonts=&#8221;yes&#8221;][\/vc_column][\/vc_row][vc_row][vc_column][vc_column_text] Kronofarmakologi: R\u00e4tt formulering vid r\u00e4tt tidpunkt Hur snabbt eller effektivt en biologisk substans absorberas och ger effekt efter intag beror till stor del p\u00e5 aktiviteten i matsm\u00e4ltningskanalen. Om en substans ska kunna ge effekt i ett m\u00e5lorgan vid en viss [&hellip;]<\/p>\n","protected":false},"author":11,"featured_media":47999,"parent":0,"menu_order":0,"comment_status":"open","ping_status":"closed","template":"","meta":{"_acf_changed":false,"_genesis_hide_title":false,"_genesis_hide_breadcrumbs":false,"_genesis_hide_singular_image":false,"_genesis_hide_footer_widgets":false,"_genesis_custom_body_class":"","_genesis_custom_post_class":"","_genesis_layout":"full-width-content","footnotes":""},"categories":[331,330,311,312,315,317,318,323,313,314,328,321,326,329,322,316,327,324,319],"class_list":{"0":"post-54366","1":"page","2":"type-page","3":"status-publish","4":"has-post-thumbnail","6":"category-ben-och-leder","7":"category-cancerforskning","8":"category-cellhalsa","9":"category-celluliter","10":"category-energi","11":"category-har-och-naglar","12":"category-hjarthalsa","13":"category-hud","14":"category-kronodiet","15":"category-kronotyp","16":"category-kvinnors-halsa","17":"category-mans-halsa","18":"category-melatonin-sv","19":"category-mental-halsa","20":"category-metabolism-sv","21":"category-ogon","22":"category-skiftarbete","23":"category-somn","24":"category-tarmflora","25":"entry"},"acf":[],"yoast_head":"<!-- This site is optimized with the Yoast SEO Premium plugin v23.4 (Yoast SEO v23.4) - https:\/\/yoast.com\/wordpress\/plugins\/seo\/ -->\n<title>H\u00e4lsof\u00f6rdelar med kronofarmakol &#8211; Chronobiology.com<\/title>\n<meta name=\"robots\" content=\"index, follow, max-snippet:-1, max-image-preview:large, max-video-preview:-1\" \/>\n<link rel=\"canonical\" href=\"https:\/\/dev.chronobiology.com\/sv\/halsofordelar-med-kronofarmakol\/\" \/>\n<meta property=\"og:locale\" content=\"sv_SE\" \/>\n<meta property=\"og:type\" content=\"article\" \/>\n<meta property=\"og:title\" content=\"H\u00e4lsof\u00f6rdelar med kronofarmakol\" \/>\n<meta property=\"og:description\" content=\"[vc_row full_width=&#8221;stretch_row&#8221; css=&#8221;.vc_custom_1481873941643{background-image: url(https:\/\/www.chronobiology.com\/wp-content\/uploads\/2015\/01\/chronopharmakologie-2.jpg?id=9256) !important;background-position: center !important;background-repeat: no-repeat !important;background-size: cover !important;}&#8221; el_class=&#8221;banner-top&#8221;][vc_column][vc_custom_heading source=&#8221;post_title&#8221; font_container=&#8221;tag:h1|text_align:center&#8221; use_theme_fonts=&#8221;yes&#8221;][\/vc_column][\/vc_row][vc_row][vc_column][vc_column_text] Kronofarmakologi: R\u00e4tt formulering vid r\u00e4tt tidpunkt Hur snabbt eller effektivt en biologisk substans absorberas och ger effekt efter intag beror till stor del p\u00e5 aktiviteten i matsm\u00e4ltningskanalen. Om en substans ska kunna ge effekt i ett m\u00e5lorgan vid en viss [&hellip;]\" \/>\n<meta property=\"og:url\" content=\"https:\/\/dev.chronobiology.com\/sv\/halsofordelar-med-kronofarmakol\/\" \/>\n<meta property=\"og:site_name\" content=\"Chronobiology.com\" \/>\n<meta property=\"article:publisher\" content=\"https:\/\/www.facebook.com\/chronobiology\" \/>\n<meta property=\"article:modified_time\" content=\"2023-07-18T14:59:45+00:00\" \/>\n<meta property=\"og:image\" content=\"https:\/\/dev.chronobiology.com\/wp-content\/uploads\/2015\/01\/chronopharmakologie-2.jpg\" \/>\n\t<meta property=\"og:image:width\" content=\"1800\" \/>\n\t<meta property=\"og:image:height\" content=\"449\" \/>\n\t<meta property=\"og:image:type\" content=\"image\/jpeg\" \/>\n<meta name=\"twitter:card\" content=\"summary_large_image\" \/>\n<meta name=\"twitter:site\" content=\"@chronobionews\" \/>\n<meta name=\"twitter:label1\" content=\"Ber\u00e4knad l\u00e4stid\" \/>\n\t<meta name=\"twitter:data1\" content=\"6 minuter\" \/>\n<script type=\"application\/ld+json\" class=\"yoast-schema-graph\">{\"@context\":\"https:\/\/schema.org\",\"@graph\":[{\"@type\":\"WebPage\",\"@id\":\"https:\/\/dev.chronobiology.com\/sv\/halsofordelar-med-kronofarmakol\/\",\"url\":\"https:\/\/dev.chronobiology.com\/sv\/halsofordelar-med-kronofarmakol\/\",\"name\":\"H\u00e4lsof\u00f6rdelar med kronofarmakol &#8211; Chronobiology.com\",\"isPartOf\":{\"@id\":\"https:\/\/dev.chronobiology.com\/sv\/#website\"},\"primaryImageOfPage\":{\"@id\":\"https:\/\/dev.chronobiology.com\/sv\/halsofordelar-med-kronofarmakol\/#primaryimage\"},\"image\":{\"@id\":\"https:\/\/dev.chronobiology.com\/sv\/halsofordelar-med-kronofarmakol\/#primaryimage\"},\"thumbnailUrl\":\"https:\/\/dev.chronobiology.com\/wp-content\/uploads\/2015\/01\/chronopharmakologie-2.jpg\",\"datePublished\":\"2023-07-18T14:59:43+00:00\",\"dateModified\":\"2023-07-18T14:59:45+00:00\",\"breadcrumb\":{\"@id\":\"https:\/\/dev.chronobiology.com\/sv\/halsofordelar-med-kronofarmakol\/#breadcrumb\"},\"inLanguage\":\"sv-SE\",\"potentialAction\":[{\"@type\":\"ReadAction\",\"target\":[\"https:\/\/dev.chronobiology.com\/sv\/halsofordelar-med-kronofarmakol\/\"]}]},{\"@type\":\"ImageObject\",\"inLanguage\":\"sv-SE\",\"@id\":\"https:\/\/dev.chronobiology.com\/sv\/halsofordelar-med-kronofarmakol\/#primaryimage\",\"url\":\"https:\/\/dev.chronobiology.com\/wp-content\/uploads\/2015\/01\/chronopharmakologie-2.jpg\",\"contentUrl\":\"https:\/\/dev.chronobiology.com\/wp-content\/uploads\/2015\/01\/chronopharmakologie-2.jpg\",\"width\":1800,\"height\":449},{\"@type\":\"BreadcrumbList\",\"@id\":\"https:\/\/dev.chronobiology.com\/sv\/halsofordelar-med-kronofarmakol\/#breadcrumb\",\"itemListElement\":[{\"@type\":\"ListItem\",\"position\":1,\"name\":\"Home\",\"item\":\"https:\/\/dev.chronobiology.com\/sv\/\"},{\"@type\":\"ListItem\",\"position\":2,\"name\":\"H\u00e4lsof\u00f6rdelar med kronofarmakol\"}]},{\"@type\":\"WebSite\",\"@id\":\"https:\/\/dev.chronobiology.com\/sv\/#website\",\"url\":\"https:\/\/dev.chronobiology.com\/sv\/\",\"name\":\"Chronobiology.com\",\"description\":\"\",\"publisher\":{\"@id\":\"https:\/\/dev.chronobiology.com\/sv\/#organization\"},\"potentialAction\":[{\"@type\":\"SearchAction\",\"target\":{\"@type\":\"EntryPoint\",\"urlTemplate\":\"https:\/\/dev.chronobiology.com\/sv\/?s={search_term_string}\"},\"query-input\":{\"@type\":\"PropertyValueSpecification\",\"valueRequired\":true,\"valueName\":\"search_term_string\"}}],\"inLanguage\":\"sv-SE\"},{\"@type\":\"Organization\",\"@id\":\"https:\/\/dev.chronobiology.com\/sv\/#organization\",\"name\":\"Chronobiology\",\"url\":\"https:\/\/dev.chronobiology.com\/sv\/\",\"logo\":{\"@type\":\"ImageObject\",\"inLanguage\":\"sv-SE\",\"@id\":\"https:\/\/dev.chronobiology.com\/sv\/#\/schema\/logo\/image\/\",\"url\":\"https:\/\/www.chronobiology.com\/wp-content\/uploads\/2019\/01\/chronobiology_logo_en_r.png\",\"contentUrl\":\"https:\/\/www.chronobiology.com\/wp-content\/uploads\/2019\/01\/chronobiology_logo_en_r.png\",\"width\":375,\"height\":90,\"caption\":\"Chronobiology\"},\"image\":{\"@id\":\"https:\/\/dev.chronobiology.com\/sv\/#\/schema\/logo\/image\/\"},\"sameAs\":[\"https:\/\/www.facebook.com\/chronobiology\",\"https:\/\/x.com\/chronobionews\",\"https:\/\/www.instagram.com\/chronobiology\/\",\"https:\/\/www.pinterest.com\/chronobiology\/\"]}]}<\/script>\n<!-- \/ Yoast SEO Premium plugin. -->","yoast_head_json":{"title":"H\u00e4lsof\u00f6rdelar med kronofarmakol &#8211; Chronobiology.com","robots":{"index":"index","follow":"follow","max-snippet":"max-snippet:-1","max-image-preview":"max-image-preview:large","max-video-preview":"max-video-preview:-1"},"canonical":"https:\/\/dev.chronobiology.com\/sv\/halsofordelar-med-kronofarmakol\/","og_locale":"sv_SE","og_type":"article","og_title":"H\u00e4lsof\u00f6rdelar med kronofarmakol","og_description":"[vc_row full_width=&#8221;stretch_row&#8221; css=&#8221;.vc_custom_1481873941643{background-image: url(https:\/\/www.chronobiology.com\/wp-content\/uploads\/2015\/01\/chronopharmakologie-2.jpg?id=9256) !important;background-position: center !important;background-repeat: no-repeat !important;background-size: cover !important;}&#8221; el_class=&#8221;banner-top&#8221;][vc_column][vc_custom_heading source=&#8221;post_title&#8221; font_container=&#8221;tag:h1|text_align:center&#8221; use_theme_fonts=&#8221;yes&#8221;][\/vc_column][\/vc_row][vc_row][vc_column][vc_column_text] Kronofarmakologi: R\u00e4tt formulering vid r\u00e4tt tidpunkt Hur snabbt eller effektivt en biologisk substans absorberas och ger effekt efter intag beror till stor del p\u00e5 aktiviteten i matsm\u00e4ltningskanalen. Om en substans ska kunna ge effekt i ett m\u00e5lorgan vid en viss [&hellip;]","og_url":"https:\/\/dev.chronobiology.com\/sv\/halsofordelar-med-kronofarmakol\/","og_site_name":"Chronobiology.com","article_publisher":"https:\/\/www.facebook.com\/chronobiology","article_modified_time":"2023-07-18T14:59:45+00:00","og_image":[{"width":1800,"height":449,"url":"https:\/\/dev.chronobiology.com\/wp-content\/uploads\/2015\/01\/chronopharmakologie-2.jpg","type":"image\/jpeg"}],"twitter_card":"summary_large_image","twitter_site":"@chronobionews","twitter_misc":{"Ber\u00e4knad l\u00e4stid":"6 minuter"},"schema":{"@context":"https:\/\/schema.org","@graph":[{"@type":"WebPage","@id":"https:\/\/dev.chronobiology.com\/sv\/halsofordelar-med-kronofarmakol\/","url":"https:\/\/dev.chronobiology.com\/sv\/halsofordelar-med-kronofarmakol\/","name":"H\u00e4lsof\u00f6rdelar med kronofarmakol &#8211; Chronobiology.com","isPartOf":{"@id":"https:\/\/dev.chronobiology.com\/sv\/#website"},"primaryImageOfPage":{"@id":"https:\/\/dev.chronobiology.com\/sv\/halsofordelar-med-kronofarmakol\/#primaryimage"},"image":{"@id":"https:\/\/dev.chronobiology.com\/sv\/halsofordelar-med-kronofarmakol\/#primaryimage"},"thumbnailUrl":"https:\/\/dev.chronobiology.com\/wp-content\/uploads\/2015\/01\/chronopharmakologie-2.jpg","datePublished":"2023-07-18T14:59:43+00:00","dateModified":"2023-07-18T14:59:45+00:00","breadcrumb":{"@id":"https:\/\/dev.chronobiology.com\/sv\/halsofordelar-med-kronofarmakol\/#breadcrumb"},"inLanguage":"sv-SE","potentialAction":[{"@type":"ReadAction","target":["https:\/\/dev.chronobiology.com\/sv\/halsofordelar-med-kronofarmakol\/"]}]},{"@type":"ImageObject","inLanguage":"sv-SE","@id":"https:\/\/dev.chronobiology.com\/sv\/halsofordelar-med-kronofarmakol\/#primaryimage","url":"https:\/\/dev.chronobiology.com\/wp-content\/uploads\/2015\/01\/chronopharmakologie-2.jpg","contentUrl":"https:\/\/dev.chronobiology.com\/wp-content\/uploads\/2015\/01\/chronopharmakologie-2.jpg","width":1800,"height":449},{"@type":"BreadcrumbList","@id":"https:\/\/dev.chronobiology.com\/sv\/halsofordelar-med-kronofarmakol\/#breadcrumb","itemListElement":[{"@type":"ListItem","position":1,"name":"Home","item":"https:\/\/dev.chronobiology.com\/sv\/"},{"@type":"ListItem","position":2,"name":"H\u00e4lsof\u00f6rdelar med kronofarmakol"}]},{"@type":"WebSite","@id":"https:\/\/dev.chronobiology.com\/sv\/#website","url":"https:\/\/dev.chronobiology.com\/sv\/","name":"Chronobiology.com","description":"","publisher":{"@id":"https:\/\/dev.chronobiology.com\/sv\/#organization"},"potentialAction":[{"@type":"SearchAction","target":{"@type":"EntryPoint","urlTemplate":"https:\/\/dev.chronobiology.com\/sv\/?s={search_term_string}"},"query-input":{"@type":"PropertyValueSpecification","valueRequired":true,"valueName":"search_term_string"}}],"inLanguage":"sv-SE"},{"@type":"Organization","@id":"https:\/\/dev.chronobiology.com\/sv\/#organization","name":"Chronobiology","url":"https:\/\/dev.chronobiology.com\/sv\/","logo":{"@type":"ImageObject","inLanguage":"sv-SE","@id":"https:\/\/dev.chronobiology.com\/sv\/#\/schema\/logo\/image\/","url":"https:\/\/www.chronobiology.com\/wp-content\/uploads\/2019\/01\/chronobiology_logo_en_r.png","contentUrl":"https:\/\/www.chronobiology.com\/wp-content\/uploads\/2019\/01\/chronobiology_logo_en_r.png","width":375,"height":90,"caption":"Chronobiology"},"image":{"@id":"https:\/\/dev.chronobiology.com\/sv\/#\/schema\/logo\/image\/"},"sameAs":["https:\/\/www.facebook.com\/chronobiology","https:\/\/x.com\/chronobionews","https:\/\/www.instagram.com\/chronobiology\/","https:\/\/www.pinterest.com\/chronobiology\/"]}]}},"_links":{"self":[{"href":"https:\/\/dev.chronobiology.com\/sv\/wp-json\/wp\/v2\/pages\/54366"}],"collection":[{"href":"https:\/\/dev.chronobiology.com\/sv\/wp-json\/wp\/v2\/pages"}],"about":[{"href":"https:\/\/dev.chronobiology.com\/sv\/wp-json\/wp\/v2\/types\/page"}],"author":[{"embeddable":true,"href":"https:\/\/dev.chronobiology.com\/sv\/wp-json\/wp\/v2\/users\/11"}],"replies":[{"embeddable":true,"href":"https:\/\/dev.chronobiology.com\/sv\/wp-json\/wp\/v2\/comments?post=54366"}],"version-history":[{"count":2,"href":"https:\/\/dev.chronobiology.com\/sv\/wp-json\/wp\/v2\/pages\/54366\/revisions"}],"predecessor-version":[{"id":54368,"href":"https:\/\/dev.chronobiology.com\/sv\/wp-json\/wp\/v2\/pages\/54366\/revisions\/54368"}],"wp:featuredmedia":[{"embeddable":true,"href":"https:\/\/dev.chronobiology.com\/sv\/wp-json\/wp\/v2\/media\/47999"}],"wp:attachment":[{"href":"https:\/\/dev.chronobiology.com\/sv\/wp-json\/wp\/v2\/media?parent=54366"}],"wp:term":[{"taxonomy":"category","embeddable":true,"href":"https:\/\/dev.chronobiology.com\/sv\/wp-json\/wp\/v2\/categories?post=54366"}],"curies":[{"name":"wp","href":"https:\/\/api.w.org\/{rel}","templated":true}]}}