{"id":54357,"date":"2023-07-18T07:39:39","date_gmt":"2023-07-18T14:39:39","guid":{"rendered":"https:\/\/www.chronobiology.com\/krononutrition\/hormoner-styr-vara-atmonster-ett-viktigt-faktum\/"},"modified":"2023-07-18T07:39:40","modified_gmt":"2023-07-18T14:39:40","slug":"hormoner-styr-vara-atmonster-ett-viktigt-faktum","status":"publish","type":"page","link":"https:\/\/dev.chronobiology.com\/sv\/krononutrition\/hormoner-styr-vara-atmonster-ett-viktigt-faktum\/","title":{"rendered":"Hormoner styr v\u00e5ra \u00e4tm\u00f6nster &#8211; ett viktigt faktum"},"content":{"rendered":"<div class=\"wpb-content-wrapper\"><p>[vc_row full_width=&#8221;stretch_row&#8221; el_class=&#8221;banner-top&#8221; css=&#8221;.vc_custom_1567494631404{background-image: url(https:\/\/www.chronobiology.com\/wp-content\/uploads\/2019\/09\/hormones-define-our-eating-patterns-a-key-fact.jpg?id=30313) !important;}&#8221;][vc_column][vc_custom_heading source=&#8221;post_title&#8221; font_container=&#8221;tag:h1|text_align:center&#8221; use_theme_fonts=&#8221;yes&#8221;][\/vc_column][\/vc_row][vc_row][vc_column][vc_column_text]Vissa hormoner ansvarar f\u00f6r att vi k\u00e4nner oss m\u00e4tta eller hungriga och fungerar som viktiga signalsubstanser i v\u00e5ra kroppar. De fris\u00e4tts vid olika tidpunkter p\u00e5 dagen eller natten, i en rytm som best\u00e4ms i f\u00f6rv\u00e4g. Denna fris\u00e4ttning p\u00e5verkas dock av tidpunkten f\u00f6r och sammans\u00e4ttningen av m\u00e5ltiderna.<\/p>\n<p>De viktigaste hormonerna f\u00f6r att kontrollera v\u00e5ra \u00e4tm\u00f6nster \u00e4r ghrelin, leptin, kortisol och insulin.[\/vc_column_text][\/vc_column][\/vc_row][vc_row][vc_column][vc_tta_accordion color=&#8221;turquoise&#8221; c_icon=&#8221;chevron&#8221; c_position=&#8221;right&#8221; active_section=&#8221;99&#8243; no_fill=&#8221;true&#8221; collapsible_all=&#8221;true&#8221;][vc_tta_section title=&#8221;Ghrelin&#8221; tab_id=&#8221;1479159301199-fd863768-f6af5c92-91f2&#8243;][vc_row_inner css=&#8221;.vc_custom_1567494673656{background-image: url(https:\/\/www.chronobiology.com\/wp-content\/uploads\/2013\/04\/about_1.jpg?id=11471) !important;}&#8221;][vc_column_inner][vc_column_text]\u00c4r du hungrig? Det beror p\u00e5 hormonet ghrelin, som var femte till sj\u00e4tte timme under dagen p\u00e5minner dig om att du beh\u00f6ver f\u00e5 i dig lite mat. Dess niv\u00e5 sjunker snabbt efter att du har \u00e4tit, och sedan b\u00f6rjar det skicka signaler igen fem till sex timmar senare. Om du har \u00e4tit en m\u00e5ltid som \u00e4r mycket proteinrik sjunker ghrelinniv\u00e5erna snabbare och det tar l\u00e4ngre tid innan de stiger igen. Det inneb\u00e4r att om du \u00e4ter en proteinrik middag kommer du inte att k\u00e4nna dig hungrig igen f\u00f6rr\u00e4n tidigt p\u00e5 morgonen, vilket \u00e4r bra f\u00f6r att h\u00e5lla figuren p\u00e5 l\u00e5ng sikt. Rekommendationen att oftare inkludera fisk (en viktig proteink\u00e4lla) i dina kv\u00e4llsm\u00e5ltider \u00e4r d\u00e4rf\u00f6r inte utan anledning. 14 till 16 timmars fasta kan ocks\u00e5 bidra till att f\u00f6rst\u00e4rka eller \u00e5teruppr\u00e4tta detta frig\u00f6ringsschema &#8211; en effekt som intermittent fasta och Chronodiet f\u00f6rs\u00f6ker utnyttja p\u00e5 ett bra s\u00e4tt.[\/vc_column_text][\/vc_column_inner][\/vc_row_inner][\/vc_tta_section][\/vc_tta_accordion][vc_tta_accordion color=&#8221;turquoise&#8221; c_icon=&#8221;chevron&#8221; c_position=&#8221;right&#8221; active_section=&#8221;99&#8243; no_fill=&#8221;true&#8221; collapsible_all=&#8221;true&#8221;][vc_tta_section title=&#8221;Leptin&#8221; tab_id=&#8221;1479160006396-6adcefe5-9e7b5c92-91f2&#8243;][vc_row_inner css=&#8221;.vc_custom_1567494683661{background-image: url(https:\/\/www.chronobiology.com\/wp-content\/uploads\/2013\/04\/about_2.jpg?id=11494) !important;background-position: center !important;background-repeat: no-repeat !important;background-size: cover !important;}&#8221;][vc_column_inner][vc_column_text]N\u00e4r vi \u00e4r m\u00e4tta kommer ett annat hormon in i bilden: leptin. Denna aptitd\u00e4mpare n\u00e5r sina h\u00f6gsta niv\u00e5er mellan midnatt och de tidiga morgontimmarna &#8211; ytterligare en anledning till att vi inte vaknar upp p\u00e5 natten och k\u00e4nner oss hungriga. F\u00f6r att f\u00e5 full effekt b\u00f6r du helst \u00e4ta din sista proteinrika m\u00e5ltid sex till \u00e5tta timmar f\u00f6re midnatt &#8211; en annan tumregel som vi redan har n\u00e4mnt f\u00f6r periodisk fasta och Chronodiet.[\/vc_column_text][\/vc_column_inner][\/vc_row_inner][\/vc_tta_section][\/vc_tta_accordion][vc_tta_accordion color=&#8221;turquoise&#8221; c_icon=&#8221;chevron&#8221; c_position=&#8221;right&#8221; active_section=&#8221;99&#8243; no_fill=&#8221;true&#8221; collapsible_all=&#8221;true&#8221;][vc_tta_section title=&#8221;Kortisol&#8221; tab_id=&#8221;1479160183267-5834ce69-6e6c5c92-91f2&#8243;][vc_row_inner css=&#8221;.vc_custom_1479256903547{background-image: url(https:\/\/www.chronobiology.com\/wp-content\/uploads\/2013\/04\/about_3.jpg?id=11501) !important;}&#8221;][vc_column_inner][vc_column_text]Ett annat viktigt hormon \u00e4r kortisol, som fr\u00e4mjar fettoms\u00e4ttningen och reglerar v\u00e5r kolhydratbalans. Kortisolniv\u00e5erna \u00e4r som h\u00f6gst tidigt p\u00e5 morgonen och som l\u00e4gst p\u00e5 kv\u00e4llen och under natten. Chronodiet tar h\u00e4nsyn till denna biologiska rytm: kolhydrater \u00e4r till\u00e5tna p\u00e5 morgonen, eftersom kortisol vid denna tid p\u00e5 dagen s\u00e4kerst\u00e4ller att v\u00e5ra kroppar kan bearbeta dem p\u00e5 r\u00e4tt s\u00e4tt. Kv\u00e4llar och n\u00e4tter \u00e4r en annan sak! Kolhydrater \u00e4r st\u00f6rande under dessa timmar, eftersom de orsakar insulinspikar som st\u00f6r alla v\u00e5ra naturliga rytmer.[\/vc_column_text][\/vc_column_inner][\/vc_row_inner][\/vc_tta_section][\/vc_tta_accordion][vc_tta_accordion color=&#8221;turquoise&#8221; c_icon=&#8221;chevron&#8221; c_position=&#8221;right&#8221; active_section=&#8221;99&#8243; no_fill=&#8221;true&#8221; collapsible_all=&#8221;true&#8221;][vc_tta_section title=&#8221; Insulin&#8221; tab_id=&#8221;1479160330186-398ffbdb-8ab45c92-91f2&#8243;][vc_row_inner css=&#8221;.vc_custom_1479256972183{background-image: url(https:\/\/www.chronobiology.com\/wp-content\/uploads\/2013\/04\/about_4.jpg?id=11503) !important;}&#8221;][vc_column_inner][vc_column_text]Insulin, det hormon som kommer fr\u00e5n bukspottk\u00f6rteln, fris\u00e4tts tre g\u00e5nger om dagen: tidigt p\u00e5 morgonen, mitt p\u00e5 dagen och p\u00e5 kv\u00e4llen &#8211; med andra ord vid de tre huvudm\u00e5ltiderna. Insulin ser till att det vi \u00e4ter vid dessa tidpunkter p\u00e5 dagen transporteras in i v\u00e5ra celler som energi och n\u00e4rings\u00e4mnen. Om f\u00f6r mycket insulin produceras (n\u00e5got som styrs av vilken typ av mat du \u00e4ter) lagras \u00f6verskottet &#8211; med andra ord den energi som inte kanaliseras in i cellerna &#8211; som fettdep\u00e5er.<\/p>\n<p>Nya r\u00f6n har ocks\u00e5 visat att morgonens insulintopp har en s\u00e4rskilt positiv effekt p\u00e5 lunch- och kv\u00e4llsutsl\u00e4ppen. Om denna trigger saknas p\u00e5 morgonen, t.ex. om vi hoppar \u00f6ver frukosten, kommer de andra m\u00e5ltiderna inte att sm\u00e4ltas s\u00e5 bra som de skulle kunna. Resultatet: den energi som finns i maten blir till st\u00f6rsta delen fettdep\u00e5er.<\/p>\n<p>F\u00f6rutom detta dagliga schema f\u00f6r insulinfris\u00e4ttning fris\u00e4tts insulin \u00e4ven d\u00e4remellan: n\u00e4r vi mumsar p\u00e5 en f\u00f6rment h\u00e4lsosam m\u00fcslibar, en frukt eller en liten bit choklad. Den energi som de inneh\u00e5ller lagras d\u00e5 omedelbart som fettdep\u00e5er.<br \/>\n[\/vc_column_text][\/vc_column_inner][\/vc_row_inner][\/vc_tta_section][\/vc_tta_accordion][\/vc_column][\/vc_row]<\/p>\n<\/div>","protected":false},"excerpt":{"rendered":"<p>[vc_row full_width=&#8221;stretch_row&#8221; el_class=&#8221;banner-top&#8221; css=&#8221;.vc_custom_1567494631404{background-image: url(https:\/\/www.chronobiology.com\/wp-content\/uploads\/2019\/09\/hormones-define-our-eating-patterns-a-key-fact.jpg?id=30313) !important;}&#8221;][vc_column][vc_custom_heading source=&#8221;post_title&#8221; font_container=&#8221;tag:h1|text_align:center&#8221; use_theme_fonts=&#8221;yes&#8221;][\/vc_column][\/vc_row][vc_row][vc_column][vc_column_text]Vissa hormoner ansvarar f\u00f6r att vi k\u00e4nner oss m\u00e4tta eller hungriga och fungerar som viktiga signalsubstanser i v\u00e5ra kroppar. De fris\u00e4tts vid olika tidpunkter p\u00e5 dagen eller natten, i en rytm som best\u00e4ms i f\u00f6rv\u00e4g. Denna fris\u00e4ttning p\u00e5verkas dock av tidpunkten f\u00f6r och sammans\u00e4ttningen av m\u00e5ltiderna. De [&hellip;]<\/p>\n","protected":false},"author":15,"featured_media":0,"parent":54342,"menu_order":0,"comment_status":"closed","ping_status":"closed","template":"","meta":{"_acf_changed":false,"_genesis_hide_title":false,"_genesis_hide_breadcrumbs":false,"_genesis_hide_singular_image":false,"_genesis_hide_footer_widgets":false,"_genesis_custom_body_class":"","_genesis_custom_post_class":"","_genesis_layout":"","footnotes":""},"categories":[],"class_list":{"0":"post-54357","1":"page","2":"type-page","3":"status-publish","5":"entry","6":"has-post-thumbnail"},"acf":[],"yoast_head":"<!-- This site is optimized with the Yoast SEO Premium plugin v23.4 (Yoast SEO v23.4) - https:\/\/yoast.com\/wordpress\/plugins\/seo\/ -->\n<title>Hormoner styr v\u00e5ra \u00e4tm\u00f6nster - ett viktigt faktum &#8211; Chronobiology.com<\/title>\n<meta name=\"robots\" content=\"index, follow, max-snippet:-1, max-image-preview:large, max-video-preview:-1\" \/>\n<link rel=\"canonical\" href=\"https:\/\/dev.chronobiology.com\/sv\/krononutrition\/hormoner-styr-vara-atmonster-ett-viktigt-faktum\/\" \/>\n<meta property=\"og:locale\" content=\"sv_SE\" \/>\n<meta property=\"og:type\" content=\"article\" \/>\n<meta property=\"og:title\" content=\"Hormoner styr v\u00e5ra \u00e4tm\u00f6nster - ett viktigt faktum\" \/>\n<meta property=\"og:description\" content=\"[vc_row full_width=&#8221;stretch_row&#8221; el_class=&#8221;banner-top&#8221; css=&#8221;.vc_custom_1567494631404{background-image: url(https:\/\/www.chronobiology.com\/wp-content\/uploads\/2019\/09\/hormones-define-our-eating-patterns-a-key-fact.jpg?id=30313) !important;}&#8221;][vc_column][vc_custom_heading source=&#8221;post_title&#8221; font_container=&#8221;tag:h1|text_align:center&#8221; use_theme_fonts=&#8221;yes&#8221;][\/vc_column][\/vc_row][vc_row][vc_column][vc_column_text]Vissa hormoner ansvarar f\u00f6r att vi k\u00e4nner oss m\u00e4tta eller hungriga och fungerar som viktiga signalsubstanser i v\u00e5ra kroppar. De fris\u00e4tts vid olika tidpunkter p\u00e5 dagen eller natten, i en rytm som best\u00e4ms i f\u00f6rv\u00e4g. Denna fris\u00e4ttning p\u00e5verkas dock av tidpunkten f\u00f6r och sammans\u00e4ttningen av m\u00e5ltiderna. De [&hellip;]\" \/>\n<meta property=\"og:url\" content=\"https:\/\/dev.chronobiology.com\/sv\/krononutrition\/hormoner-styr-vara-atmonster-ett-viktigt-faktum\/\" \/>\n<meta property=\"og:site_name\" content=\"Chronobiology.com\" \/>\n<meta property=\"article:publisher\" content=\"https:\/\/www.facebook.com\/chronobiology\" \/>\n<meta property=\"article:modified_time\" content=\"2023-07-18T14:39:40+00:00\" \/>\n<meta name=\"twitter:card\" content=\"summary_large_image\" \/>\n<meta name=\"twitter:site\" content=\"@chronobionews\" \/>\n<meta name=\"twitter:label1\" content=\"Ber\u00e4knad l\u00e4stid\" \/>\n\t<meta name=\"twitter:data1\" content=\"5 minuter\" \/>\n<script type=\"application\/ld+json\" class=\"yoast-schema-graph\">{\"@context\":\"https:\/\/schema.org\",\"@graph\":[{\"@type\":\"WebPage\",\"@id\":\"https:\/\/dev.chronobiology.com\/sv\/krononutrition\/hormoner-styr-vara-atmonster-ett-viktigt-faktum\/\",\"url\":\"https:\/\/dev.chronobiology.com\/sv\/krononutrition\/hormoner-styr-vara-atmonster-ett-viktigt-faktum\/\",\"name\":\"Hormoner styr v\u00e5ra \u00e4tm\u00f6nster - ett viktigt faktum &#8211; Chronobiology.com\",\"isPartOf\":{\"@id\":\"https:\/\/dev.chronobiology.com\/sv\/#website\"},\"datePublished\":\"2023-07-18T14:39:39+00:00\",\"dateModified\":\"2023-07-18T14:39:40+00:00\",\"breadcrumb\":{\"@id\":\"https:\/\/dev.chronobiology.com\/sv\/krononutrition\/hormoner-styr-vara-atmonster-ett-viktigt-faktum\/#breadcrumb\"},\"inLanguage\":\"sv-SE\",\"potentialAction\":[{\"@type\":\"ReadAction\",\"target\":[\"https:\/\/dev.chronobiology.com\/sv\/krononutrition\/hormoner-styr-vara-atmonster-ett-viktigt-faktum\/\"]}]},{\"@type\":\"BreadcrumbList\",\"@id\":\"https:\/\/dev.chronobiology.com\/sv\/krononutrition\/hormoner-styr-vara-atmonster-ett-viktigt-faktum\/#breadcrumb\",\"itemListElement\":[{\"@type\":\"ListItem\",\"position\":1,\"name\":\"Home\",\"item\":\"https:\/\/dev.chronobiology.com\/sv\/\"},{\"@type\":\"ListItem\",\"position\":2,\"name\":\"Krononutrition\u2122\",\"item\":\"https:\/\/dev.chronobiology.com\/sv\/krononutrition\/\"},{\"@type\":\"ListItem\",\"position\":3,\"name\":\"Hormoner styr v\u00e5ra \u00e4tm\u00f6nster &#8211; ett viktigt faktum\"}]},{\"@type\":\"WebSite\",\"@id\":\"https:\/\/dev.chronobiology.com\/sv\/#website\",\"url\":\"https:\/\/dev.chronobiology.com\/sv\/\",\"name\":\"Chronobiology.com\",\"description\":\"\",\"publisher\":{\"@id\":\"https:\/\/dev.chronobiology.com\/sv\/#organization\"},\"potentialAction\":[{\"@type\":\"SearchAction\",\"target\":{\"@type\":\"EntryPoint\",\"urlTemplate\":\"https:\/\/dev.chronobiology.com\/sv\/?s={search_term_string}\"},\"query-input\":{\"@type\":\"PropertyValueSpecification\",\"valueRequired\":true,\"valueName\":\"search_term_string\"}}],\"inLanguage\":\"sv-SE\"},{\"@type\":\"Organization\",\"@id\":\"https:\/\/dev.chronobiology.com\/sv\/#organization\",\"name\":\"Chronobiology\",\"url\":\"https:\/\/dev.chronobiology.com\/sv\/\",\"logo\":{\"@type\":\"ImageObject\",\"inLanguage\":\"sv-SE\",\"@id\":\"https:\/\/dev.chronobiology.com\/sv\/#\/schema\/logo\/image\/\",\"url\":\"https:\/\/www.chronobiology.com\/wp-content\/uploads\/2019\/01\/chronobiology_logo_en_r.png\",\"contentUrl\":\"https:\/\/www.chronobiology.com\/wp-content\/uploads\/2019\/01\/chronobiology_logo_en_r.png\",\"width\":375,\"height\":90,\"caption\":\"Chronobiology\"},\"image\":{\"@id\":\"https:\/\/dev.chronobiology.com\/sv\/#\/schema\/logo\/image\/\"},\"sameAs\":[\"https:\/\/www.facebook.com\/chronobiology\",\"https:\/\/x.com\/chronobionews\",\"https:\/\/www.instagram.com\/chronobiology\/\",\"https:\/\/www.pinterest.com\/chronobiology\/\"]}]}<\/script>\n<!-- \/ Yoast SEO Premium plugin. -->","yoast_head_json":{"title":"Hormoner styr v\u00e5ra \u00e4tm\u00f6nster - ett viktigt faktum &#8211; Chronobiology.com","robots":{"index":"index","follow":"follow","max-snippet":"max-snippet:-1","max-image-preview":"max-image-preview:large","max-video-preview":"max-video-preview:-1"},"canonical":"https:\/\/dev.chronobiology.com\/sv\/krononutrition\/hormoner-styr-vara-atmonster-ett-viktigt-faktum\/","og_locale":"sv_SE","og_type":"article","og_title":"Hormoner styr v\u00e5ra \u00e4tm\u00f6nster - ett viktigt faktum","og_description":"[vc_row full_width=&#8221;stretch_row&#8221; el_class=&#8221;banner-top&#8221; css=&#8221;.vc_custom_1567494631404{background-image: url(https:\/\/www.chronobiology.com\/wp-content\/uploads\/2019\/09\/hormones-define-our-eating-patterns-a-key-fact.jpg?id=30313) !important;}&#8221;][vc_column][vc_custom_heading source=&#8221;post_title&#8221; font_container=&#8221;tag:h1|text_align:center&#8221; use_theme_fonts=&#8221;yes&#8221;][\/vc_column][\/vc_row][vc_row][vc_column][vc_column_text]Vissa hormoner ansvarar f\u00f6r att vi k\u00e4nner oss m\u00e4tta eller hungriga och fungerar som viktiga signalsubstanser i v\u00e5ra kroppar. De fris\u00e4tts vid olika tidpunkter p\u00e5 dagen eller natten, i en rytm som best\u00e4ms i f\u00f6rv\u00e4g. Denna fris\u00e4ttning p\u00e5verkas dock av tidpunkten f\u00f6r och sammans\u00e4ttningen av m\u00e5ltiderna. De [&hellip;]","og_url":"https:\/\/dev.chronobiology.com\/sv\/krononutrition\/hormoner-styr-vara-atmonster-ett-viktigt-faktum\/","og_site_name":"Chronobiology.com","article_publisher":"https:\/\/www.facebook.com\/chronobiology","article_modified_time":"2023-07-18T14:39:40+00:00","twitter_card":"summary_large_image","twitter_site":"@chronobionews","twitter_misc":{"Ber\u00e4knad l\u00e4stid":"5 minuter"},"schema":{"@context":"https:\/\/schema.org","@graph":[{"@type":"WebPage","@id":"https:\/\/dev.chronobiology.com\/sv\/krononutrition\/hormoner-styr-vara-atmonster-ett-viktigt-faktum\/","url":"https:\/\/dev.chronobiology.com\/sv\/krononutrition\/hormoner-styr-vara-atmonster-ett-viktigt-faktum\/","name":"Hormoner styr v\u00e5ra \u00e4tm\u00f6nster - ett viktigt faktum &#8211; Chronobiology.com","isPartOf":{"@id":"https:\/\/dev.chronobiology.com\/sv\/#website"},"datePublished":"2023-07-18T14:39:39+00:00","dateModified":"2023-07-18T14:39:40+00:00","breadcrumb":{"@id":"https:\/\/dev.chronobiology.com\/sv\/krononutrition\/hormoner-styr-vara-atmonster-ett-viktigt-faktum\/#breadcrumb"},"inLanguage":"sv-SE","potentialAction":[{"@type":"ReadAction","target":["https:\/\/dev.chronobiology.com\/sv\/krononutrition\/hormoner-styr-vara-atmonster-ett-viktigt-faktum\/"]}]},{"@type":"BreadcrumbList","@id":"https:\/\/dev.chronobiology.com\/sv\/krononutrition\/hormoner-styr-vara-atmonster-ett-viktigt-faktum\/#breadcrumb","itemListElement":[{"@type":"ListItem","position":1,"name":"Home","item":"https:\/\/dev.chronobiology.com\/sv\/"},{"@type":"ListItem","position":2,"name":"Krononutrition\u2122","item":"https:\/\/dev.chronobiology.com\/sv\/krononutrition\/"},{"@type":"ListItem","position":3,"name":"Hormoner styr v\u00e5ra \u00e4tm\u00f6nster &#8211; ett viktigt faktum"}]},{"@type":"WebSite","@id":"https:\/\/dev.chronobiology.com\/sv\/#website","url":"https:\/\/dev.chronobiology.com\/sv\/","name":"Chronobiology.com","description":"","publisher":{"@id":"https:\/\/dev.chronobiology.com\/sv\/#organization"},"potentialAction":[{"@type":"SearchAction","target":{"@type":"EntryPoint","urlTemplate":"https:\/\/dev.chronobiology.com\/sv\/?s={search_term_string}"},"query-input":{"@type":"PropertyValueSpecification","valueRequired":true,"valueName":"search_term_string"}}],"inLanguage":"sv-SE"},{"@type":"Organization","@id":"https:\/\/dev.chronobiology.com\/sv\/#organization","name":"Chronobiology","url":"https:\/\/dev.chronobiology.com\/sv\/","logo":{"@type":"ImageObject","inLanguage":"sv-SE","@id":"https:\/\/dev.chronobiology.com\/sv\/#\/schema\/logo\/image\/","url":"https:\/\/www.chronobiology.com\/wp-content\/uploads\/2019\/01\/chronobiology_logo_en_r.png","contentUrl":"https:\/\/www.chronobiology.com\/wp-content\/uploads\/2019\/01\/chronobiology_logo_en_r.png","width":375,"height":90,"caption":"Chronobiology"},"image":{"@id":"https:\/\/dev.chronobiology.com\/sv\/#\/schema\/logo\/image\/"},"sameAs":["https:\/\/www.facebook.com\/chronobiology","https:\/\/x.com\/chronobionews","https:\/\/www.instagram.com\/chronobiology\/","https:\/\/www.pinterest.com\/chronobiology\/"]}]}},"_links":{"self":[{"href":"https:\/\/dev.chronobiology.com\/sv\/wp-json\/wp\/v2\/pages\/54357"}],"collection":[{"href":"https:\/\/dev.chronobiology.com\/sv\/wp-json\/wp\/v2\/pages"}],"about":[{"href":"https:\/\/dev.chronobiology.com\/sv\/wp-json\/wp\/v2\/types\/page"}],"author":[{"embeddable":true,"href":"https:\/\/dev.chronobiology.com\/sv\/wp-json\/wp\/v2\/users\/15"}],"replies":[{"embeddable":true,"href":"https:\/\/dev.chronobiology.com\/sv\/wp-json\/wp\/v2\/comments?post=54357"}],"version-history":[{"count":2,"href":"https:\/\/dev.chronobiology.com\/sv\/wp-json\/wp\/v2\/pages\/54357\/revisions"}],"predecessor-version":[{"id":54359,"href":"https:\/\/dev.chronobiology.com\/sv\/wp-json\/wp\/v2\/pages\/54357\/revisions\/54359"}],"up":[{"embeddable":true,"href":"https:\/\/dev.chronobiology.com\/sv\/wp-json\/wp\/v2\/pages\/54342"}],"wp:attachment":[{"href":"https:\/\/dev.chronobiology.com\/sv\/wp-json\/wp\/v2\/media?parent=54357"}],"wp:term":[{"taxonomy":"category","embeddable":true,"href":"https:\/\/dev.chronobiology.com\/sv\/wp-json\/wp\/v2\/categories?post=54357"}],"curies":[{"name":"wp","href":"https:\/\/api.w.org\/{rel}","templated":true}]}}