{"id":54351,"date":"2023-07-18T07:35:06","date_gmt":"2023-07-18T14:35:06","guid":{"rendered":"https:\/\/www.chronobiology.com\/krononutrition\/protein-for-fyllning\/"},"modified":"2023-07-18T07:35:08","modified_gmt":"2023-07-18T14:35:08","slug":"protein-for-fyllning","status":"publish","type":"page","link":"https:\/\/dev.chronobiology.com\/sv\/krononutrition\/protein-for-fyllning\/","title":{"rendered":"Protein f\u00f6r fyllning"},"content":{"rendered":"<div class=\"wpb-content-wrapper\"><p>[vc_row full_width=&#8221;stretch_row&#8221; el_class=&#8221;banner-top&#8221; css=&#8221;.vc_custom_1567494117077{background-image: url(https:\/\/www.chronobiology.com\/wp-content\/uploads\/2019\/09\/filling-protein.jpg?id=30284) !important;}&#8221;][vc_column][vc_custom_heading source=&#8221;post_title&#8221; font_container=&#8221;tag:h1|text_align:center&#8221; use_theme_fonts=&#8221;yes&#8221;][\/vc_column][\/vc_row][vc_row][vc_column][vc_column_text]Protein \u00e4r mycket viktigt inom kronobiologin, eftersom proteiner \u00e4r viktiga byggstenar f\u00f6r hormoner, muskler och enzymer. De h\u00e5ller ocks\u00e5 insulinniv\u00e5erna relativt l\u00e5ga efter m\u00e5ltider och g\u00f6r att vi k\u00e4nner oss m\u00e4tta snabbt, som du kanske redan vet &#8211; tv\u00e5 bra sk\u00e4l till att \u00e4ta en proteinrik m\u00e5ltid p\u00e5 kv\u00e4llen. 30 % av din dagliga kost b\u00f6r helst komma fr\u00e5n proteinrika livsmedel som k\u00f6tt, fisk, \u00e4gg och mejeriprodukter.<\/p>\n<p>F\u00f6rs\u00f6k att undvika animaliskt protein p\u00e5 morgonen och l\u00e4gg i st\u00e4llet till det i lunchen. Du kan \u00e4ta enstaka \u00e4gg till frukost (t.ex. en eller tv\u00e5 g\u00e5nger i veckan), men proteinrika m\u00e5ltider \u00e4r b\u00e4st p\u00e5 kv\u00e4llen: vi garanterar att du snart kommer att sluta sakna kolhydratr\u00e4tter till din middag. Proteiner bidrar ocks\u00e5 till att du k\u00e4nner dig m\u00e4tt i m\u00e5nga timmar och sover b\u00e4ttre, medan hungern kommer tillbaka f\u00f6rst p\u00e5 morgonen.[\/vc_column_text][\/vc_column][\/vc_row]<\/p>\n<\/div>","protected":false},"excerpt":{"rendered":"<p>[vc_row full_width=&#8221;stretch_row&#8221; el_class=&#8221;banner-top&#8221; css=&#8221;.vc_custom_1567494117077{background-image: url(https:\/\/www.chronobiology.com\/wp-content\/uploads\/2019\/09\/filling-protein.jpg?id=30284) !important;}&#8221;][vc_column][vc_custom_heading source=&#8221;post_title&#8221; font_container=&#8221;tag:h1|text_align:center&#8221; use_theme_fonts=&#8221;yes&#8221;][\/vc_column][\/vc_row][vc_row][vc_column][vc_column_text]Protein \u00e4r mycket viktigt inom kronobiologin, eftersom proteiner \u00e4r viktiga byggstenar f\u00f6r hormoner, muskler och enzymer. De h\u00e5ller ocks\u00e5 insulinniv\u00e5erna relativt l\u00e5ga efter m\u00e5ltider och g\u00f6r att vi k\u00e4nner oss m\u00e4tta snabbt, som du kanske redan vet &#8211; tv\u00e5 bra sk\u00e4l till att \u00e4ta en proteinrik m\u00e5ltid [&hellip;]<\/p>\n","protected":false},"author":15,"featured_media":0,"parent":54342,"menu_order":0,"comment_status":"closed","ping_status":"closed","template":"","meta":{"_acf_changed":false,"_genesis_hide_title":false,"_genesis_hide_breadcrumbs":false,"_genesis_hide_singular_image":false,"_genesis_hide_footer_widgets":false,"_genesis_custom_body_class":"","_genesis_custom_post_class":"","_genesis_layout":"","footnotes":""},"categories":[],"class_list":{"0":"post-54351","1":"page","2":"type-page","3":"status-publish","5":"entry","6":"has-post-thumbnail"},"acf":[],"yoast_head":"<!-- This site is optimized with the Yoast SEO Premium plugin v23.4 (Yoast SEO v23.4) - https:\/\/yoast.com\/wordpress\/plugins\/seo\/ -->\n<title>Protein f\u00f6r fyllning &#8211; Chronobiology.com<\/title>\n<meta name=\"robots\" content=\"index, follow, max-snippet:-1, max-image-preview:large, max-video-preview:-1\" \/>\n<link rel=\"canonical\" href=\"https:\/\/dev.chronobiology.com\/sv\/krononutrition\/protein-for-fyllning\/\" \/>\n<meta property=\"og:locale\" content=\"sv_SE\" \/>\n<meta property=\"og:type\" content=\"article\" \/>\n<meta property=\"og:title\" content=\"Protein f\u00f6r fyllning\" \/>\n<meta property=\"og:description\" content=\"[vc_row full_width=&#8221;stretch_row&#8221; el_class=&#8221;banner-top&#8221; css=&#8221;.vc_custom_1567494117077{background-image: url(https:\/\/www.chronobiology.com\/wp-content\/uploads\/2019\/09\/filling-protein.jpg?id=30284) !important;}&#8221;][vc_column][vc_custom_heading source=&#8221;post_title&#8221; font_container=&#8221;tag:h1|text_align:center&#8221; use_theme_fonts=&#8221;yes&#8221;][\/vc_column][\/vc_row][vc_row][vc_column][vc_column_text]Protein \u00e4r mycket viktigt inom kronobiologin, eftersom proteiner \u00e4r viktiga byggstenar f\u00f6r hormoner, muskler och enzymer. De h\u00e5ller ocks\u00e5 insulinniv\u00e5erna relativt l\u00e5ga efter m\u00e5ltider och g\u00f6r att vi k\u00e4nner oss m\u00e4tta snabbt, som du kanske redan vet &#8211; tv\u00e5 bra sk\u00e4l till att \u00e4ta en proteinrik m\u00e5ltid [&hellip;]\" \/>\n<meta property=\"og:url\" content=\"https:\/\/dev.chronobiology.com\/sv\/krononutrition\/protein-for-fyllning\/\" \/>\n<meta property=\"og:site_name\" content=\"Chronobiology.com\" \/>\n<meta property=\"article:publisher\" content=\"https:\/\/www.facebook.com\/chronobiology\" \/>\n<meta property=\"article:modified_time\" content=\"2023-07-18T14:35:08+00:00\" \/>\n<meta name=\"twitter:card\" content=\"summary_large_image\" \/>\n<meta name=\"twitter:site\" content=\"@chronobionews\" \/>\n<meta name=\"twitter:label1\" content=\"Ber\u00e4knad l\u00e4stid\" \/>\n\t<meta name=\"twitter:data1\" content=\"1 minut\" \/>\n<script type=\"application\/ld+json\" class=\"yoast-schema-graph\">{\"@context\":\"https:\/\/schema.org\",\"@graph\":[{\"@type\":\"WebPage\",\"@id\":\"https:\/\/dev.chronobiology.com\/sv\/krononutrition\/protein-for-fyllning\/\",\"url\":\"https:\/\/dev.chronobiology.com\/sv\/krononutrition\/protein-for-fyllning\/\",\"name\":\"Protein f\u00f6r fyllning &#8211; Chronobiology.com\",\"isPartOf\":{\"@id\":\"https:\/\/dev.chronobiology.com\/sv\/#website\"},\"datePublished\":\"2023-07-18T14:35:06+00:00\",\"dateModified\":\"2023-07-18T14:35:08+00:00\",\"breadcrumb\":{\"@id\":\"https:\/\/dev.chronobiology.com\/sv\/krononutrition\/protein-for-fyllning\/#breadcrumb\"},\"inLanguage\":\"sv-SE\",\"potentialAction\":[{\"@type\":\"ReadAction\",\"target\":[\"https:\/\/dev.chronobiology.com\/sv\/krononutrition\/protein-for-fyllning\/\"]}]},{\"@type\":\"BreadcrumbList\",\"@id\":\"https:\/\/dev.chronobiology.com\/sv\/krononutrition\/protein-for-fyllning\/#breadcrumb\",\"itemListElement\":[{\"@type\":\"ListItem\",\"position\":1,\"name\":\"Home\",\"item\":\"https:\/\/dev.chronobiology.com\/sv\/\"},{\"@type\":\"ListItem\",\"position\":2,\"name\":\"Krononutrition\u2122\",\"item\":\"https:\/\/dev.chronobiology.com\/sv\/krononutrition\/\"},{\"@type\":\"ListItem\",\"position\":3,\"name\":\"Protein f\u00f6r fyllning\"}]},{\"@type\":\"WebSite\",\"@id\":\"https:\/\/dev.chronobiology.com\/sv\/#website\",\"url\":\"https:\/\/dev.chronobiology.com\/sv\/\",\"name\":\"Chronobiology.com\",\"description\":\"\",\"publisher\":{\"@id\":\"https:\/\/dev.chronobiology.com\/sv\/#organization\"},\"potentialAction\":[{\"@type\":\"SearchAction\",\"target\":{\"@type\":\"EntryPoint\",\"urlTemplate\":\"https:\/\/dev.chronobiology.com\/sv\/?s={search_term_string}\"},\"query-input\":{\"@type\":\"PropertyValueSpecification\",\"valueRequired\":true,\"valueName\":\"search_term_string\"}}],\"inLanguage\":\"sv-SE\"},{\"@type\":\"Organization\",\"@id\":\"https:\/\/dev.chronobiology.com\/sv\/#organization\",\"name\":\"Chronobiology\",\"url\":\"https:\/\/dev.chronobiology.com\/sv\/\",\"logo\":{\"@type\":\"ImageObject\",\"inLanguage\":\"sv-SE\",\"@id\":\"https:\/\/dev.chronobiology.com\/sv\/#\/schema\/logo\/image\/\",\"url\":\"https:\/\/www.chronobiology.com\/wp-content\/uploads\/2019\/01\/chronobiology_logo_en_r.png\",\"contentUrl\":\"https:\/\/www.chronobiology.com\/wp-content\/uploads\/2019\/01\/chronobiology_logo_en_r.png\",\"width\":375,\"height\":90,\"caption\":\"Chronobiology\"},\"image\":{\"@id\":\"https:\/\/dev.chronobiology.com\/sv\/#\/schema\/logo\/image\/\"},\"sameAs\":[\"https:\/\/www.facebook.com\/chronobiology\",\"https:\/\/x.com\/chronobionews\",\"https:\/\/www.instagram.com\/chronobiology\/\",\"https:\/\/www.pinterest.com\/chronobiology\/\"]}]}<\/script>\n<!-- \/ Yoast SEO Premium plugin. -->","yoast_head_json":{"title":"Protein f\u00f6r fyllning &#8211; Chronobiology.com","robots":{"index":"index","follow":"follow","max-snippet":"max-snippet:-1","max-image-preview":"max-image-preview:large","max-video-preview":"max-video-preview:-1"},"canonical":"https:\/\/dev.chronobiology.com\/sv\/krononutrition\/protein-for-fyllning\/","og_locale":"sv_SE","og_type":"article","og_title":"Protein f\u00f6r fyllning","og_description":"[vc_row full_width=&#8221;stretch_row&#8221; el_class=&#8221;banner-top&#8221; css=&#8221;.vc_custom_1567494117077{background-image: url(https:\/\/www.chronobiology.com\/wp-content\/uploads\/2019\/09\/filling-protein.jpg?id=30284) !important;}&#8221;][vc_column][vc_custom_heading source=&#8221;post_title&#8221; font_container=&#8221;tag:h1|text_align:center&#8221; use_theme_fonts=&#8221;yes&#8221;][\/vc_column][\/vc_row][vc_row][vc_column][vc_column_text]Protein \u00e4r mycket viktigt inom kronobiologin, eftersom proteiner \u00e4r viktiga byggstenar f\u00f6r hormoner, muskler och enzymer. De h\u00e5ller ocks\u00e5 insulinniv\u00e5erna relativt l\u00e5ga efter m\u00e5ltider och g\u00f6r att vi k\u00e4nner oss m\u00e4tta snabbt, som du kanske redan vet &#8211; tv\u00e5 bra sk\u00e4l till att \u00e4ta en proteinrik m\u00e5ltid [&hellip;]","og_url":"https:\/\/dev.chronobiology.com\/sv\/krononutrition\/protein-for-fyllning\/","og_site_name":"Chronobiology.com","article_publisher":"https:\/\/www.facebook.com\/chronobiology","article_modified_time":"2023-07-18T14:35:08+00:00","twitter_card":"summary_large_image","twitter_site":"@chronobionews","twitter_misc":{"Ber\u00e4knad l\u00e4stid":"1 minut"},"schema":{"@context":"https:\/\/schema.org","@graph":[{"@type":"WebPage","@id":"https:\/\/dev.chronobiology.com\/sv\/krononutrition\/protein-for-fyllning\/","url":"https:\/\/dev.chronobiology.com\/sv\/krononutrition\/protein-for-fyllning\/","name":"Protein f\u00f6r fyllning &#8211; Chronobiology.com","isPartOf":{"@id":"https:\/\/dev.chronobiology.com\/sv\/#website"},"datePublished":"2023-07-18T14:35:06+00:00","dateModified":"2023-07-18T14:35:08+00:00","breadcrumb":{"@id":"https:\/\/dev.chronobiology.com\/sv\/krononutrition\/protein-for-fyllning\/#breadcrumb"},"inLanguage":"sv-SE","potentialAction":[{"@type":"ReadAction","target":["https:\/\/dev.chronobiology.com\/sv\/krononutrition\/protein-for-fyllning\/"]}]},{"@type":"BreadcrumbList","@id":"https:\/\/dev.chronobiology.com\/sv\/krononutrition\/protein-for-fyllning\/#breadcrumb","itemListElement":[{"@type":"ListItem","position":1,"name":"Home","item":"https:\/\/dev.chronobiology.com\/sv\/"},{"@type":"ListItem","position":2,"name":"Krononutrition\u2122","item":"https:\/\/dev.chronobiology.com\/sv\/krononutrition\/"},{"@type":"ListItem","position":3,"name":"Protein f\u00f6r fyllning"}]},{"@type":"WebSite","@id":"https:\/\/dev.chronobiology.com\/sv\/#website","url":"https:\/\/dev.chronobiology.com\/sv\/","name":"Chronobiology.com","description":"","publisher":{"@id":"https:\/\/dev.chronobiology.com\/sv\/#organization"},"potentialAction":[{"@type":"SearchAction","target":{"@type":"EntryPoint","urlTemplate":"https:\/\/dev.chronobiology.com\/sv\/?s={search_term_string}"},"query-input":{"@type":"PropertyValueSpecification","valueRequired":true,"valueName":"search_term_string"}}],"inLanguage":"sv-SE"},{"@type":"Organization","@id":"https:\/\/dev.chronobiology.com\/sv\/#organization","name":"Chronobiology","url":"https:\/\/dev.chronobiology.com\/sv\/","logo":{"@type":"ImageObject","inLanguage":"sv-SE","@id":"https:\/\/dev.chronobiology.com\/sv\/#\/schema\/logo\/image\/","url":"https:\/\/www.chronobiology.com\/wp-content\/uploads\/2019\/01\/chronobiology_logo_en_r.png","contentUrl":"https:\/\/www.chronobiology.com\/wp-content\/uploads\/2019\/01\/chronobiology_logo_en_r.png","width":375,"height":90,"caption":"Chronobiology"},"image":{"@id":"https:\/\/dev.chronobiology.com\/sv\/#\/schema\/logo\/image\/"},"sameAs":["https:\/\/www.facebook.com\/chronobiology","https:\/\/x.com\/chronobionews","https:\/\/www.instagram.com\/chronobiology\/","https:\/\/www.pinterest.com\/chronobiology\/"]}]}},"_links":{"self":[{"href":"https:\/\/dev.chronobiology.com\/sv\/wp-json\/wp\/v2\/pages\/54351"}],"collection":[{"href":"https:\/\/dev.chronobiology.com\/sv\/wp-json\/wp\/v2\/pages"}],"about":[{"href":"https:\/\/dev.chronobiology.com\/sv\/wp-json\/wp\/v2\/types\/page"}],"author":[{"embeddable":true,"href":"https:\/\/dev.chronobiology.com\/sv\/wp-json\/wp\/v2\/users\/15"}],"replies":[{"embeddable":true,"href":"https:\/\/dev.chronobiology.com\/sv\/wp-json\/wp\/v2\/comments?post=54351"}],"version-history":[{"count":2,"href":"https:\/\/dev.chronobiology.com\/sv\/wp-json\/wp\/v2\/pages\/54351\/revisions"}],"predecessor-version":[{"id":54353,"href":"https:\/\/dev.chronobiology.com\/sv\/wp-json\/wp\/v2\/pages\/54351\/revisions\/54353"}],"up":[{"embeddable":true,"href":"https:\/\/dev.chronobiology.com\/sv\/wp-json\/wp\/v2\/pages\/54342"}],"wp:attachment":[{"href":"https:\/\/dev.chronobiology.com\/sv\/wp-json\/wp\/v2\/media?parent=54351"}],"wp:term":[{"taxonomy":"category","embeddable":true,"href":"https:\/\/dev.chronobiology.com\/sv\/wp-json\/wp\/v2\/categories?post=54351"}],"curies":[{"name":"wp","href":"https:\/\/api.w.org\/{rel}","templated":true}]}}