{"id":54342,"date":"2023-07-18T07:15:58","date_gmt":"2023-07-18T14:15:58","guid":{"rendered":"https:\/\/www.chronobiology.com\/krononutrition\/"},"modified":"2023-07-18T07:16:01","modified_gmt":"2023-07-18T14:16:01","slug":"krononutrition","status":"publish","type":"page","link":"https:\/\/dev.chronobiology.com\/sv\/krononutrition\/","title":{"rendered":"Krononutrition\u2122"},"content":{"rendered":"<div class=\"wpb-content-wrapper\"><p>[vc_row full_width=&#8221;stretch_row&#8221; css=&#8221;.vc_custom_1479387610301{background-image: url(https:\/\/www.chronobiology.com\/wp-content\/uploads\/2016\/06\/brain-and-psyche-11.jpg?id=9163) !important;}&#8221; el_class=&#8221;banner-top&#8221;][vc_column][vc_custom_heading source=&#8221;post_title&#8221; font_container=&#8221;tag:h1|text_align:center&#8221; use_theme_fonts=&#8221;yes&#8221;][\/vc_column][\/vc_row][vc_row][vc_column][vc_column_text]<\/p>\n<h2>Vad \u00e4r krononutrition?<\/h2>\n<p>Vill du g\u00e5 ner i vikt utan att r\u00e4kna kalorier, g\u00e5 med i en klubb eller bara \u00e4ta flytande f\u00f6da? Letar du efter en metod som lovar varaktig framg\u00e5ng utan n\u00e5gra yoyo-effekter? Vill du ocks\u00e5 g\u00e5 ner i vikt snabbt och sakta ner \u00e5ldringsprocessen samtidigt? Eller vill du helt enkelt f\u00f6lja en h\u00e4lsosam, balanserad diet som ocks\u00e5 \u00e4r l\u00e4tt att integrera i ditt dagliga liv?<\/p>\n<p>D\u00e5 har vi l\u00f6sningen: Chrononutrition, som hj\u00e4lper dig att komma n\u00e4rmare din \u00f6nskade figur samtidigt som du g\u00f6r n\u00e5got f\u00f6r din h\u00e4lsa, utan att beh\u00f6va ge upp din favoritmat.<\/p>\n<p>Chrononutrition \u00e4r ett l\u00e5ngsiktigt livsstilskoncept som hj\u00e4lper dig att optimera din vikt och anpassa dina biologiska processer till respektive tid p\u00e5 dygnet. Till exempel anpassas m\u00e5ltiderna till kroppens naturliga rytmer, det vill s\u00e4ga n\u00e4r kroppen optimalt kan absorbera och bearbeta vissa livsmedel. Njutning och variation garanteras vid varje m\u00e5ltid.<\/p>\n<h3>Hur fungerar Chrononutrition?<\/h3>\n<p>H\u00e4lsosam kost inneb\u00e4r framf\u00f6r allt en sak: att \u00e4ta enligt din inre klocka! Vissa biologiska rytmer under dagen kr\u00e4ver olika livsmedel vid vissa tidpunkter. D\u00e4rf\u00f6r \u00e4r det inte bara avg\u00f6rande hur mycket vi \u00e4ter, utan snarare N\u00c4R vi \u00e4ter VAD.<\/p>\n<h4>Den viktigaste grundregeln \u00e4r: 3 m\u00e5ltider om dagen \u00e4r tillr\u00e4ckligt!<\/h4>\n<p>Det finns bara tre m\u00e5ltider per dag: frukost, lunch och middag. Inga mellanm\u00e5l \u00e4r till\u00e5tna. Var f\u00f6rsiktig: det b\u00f6r g\u00e5 fem till sex timmar mellan m\u00e5ltiderna. P\u00e5 s\u00e5 s\u00e4tt kan blodsockerniv\u00e5n sjunka efter m\u00e5ltiderna. Dessutom anv\u00e4nder \u00e4mnesoms\u00e4ttningen energi fr\u00e5n fettdep\u00e5er under den l\u00e5nga natten. Endast p\u00e5 detta s\u00e4tt kan kroppen attackera och riva djupt lagrade fettreserver.<\/p>\n<h4>Vad kan \u00e4tas vid vilken m\u00e5ltid?<\/h4>\n<p>Nyckeln till framg\u00e5ng \u00e4r dock inte bara att f\u00f6lja grunderna f\u00f6r krononutrition, det vill s\u00e4ga n\u00e4r man ska \u00e4ta eller inte \u00e4ta n\u00e5got. Vad du \u00e4ter vid varje m\u00e5ltid \u00e4r ocks\u00e5 viktigt, eftersom sockerarter, fetter och proteiner bearbetas olika av kroppen vid olika tidpunkter p\u00e5 dagen.<\/p>\n<p><em>Frukost:<\/em><\/p>\n<p>Frukost \u00e4r dagens viktigaste m\u00e5ltid och utg\u00f6r grunden f\u00f6r hur kroppens \u00e4mnesoms\u00e4ttning fungerar under hela dagen. Hoppa inte \u00f6ver den, eftersom det mesta av den dagliga n\u00e4ringen b\u00e4st konsumeras i b\u00f6rjan av dagen. F\u00f6r att starta dagen bra beh\u00f6ver vi kolhydrater i form av socker och st\u00e4rkelse vid frukost. F\u00f6r att undvika on\u00f6digt h\u00f6ga insulinspikar b\u00f6r socker endast tas l\u00e5ngsamt. D\u00e4rf\u00f6r \u00e4r det att f\u00f6redra att v\u00e4lja fullkornsprodukter. S\u00f6ta och vegetariska s\u00e5ser, frukt, m\u00fcsli och godis \u00e4r ocks\u00e5 till\u00e5tna. Animaliska proteiner som mj\u00f6lk, \u00e4gg, korv eller ost \u00e4r dock ett hinder, s\u00e5 de b\u00f6r undvikas.<\/p>\n<p><em>Lunch:<\/em><\/p>\n<p>Allt \u00e4r till\u00e5tet till lunch, b\u00e5de proteiner, fetter och kolhydrater. Men se till att inte \u00f6verdriva f\u00f6r att undvika en prestationssvacka under andra halvan av dagen. Det \u00e4r b\u00e4st att v\u00e4lja en balanserad blandning.<\/p>\n<p><em>Middag:<\/em><\/p>\n<p>Dagens sista m\u00e5ltid b\u00f6r best\u00e5 av proteiner och undvika socker och st\u00e4rkelse. Detta \u00e4r viktigt f\u00f6r att f\u00f6rbereda kroppen f\u00f6r \u00e5terh\u00e4mtande s\u00f6mn och f\u00f6r att undvika sv\u00e5ra hungerattacker under de 12 timmarna f\u00f6re frukost.<\/p>\n<p>Var f\u00f6rsiktig s\u00e5 att du inte \u00e4ter f\u00f6r mycket och \u00e4ter alla livsmedel vid varje m\u00e5ltid. Snarare rekommenderas en balanserad kost som f\u00f6ljer kronobiologins lagar.<\/p>\n<p>[\/vc_column_text][\/vc_column][\/vc_row][vc_row el_class=&#8221;melatonin-boxes&#8221;][vc_column width=&#8221;1\/4&#8243; css=&#8221;.vc_custom_1567493534410{background-image: url(https:\/\/www.chronobiology.com\/wp-content\/uploads\/2019\/09\/chronodiet.jpg?id=30259) !important;}&#8221; el_class=&#8221;melatonin-box&#8221;][vc_custom_heading text=&#8221;Fasta&#8221; font_container=&#8221;tag:h4|text_align:center&#8221; use_theme_fonts=&#8221;yes&#8221; link=&#8221;url:https%3A%2F%2Fwww.chronobiology.com%2Fsv%2Fthe-benefits-of-fasting-2%2F|title:F%C3%B6rdelarna%20med%20fasta|&#8221;][\/vc_column][vc_column width=&#8221;1\/4&#8243; el_class=&#8221;melatonin-box&#8221; css=&#8221;.vc_custom_1567493969145{background-image: url(https:\/\/www.chronobiology.com\/wp-content\/uploads\/2019\/09\/chronodiet-2.jpg?id=30276) !important;}&#8221;][vc_custom_heading text=&#8221;Kolhydrater&#8221; font_container=&#8221;tag:h4|text_align:center&#8221; use_theme_fonts=&#8221;yes&#8221; link=&#8221;url:https%3A%2F%2Fwww.chronobiology.com%2Fsv%2Fdont-be-afraid-of-carbohydrates-2%2F|title:Var%20inte%20r%C3%A4dd%20f%C3%B6r%20kolhydrater|&#8221;][\/vc_column][vc_column width=&#8221;1\/4&#8243; el_class=&#8221;melatonin-box&#8221; css=&#8221;.vc_custom_1567494245618{background-image: url(https:\/\/www.chronobiology.com\/wp-content\/uploads\/2019\/09\/chronodiet-4.jpg?id=30291) !important;}&#8221;][vc_custom_heading text=&#8221;Protein&#8221; font_container=&#8221;tag:h4|text_align:center&#8221; use_theme_fonts=&#8221;yes&#8221; link=&#8221;url:https%3A%2F%2Fwww.chronobiology.com%2Fsv%2Ffilling-protein-2%2F|title:Protein%20f%C3%B6r%20fyllning|&#8221;][\/vc_column][vc_column width=&#8221;1\/4&#8243; el_class=&#8221;melatonin-box&#8221; css=&#8221;.vc_custom_1567494475544{background-image: url(https:\/\/www.chronobiology.com\/wp-content\/uploads\/2019\/09\/chronodiet-5.jpg?id=30305) !important;}&#8221;][vc_custom_heading text=&#8221;Fetter&#8221; font_container=&#8221;tag:h4|text_align:center&#8221; use_theme_fonts=&#8221;yes&#8221; link=&#8221;url:https%3A%2F%2Fwww.chronobiology.com%2Fsv%2Ffats-in-moderation-2%2F|title:Fetter%20i%20m%C3%A5ttlig%20m%C3%A4ngd|&#8221;][\/vc_column][\/vc_row][vc_row el_class=&#8221;melatonin-boxes last-boxes&#8221;][vc_column width=&#8221;1\/3&#8243; css=&#8221;.vc_custom_1567494876941{background-image: url(https:\/\/www.chronobiology.com\/wp-content\/uploads\/2019\/09\/chronodiet-6.jpg?id=30320) !important;}&#8221; el_class=&#8221;melatonin-box&#8221;][vc_custom_heading text=&#8221;Hormoner&#8221; font_container=&#8221;tag:h4|text_align:center&#8221; use_theme_fonts=&#8221;yes&#8221; link=&#8221;url:https%3A%2F%2Fwww.chronobiology.com%2Fchronodiet%2Fhormones-define-our-eating-patterns%2F|title:Hormoner%20styr%20v%C3%A5ra%20%C3%A4tm%C3%B6nster%20-%20ett%20viktigt%20faktum|&#8221;][\/vc_column][vc_column width=&#8221;1\/3&#8243; el_class=&#8221;melatonin-box&#8221; css=&#8221;.vc_custom_1567495083838{background-image: url(https:\/\/www.chronobiology.com\/wp-content\/uploads\/2019\/09\/chronodiet-7.jpg?id=30335) !important;}&#8221;][vc_custom_heading text=&#8221;Snacks&#8221; font_container=&#8221;tag:h4|text_align:center&#8221; use_theme_fonts=&#8221;yes&#8221; link=&#8221;url:https%3A%2F%2Fwww.chronobiology.com%2Fsv%2Fhands-off-the-snacks-2%2F|title:Bort%20med%20snacksen|&#8221;][\/vc_column][vc_column width=&#8221;1\/3&#8243; el_class=&#8221;melatonin-box&#8221; css=&#8221;.vc_custom_1567495376254{background-image: url(https:\/\/www.chronobiology.com\/wp-content\/uploads\/2019\/09\/chronodiet-8.jpg?id=30350) !important;}&#8221;][vc_custom_heading text=&#8221;N\u00e4ringsplan&#8221; font_container=&#8221;tag:h4|text_align:center&#8221; use_theme_fonts=&#8221;yes&#8221; link=&#8221;url:https%3A%2F%2Fwww.chronobiology.com%2Fsv%2Fstarter-nutrition-plan-2%2F|title:N%C3%A4ringsplan|&#8221;][\/vc_column][\/vc_row]<\/p>\n<\/div>","protected":false},"excerpt":{"rendered":"<p>[vc_row full_width=&#8221;stretch_row&#8221; css=&#8221;.vc_custom_1479387610301{background-image: url(https:\/\/www.chronobiology.com\/wp-content\/uploads\/2016\/06\/brain-and-psyche-11.jpg?id=9163) !important;}&#8221; el_class=&#8221;banner-top&#8221;][vc_column][vc_custom_heading source=&#8221;post_title&#8221; font_container=&#8221;tag:h1|text_align:center&#8221; use_theme_fonts=&#8221;yes&#8221;][\/vc_column][\/vc_row][vc_row][vc_column][vc_column_text] Vad \u00e4r krononutrition? Vill du g\u00e5 ner i vikt utan att r\u00e4kna kalorier, g\u00e5 med i en klubb eller bara \u00e4ta flytande f\u00f6da? Letar du efter en metod som lovar varaktig framg\u00e5ng utan n\u00e5gra yoyo-effekter? Vill du ocks\u00e5 g\u00e5 ner i vikt snabbt och sakta ner [&hellip;]<\/p>\n","protected":false},"author":11,"featured_media":47939,"parent":0,"menu_order":0,"comment_status":"open","ping_status":"closed","template":"","meta":{"_acf_changed":false,"_genesis_hide_title":false,"_genesis_hide_breadcrumbs":false,"_genesis_hide_singular_image":false,"_genesis_hide_footer_widgets":false,"_genesis_custom_body_class":"","_genesis_custom_post_class":"","_genesis_layout":"full-width-content","footnotes":""},"categories":[313],"class_list":{"0":"post-54342","1":"page","2":"type-page","3":"status-publish","4":"has-post-thumbnail","6":"category-kronodiet","7":"entry"},"acf":[],"yoast_head":"<!-- This site is optimized with the Yoast SEO Premium plugin v23.4 (Yoast SEO v23.4) - https:\/\/yoast.com\/wordpress\/plugins\/seo\/ -->\n<title>Krononutrition\u2122 &#8211; Chronobiology.com<\/title>\n<meta name=\"robots\" content=\"index, follow, max-snippet:-1, max-image-preview:large, max-video-preview:-1\" \/>\n<link rel=\"canonical\" href=\"https:\/\/dev.chronobiology.com\/sv\/krononutrition\/\" \/>\n<meta property=\"og:locale\" content=\"sv_SE\" \/>\n<meta property=\"og:type\" content=\"article\" \/>\n<meta property=\"og:title\" content=\"Krononutrition\u2122\" \/>\n<meta property=\"og:description\" content=\"[vc_row full_width=&#8221;stretch_row&#8221; css=&#8221;.vc_custom_1479387610301{background-image: url(https:\/\/www.chronobiology.com\/wp-content\/uploads\/2016\/06\/brain-and-psyche-11.jpg?id=9163) !important;}&#8221; el_class=&#8221;banner-top&#8221;][vc_column][vc_custom_heading source=&#8221;post_title&#8221; font_container=&#8221;tag:h1|text_align:center&#8221; use_theme_fonts=&#8221;yes&#8221;][\/vc_column][\/vc_row][vc_row][vc_column][vc_column_text] Vad \u00e4r krononutrition? Vill du g\u00e5 ner i vikt utan att r\u00e4kna kalorier, g\u00e5 med i en klubb eller bara \u00e4ta flytande f\u00f6da? Letar du efter en metod som lovar varaktig framg\u00e5ng utan n\u00e5gra yoyo-effekter? Vill du ocks\u00e5 g\u00e5 ner i vikt snabbt och sakta ner [&hellip;]\" \/>\n<meta property=\"og:url\" content=\"https:\/\/dev.chronobiology.com\/sv\/krononutrition\/\" \/>\n<meta property=\"og:site_name\" content=\"Chronobiology.com\" \/>\n<meta property=\"article:publisher\" content=\"https:\/\/www.facebook.com\/chronobiology\" \/>\n<meta property=\"article:modified_time\" content=\"2023-07-18T14:16:01+00:00\" \/>\n<meta property=\"og:image\" content=\"https:\/\/dev.chronobiology.com\/wp-content\/uploads\/2016\/06\/brain-and-psyche-6.jpg\" \/>\n\t<meta property=\"og:image:width\" content=\"1800\" \/>\n\t<meta property=\"og:image:height\" content=\"449\" \/>\n\t<meta property=\"og:image:type\" content=\"image\/jpeg\" \/>\n<meta name=\"twitter:card\" content=\"summary_large_image\" \/>\n<meta name=\"twitter:site\" content=\"@chronobionews\" \/>\n<meta name=\"twitter:label1\" content=\"Ber\u00e4knad l\u00e4stid\" \/>\n\t<meta name=\"twitter:data1\" content=\"5 minuter\" \/>\n<script type=\"application\/ld+json\" class=\"yoast-schema-graph\">{\"@context\":\"https:\/\/schema.org\",\"@graph\":[{\"@type\":\"WebPage\",\"@id\":\"https:\/\/dev.chronobiology.com\/sv\/krononutrition\/\",\"url\":\"https:\/\/dev.chronobiology.com\/sv\/krononutrition\/\",\"name\":\"Krononutrition\u2122 &#8211; Chronobiology.com\",\"isPartOf\":{\"@id\":\"https:\/\/dev.chronobiology.com\/sv\/#website\"},\"primaryImageOfPage\":{\"@id\":\"https:\/\/dev.chronobiology.com\/sv\/krononutrition\/#primaryimage\"},\"image\":{\"@id\":\"https:\/\/dev.chronobiology.com\/sv\/krononutrition\/#primaryimage\"},\"thumbnailUrl\":\"https:\/\/dev.chronobiology.com\/wp-content\/uploads\/2016\/06\/brain-and-psyche-6.jpg\",\"datePublished\":\"2023-07-18T14:15:58+00:00\",\"dateModified\":\"2023-07-18T14:16:01+00:00\",\"breadcrumb\":{\"@id\":\"https:\/\/dev.chronobiology.com\/sv\/krononutrition\/#breadcrumb\"},\"inLanguage\":\"sv-SE\",\"potentialAction\":[{\"@type\":\"ReadAction\",\"target\":[\"https:\/\/dev.chronobiology.com\/sv\/krononutrition\/\"]}]},{\"@type\":\"ImageObject\",\"inLanguage\":\"sv-SE\",\"@id\":\"https:\/\/dev.chronobiology.com\/sv\/krononutrition\/#primaryimage\",\"url\":\"https:\/\/dev.chronobiology.com\/wp-content\/uploads\/2016\/06\/brain-and-psyche-6.jpg\",\"contentUrl\":\"https:\/\/dev.chronobiology.com\/wp-content\/uploads\/2016\/06\/brain-and-psyche-6.jpg\",\"width\":1800,\"height\":449},{\"@type\":\"BreadcrumbList\",\"@id\":\"https:\/\/dev.chronobiology.com\/sv\/krononutrition\/#breadcrumb\",\"itemListElement\":[{\"@type\":\"ListItem\",\"position\":1,\"name\":\"Home\",\"item\":\"https:\/\/dev.chronobiology.com\/sv\/\"},{\"@type\":\"ListItem\",\"position\":2,\"name\":\"Krononutrition\u2122\"}]},{\"@type\":\"WebSite\",\"@id\":\"https:\/\/dev.chronobiology.com\/sv\/#website\",\"url\":\"https:\/\/dev.chronobiology.com\/sv\/\",\"name\":\"Chronobiology.com\",\"description\":\"\",\"publisher\":{\"@id\":\"https:\/\/dev.chronobiology.com\/sv\/#organization\"},\"potentialAction\":[{\"@type\":\"SearchAction\",\"target\":{\"@type\":\"EntryPoint\",\"urlTemplate\":\"https:\/\/dev.chronobiology.com\/sv\/?s={search_term_string}\"},\"query-input\":{\"@type\":\"PropertyValueSpecification\",\"valueRequired\":true,\"valueName\":\"search_term_string\"}}],\"inLanguage\":\"sv-SE\"},{\"@type\":\"Organization\",\"@id\":\"https:\/\/dev.chronobiology.com\/sv\/#organization\",\"name\":\"Chronobiology\",\"url\":\"https:\/\/dev.chronobiology.com\/sv\/\",\"logo\":{\"@type\":\"ImageObject\",\"inLanguage\":\"sv-SE\",\"@id\":\"https:\/\/dev.chronobiology.com\/sv\/#\/schema\/logo\/image\/\",\"url\":\"https:\/\/www.chronobiology.com\/wp-content\/uploads\/2019\/01\/chronobiology_logo_en_r.png\",\"contentUrl\":\"https:\/\/www.chronobiology.com\/wp-content\/uploads\/2019\/01\/chronobiology_logo_en_r.png\",\"width\":375,\"height\":90,\"caption\":\"Chronobiology\"},\"image\":{\"@id\":\"https:\/\/dev.chronobiology.com\/sv\/#\/schema\/logo\/image\/\"},\"sameAs\":[\"https:\/\/www.facebook.com\/chronobiology\",\"https:\/\/x.com\/chronobionews\",\"https:\/\/www.instagram.com\/chronobiology\/\",\"https:\/\/www.pinterest.com\/chronobiology\/\"]}]}<\/script>\n<!-- \/ Yoast SEO Premium plugin. -->","yoast_head_json":{"title":"Krononutrition\u2122 &#8211; Chronobiology.com","robots":{"index":"index","follow":"follow","max-snippet":"max-snippet:-1","max-image-preview":"max-image-preview:large","max-video-preview":"max-video-preview:-1"},"canonical":"https:\/\/dev.chronobiology.com\/sv\/krononutrition\/","og_locale":"sv_SE","og_type":"article","og_title":"Krononutrition\u2122","og_description":"[vc_row full_width=&#8221;stretch_row&#8221; css=&#8221;.vc_custom_1479387610301{background-image: url(https:\/\/www.chronobiology.com\/wp-content\/uploads\/2016\/06\/brain-and-psyche-11.jpg?id=9163) !important;}&#8221; el_class=&#8221;banner-top&#8221;][vc_column][vc_custom_heading source=&#8221;post_title&#8221; font_container=&#8221;tag:h1|text_align:center&#8221; use_theme_fonts=&#8221;yes&#8221;][\/vc_column][\/vc_row][vc_row][vc_column][vc_column_text] Vad \u00e4r krononutrition? Vill du g\u00e5 ner i vikt utan att r\u00e4kna kalorier, g\u00e5 med i en klubb eller bara \u00e4ta flytande f\u00f6da? Letar du efter en metod som lovar varaktig framg\u00e5ng utan n\u00e5gra yoyo-effekter? Vill du ocks\u00e5 g\u00e5 ner i vikt snabbt och sakta ner [&hellip;]","og_url":"https:\/\/dev.chronobiology.com\/sv\/krononutrition\/","og_site_name":"Chronobiology.com","article_publisher":"https:\/\/www.facebook.com\/chronobiology","article_modified_time":"2023-07-18T14:16:01+00:00","og_image":[{"width":1800,"height":449,"url":"https:\/\/dev.chronobiology.com\/wp-content\/uploads\/2016\/06\/brain-and-psyche-6.jpg","type":"image\/jpeg"}],"twitter_card":"summary_large_image","twitter_site":"@chronobionews","twitter_misc":{"Ber\u00e4knad l\u00e4stid":"5 minuter"},"schema":{"@context":"https:\/\/schema.org","@graph":[{"@type":"WebPage","@id":"https:\/\/dev.chronobiology.com\/sv\/krononutrition\/","url":"https:\/\/dev.chronobiology.com\/sv\/krononutrition\/","name":"Krononutrition\u2122 &#8211; Chronobiology.com","isPartOf":{"@id":"https:\/\/dev.chronobiology.com\/sv\/#website"},"primaryImageOfPage":{"@id":"https:\/\/dev.chronobiology.com\/sv\/krononutrition\/#primaryimage"},"image":{"@id":"https:\/\/dev.chronobiology.com\/sv\/krononutrition\/#primaryimage"},"thumbnailUrl":"https:\/\/dev.chronobiology.com\/wp-content\/uploads\/2016\/06\/brain-and-psyche-6.jpg","datePublished":"2023-07-18T14:15:58+00:00","dateModified":"2023-07-18T14:16:01+00:00","breadcrumb":{"@id":"https:\/\/dev.chronobiology.com\/sv\/krononutrition\/#breadcrumb"},"inLanguage":"sv-SE","potentialAction":[{"@type":"ReadAction","target":["https:\/\/dev.chronobiology.com\/sv\/krononutrition\/"]}]},{"@type":"ImageObject","inLanguage":"sv-SE","@id":"https:\/\/dev.chronobiology.com\/sv\/krononutrition\/#primaryimage","url":"https:\/\/dev.chronobiology.com\/wp-content\/uploads\/2016\/06\/brain-and-psyche-6.jpg","contentUrl":"https:\/\/dev.chronobiology.com\/wp-content\/uploads\/2016\/06\/brain-and-psyche-6.jpg","width":1800,"height":449},{"@type":"BreadcrumbList","@id":"https:\/\/dev.chronobiology.com\/sv\/krononutrition\/#breadcrumb","itemListElement":[{"@type":"ListItem","position":1,"name":"Home","item":"https:\/\/dev.chronobiology.com\/sv\/"},{"@type":"ListItem","position":2,"name":"Krononutrition\u2122"}]},{"@type":"WebSite","@id":"https:\/\/dev.chronobiology.com\/sv\/#website","url":"https:\/\/dev.chronobiology.com\/sv\/","name":"Chronobiology.com","description":"","publisher":{"@id":"https:\/\/dev.chronobiology.com\/sv\/#organization"},"potentialAction":[{"@type":"SearchAction","target":{"@type":"EntryPoint","urlTemplate":"https:\/\/dev.chronobiology.com\/sv\/?s={search_term_string}"},"query-input":{"@type":"PropertyValueSpecification","valueRequired":true,"valueName":"search_term_string"}}],"inLanguage":"sv-SE"},{"@type":"Organization","@id":"https:\/\/dev.chronobiology.com\/sv\/#organization","name":"Chronobiology","url":"https:\/\/dev.chronobiology.com\/sv\/","logo":{"@type":"ImageObject","inLanguage":"sv-SE","@id":"https:\/\/dev.chronobiology.com\/sv\/#\/schema\/logo\/image\/","url":"https:\/\/www.chronobiology.com\/wp-content\/uploads\/2019\/01\/chronobiology_logo_en_r.png","contentUrl":"https:\/\/www.chronobiology.com\/wp-content\/uploads\/2019\/01\/chronobiology_logo_en_r.png","width":375,"height":90,"caption":"Chronobiology"},"image":{"@id":"https:\/\/dev.chronobiology.com\/sv\/#\/schema\/logo\/image\/"},"sameAs":["https:\/\/www.facebook.com\/chronobiology","https:\/\/x.com\/chronobionews","https:\/\/www.instagram.com\/chronobiology\/","https:\/\/www.pinterest.com\/chronobiology\/"]}]}},"_links":{"self":[{"href":"https:\/\/dev.chronobiology.com\/sv\/wp-json\/wp\/v2\/pages\/54342"}],"collection":[{"href":"https:\/\/dev.chronobiology.com\/sv\/wp-json\/wp\/v2\/pages"}],"about":[{"href":"https:\/\/dev.chronobiology.com\/sv\/wp-json\/wp\/v2\/types\/page"}],"author":[{"embeddable":true,"href":"https:\/\/dev.chronobiology.com\/sv\/wp-json\/wp\/v2\/users\/11"}],"replies":[{"embeddable":true,"href":"https:\/\/dev.chronobiology.com\/sv\/wp-json\/wp\/v2\/comments?post=54342"}],"version-history":[{"count":2,"href":"https:\/\/dev.chronobiology.com\/sv\/wp-json\/wp\/v2\/pages\/54342\/revisions"}],"predecessor-version":[{"id":54344,"href":"https:\/\/dev.chronobiology.com\/sv\/wp-json\/wp\/v2\/pages\/54342\/revisions\/54344"}],"wp:featuredmedia":[{"embeddable":true,"href":"https:\/\/dev.chronobiology.com\/sv\/wp-json\/wp\/v2\/media\/47939"}],"wp:attachment":[{"href":"https:\/\/dev.chronobiology.com\/sv\/wp-json\/wp\/v2\/media?parent=54342"}],"wp:term":[{"taxonomy":"category","embeddable":true,"href":"https:\/\/dev.chronobiology.com\/sv\/wp-json\/wp\/v2\/categories?post=54342"}],"curies":[{"name":"wp","href":"https:\/\/api.w.org\/{rel}","templated":true}]}}