{"id":54326,"date":"2023-07-17T07:12:49","date_gmt":"2023-07-17T14:12:49","guid":{"rendered":"https:\/\/www.chronobiology.com\/melatonin-och-kronobiologi\/"},"modified":"2023-07-17T07:12:51","modified_gmt":"2023-07-17T14:12:51","slug":"melatonin-och-kronobiologi","status":"publish","type":"page","link":"https:\/\/dev.chronobiology.com\/sv\/melatonin-och-kronobiologi\/","title":{"rendered":"Melatonin och kronobiologi"},"content":{"rendered":"<div class=\"wpb-content-wrapper\"><p>[vc_row full_width=&#8221;stretch_row&#8221; css=&#8221;.vc_custom_1479387610301{background-image: url(https:\/\/www.chronobiology.com\/wp-content\/uploads\/2016\/06\/brain-and-psyche-11.jpg?id=9163) !important;}&#8221; el_class=&#8221;banner-top&#8221;][vc_column][vc_custom_heading source=&#8221;post_title&#8221; font_container=&#8221;tag:h1|text_align:center&#8221; use_theme_fonts=&#8221;yes&#8221;][\/vc_column][\/vc_row][vc_row el_class=&#8221;melatoninfacts&#8221;][vc_column][vc_column_text]Melatonin, \u00e4ven k\u00e4nt som &#8221;kronobiologins moderhormon&#8221;, \u00e4r ett hormon som bildas i tallkottk\u00f6rteln. Denna process beror p\u00e5 signaler fr\u00e5n den suprachiasmatiska k\u00e4rnan i hypotalamus, som reglerar den cirkadiska rytmen. N\u00e4r n\u00e4thinnan inte l\u00e4ngre k\u00e4nner av lika mycket bl\u00e5tt v\u00e5gl\u00e4ngdsljus informeras den suprachiasmatiska k\u00e4rnan och f\u00e5r tallkottk\u00f6rteln att b\u00f6rja tillverka melatonin. N\u00e4r n\u00e4thinnan k\u00e4nner av tidig morgon upph\u00f6r melatoninproduktionen och ist\u00e4llet produceras hormoner som f\u00f6rknippas med vakenhet. Denna cykel bidrar till att skapa en dygnsrytm, eller 24-timmars s\u00f6mn-vakenhetscykel.<\/p>\n<p>Melatonin har en mycket kort halveringstid p\u00e5 cirka 30 minuter. Eftersom det bryts ned s\u00e5 snabbt m\u00e5ste det produceras kontinuerligt under hela natten f\u00f6r att uppr\u00e4tth\u00e5lla en god s\u00f6mn. Hos personer med en sund dygnsrytm stiger melatoninniv\u00e5erna snabbt efter m\u00f6rkrets inbrott och ligger p\u00e5 en plat\u00e5 under hela natten fram till tidig morgon. Dessa h\u00f6ga niv\u00e5er \u00e4r viktiga inte bara f\u00f6r att somna, utan ocks\u00e5 f\u00f6r att sova djupt och vilsamt. Melatoninniv\u00e5erna sjunker sedan kraftigt tidigt p\u00e5 morgonen f\u00f6r att m\u00e4nniskor ska kunna vakna till f\u00f6ljd av \u00f6kande ljusniv\u00e5er.[\/vc_column_text][\/vc_column][\/vc_row][vc_row][vc_column][vc_column_text]<\/p>\n<h2>Pulserande melatonin:<\/h2>\n<h2>Ett b\u00e4ttre alternativ f\u00f6r att bibeh\u00e5lla naturliga dygnsrytmer<\/h2>\n<p>[\/vc_column_text][\/vc_column][\/vc_row][vc_row][vc_column width=&#8221;1\/2&#8243;][vc_column_text]Pulserande melatonin \u00e4r ett tillskott som \u00e4r formulerat f\u00f6r att fris\u00e4ttas i m\u00e4ngder som efterliknar h\u00e4lsosamma, naturliga melatoninniv\u00e5er. Det metaboliseras s\u00e5 att niv\u00e5erna stiger kraftigt efter att tillskottet tagits och sedan ligger kvar p\u00e5 en h\u00f6g plat\u00e5 i flera timmar. Niv\u00e5erna sjunker sedan kraftigt f\u00f6r att m\u00f6jligg\u00f6ra uppvaknande. Detta efterliknar de h\u00e4lsosamma, normala dygnsrytmcykler som \u00e4r kopplade till vilsam s\u00f6mn.<\/p>\n<p>Forskning inom kronobiologi har visat att uppr\u00e4tth\u00e5llandet av melatonincykler \u00e4r viktigt inte bara f\u00f6r en god s\u00f6mn utan \u00e4ven f\u00f6r den allm\u00e4nna h\u00e4lsan. Av den anledningen rekommenderar allt fler h\u00e4lsoexperter pulsatilt melatonin som det idealiska melatonintillskottet. Det st\u00e4mmer b\u00e4ttre \u00f6verens med de naturliga niv\u00e5erna av melatonin i en frisk hj\u00e4rna. Att uppr\u00e4tth\u00e5lla en h\u00e4lsosam dygnsrytm \u00e4r viktigt f\u00f6r h\u00e4lsan, s\u00e5 pulserande melatonintillskott \u00e4r vanligtvis det b\u00e4sta alternativet.[\/vc_column_text][\/vc_column][vc_column width=&#8221;1\/2&#8243;][vc_single_image image=&#8221;20173&#8243; img_size=&#8221;full&#8221; alignment=&#8221;center&#8221; style=&#8221;vc_box_shadow&#8221;][\/vc_column][\/vc_row][vc_row el_class=&#8221;melatonin-boxes&#8221;][vc_column width=&#8221;1\/4&#8243; css=&#8221;.vc_custom_1479394730197{background-image: url(https:\/\/www.chronobiology.com\/wp-content\/uploads\/2016\/11\/history_small.jpg?id=11729) !important;}&#8221; el_class=&#8221;melatonin-box&#8221;][vc_custom_heading text=&#8221;Historia&#8221; font_container=&#8221;tag:h4|text_align:center&#8221; use_theme_fonts=&#8221;yes&#8221; link=&#8221;url:https%3A%2F%2Fwww.chronobiology.com%2Fmelatonin-chronobiology%2Fmelatonin-history%2F|&#8221;][\/vc_column][vc_column width=&#8221;1\/4&#8243; el_class=&#8221;melatonin-box&#8221; css=&#8221;.vc_custom_1479398743982{background-image: url(https:\/\/www.chronobiology.com\/wp-content\/uploads\/2016\/11\/tasks_small.jpg?id=11735) !important;}&#8221;][vc_custom_heading text=&#8221;Uppgifter&#8221; font_container=&#8221;tag:h4|text_align:center&#8221; use_theme_fonts=&#8221;yes&#8221; link=&#8221;url:https%3A%2F%2Fwww.chronobiology.com%2Fmelatonin-chronobiology%2Fmelatonin-tasks%2F|&#8221;][\/vc_column][vc_column width=&#8221;1\/4&#8243; el_class=&#8221;melatonin-box&#8221; css=&#8221;.vc_custom_1479399341009{background-image: url(https:\/\/www.chronobiology.com\/wp-content\/uploads\/2016\/11\/mechanism_small.jpg?id=11739) !important;}&#8221;][vc_custom_heading text=&#8221;Mekanism&#8221; font_container=&#8221;tag:h4|text_align:center&#8221; use_theme_fonts=&#8221;yes&#8221; link=&#8221;url:https%3A%2F%2Fwww.chronobiology.com%2Fmelatonin-chronobiology%2Fmechanism%2F|&#8221;][\/vc_column][vc_column width=&#8221;1\/4&#8243; el_class=&#8221;melatonin-box&#8221; css=&#8221;.vc_custom_1479399271751{background-image: url(https:\/\/www.chronobiology.com\/wp-content\/uploads\/2016\/11\/melatonin_production_small.jpg?id=11738) !important;}&#8221;][vc_custom_heading text=&#8221;Melatoninproduktion och \u00e5lder&#8221; font_container=&#8221;tag:h4|text_align:center&#8221; use_theme_fonts=&#8221;yes&#8221; link=&#8221;url:https%3A%2F%2Fwww.chronobiology.com%2Fmelatonin-chronobiology%2Fmelatonin-production-age%2F|&#8221;][\/vc_column][\/vc_row][vc_row el_class=&#8221;melatonin-boxes last-boxes&#8221;][vc_column width=&#8221;1\/3&#8243; css=&#8221;.vc_custom_1479399423047{background-image: url(https:\/\/www.chronobiology.com\/wp-content\/uploads\/2016\/11\/indications_small.jpg?id=11737) !important;}&#8221; el_class=&#8221;melatonin-box&#8221;][vc_custom_heading text=&#8221;Indikationer&#8221; font_container=&#8221;tag:h4|text_align:center&#8221; use_theme_fonts=&#8221;yes&#8221; link=&#8221;url:https%3A%2F%2Fwww.chronobiology.com%2Fmelatonin-chronobiology%2Findications%2F|&#8221;][\/vc_column][vc_column width=&#8221;1\/3&#8243; el_class=&#8221;melatonin-box&#8221; css=&#8221;.vc_custom_1479399778167{background-image: url(https:\/\/www.chronobiology.com\/wp-content\/uploads\/2016\/11\/disturbances_small.jpg?id=11744) !important;}&#8221;][vc_custom_heading text=&#8221;Exogena s\u00f6mnst\u00f6rningar&#8221; font_container=&#8221;tag:h4|text_align:center&#8221; use_theme_fonts=&#8221;yes&#8221; link=&#8221;url:https%3A%2F%2Fwww.chronobiology.com%2Fmelatonin-chronobiology%2Fexogenous-sleep-disturbances%2F|&#8221;][\/vc_column][vc_column width=&#8221;1\/3&#8243; el_class=&#8221;melatonin-box&#8221; css=&#8221;.vc_custom_1479399800243{background-image: url(https:\/\/www.chronobiology.com\/wp-content\/uploads\/2016\/11\/dosage_small.jpg?id=11745) !important;}&#8221;][vc_custom_heading text=&#8221;Dosering och eventuella biverkningar&#8221; font_container=&#8221;tag:h4|text_align:center&#8221; use_theme_fonts=&#8221;yes&#8221; link=&#8221;url:https%3A%2F%2Fwww.chronobiology.com%2Fsv%2Fdosering-och-eventuella-biverkningar%2F|&#8221;][\/vc_column][\/vc_row]<\/p>\n<\/div>","protected":false},"excerpt":{"rendered":"<p>[vc_row full_width=&#8221;stretch_row&#8221; css=&#8221;.vc_custom_1479387610301{background-image: url(https:\/\/www.chronobiology.com\/wp-content\/uploads\/2016\/06\/brain-and-psyche-11.jpg?id=9163) !important;}&#8221; el_class=&#8221;banner-top&#8221;][vc_column][vc_custom_heading source=&#8221;post_title&#8221; font_container=&#8221;tag:h1|text_align:center&#8221; use_theme_fonts=&#8221;yes&#8221;][\/vc_column][\/vc_row][vc_row el_class=&#8221;melatoninfacts&#8221;][vc_column][vc_column_text]Melatonin, \u00e4ven k\u00e4nt som &#8221;kronobiologins moderhormon&#8221;, \u00e4r ett hormon som bildas i tallkottk\u00f6rteln. Denna process beror p\u00e5 signaler fr\u00e5n den suprachiasmatiska k\u00e4rnan i hypotalamus, som reglerar den cirkadiska rytmen. N\u00e4r n\u00e4thinnan inte l\u00e4ngre k\u00e4nner av lika mycket bl\u00e5tt v\u00e5gl\u00e4ngdsljus informeras den suprachiasmatiska k\u00e4rnan och f\u00e5r tallkottk\u00f6rteln [&hellip;]<\/p>\n","protected":false},"author":15,"featured_media":0,"parent":0,"menu_order":0,"comment_status":"closed","ping_status":"closed","template":"","meta":{"_acf_changed":false,"_genesis_hide_title":false,"_genesis_hide_breadcrumbs":false,"_genesis_hide_singular_image":false,"_genesis_hide_footer_widgets":false,"_genesis_custom_body_class":"","_genesis_custom_post_class":"","_genesis_layout":"full-width-content","footnotes":""},"categories":[326,324],"class_list":{"0":"post-54326","1":"page","2":"type-page","3":"status-publish","5":"category-melatonin-sv","6":"category-somn","7":"entry","8":"has-post-thumbnail"},"acf":[],"yoast_head":"<!-- This site is optimized with the Yoast SEO Premium plugin v23.4 (Yoast SEO v23.4) - https:\/\/yoast.com\/wordpress\/plugins\/seo\/ -->\n<title>Melatonin och kronobiologi &#8211; Chronobiology.com<\/title>\n<meta name=\"robots\" content=\"index, follow, max-snippet:-1, max-image-preview:large, max-video-preview:-1\" \/>\n<link rel=\"canonical\" href=\"https:\/\/dev.chronobiology.com\/sv\/melatonin-och-kronobiologi\/\" \/>\n<meta property=\"og:locale\" content=\"sv_SE\" \/>\n<meta property=\"og:type\" content=\"article\" \/>\n<meta property=\"og:title\" content=\"Melatonin och kronobiologi\" \/>\n<meta property=\"og:description\" content=\"[vc_row full_width=&#8221;stretch_row&#8221; css=&#8221;.vc_custom_1479387610301{background-image: url(https:\/\/www.chronobiology.com\/wp-content\/uploads\/2016\/06\/brain-and-psyche-11.jpg?id=9163) !important;}&#8221; el_class=&#8221;banner-top&#8221;][vc_column][vc_custom_heading source=&#8221;post_title&#8221; font_container=&#8221;tag:h1|text_align:center&#8221; use_theme_fonts=&#8221;yes&#8221;][\/vc_column][\/vc_row][vc_row el_class=&#8221;melatoninfacts&#8221;][vc_column][vc_column_text]Melatonin, \u00e4ven k\u00e4nt som &#8221;kronobiologins moderhormon&#8221;, \u00e4r ett hormon som bildas i tallkottk\u00f6rteln. Denna process beror p\u00e5 signaler fr\u00e5n den suprachiasmatiska k\u00e4rnan i hypotalamus, som reglerar den cirkadiska rytmen. N\u00e4r n\u00e4thinnan inte l\u00e4ngre k\u00e4nner av lika mycket bl\u00e5tt v\u00e5gl\u00e4ngdsljus informeras den suprachiasmatiska k\u00e4rnan och f\u00e5r tallkottk\u00f6rteln [&hellip;]\" \/>\n<meta property=\"og:url\" content=\"https:\/\/dev.chronobiology.com\/sv\/melatonin-och-kronobiologi\/\" \/>\n<meta property=\"og:site_name\" content=\"Chronobiology.com\" \/>\n<meta property=\"article:publisher\" content=\"https:\/\/www.facebook.com\/chronobiology\" \/>\n<meta property=\"article:modified_time\" content=\"2023-07-17T14:12:51+00:00\" \/>\n<meta name=\"twitter:card\" content=\"summary_large_image\" \/>\n<meta name=\"twitter:site\" content=\"@chronobionews\" \/>\n<meta name=\"twitter:label1\" content=\"Ber\u00e4knad l\u00e4stid\" \/>\n\t<meta name=\"twitter:data1\" content=\"4 minuter\" \/>\n<script type=\"application\/ld+json\" class=\"yoast-schema-graph\">{\"@context\":\"https:\/\/schema.org\",\"@graph\":[{\"@type\":\"WebPage\",\"@id\":\"https:\/\/dev.chronobiology.com\/sv\/melatonin-och-kronobiologi\/\",\"url\":\"https:\/\/dev.chronobiology.com\/sv\/melatonin-och-kronobiologi\/\",\"name\":\"Melatonin och kronobiologi &#8211; Chronobiology.com\",\"isPartOf\":{\"@id\":\"https:\/\/dev.chronobiology.com\/sv\/#website\"},\"datePublished\":\"2023-07-17T14:12:49+00:00\",\"dateModified\":\"2023-07-17T14:12:51+00:00\",\"breadcrumb\":{\"@id\":\"https:\/\/dev.chronobiology.com\/sv\/melatonin-och-kronobiologi\/#breadcrumb\"},\"inLanguage\":\"sv-SE\",\"potentialAction\":[{\"@type\":\"ReadAction\",\"target\":[\"https:\/\/dev.chronobiology.com\/sv\/melatonin-och-kronobiologi\/\"]}]},{\"@type\":\"BreadcrumbList\",\"@id\":\"https:\/\/dev.chronobiology.com\/sv\/melatonin-och-kronobiologi\/#breadcrumb\",\"itemListElement\":[{\"@type\":\"ListItem\",\"position\":1,\"name\":\"Home\",\"item\":\"https:\/\/dev.chronobiology.com\/sv\/\"},{\"@type\":\"ListItem\",\"position\":2,\"name\":\"Melatonin och kronobiologi\"}]},{\"@type\":\"WebSite\",\"@id\":\"https:\/\/dev.chronobiology.com\/sv\/#website\",\"url\":\"https:\/\/dev.chronobiology.com\/sv\/\",\"name\":\"Chronobiology.com\",\"description\":\"\",\"publisher\":{\"@id\":\"https:\/\/dev.chronobiology.com\/sv\/#organization\"},\"potentialAction\":[{\"@type\":\"SearchAction\",\"target\":{\"@type\":\"EntryPoint\",\"urlTemplate\":\"https:\/\/dev.chronobiology.com\/sv\/?s={search_term_string}\"},\"query-input\":{\"@type\":\"PropertyValueSpecification\",\"valueRequired\":true,\"valueName\":\"search_term_string\"}}],\"inLanguage\":\"sv-SE\"},{\"@type\":\"Organization\",\"@id\":\"https:\/\/dev.chronobiology.com\/sv\/#organization\",\"name\":\"Chronobiology\",\"url\":\"https:\/\/dev.chronobiology.com\/sv\/\",\"logo\":{\"@type\":\"ImageObject\",\"inLanguage\":\"sv-SE\",\"@id\":\"https:\/\/dev.chronobiology.com\/sv\/#\/schema\/logo\/image\/\",\"url\":\"https:\/\/www.chronobiology.com\/wp-content\/uploads\/2019\/01\/chronobiology_logo_en_r.png\",\"contentUrl\":\"https:\/\/www.chronobiology.com\/wp-content\/uploads\/2019\/01\/chronobiology_logo_en_r.png\",\"width\":375,\"height\":90,\"caption\":\"Chronobiology\"},\"image\":{\"@id\":\"https:\/\/dev.chronobiology.com\/sv\/#\/schema\/logo\/image\/\"},\"sameAs\":[\"https:\/\/www.facebook.com\/chronobiology\",\"https:\/\/x.com\/chronobionews\",\"https:\/\/www.instagram.com\/chronobiology\/\",\"https:\/\/www.pinterest.com\/chronobiology\/\"]}]}<\/script>\n<!-- \/ Yoast SEO Premium plugin. -->","yoast_head_json":{"title":"Melatonin och kronobiologi &#8211; Chronobiology.com","robots":{"index":"index","follow":"follow","max-snippet":"max-snippet:-1","max-image-preview":"max-image-preview:large","max-video-preview":"max-video-preview:-1"},"canonical":"https:\/\/dev.chronobiology.com\/sv\/melatonin-och-kronobiologi\/","og_locale":"sv_SE","og_type":"article","og_title":"Melatonin och kronobiologi","og_description":"[vc_row full_width=&#8221;stretch_row&#8221; css=&#8221;.vc_custom_1479387610301{background-image: url(https:\/\/www.chronobiology.com\/wp-content\/uploads\/2016\/06\/brain-and-psyche-11.jpg?id=9163) !important;}&#8221; el_class=&#8221;banner-top&#8221;][vc_column][vc_custom_heading source=&#8221;post_title&#8221; font_container=&#8221;tag:h1|text_align:center&#8221; use_theme_fonts=&#8221;yes&#8221;][\/vc_column][\/vc_row][vc_row el_class=&#8221;melatoninfacts&#8221;][vc_column][vc_column_text]Melatonin, \u00e4ven k\u00e4nt som &#8221;kronobiologins moderhormon&#8221;, \u00e4r ett hormon som bildas i tallkottk\u00f6rteln. Denna process beror p\u00e5 signaler fr\u00e5n den suprachiasmatiska k\u00e4rnan i hypotalamus, som reglerar den cirkadiska rytmen. N\u00e4r n\u00e4thinnan inte l\u00e4ngre k\u00e4nner av lika mycket bl\u00e5tt v\u00e5gl\u00e4ngdsljus informeras den suprachiasmatiska k\u00e4rnan och f\u00e5r tallkottk\u00f6rteln [&hellip;]","og_url":"https:\/\/dev.chronobiology.com\/sv\/melatonin-och-kronobiologi\/","og_site_name":"Chronobiology.com","article_publisher":"https:\/\/www.facebook.com\/chronobiology","article_modified_time":"2023-07-17T14:12:51+00:00","twitter_card":"summary_large_image","twitter_site":"@chronobionews","twitter_misc":{"Ber\u00e4knad l\u00e4stid":"4 minuter"},"schema":{"@context":"https:\/\/schema.org","@graph":[{"@type":"WebPage","@id":"https:\/\/dev.chronobiology.com\/sv\/melatonin-och-kronobiologi\/","url":"https:\/\/dev.chronobiology.com\/sv\/melatonin-och-kronobiologi\/","name":"Melatonin och kronobiologi &#8211; Chronobiology.com","isPartOf":{"@id":"https:\/\/dev.chronobiology.com\/sv\/#website"},"datePublished":"2023-07-17T14:12:49+00:00","dateModified":"2023-07-17T14:12:51+00:00","breadcrumb":{"@id":"https:\/\/dev.chronobiology.com\/sv\/melatonin-och-kronobiologi\/#breadcrumb"},"inLanguage":"sv-SE","potentialAction":[{"@type":"ReadAction","target":["https:\/\/dev.chronobiology.com\/sv\/melatonin-och-kronobiologi\/"]}]},{"@type":"BreadcrumbList","@id":"https:\/\/dev.chronobiology.com\/sv\/melatonin-och-kronobiologi\/#breadcrumb","itemListElement":[{"@type":"ListItem","position":1,"name":"Home","item":"https:\/\/dev.chronobiology.com\/sv\/"},{"@type":"ListItem","position":2,"name":"Melatonin och kronobiologi"}]},{"@type":"WebSite","@id":"https:\/\/dev.chronobiology.com\/sv\/#website","url":"https:\/\/dev.chronobiology.com\/sv\/","name":"Chronobiology.com","description":"","publisher":{"@id":"https:\/\/dev.chronobiology.com\/sv\/#organization"},"potentialAction":[{"@type":"SearchAction","target":{"@type":"EntryPoint","urlTemplate":"https:\/\/dev.chronobiology.com\/sv\/?s={search_term_string}"},"query-input":{"@type":"PropertyValueSpecification","valueRequired":true,"valueName":"search_term_string"}}],"inLanguage":"sv-SE"},{"@type":"Organization","@id":"https:\/\/dev.chronobiology.com\/sv\/#organization","name":"Chronobiology","url":"https:\/\/dev.chronobiology.com\/sv\/","logo":{"@type":"ImageObject","inLanguage":"sv-SE","@id":"https:\/\/dev.chronobiology.com\/sv\/#\/schema\/logo\/image\/","url":"https:\/\/www.chronobiology.com\/wp-content\/uploads\/2019\/01\/chronobiology_logo_en_r.png","contentUrl":"https:\/\/www.chronobiology.com\/wp-content\/uploads\/2019\/01\/chronobiology_logo_en_r.png","width":375,"height":90,"caption":"Chronobiology"},"image":{"@id":"https:\/\/dev.chronobiology.com\/sv\/#\/schema\/logo\/image\/"},"sameAs":["https:\/\/www.facebook.com\/chronobiology","https:\/\/x.com\/chronobionews","https:\/\/www.instagram.com\/chronobiology\/","https:\/\/www.pinterest.com\/chronobiology\/"]}]}},"_links":{"self":[{"href":"https:\/\/dev.chronobiology.com\/sv\/wp-json\/wp\/v2\/pages\/54326"}],"collection":[{"href":"https:\/\/dev.chronobiology.com\/sv\/wp-json\/wp\/v2\/pages"}],"about":[{"href":"https:\/\/dev.chronobiology.com\/sv\/wp-json\/wp\/v2\/types\/page"}],"author":[{"embeddable":true,"href":"https:\/\/dev.chronobiology.com\/sv\/wp-json\/wp\/v2\/users\/15"}],"replies":[{"embeddable":true,"href":"https:\/\/dev.chronobiology.com\/sv\/wp-json\/wp\/v2\/comments?post=54326"}],"version-history":[{"count":2,"href":"https:\/\/dev.chronobiology.com\/sv\/wp-json\/wp\/v2\/pages\/54326\/revisions"}],"predecessor-version":[{"id":54328,"href":"https:\/\/dev.chronobiology.com\/sv\/wp-json\/wp\/v2\/pages\/54326\/revisions\/54328"}],"wp:attachment":[{"href":"https:\/\/dev.chronobiology.com\/sv\/wp-json\/wp\/v2\/media?parent=54326"}],"wp:term":[{"taxonomy":"category","embeddable":true,"href":"https:\/\/dev.chronobiology.com\/sv\/wp-json\/wp\/v2\/categories?post=54326"}],"curies":[{"name":"wp","href":"https:\/\/api.w.org\/{rel}","templated":true}]}}