{"id":54315,"date":"2023-07-17T06:27:52","date_gmt":"2023-07-17T13:27:52","guid":{"rendered":"https:\/\/www.chronobiology.com\/startsida\/"},"modified":"2023-07-17T06:27:53","modified_gmt":"2023-07-17T13:27:53","slug":"startsida","status":"publish","type":"page","link":"https:\/\/dev.chronobiology.com\/sv\/","title":{"rendered":"Startsida"},"content":{"rendered":"<div class=\"wpb-content-wrapper\"><p>[vc_row full_width=&#8221;stretch_row&#8221; el_class=&#8221;home-top&#8221; css=&#8221;.vc_custom_1481849859307{background-image: url(https:\/\/www.chronobiology.com\/wp-content\/uploads\/2013\/04\/home_bg_2.jpg?id=11558) !important;background-position: center !important;background-repeat: no-repeat !important;background-size: cover !important;}&#8221;][vc_column][vc_column_text]<\/p>\n<h1 style=\"text-align: center;\">Kronobiologi<\/h1>\n<h2 style=\"text-align: center;\">Denna webbplats \u00e4r handlar om \u00a0historien, resultaten och framstegen inom kronobiologi<\/h2>\n<p>[\/vc_column_text][vc_column_text]<div class=\"latest_news\"><div class=\"wrap\"><div class=\"singleNews\"><a href=\"https:\/\/dev.chronobiology.com\/sv\/anvand-inte-skarmar-i-sangen-for-battre-somn\/\"><img decoding=\"async\" src=\"https:\/\/dev.chronobiology.com\/wp-content\/uploads\/2024\/09\/lll-1-358x200.png\" alt=\"Anv\u00e4nd inte sk\u00e4rmar i s\u00e4ngen f\u00f6r b\u00e4ttre s\u00f6mn\"><\/a><h4><a href=\"https:\/\/dev.chronobiology.com\/sv\/anvand-inte-skarmar-i-sangen-for-battre-somn\/\">Anv\u00e4nd inte sk\u00e4rmar i s\u00e4ngen f\u00f6r b\u00e4ttre s\u00f6mn<\/a><\/h4><p>En studie fr\u00e5n University of Otago visar, tv\u00e4rtemot vad m\u00e5nga tror, att tidpunkten f\u00f6r...<a class=\"more_link\" href=\"https:\/\/dev.chronobiology.com\/sv\/anvand-inte-skarmar-i-sangen-for-battre-somn\/\"> <\/a><\/p><\/div><div class=\"singleNews\"><a href=\"https:\/\/dev.chronobiology.com\/sv\/forskare-testar-ett-nytt-lakemedel-som-ar-utformat-for-att-lindra-hjartsvikt-och-somnapne\/\"><img decoding=\"async\" src=\"https:\/\/dev.chronobiology.com\/wp-content\/uploads\/2023\/04\/Shutterstock_1663310782-358x200.jpg\" alt=\"Forskare testar ett nytt l\u00e4kemedel som \u00e4r utformat f\u00f6r att lindra hj\u00e4rtsvikt och s\u00f6mnapn\u00e9\"><\/a><h4><a href=\"https:\/\/dev.chronobiology.com\/sv\/forskare-testar-ett-nytt-lakemedel-som-ar-utformat-for-att-lindra-hjartsvikt-och-somnapne\/\">Forskare testar ett nytt l\u00e4kemedel som \u00e4r utformat f\u00f6r att lindra hj\u00e4rtsvikt och s\u00f6mnapn\u00e9<\/a><\/h4><p>Hj\u00e4rtsvikt \u00e4r ett vanligt tillst\u00e5nd.\nI Europa lider mer \u00e4n 10 miljoner m\u00e4nniskor av h...<a class=\"more_link\" href=\"https:\/\/dev.chronobiology.com\/sv\/forskare-testar-ett-nytt-lakemedel-som-ar-utformat-for-att-lindra-hjartsvikt-och-somnapne\/\"> <\/a><\/p><\/div><div class=\"singleNews\"><a href=\"https:\/\/dev.chronobiology.com\/sv\/ny-forskning-visar-att-tandundersokningar-kan-vara-den-forsta-forsvarslinjen-mot-dodliga-somnstorningar\/\"><img decoding=\"async\" src=\"https:\/\/dev.chronobiology.com\/wp-content\/uploads\/2024\/09\/ayayay-358x200.png\" alt=\"Ny forskning visar att tandunders\u00f6kningar kan vara den f\u00f6rsta f\u00f6rsvarslinjen mot d\u00f6dliga s\u00f6mnst\u00f6rningar\"><\/a><h4><a href=\"https:\/\/dev.chronobiology.com\/sv\/ny-forskning-visar-att-tandundersokningar-kan-vara-den-forsta-forsvarslinjen-mot-dodliga-somnstorningar\/\">Ny forskning visar att tandunders\u00f6kningar kan vara den f\u00f6rsta f\u00f6rsvarslinjen mot d\u00f6dliga s\u00f6mnst\u00f6rningar<\/a><\/h4><p>En patient somnar i tandl\u00e4karstolen trots r\u00e4dslan f\u00f6r ett kommande ingrepp. En till syn...<a class=\"more_link\" href=\"https:\/\/dev.chronobiology.com\/sv\/ny-forskning-visar-att-tandundersokningar-kan-vara-den-forsta-forsvarslinjen-mot-dodliga-somnstorningar\/\"> <\/a><\/p><\/div><\/div><\/div>[\/vc_column_text][\/vc_column][\/vc_row][vc_row][vc_column width=&#8221;3\/4&#8243;][vc_column_text]<\/p>\n<article class=\"post-3056 page type-page status-publish entry\">\n<div class=\"entry-content\">\n<h2>LIVETS RHYTHM<\/h2>\n<\/div>\n<\/article>\n<p>[\/vc_column_text][vc_raw_html]PGRpdiBjbGFzcz0icmh5dGhtX29mX2xpZmUiPg0KPGRpdiBjbGFzcz0iY2xvY2tzIj48Y2FudmFzIGlkPSJjYW52YXMiIHdpZHRoPSIyMDAiIGhlaWdodD0iMjAwIj48c3Bhbj48c3Bhbj5Zb3VyIGJyb3dzZXIgZG9lcyBub3Qgc3VwcG9ydCB0aGUgQ0FOVkFTIGVsZW1lbnQgYWxhcyE8L3NwYW4+PC9zcGFuPg0KDQombmJzcDsNCg0KPC9jYW52YXM+PC9kaXY+DQo8L2Rpdj4NCjx0YWJsZSBjbGFzcz0icmh5dGhtLW1vYiI+DQo8dGJvZHk+DQo8dHI+DQo8dGQgY2xhc3M9InJoeXRobS1ibHVlIj4xIGEubS48L3RkPg0KPHRkPkRyZWFtIHRpbWU8L3RkPg0KPC90cj4NCjx0cj4NCjx0ZCBjbGFzcz0icmh5dGhtLWJsdWUiPjIgYS5tLjwvdGQ+DQo8dGQ+QWxsIHN5c3RlbXMgaW4gcmVnZW5lcmF0aW9uIG1vZGUgZXhjZXB0IGxpdmVyIGFuZCBza2luPC90ZD4NCjwvdHI+DQo8dHI+DQo8dGQgY2xhc3M9InJoeXRobS1ibHVlIj4zIGEubS48L3RkPg0KPHRkPkludGVuc2l2ZSBzbGVlcCBwaGFzZTwvdGQ+DQo8L3RyPg0KPHRyPg0KPHRkIGNsYXNzPSJyaHl0aG0tYmx1ZSI+NCBhLm0uPC90ZD4NCjx0ZD5MdW5ncyBtb3N0IGFjdGl2ZTwvdGQ+DQo8L3RyPg0KPHRyPg0KPHRkIGNsYXNzPSJyaHl0aG0tYmx1ZSI+NSBhLm0uPC90ZD4NCjx0ZD5LaWRuZXkgZnVuY3Rpb24gYXQgbG93ZXN0IHBvaW50PC90ZD4NCjwvdHI+DQo8dHI+DQo8dGQgY2xhc3M9InJoeXRobS1yZWQiPjYgYS5tLjwvdGQ+DQo8dGQ+VGhlIGJvZHkncyBzeXN0ZW1zIGF3YWtlbjwvdGQ+DQo8L3RyPg0KPHRyPg0KPHRkIGNsYXNzPSJyaHl0aG0tcmVkIj43LTkgYS5tLjwvdGQ+DQo8dGQ+SG9ybW9uZXMgYXQgdGhlaXIgcGVhazwvdGQ+DQo8L3RyPg0KPHRyPg0KPHRkIGNsYXNzPSJyaHl0aG0tcmVkIj44LTkgYS5tLjwvdGQ+DQo8dGQ+SGlnaGVzdCBwYWluIHRocmVzaG9sZDwvdGQ+DQo8L3RyPg0KPHRyPg0KPHRkIGNsYXNzPSJyaHl0aG0tcmVkIj4xMCBhLm0uIC0gMTIgbm9vbjwvdGQ+DQo8dGQ+RnVsbHkgZml0IGFuZCB3aWRlIGF3YWtlLCBicmFpbiBtb3N0IGVmZmljaWVudDwvdGQ+DQo8L3RyPg0KPHRyPg0KPHRkIGNsYXNzPSJyaHl0aG0tcmVkIj4xMiBub29uPC90ZD4NCjx0ZD5UaW1lIHRvIGVhdCBkaWdlc3Rpb24gaW4gdG9wIGdlYXI8L3RkPg0KPC90cj4NCjx0cj4NCjx0ZCBjbGFzcz0icmh5dGhtLXJlZCI+MS0yIHAubS48L3RkPg0KPHRkPkFmdGVybm9vbiBsb3csIHRpbWUgZm9yIGEgbmFwPC90ZD4NCjwvdHI+DQo8dHI+DQo8dGQgY2xhc3M9InJoeXRobS1yZWQiPjMtNCBwLm0uPC90ZD4NCjx0ZD5OZXcgdXBzd2luZzpwaGFzZSBvZiBsZWFybmluZyAmYW1wOyBsb2duIHRlcm0gbWVtb3J5PC90ZD4NCjwvdHI+DQo8dHI+DQo8dGQgY2xhc3M9InJoeXRobS1yZWQiPjUtNiBwLm0uPC90ZD4NCjx0ZD5TZWNvbmQgcGVhaywgYmVzdCB0aW1lIGZvciBtYW51YWwgd29yazwvdGQ+DQo8L3RyPg0KPHRyPg0KPHRkIGNsYXNzPSJyaHl0aG0tYmx1ZSI+Ni05IHAubS48L3RkPg0KPHRkPlJlZ2VuZXJhdGlvbiBhbmQgcmVsYXhhdGlvbiwgb3B0aW1hbCBzZW5zZSBvZiBzbWVsbCBhbmQgdGFzdGU8L3RkPg0KPC90cj4NCjx0cj4NCjx0ZCBjbGFzcz0icmh5dGhtLWJsdWUiPjkgcC5tLjwvdGQ+DQo8dGQ+U3RvbWFjaCByZXN0cyAtIHRpbWUgdG8gc3RvcCBlYXRpbmc8L3RkPg0KPC90cj4NCjx0cj4NCjx0ZCBjbGFzcz0icmh5dGhtLWJsdWUiPjExIHAubS48L3RkPg0KPHRkPlRpbWUgZm9yIGJlZDwvdGQ+DQo8L3RyPg0KPHRyPg0KPHRkIGNsYXNzPSJyaHl0aG0tYmx1ZSI+MTEgcC5tIC0gMSBhLm0uPC90ZD4NCjx0ZD5DcmVhdGl2aXR5IGF0IGl0cyBwZWFrPC90ZD4NCjwvdHI+DQo8L3Rib2R5Pg0KPC90YWJsZT4=[\/vc_raw_html][vc_column_text]<\/p>\n<h2>OM KRONOBIOLOGI<\/h2>\n<p>Den h\u00e4r webbplatsen handlar om kronobiologins historia, resultat och framsteg.<\/p>\n<p>Kronobiologi \u00e4r ett biologiskt omr\u00e5de som studerar hur v\u00e5r kropps naturliga cykler &#8211; mentala, fysiska och emotionella &#8211; p\u00e5verkas av solens och m\u00e5nens rytmer. Till exempel \u00e4r dygnsrytmen, en 24-timmarscykel av fysiologiska processer som sker i hela m\u00e4nniskokroppen, en viktig cykel i studien av kronobiologi.<\/p>\n<p>N\u00e4r dessa processer bryts ned, eller onormala tillst\u00e5nd uppst\u00e5r i m\u00e4nniskokroppen, \u00e4r det studier av kronobiologi som kan vara l\u00f6sningen.[\/vc_column_text][\/vc_column][vc_column width=&#8221;1\/4&#8243; el_class=&#8221;sidebar&#8221;][vc_wp_custommenu title=&#8221;H\u00e4lsof\u00f6rdelar med kronofarmakologi&#8221; nav_menu=&#8221;24&#8243;][\/vc_column][\/vc_row]<\/p>\n<\/div>","protected":false},"excerpt":{"rendered":"<p>[vc_row full_width=&#8221;stretch_row&#8221; el_class=&#8221;home-top&#8221; css=&#8221;.vc_custom_1481849859307{background-image: url(https:\/\/www.chronobiology.com\/wp-content\/uploads\/2013\/04\/home_bg_2.jpg?id=11558) !important;background-position: center !important;background-repeat: no-repeat !important;background-size: cover !important;}&#8221;][vc_column][vc_column_text] Kronobiologi Denna webbplats \u00e4r handlar om \u00a0historien, resultaten och framstegen inom kronobiologi [\/vc_column_text][vc_column_text][\/vc_column_text][\/vc_column][\/vc_row][vc_row][vc_column width=&#8221;3\/4&#8243;][vc_column_text] LIVETS RHYTHM [\/vc_column_text][vc_raw_html]PGRpdiBjbGFzcz0icmh5dGhtX29mX2xpZmUiPg0KPGRpdiBjbGFzcz0iY2xvY2tzIj48Y2FudmFzIGlkPSJjYW52YXMiIHdpZHRoPSIyMDAiIGhlaWdodD0iMjAwIj48c3Bhbj48c3Bhbj5Zb3VyIGJyb3dzZXIgZG9lcyBub3Qgc3VwcG9ydCB0aGUgQ0FOVkFTIGVsZW1lbnQgYWxhcyE8L3NwYW4+PC9zcGFuPg0KDQombmJzcDsNCg0KPC9jYW52YXM+PC9kaXY+DQo8L2Rpdj4NCjx0YWJsZSBjbGFzcz0icmh5dGhtLW1vYiI+DQo8dGJvZHk+DQo8dHI+DQo8dGQgY2xhc3M9InJoeXRobS1ibHVlIj4xIGEubS48L3RkPg0KPHRkPkRyZWFtIHRpbWU8L3RkPg0KPC90cj4NCjx0cj4NCjx0ZCBjbGFzcz0icmh5dGhtLWJsdWUiPjIgYS5tLjwvdGQ+DQo8dGQ+QWxsIHN5c3RlbXMgaW4gcmVnZW5lcmF0aW9uIG1vZGUgZXhjZXB0IGxpdmVyIGFuZCBza2luPC90ZD4NCjwvdHI+DQo8dHI+DQo8dGQgY2xhc3M9InJoeXRobS1ibHVlIj4zIGEubS48L3RkPg0KPHRkPkludGVuc2l2ZSBzbGVlcCBwaGFzZTwvdGQ+DQo8L3RyPg0KPHRyPg0KPHRkIGNsYXNzPSJyaHl0aG0tYmx1ZSI+NCBhLm0uPC90ZD4NCjx0ZD5MdW5ncyBtb3N0IGFjdGl2ZTwvdGQ+DQo8L3RyPg0KPHRyPg0KPHRkIGNsYXNzPSJyaHl0aG0tYmx1ZSI+NSBhLm0uPC90ZD4NCjx0ZD5LaWRuZXkgZnVuY3Rpb24gYXQgbG93ZXN0IHBvaW50PC90ZD4NCjwvdHI+DQo8dHI+DQo8dGQgY2xhc3M9InJoeXRobS1yZWQiPjYgYS5tLjwvdGQ+DQo8dGQ+VGhlIGJvZHkncyBzeXN0ZW1zIGF3YWtlbjwvdGQ+DQo8L3RyPg0KPHRyPg0KPHRkIGNsYXNzPSJyaHl0aG0tcmVkIj43LTkgYS5tLjwvdGQ+DQo8dGQ+SG9ybW9uZXMgYXQgdGhlaXIgcGVhazwvdGQ+DQo8L3RyPg0KPHRyPg0KPHRkIGNsYXNzPSJyaHl0aG0tcmVkIj44LTkgYS5tLjwvdGQ+DQo8dGQ+SGlnaGVzdCBwYWluIHRocmVzaG9sZDwvdGQ+DQo8L3RyPg0KPHRyPg0KPHRkIGNsYXNzPSJyaHl0aG0tcmVkIj4xMCBhLm0uIC0gMTIgbm9vbjwvdGQ+DQo8dGQ+RnVsbHkgZml0IGFuZCB3aWRlIGF3YWtlLCBicmFpbiBtb3N0IGVmZmljaWVudDwvdGQ+DQo8L3RyPg0KPHRyPg0KPHRkIGNsYXNzPSJyaHl0aG0tcmVkIj4xMiBub29uPC90ZD4NCjx0ZD5UaW1lIHRvIGVhdCBkaWdlc3Rpb24gaW4gdG9wIGdlYXI8L3RkPg0KPC90cj4NCjx0cj4NCjx0ZCBjbGFzcz0icmh5dGhtLXJlZCI+MS0yIHAubS48L3RkPg0KPHRkPkFmdGVybm9vbiBsb3csIHRpbWUgZm9yIGEgbmFwPC90ZD4NCjwvdHI+DQo8dHI+DQo8dGQgY2xhc3M9InJoeXRobS1yZWQiPjMtNCBwLm0uPC90ZD4NCjx0ZD5OZXcgdXBzd2luZzpwaGFzZSBvZiBsZWFybmluZyAmYW1wOyBsb2duIHRlcm0gbWVtb3J5PC90ZD4NCjwvdHI+DQo8dHI+DQo8dGQgY2xhc3M9InJoeXRobS1yZWQiPjUtNiBwLm0uPC90ZD4NCjx0ZD5TZWNvbmQgcGVhaywgYmVzdCB0aW1lIGZvciBtYW51YWwgd29yazwvdGQ+DQo8L3RyPg0KPHRyPg0KPHRkIGNsYXNzPSJyaHl0aG0tYmx1ZSI+Ni05IHAubS48L3RkPg0KPHRkPlJlZ2VuZXJhdGlvbiBhbmQgcmVsYXhhdGlvbiwgb3B0aW1hbCBzZW5zZSBvZiBzbWVsbCBhbmQgdGFzdGU8L3RkPg0KPC90cj4NCjx0cj4NCjx0ZCBjbGFzcz0icmh5dGhtLWJsdWUiPjkgcC5tLjwvdGQ+DQo8dGQ+U3RvbWFjaCByZXN0cyAtIHRpbWUgdG8gc3RvcCBlYXRpbmc8L3RkPg0KPC90cj4NCjx0cj4NCjx0ZCBjbGFzcz0icmh5dGhtLWJsdWUiPjExIHAubS48L3RkPg0KPHRkPlRpbWUgZm9yIGJlZDwvdGQ+DQo8L3RyPg0KPHRyPg0KPHRkIGNsYXNzPSJyaHl0aG0tYmx1ZSI+MTEgcC5tIC0gMSBhLm0uPC90ZD4NCjx0ZD5DcmVhdGl2aXR5IGF0IGl0cyBwZWFrPC90ZD4NCjwvdHI+DQo8L3Rib2R5Pg0KPC90YWJsZT4=[\/vc_raw_html][vc_column_text] OM KRONOBIOLOGI Den h\u00e4r webbplatsen handlar om kronobiologins historia, resultat och framsteg. Kronobiologi \u00e4r ett biologiskt omr\u00e5de som studerar hur v\u00e5r kropps naturliga cykler &#8211; mentala, [&hellip;]<\/p>\n","protected":false},"author":11,"featured_media":0,"parent":0,"menu_order":0,"comment_status":"open","ping_status":"closed","template":"","meta":{"_acf_changed":false,"_genesis_hide_title":false,"_genesis_hide_breadcrumbs":false,"_genesis_hide_singular_image":false,"_genesis_hide_footer_widgets":false,"_genesis_custom_body_class":"","_genesis_custom_post_class":"","_genesis_layout":"full-width-content","footnotes":""},"categories":[],"class_list":{"0":"post-54315","1":"page","2":"type-page","3":"status-publish","5":"entry","6":"has-post-thumbnail"},"acf":[],"yoast_head":"<!-- This site is optimized with the Yoast SEO Premium plugin v23.4 (Yoast SEO v23.4) - https:\/\/yoast.com\/wordpress\/plugins\/seo\/ -->\n<title>Kronobiologi - Historia, resultat och framsteg inom kronobiologi<\/title>\n<meta name=\"robots\" content=\"index, follow, max-snippet:-1, max-image-preview:large, max-video-preview:-1\" \/>\n<link rel=\"canonical\" href=\"https:\/\/dev.chronobiology.com\/sv\/\" \/>\n<meta property=\"og:locale\" content=\"sv_SE\" \/>\n<meta property=\"og:type\" content=\"article\" \/>\n<meta property=\"og:title\" content=\"Startsida\" \/>\n<meta property=\"og:description\" content=\"[vc_row full_width=&#8221;stretch_row&#8221; el_class=&#8221;home-top&#8221; css=&#8221;.vc_custom_1481849859307{background-image: url(https:\/\/www.chronobiology.com\/wp-content\/uploads\/2013\/04\/home_bg_2.jpg?id=11558) !important;background-position: center !important;background-repeat: no-repeat !important;background-size: cover !important;}&#8221;][vc_column][vc_column_text] Kronobiologi Denna webbplats \u00e4r handlar om \u00a0historien, resultaten och framstegen inom kronobiologi [\/vc_column_text][vc_column_text][\/vc_column_text][\/vc_column][\/vc_row][vc_row][vc_column width=&#8221;3\/4&#8243;][vc_column_text] LIVETS RHYTHM [\/vc_column_text][vc_raw_html]PGRpdiBjbGFzcz0icmh5dGhtX29mX2xpZmUiPg0KPGRpdiBjbGFzcz0iY2xvY2tzIj48Y2FudmFzIGlkPSJjYW52YXMiIHdpZHRoPSIyMDAiIGhlaWdodD0iMjAwIj48c3Bhbj48c3Bhbj5Zb3VyIGJyb3dzZXIgZG9lcyBub3Qgc3VwcG9ydCB0aGUgQ0FOVkFTIGVsZW1lbnQgYWxhcyE8L3NwYW4+PC9zcGFuPg0KDQombmJzcDsNCg0KPC9jYW52YXM+PC9kaXY+DQo8L2Rpdj4NCjx0YWJsZSBjbGFzcz0icmh5dGhtLW1vYiI+DQo8dGJvZHk+DQo8dHI+DQo8dGQgY2xhc3M9InJoeXRobS1ibHVlIj4xIGEubS48L3RkPg0KPHRkPkRyZWFtIHRpbWU8L3RkPg0KPC90cj4NCjx0cj4NCjx0ZCBjbGFzcz0icmh5dGhtLWJsdWUiPjIgYS5tLjwvdGQ+DQo8dGQ+QWxsIHN5c3RlbXMgaW4gcmVnZW5lcmF0aW9uIG1vZGUgZXhjZXB0IGxpdmVyIGFuZCBza2luPC90ZD4NCjwvdHI+DQo8dHI+DQo8dGQgY2xhc3M9InJoeXRobS1ibHVlIj4zIGEubS48L3RkPg0KPHRkPkludGVuc2l2ZSBzbGVlcCBwaGFzZTwvdGQ+DQo8L3RyPg0KPHRyPg0KPHRkIGNsYXNzPSJyaHl0aG0tYmx1ZSI+NCBhLm0uPC90ZD4NCjx0ZD5MdW5ncyBtb3N0IGFjdGl2ZTwvdGQ+DQo8L3RyPg0KPHRyPg0KPHRkIGNsYXNzPSJyaHl0aG0tYmx1ZSI+NSBhLm0uPC90ZD4NCjx0ZD5LaWRuZXkgZnVuY3Rpb24gYXQgbG93ZXN0IHBvaW50PC90ZD4NCjwvdHI+DQo8dHI+DQo8dGQgY2xhc3M9InJoeXRobS1yZWQiPjYgYS5tLjwvdGQ+DQo8dGQ+VGhlIGJvZHkncyBzeXN0ZW1zIGF3YWtlbjwvdGQ+DQo8L3RyPg0KPHRyPg0KPHRkIGNsYXNzPSJyaHl0aG0tcmVkIj43LTkgYS5tLjwvdGQ+DQo8dGQ+SG9ybW9uZXMgYXQgdGhlaXIgcGVhazwvdGQ+DQo8L3RyPg0KPHRyPg0KPHRkIGNsYXNzPSJyaHl0aG0tcmVkIj44LTkgYS5tLjwvdGQ+DQo8dGQ+SGlnaGVzdCBwYWluIHRocmVzaG9sZDwvdGQ+DQo8L3RyPg0KPHRyPg0KPHRkIGNsYXNzPSJyaHl0aG0tcmVkIj4xMCBhLm0uIC0gMTIgbm9vbjwvdGQ+DQo8dGQ+RnVsbHkgZml0IGFuZCB3aWRlIGF3YWtlLCBicmFpbiBtb3N0IGVmZmljaWVudDwvdGQ+DQo8L3RyPg0KPHRyPg0KPHRkIGNsYXNzPSJyaHl0aG0tcmVkIj4xMiBub29uPC90ZD4NCjx0ZD5UaW1lIHRvIGVhdCBkaWdlc3Rpb24gaW4gdG9wIGdlYXI8L3RkPg0KPC90cj4NCjx0cj4NCjx0ZCBjbGFzcz0icmh5dGhtLXJlZCI+MS0yIHAubS48L3RkPg0KPHRkPkFmdGVybm9vbiBsb3csIHRpbWUgZm9yIGEgbmFwPC90ZD4NCjwvdHI+DQo8dHI+DQo8dGQgY2xhc3M9InJoeXRobS1yZWQiPjMtNCBwLm0uPC90ZD4NCjx0ZD5OZXcgdXBzd2luZzpwaGFzZSBvZiBsZWFybmluZyAmYW1wOyBsb2duIHRlcm0gbWVtb3J5PC90ZD4NCjwvdHI+DQo8dHI+DQo8dGQgY2xhc3M9InJoeXRobS1yZWQiPjUtNiBwLm0uPC90ZD4NCjx0ZD5TZWNvbmQgcGVhaywgYmVzdCB0aW1lIGZvciBtYW51YWwgd29yazwvdGQ+DQo8L3RyPg0KPHRyPg0KPHRkIGNsYXNzPSJyaHl0aG0tYmx1ZSI+Ni05IHAubS48L3RkPg0KPHRkPlJlZ2VuZXJhdGlvbiBhbmQgcmVsYXhhdGlvbiwgb3B0aW1hbCBzZW5zZSBvZiBzbWVsbCBhbmQgdGFzdGU8L3RkPg0KPC90cj4NCjx0cj4NCjx0ZCBjbGFzcz0icmh5dGhtLWJsdWUiPjkgcC5tLjwvdGQ+DQo8dGQ+U3RvbWFjaCByZXN0cyAtIHRpbWUgdG8gc3RvcCBlYXRpbmc8L3RkPg0KPC90cj4NCjx0cj4NCjx0ZCBjbGFzcz0icmh5dGhtLWJsdWUiPjExIHAubS48L3RkPg0KPHRkPlRpbWUgZm9yIGJlZDwvdGQ+DQo8L3RyPg0KPHRyPg0KPHRkIGNsYXNzPSJyaHl0aG0tYmx1ZSI+MTEgcC5tIC0gMSBhLm0uPC90ZD4NCjx0ZD5DcmVhdGl2aXR5IGF0IGl0cyBwZWFrPC90ZD4NCjwvdHI+DQo8L3Rib2R5Pg0KPC90YWJsZT4=[\/vc_raw_html][vc_column_text] OM KRONOBIOLOGI Den h\u00e4r webbplatsen handlar om kronobiologins historia, resultat och framsteg. Kronobiologi \u00e4r ett biologiskt omr\u00e5de som studerar hur v\u00e5r kropps naturliga cykler &#8211; mentala, [&hellip;]\" \/>\n<meta property=\"og:url\" content=\"https:\/\/dev.chronobiology.com\/sv\/\" \/>\n<meta property=\"og:site_name\" content=\"Chronobiology.com\" \/>\n<meta property=\"article:publisher\" content=\"https:\/\/www.facebook.com\/chronobiology\" \/>\n<meta property=\"article:modified_time\" content=\"2023-07-17T13:27:53+00:00\" \/>\n<meta name=\"twitter:card\" content=\"summary_large_image\" \/>\n<meta name=\"twitter:site\" content=\"@chronobionews\" \/>\n<meta name=\"twitter:label1\" content=\"Ber\u00e4knad l\u00e4stid\" \/>\n\t<meta name=\"twitter:data1\" content=\"3 minuter\" \/>\n<script type=\"application\/ld+json\" class=\"yoast-schema-graph\">{\"@context\":\"https:\/\/schema.org\",\"@graph\":[{\"@type\":\"WebPage\",\"@id\":\"https:\/\/dev.chronobiology.com\/sv\/\",\"url\":\"https:\/\/dev.chronobiology.com\/sv\/\",\"name\":\"Kronobiologi - Historia, resultat och framsteg inom kronobiologi\",\"isPartOf\":{\"@id\":\"https:\/\/dev.chronobiology.com\/sv\/#website\"},\"datePublished\":\"2023-07-17T13:27:52+00:00\",\"dateModified\":\"2023-07-17T13:27:53+00:00\",\"breadcrumb\":{\"@id\":\"https:\/\/dev.chronobiology.com\/sv\/#breadcrumb\"},\"inLanguage\":\"sv-SE\",\"potentialAction\":[{\"@type\":\"ReadAction\",\"target\":[\"https:\/\/dev.chronobiology.com\/sv\/\"]}]},{\"@type\":\"BreadcrumbList\",\"@id\":\"https:\/\/dev.chronobiology.com\/sv\/#breadcrumb\",\"itemListElement\":[{\"@type\":\"ListItem\",\"position\":1,\"name\":\"Home\",\"item\":\"https:\/\/dev.chronobiology.com\/sv\/\"},{\"@type\":\"ListItem\",\"position\":2,\"name\":\"Startsida\"}]},{\"@type\":\"WebSite\",\"@id\":\"https:\/\/dev.chronobiology.com\/sv\/#website\",\"url\":\"https:\/\/dev.chronobiology.com\/sv\/\",\"name\":\"Chronobiology.com\",\"description\":\"\",\"publisher\":{\"@id\":\"https:\/\/dev.chronobiology.com\/sv\/#organization\"},\"potentialAction\":[{\"@type\":\"SearchAction\",\"target\":{\"@type\":\"EntryPoint\",\"urlTemplate\":\"https:\/\/dev.chronobiology.com\/sv\/?s={search_term_string}\"},\"query-input\":{\"@type\":\"PropertyValueSpecification\",\"valueRequired\":true,\"valueName\":\"search_term_string\"}}],\"inLanguage\":\"sv-SE\"},{\"@type\":\"Organization\",\"@id\":\"https:\/\/dev.chronobiology.com\/sv\/#organization\",\"name\":\"Chronobiology\",\"url\":\"https:\/\/dev.chronobiology.com\/sv\/\",\"logo\":{\"@type\":\"ImageObject\",\"inLanguage\":\"sv-SE\",\"@id\":\"https:\/\/dev.chronobiology.com\/sv\/#\/schema\/logo\/image\/\",\"url\":\"https:\/\/www.chronobiology.com\/wp-content\/uploads\/2019\/01\/chronobiology_logo_en_r.png\",\"contentUrl\":\"https:\/\/www.chronobiology.com\/wp-content\/uploads\/2019\/01\/chronobiology_logo_en_r.png\",\"width\":375,\"height\":90,\"caption\":\"Chronobiology\"},\"image\":{\"@id\":\"https:\/\/dev.chronobiology.com\/sv\/#\/schema\/logo\/image\/\"},\"sameAs\":[\"https:\/\/www.facebook.com\/chronobiology\",\"https:\/\/x.com\/chronobionews\",\"https:\/\/www.instagram.com\/chronobiology\/\",\"https:\/\/www.pinterest.com\/chronobiology\/\"]}]}<\/script>\n<!-- \/ Yoast SEO Premium plugin. -->","yoast_head_json":{"title":"Kronobiologi - Historia, resultat och framsteg inom kronobiologi","robots":{"index":"index","follow":"follow","max-snippet":"max-snippet:-1","max-image-preview":"max-image-preview:large","max-video-preview":"max-video-preview:-1"},"canonical":"https:\/\/dev.chronobiology.com\/sv\/","og_locale":"sv_SE","og_type":"article","og_title":"Startsida","og_description":"[vc_row full_width=&#8221;stretch_row&#8221; el_class=&#8221;home-top&#8221; css=&#8221;.vc_custom_1481849859307{background-image: url(https:\/\/www.chronobiology.com\/wp-content\/uploads\/2013\/04\/home_bg_2.jpg?id=11558) !important;background-position: center !important;background-repeat: no-repeat !important;background-size: cover !important;}&#8221;][vc_column][vc_column_text] Kronobiologi Denna webbplats \u00e4r handlar om \u00a0historien, resultaten och framstegen inom kronobiologi [\/vc_column_text][vc_column_text][\/vc_column_text][\/vc_column][\/vc_row][vc_row][vc_column width=&#8221;3\/4&#8243;][vc_column_text] LIVETS RHYTHM [\/vc_column_text][vc_raw_html]PGRpdiBjbGFzcz0icmh5dGhtX29mX2xpZmUiPg0KPGRpdiBjbGFzcz0iY2xvY2tzIj48Y2FudmFzIGlkPSJjYW52YXMiIHdpZHRoPSIyMDAiIGhlaWdodD0iMjAwIj48c3Bhbj48c3Bhbj5Zb3VyIGJyb3dzZXIgZG9lcyBub3Qgc3VwcG9ydCB0aGUgQ0FOVkFTIGVsZW1lbnQgYWxhcyE8L3NwYW4+PC9zcGFuPg0KDQombmJzcDsNCg0KPC9jYW52YXM+PC9kaXY+DQo8L2Rpdj4NCjx0YWJsZSBjbGFzcz0icmh5dGhtLW1vYiI+DQo8dGJvZHk+DQo8dHI+DQo8dGQgY2xhc3M9InJoeXRobS1ibHVlIj4xIGEubS48L3RkPg0KPHRkPkRyZWFtIHRpbWU8L3RkPg0KPC90cj4NCjx0cj4NCjx0ZCBjbGFzcz0icmh5dGhtLWJsdWUiPjIgYS5tLjwvdGQ+DQo8dGQ+QWxsIHN5c3RlbXMgaW4gcmVnZW5lcmF0aW9uIG1vZGUgZXhjZXB0IGxpdmVyIGFuZCBza2luPC90ZD4NCjwvdHI+DQo8dHI+DQo8dGQgY2xhc3M9InJoeXRobS1ibHVlIj4zIGEubS48L3RkPg0KPHRkPkludGVuc2l2ZSBzbGVlcCBwaGFzZTwvdGQ+DQo8L3RyPg0KPHRyPg0KPHRkIGNsYXNzPSJyaHl0aG0tYmx1ZSI+NCBhLm0uPC90ZD4NCjx0ZD5MdW5ncyBtb3N0IGFjdGl2ZTwvdGQ+DQo8L3RyPg0KPHRyPg0KPHRkIGNsYXNzPSJyaHl0aG0tYmx1ZSI+NSBhLm0uPC90ZD4NCjx0ZD5LaWRuZXkgZnVuY3Rpb24gYXQgbG93ZXN0IHBvaW50PC90ZD4NCjwvdHI+DQo8dHI+DQo8dGQgY2xhc3M9InJoeXRobS1yZWQiPjYgYS5tLjwvdGQ+DQo8dGQ+VGhlIGJvZHkncyBzeXN0ZW1zIGF3YWtlbjwvdGQ+DQo8L3RyPg0KPHRyPg0KPHRkIGNsYXNzPSJyaHl0aG0tcmVkIj43LTkgYS5tLjwvdGQ+DQo8dGQ+SG9ybW9uZXMgYXQgdGhlaXIgcGVhazwvdGQ+DQo8L3RyPg0KPHRyPg0KPHRkIGNsYXNzPSJyaHl0aG0tcmVkIj44LTkgYS5tLjwvdGQ+DQo8dGQ+SGlnaGVzdCBwYWluIHRocmVzaG9sZDwvdGQ+DQo8L3RyPg0KPHRyPg0KPHRkIGNsYXNzPSJyaHl0aG0tcmVkIj4xMCBhLm0uIC0gMTIgbm9vbjwvdGQ+DQo8dGQ+RnVsbHkgZml0IGFuZCB3aWRlIGF3YWtlLCBicmFpbiBtb3N0IGVmZmljaWVudDwvdGQ+DQo8L3RyPg0KPHRyPg0KPHRkIGNsYXNzPSJyaHl0aG0tcmVkIj4xMiBub29uPC90ZD4NCjx0ZD5UaW1lIHRvIGVhdCBkaWdlc3Rpb24gaW4gdG9wIGdlYXI8L3RkPg0KPC90cj4NCjx0cj4NCjx0ZCBjbGFzcz0icmh5dGhtLXJlZCI+MS0yIHAubS48L3RkPg0KPHRkPkFmdGVybm9vbiBsb3csIHRpbWUgZm9yIGEgbmFwPC90ZD4NCjwvdHI+DQo8dHI+DQo8dGQgY2xhc3M9InJoeXRobS1yZWQiPjMtNCBwLm0uPC90ZD4NCjx0ZD5OZXcgdXBzd2luZzpwaGFzZSBvZiBsZWFybmluZyAmYW1wOyBsb2duIHRlcm0gbWVtb3J5PC90ZD4NCjwvdHI+DQo8dHI+DQo8dGQgY2xhc3M9InJoeXRobS1yZWQiPjUtNiBwLm0uPC90ZD4NCjx0ZD5TZWNvbmQgcGVhaywgYmVzdCB0aW1lIGZvciBtYW51YWwgd29yazwvdGQ+DQo8L3RyPg0KPHRyPg0KPHRkIGNsYXNzPSJyaHl0aG0tYmx1ZSI+Ni05IHAubS48L3RkPg0KPHRkPlJlZ2VuZXJhdGlvbiBhbmQgcmVsYXhhdGlvbiwgb3B0aW1hbCBzZW5zZSBvZiBzbWVsbCBhbmQgdGFzdGU8L3RkPg0KPC90cj4NCjx0cj4NCjx0ZCBjbGFzcz0icmh5dGhtLWJsdWUiPjkgcC5tLjwvdGQ+DQo8dGQ+U3RvbWFjaCByZXN0cyAtIHRpbWUgdG8gc3RvcCBlYXRpbmc8L3RkPg0KPC90cj4NCjx0cj4NCjx0ZCBjbGFzcz0icmh5dGhtLWJsdWUiPjExIHAubS48L3RkPg0KPHRkPlRpbWUgZm9yIGJlZDwvdGQ+DQo8L3RyPg0KPHRyPg0KPHRkIGNsYXNzPSJyaHl0aG0tYmx1ZSI+MTEgcC5tIC0gMSBhLm0uPC90ZD4NCjx0ZD5DcmVhdGl2aXR5IGF0IGl0cyBwZWFrPC90ZD4NCjwvdHI+DQo8L3Rib2R5Pg0KPC90YWJsZT4=[\/vc_raw_html][vc_column_text] OM KRONOBIOLOGI Den h\u00e4r webbplatsen handlar om kronobiologins historia, resultat och framsteg. Kronobiologi \u00e4r ett biologiskt omr\u00e5de som studerar hur v\u00e5r kropps naturliga cykler &#8211; mentala, [&hellip;]","og_url":"https:\/\/dev.chronobiology.com\/sv\/","og_site_name":"Chronobiology.com","article_publisher":"https:\/\/www.facebook.com\/chronobiology","article_modified_time":"2023-07-17T13:27:53+00:00","twitter_card":"summary_large_image","twitter_site":"@chronobionews","twitter_misc":{"Ber\u00e4knad l\u00e4stid":"3 minuter"},"schema":{"@context":"https:\/\/schema.org","@graph":[{"@type":"WebPage","@id":"https:\/\/dev.chronobiology.com\/sv\/","url":"https:\/\/dev.chronobiology.com\/sv\/","name":"Kronobiologi - Historia, resultat och framsteg inom kronobiologi","isPartOf":{"@id":"https:\/\/dev.chronobiology.com\/sv\/#website"},"datePublished":"2023-07-17T13:27:52+00:00","dateModified":"2023-07-17T13:27:53+00:00","breadcrumb":{"@id":"https:\/\/dev.chronobiology.com\/sv\/#breadcrumb"},"inLanguage":"sv-SE","potentialAction":[{"@type":"ReadAction","target":["https:\/\/dev.chronobiology.com\/sv\/"]}]},{"@type":"BreadcrumbList","@id":"https:\/\/dev.chronobiology.com\/sv\/#breadcrumb","itemListElement":[{"@type":"ListItem","position":1,"name":"Home","item":"https:\/\/dev.chronobiology.com\/sv\/"},{"@type":"ListItem","position":2,"name":"Startsida"}]},{"@type":"WebSite","@id":"https:\/\/dev.chronobiology.com\/sv\/#website","url":"https:\/\/dev.chronobiology.com\/sv\/","name":"Chronobiology.com","description":"","publisher":{"@id":"https:\/\/dev.chronobiology.com\/sv\/#organization"},"potentialAction":[{"@type":"SearchAction","target":{"@type":"EntryPoint","urlTemplate":"https:\/\/dev.chronobiology.com\/sv\/?s={search_term_string}"},"query-input":{"@type":"PropertyValueSpecification","valueRequired":true,"valueName":"search_term_string"}}],"inLanguage":"sv-SE"},{"@type":"Organization","@id":"https:\/\/dev.chronobiology.com\/sv\/#organization","name":"Chronobiology","url":"https:\/\/dev.chronobiology.com\/sv\/","logo":{"@type":"ImageObject","inLanguage":"sv-SE","@id":"https:\/\/dev.chronobiology.com\/sv\/#\/schema\/logo\/image\/","url":"https:\/\/www.chronobiology.com\/wp-content\/uploads\/2019\/01\/chronobiology_logo_en_r.png","contentUrl":"https:\/\/www.chronobiology.com\/wp-content\/uploads\/2019\/01\/chronobiology_logo_en_r.png","width":375,"height":90,"caption":"Chronobiology"},"image":{"@id":"https:\/\/dev.chronobiology.com\/sv\/#\/schema\/logo\/image\/"},"sameAs":["https:\/\/www.facebook.com\/chronobiology","https:\/\/x.com\/chronobionews","https:\/\/www.instagram.com\/chronobiology\/","https:\/\/www.pinterest.com\/chronobiology\/"]}]}},"_links":{"self":[{"href":"https:\/\/dev.chronobiology.com\/sv\/wp-json\/wp\/v2\/pages\/54315"}],"collection":[{"href":"https:\/\/dev.chronobiology.com\/sv\/wp-json\/wp\/v2\/pages"}],"about":[{"href":"https:\/\/dev.chronobiology.com\/sv\/wp-json\/wp\/v2\/types\/page"}],"author":[{"embeddable":true,"href":"https:\/\/dev.chronobiology.com\/sv\/wp-json\/wp\/v2\/users\/11"}],"replies":[{"embeddable":true,"href":"https:\/\/dev.chronobiology.com\/sv\/wp-json\/wp\/v2\/comments?post=54315"}],"version-history":[{"count":2,"href":"https:\/\/dev.chronobiology.com\/sv\/wp-json\/wp\/v2\/pages\/54315\/revisions"}],"predecessor-version":[{"id":54317,"href":"https:\/\/dev.chronobiology.com\/sv\/wp-json\/wp\/v2\/pages\/54315\/revisions\/54317"}],"wp:attachment":[{"href":"https:\/\/dev.chronobiology.com\/sv\/wp-json\/wp\/v2\/media?parent=54315"}],"wp:term":[{"taxonomy":"category","embeddable":true,"href":"https:\/\/dev.chronobiology.com\/sv\/wp-json\/wp\/v2\/categories?post=54315"}],"curies":[{"name":"wp","href":"https:\/\/api.w.org\/{rel}","templated":true}]}}