{"id":55911,"date":"2024-03-26T10:45:06","date_gmt":"2024-03-26T17:45:06","guid":{"rendered":"https:\/\/www.chronobiology.com\/melatonin-chronobiologia\/produkcia-melatoninu-a-vek\/"},"modified":"2024-03-26T10:45:08","modified_gmt":"2024-03-26T17:45:08","slug":"produkcia-melatoninu-a-vek","status":"publish","type":"page","link":"https:\/\/dev.chronobiology.com\/sk\/melatonin-chronobiologia\/produkcia-melatoninu-a-vek\/","title":{"rendered":"Produkcia melaton\u00ednu a vek"},"content":{"rendered":"<div class=\"wpb-content-wrapper\"><p>[vc_row full_width=&#8220;stretch_row&#8220; el_class=&#8220;banner-top&#8220; css=&#8220;.vc_custom_1479390631301{background-image: url(https:\/\/www.chronobiology.com\/wp-content\/uploads\/2016\/11\/melatonin_production_age_banner.jpg?id=11687) !important;}&#8220;][vc_column][vc_custom_heading source=&#8220;post_title&#8220; font_container=&#8220;tag:h1|text_align:center&#8220; use_theme_fonts=&#8220;yes&#8220;][\/vc_column][\/vc_row][vc_row el_class=&#8220;melatoninfacts2&#8243;][vc_column][vc_column_text]<\/p>\n<h2 style=\"text-align: center;\">Produkcia melaton\u00ednu a vek<\/h2>\n<p>Nielen\u017ee je modern\u00fd \u010dlovek jedin\u00fdm organizmom, ktor\u00fd sa odchy\u013euje od svojho norm\u00e1lneho rytmu a z noci si vytv\u00e1ra de\u0148, ale je tie\u017e pravda, \u017ee \u010d\u00edm sme star\u0161\u00ed, t\u00fdm je mno\u017estvo no\u010dnej produkcie melaton\u00ednu men\u0161ie. Z tohto d\u00f4vodu sa no\u010dn\u00fd sign\u00e1l skracuje, \u010do je zmena, ktor\u00e1 sa pren\u00e1\u0161a na cel\u00e9 telo. \u010casto sa sign\u00e1l aktivuje a\u017e dlho po polnoci. Vylu\u010dovanie horm\u00f3nu v\u0161ak prest\u00e1va presne na \u00fasvite. To m\u00e1 za n\u00e1sledok, \u017ee star\u0161\u00ed \u013eudia dost\u00e1vaj\u00fa sp\u00e1nkov\u00fd horm\u00f3n pr\u00edli\u0161 kr\u00e1tko, \u010d\u00edm sa st\u00e1va \u010doraz menej dostupn\u00fdm. Pre star\u0161ie epif\u00fdzy u\u017e nie je mo\u017en\u00e1 dostato\u010dn\u00e1 produkcia melaton\u00ednu v noci, aj ke\u010f sa telo nach\u00e1dza v \u00faplnej tme. Epif\u00fdza je z\u00e1sobovan\u00e1 ve\u013ek\u00fdm mno\u017estvom ciev, ktor\u00e9 s vekom kalcifikuj\u00fa, podobne ako in\u00e9 oblasti tela. V\u00e1pnenie m\u00f4\u017ee vies\u0165 k zn\u00ed\u017eeniu produkcie melaton\u00ednu a s t\u00fdm spojenej v\u00fdraznej strate sp\u00e1nku a naru\u0161eniu cirkadi\u00e1nneho rytmu.<\/p>\n<p>Do tretieho mesiaca \u017eivota sa melaton\u00edn takmer v\u00f4bec neprodukuje pod\u013ea rytmu de\u0148\/noc. Potom sa no\u010dn\u00e9 hodnoty s\u00e9rov\u00e9ho melaton\u00ednu zvy\u0161uj\u00fa, \u010do vedie k postupn\u00e9mu rozvoju cirkadi\u00e1nneho cyklu. Medzi prv\u00fdm a tret\u00edm rokom \u017eivota sa dosahuje najvy\u0161\u0161ia produkcia melaton\u00ednu. Tieto vysok\u00e9 hodnoty sa udr\u017eiavaj\u00fa a\u017e do puberty, potom za\u010d\u00ednaj\u00fa klesa\u0165 na priemern\u00e9 hodnoty v dospelosti. Zdrav\u00fd dospel\u00fd \u010dlovek m\u00e1 hladinu melaton\u00ednu v noci 8 a\u017e 10-kr\u00e1t vy\u0161\u0161iu na rozdiel od star\u0161\u00edch \u013eud\u00ed, u ktor\u00fdch t\u00e1to hodnota st\u00fapa len ve\u013emi neskoro a na kr\u00e1tky \u010das na dvojn\u00e1sobok dennej hladiny. Tento n\u00edzky rozdiel medzi d\u0148om a nocou u\u017e nesta\u010d\u00ed na spr\u00e1vne pren\u00e1\u0161anie zmeny d\u0148a na noc alebo na regul\u00e1ciu vn\u00fatorn\u00fdch hod\u00edn. Je mo\u017en\u00e9, \u017ee pr\u00e1ve to je d\u00f4vodom \u010dast\u00fdch s\u0165a\u017enost\u00ed star\u0161\u00edch \u013eud\u00ed na poruchy sp\u00e1nku a s t\u00fdm s\u00favisiace ochorenia.[\/vc_column_text][\/vc_column][\/vc_row][vc_row][vc_column][vc_tta_accordion color=&#8220;turquoise&#8220; c_icon=&#8220;chevron&#8220; c_position=&#8220;right&#8220; active_section=&#8220;99&#8243; no_fill=&#8220;true&#8220; collapsible_all=&#8220;true&#8220;][vc_tta_section title=&#8220;Impact&#8220; tab_id=&#8220;1479159301199-fd863768-f6af8254-1cf5&#8243;][vc_row_inner css=&#8220;.vc_custom_1479390977900{background-image: url(https:\/\/www.chronobiology.com\/wp-content\/uploads\/2016\/11\/melatonin_production_age_1.jpg?id=11691) !important;}&#8220;][vc_column_inner][vc_column_text]Nedostatok melaton\u00ednu sa prejavuje aj v naru\u0161enom rytme hormon\u00e1lnych syst\u00e9mov, ktor\u00e9 s\u00fa nadv\u00e4zuj\u00face. Skor\u00e9 zn\u00ed\u017eenie produkcie melaton\u00ednu m\u00f4\u017ee by\u0165 faktorom skor\u00e9ho n\u00e1stupu menopauzy, preto\u017ee vedie aj k zn\u00ed\u017eeniu pohlavn\u00fdch horm\u00f3nov. Melaton\u00edn je tie\u017e nevyhnutn\u00fd pre produkciu rastov\u00e9ho horm\u00f3nu HGH, naz\u00fdvan\u00e9ho aj &#8222;horm\u00f3n vitality&#8220;, ke\u010f\u017ee pri nedostatku melaton\u00ednu sa jeho produkcia spoma\u013euje. Nedostatok melaton\u00ednu ovplyv\u0148uje aj pe\u010de\u0148, \u010do sp\u00f4sobuje neefekt\u00edvne programovanie na noc. To m\u00f4\u017ee vies\u0165 k inzul\u00ednovej rezistencii, ktor\u00e1 m\u00f4\u017ee nakoniec vies\u0165 k cukrovke. Okrem toho nutkanie na mo\u010denie zost\u00e1va v noci rovnak\u00e9 ako cez de\u0148, ak v d\u00f4sledku nedostatku melaton\u00ednu ch\u00fdba \u0161pecifick\u00fd antihorm\u00f3n (ADH).<\/p>\n<p>Nedostatok melaton\u00ednu m\u00e1 tie\u017e v\u00fdznamn\u00fd vplyv na mozog. V\u0161etky no\u010dn\u00e9 repara\u010dn\u00e9 mechanizmy s\u00fa zn\u00ed\u017een\u00e9. Ukladanie inform\u00e1ci\u00ed do dlhodobej pam\u00e4te, ku ktor\u00e9mu doch\u00e1dza v noci, u\u017e nie je podporovan\u00e9. To zvy\u0161uje n\u00e1chylnos\u0165 na skor\u00fd n\u00e1stup demencie a neurodegenerat\u00edvnych procesov.<\/p>\n<p>Odborn\u00fd britsk\u00fd \u010dasopis Journal of Ophthalmology ned\u00e1vno uverejnil alarmuj\u00facu s\u00favislos\u0165 medzi starnut\u00edm o\u010d\u00ed a produkciou melaton\u00ednu. Merania ukazuj\u00fa, \u017ee po 45. roku \u017eivota sa do vn\u00fatra oka dost\u00e1va menej slne\u010dn\u00fdch l\u00fa\u010dov. Je to d\u00f4sledok mierneho zo\u017eltnutia o\u010dnej \u0161o\u0161ovky a z\u00fa\u017eenia zreni\u010dky. Z tohto d\u00f4vodu sa menej sveteln\u00fdch \u010dast\u00edc dost\u00e1va k d\u00f4le\u017eit\u00fdm bunk\u00e1m sietnice, ktor\u00e9 meraj\u00fa rytmus de\u0148\/noc s cie\u013eom regulova\u0165 na\u0161e vn\u00fatorn\u00e9 hodiny. \u0160t\u00fadie ukazuj\u00fa, \u017ee zmeny v starn\u00facom oku m\u00f4\u017eu vies\u0165 k mnoh\u00fdm typick\u00fdm o\u010dn\u00fdm ochoreniam, ktor\u00fdch pr\u00ed\u010dina sa nenach\u00e1dza v samotnom oku. D\u00f4sledkom zhor\u0161enia kapacity oka s\u00fa kognit\u00edvne nedostatky (najm\u00e4 kapacita pam\u00e4te), nespavos\u0165, depresie a oneskoren\u00e9 reakcie. Vzh\u013eadom na tieto skuto\u010dnosti sa postuluje s\u00favislos\u0165 medzi o\u010dn\u00fdmi zmenami a naru\u0161enou produkciou melaton\u00ednu. Na\u0161e vn\u00fatorn\u00e9 hodiny reaguj\u00fa na zmeny medzi svetlom a tmou a riadia n\u00e1\u0161 denn\u00fd rytmus. D\u00e1vaj\u00fa ka\u017ed\u00e9mu org\u00e1nu impulz pre jeho denn\u00e9 a no\u010dn\u00e9 funkcie. Mozog napr\u00edklad uklad\u00e1 inform\u00e1cie z\u00edskan\u00e9 po\u010das d\u0148a do dlhodobej pam\u00e4te alebo ich \u00faplne vyma\u017ee. Tieto sign\u00e1ly zapa\u013eovania sa \u010dasto pren\u00e1\u0161aj\u00fa prostredn\u00edctvom matersk\u00e9ho horm\u00f3nu chronobiol\u00f3gie: melaton\u00ednu. Star\u0161\u00ed \u013eudia maj\u00fa k dispoz\u00edcii len zlomok potrebnej hladiny horm\u00f3nu, \u010do n\u00e1sledne ovplyv\u0148uje koncentr\u00e1ciu in\u00fdch neurotransmiterov. To vedie nielen k rozsiahlym probl\u00e9mom so sp\u00e1nkom po\u010das noci, ale aj k zhor\u0161eniu aktu\u00e1lnej dennej \u010dinnosti najd\u00f4le\u017eitej\u0161\u00edch org\u00e1nov, napr\u00edklad pe\u010dene alebo nervov, v priebehu 24 hod\u00edn denne.[\/vc_column_text][\/vc_column_inner][\/vc_row_inner][\/vc_tta_section][\/vc_tta_accordion][\/vc_column][\/vc_row]<\/p>\n<\/div>","protected":false},"excerpt":{"rendered":"<p>[vc_row full_width=&#8220;stretch_row&#8220; el_class=&#8220;banner-top&#8220; css=&#8220;.vc_custom_1479390631301{background-image: url(https:\/\/www.chronobiology.com\/wp-content\/uploads\/2016\/11\/melatonin_production_age_banner.jpg?id=11687) !important;}&#8220;][vc_column][vc_custom_heading source=&#8220;post_title&#8220; font_container=&#8220;tag:h1|text_align:center&#8220; use_theme_fonts=&#8220;yes&#8220;][\/vc_column][\/vc_row][vc_row el_class=&#8220;melatoninfacts2&#8243;][vc_column][vc_column_text] Produkcia melaton\u00ednu a vek Nielen\u017ee je modern\u00fd \u010dlovek jedin\u00fdm organizmom, ktor\u00fd sa odchy\u013euje od svojho norm\u00e1lneho rytmu a z noci si vytv\u00e1ra de\u0148, ale je tie\u017e pravda, \u017ee \u010d\u00edm sme star\u0161\u00ed, t\u00fdm je mno\u017estvo no\u010dnej produkcie melaton\u00ednu men\u0161ie. Z tohto d\u00f4vodu sa no\u010dn\u00fd sign\u00e1l skracuje, [&hellip;]<\/p>\n","protected":false},"author":15,"featured_media":55912,"parent":55865,"menu_order":0,"comment_status":"closed","ping_status":"closed","template":"","meta":{"_acf_changed":false,"_genesis_hide_title":false,"_genesis_hide_breadcrumbs":false,"_genesis_hide_singular_image":false,"_genesis_hide_footer_widgets":false,"_genesis_custom_body_class":"","_genesis_custom_post_class":"","_genesis_layout":"full-width-content","footnotes":""},"categories":[523,517],"class_list":{"0":"post-55911","1":"page","2":"type-page","3":"status-publish","4":"has-post-thumbnail","6":"category-melatonin-sk","7":"category-spanok","8":"entry"},"acf":[],"yoast_head":"<!-- This site is optimized with the Yoast SEO Premium plugin v23.4 (Yoast SEO v23.4) - https:\/\/yoast.com\/wordpress\/plugins\/seo\/ -->\n<title>Produkcia melaton\u00ednu a vek &#8211; Chronobiology.com<\/title>\n<meta name=\"robots\" content=\"index, follow, max-snippet:-1, max-image-preview:large, max-video-preview:-1\" \/>\n<link rel=\"canonical\" href=\"https:\/\/dev.chronobiology.com\/sk\/melatonin-chronobiologia\/produkcia-melatoninu-a-vek\/\" \/>\n<meta property=\"og:locale\" content=\"sk_SK\" \/>\n<meta property=\"og:type\" content=\"article\" \/>\n<meta property=\"og:title\" content=\"Produkcia melaton\u00ednu a vek\" \/>\n<meta property=\"og:description\" content=\"[vc_row full_width=&#8220;stretch_row&#8220; el_class=&#8220;banner-top&#8220; css=&#8220;.vc_custom_1479390631301{background-image: url(https:\/\/www.chronobiology.com\/wp-content\/uploads\/2016\/11\/melatonin_production_age_banner.jpg?id=11687) !important;}&#8220;][vc_column][vc_custom_heading source=&#8220;post_title&#8220; font_container=&#8220;tag:h1|text_align:center&#8220; use_theme_fonts=&#8220;yes&#8220;][\/vc_column][\/vc_row][vc_row el_class=&#8220;melatoninfacts2&#8243;][vc_column][vc_column_text] Produkcia melaton\u00ednu a vek Nielen\u017ee je modern\u00fd \u010dlovek jedin\u00fdm organizmom, ktor\u00fd sa odchy\u013euje od svojho norm\u00e1lneho rytmu a z noci si vytv\u00e1ra de\u0148, ale je tie\u017e pravda, \u017ee \u010d\u00edm sme star\u0161\u00ed, t\u00fdm je mno\u017estvo no\u010dnej produkcie melaton\u00ednu men\u0161ie. Z tohto d\u00f4vodu sa no\u010dn\u00fd sign\u00e1l skracuje, [&hellip;]\" \/>\n<meta property=\"og:url\" content=\"https:\/\/dev.chronobiology.com\/sk\/melatonin-chronobiologia\/produkcia-melatoninu-a-vek\/\" \/>\n<meta property=\"og:site_name\" content=\"Chronobiology.com\" \/>\n<meta property=\"article:publisher\" content=\"https:\/\/www.facebook.com\/chronobiology\" \/>\n<meta property=\"article:modified_time\" content=\"2024-03-26T17:45:08+00:00\" \/>\n<meta property=\"og:image\" content=\"https:\/\/dev.chronobiology.com\/wp-content\/uploads\/2016\/11\/melatonin_production_age_banner.jpg\" \/>\n\t<meta property=\"og:image:width\" content=\"1909\" \/>\n\t<meta property=\"og:image:height\" content=\"476\" \/>\n\t<meta property=\"og:image:type\" content=\"image\/jpeg\" \/>\n<meta name=\"twitter:card\" content=\"summary_large_image\" \/>\n<meta name=\"twitter:site\" content=\"@chronobionews\" \/>\n<meta name=\"twitter:label1\" content=\"Predpokladan\u00fd \u010das \u010d\u00edtania\" \/>\n\t<meta name=\"twitter:data1\" content=\"5 min\u00fat\" \/>\n<script type=\"application\/ld+json\" class=\"yoast-schema-graph\">{\"@context\":\"https:\/\/schema.org\",\"@graph\":[{\"@type\":\"WebPage\",\"@id\":\"https:\/\/dev.chronobiology.com\/sk\/melatonin-chronobiologia\/produkcia-melatoninu-a-vek\/\",\"url\":\"https:\/\/dev.chronobiology.com\/sk\/melatonin-chronobiologia\/produkcia-melatoninu-a-vek\/\",\"name\":\"Produkcia melaton\u00ednu a vek &#8211; Chronobiology.com\",\"isPartOf\":{\"@id\":\"https:\/\/dev.chronobiology.com\/sk\/#website\"},\"primaryImageOfPage\":{\"@id\":\"https:\/\/dev.chronobiology.com\/sk\/melatonin-chronobiologia\/produkcia-melatoninu-a-vek\/#primaryimage\"},\"image\":{\"@id\":\"https:\/\/dev.chronobiology.com\/sk\/melatonin-chronobiologia\/produkcia-melatoninu-a-vek\/#primaryimage\"},\"thumbnailUrl\":\"https:\/\/dev.chronobiology.com\/wp-content\/uploads\/2016\/11\/melatonin_production_age_banner.jpg\",\"datePublished\":\"2024-03-26T17:45:06+00:00\",\"dateModified\":\"2024-03-26T17:45:08+00:00\",\"breadcrumb\":{\"@id\":\"https:\/\/dev.chronobiology.com\/sk\/melatonin-chronobiologia\/produkcia-melatoninu-a-vek\/#breadcrumb\"},\"inLanguage\":\"sk-SK\",\"potentialAction\":[{\"@type\":\"ReadAction\",\"target\":[\"https:\/\/dev.chronobiology.com\/sk\/melatonin-chronobiologia\/produkcia-melatoninu-a-vek\/\"]}]},{\"@type\":\"ImageObject\",\"inLanguage\":\"sk-SK\",\"@id\":\"https:\/\/dev.chronobiology.com\/sk\/melatonin-chronobiologia\/produkcia-melatoninu-a-vek\/#primaryimage\",\"url\":\"https:\/\/dev.chronobiology.com\/wp-content\/uploads\/2016\/11\/melatonin_production_age_banner.jpg\",\"contentUrl\":\"https:\/\/dev.chronobiology.com\/wp-content\/uploads\/2016\/11\/melatonin_production_age_banner.jpg\",\"width\":1909,\"height\":476},{\"@type\":\"BreadcrumbList\",\"@id\":\"https:\/\/dev.chronobiology.com\/sk\/melatonin-chronobiologia\/produkcia-melatoninu-a-vek\/#breadcrumb\",\"itemListElement\":[{\"@type\":\"ListItem\",\"position\":1,\"name\":\"Home\",\"item\":\"https:\/\/dev.chronobiology.com\/sk\/domovska-stranka\/\"},{\"@type\":\"ListItem\",\"position\":2,\"name\":\"Melaton\u00edn &#038; chronobiol\u00f3gia\",\"item\":\"https:\/\/dev.chronobiology.com\/sk\/melatonin-chronobiologia\/\"},{\"@type\":\"ListItem\",\"position\":3,\"name\":\"Produkcia melaton\u00ednu a vek\"}]},{\"@type\":\"WebSite\",\"@id\":\"https:\/\/dev.chronobiology.com\/sk\/#website\",\"url\":\"https:\/\/dev.chronobiology.com\/sk\/\",\"name\":\"Chronobiology.com\",\"description\":\"\",\"publisher\":{\"@id\":\"https:\/\/dev.chronobiology.com\/sk\/#organization\"},\"potentialAction\":[{\"@type\":\"SearchAction\",\"target\":{\"@type\":\"EntryPoint\",\"urlTemplate\":\"https:\/\/dev.chronobiology.com\/sk\/?s={search_term_string}\"},\"query-input\":{\"@type\":\"PropertyValueSpecification\",\"valueRequired\":true,\"valueName\":\"search_term_string\"}}],\"inLanguage\":\"sk-SK\"},{\"@type\":\"Organization\",\"@id\":\"https:\/\/dev.chronobiology.com\/sk\/#organization\",\"name\":\"Chronobiology\",\"url\":\"https:\/\/dev.chronobiology.com\/sk\/\",\"logo\":{\"@type\":\"ImageObject\",\"inLanguage\":\"sk-SK\",\"@id\":\"https:\/\/dev.chronobiology.com\/sk\/#\/schema\/logo\/image\/\",\"url\":\"https:\/\/www.chronobiology.com\/wp-content\/uploads\/2019\/01\/chronobiology_logo_en_r.png\",\"contentUrl\":\"https:\/\/www.chronobiology.com\/wp-content\/uploads\/2019\/01\/chronobiology_logo_en_r.png\",\"width\":375,\"height\":90,\"caption\":\"Chronobiology\"},\"image\":{\"@id\":\"https:\/\/dev.chronobiology.com\/sk\/#\/schema\/logo\/image\/\"},\"sameAs\":[\"https:\/\/www.facebook.com\/chronobiology\",\"https:\/\/x.com\/chronobionews\",\"https:\/\/www.instagram.com\/chronobiology\/\",\"https:\/\/www.pinterest.com\/chronobiology\/\"]}]}<\/script>\n<!-- \/ Yoast SEO Premium plugin. -->","yoast_head_json":{"title":"Produkcia melaton\u00ednu a vek &#8211; Chronobiology.com","robots":{"index":"index","follow":"follow","max-snippet":"max-snippet:-1","max-image-preview":"max-image-preview:large","max-video-preview":"max-video-preview:-1"},"canonical":"https:\/\/dev.chronobiology.com\/sk\/melatonin-chronobiologia\/produkcia-melatoninu-a-vek\/","og_locale":"sk_SK","og_type":"article","og_title":"Produkcia melaton\u00ednu a vek","og_description":"[vc_row full_width=&#8220;stretch_row&#8220; el_class=&#8220;banner-top&#8220; css=&#8220;.vc_custom_1479390631301{background-image: url(https:\/\/www.chronobiology.com\/wp-content\/uploads\/2016\/11\/melatonin_production_age_banner.jpg?id=11687) !important;}&#8220;][vc_column][vc_custom_heading source=&#8220;post_title&#8220; font_container=&#8220;tag:h1|text_align:center&#8220; use_theme_fonts=&#8220;yes&#8220;][\/vc_column][\/vc_row][vc_row el_class=&#8220;melatoninfacts2&#8243;][vc_column][vc_column_text] Produkcia melaton\u00ednu a vek Nielen\u017ee je modern\u00fd \u010dlovek jedin\u00fdm organizmom, ktor\u00fd sa odchy\u013euje od svojho norm\u00e1lneho rytmu a z noci si vytv\u00e1ra de\u0148, ale je tie\u017e pravda, \u017ee \u010d\u00edm sme star\u0161\u00ed, t\u00fdm je mno\u017estvo no\u010dnej produkcie melaton\u00ednu men\u0161ie. Z tohto d\u00f4vodu sa no\u010dn\u00fd sign\u00e1l skracuje, [&hellip;]","og_url":"https:\/\/dev.chronobiology.com\/sk\/melatonin-chronobiologia\/produkcia-melatoninu-a-vek\/","og_site_name":"Chronobiology.com","article_publisher":"https:\/\/www.facebook.com\/chronobiology","article_modified_time":"2024-03-26T17:45:08+00:00","og_image":[{"width":1909,"height":476,"url":"https:\/\/dev.chronobiology.com\/wp-content\/uploads\/2016\/11\/melatonin_production_age_banner.jpg","type":"image\/jpeg"}],"twitter_card":"summary_large_image","twitter_site":"@chronobionews","twitter_misc":{"Predpokladan\u00fd \u010das \u010d\u00edtania":"5 min\u00fat"},"schema":{"@context":"https:\/\/schema.org","@graph":[{"@type":"WebPage","@id":"https:\/\/dev.chronobiology.com\/sk\/melatonin-chronobiologia\/produkcia-melatoninu-a-vek\/","url":"https:\/\/dev.chronobiology.com\/sk\/melatonin-chronobiologia\/produkcia-melatoninu-a-vek\/","name":"Produkcia melaton\u00ednu a vek &#8211; Chronobiology.com","isPartOf":{"@id":"https:\/\/dev.chronobiology.com\/sk\/#website"},"primaryImageOfPage":{"@id":"https:\/\/dev.chronobiology.com\/sk\/melatonin-chronobiologia\/produkcia-melatoninu-a-vek\/#primaryimage"},"image":{"@id":"https:\/\/dev.chronobiology.com\/sk\/melatonin-chronobiologia\/produkcia-melatoninu-a-vek\/#primaryimage"},"thumbnailUrl":"https:\/\/dev.chronobiology.com\/wp-content\/uploads\/2016\/11\/melatonin_production_age_banner.jpg","datePublished":"2024-03-26T17:45:06+00:00","dateModified":"2024-03-26T17:45:08+00:00","breadcrumb":{"@id":"https:\/\/dev.chronobiology.com\/sk\/melatonin-chronobiologia\/produkcia-melatoninu-a-vek\/#breadcrumb"},"inLanguage":"sk-SK","potentialAction":[{"@type":"ReadAction","target":["https:\/\/dev.chronobiology.com\/sk\/melatonin-chronobiologia\/produkcia-melatoninu-a-vek\/"]}]},{"@type":"ImageObject","inLanguage":"sk-SK","@id":"https:\/\/dev.chronobiology.com\/sk\/melatonin-chronobiologia\/produkcia-melatoninu-a-vek\/#primaryimage","url":"https:\/\/dev.chronobiology.com\/wp-content\/uploads\/2016\/11\/melatonin_production_age_banner.jpg","contentUrl":"https:\/\/dev.chronobiology.com\/wp-content\/uploads\/2016\/11\/melatonin_production_age_banner.jpg","width":1909,"height":476},{"@type":"BreadcrumbList","@id":"https:\/\/dev.chronobiology.com\/sk\/melatonin-chronobiologia\/produkcia-melatoninu-a-vek\/#breadcrumb","itemListElement":[{"@type":"ListItem","position":1,"name":"Home","item":"https:\/\/dev.chronobiology.com\/sk\/domovska-stranka\/"},{"@type":"ListItem","position":2,"name":"Melaton\u00edn &#038; chronobiol\u00f3gia","item":"https:\/\/dev.chronobiology.com\/sk\/melatonin-chronobiologia\/"},{"@type":"ListItem","position":3,"name":"Produkcia melaton\u00ednu a vek"}]},{"@type":"WebSite","@id":"https:\/\/dev.chronobiology.com\/sk\/#website","url":"https:\/\/dev.chronobiology.com\/sk\/","name":"Chronobiology.com","description":"","publisher":{"@id":"https:\/\/dev.chronobiology.com\/sk\/#organization"},"potentialAction":[{"@type":"SearchAction","target":{"@type":"EntryPoint","urlTemplate":"https:\/\/dev.chronobiology.com\/sk\/?s={search_term_string}"},"query-input":{"@type":"PropertyValueSpecification","valueRequired":true,"valueName":"search_term_string"}}],"inLanguage":"sk-SK"},{"@type":"Organization","@id":"https:\/\/dev.chronobiology.com\/sk\/#organization","name":"Chronobiology","url":"https:\/\/dev.chronobiology.com\/sk\/","logo":{"@type":"ImageObject","inLanguage":"sk-SK","@id":"https:\/\/dev.chronobiology.com\/sk\/#\/schema\/logo\/image\/","url":"https:\/\/www.chronobiology.com\/wp-content\/uploads\/2019\/01\/chronobiology_logo_en_r.png","contentUrl":"https:\/\/www.chronobiology.com\/wp-content\/uploads\/2019\/01\/chronobiology_logo_en_r.png","width":375,"height":90,"caption":"Chronobiology"},"image":{"@id":"https:\/\/dev.chronobiology.com\/sk\/#\/schema\/logo\/image\/"},"sameAs":["https:\/\/www.facebook.com\/chronobiology","https:\/\/x.com\/chronobionews","https:\/\/www.instagram.com\/chronobiology\/","https:\/\/www.pinterest.com\/chronobiology\/"]}]}},"_links":{"self":[{"href":"https:\/\/dev.chronobiology.com\/sk\/wp-json\/wp\/v2\/pages\/55911"}],"collection":[{"href":"https:\/\/dev.chronobiology.com\/sk\/wp-json\/wp\/v2\/pages"}],"about":[{"href":"https:\/\/dev.chronobiology.com\/sk\/wp-json\/wp\/v2\/types\/page"}],"author":[{"embeddable":true,"href":"https:\/\/dev.chronobiology.com\/sk\/wp-json\/wp\/v2\/users\/15"}],"replies":[{"embeddable":true,"href":"https:\/\/dev.chronobiology.com\/sk\/wp-json\/wp\/v2\/comments?post=55911"}],"version-history":[{"count":2,"href":"https:\/\/dev.chronobiology.com\/sk\/wp-json\/wp\/v2\/pages\/55911\/revisions"}],"predecessor-version":[{"id":55915,"href":"https:\/\/dev.chronobiology.com\/sk\/wp-json\/wp\/v2\/pages\/55911\/revisions\/55915"}],"up":[{"embeddable":true,"href":"https:\/\/dev.chronobiology.com\/sk\/wp-json\/wp\/v2\/pages\/55865"}],"wp:featuredmedia":[{"embeddable":true,"href":"https:\/\/dev.chronobiology.com\/sk\/wp-json\/wp\/v2\/media\/55912"}],"wp:attachment":[{"href":"https:\/\/dev.chronobiology.com\/sk\/wp-json\/wp\/v2\/media?parent=55911"}],"wp:term":[{"taxonomy":"category","embeddable":true,"href":"https:\/\/dev.chronobiology.com\/sk\/wp-json\/wp\/v2\/categories?post=55911"}],"curies":[{"name":"wp","href":"https:\/\/api.w.org\/{rel}","templated":true}]}}