{"id":55907,"date":"2024-03-26T10:43:17","date_gmt":"2024-03-26T17:43:17","guid":{"rendered":"https:\/\/www.chronobiology.com\/melatonin-chronobiologia\/historia-melatoninu\/"},"modified":"2024-03-26T10:43:18","modified_gmt":"2024-03-26T17:43:18","slug":"historia-melatoninu","status":"publish","type":"page","link":"https:\/\/dev.chronobiology.com\/sk\/melatonin-chronobiologia\/historia-melatoninu\/","title":{"rendered":"Hist\u00f3ria melaton\u00ednu"},"content":{"rendered":"<div class=\"wpb-content-wrapper\"><p>[vc_row full_width=&#8220;stretch_row&#8220; el_class=&#8220;banner-top&#8220; css=&#8220;.vc_custom_1479388656340{background-image: url(https:\/\/www.chronobiology.com\/wp-content\/uploads\/2016\/11\/melatonin-banner.jpg?id=11663) !important;}&#8220;][vc_column][vc_custom_heading source=&#8220;post_title&#8220; font_container=&#8220;tag:h1|text_align:center&#8220; use_theme_fonts=&#8220;yes&#8220;][\/vc_column][\/vc_row][vc_row el_class=&#8220;melatoninfacts2&#8243;][vc_column][vc_column_text]<\/p>\n<h2 style=\"text-align: center;\">Hist\u00f3ria<\/h2>\n<p>Melaton\u00edn je prim\u00e1rne produkovan\u00fd epif\u00fdzou (glandula pinealis). Tento org\u00e1n sa spom\u00edna u\u017e v druhom storo\u010d\u00ed u Gal\u00e9na z Pergamonu a \u010fal\u0161\u00edch Gr\u00e9kov. V 16. storo\u010d\u00ed franc\u00fazsky filozof a vedec Descartes op\u00edsal epif\u00fdzu ako s\u00eddlo du\u0161e.<\/p>\n<p>Samotn\u00fd melaton\u00edn bol prv\u00fdkr\u00e1t objaven\u00fd a\u017e v roku 1958 dermatol\u00f3gom Aaronom Lernerom a od 80. rokov 20. storo\u010dia sa intenz\u00edvne sk\u00fama. Lernerovi sa podarilo izolova\u0165 v epif\u00fdze hov\u00e4dzieho dobytka zl\u00fa\u010deninu, ktor\u00e1 mala siln\u00fd bieliaci \u00fa\u010dinok na poko\u017eku oboj\u017eiveln\u00edkov a ktorej dal n\u00e1zov melaton\u00edn. Bol to tie\u017e Lerner, kto za\u010dal sk\u00fama\u0165 vplyv tohto horm\u00f3nu na sp\u00e1nok. Po vlastnom experimente so 100 mg melaton\u00ednu Lerner uviedol, \u017ee okrem ospalosti nemal \u017eiadne ved\u013eaj\u0161ie \u00fa\u010dinky. V 60. rokoch 20. storo\u010dia sa e\u0161te st\u00e1le predpokladalo, \u017ee rytmus svetlo-tma je d\u00f4le\u017eit\u00fd pre cicavce, ale nie pre \u013eud\u00ed. A\u017e v roku 1981 Alfred Lewy zistil, \u017ee jasn\u00e9 svetlo aplikovan\u00e9 v noci potl\u00e1\u010da endog\u00e9nny melaton\u00edn u \u013eud\u00ed. Tento objav bol prelomov\u00fd pre chronobiol\u00f3giu a v\u00fdskum melaton\u00ednu. Za\u010diatkom 90. rokov 20. storo\u010dia sa tomuto horm\u00f3nu venovala \u010doraz v\u00e4\u010d\u0161ia pozornos\u0165, preto\u017ee \u0161t\u00fadie uk\u00e1zali \u00fa\u010dinky melaton\u00ednu na r\u00f4zne telesn\u00e9 procesy, ako je modul\u00e1cia imunity, obmedzenie rastu n\u00e1dorov, zachyt\u00e1vanie kysl\u00edkov\u00fdch radik\u00e1lov a vplyv na metabolick\u00e9 procesy z\u00e1visl\u00e9 od v\u00e1pnika. N\u00e1sledne sa objavili \u010fal\u0161ie \u0161t\u00fadie o melaton\u00edne a jeho mnohostrannom vplyve na \u013eudsk\u00e9 zdravie.[\/vc_column_text][\/vc_column][\/vc_row]<\/p>\n<\/div>","protected":false},"excerpt":{"rendered":"<p>[vc_row full_width=&#8220;stretch_row&#8220; el_class=&#8220;banner-top&#8220; css=&#8220;.vc_custom_1479388656340{background-image: url(https:\/\/www.chronobiology.com\/wp-content\/uploads\/2016\/11\/melatonin-banner.jpg?id=11663) !important;}&#8220;][vc_column][vc_custom_heading source=&#8220;post_title&#8220; font_container=&#8220;tag:h1|text_align:center&#8220; use_theme_fonts=&#8220;yes&#8220;][\/vc_column][\/vc_row][vc_row el_class=&#8220;melatoninfacts2&#8243;][vc_column][vc_column_text] Hist\u00f3ria Melaton\u00edn je prim\u00e1rne produkovan\u00fd epif\u00fdzou (glandula pinealis). Tento org\u00e1n sa spom\u00edna u\u017e v druhom storo\u010d\u00ed u Gal\u00e9na z Pergamonu a \u010fal\u0161\u00edch Gr\u00e9kov. V 16. storo\u010d\u00ed franc\u00fazsky filozof a vedec Descartes op\u00edsal epif\u00fdzu ako s\u00eddlo du\u0161e. Samotn\u00fd melaton\u00edn bol prv\u00fdkr\u00e1t objaven\u00fd a\u017e v roku 1958 [&hellip;]<\/p>\n","protected":false},"author":15,"featured_media":55908,"parent":55865,"menu_order":0,"comment_status":"closed","ping_status":"closed","template":"","meta":{"_acf_changed":false,"_genesis_hide_title":false,"_genesis_hide_breadcrumbs":false,"_genesis_hide_singular_image":false,"_genesis_hide_footer_widgets":false,"_genesis_custom_body_class":"","_genesis_custom_post_class":"","_genesis_layout":"full-width-content","footnotes":""},"categories":[523,517],"class_list":{"0":"post-55907","1":"page","2":"type-page","3":"status-publish","4":"has-post-thumbnail","6":"category-melatonin-sk","7":"category-spanok","8":"entry"},"acf":[],"yoast_head":"<!-- This site is optimized with the Yoast SEO Premium plugin v23.4 (Yoast SEO v23.4) - https:\/\/yoast.com\/wordpress\/plugins\/seo\/ -->\n<title>Hist\u00f3ria melaton\u00ednu &#8211; Chronobiology.com<\/title>\n<meta name=\"robots\" content=\"index, follow, max-snippet:-1, max-image-preview:large, max-video-preview:-1\" \/>\n<link rel=\"canonical\" href=\"https:\/\/dev.chronobiology.com\/sk\/melatonin-chronobiologia\/historia-melatoninu\/\" \/>\n<meta property=\"og:locale\" content=\"sk_SK\" \/>\n<meta property=\"og:type\" content=\"article\" \/>\n<meta property=\"og:title\" content=\"Hist\u00f3ria melaton\u00ednu\" \/>\n<meta property=\"og:description\" content=\"[vc_row full_width=&#8220;stretch_row&#8220; el_class=&#8220;banner-top&#8220; css=&#8220;.vc_custom_1479388656340{background-image: url(https:\/\/www.chronobiology.com\/wp-content\/uploads\/2016\/11\/melatonin-banner.jpg?id=11663) !important;}&#8220;][vc_column][vc_custom_heading source=&#8220;post_title&#8220; font_container=&#8220;tag:h1|text_align:center&#8220; use_theme_fonts=&#8220;yes&#8220;][\/vc_column][\/vc_row][vc_row el_class=&#8220;melatoninfacts2&#8243;][vc_column][vc_column_text] Hist\u00f3ria Melaton\u00edn je prim\u00e1rne produkovan\u00fd epif\u00fdzou (glandula pinealis). Tento org\u00e1n sa spom\u00edna u\u017e v druhom storo\u010d\u00ed u Gal\u00e9na z Pergamonu a \u010fal\u0161\u00edch Gr\u00e9kov. V 16. storo\u010d\u00ed franc\u00fazsky filozof a vedec Descartes op\u00edsal epif\u00fdzu ako s\u00eddlo du\u0161e. Samotn\u00fd melaton\u00edn bol prv\u00fdkr\u00e1t objaven\u00fd a\u017e v roku 1958 [&hellip;]\" \/>\n<meta property=\"og:url\" content=\"https:\/\/dev.chronobiology.com\/sk\/melatonin-chronobiologia\/historia-melatoninu\/\" \/>\n<meta property=\"og:site_name\" content=\"Chronobiology.com\" \/>\n<meta property=\"article:publisher\" content=\"https:\/\/www.facebook.com\/chronobiology\" \/>\n<meta property=\"article:modified_time\" content=\"2024-03-26T17:43:18+00:00\" \/>\n<meta property=\"og:image\" content=\"https:\/\/dev.chronobiology.com\/wp-content\/uploads\/2016\/11\/melatonin-banner.jpg\" \/>\n\t<meta property=\"og:image:width\" content=\"1913\" \/>\n\t<meta property=\"og:image:height\" content=\"478\" \/>\n\t<meta property=\"og:image:type\" content=\"image\/jpeg\" \/>\n<meta name=\"twitter:card\" content=\"summary_large_image\" \/>\n<meta name=\"twitter:site\" content=\"@chronobionews\" \/>\n<meta name=\"twitter:label1\" content=\"Predpokladan\u00fd \u010das \u010d\u00edtania\" \/>\n\t<meta name=\"twitter:data1\" content=\"2 min\u00faty\" \/>\n<script type=\"application\/ld+json\" class=\"yoast-schema-graph\">{\"@context\":\"https:\/\/schema.org\",\"@graph\":[{\"@type\":\"WebPage\",\"@id\":\"https:\/\/dev.chronobiology.com\/sk\/melatonin-chronobiologia\/historia-melatoninu\/\",\"url\":\"https:\/\/dev.chronobiology.com\/sk\/melatonin-chronobiologia\/historia-melatoninu\/\",\"name\":\"Hist\u00f3ria melaton\u00ednu &#8211; Chronobiology.com\",\"isPartOf\":{\"@id\":\"https:\/\/dev.chronobiology.com\/sk\/#website\"},\"primaryImageOfPage\":{\"@id\":\"https:\/\/dev.chronobiology.com\/sk\/melatonin-chronobiologia\/historia-melatoninu\/#primaryimage\"},\"image\":{\"@id\":\"https:\/\/dev.chronobiology.com\/sk\/melatonin-chronobiologia\/historia-melatoninu\/#primaryimage\"},\"thumbnailUrl\":\"https:\/\/dev.chronobiology.com\/wp-content\/uploads\/2016\/11\/melatonin-banner.jpg\",\"datePublished\":\"2024-03-26T17:43:17+00:00\",\"dateModified\":\"2024-03-26T17:43:18+00:00\",\"breadcrumb\":{\"@id\":\"https:\/\/dev.chronobiology.com\/sk\/melatonin-chronobiologia\/historia-melatoninu\/#breadcrumb\"},\"inLanguage\":\"sk-SK\",\"potentialAction\":[{\"@type\":\"ReadAction\",\"target\":[\"https:\/\/dev.chronobiology.com\/sk\/melatonin-chronobiologia\/historia-melatoninu\/\"]}]},{\"@type\":\"ImageObject\",\"inLanguage\":\"sk-SK\",\"@id\":\"https:\/\/dev.chronobiology.com\/sk\/melatonin-chronobiologia\/historia-melatoninu\/#primaryimage\",\"url\":\"https:\/\/dev.chronobiology.com\/wp-content\/uploads\/2016\/11\/melatonin-banner.jpg\",\"contentUrl\":\"https:\/\/dev.chronobiology.com\/wp-content\/uploads\/2016\/11\/melatonin-banner.jpg\",\"width\":1913,\"height\":478},{\"@type\":\"BreadcrumbList\",\"@id\":\"https:\/\/dev.chronobiology.com\/sk\/melatonin-chronobiologia\/historia-melatoninu\/#breadcrumb\",\"itemListElement\":[{\"@type\":\"ListItem\",\"position\":1,\"name\":\"Home\",\"item\":\"https:\/\/dev.chronobiology.com\/sk\/domovska-stranka\/\"},{\"@type\":\"ListItem\",\"position\":2,\"name\":\"Melaton\u00edn &#038; chronobiol\u00f3gia\",\"item\":\"https:\/\/dev.chronobiology.com\/sk\/melatonin-chronobiologia\/\"},{\"@type\":\"ListItem\",\"position\":3,\"name\":\"Hist\u00f3ria melaton\u00ednu\"}]},{\"@type\":\"WebSite\",\"@id\":\"https:\/\/dev.chronobiology.com\/sk\/#website\",\"url\":\"https:\/\/dev.chronobiology.com\/sk\/\",\"name\":\"Chronobiology.com\",\"description\":\"\",\"publisher\":{\"@id\":\"https:\/\/dev.chronobiology.com\/sk\/#organization\"},\"potentialAction\":[{\"@type\":\"SearchAction\",\"target\":{\"@type\":\"EntryPoint\",\"urlTemplate\":\"https:\/\/dev.chronobiology.com\/sk\/?s={search_term_string}\"},\"query-input\":{\"@type\":\"PropertyValueSpecification\",\"valueRequired\":true,\"valueName\":\"search_term_string\"}}],\"inLanguage\":\"sk-SK\"},{\"@type\":\"Organization\",\"@id\":\"https:\/\/dev.chronobiology.com\/sk\/#organization\",\"name\":\"Chronobiology\",\"url\":\"https:\/\/dev.chronobiology.com\/sk\/\",\"logo\":{\"@type\":\"ImageObject\",\"inLanguage\":\"sk-SK\",\"@id\":\"https:\/\/dev.chronobiology.com\/sk\/#\/schema\/logo\/image\/\",\"url\":\"https:\/\/www.chronobiology.com\/wp-content\/uploads\/2019\/01\/chronobiology_logo_en_r.png\",\"contentUrl\":\"https:\/\/www.chronobiology.com\/wp-content\/uploads\/2019\/01\/chronobiology_logo_en_r.png\",\"width\":375,\"height\":90,\"caption\":\"Chronobiology\"},\"image\":{\"@id\":\"https:\/\/dev.chronobiology.com\/sk\/#\/schema\/logo\/image\/\"},\"sameAs\":[\"https:\/\/www.facebook.com\/chronobiology\",\"https:\/\/x.com\/chronobionews\",\"https:\/\/www.instagram.com\/chronobiology\/\",\"https:\/\/www.pinterest.com\/chronobiology\/\"]}]}<\/script>\n<!-- \/ Yoast SEO Premium plugin. -->","yoast_head_json":{"title":"Hist\u00f3ria melaton\u00ednu &#8211; Chronobiology.com","robots":{"index":"index","follow":"follow","max-snippet":"max-snippet:-1","max-image-preview":"max-image-preview:large","max-video-preview":"max-video-preview:-1"},"canonical":"https:\/\/dev.chronobiology.com\/sk\/melatonin-chronobiologia\/historia-melatoninu\/","og_locale":"sk_SK","og_type":"article","og_title":"Hist\u00f3ria melaton\u00ednu","og_description":"[vc_row full_width=&#8220;stretch_row&#8220; el_class=&#8220;banner-top&#8220; css=&#8220;.vc_custom_1479388656340{background-image: url(https:\/\/www.chronobiology.com\/wp-content\/uploads\/2016\/11\/melatonin-banner.jpg?id=11663) !important;}&#8220;][vc_column][vc_custom_heading source=&#8220;post_title&#8220; font_container=&#8220;tag:h1|text_align:center&#8220; use_theme_fonts=&#8220;yes&#8220;][\/vc_column][\/vc_row][vc_row el_class=&#8220;melatoninfacts2&#8243;][vc_column][vc_column_text] Hist\u00f3ria Melaton\u00edn je prim\u00e1rne produkovan\u00fd epif\u00fdzou (glandula pinealis). Tento org\u00e1n sa spom\u00edna u\u017e v druhom storo\u010d\u00ed u Gal\u00e9na z Pergamonu a \u010fal\u0161\u00edch Gr\u00e9kov. V 16. storo\u010d\u00ed franc\u00fazsky filozof a vedec Descartes op\u00edsal epif\u00fdzu ako s\u00eddlo du\u0161e. Samotn\u00fd melaton\u00edn bol prv\u00fdkr\u00e1t objaven\u00fd a\u017e v roku 1958 [&hellip;]","og_url":"https:\/\/dev.chronobiology.com\/sk\/melatonin-chronobiologia\/historia-melatoninu\/","og_site_name":"Chronobiology.com","article_publisher":"https:\/\/www.facebook.com\/chronobiology","article_modified_time":"2024-03-26T17:43:18+00:00","og_image":[{"width":1913,"height":478,"url":"https:\/\/dev.chronobiology.com\/wp-content\/uploads\/2016\/11\/melatonin-banner.jpg","type":"image\/jpeg"}],"twitter_card":"summary_large_image","twitter_site":"@chronobionews","twitter_misc":{"Predpokladan\u00fd \u010das \u010d\u00edtania":"2 min\u00faty"},"schema":{"@context":"https:\/\/schema.org","@graph":[{"@type":"WebPage","@id":"https:\/\/dev.chronobiology.com\/sk\/melatonin-chronobiologia\/historia-melatoninu\/","url":"https:\/\/dev.chronobiology.com\/sk\/melatonin-chronobiologia\/historia-melatoninu\/","name":"Hist\u00f3ria melaton\u00ednu &#8211; Chronobiology.com","isPartOf":{"@id":"https:\/\/dev.chronobiology.com\/sk\/#website"},"primaryImageOfPage":{"@id":"https:\/\/dev.chronobiology.com\/sk\/melatonin-chronobiologia\/historia-melatoninu\/#primaryimage"},"image":{"@id":"https:\/\/dev.chronobiology.com\/sk\/melatonin-chronobiologia\/historia-melatoninu\/#primaryimage"},"thumbnailUrl":"https:\/\/dev.chronobiology.com\/wp-content\/uploads\/2016\/11\/melatonin-banner.jpg","datePublished":"2024-03-26T17:43:17+00:00","dateModified":"2024-03-26T17:43:18+00:00","breadcrumb":{"@id":"https:\/\/dev.chronobiology.com\/sk\/melatonin-chronobiologia\/historia-melatoninu\/#breadcrumb"},"inLanguage":"sk-SK","potentialAction":[{"@type":"ReadAction","target":["https:\/\/dev.chronobiology.com\/sk\/melatonin-chronobiologia\/historia-melatoninu\/"]}]},{"@type":"ImageObject","inLanguage":"sk-SK","@id":"https:\/\/dev.chronobiology.com\/sk\/melatonin-chronobiologia\/historia-melatoninu\/#primaryimage","url":"https:\/\/dev.chronobiology.com\/wp-content\/uploads\/2016\/11\/melatonin-banner.jpg","contentUrl":"https:\/\/dev.chronobiology.com\/wp-content\/uploads\/2016\/11\/melatonin-banner.jpg","width":1913,"height":478},{"@type":"BreadcrumbList","@id":"https:\/\/dev.chronobiology.com\/sk\/melatonin-chronobiologia\/historia-melatoninu\/#breadcrumb","itemListElement":[{"@type":"ListItem","position":1,"name":"Home","item":"https:\/\/dev.chronobiology.com\/sk\/domovska-stranka\/"},{"@type":"ListItem","position":2,"name":"Melaton\u00edn &#038; chronobiol\u00f3gia","item":"https:\/\/dev.chronobiology.com\/sk\/melatonin-chronobiologia\/"},{"@type":"ListItem","position":3,"name":"Hist\u00f3ria melaton\u00ednu"}]},{"@type":"WebSite","@id":"https:\/\/dev.chronobiology.com\/sk\/#website","url":"https:\/\/dev.chronobiology.com\/sk\/","name":"Chronobiology.com","description":"","publisher":{"@id":"https:\/\/dev.chronobiology.com\/sk\/#organization"},"potentialAction":[{"@type":"SearchAction","target":{"@type":"EntryPoint","urlTemplate":"https:\/\/dev.chronobiology.com\/sk\/?s={search_term_string}"},"query-input":{"@type":"PropertyValueSpecification","valueRequired":true,"valueName":"search_term_string"}}],"inLanguage":"sk-SK"},{"@type":"Organization","@id":"https:\/\/dev.chronobiology.com\/sk\/#organization","name":"Chronobiology","url":"https:\/\/dev.chronobiology.com\/sk\/","logo":{"@type":"ImageObject","inLanguage":"sk-SK","@id":"https:\/\/dev.chronobiology.com\/sk\/#\/schema\/logo\/image\/","url":"https:\/\/www.chronobiology.com\/wp-content\/uploads\/2019\/01\/chronobiology_logo_en_r.png","contentUrl":"https:\/\/www.chronobiology.com\/wp-content\/uploads\/2019\/01\/chronobiology_logo_en_r.png","width":375,"height":90,"caption":"Chronobiology"},"image":{"@id":"https:\/\/dev.chronobiology.com\/sk\/#\/schema\/logo\/image\/"},"sameAs":["https:\/\/www.facebook.com\/chronobiology","https:\/\/x.com\/chronobionews","https:\/\/www.instagram.com\/chronobiology\/","https:\/\/www.pinterest.com\/chronobiology\/"]}]}},"_links":{"self":[{"href":"https:\/\/dev.chronobiology.com\/sk\/wp-json\/wp\/v2\/pages\/55907"}],"collection":[{"href":"https:\/\/dev.chronobiology.com\/sk\/wp-json\/wp\/v2\/pages"}],"about":[{"href":"https:\/\/dev.chronobiology.com\/sk\/wp-json\/wp\/v2\/types\/page"}],"author":[{"embeddable":true,"href":"https:\/\/dev.chronobiology.com\/sk\/wp-json\/wp\/v2\/users\/15"}],"replies":[{"embeddable":true,"href":"https:\/\/dev.chronobiology.com\/sk\/wp-json\/wp\/v2\/comments?post=55907"}],"version-history":[{"count":2,"href":"https:\/\/dev.chronobiology.com\/sk\/wp-json\/wp\/v2\/pages\/55907\/revisions"}],"predecessor-version":[{"id":55910,"href":"https:\/\/dev.chronobiology.com\/sk\/wp-json\/wp\/v2\/pages\/55907\/revisions\/55910"}],"up":[{"embeddable":true,"href":"https:\/\/dev.chronobiology.com\/sk\/wp-json\/wp\/v2\/pages\/55865"}],"wp:featuredmedia":[{"embeddable":true,"href":"https:\/\/dev.chronobiology.com\/sk\/wp-json\/wp\/v2\/media\/55908"}],"wp:attachment":[{"href":"https:\/\/dev.chronobiology.com\/sk\/wp-json\/wp\/v2\/media?parent=55907"}],"wp:term":[{"taxonomy":"category","embeddable":true,"href":"https:\/\/dev.chronobiology.com\/sk\/wp-json\/wp\/v2\/categories?post=55907"}],"curies":[{"name":"wp","href":"https:\/\/api.w.org\/{rel}","templated":true}]}}