{"id":55865,"date":"2024-03-26T09:57:49","date_gmt":"2024-03-26T16:57:49","guid":{"rendered":"https:\/\/www.chronobiology.com\/melatonin-chronobiologia\/"},"modified":"2024-03-26T09:57:51","modified_gmt":"2024-03-26T16:57:51","slug":"melatonin-chronobiologia","status":"publish","type":"page","link":"https:\/\/dev.chronobiology.com\/sk\/melatonin-chronobiologia\/","title":{"rendered":"Melaton\u00edn &#038; chronobiol\u00f3gia"},"content":{"rendered":"<div class=\"wpb-content-wrapper\"><p>[vc_row full_width=&#8220;stretch_row&#8220; css=&#8220;.vc_custom_1479387610301{background-image: url(https:\/\/www.chronobiology.com\/wp-content\/uploads\/2016\/06\/brain-and-psyche-11.jpg?id=9163) !important;}&#8220; el_class=&#8220;banner-top&#8220;][vc_column][vc_custom_heading source=&#8220;post_title&#8220; font_container=&#8220;tag:h1|text_align:center&#8220; use_theme_fonts=&#8220;yes&#8220;][\/vc_column][\/vc_row][vc_row el_class=&#8220;melatoninfacts&#8220;][vc_column][vc_column_text]Melaton\u00edn, zn\u00e1my aj ako &#8222;matersk\u00fd horm\u00f3n chronobiol\u00f3gie&#8220;, je horm\u00f3n tvoren\u00fd v epif\u00fdze. Tento proces je sp\u00f4soben\u00fd sign\u00e1lmi zo suprachiasmatick\u00e9ho jadra hypotalamu, ktor\u00e9 reguluje cirkadi\u00e1nny rytmus. Ke\u010f sietnica prestane vn\u00edma\u0165 to\u013eko svetla modrej vlnovej d\u013a\u017eky, suprachiasmatick\u00e9 jadro je informovan\u00e9 a podnieti epif\u00fdzu, aby za\u010dala tvori\u0165 melaton\u00edn. Ke\u010f sietnice vn\u00edmaj\u00fa skor\u00e9 r\u00e1no, produkcia melaton\u00ednu sa zastav\u00ed a namiesto neho sa vytv\u00e1raj\u00fa horm\u00f3ny spojen\u00e9 s bdelos\u0165ou. Tento cyklus pom\u00e1ha vytv\u00e1ra\u0165 cirkadi\u00e1nny rytmus alebo 24-hodinov\u00fd cyklus sp\u00e1nku a bdenia.<\/p>\n<p>Melaton\u00edn m\u00e1 ve\u013emi kr\u00e1tky pol\u010das rozpadu, pribli\u017ene 30 min\u00fat. Ke\u010f\u017ee sa tak r\u00fdchlo rozklad\u00e1, mus\u00ed sa vytv\u00e1ra\u0165 nepretr\u017eite po\u010das celej noci, aby sa udr\u017eal pokojn\u00fd sp\u00e1nok. U \u013eud\u00ed so zdrav\u00fdm cirkadi\u00e1nnym rytmom hladina melaton\u00ednu po zotmen\u00ed r\u00fdchlo st\u00fapa a po\u010das noci a\u017e do skor\u00e9ho r\u00e1na je na rovnakej \u00farovni. Tieto vysok\u00e9 hladiny s\u00fa nevyhnutn\u00e9 nielen na zasp\u00e1vanie, ale aj na hlbok\u00fd a pokojn\u00fd sp\u00e1nok. Hladina melaton\u00ednu potom skoro r\u00e1no prudko kles\u00e1, aby sa \u013eudia mohli prebudi\u0165 v reakcii na zvy\u0161uj\u00facu sa hladinu svetla.[\/vc_column_text][\/vc_column][\/vc_row][vc_row][vc_column][vc_column_text]<\/p>\n<h2>Pulzatiln\u00fd melaton\u00edn:<\/h2>\n<h2>Lep\u0161ia mo\u017enos\u0165 na udr\u017eanie prirodzen\u00e9ho cirkadi\u00e1nneho rytmu<\/h2>\n<p>[\/vc_column_text][\/vc_column][\/vc_row][vc_row][vc_column width=&#8220;1\/2&#8243;][vc_column_text]Pulzatiln\u00fd melaton\u00edn je doplnok, ktor\u00fd je vytvoren\u00fd tak, aby sa uvo\u013e\u0148oval v mno\u017estv\u00e1ch, ktor\u00e9 napodob\u0148uj\u00fa zdrav\u00e9, prirodzen\u00e9 hladiny melaton\u00ednu. Metabolizuje sa tak, \u017ee po u\u017eit\u00ed doplnku jeho hladina prudko st\u00fapa a potom zost\u00e1va nieko\u013eko hod\u00edn na vysokej \u00farovni. Hladina potom prudko klesne, aby sa umo\u017enilo prebudenie. To napodob\u0148uje zdrav\u00e9, norm\u00e1lne cykly cirkadi\u00e1nneho rytmu, ktor\u00e9 s\u00fa spojen\u00e9 s pokojn\u00fdm sp\u00e1nkom.<\/p>\n<p>V\u00fdskum v oblasti chronobiol\u00f3gie uk\u00e1zal, \u017ee udr\u017eiavanie melaton\u00ednov\u00fdch cyklov je d\u00f4le\u017eit\u00e9 nielen pre pokojn\u00fd sp\u00e1nok, ale aj pre celkov\u00e9 zdravie. Z tohto d\u00f4vodu \u010doraz viac odborn\u00edkov na zdravie odpor\u00fa\u010da pulzn\u00fd melaton\u00edn ako ide\u00e1lny doplnok melaton\u00ednu. Lep\u0161ie zodpoved\u00e1 prirodzenej hladine melaton\u00ednu v zdravom mozgu. Udr\u017eiavanie zdrav\u00e9ho cirkadi\u00e1nneho rytmu je pre zdravie d\u00f4le\u017eit\u00e9, preto s\u00fa pulzuj\u00face melaton\u00ednov\u00e9 doplnky zvy\u010dajne najlep\u0161ou vo\u013ebou.[\/vc_column_text][\/vc_column][vc_column width=&#8220;1\/2&#8243;][vc_single_image image=&#8220;20173&#8243; img_size=&#8220;full&#8220; alignment=&#8220;center&#8220; style=&#8220;vc_box_shadow&#8220;][\/vc_column][\/vc_row][vc_row el_class=&#8220;melatonin-boxes&#8220;][vc_column width=&#8220;1\/4&#8243; css=&#8220;.vc_custom_1479394730197{background-image: url(https:\/\/www.chronobiology.com\/wp-content\/uploads\/2016\/11\/history_small.jpg?id=11729) !important;}&#8220; el_class=&#8220;melatonin-box&#8220;][vc_custom_heading text=&#8220;Hist\u00f3ria&#8220; font_container=&#8220;tag:h4|text_align:center&#8220; use_theme_fonts=&#8220;yes&#8220; link=&#8220;url:https%3A%2F%2Fwww.chronobiology.com%2Fmelatonin-chronobiology%2Fmelatonin-history%2F|&#8220;][\/vc_column][vc_column width=&#8220;1\/4&#8243; el_class=&#8220;melatonin-box&#8220; css=&#8220;.vc_custom_1479398743982{background-image: url(https:\/\/www.chronobiology.com\/wp-content\/uploads\/2016\/11\/tasks_small.jpg?id=11735) !important;}&#8220;][vc_custom_heading text=&#8220;\u00dalohy&#8220; font_container=&#8220;tag:h4|text_align:center&#8220; use_theme_fonts=&#8220;yes&#8220; link=&#8220;url:https%3A%2F%2Fwww.chronobiology.com%2Fmelatonin-chronobiology%2Fmelatonin-tasks%2F|&#8220;][\/vc_column][vc_column width=&#8220;1\/4&#8243; el_class=&#8220;melatonin-box&#8220; css=&#8220;.vc_custom_1479399341009{background-image: url(https:\/\/www.chronobiology.com\/wp-content\/uploads\/2016\/11\/mechanism_small.jpg?id=11739) !important;}&#8220;][vc_custom_heading text=&#8220;Mechanizmus&#8220; font_container=&#8220;tag:h4|text_align:center&#8220; use_theme_fonts=&#8220;yes&#8220; link=&#8220;url:https%3A%2F%2Fwww.chronobiology.com%2Fmelatonin-chronobiology%2Fmechanism%2F|&#8220;][\/vc_column][vc_column width=&#8220;1\/4&#8243; el_class=&#8220;melatonin-box&#8220; css=&#8220;.vc_custom_1479399271751{background-image: url(https:\/\/www.chronobiology.com\/wp-content\/uploads\/2016\/11\/melatonin_production_small.jpg?id=11738) !important;}&#8220;][vc_custom_heading text=&#8220;Produkcia melaton\u00ednu a vek&#8220; font_container=&#8220;tag:h4|text_align:center&#8220; use_theme_fonts=&#8220;yes&#8220; link=&#8220;url:https%3A%2F%2Fwww.chronobiology.com%2Fmelatonin-chronobiology%2Fmelatonin-production-age%2F|&#8220;][\/vc_column][\/vc_row][vc_row el_class=&#8220;melatonin-boxes last-boxes&#8220;][vc_column width=&#8220;1\/3&#8243; css=&#8220;.vc_custom_1479399423047{background-image: url(https:\/\/www.chronobiology.com\/wp-content\/uploads\/2016\/11\/indications_small.jpg?id=11737) !important;}&#8220; el_class=&#8220;melatonin-box&#8220;][vc_custom_heading text=&#8220;Indik\u00e1cie&#8220; font_container=&#8220;tag:h4|text_align:center&#8220; use_theme_fonts=&#8220;yes&#8220; link=&#8220;url:https%3A%2F%2Fwww.chronobiology.com%2Fmelatonin-chronobiology%2Findications%2F|&#8220;][\/vc_column][vc_column width=&#8220;1\/3&#8243; el_class=&#8220;melatonin-box&#8220; css=&#8220;.vc_custom_1479399778167{background-image: url(https:\/\/www.chronobiology.com\/wp-content\/uploads\/2016\/11\/disturbances_small.jpg?id=11744) !important;}&#8220;][vc_custom_heading text=&#8220;Exog\u00e9nne poruchy sp\u00e1nku&#8220; font_container=&#8220;tag:h4|text_align:center&#8220; use_theme_fonts=&#8220;yes&#8220; link=&#8220;url:https%3A%2F%2Fwww.chronobiology.com%2Fmelatonin-chronobiology%2Fexogenous-sleep-disturbances%2F|&#8220;][\/vc_column][vc_column width=&#8220;1\/3&#8243; el_class=&#8220;melatonin-box&#8220; css=&#8220;.vc_custom_1479399800243{background-image: url(https:\/\/www.chronobiology.com\/wp-content\/uploads\/2016\/11\/dosage_small.jpg?id=11745) !important;}&#8220;][vc_custom_heading text=&#8220;D\u00e1vkovanie a mo\u017en\u00e9 ved\u013eaj\u0161ie \u00fa\u010dinky&#8220; font_container=&#8220;tag:h4|text_align:center&#8220; use_theme_fonts=&#8220;yes&#8220; link=&#8220;url:https%3A%2F%2Fwww.chronobiology.com%2Fmelatonin-chronobiology%2Fdosage-possible-side-effects%2F|&#8220;][\/vc_column][\/vc_row]<\/p>\n<\/div>","protected":false},"excerpt":{"rendered":"<p>[vc_row full_width=&#8220;stretch_row&#8220; css=&#8220;.vc_custom_1479387610301{background-image: url(https:\/\/www.chronobiology.com\/wp-content\/uploads\/2016\/06\/brain-and-psyche-11.jpg?id=9163) !important;}&#8220; el_class=&#8220;banner-top&#8220;][vc_column][vc_custom_heading source=&#8220;post_title&#8220; font_container=&#8220;tag:h1|text_align:center&#8220; use_theme_fonts=&#8220;yes&#8220;][\/vc_column][\/vc_row][vc_row el_class=&#8220;melatoninfacts&#8220;][vc_column][vc_column_text]Melaton\u00edn, zn\u00e1my aj ako &#8222;matersk\u00fd horm\u00f3n chronobiol\u00f3gie&#8220;, je horm\u00f3n tvoren\u00fd v epif\u00fdze. Tento proces je sp\u00f4soben\u00fd sign\u00e1lmi zo suprachiasmatick\u00e9ho jadra hypotalamu, ktor\u00e9 reguluje cirkadi\u00e1nny rytmus. Ke\u010f sietnica prestane vn\u00edma\u0165 to\u013eko svetla modrej vlnovej d\u013a\u017eky, suprachiasmatick\u00e9 jadro je informovan\u00e9 a podnieti epif\u00fdzu, aby za\u010dala tvori\u0165 melaton\u00edn. Ke\u010f [&hellip;]<\/p>\n","protected":false},"author":15,"featured_media":0,"parent":0,"menu_order":0,"comment_status":"closed","ping_status":"closed","template":"","meta":{"_acf_changed":false,"_genesis_hide_title":false,"_genesis_hide_breadcrumbs":false,"_genesis_hide_singular_image":false,"_genesis_hide_footer_widgets":false,"_genesis_custom_body_class":"","_genesis_custom_post_class":"","_genesis_layout":"full-width-content","footnotes":""},"categories":[523,517],"class_list":{"0":"post-55865","1":"page","2":"type-page","3":"status-publish","5":"category-melatonin-sk","6":"category-spanok","7":"entry","8":"has-post-thumbnail"},"acf":[],"yoast_head":"<!-- This site is optimized with the Yoast SEO Premium plugin v23.4 (Yoast SEO v23.4) - https:\/\/yoast.com\/wordpress\/plugins\/seo\/ -->\n<title>Melaton\u00edn &amp; chronobiol\u00f3gia &#8211; Chronobiology.com<\/title>\n<meta name=\"robots\" content=\"index, follow, max-snippet:-1, max-image-preview:large, max-video-preview:-1\" \/>\n<link rel=\"canonical\" href=\"https:\/\/dev.chronobiology.com\/sk\/melatonin-chronobiologia\/\" \/>\n<meta property=\"og:locale\" content=\"sk_SK\" \/>\n<meta property=\"og:type\" content=\"article\" \/>\n<meta property=\"og:title\" content=\"Melaton\u00edn &amp; chronobiol\u00f3gia\" \/>\n<meta property=\"og:description\" content=\"[vc_row full_width=&#8220;stretch_row&#8220; css=&#8220;.vc_custom_1479387610301{background-image: url(https:\/\/www.chronobiology.com\/wp-content\/uploads\/2016\/06\/brain-and-psyche-11.jpg?id=9163) !important;}&#8220; el_class=&#8220;banner-top&#8220;][vc_column][vc_custom_heading source=&#8220;post_title&#8220; font_container=&#8220;tag:h1|text_align:center&#8220; use_theme_fonts=&#8220;yes&#8220;][\/vc_column][\/vc_row][vc_row el_class=&#8220;melatoninfacts&#8220;][vc_column][vc_column_text]Melaton\u00edn, zn\u00e1my aj ako &#8222;matersk\u00fd horm\u00f3n chronobiol\u00f3gie&#8220;, je horm\u00f3n tvoren\u00fd v epif\u00fdze. Tento proces je sp\u00f4soben\u00fd sign\u00e1lmi zo suprachiasmatick\u00e9ho jadra hypotalamu, ktor\u00e9 reguluje cirkadi\u00e1nny rytmus. Ke\u010f sietnica prestane vn\u00edma\u0165 to\u013eko svetla modrej vlnovej d\u013a\u017eky, suprachiasmatick\u00e9 jadro je informovan\u00e9 a podnieti epif\u00fdzu, aby za\u010dala tvori\u0165 melaton\u00edn. Ke\u010f [&hellip;]\" \/>\n<meta property=\"og:url\" content=\"https:\/\/dev.chronobiology.com\/sk\/melatonin-chronobiologia\/\" \/>\n<meta property=\"og:site_name\" content=\"Chronobiology.com\" \/>\n<meta property=\"article:publisher\" content=\"https:\/\/www.facebook.com\/chronobiology\" \/>\n<meta property=\"article:modified_time\" content=\"2024-03-26T16:57:51+00:00\" \/>\n<meta name=\"twitter:card\" content=\"summary_large_image\" \/>\n<meta name=\"twitter:site\" content=\"@chronobionews\" \/>\n<meta name=\"twitter:label1\" content=\"Predpokladan\u00fd \u010das \u010d\u00edtania\" \/>\n\t<meta name=\"twitter:data1\" content=\"4 min\u00faty\" \/>\n<script type=\"application\/ld+json\" class=\"yoast-schema-graph\">{\"@context\":\"https:\/\/schema.org\",\"@graph\":[{\"@type\":\"WebPage\",\"@id\":\"https:\/\/dev.chronobiology.com\/sk\/melatonin-chronobiologia\/\",\"url\":\"https:\/\/dev.chronobiology.com\/sk\/melatonin-chronobiologia\/\",\"name\":\"Melaton\u00edn & chronobiol\u00f3gia &#8211; Chronobiology.com\",\"isPartOf\":{\"@id\":\"https:\/\/dev.chronobiology.com\/sk\/#website\"},\"datePublished\":\"2024-03-26T16:57:49+00:00\",\"dateModified\":\"2024-03-26T16:57:51+00:00\",\"breadcrumb\":{\"@id\":\"https:\/\/dev.chronobiology.com\/sk\/melatonin-chronobiologia\/#breadcrumb\"},\"inLanguage\":\"sk-SK\",\"potentialAction\":[{\"@type\":\"ReadAction\",\"target\":[\"https:\/\/dev.chronobiology.com\/sk\/melatonin-chronobiologia\/\"]}]},{\"@type\":\"BreadcrumbList\",\"@id\":\"https:\/\/dev.chronobiology.com\/sk\/melatonin-chronobiologia\/#breadcrumb\",\"itemListElement\":[{\"@type\":\"ListItem\",\"position\":1,\"name\":\"Home\",\"item\":\"https:\/\/dev.chronobiology.com\/sk\/domovska-stranka\/\"},{\"@type\":\"ListItem\",\"position\":2,\"name\":\"Melaton\u00edn &#038; chronobiol\u00f3gia\"}]},{\"@type\":\"WebSite\",\"@id\":\"https:\/\/dev.chronobiology.com\/sk\/#website\",\"url\":\"https:\/\/dev.chronobiology.com\/sk\/\",\"name\":\"Chronobiology.com\",\"description\":\"\",\"publisher\":{\"@id\":\"https:\/\/dev.chronobiology.com\/sk\/#organization\"},\"potentialAction\":[{\"@type\":\"SearchAction\",\"target\":{\"@type\":\"EntryPoint\",\"urlTemplate\":\"https:\/\/dev.chronobiology.com\/sk\/?s={search_term_string}\"},\"query-input\":{\"@type\":\"PropertyValueSpecification\",\"valueRequired\":true,\"valueName\":\"search_term_string\"}}],\"inLanguage\":\"sk-SK\"},{\"@type\":\"Organization\",\"@id\":\"https:\/\/dev.chronobiology.com\/sk\/#organization\",\"name\":\"Chronobiology\",\"url\":\"https:\/\/dev.chronobiology.com\/sk\/\",\"logo\":{\"@type\":\"ImageObject\",\"inLanguage\":\"sk-SK\",\"@id\":\"https:\/\/dev.chronobiology.com\/sk\/#\/schema\/logo\/image\/\",\"url\":\"https:\/\/www.chronobiology.com\/wp-content\/uploads\/2019\/01\/chronobiology_logo_en_r.png\",\"contentUrl\":\"https:\/\/www.chronobiology.com\/wp-content\/uploads\/2019\/01\/chronobiology_logo_en_r.png\",\"width\":375,\"height\":90,\"caption\":\"Chronobiology\"},\"image\":{\"@id\":\"https:\/\/dev.chronobiology.com\/sk\/#\/schema\/logo\/image\/\"},\"sameAs\":[\"https:\/\/www.facebook.com\/chronobiology\",\"https:\/\/x.com\/chronobionews\",\"https:\/\/www.instagram.com\/chronobiology\/\",\"https:\/\/www.pinterest.com\/chronobiology\/\"]}]}<\/script>\n<!-- \/ Yoast SEO Premium plugin. -->","yoast_head_json":{"title":"Melaton\u00edn & chronobiol\u00f3gia &#8211; Chronobiology.com","robots":{"index":"index","follow":"follow","max-snippet":"max-snippet:-1","max-image-preview":"max-image-preview:large","max-video-preview":"max-video-preview:-1"},"canonical":"https:\/\/dev.chronobiology.com\/sk\/melatonin-chronobiologia\/","og_locale":"sk_SK","og_type":"article","og_title":"Melaton\u00edn & chronobiol\u00f3gia","og_description":"[vc_row full_width=&#8220;stretch_row&#8220; css=&#8220;.vc_custom_1479387610301{background-image: url(https:\/\/www.chronobiology.com\/wp-content\/uploads\/2016\/06\/brain-and-psyche-11.jpg?id=9163) !important;}&#8220; el_class=&#8220;banner-top&#8220;][vc_column][vc_custom_heading source=&#8220;post_title&#8220; font_container=&#8220;tag:h1|text_align:center&#8220; use_theme_fonts=&#8220;yes&#8220;][\/vc_column][\/vc_row][vc_row el_class=&#8220;melatoninfacts&#8220;][vc_column][vc_column_text]Melaton\u00edn, zn\u00e1my aj ako &#8222;matersk\u00fd horm\u00f3n chronobiol\u00f3gie&#8220;, je horm\u00f3n tvoren\u00fd v epif\u00fdze. Tento proces je sp\u00f4soben\u00fd sign\u00e1lmi zo suprachiasmatick\u00e9ho jadra hypotalamu, ktor\u00e9 reguluje cirkadi\u00e1nny rytmus. Ke\u010f sietnica prestane vn\u00edma\u0165 to\u013eko svetla modrej vlnovej d\u013a\u017eky, suprachiasmatick\u00e9 jadro je informovan\u00e9 a podnieti epif\u00fdzu, aby za\u010dala tvori\u0165 melaton\u00edn. Ke\u010f [&hellip;]","og_url":"https:\/\/dev.chronobiology.com\/sk\/melatonin-chronobiologia\/","og_site_name":"Chronobiology.com","article_publisher":"https:\/\/www.facebook.com\/chronobiology","article_modified_time":"2024-03-26T16:57:51+00:00","twitter_card":"summary_large_image","twitter_site":"@chronobionews","twitter_misc":{"Predpokladan\u00fd \u010das \u010d\u00edtania":"4 min\u00faty"},"schema":{"@context":"https:\/\/schema.org","@graph":[{"@type":"WebPage","@id":"https:\/\/dev.chronobiology.com\/sk\/melatonin-chronobiologia\/","url":"https:\/\/dev.chronobiology.com\/sk\/melatonin-chronobiologia\/","name":"Melaton\u00edn & chronobiol\u00f3gia &#8211; Chronobiology.com","isPartOf":{"@id":"https:\/\/dev.chronobiology.com\/sk\/#website"},"datePublished":"2024-03-26T16:57:49+00:00","dateModified":"2024-03-26T16:57:51+00:00","breadcrumb":{"@id":"https:\/\/dev.chronobiology.com\/sk\/melatonin-chronobiologia\/#breadcrumb"},"inLanguage":"sk-SK","potentialAction":[{"@type":"ReadAction","target":["https:\/\/dev.chronobiology.com\/sk\/melatonin-chronobiologia\/"]}]},{"@type":"BreadcrumbList","@id":"https:\/\/dev.chronobiology.com\/sk\/melatonin-chronobiologia\/#breadcrumb","itemListElement":[{"@type":"ListItem","position":1,"name":"Home","item":"https:\/\/dev.chronobiology.com\/sk\/domovska-stranka\/"},{"@type":"ListItem","position":2,"name":"Melaton\u00edn &#038; chronobiol\u00f3gia"}]},{"@type":"WebSite","@id":"https:\/\/dev.chronobiology.com\/sk\/#website","url":"https:\/\/dev.chronobiology.com\/sk\/","name":"Chronobiology.com","description":"","publisher":{"@id":"https:\/\/dev.chronobiology.com\/sk\/#organization"},"potentialAction":[{"@type":"SearchAction","target":{"@type":"EntryPoint","urlTemplate":"https:\/\/dev.chronobiology.com\/sk\/?s={search_term_string}"},"query-input":{"@type":"PropertyValueSpecification","valueRequired":true,"valueName":"search_term_string"}}],"inLanguage":"sk-SK"},{"@type":"Organization","@id":"https:\/\/dev.chronobiology.com\/sk\/#organization","name":"Chronobiology","url":"https:\/\/dev.chronobiology.com\/sk\/","logo":{"@type":"ImageObject","inLanguage":"sk-SK","@id":"https:\/\/dev.chronobiology.com\/sk\/#\/schema\/logo\/image\/","url":"https:\/\/www.chronobiology.com\/wp-content\/uploads\/2019\/01\/chronobiology_logo_en_r.png","contentUrl":"https:\/\/www.chronobiology.com\/wp-content\/uploads\/2019\/01\/chronobiology_logo_en_r.png","width":375,"height":90,"caption":"Chronobiology"},"image":{"@id":"https:\/\/dev.chronobiology.com\/sk\/#\/schema\/logo\/image\/"},"sameAs":["https:\/\/www.facebook.com\/chronobiology","https:\/\/x.com\/chronobionews","https:\/\/www.instagram.com\/chronobiology\/","https:\/\/www.pinterest.com\/chronobiology\/"]}]}},"_links":{"self":[{"href":"https:\/\/dev.chronobiology.com\/sk\/wp-json\/wp\/v2\/pages\/55865"}],"collection":[{"href":"https:\/\/dev.chronobiology.com\/sk\/wp-json\/wp\/v2\/pages"}],"about":[{"href":"https:\/\/dev.chronobiology.com\/sk\/wp-json\/wp\/v2\/types\/page"}],"author":[{"embeddable":true,"href":"https:\/\/dev.chronobiology.com\/sk\/wp-json\/wp\/v2\/users\/15"}],"replies":[{"embeddable":true,"href":"https:\/\/dev.chronobiology.com\/sk\/wp-json\/wp\/v2\/comments?post=55865"}],"version-history":[{"count":2,"href":"https:\/\/dev.chronobiology.com\/sk\/wp-json\/wp\/v2\/pages\/55865\/revisions"}],"predecessor-version":[{"id":55876,"href":"https:\/\/dev.chronobiology.com\/sk\/wp-json\/wp\/v2\/pages\/55865\/revisions\/55876"}],"wp:attachment":[{"href":"https:\/\/dev.chronobiology.com\/sk\/wp-json\/wp\/v2\/media?parent=55865"}],"wp:term":[{"taxonomy":"category","embeddable":true,"href":"https:\/\/dev.chronobiology.com\/sk\/wp-json\/wp\/v2\/categories?post=55865"}],"curies":[{"name":"wp","href":"https:\/\/api.w.org\/{rel}","templated":true}]}}