{"id":55858,"date":"2024-03-26T08:25:32","date_gmt":"2024-03-26T15:25:32","guid":{"rendered":"https:\/\/www.chronobiology.com\/domovska-stranka\/"},"modified":"2024-03-26T08:25:33","modified_gmt":"2024-03-26T15:25:33","slug":"domovska-stranka","status":"publish","type":"page","link":"https:\/\/dev.chronobiology.com\/sk\/","title":{"rendered":"Domovsk\u00e1 str\u00e1nka"},"content":{"rendered":"<div class=\"wpb-content-wrapper\"><p>[vc_row full_width=&#8220;stretch_row&#8220; el_class=&#8220;home-top&#8220; css=&#8220;.vc_custom_1481849859307{background-image: url(https:\/\/www.chronobiology.com\/wp-content\/uploads\/2013\/04\/home_bg_2.jpg?id=11558) !important;background-position: center !important;background-repeat: no-repeat !important;background-size: cover !important;}&#8220;][vc_column][vc_column_text]<\/p>\n<h1 style=\"text-align: center;\"><strong>CHRONOBIOL\u00d3GIA<\/strong><\/h1>\n<h1 style=\"text-align: center;\"><strong>T\u00e1to str\u00e1nka je venovan\u00e1 hist\u00f3rii, poznatkom a pokrokom chronobiol\u00f3gie.<\/strong><\/h1>\n<p>[\/vc_column_text][vc_column_text]<div class=\"latest_news\"><div class=\"wrap\"><div class=\"singleNews\"><a href=\"https:\/\/dev.chronobiology.com\/sk\/pre-lepsi-spanok-nepouzivajte-obrazovky-v-posteli\/\"><img decoding=\"async\" src=\"https:\/\/dev.chronobiology.com\/wp-content\/uploads\/2024\/09\/lll-1-358x200.png\" alt=\"Pre lep\u0161\u00ed sp\u00e1nok nepou\u017e\u00edvajte obrazovky v posteli\"><\/a><h4><a href=\"https:\/\/dev.chronobiology.com\/sk\/pre-lepsi-spanok-nepouzivajte-obrazovky-v-posteli\/\">Pre lep\u0161\u00ed sp\u00e1nok nepou\u017e\u00edvajte obrazovky v posteli<\/a><\/h4><p>\u0160t\u00fadia Otagskej univerzity zistila, \u017ee na rozdiel od v\u0161eobecn\u00e9ho presved\u010denia m\u00e1 ne...<a class=\"more_link\" href=\"https:\/\/dev.chronobiology.com\/sk\/pre-lepsi-spanok-nepouzivajte-obrazovky-v-posteli\/\"> <\/a><\/p><\/div><div class=\"singleNews\"><a href=\"https:\/\/dev.chronobiology.com\/sk\/vedci-testuju-novy-liek-urceny-na-zmiernenie-srdcoveho-zlyhavania-a-spankovej-apnoe\/\"><img decoding=\"async\" src=\"https:\/\/dev.chronobiology.com\/wp-content\/uploads\/2023\/04\/Shutterstock_1663310782-358x200.jpg\" alt=\"Vedci testuj\u00fa nov\u00fd liek ur\u010den\u00fd na zmiernenie srdcov\u00e9ho zlyh\u00e1vania a sp\u00e1nkovej apnoe\"><\/a><h4><a href=\"https:\/\/dev.chronobiology.com\/sk\/vedci-testuju-novy-liek-urceny-na-zmiernenie-srdcoveho-zlyhavania-a-spankovej-apnoe\/\">Vedci testuj\u00fa nov\u00fd liek ur\u010den\u00fd na zmiernenie srdcov\u00e9ho zlyh\u00e1vania a sp\u00e1nkovej apnoe<\/a><\/h4><p>Zlyhanie srdca je be\u017en\u00fd stav.\nV Eur\u00f3pe trp\u00ed srdcovou nedostato\u010dnos\u0165ou viac ako 10 mi...<a class=\"more_link\" href=\"https:\/\/dev.chronobiology.com\/sk\/vedci-testuju-novy-liek-urceny-na-zmiernenie-srdcoveho-zlyhavania-a-spankovej-apnoe\/\"> <\/a><\/p><\/div><div class=\"singleNews\"><a href=\"https:\/\/dev.chronobiology.com\/sk\/novy-vyskum-ukazuje-ze-zubne-prehliadky-by-mohli-byt-prvou-obrannou-liniou-proti-smrtelnym-porucham-spanku\/\"><img decoding=\"async\" src=\"https:\/\/dev.chronobiology.com\/wp-content\/uploads\/2024\/09\/ayayay-358x200.png\" alt=\"Nov\u00fd v\u00fdskum ukazuje, \u017ee zubn\u00e9 prehliadky by mohli by\u0165 prvou obrannou l\u00edniou proti smrte\u013en\u00fdm poruch\u00e1m sp\u00e1nku\"><\/a><h4><a href=\"https:\/\/dev.chronobiology.com\/sk\/novy-vyskum-ukazuje-ze-zubne-prehliadky-by-mohli-byt-prvou-obrannou-liniou-proti-smrtelnym-porucham-spanku\/\">Nov\u00fd v\u00fdskum ukazuje, \u017ee zubn\u00e9 prehliadky by mohli by\u0165 prvou obrannou l\u00edniou proti smrte\u013en\u00fdm poruch\u00e1m sp\u00e1nku<\/a><\/h4><p>Pacient zasp\u00ed v zub\u00e1rskom kresle napriek strachu z nadch\u00e1dzaj\u00faceho z\u00e1kroku. Zdanlivo ...<a class=\"more_link\" href=\"https:\/\/dev.chronobiology.com\/sk\/novy-vyskum-ukazuje-ze-zubne-prehliadky-by-mohli-byt-prvou-obrannou-liniou-proti-smrtelnym-porucham-spanku\/\"> <\/a><\/p><\/div><\/div><\/div>[\/vc_column_text][\/vc_column][\/vc_row][vc_row][vc_column width=&#8220;3\/4&#8243;][vc_column_text]<\/p>\n<article class=\"post-3056 page type-page status-publish entry\">\n<div class=\"entry-content\">\n<h1><strong>RYTMUS \u017dIVOTA<\/strong><\/h1>\n<\/div>\n<\/article>\n<p>[\/vc_column_text][vc_raw_html]PGRpdiBjbGFzcz0icmh5dGhtX29mX2xpZmUiPg0KPGRpdiBjbGFzcz0iY2xvY2tzIj48Y2FudmFzIGlkPSJjYW52YXMiIHdpZHRoPSIyMDAiIGhlaWdodD0iMjAwIj48c3Bhbj48c3Bhbj5Zb3VyIGJyb3dzZXIgZG9lcyBub3Qgc3VwcG9ydCB0aGUgQ0FOVkFTIGVsZW1lbnQgYWxhcyE8L3NwYW4+PC9zcGFuPg0KDQombmJzcDsNCg0KPC9jYW52YXM+PC9kaXY+DQo8L2Rpdj4NCjx0YWJsZSBjbGFzcz0icmh5dGhtLW1vYiI+DQo8dGJvZHk+DQo8dHI+DQo8dGQgY2xhc3M9InJoeXRobS1ibHVlIj4xIGEubS48L3RkPg0KPHRkPkRyZWFtIHRpbWU8L3RkPg0KPC90cj4NCjx0cj4NCjx0ZCBjbGFzcz0icmh5dGhtLWJsdWUiPjIgYS5tLjwvdGQ+DQo8dGQ+QWxsIHN5c3RlbXMgaW4gcmVnZW5lcmF0aW9uIG1vZGUgZXhjZXB0IGxpdmVyIGFuZCBza2luPC90ZD4NCjwvdHI+DQo8dHI+DQo8dGQgY2xhc3M9InJoeXRobS1ibHVlIj4zIGEubS48L3RkPg0KPHRkPkludGVuc2l2ZSBzbGVlcCBwaGFzZTwvdGQ+DQo8L3RyPg0KPHRyPg0KPHRkIGNsYXNzPSJyaHl0aG0tYmx1ZSI+NCBhLm0uPC90ZD4NCjx0ZD5MdW5ncyBtb3N0IGFjdGl2ZTwvdGQ+DQo8L3RyPg0KPHRyPg0KPHRkIGNsYXNzPSJyaHl0aG0tYmx1ZSI+NSBhLm0uPC90ZD4NCjx0ZD5LaWRuZXkgZnVuY3Rpb24gYXQgbG93ZXN0IHBvaW50PC90ZD4NCjwvdHI+DQo8dHI+DQo8dGQgY2xhc3M9InJoeXRobS1yZWQiPjYgYS5tLjwvdGQ+DQo8dGQ+VGhlIGJvZHkncyBzeXN0ZW1zIGF3YWtlbjwvdGQ+DQo8L3RyPg0KPHRyPg0KPHRkIGNsYXNzPSJyaHl0aG0tcmVkIj43LTkgYS5tLjwvdGQ+DQo8dGQ+SG9ybW9uZXMgYXQgdGhlaXIgcGVhazwvdGQ+DQo8L3RyPg0KPHRyPg0KPHRkIGNsYXNzPSJyaHl0aG0tcmVkIj44LTkgYS5tLjwvdGQ+DQo8dGQ+SGlnaGVzdCBwYWluIHRocmVzaG9sZDwvdGQ+DQo8L3RyPg0KPHRyPg0KPHRkIGNsYXNzPSJyaHl0aG0tcmVkIj4xMCBhLm0uIC0gMTIgbm9vbjwvdGQ+DQo8dGQ+RnVsbHkgZml0IGFuZCB3aWRlIGF3YWtlLCBicmFpbiBtb3N0IGVmZmljaWVudDwvdGQ+DQo8L3RyPg0KPHRyPg0KPHRkIGNsYXNzPSJyaHl0aG0tcmVkIj4xMiBub29uPC90ZD4NCjx0ZD5UaW1lIHRvIGVhdCBkaWdlc3Rpb24gaW4gdG9wIGdlYXI8L3RkPg0KPC90cj4NCjx0cj4NCjx0ZCBjbGFzcz0icmh5dGhtLXJlZCI+MS0yIHAubS48L3RkPg0KPHRkPkFmdGVybm9vbiBsb3csIHRpbWUgZm9yIGEgbmFwPC90ZD4NCjwvdHI+DQo8dHI+DQo8dGQgY2xhc3M9InJoeXRobS1yZWQiPjMtNCBwLm0uPC90ZD4NCjx0ZD5OZXcgdXBzd2luZzpwaGFzZSBvZiBsZWFybmluZyAmYW1wOyBsb2duIHRlcm0gbWVtb3J5PC90ZD4NCjwvdHI+DQo8dHI+DQo8dGQgY2xhc3M9InJoeXRobS1yZWQiPjUtNiBwLm0uPC90ZD4NCjx0ZD5TZWNvbmQgcGVhaywgYmVzdCB0aW1lIGZvciBtYW51YWwgd29yazwvdGQ+DQo8L3RyPg0KPHRyPg0KPHRkIGNsYXNzPSJyaHl0aG0tYmx1ZSI+Ni05IHAubS48L3RkPg0KPHRkPlJlZ2VuZXJhdGlvbiBhbmQgcmVsYXhhdGlvbiwgb3B0aW1hbCBzZW5zZSBvZiBzbWVsbCBhbmQgdGFzdGU8L3RkPg0KPC90cj4NCjx0cj4NCjx0ZCBjbGFzcz0icmh5dGhtLWJsdWUiPjkgcC5tLjwvdGQ+DQo8dGQ+U3RvbWFjaCByZXN0cyAtIHRpbWUgdG8gc3RvcCBlYXRpbmc8L3RkPg0KPC90cj4NCjx0cj4NCjx0ZCBjbGFzcz0icmh5dGhtLWJsdWUiPjExIHAubS48L3RkPg0KPHRkPlRpbWUgZm9yIGJlZDwvdGQ+DQo8L3RyPg0KPHRyPg0KPHRkIGNsYXNzPSJyaHl0aG0tYmx1ZSI+MTEgcC5tIC0gMSBhLm0uPC90ZD4NCjx0ZD5DcmVhdGl2aXR5IGF0IGl0cyBwZWFrPC90ZD4NCjwvdHI+DQo8L3Rib2R5Pg0KPC90YWJsZT4=[\/vc_raw_html][vc_column_text]<\/p>\n<h3>O Chronobiol\u00f3gii<\/h3>\n<p>T\u00e1to webov\u00e1 str\u00e1nka je venovan\u00e1 hist\u00f3rii, poznatkom a pokrokom chronobiol\u00f3gie.<\/p>\n<p>Chronobiol\u00f3gia je oblas\u0165 biol\u00f3gie, ktor\u00e1 sk\u00fama, ako s\u00fa prirodzen\u00e9 cykly n\u00e1\u0161ho tela &#8211; du\u0161evn\u00e9, fyzick\u00e9 a emocion\u00e1lne &#8211; ovplyvnen\u00e9 slne\u010dn\u00fdmi a mesa\u010dn\u00fdmi rytmami. Napr\u00edklad cirkadi\u00e1nny rytmus, 24-hodinov\u00fd cyklus fyziologick\u00fdch procesov, ktor\u00e9 prebiehaj\u00fa v celom \u013eudskom tele, je d\u00f4le\u017eit\u00fdm cyklom pri \u0161t\u00fadiu chronobiol\u00f3gie.<\/p>\n<p>Ke\u010f sa tieto procesy pokazia alebo sa v \u013eudskom tele vyskytn\u00fa abnormality, rie\u0161en\u00edm m\u00f4\u017ee by\u0165 pr\u00e1ve \u0161t\u00fadium chronobiol\u00f3gie.[\/vc_column_text][\/vc_column][vc_column width=&#8220;1\/4&#8243; el_class=&#8220;sidebar&#8220;][vc_wp_custommenu title=&#8220;Zdravotn\u00e9 pr\u00ednosy chronofarmakol\u00f3gie&#8220; nav_menu=&#8220;24&#8243;][\/vc_column][\/vc_row]<\/p>\n<\/div>","protected":false},"excerpt":{"rendered":"<p>[vc_row full_width=&#8220;stretch_row&#8220; el_class=&#8220;home-top&#8220; css=&#8220;.vc_custom_1481849859307{background-image: url(https:\/\/www.chronobiology.com\/wp-content\/uploads\/2013\/04\/home_bg_2.jpg?id=11558) !important;background-position: center !important;background-repeat: no-repeat !important;background-size: cover !important;}&#8220;][vc_column][vc_column_text] CHRONOBIOL\u00d3GIA T\u00e1to str\u00e1nka je venovan\u00e1 hist\u00f3rii, poznatkom a pokrokom chronobiol\u00f3gie. [\/vc_column_text][vc_column_text][\/vc_column_text][\/vc_column][\/vc_row][vc_row][vc_column width=&#8220;3\/4&#8243;][vc_column_text] RYTMUS \u017dIVOTA [\/vc_column_text][vc_raw_html]PGRpdiBjbGFzcz0icmh5dGhtX29mX2xpZmUiPg0KPGRpdiBjbGFzcz0iY2xvY2tzIj48Y2FudmFzIGlkPSJjYW52YXMiIHdpZHRoPSIyMDAiIGhlaWdodD0iMjAwIj48c3Bhbj48c3Bhbj5Zb3VyIGJyb3dzZXIgZG9lcyBub3Qgc3VwcG9ydCB0aGUgQ0FOVkFTIGVsZW1lbnQgYWxhcyE8L3NwYW4+PC9zcGFuPg0KDQombmJzcDsNCg0KPC9jYW52YXM+PC9kaXY+DQo8L2Rpdj4NCjx0YWJsZSBjbGFzcz0icmh5dGhtLW1vYiI+DQo8dGJvZHk+DQo8dHI+DQo8dGQgY2xhc3M9InJoeXRobS1ibHVlIj4xIGEubS48L3RkPg0KPHRkPkRyZWFtIHRpbWU8L3RkPg0KPC90cj4NCjx0cj4NCjx0ZCBjbGFzcz0icmh5dGhtLWJsdWUiPjIgYS5tLjwvdGQ+DQo8dGQ+QWxsIHN5c3RlbXMgaW4gcmVnZW5lcmF0aW9uIG1vZGUgZXhjZXB0IGxpdmVyIGFuZCBza2luPC90ZD4NCjwvdHI+DQo8dHI+DQo8dGQgY2xhc3M9InJoeXRobS1ibHVlIj4zIGEubS48L3RkPg0KPHRkPkludGVuc2l2ZSBzbGVlcCBwaGFzZTwvdGQ+DQo8L3RyPg0KPHRyPg0KPHRkIGNsYXNzPSJyaHl0aG0tYmx1ZSI+NCBhLm0uPC90ZD4NCjx0ZD5MdW5ncyBtb3N0IGFjdGl2ZTwvdGQ+DQo8L3RyPg0KPHRyPg0KPHRkIGNsYXNzPSJyaHl0aG0tYmx1ZSI+NSBhLm0uPC90ZD4NCjx0ZD5LaWRuZXkgZnVuY3Rpb24gYXQgbG93ZXN0IHBvaW50PC90ZD4NCjwvdHI+DQo8dHI+DQo8dGQgY2xhc3M9InJoeXRobS1yZWQiPjYgYS5tLjwvdGQ+DQo8dGQ+VGhlIGJvZHkncyBzeXN0ZW1zIGF3YWtlbjwvdGQ+DQo8L3RyPg0KPHRyPg0KPHRkIGNsYXNzPSJyaHl0aG0tcmVkIj43LTkgYS5tLjwvdGQ+DQo8dGQ+SG9ybW9uZXMgYXQgdGhlaXIgcGVhazwvdGQ+DQo8L3RyPg0KPHRyPg0KPHRkIGNsYXNzPSJyaHl0aG0tcmVkIj44LTkgYS5tLjwvdGQ+DQo8dGQ+SGlnaGVzdCBwYWluIHRocmVzaG9sZDwvdGQ+DQo8L3RyPg0KPHRyPg0KPHRkIGNsYXNzPSJyaHl0aG0tcmVkIj4xMCBhLm0uIC0gMTIgbm9vbjwvdGQ+DQo8dGQ+RnVsbHkgZml0IGFuZCB3aWRlIGF3YWtlLCBicmFpbiBtb3N0IGVmZmljaWVudDwvdGQ+DQo8L3RyPg0KPHRyPg0KPHRkIGNsYXNzPSJyaHl0aG0tcmVkIj4xMiBub29uPC90ZD4NCjx0ZD5UaW1lIHRvIGVhdCBkaWdlc3Rpb24gaW4gdG9wIGdlYXI8L3RkPg0KPC90cj4NCjx0cj4NCjx0ZCBjbGFzcz0icmh5dGhtLXJlZCI+MS0yIHAubS48L3RkPg0KPHRkPkFmdGVybm9vbiBsb3csIHRpbWUgZm9yIGEgbmFwPC90ZD4NCjwvdHI+DQo8dHI+DQo8dGQgY2xhc3M9InJoeXRobS1yZWQiPjMtNCBwLm0uPC90ZD4NCjx0ZD5OZXcgdXBzd2luZzpwaGFzZSBvZiBsZWFybmluZyAmYW1wOyBsb2duIHRlcm0gbWVtb3J5PC90ZD4NCjwvdHI+DQo8dHI+DQo8dGQgY2xhc3M9InJoeXRobS1yZWQiPjUtNiBwLm0uPC90ZD4NCjx0ZD5TZWNvbmQgcGVhaywgYmVzdCB0aW1lIGZvciBtYW51YWwgd29yazwvdGQ+DQo8L3RyPg0KPHRyPg0KPHRkIGNsYXNzPSJyaHl0aG0tYmx1ZSI+Ni05IHAubS48L3RkPg0KPHRkPlJlZ2VuZXJhdGlvbiBhbmQgcmVsYXhhdGlvbiwgb3B0aW1hbCBzZW5zZSBvZiBzbWVsbCBhbmQgdGFzdGU8L3RkPg0KPC90cj4NCjx0cj4NCjx0ZCBjbGFzcz0icmh5dGhtLWJsdWUiPjkgcC5tLjwvdGQ+DQo8dGQ+U3RvbWFjaCByZXN0cyAtIHRpbWUgdG8gc3RvcCBlYXRpbmc8L3RkPg0KPC90cj4NCjx0cj4NCjx0ZCBjbGFzcz0icmh5dGhtLWJsdWUiPjExIHAubS48L3RkPg0KPHRkPlRpbWUgZm9yIGJlZDwvdGQ+DQo8L3RyPg0KPHRyPg0KPHRkIGNsYXNzPSJyaHl0aG0tYmx1ZSI+MTEgcC5tIC0gMSBhLm0uPC90ZD4NCjx0ZD5DcmVhdGl2aXR5IGF0IGl0cyBwZWFrPC90ZD4NCjwvdHI+DQo8L3Rib2R5Pg0KPC90YWJsZT4=[\/vc_raw_html][vc_column_text] O Chronobiol\u00f3gii T\u00e1to webov\u00e1 str\u00e1nka je venovan\u00e1 hist\u00f3rii, poznatkom a pokrokom chronobiol\u00f3gie. Chronobiol\u00f3gia je oblas\u0165 biol\u00f3gie, ktor\u00e1 sk\u00fama, ako s\u00fa prirodzen\u00e9 cykly n\u00e1\u0161ho tela &#8211; du\u0161evn\u00e9, fyzick\u00e9 a [&hellip;]<\/p>\n","protected":false},"author":11,"featured_media":0,"parent":0,"menu_order":0,"comment_status":"open","ping_status":"closed","template":"","meta":{"_acf_changed":false,"_genesis_hide_title":false,"_genesis_hide_breadcrumbs":false,"_genesis_hide_singular_image":false,"_genesis_hide_footer_widgets":false,"_genesis_custom_body_class":"","_genesis_custom_post_class":"","_genesis_layout":"full-width-content","footnotes":""},"categories":[],"class_list":{"0":"post-55858","1":"page","2":"type-page","3":"status-publish","5":"entry","6":"has-post-thumbnail"},"acf":[],"yoast_head":"<!-- This site is optimized with the Yoast SEO Premium plugin v23.4 (Yoast SEO v23.4) - https:\/\/yoast.com\/wordpress\/plugins\/seo\/ -->\n<title>Chronobiol\u00f3gia - Hist\u00f3ria, poznatky a pokroky chronobiol\u00f3gie<\/title>\n<meta name=\"robots\" content=\"index, follow, max-snippet:-1, max-image-preview:large, max-video-preview:-1\" \/>\n<link rel=\"canonical\" href=\"https:\/\/dev.chronobiology.com\/sk\/\" \/>\n<meta property=\"og:locale\" content=\"sk_SK\" \/>\n<meta property=\"og:type\" content=\"article\" \/>\n<meta property=\"og:title\" content=\"Domovsk\u00e1 str\u00e1nka\" \/>\n<meta property=\"og:description\" content=\"[vc_row full_width=&#8220;stretch_row&#8220; el_class=&#8220;home-top&#8220; css=&#8220;.vc_custom_1481849859307{background-image: url(https:\/\/www.chronobiology.com\/wp-content\/uploads\/2013\/04\/home_bg_2.jpg?id=11558) !important;background-position: center !important;background-repeat: no-repeat !important;background-size: cover !important;}&#8220;][vc_column][vc_column_text] CHRONOBIOL\u00d3GIA T\u00e1to str\u00e1nka je venovan\u00e1 hist\u00f3rii, poznatkom a pokrokom chronobiol\u00f3gie. [\/vc_column_text][vc_column_text][\/vc_column_text][\/vc_column][\/vc_row][vc_row][vc_column width=&#8220;3\/4&#8243;][vc_column_text] RYTMUS \u017dIVOTA [\/vc_column_text][vc_raw_html]PGRpdiBjbGFzcz0icmh5dGhtX29mX2xpZmUiPg0KPGRpdiBjbGFzcz0iY2xvY2tzIj48Y2FudmFzIGlkPSJjYW52YXMiIHdpZHRoPSIyMDAiIGhlaWdodD0iMjAwIj48c3Bhbj48c3Bhbj5Zb3VyIGJyb3dzZXIgZG9lcyBub3Qgc3VwcG9ydCB0aGUgQ0FOVkFTIGVsZW1lbnQgYWxhcyE8L3NwYW4+PC9zcGFuPg0KDQombmJzcDsNCg0KPC9jYW52YXM+PC9kaXY+DQo8L2Rpdj4NCjx0YWJsZSBjbGFzcz0icmh5dGhtLW1vYiI+DQo8dGJvZHk+DQo8dHI+DQo8dGQgY2xhc3M9InJoeXRobS1ibHVlIj4xIGEubS48L3RkPg0KPHRkPkRyZWFtIHRpbWU8L3RkPg0KPC90cj4NCjx0cj4NCjx0ZCBjbGFzcz0icmh5dGhtLWJsdWUiPjIgYS5tLjwvdGQ+DQo8dGQ+QWxsIHN5c3RlbXMgaW4gcmVnZW5lcmF0aW9uIG1vZGUgZXhjZXB0IGxpdmVyIGFuZCBza2luPC90ZD4NCjwvdHI+DQo8dHI+DQo8dGQgY2xhc3M9InJoeXRobS1ibHVlIj4zIGEubS48L3RkPg0KPHRkPkludGVuc2l2ZSBzbGVlcCBwaGFzZTwvdGQ+DQo8L3RyPg0KPHRyPg0KPHRkIGNsYXNzPSJyaHl0aG0tYmx1ZSI+NCBhLm0uPC90ZD4NCjx0ZD5MdW5ncyBtb3N0IGFjdGl2ZTwvdGQ+DQo8L3RyPg0KPHRyPg0KPHRkIGNsYXNzPSJyaHl0aG0tYmx1ZSI+NSBhLm0uPC90ZD4NCjx0ZD5LaWRuZXkgZnVuY3Rpb24gYXQgbG93ZXN0IHBvaW50PC90ZD4NCjwvdHI+DQo8dHI+DQo8dGQgY2xhc3M9InJoeXRobS1yZWQiPjYgYS5tLjwvdGQ+DQo8dGQ+VGhlIGJvZHkncyBzeXN0ZW1zIGF3YWtlbjwvdGQ+DQo8L3RyPg0KPHRyPg0KPHRkIGNsYXNzPSJyaHl0aG0tcmVkIj43LTkgYS5tLjwvdGQ+DQo8dGQ+SG9ybW9uZXMgYXQgdGhlaXIgcGVhazwvdGQ+DQo8L3RyPg0KPHRyPg0KPHRkIGNsYXNzPSJyaHl0aG0tcmVkIj44LTkgYS5tLjwvdGQ+DQo8dGQ+SGlnaGVzdCBwYWluIHRocmVzaG9sZDwvdGQ+DQo8L3RyPg0KPHRyPg0KPHRkIGNsYXNzPSJyaHl0aG0tcmVkIj4xMCBhLm0uIC0gMTIgbm9vbjwvdGQ+DQo8dGQ+RnVsbHkgZml0IGFuZCB3aWRlIGF3YWtlLCBicmFpbiBtb3N0IGVmZmljaWVudDwvdGQ+DQo8L3RyPg0KPHRyPg0KPHRkIGNsYXNzPSJyaHl0aG0tcmVkIj4xMiBub29uPC90ZD4NCjx0ZD5UaW1lIHRvIGVhdCBkaWdlc3Rpb24gaW4gdG9wIGdlYXI8L3RkPg0KPC90cj4NCjx0cj4NCjx0ZCBjbGFzcz0icmh5dGhtLXJlZCI+MS0yIHAubS48L3RkPg0KPHRkPkFmdGVybm9vbiBsb3csIHRpbWUgZm9yIGEgbmFwPC90ZD4NCjwvdHI+DQo8dHI+DQo8dGQgY2xhc3M9InJoeXRobS1yZWQiPjMtNCBwLm0uPC90ZD4NCjx0ZD5OZXcgdXBzd2luZzpwaGFzZSBvZiBsZWFybmluZyAmYW1wOyBsb2duIHRlcm0gbWVtb3J5PC90ZD4NCjwvdHI+DQo8dHI+DQo8dGQgY2xhc3M9InJoeXRobS1yZWQiPjUtNiBwLm0uPC90ZD4NCjx0ZD5TZWNvbmQgcGVhaywgYmVzdCB0aW1lIGZvciBtYW51YWwgd29yazwvdGQ+DQo8L3RyPg0KPHRyPg0KPHRkIGNsYXNzPSJyaHl0aG0tYmx1ZSI+Ni05IHAubS48L3RkPg0KPHRkPlJlZ2VuZXJhdGlvbiBhbmQgcmVsYXhhdGlvbiwgb3B0aW1hbCBzZW5zZSBvZiBzbWVsbCBhbmQgdGFzdGU8L3RkPg0KPC90cj4NCjx0cj4NCjx0ZCBjbGFzcz0icmh5dGhtLWJsdWUiPjkgcC5tLjwvdGQ+DQo8dGQ+U3RvbWFjaCByZXN0cyAtIHRpbWUgdG8gc3RvcCBlYXRpbmc8L3RkPg0KPC90cj4NCjx0cj4NCjx0ZCBjbGFzcz0icmh5dGhtLWJsdWUiPjExIHAubS48L3RkPg0KPHRkPlRpbWUgZm9yIGJlZDwvdGQ+DQo8L3RyPg0KPHRyPg0KPHRkIGNsYXNzPSJyaHl0aG0tYmx1ZSI+MTEgcC5tIC0gMSBhLm0uPC90ZD4NCjx0ZD5DcmVhdGl2aXR5IGF0IGl0cyBwZWFrPC90ZD4NCjwvdHI+DQo8L3Rib2R5Pg0KPC90YWJsZT4=[\/vc_raw_html][vc_column_text] O Chronobiol\u00f3gii T\u00e1to webov\u00e1 str\u00e1nka je venovan\u00e1 hist\u00f3rii, poznatkom a pokrokom chronobiol\u00f3gie. Chronobiol\u00f3gia je oblas\u0165 biol\u00f3gie, ktor\u00e1 sk\u00fama, ako s\u00fa prirodzen\u00e9 cykly n\u00e1\u0161ho tela &#8211; du\u0161evn\u00e9, fyzick\u00e9 a [&hellip;]\" \/>\n<meta property=\"og:url\" content=\"https:\/\/dev.chronobiology.com\/sk\/\" \/>\n<meta property=\"og:site_name\" content=\"Chronobiology.com\" \/>\n<meta property=\"article:publisher\" content=\"https:\/\/www.facebook.com\/chronobiology\" \/>\n<meta property=\"article:modified_time\" content=\"2024-03-26T15:25:33+00:00\" \/>\n<meta name=\"twitter:card\" content=\"summary_large_image\" \/>\n<meta name=\"twitter:site\" content=\"@chronobionews\" \/>\n<meta name=\"twitter:label1\" content=\"Predpokladan\u00fd \u010das \u010d\u00edtania\" \/>\n\t<meta name=\"twitter:data1\" content=\"3 min\u00faty\" \/>\n<script type=\"application\/ld+json\" class=\"yoast-schema-graph\">{\"@context\":\"https:\/\/schema.org\",\"@graph\":[{\"@type\":\"WebPage\",\"@id\":\"https:\/\/dev.chronobiology.com\/sk\/\",\"url\":\"https:\/\/dev.chronobiology.com\/sk\/\",\"name\":\"Chronobiol\u00f3gia - Hist\u00f3ria, poznatky a pokroky chronobiol\u00f3gie\",\"isPartOf\":{\"@id\":\"https:\/\/dev.chronobiology.com\/sk\/#website\"},\"datePublished\":\"2024-03-26T15:25:32+00:00\",\"dateModified\":\"2024-03-26T15:25:33+00:00\",\"breadcrumb\":{\"@id\":\"https:\/\/dev.chronobiology.com\/sk\/#breadcrumb\"},\"inLanguage\":\"sk-SK\",\"potentialAction\":[{\"@type\":\"ReadAction\",\"target\":[\"https:\/\/dev.chronobiology.com\/sk\/\"]}]},{\"@type\":\"BreadcrumbList\",\"@id\":\"https:\/\/dev.chronobiology.com\/sk\/#breadcrumb\",\"itemListElement\":[{\"@type\":\"ListItem\",\"position\":1,\"name\":\"Home\",\"item\":\"https:\/\/dev.chronobiology.com\/sk\/domovska-stranka\/\"},{\"@type\":\"ListItem\",\"position\":2,\"name\":\"Domovsk\u00e1 str\u00e1nka\"}]},{\"@type\":\"WebSite\",\"@id\":\"https:\/\/dev.chronobiology.com\/sk\/#website\",\"url\":\"https:\/\/dev.chronobiology.com\/sk\/\",\"name\":\"Chronobiology.com\",\"description\":\"\",\"publisher\":{\"@id\":\"https:\/\/dev.chronobiology.com\/sk\/#organization\"},\"potentialAction\":[{\"@type\":\"SearchAction\",\"target\":{\"@type\":\"EntryPoint\",\"urlTemplate\":\"https:\/\/dev.chronobiology.com\/sk\/?s={search_term_string}\"},\"query-input\":{\"@type\":\"PropertyValueSpecification\",\"valueRequired\":true,\"valueName\":\"search_term_string\"}}],\"inLanguage\":\"sk-SK\"},{\"@type\":\"Organization\",\"@id\":\"https:\/\/dev.chronobiology.com\/sk\/#organization\",\"name\":\"Chronobiology\",\"url\":\"https:\/\/dev.chronobiology.com\/sk\/\",\"logo\":{\"@type\":\"ImageObject\",\"inLanguage\":\"sk-SK\",\"@id\":\"https:\/\/dev.chronobiology.com\/sk\/#\/schema\/logo\/image\/\",\"url\":\"https:\/\/www.chronobiology.com\/wp-content\/uploads\/2019\/01\/chronobiology_logo_en_r.png\",\"contentUrl\":\"https:\/\/www.chronobiology.com\/wp-content\/uploads\/2019\/01\/chronobiology_logo_en_r.png\",\"width\":375,\"height\":90,\"caption\":\"Chronobiology\"},\"image\":{\"@id\":\"https:\/\/dev.chronobiology.com\/sk\/#\/schema\/logo\/image\/\"},\"sameAs\":[\"https:\/\/www.facebook.com\/chronobiology\",\"https:\/\/x.com\/chronobionews\",\"https:\/\/www.instagram.com\/chronobiology\/\",\"https:\/\/www.pinterest.com\/chronobiology\/\"]}]}<\/script>\n<!-- \/ Yoast SEO Premium plugin. -->","yoast_head_json":{"title":"Chronobiol\u00f3gia - Hist\u00f3ria, poznatky a pokroky chronobiol\u00f3gie","robots":{"index":"index","follow":"follow","max-snippet":"max-snippet:-1","max-image-preview":"max-image-preview:large","max-video-preview":"max-video-preview:-1"},"canonical":"https:\/\/dev.chronobiology.com\/sk\/","og_locale":"sk_SK","og_type":"article","og_title":"Domovsk\u00e1 str\u00e1nka","og_description":"[vc_row full_width=&#8220;stretch_row&#8220; el_class=&#8220;home-top&#8220; css=&#8220;.vc_custom_1481849859307{background-image: url(https:\/\/www.chronobiology.com\/wp-content\/uploads\/2013\/04\/home_bg_2.jpg?id=11558) !important;background-position: center !important;background-repeat: no-repeat !important;background-size: cover !important;}&#8220;][vc_column][vc_column_text] CHRONOBIOL\u00d3GIA T\u00e1to str\u00e1nka je venovan\u00e1 hist\u00f3rii, poznatkom a pokrokom chronobiol\u00f3gie. [\/vc_column_text][vc_column_text][\/vc_column_text][\/vc_column][\/vc_row][vc_row][vc_column width=&#8220;3\/4&#8243;][vc_column_text] RYTMUS \u017dIVOTA [\/vc_column_text][vc_raw_html]PGRpdiBjbGFzcz0icmh5dGhtX29mX2xpZmUiPg0KPGRpdiBjbGFzcz0iY2xvY2tzIj48Y2FudmFzIGlkPSJjYW52YXMiIHdpZHRoPSIyMDAiIGhlaWdodD0iMjAwIj48c3Bhbj48c3Bhbj5Zb3VyIGJyb3dzZXIgZG9lcyBub3Qgc3VwcG9ydCB0aGUgQ0FOVkFTIGVsZW1lbnQgYWxhcyE8L3NwYW4+PC9zcGFuPg0KDQombmJzcDsNCg0KPC9jYW52YXM+PC9kaXY+DQo8L2Rpdj4NCjx0YWJsZSBjbGFzcz0icmh5dGhtLW1vYiI+DQo8dGJvZHk+DQo8dHI+DQo8dGQgY2xhc3M9InJoeXRobS1ibHVlIj4xIGEubS48L3RkPg0KPHRkPkRyZWFtIHRpbWU8L3RkPg0KPC90cj4NCjx0cj4NCjx0ZCBjbGFzcz0icmh5dGhtLWJsdWUiPjIgYS5tLjwvdGQ+DQo8dGQ+QWxsIHN5c3RlbXMgaW4gcmVnZW5lcmF0aW9uIG1vZGUgZXhjZXB0IGxpdmVyIGFuZCBza2luPC90ZD4NCjwvdHI+DQo8dHI+DQo8dGQgY2xhc3M9InJoeXRobS1ibHVlIj4zIGEubS48L3RkPg0KPHRkPkludGVuc2l2ZSBzbGVlcCBwaGFzZTwvdGQ+DQo8L3RyPg0KPHRyPg0KPHRkIGNsYXNzPSJyaHl0aG0tYmx1ZSI+NCBhLm0uPC90ZD4NCjx0ZD5MdW5ncyBtb3N0IGFjdGl2ZTwvdGQ+DQo8L3RyPg0KPHRyPg0KPHRkIGNsYXNzPSJyaHl0aG0tYmx1ZSI+NSBhLm0uPC90ZD4NCjx0ZD5LaWRuZXkgZnVuY3Rpb24gYXQgbG93ZXN0IHBvaW50PC90ZD4NCjwvdHI+DQo8dHI+DQo8dGQgY2xhc3M9InJoeXRobS1yZWQiPjYgYS5tLjwvdGQ+DQo8dGQ+VGhlIGJvZHkncyBzeXN0ZW1zIGF3YWtlbjwvdGQ+DQo8L3RyPg0KPHRyPg0KPHRkIGNsYXNzPSJyaHl0aG0tcmVkIj43LTkgYS5tLjwvdGQ+DQo8dGQ+SG9ybW9uZXMgYXQgdGhlaXIgcGVhazwvdGQ+DQo8L3RyPg0KPHRyPg0KPHRkIGNsYXNzPSJyaHl0aG0tcmVkIj44LTkgYS5tLjwvdGQ+DQo8dGQ+SGlnaGVzdCBwYWluIHRocmVzaG9sZDwvdGQ+DQo8L3RyPg0KPHRyPg0KPHRkIGNsYXNzPSJyaHl0aG0tcmVkIj4xMCBhLm0uIC0gMTIgbm9vbjwvdGQ+DQo8dGQ+RnVsbHkgZml0IGFuZCB3aWRlIGF3YWtlLCBicmFpbiBtb3N0IGVmZmljaWVudDwvdGQ+DQo8L3RyPg0KPHRyPg0KPHRkIGNsYXNzPSJyaHl0aG0tcmVkIj4xMiBub29uPC90ZD4NCjx0ZD5UaW1lIHRvIGVhdCBkaWdlc3Rpb24gaW4gdG9wIGdlYXI8L3RkPg0KPC90cj4NCjx0cj4NCjx0ZCBjbGFzcz0icmh5dGhtLXJlZCI+MS0yIHAubS48L3RkPg0KPHRkPkFmdGVybm9vbiBsb3csIHRpbWUgZm9yIGEgbmFwPC90ZD4NCjwvdHI+DQo8dHI+DQo8dGQgY2xhc3M9InJoeXRobS1yZWQiPjMtNCBwLm0uPC90ZD4NCjx0ZD5OZXcgdXBzd2luZzpwaGFzZSBvZiBsZWFybmluZyAmYW1wOyBsb2duIHRlcm0gbWVtb3J5PC90ZD4NCjwvdHI+DQo8dHI+DQo8dGQgY2xhc3M9InJoeXRobS1yZWQiPjUtNiBwLm0uPC90ZD4NCjx0ZD5TZWNvbmQgcGVhaywgYmVzdCB0aW1lIGZvciBtYW51YWwgd29yazwvdGQ+DQo8L3RyPg0KPHRyPg0KPHRkIGNsYXNzPSJyaHl0aG0tYmx1ZSI+Ni05IHAubS48L3RkPg0KPHRkPlJlZ2VuZXJhdGlvbiBhbmQgcmVsYXhhdGlvbiwgb3B0aW1hbCBzZW5zZSBvZiBzbWVsbCBhbmQgdGFzdGU8L3RkPg0KPC90cj4NCjx0cj4NCjx0ZCBjbGFzcz0icmh5dGhtLWJsdWUiPjkgcC5tLjwvdGQ+DQo8dGQ+U3RvbWFjaCByZXN0cyAtIHRpbWUgdG8gc3RvcCBlYXRpbmc8L3RkPg0KPC90cj4NCjx0cj4NCjx0ZCBjbGFzcz0icmh5dGhtLWJsdWUiPjExIHAubS48L3RkPg0KPHRkPlRpbWUgZm9yIGJlZDwvdGQ+DQo8L3RyPg0KPHRyPg0KPHRkIGNsYXNzPSJyaHl0aG0tYmx1ZSI+MTEgcC5tIC0gMSBhLm0uPC90ZD4NCjx0ZD5DcmVhdGl2aXR5IGF0IGl0cyBwZWFrPC90ZD4NCjwvdHI+DQo8L3Rib2R5Pg0KPC90YWJsZT4=[\/vc_raw_html][vc_column_text] O Chronobiol\u00f3gii T\u00e1to webov\u00e1 str\u00e1nka je venovan\u00e1 hist\u00f3rii, poznatkom a pokrokom chronobiol\u00f3gie. Chronobiol\u00f3gia je oblas\u0165 biol\u00f3gie, ktor\u00e1 sk\u00fama, ako s\u00fa prirodzen\u00e9 cykly n\u00e1\u0161ho tela &#8211; du\u0161evn\u00e9, fyzick\u00e9 a [&hellip;]","og_url":"https:\/\/dev.chronobiology.com\/sk\/","og_site_name":"Chronobiology.com","article_publisher":"https:\/\/www.facebook.com\/chronobiology","article_modified_time":"2024-03-26T15:25:33+00:00","twitter_card":"summary_large_image","twitter_site":"@chronobionews","twitter_misc":{"Predpokladan\u00fd \u010das \u010d\u00edtania":"3 min\u00faty"},"schema":{"@context":"https:\/\/schema.org","@graph":[{"@type":"WebPage","@id":"https:\/\/dev.chronobiology.com\/sk\/","url":"https:\/\/dev.chronobiology.com\/sk\/","name":"Chronobiol\u00f3gia - Hist\u00f3ria, poznatky a pokroky chronobiol\u00f3gie","isPartOf":{"@id":"https:\/\/dev.chronobiology.com\/sk\/#website"},"datePublished":"2024-03-26T15:25:32+00:00","dateModified":"2024-03-26T15:25:33+00:00","breadcrumb":{"@id":"https:\/\/dev.chronobiology.com\/sk\/#breadcrumb"},"inLanguage":"sk-SK","potentialAction":[{"@type":"ReadAction","target":["https:\/\/dev.chronobiology.com\/sk\/"]}]},{"@type":"BreadcrumbList","@id":"https:\/\/dev.chronobiology.com\/sk\/#breadcrumb","itemListElement":[{"@type":"ListItem","position":1,"name":"Home","item":"https:\/\/dev.chronobiology.com\/sk\/domovska-stranka\/"},{"@type":"ListItem","position":2,"name":"Domovsk\u00e1 str\u00e1nka"}]},{"@type":"WebSite","@id":"https:\/\/dev.chronobiology.com\/sk\/#website","url":"https:\/\/dev.chronobiology.com\/sk\/","name":"Chronobiology.com","description":"","publisher":{"@id":"https:\/\/dev.chronobiology.com\/sk\/#organization"},"potentialAction":[{"@type":"SearchAction","target":{"@type":"EntryPoint","urlTemplate":"https:\/\/dev.chronobiology.com\/sk\/?s={search_term_string}"},"query-input":{"@type":"PropertyValueSpecification","valueRequired":true,"valueName":"search_term_string"}}],"inLanguage":"sk-SK"},{"@type":"Organization","@id":"https:\/\/dev.chronobiology.com\/sk\/#organization","name":"Chronobiology","url":"https:\/\/dev.chronobiology.com\/sk\/","logo":{"@type":"ImageObject","inLanguage":"sk-SK","@id":"https:\/\/dev.chronobiology.com\/sk\/#\/schema\/logo\/image\/","url":"https:\/\/www.chronobiology.com\/wp-content\/uploads\/2019\/01\/chronobiology_logo_en_r.png","contentUrl":"https:\/\/www.chronobiology.com\/wp-content\/uploads\/2019\/01\/chronobiology_logo_en_r.png","width":375,"height":90,"caption":"Chronobiology"},"image":{"@id":"https:\/\/dev.chronobiology.com\/sk\/#\/schema\/logo\/image\/"},"sameAs":["https:\/\/www.facebook.com\/chronobiology","https:\/\/x.com\/chronobionews","https:\/\/www.instagram.com\/chronobiology\/","https:\/\/www.pinterest.com\/chronobiology\/"]}]}},"_links":{"self":[{"href":"https:\/\/dev.chronobiology.com\/sk\/wp-json\/wp\/v2\/pages\/55858"}],"collection":[{"href":"https:\/\/dev.chronobiology.com\/sk\/wp-json\/wp\/v2\/pages"}],"about":[{"href":"https:\/\/dev.chronobiology.com\/sk\/wp-json\/wp\/v2\/types\/page"}],"author":[{"embeddable":true,"href":"https:\/\/dev.chronobiology.com\/sk\/wp-json\/wp\/v2\/users\/11"}],"replies":[{"embeddable":true,"href":"https:\/\/dev.chronobiology.com\/sk\/wp-json\/wp\/v2\/comments?post=55858"}],"version-history":[{"count":2,"href":"https:\/\/dev.chronobiology.com\/sk\/wp-json\/wp\/v2\/pages\/55858\/revisions"}],"predecessor-version":[{"id":55862,"href":"https:\/\/dev.chronobiology.com\/sk\/wp-json\/wp\/v2\/pages\/55858\/revisions\/55862"}],"wp:attachment":[{"href":"https:\/\/dev.chronobiology.com\/sk\/wp-json\/wp\/v2\/media?parent=55858"}],"wp:term":[{"taxonomy":"category","embeddable":true,"href":"https:\/\/dev.chronobiology.com\/sk\/wp-json\/wp\/v2\/categories?post=55858"}],"curies":[{"name":"wp","href":"https:\/\/api.w.org\/{rel}","templated":true}]}}