{"id":55676,"date":"2024-03-18T08:28:25","date_gmt":"2024-03-18T15:28:25","guid":{"rendered":"https:\/\/www.chronobiology.com\/zdravotne-prinosy-chronofarmakologie\/"},"modified":"2024-03-18T08:28:28","modified_gmt":"2024-03-18T15:28:28","slug":"zdravotne-prinosy-chronofarmakologie","status":"publish","type":"page","link":"https:\/\/dev.chronobiology.com\/sk\/zdravotne-prinosy-chronofarmakologie\/","title":{"rendered":"Zdravotn\u00e9 pr\u00ednosy chronofarmakol\u00f3gie"},"content":{"rendered":"<div class=\"wpb-content-wrapper\"><p>[vc_row full_width=&#8220;stretch_row&#8220; css=&#8220;.vc_custom_1481873941643{background-image: url(https:\/\/www.chronobiology.com\/wp-content\/uploads\/2015\/01\/chronopharmakologie-2.jpg?id=9256) !important;background-position: center !important;background-repeat: no-repeat !important;background-size: cover !important;}&#8220; el_class=&#8220;banner-top&#8220;][vc_column][vc_custom_heading source=&#8220;post_title&#8220; font_container=&#8220;tag:h1|text_align:center&#8220; use_theme_fonts=&#8220;yes&#8220;][\/vc_column][\/vc_row][vc_row][vc_column][vc_column_text]<\/p>\n<h1>Chronofarmakol\u00f3gia: Spr\u00e1vna formul\u00e1cia v spr\u00e1vny \u010das<\/h1>\n<p>To, ako r\u00fdchlo alebo \u00fa\u010dinne sa biologick\u00e1 l\u00e1tka po u\u017eit\u00ed absorbuje a vyvol\u00e1 \u00fa\u010dinok, z\u00e1vis\u00ed do ve\u013ekej miery od \u010dinnosti tr\u00e1viaceho traktu. Ak m\u00e1 l\u00e1tka vyvola\u0165 \u00fa\u010dinok v cie\u013eovom org\u00e1ne v ur\u010ditom \u010dase, mus\u00ed sa v\u010das dosta\u0165 do pe\u010dene. Tento prechod tr\u00e1viacim traktom v\u0161ak neprebieha v\u017edy rovnakou r\u00fdchlos\u0165ou. Napr\u00edklad z\u00e1sobovanie \u017eal\u00fadka a \u010driev krvou je bohat\u00e9 r\u00e1no, ale relat\u00edvne slab\u00e9 okolo obeda. Tento aspekt sa zoh\u013ead\u0148uje v chronobiologick\u00fdch pr\u00edpravkoch, ktor\u00e9 sa pod\u00e1vaj\u00fa r\u00e1no, pred span\u00edm alebo s\u00fa vybaven\u00e9 ak\u00fdmsi \u010dasov\u00fdm z\u00e1mkom. Tento nov\u00fd medic\u00ednsky poznatok m\u00f4\u017ee pom\u00f4c\u0165 vyhn\u00fa\u0165 sa tomu, aby sme robili spr\u00e1vne veci v nespr\u00e1vnom \u010dase. Ktor\u00e1 l\u00e1tka m\u00e1 maxim\u00e1lny \u00fa\u010dinok r\u00e1no? Ktor\u00e1 l\u00e1tka sa najlep\u0161ie vstreb\u00e1va pred span\u00edm?<\/p>\n<p>Ktor\u00e9 l\u00e1tky s\u00fa navz\u00e1jom kompatibiln\u00e9? Ktor\u00e9 z nich sa musia u\u017e\u00edva\u0165 spolo\u010dne, aby boli v\u00f4bec \u00fa\u010dinn\u00e9? Ktor\u00e9 biologick\u00e9 l\u00e1tky m\u00f4\u017eu blokova\u0165 \u00fa\u010dinok in\u00fdch? Chronoterapia podporuje organizmus presne v \u010dase, ke\u010f mo\u017eno dosiahnu\u0165 maxim\u00e1lny \u00fa\u010dinok. Takto zvy\u0161ujeme \u00fa\u010dinnos\u0165. Takto zni\u017eujeme ne\u017eiaduce ved\u013eaj\u0161ie \u00fa\u010dinky. Pre mnoh\u00e9 l\u00e1tky u\u017e chronobiol\u00f3gia pozn\u00e1 naj\u00fa\u010dinnej\u0161\u00ed \u010dasov\u00fd bod. Existuje mno\u017estvo modern\u00fdch pr\u00edpravkov, ktor\u00e9 s\u00fa skuto\u010dne inteligentn\u00e9. Obsahuj\u00fa \u0161pecifick\u00e9 mikrobiologick\u00e9 l\u00e1tky na cel\u00fd de\u0148 a u\u017e\u00edvaj\u00fa sa mo\u017eno len raz denne. \u010casov\u00fd z\u00e1mok alebo rozdielna r\u00fdchlos\u0165 p\u00f4sobenia jednotliv\u00fdch l\u00e1tok zabezpe\u010duj\u00fa, \u017ee pr\u00edslu\u0161n\u00e9 \u00fa\u010dinky sa sp\u00fa\u0161\u0165aj\u00fa postupne, pod\u013ea cirkadi\u00e1nneho rytmu, a trvaj\u00fa dlho do noci.<\/p>\n<h1>Pr\u00ednosy pre zdravie<\/h1>\n<p>[\/vc_column_text][vc_row_inner el_class=&#8220;benefits_box&#8220;][vc_column_inner width=&#8220;1\/4&#8243;][just_icon icon_type=&#8220;custom&#8220; icon_img=&#8220;id^11575|url^https:\/\/www.chronobiology.com\/wp-content\/uploads\/2014\/05\/dermatology_ic.png|caption^null|alt^null|title^dermatology_ic|description^null&#8220; img_width=&#8220;120&#8243; icon_link=&#8220;url:https%3A%2F%2Fwww.chronobiology.com%2Fhealth-benefits-of-chronopharmacology%2Fdermatology%2F|||&#8220;][vc_custom_heading text=&#8220;Dermatol\u00f3gia&#8220; font_container=&#8220;tag:h4|text_align:center&#8220; use_theme_fonts=&#8220;yes&#8220; link=&#8220;url:https%3A%2F%2Fwww.chronobiology.com%2Fhealth-benefits-of-chronopharmacology%2Fdermatology%2F|&#8220;][ult_createlink title=&#8220;\u010c\u00edtajte viac&#8220; btn_link=&#8220;url:https%3A%2F%2Fwww.chronobiology.com%2Fhealth-benefits-of-chronopharmacology%2Fdermatology%2F|||&#8220; text_color=&#8220;#085cbc&#8220; text_hovercolor=&#8220;#085cbc&#8220;][\/vc_column_inner][vc_column_inner width=&#8220;1\/4&#8243;][just_icon icon_type=&#8220;custom&#8220; icon_img=&#8220;id^11588|url^https:\/\/www.chronobiology.com\/wp-content\/uploads\/2014\/05\/cardio_ic.png|caption^null|alt^null|title^cardio_ic|description^null&#8220; img_width=&#8220;94&#8243; icon_link=&#8220;url:https%3A%2F%2Fwww.chronobiology.com%2Fhealth-benefits-of-chronopharmacology%2Fcardiovascular-system%2F|||&#8220;][vc_custom_heading text=&#8220;Kardiovaskul\u00e1rny syst\u00e9m&#8220; font_container=&#8220;tag:h4|text_align:center&#8220; use_theme_fonts=&#8220;yes&#8220; link=&#8220;url:https%3A%2F%2Fwww.chronobiology.com%2Fhealth-benefits-of-chronopharmacology%2Fcardiovascular-system%2F|&#8220;][ult_createlink title=&#8220;\u010c\u00edtajte viac&#8220; btn_link=&#8220;url:https%3A%2F%2Fwww.chronobiology.com%2Fhealth-benefits-of-chronopharmacology%2Fcardiovascular-system%2F|||&#8220; text_color=&#8220;#085cbc&#8220; text_hovercolor=&#8220;#085cbc&#8220;][\/vc_column_inner][vc_column_inner width=&#8220;1\/4&#8243;][just_icon icon_type=&#8220;custom&#8220; icon_img=&#8220;id^11589|url^https:\/\/www.chronobiology.com\/wp-content\/uploads\/2014\/05\/muscul_ic.png|caption^null|alt^null|title^muscul_ic|description^null&#8220; img_width=&#8220;62&#8243; icon_link=&#8220;url:https%3A%2F%2Fwww.chronobiology.com%2Fhealth-benefits-of-chronopharmacology%2Fmusculoskeletal-system%2F|||&#8220;][vc_custom_heading text=&#8220;Pohybov\u00fd apar\u00e1t&#8220; font_container=&#8220;tag:h4|text_align:center&#8220; use_theme_fonts=&#8220;yes&#8220; link=&#8220;url:https%3A%2F%2Fwww.chronobiology.com%2Fhealth-benefits-of-chronopharmacology%2Fmusculoskeletal-system%2F|&#8220;][ult_createlink title=&#8220;\u010c\u00edtajte viac&#8220; btn_link=&#8220;url:https%3A%2F%2Fwww.chronobiology.com%2Fhealth-benefits-of-chronopharmacology%2Fmusculoskeletal-system%2F|||&#8220; text_color=&#8220;#085cbc&#8220; text_hovercolor=&#8220;#085cbc&#8220;][\/vc_column_inner][vc_column_inner width=&#8220;1\/4&#8243;][just_icon icon_type=&#8220;custom&#8220; icon_img=&#8220;id^11590|url^https:\/\/www.chronobiology.com\/wp-content\/uploads\/2014\/05\/cell_icon.png|caption^null|alt^null|title^cell_icon|description^null&#8220; img_width=&#8220;89&#8243; icon_link=&#8220;url:https%3A%2F%2Fwww.chronobiology.com%2Fhealth-benefits-of-chronopharmacology%2Fhealthy-cell-protection%2F|||&#8220;][vc_custom_heading text=&#8220;Ochrana zdrav\u00fdch buniek&#8220; font_container=&#8220;tag:h4|text_align:center&#8220; use_theme_fonts=&#8220;yes&#8220; link=&#8220;url:https%3A%2F%2Fwww.chronobiology.com%2Fhealth-benefits-of-chronopharmacology%2Fhealthy-cell-protection%2F|&#8220;][ult_createlink title=&#8220;\u010c\u00edtajte viac&#8220; btn_link=&#8220;url:https%3A%2F%2Fwww.chronobiology.com%2Fhealth-benefits-of-chronopharmacology%2Fhealthy-cell-protection%2F|||&#8220; text_color=&#8220;#085cbc&#8220; text_hovercolor=&#8220;#085cbc&#8220;][\/vc_column_inner][\/vc_row_inner][vc_row_inner el_class=&#8220;benefits_box&#8220;][vc_column_inner width=&#8220;1\/4&#8243;][just_icon icon_type=&#8220;custom&#8220; icon_img=&#8220;id^11595|url^https:\/\/www.chronobiology.com\/wp-content\/uploads\/2014\/05\/metabolism_ic.png|caption^null|alt^null|title^metabolism_ic|description^null&#8220; img_width=&#8220;90&#8243; icon_link=&#8220;url:https%3A%2F%2Fwww.chronobiology.com%2Fhealth-benefits-of-chronopharmacology%2Fmetabolism%2F|||&#8220;][vc_custom_heading text=&#8220;Metabolizmus&#8220; font_container=&#8220;tag:h4|text_align:center&#8220; use_theme_fonts=&#8220;yes&#8220; link=&#8220;url:https%3A%2F%2Fwww.chronobiology.com%2Fhealth-benefits-of-chronopharmacology%2Fmetabolism%2F|&#8220;][ult_createlink title=&#8220;\u010c\u00edtajte viac&#8220; btn_link=&#8220;url:https%3A%2F%2Fwww.chronobiology.com%2Fhealth-benefits-of-chronopharmacology%2Fmetabolism%2F|||&#8220; text_color=&#8220;#085cbc&#8220; text_hovercolor=&#8220;#085cbc&#8220;][\/vc_column_inner][vc_column_inner width=&#8220;1\/4&#8243;][just_icon icon_type=&#8220;custom&#8220; icon_img=&#8220;id^11597|url^https:\/\/www.chronobiology.com\/wp-content\/uploads\/2014\/05\/men_ic.png|caption^null|alt^null|title^men_ic|description^null&#8220; img_width=&#8220;76&#8243; icon_link=&#8220;url:https%3A%2F%2Fwww.chronobiology.com%2Fhealth-benefits-of-chronopharmacology%2Fmens-health%2F|||&#8220;][vc_custom_heading text=&#8220;\u013dudsk\u00e9 zdravie&#8220; font_container=&#8220;tag:h4|text_align:center&#8220; use_theme_fonts=&#8220;yes&#8220; link=&#8220;url:https%3A%2F%2Fwww.chronobiology.com%2Fhealth-benefits-of-chronopharmacology%2Fmens-health%2F|&#8220;][ult_createlink title=&#8220;\u010c\u00edtajte viac&#8220; btn_link=&#8220;url:https%3A%2F%2Fwww.chronobiology.com%2Fhealth-benefits-of-chronopharmacology%2Fmens-health%2F|||&#8220; text_color=&#8220;#085cbc&#8220; text_hovercolor=&#8220;#085cbc&#8220;][\/vc_column_inner][vc_column_inner width=&#8220;1\/4&#8243;][just_icon icon_type=&#8220;custom&#8220; icon_img=&#8220;id^11598|url^https:\/\/www.chronobiology.com\/wp-content\/uploads\/2014\/05\/woman_ic.png|caption^null|alt^null|title^woman_ic|description^null&#8220; img_width=&#8220;90&#8243; icon_link=&#8220;url:https%3A%2F%2Fwww.chronobiology.com%2Fhealth-benefits-of-chronopharmacology%2Fwomens-health%2F|||&#8220;][vc_custom_heading text=&#8220;Zdravie \u017eien&#8220; font_container=&#8220;tag:h4|text_align:center&#8220; use_theme_fonts=&#8220;yes&#8220; link=&#8220;url:https%3A%2F%2Fwww.chronobiology.com%2Fhealth-benefits-of-chronopharmacology%2Fwomens-health%2F|&#8220;][ult_createlink title=&#8220;\u010c\u00edtajte viac&#8220; btn_link=&#8220;url:https%3A%2F%2Fwww.chronobiology.com%2Fhealth-benefits-of-chronopharmacology%2Fwomens-health%2F|||&#8220; text_color=&#8220;#085cbc&#8220; text_hovercolor=&#8220;#085cbc&#8220;][\/vc_column_inner][vc_column_inner width=&#8220;1\/4&#8243;][just_icon icon_type=&#8220;custom&#8220; icon_img=&#8220;id^11596|url^https:\/\/www.chronobiology.com\/wp-content\/uploads\/2014\/05\/brain_ic.png|caption^null|alt^null|title^brain_ic|description^null&#8220; img_width=&#8220;76&#8243; icon_link=&#8220;url:https%3A%2F%2Fwww.chronobiology.com%2Fhealth-benefits-of-chronopharmacology%2Fmental-health%2F|||&#8220;][vc_custom_heading text=&#8220;Du\u0161evn\u00e9 zdravie&#8220; font_container=&#8220;tag:h4|text_align:center&#8220; use_theme_fonts=&#8220;yes&#8220; link=&#8220;url:https%3A%2F%2Fwww.chronobiology.com%2Fhealth-benefits-of-chronopharmacology%2Fmental-health%2F|&#8220;][ult_createlink title=&#8220;\u010c\u00edtajte viac&#8220; btn_link=&#8220;url:https%3A%2F%2Fwww.chronobiology.com%2Fhealth-benefits-of-chronopharmacology%2Fmental-health%2F|||&#8220; text_color=&#8220;#085cbc&#8220; text_hovercolor=&#8220;#085cbc&#8220;][\/vc_column_inner][\/vc_row_inner][\/vc_column][\/vc_row]<\/p>\n<\/div>","protected":false},"excerpt":{"rendered":"<p>[vc_row full_width=&#8220;stretch_row&#8220; css=&#8220;.vc_custom_1481873941643{background-image: url(https:\/\/www.chronobiology.com\/wp-content\/uploads\/2015\/01\/chronopharmakologie-2.jpg?id=9256) !important;background-position: center !important;background-repeat: no-repeat !important;background-size: cover !important;}&#8220; el_class=&#8220;banner-top&#8220;][vc_column][vc_custom_heading source=&#8220;post_title&#8220; font_container=&#8220;tag:h1|text_align:center&#8220; use_theme_fonts=&#8220;yes&#8220;][\/vc_column][\/vc_row][vc_row][vc_column][vc_column_text] Chronofarmakol\u00f3gia: Spr\u00e1vna formul\u00e1cia v spr\u00e1vny \u010das To, ako r\u00fdchlo alebo \u00fa\u010dinne sa biologick\u00e1 l\u00e1tka po u\u017eit\u00ed absorbuje a vyvol\u00e1 \u00fa\u010dinok, z\u00e1vis\u00ed do ve\u013ekej miery od \u010dinnosti tr\u00e1viaceho traktu. Ak m\u00e1 l\u00e1tka vyvola\u0165 \u00fa\u010dinok v cie\u013eovom org\u00e1ne v ur\u010ditom \u010dase, mus\u00ed [&hellip;]<\/p>\n","protected":false},"author":11,"featured_media":55685,"parent":0,"menu_order":0,"comment_status":"open","ping_status":"closed","template":"","meta":{"_acf_changed":false,"_genesis_hide_title":false,"_genesis_hide_breadcrumbs":false,"_genesis_hide_singular_image":false,"_genesis_hide_footer_widgets":false,"_genesis_custom_body_class":"","_genesis_custom_post_class":"","_genesis_layout":"full-width-content","footnotes":""},"categories":[508,520,522,513,515,509,506,518,523,514,510,516,524,517,511,521,507,512,519],"class_list":{"0":"post-55676","1":"page","2":"type-page","3":"status-publish","4":"has-post-thumbnail","6":"category-celulitida-sk","7":"category-chronodieta-sk","8":"category-chronotyp-sk","9":"category-crevna-flora","10":"category-dusevne-zdravie","11":"category-energia-sk","12":"category-kosti-a-klby","13":"category-ludske-zdravie","14":"category-melatonin-sk","15":"category-metabolizmus","16":"category-oci-sk","17":"category-pokozka-sk","18":"category-praca-na-zmeny","19":"category-spanok","20":"category-vlasy-a-nechty","21":"category-vyskum-rakoviny","22":"category-zdravie-buniek","23":"category-zdravie-srdca","24":"category-zdravie-zien","25":"entry"},"acf":[],"yoast_head":"<!-- This site is optimized with the Yoast SEO Premium plugin v23.4 (Yoast SEO v23.4) - https:\/\/yoast.com\/wordpress\/plugins\/seo\/ -->\n<title>Zdravotn\u00e9 pr\u00ednosy chronofarmakol\u00f3gie &#8211; Chronobiology.com<\/title>\n<meta name=\"robots\" content=\"index, follow, max-snippet:-1, max-image-preview:large, max-video-preview:-1\" \/>\n<link rel=\"canonical\" href=\"https:\/\/dev.chronobiology.com\/sk\/zdravotne-prinosy-chronofarmakologie\/\" \/>\n<meta property=\"og:locale\" content=\"sk_SK\" \/>\n<meta property=\"og:type\" content=\"article\" \/>\n<meta property=\"og:title\" content=\"Zdravotn\u00e9 pr\u00ednosy chronofarmakol\u00f3gie\" \/>\n<meta property=\"og:description\" content=\"[vc_row full_width=&#8220;stretch_row&#8220; css=&#8220;.vc_custom_1481873941643{background-image: url(https:\/\/www.chronobiology.com\/wp-content\/uploads\/2015\/01\/chronopharmakologie-2.jpg?id=9256) !important;background-position: center !important;background-repeat: no-repeat !important;background-size: cover !important;}&#8220; el_class=&#8220;banner-top&#8220;][vc_column][vc_custom_heading source=&#8220;post_title&#8220; font_container=&#8220;tag:h1|text_align:center&#8220; use_theme_fonts=&#8220;yes&#8220;][\/vc_column][\/vc_row][vc_row][vc_column][vc_column_text] Chronofarmakol\u00f3gia: Spr\u00e1vna formul\u00e1cia v spr\u00e1vny \u010das To, ako r\u00fdchlo alebo \u00fa\u010dinne sa biologick\u00e1 l\u00e1tka po u\u017eit\u00ed absorbuje a vyvol\u00e1 \u00fa\u010dinok, z\u00e1vis\u00ed do ve\u013ekej miery od \u010dinnosti tr\u00e1viaceho traktu. Ak m\u00e1 l\u00e1tka vyvola\u0165 \u00fa\u010dinok v cie\u013eovom org\u00e1ne v ur\u010ditom \u010dase, mus\u00ed [&hellip;]\" \/>\n<meta property=\"og:url\" content=\"https:\/\/dev.chronobiology.com\/sk\/zdravotne-prinosy-chronofarmakologie\/\" \/>\n<meta property=\"og:site_name\" content=\"Chronobiology.com\" \/>\n<meta property=\"article:publisher\" content=\"https:\/\/www.facebook.com\/chronobiology\" \/>\n<meta property=\"article:modified_time\" content=\"2024-03-18T15:28:28+00:00\" \/>\n<meta property=\"og:image\" content=\"https:\/\/dev.chronobiology.com\/wp-content\/uploads\/2015\/01\/chronopharmakologie-2.jpg\" \/>\n\t<meta property=\"og:image:width\" content=\"1800\" \/>\n\t<meta property=\"og:image:height\" content=\"449\" \/>\n\t<meta property=\"og:image:type\" content=\"image\/jpeg\" \/>\n<meta name=\"twitter:card\" content=\"summary_large_image\" \/>\n<meta name=\"twitter:site\" content=\"@chronobionews\" \/>\n<meta name=\"twitter:label1\" content=\"Predpokladan\u00fd \u010das \u010d\u00edtania\" \/>\n\t<meta name=\"twitter:data1\" content=\"6 min\u00fat\" \/>\n<script type=\"application\/ld+json\" class=\"yoast-schema-graph\">{\"@context\":\"https:\/\/schema.org\",\"@graph\":[{\"@type\":\"WebPage\",\"@id\":\"https:\/\/dev.chronobiology.com\/sk\/zdravotne-prinosy-chronofarmakologie\/\",\"url\":\"https:\/\/dev.chronobiology.com\/sk\/zdravotne-prinosy-chronofarmakologie\/\",\"name\":\"Zdravotn\u00e9 pr\u00ednosy chronofarmakol\u00f3gie &#8211; Chronobiology.com\",\"isPartOf\":{\"@id\":\"https:\/\/dev.chronobiology.com\/sk\/#website\"},\"primaryImageOfPage\":{\"@id\":\"https:\/\/dev.chronobiology.com\/sk\/zdravotne-prinosy-chronofarmakologie\/#primaryimage\"},\"image\":{\"@id\":\"https:\/\/dev.chronobiology.com\/sk\/zdravotne-prinosy-chronofarmakologie\/#primaryimage\"},\"thumbnailUrl\":\"https:\/\/dev.chronobiology.com\/wp-content\/uploads\/2015\/01\/chronopharmakologie-2.jpg\",\"datePublished\":\"2024-03-18T15:28:25+00:00\",\"dateModified\":\"2024-03-18T15:28:28+00:00\",\"breadcrumb\":{\"@id\":\"https:\/\/dev.chronobiology.com\/sk\/zdravotne-prinosy-chronofarmakologie\/#breadcrumb\"},\"inLanguage\":\"sk-SK\",\"potentialAction\":[{\"@type\":\"ReadAction\",\"target\":[\"https:\/\/dev.chronobiology.com\/sk\/zdravotne-prinosy-chronofarmakologie\/\"]}]},{\"@type\":\"ImageObject\",\"inLanguage\":\"sk-SK\",\"@id\":\"https:\/\/dev.chronobiology.com\/sk\/zdravotne-prinosy-chronofarmakologie\/#primaryimage\",\"url\":\"https:\/\/dev.chronobiology.com\/wp-content\/uploads\/2015\/01\/chronopharmakologie-2.jpg\",\"contentUrl\":\"https:\/\/dev.chronobiology.com\/wp-content\/uploads\/2015\/01\/chronopharmakologie-2.jpg\",\"width\":1800,\"height\":449},{\"@type\":\"BreadcrumbList\",\"@id\":\"https:\/\/dev.chronobiology.com\/sk\/zdravotne-prinosy-chronofarmakologie\/#breadcrumb\",\"itemListElement\":[{\"@type\":\"ListItem\",\"position\":1,\"name\":\"Home\",\"item\":\"https:\/\/dev.chronobiology.com\/sk\/domovska-stranka\/\"},{\"@type\":\"ListItem\",\"position\":2,\"name\":\"Zdravotn\u00e9 pr\u00ednosy chronofarmakol\u00f3gie\"}]},{\"@type\":\"WebSite\",\"@id\":\"https:\/\/dev.chronobiology.com\/sk\/#website\",\"url\":\"https:\/\/dev.chronobiology.com\/sk\/\",\"name\":\"Chronobiology.com\",\"description\":\"\",\"publisher\":{\"@id\":\"https:\/\/dev.chronobiology.com\/sk\/#organization\"},\"potentialAction\":[{\"@type\":\"SearchAction\",\"target\":{\"@type\":\"EntryPoint\",\"urlTemplate\":\"https:\/\/dev.chronobiology.com\/sk\/?s={search_term_string}\"},\"query-input\":{\"@type\":\"PropertyValueSpecification\",\"valueRequired\":true,\"valueName\":\"search_term_string\"}}],\"inLanguage\":\"sk-SK\"},{\"@type\":\"Organization\",\"@id\":\"https:\/\/dev.chronobiology.com\/sk\/#organization\",\"name\":\"Chronobiology\",\"url\":\"https:\/\/dev.chronobiology.com\/sk\/\",\"logo\":{\"@type\":\"ImageObject\",\"inLanguage\":\"sk-SK\",\"@id\":\"https:\/\/dev.chronobiology.com\/sk\/#\/schema\/logo\/image\/\",\"url\":\"https:\/\/www.chronobiology.com\/wp-content\/uploads\/2019\/01\/chronobiology_logo_en_r.png\",\"contentUrl\":\"https:\/\/www.chronobiology.com\/wp-content\/uploads\/2019\/01\/chronobiology_logo_en_r.png\",\"width\":375,\"height\":90,\"caption\":\"Chronobiology\"},\"image\":{\"@id\":\"https:\/\/dev.chronobiology.com\/sk\/#\/schema\/logo\/image\/\"},\"sameAs\":[\"https:\/\/www.facebook.com\/chronobiology\",\"https:\/\/x.com\/chronobionews\",\"https:\/\/www.instagram.com\/chronobiology\/\",\"https:\/\/www.pinterest.com\/chronobiology\/\"]}]}<\/script>\n<!-- \/ Yoast SEO Premium plugin. -->","yoast_head_json":{"title":"Zdravotn\u00e9 pr\u00ednosy chronofarmakol\u00f3gie &#8211; Chronobiology.com","robots":{"index":"index","follow":"follow","max-snippet":"max-snippet:-1","max-image-preview":"max-image-preview:large","max-video-preview":"max-video-preview:-1"},"canonical":"https:\/\/dev.chronobiology.com\/sk\/zdravotne-prinosy-chronofarmakologie\/","og_locale":"sk_SK","og_type":"article","og_title":"Zdravotn\u00e9 pr\u00ednosy chronofarmakol\u00f3gie","og_description":"[vc_row full_width=&#8220;stretch_row&#8220; css=&#8220;.vc_custom_1481873941643{background-image: url(https:\/\/www.chronobiology.com\/wp-content\/uploads\/2015\/01\/chronopharmakologie-2.jpg?id=9256) !important;background-position: center !important;background-repeat: no-repeat !important;background-size: cover !important;}&#8220; el_class=&#8220;banner-top&#8220;][vc_column][vc_custom_heading source=&#8220;post_title&#8220; font_container=&#8220;tag:h1|text_align:center&#8220; use_theme_fonts=&#8220;yes&#8220;][\/vc_column][\/vc_row][vc_row][vc_column][vc_column_text] Chronofarmakol\u00f3gia: Spr\u00e1vna formul\u00e1cia v spr\u00e1vny \u010das To, ako r\u00fdchlo alebo \u00fa\u010dinne sa biologick\u00e1 l\u00e1tka po u\u017eit\u00ed absorbuje a vyvol\u00e1 \u00fa\u010dinok, z\u00e1vis\u00ed do ve\u013ekej miery od \u010dinnosti tr\u00e1viaceho traktu. Ak m\u00e1 l\u00e1tka vyvola\u0165 \u00fa\u010dinok v cie\u013eovom org\u00e1ne v ur\u010ditom \u010dase, mus\u00ed [&hellip;]","og_url":"https:\/\/dev.chronobiology.com\/sk\/zdravotne-prinosy-chronofarmakologie\/","og_site_name":"Chronobiology.com","article_publisher":"https:\/\/www.facebook.com\/chronobiology","article_modified_time":"2024-03-18T15:28:28+00:00","og_image":[{"width":1800,"height":449,"url":"https:\/\/dev.chronobiology.com\/wp-content\/uploads\/2015\/01\/chronopharmakologie-2.jpg","type":"image\/jpeg"}],"twitter_card":"summary_large_image","twitter_site":"@chronobionews","twitter_misc":{"Predpokladan\u00fd \u010das \u010d\u00edtania":"6 min\u00fat"},"schema":{"@context":"https:\/\/schema.org","@graph":[{"@type":"WebPage","@id":"https:\/\/dev.chronobiology.com\/sk\/zdravotne-prinosy-chronofarmakologie\/","url":"https:\/\/dev.chronobiology.com\/sk\/zdravotne-prinosy-chronofarmakologie\/","name":"Zdravotn\u00e9 pr\u00ednosy chronofarmakol\u00f3gie &#8211; Chronobiology.com","isPartOf":{"@id":"https:\/\/dev.chronobiology.com\/sk\/#website"},"primaryImageOfPage":{"@id":"https:\/\/dev.chronobiology.com\/sk\/zdravotne-prinosy-chronofarmakologie\/#primaryimage"},"image":{"@id":"https:\/\/dev.chronobiology.com\/sk\/zdravotne-prinosy-chronofarmakologie\/#primaryimage"},"thumbnailUrl":"https:\/\/dev.chronobiology.com\/wp-content\/uploads\/2015\/01\/chronopharmakologie-2.jpg","datePublished":"2024-03-18T15:28:25+00:00","dateModified":"2024-03-18T15:28:28+00:00","breadcrumb":{"@id":"https:\/\/dev.chronobiology.com\/sk\/zdravotne-prinosy-chronofarmakologie\/#breadcrumb"},"inLanguage":"sk-SK","potentialAction":[{"@type":"ReadAction","target":["https:\/\/dev.chronobiology.com\/sk\/zdravotne-prinosy-chronofarmakologie\/"]}]},{"@type":"ImageObject","inLanguage":"sk-SK","@id":"https:\/\/dev.chronobiology.com\/sk\/zdravotne-prinosy-chronofarmakologie\/#primaryimage","url":"https:\/\/dev.chronobiology.com\/wp-content\/uploads\/2015\/01\/chronopharmakologie-2.jpg","contentUrl":"https:\/\/dev.chronobiology.com\/wp-content\/uploads\/2015\/01\/chronopharmakologie-2.jpg","width":1800,"height":449},{"@type":"BreadcrumbList","@id":"https:\/\/dev.chronobiology.com\/sk\/zdravotne-prinosy-chronofarmakologie\/#breadcrumb","itemListElement":[{"@type":"ListItem","position":1,"name":"Home","item":"https:\/\/dev.chronobiology.com\/sk\/domovska-stranka\/"},{"@type":"ListItem","position":2,"name":"Zdravotn\u00e9 pr\u00ednosy chronofarmakol\u00f3gie"}]},{"@type":"WebSite","@id":"https:\/\/dev.chronobiology.com\/sk\/#website","url":"https:\/\/dev.chronobiology.com\/sk\/","name":"Chronobiology.com","description":"","publisher":{"@id":"https:\/\/dev.chronobiology.com\/sk\/#organization"},"potentialAction":[{"@type":"SearchAction","target":{"@type":"EntryPoint","urlTemplate":"https:\/\/dev.chronobiology.com\/sk\/?s={search_term_string}"},"query-input":{"@type":"PropertyValueSpecification","valueRequired":true,"valueName":"search_term_string"}}],"inLanguage":"sk-SK"},{"@type":"Organization","@id":"https:\/\/dev.chronobiology.com\/sk\/#organization","name":"Chronobiology","url":"https:\/\/dev.chronobiology.com\/sk\/","logo":{"@type":"ImageObject","inLanguage":"sk-SK","@id":"https:\/\/dev.chronobiology.com\/sk\/#\/schema\/logo\/image\/","url":"https:\/\/www.chronobiology.com\/wp-content\/uploads\/2019\/01\/chronobiology_logo_en_r.png","contentUrl":"https:\/\/www.chronobiology.com\/wp-content\/uploads\/2019\/01\/chronobiology_logo_en_r.png","width":375,"height":90,"caption":"Chronobiology"},"image":{"@id":"https:\/\/dev.chronobiology.com\/sk\/#\/schema\/logo\/image\/"},"sameAs":["https:\/\/www.facebook.com\/chronobiology","https:\/\/x.com\/chronobionews","https:\/\/www.instagram.com\/chronobiology\/","https:\/\/www.pinterest.com\/chronobiology\/"]}]}},"_links":{"self":[{"href":"https:\/\/dev.chronobiology.com\/sk\/wp-json\/wp\/v2\/pages\/55676"}],"collection":[{"href":"https:\/\/dev.chronobiology.com\/sk\/wp-json\/wp\/v2\/pages"}],"about":[{"href":"https:\/\/dev.chronobiology.com\/sk\/wp-json\/wp\/v2\/types\/page"}],"author":[{"embeddable":true,"href":"https:\/\/dev.chronobiology.com\/sk\/wp-json\/wp\/v2\/users\/11"}],"replies":[{"embeddable":true,"href":"https:\/\/dev.chronobiology.com\/sk\/wp-json\/wp\/v2\/comments?post=55676"}],"version-history":[{"count":2,"href":"https:\/\/dev.chronobiology.com\/sk\/wp-json\/wp\/v2\/pages\/55676\/revisions"}],"predecessor-version":[{"id":55687,"href":"https:\/\/dev.chronobiology.com\/sk\/wp-json\/wp\/v2\/pages\/55676\/revisions\/55687"}],"wp:featuredmedia":[{"embeddable":true,"href":"https:\/\/dev.chronobiology.com\/sk\/wp-json\/wp\/v2\/media\/55685"}],"wp:attachment":[{"href":"https:\/\/dev.chronobiology.com\/sk\/wp-json\/wp\/v2\/media?parent=55676"}],"wp:term":[{"taxonomy":"category","embeddable":true,"href":"https:\/\/dev.chronobiology.com\/sk\/wp-json\/wp\/v2\/categories?post=55676"}],"curies":[{"name":"wp","href":"https:\/\/api.w.org\/{rel}","templated":true}]}}