{"id":55665,"date":"2024-03-18T08:11:53","date_gmt":"2024-03-18T15:11:53","guid":{"rendered":"https:\/\/www.chronobiology.com\/chrononutrition\/startovaci-plan-vyzivy\/"},"modified":"2024-03-18T08:11:54","modified_gmt":"2024-03-18T15:11:54","slug":"startovaci-plan-vyzivy","status":"publish","type":"page","link":"https:\/\/dev.chronobiology.com\/sk\/chrononutrition\/startovaci-plan-vyzivy\/","title":{"rendered":"\u0160tartovac\u00ed pl\u00e1n v\u00fd\u017eivy"},"content":{"rendered":"<div class=\"wpb-content-wrapper\"><p>[vc_row full_width=&#8220;stretch_row&#8220; el_class=&#8220;banner-top&#8220; css=&#8220;.vc_custom_1567495162041{background-image: url(https:\/\/www.chronobiology.com\/wp-content\/uploads\/2019\/09\/starter-nutrition-plan.jpg?id=30343) !important;}&#8220;][vc_column][vc_custom_heading source=&#8220;post_title&#8220; font_container=&#8220;tag:h1|text_align:center&#8220; use_theme_fonts=&#8220;yes&#8220;][\/vc_column][\/vc_row][vc_row][vc_column][vc_column_text]Chronodi\u00e9ta pon\u00faka pestr\u00e9 a chutn\u00e9 jedl\u00e1, pri ktor\u00fdch si m\u00f4\u017eete vychutn\u00e1va\u0165 jedlo a\u017e do s\u00fdtosti bez frustr\u00e1cie z di\u00e9tneho re\u017eimu. Tip: ak v\u00e1s medzi jedlami prepadne hlad, nesiahajte po ob\u010derstven\u00ed, sta\u010d\u00ed vypi\u0165 poh\u00e1r vody alebo \u0161\u00e1lku \u010daju (bez cukru). Pom\u00f4\u017ee to &#8211; s\u013eubujeme.[\/vc_column_text][\/vc_column][\/vc_row][vc_row][vc_column][vc_tta_accordion color=&#8220;turquoise&#8220; c_icon=&#8220;chevron&#8220; c_position=&#8220;right&#8220; active_section=&#8220;99&#8243; no_fill=&#8220;true&#8220; collapsible_all=&#8220;true&#8220;][vc_tta_section title=&#8220;Ra\u0148ajky&#8220; tab_id=&#8220;1479159301199-fd863768-f6af3cb0-08a4&#8243;][vc_row_inner css=&#8220;.vc_custom_1479250961333{background-image: url(https:\/\/www.chronobiology.com\/wp-content\/uploads\/2013\/04\/about_1.jpg?id=11471) !important;}&#8220;][vc_column_inner][vc_column_text]Granola ak\u00e9hoko\u013evek druhu (bez mlieka alebo jogurtu) je ide\u00e1lny sp\u00f4sob, ako za\u010da\u0165 de\u0148 bez bielkov\u00edn. S\u00f3jov\u00fd jogurt alebo ry\u017eov\u00e9 mlieko s\u00fa v\u0161ak v poriadku. \u010eal\u0161ou mo\u017enos\u0165ou je 50 ml smotany zriedenej 150 ml vody. M\u00f4\u017eete prida\u0165 ovocie, ak ho skombinujete s mal\u00fdm mno\u017estvom zdrav\u00e9ho oleja. Sladk\u00e9 pe\u010divo, croissanty, palacinky, ha\u0161i\u0161 a cere\u00e1lie bez cukru s\u00fa tie\u017e vhodn\u00fdmi potravinami na r\u00e1no.<\/p>\n<p>Ak d\u00e1vate prednos\u0165 nie\u010domu slan\u00e9mu, vyberte si vegetari\u00e1nske n\u00e1tierky (napr. z avok\u00e1da alebo sladk\u00fdch zemiakov) a \u010derstv\u00fa zeleninu, napr\u00edklad paradajky. Ned\u00e1vne \u0161t\u00fadie navy\u0161e preuk\u00e1zali, \u017ee ra\u0148ajky s\u00fa najd\u00f4le\u017eitej\u0161\u00edm jedlom d\u0148a &#8211; nielen pre produkciu energie, ale aj pre nastavenie v\u00e1\u0161ho rytmu. Nie nadarmo sa mu hovor\u00ed &#8222;ra\u0148ajky&#8220;, preto\u017ee je to jedlo, ktor\u00e9 preru\u0161uje v\u00e1\u0161 no\u010dn\u00fd p\u00f4st.<\/p>\n<p>Odpor\u00fa\u010dania:<\/p>\n<ul>\n<li>\u010cokol\u00e1dov\u00e9 m\u00fcsli s ban\u00e1nom<\/li>\n<li>Croissant alebo brio\u0161ka s d\u017eemom<\/li>\n<li>Smoothies<\/li>\n<li>Toast s paradajkami alebo zeleninovou n\u00e1tierkou<\/li>\n<\/ul>\n<p>[\/vc_column_text][\/vc_column_inner][\/vc_row_inner][\/vc_tta_section][\/vc_tta_accordion][vc_tta_accordion color=&#8220;turquoise&#8220; c_icon=&#8220;chevron&#8220; c_position=&#8220;right&#8220; active_section=&#8220;99&#8243; no_fill=&#8220;true&#8220; collapsible_all=&#8220;true&#8220;][vc_tta_section title=&#8220;Obed&#8220; tab_id=&#8220;1479160006396-6adcefe5-9e7b3cb0-08a4&#8243;][vc_row_inner css=&#8220;.vc_custom_1479256809461{background-image: url(https:\/\/www.chronobiology.com\/wp-content\/uploads\/2013\/04\/about_2.jpg?id=11494) !important;}&#8220;][vc_column_inner][vc_column_text]Na obed m\u00f4\u017eete jes\u0165 \u010doko\u013evek v rozumnom mno\u017estve: polievku, m\u00e4so, dusen\u00e9 m\u00e4so, cestoviny ak\u00e9hoko\u013evek druhu, dokonca aj rizoto alebo zemiakov\u00e9 jedl\u00e1. To v\u00e1m dod\u00e1 energiu na druh\u00fa polovicu d\u0148a.<\/p>\n<p><em>Odpor\u00fa\u010dania:<\/em><\/p>\n<ul>\n<li>Polievka z mrkvy a tekvice<\/li>\n<li>\u0160al\u00e1t s pr\u00fa\u017ekami mor\u010dac\u00edch p\u0155s<\/li>\n<li>Kapustov\u00e1 polievka so slaninou<\/li>\n<li>Hubov\u00e9 rizoto<\/li>\n<li>\u0160pagety alla carbonara<\/li>\n<li>Pe\u010den\u00e9 zemiaky s n\u00e1pl\u0148ou<\/li>\n<\/ul>\n<p>[\/vc_column_text][\/vc_column_inner][\/vc_row_inner][\/vc_tta_section][\/vc_tta_accordion][vc_tta_accordion color=&#8220;turquoise&#8220; c_icon=&#8220;chevron&#8220; c_position=&#8220;right&#8220; active_section=&#8220;99&#8243; no_fill=&#8220;true&#8220; collapsible_all=&#8220;true&#8220;][vc_tta_section title=&#8220;Ve\u010dera&#8220; tab_id=&#8220;1479160183267-5834ce69-6e6c3cb0-08a4&#8243;][vc_row_inner css=&#8220;.vc_custom_1479256903547{background-image: url(https:\/\/www.chronobiology.com\/wp-content\/uploads\/2013\/04\/about_3.jpg?id=11501) !important;}&#8220;][vc_column_inner][vc_column_text]Ve\u010der sa vyh\u00fdbajte sacharidom ak\u00e9hoko\u013evek druhu (ako s\u00fa zemiaky, cestoviny alebo chlieb). Namiesto toho si doprajte m\u00e4so, ryby, vajcia, mlie\u010dne v\u00fdrobky, zeleninu alebo \u013eahk\u00e9 polievky.<\/p>\n<p><em>Odpor\u00fa\u010dania:<\/em><\/p>\n<ul>\n<li>Brokolicov\u00e1 polievka<\/li>\n<li>\u0160o\u0161ovicov\u00e1 polievkaCuketov\u00e1 tortilla<\/li>\n<li>Zeleninov\u00e9 \u0161pagety<\/li>\n<li>vypr\u00e1\u017ean\u00e9 alebo dusen\u00e9 ryby so zeleninou<\/li>\n<li>Brav\u010dov\u00e9 medail\u00f3niky<\/li>\n<\/ul>\n<p>Nezabudnite dodr\u017eiava\u0165 harmonogram: ra\u0148ajky &#8211; \u0161tyri alebo p\u00e4\u0165 hod\u00edn p\u00f4stu &#8211; obed &#8211; \u0161tyri alebo p\u00e4\u0165 hod\u00edn p\u00f4stu &#8211; ve\u010dera &#8211; 12-16 hod\u00edn p\u00f4stu.<\/p>\n<p>\u010eal\u0161ia rada: ak\u00fdko\u013evek za\u010diatok je lep\u0161\u00ed ako neza\u010da\u0165 v\u00f4bec! Aj keby ste za\u010dali dodr\u017eiava\u0165 tento koncept len jeden alebo dva dni v t\u00fd\u017edni, je to dobr\u00fd prv\u00fd krok &#8211; a lep\u0161\u00ed, ako keby ste v\u00f4bec neza\u010dali. \u010coskoro uvid\u00edte, ako dobre sa c\u00edtite, a budete m\u00f4c\u0165 \u013eahko prisp\u00f4sobi\u0165 svoje stravovanie z\u00e1sad\u00e1m Chronodiety.[\/vc_column_text][\/vc_column_inner][\/vc_row_inner][\/vc_tta_section][\/vc_tta_accordion][\/vc_column][\/vc_row]<\/p>\n<\/div>","protected":false},"excerpt":{"rendered":"<p>[vc_row full_width=&#8220;stretch_row&#8220; el_class=&#8220;banner-top&#8220; css=&#8220;.vc_custom_1567495162041{background-image: url(https:\/\/www.chronobiology.com\/wp-content\/uploads\/2019\/09\/starter-nutrition-plan.jpg?id=30343) !important;}&#8220;][vc_column][vc_custom_heading source=&#8220;post_title&#8220; font_container=&#8220;tag:h1|text_align:center&#8220; use_theme_fonts=&#8220;yes&#8220;][\/vc_column][\/vc_row][vc_row][vc_column][vc_column_text]Chronodi\u00e9ta pon\u00faka pestr\u00e9 a chutn\u00e9 jedl\u00e1, pri ktor\u00fdch si m\u00f4\u017eete vychutn\u00e1va\u0165 jedlo a\u017e do s\u00fdtosti bez frustr\u00e1cie z di\u00e9tneho re\u017eimu. Tip: ak v\u00e1s medzi jedlami prepadne hlad, nesiahajte po ob\u010derstven\u00ed, sta\u010d\u00ed vypi\u0165 poh\u00e1r vody alebo \u0161\u00e1lku \u010daju (bez cukru). Pom\u00f4\u017ee to &#8211; s\u013eubujeme.[\/vc_column_text][\/vc_column][\/vc_row][vc_row][vc_column][vc_tta_accordion color=&#8220;turquoise&#8220; c_icon=&#8220;chevron&#8220; c_position=&#8220;right&#8220; active_section=&#8220;99&#8243; [&hellip;]<\/p>\n","protected":false},"author":15,"featured_media":0,"parent":55560,"menu_order":0,"comment_status":"closed","ping_status":"closed","template":"","meta":{"_acf_changed":false,"_genesis_hide_title":false,"_genesis_hide_breadcrumbs":false,"_genesis_hide_singular_image":false,"_genesis_hide_footer_widgets":false,"_genesis_custom_body_class":"","_genesis_custom_post_class":"","_genesis_layout":"","footnotes":""},"categories":[],"class_list":{"0":"post-55665","1":"page","2":"type-page","3":"status-publish","5":"entry","6":"has-post-thumbnail"},"acf":[],"yoast_head":"<!-- This site is optimized with the Yoast SEO Premium plugin v23.4 (Yoast SEO v23.4) - https:\/\/yoast.com\/wordpress\/plugins\/seo\/ -->\n<title>\u0160tartovac\u00ed pl\u00e1n v\u00fd\u017eivy &#8211; Chronobiology.com<\/title>\n<meta name=\"robots\" content=\"index, follow, max-snippet:-1, max-image-preview:large, max-video-preview:-1\" \/>\n<link rel=\"canonical\" href=\"https:\/\/dev.chronobiology.com\/sk\/chrononutrition\/startovaci-plan-vyzivy\/\" \/>\n<meta property=\"og:locale\" content=\"sk_SK\" \/>\n<meta property=\"og:type\" content=\"article\" \/>\n<meta property=\"og:title\" content=\"\u0160tartovac\u00ed pl\u00e1n v\u00fd\u017eivy\" \/>\n<meta property=\"og:description\" content=\"[vc_row full_width=&#8220;stretch_row&#8220; el_class=&#8220;banner-top&#8220; css=&#8220;.vc_custom_1567495162041{background-image: url(https:\/\/www.chronobiology.com\/wp-content\/uploads\/2019\/09\/starter-nutrition-plan.jpg?id=30343) !important;}&#8220;][vc_column][vc_custom_heading source=&#8220;post_title&#8220; font_container=&#8220;tag:h1|text_align:center&#8220; use_theme_fonts=&#8220;yes&#8220;][\/vc_column][\/vc_row][vc_row][vc_column][vc_column_text]Chronodi\u00e9ta pon\u00faka pestr\u00e9 a chutn\u00e9 jedl\u00e1, pri ktor\u00fdch si m\u00f4\u017eete vychutn\u00e1va\u0165 jedlo a\u017e do s\u00fdtosti bez frustr\u00e1cie z di\u00e9tneho re\u017eimu. Tip: ak v\u00e1s medzi jedlami prepadne hlad, nesiahajte po ob\u010derstven\u00ed, sta\u010d\u00ed vypi\u0165 poh\u00e1r vody alebo \u0161\u00e1lku \u010daju (bez cukru). Pom\u00f4\u017ee to &#8211; s\u013eubujeme.[\/vc_column_text][\/vc_column][\/vc_row][vc_row][vc_column][vc_tta_accordion color=&#8220;turquoise&#8220; c_icon=&#8220;chevron&#8220; c_position=&#8220;right&#8220; active_section=&#8220;99&#8243; [&hellip;]\" \/>\n<meta property=\"og:url\" content=\"https:\/\/dev.chronobiology.com\/sk\/chrononutrition\/startovaci-plan-vyzivy\/\" \/>\n<meta property=\"og:site_name\" content=\"Chronobiology.com\" \/>\n<meta property=\"article:publisher\" content=\"https:\/\/www.facebook.com\/chronobiology\" \/>\n<meta property=\"article:modified_time\" content=\"2024-03-18T15:11:54+00:00\" \/>\n<meta name=\"twitter:card\" content=\"summary_large_image\" \/>\n<meta name=\"twitter:site\" content=\"@chronobionews\" \/>\n<meta name=\"twitter:label1\" content=\"Predpokladan\u00fd \u010das \u010d\u00edtania\" \/>\n\t<meta name=\"twitter:data1\" content=\"4 min\u00faty\" \/>\n<script type=\"application\/ld+json\" class=\"yoast-schema-graph\">{\"@context\":\"https:\/\/schema.org\",\"@graph\":[{\"@type\":\"WebPage\",\"@id\":\"https:\/\/dev.chronobiology.com\/sk\/chrononutrition\/startovaci-plan-vyzivy\/\",\"url\":\"https:\/\/dev.chronobiology.com\/sk\/chrononutrition\/startovaci-plan-vyzivy\/\",\"name\":\"\u0160tartovac\u00ed pl\u00e1n v\u00fd\u017eivy &#8211; Chronobiology.com\",\"isPartOf\":{\"@id\":\"https:\/\/dev.chronobiology.com\/sk\/#website\"},\"datePublished\":\"2024-03-18T15:11:53+00:00\",\"dateModified\":\"2024-03-18T15:11:54+00:00\",\"breadcrumb\":{\"@id\":\"https:\/\/dev.chronobiology.com\/sk\/chrononutrition\/startovaci-plan-vyzivy\/#breadcrumb\"},\"inLanguage\":\"sk-SK\",\"potentialAction\":[{\"@type\":\"ReadAction\",\"target\":[\"https:\/\/dev.chronobiology.com\/sk\/chrononutrition\/startovaci-plan-vyzivy\/\"]}]},{\"@type\":\"BreadcrumbList\",\"@id\":\"https:\/\/dev.chronobiology.com\/sk\/chrononutrition\/startovaci-plan-vyzivy\/#breadcrumb\",\"itemListElement\":[{\"@type\":\"ListItem\",\"position\":1,\"name\":\"Home\",\"item\":\"https:\/\/dev.chronobiology.com\/sk\/domovska-stranka\/\"},{\"@type\":\"ListItem\",\"position\":2,\"name\":\"Chrononutrition\u2122\",\"item\":\"https:\/\/dev.chronobiology.com\/sk\/chrononutrition\/\"},{\"@type\":\"ListItem\",\"position\":3,\"name\":\"\u0160tartovac\u00ed pl\u00e1n v\u00fd\u017eivy\"}]},{\"@type\":\"WebSite\",\"@id\":\"https:\/\/dev.chronobiology.com\/sk\/#website\",\"url\":\"https:\/\/dev.chronobiology.com\/sk\/\",\"name\":\"Chronobiology.com\",\"description\":\"\",\"publisher\":{\"@id\":\"https:\/\/dev.chronobiology.com\/sk\/#organization\"},\"potentialAction\":[{\"@type\":\"SearchAction\",\"target\":{\"@type\":\"EntryPoint\",\"urlTemplate\":\"https:\/\/dev.chronobiology.com\/sk\/?s={search_term_string}\"},\"query-input\":{\"@type\":\"PropertyValueSpecification\",\"valueRequired\":true,\"valueName\":\"search_term_string\"}}],\"inLanguage\":\"sk-SK\"},{\"@type\":\"Organization\",\"@id\":\"https:\/\/dev.chronobiology.com\/sk\/#organization\",\"name\":\"Chronobiology\",\"url\":\"https:\/\/dev.chronobiology.com\/sk\/\",\"logo\":{\"@type\":\"ImageObject\",\"inLanguage\":\"sk-SK\",\"@id\":\"https:\/\/dev.chronobiology.com\/sk\/#\/schema\/logo\/image\/\",\"url\":\"https:\/\/www.chronobiology.com\/wp-content\/uploads\/2019\/01\/chronobiology_logo_en_r.png\",\"contentUrl\":\"https:\/\/www.chronobiology.com\/wp-content\/uploads\/2019\/01\/chronobiology_logo_en_r.png\",\"width\":375,\"height\":90,\"caption\":\"Chronobiology\"},\"image\":{\"@id\":\"https:\/\/dev.chronobiology.com\/sk\/#\/schema\/logo\/image\/\"},\"sameAs\":[\"https:\/\/www.facebook.com\/chronobiology\",\"https:\/\/x.com\/chronobionews\",\"https:\/\/www.instagram.com\/chronobiology\/\",\"https:\/\/www.pinterest.com\/chronobiology\/\"]}]}<\/script>\n<!-- \/ Yoast SEO Premium plugin. -->","yoast_head_json":{"title":"\u0160tartovac\u00ed pl\u00e1n v\u00fd\u017eivy &#8211; Chronobiology.com","robots":{"index":"index","follow":"follow","max-snippet":"max-snippet:-1","max-image-preview":"max-image-preview:large","max-video-preview":"max-video-preview:-1"},"canonical":"https:\/\/dev.chronobiology.com\/sk\/chrononutrition\/startovaci-plan-vyzivy\/","og_locale":"sk_SK","og_type":"article","og_title":"\u0160tartovac\u00ed pl\u00e1n v\u00fd\u017eivy","og_description":"[vc_row full_width=&#8220;stretch_row&#8220; el_class=&#8220;banner-top&#8220; css=&#8220;.vc_custom_1567495162041{background-image: url(https:\/\/www.chronobiology.com\/wp-content\/uploads\/2019\/09\/starter-nutrition-plan.jpg?id=30343) !important;}&#8220;][vc_column][vc_custom_heading source=&#8220;post_title&#8220; font_container=&#8220;tag:h1|text_align:center&#8220; use_theme_fonts=&#8220;yes&#8220;][\/vc_column][\/vc_row][vc_row][vc_column][vc_column_text]Chronodi\u00e9ta pon\u00faka pestr\u00e9 a chutn\u00e9 jedl\u00e1, pri ktor\u00fdch si m\u00f4\u017eete vychutn\u00e1va\u0165 jedlo a\u017e do s\u00fdtosti bez frustr\u00e1cie z di\u00e9tneho re\u017eimu. Tip: ak v\u00e1s medzi jedlami prepadne hlad, nesiahajte po ob\u010derstven\u00ed, sta\u010d\u00ed vypi\u0165 poh\u00e1r vody alebo \u0161\u00e1lku \u010daju (bez cukru). Pom\u00f4\u017ee to &#8211; s\u013eubujeme.[\/vc_column_text][\/vc_column][\/vc_row][vc_row][vc_column][vc_tta_accordion color=&#8220;turquoise&#8220; c_icon=&#8220;chevron&#8220; c_position=&#8220;right&#8220; active_section=&#8220;99&#8243; [&hellip;]","og_url":"https:\/\/dev.chronobiology.com\/sk\/chrononutrition\/startovaci-plan-vyzivy\/","og_site_name":"Chronobiology.com","article_publisher":"https:\/\/www.facebook.com\/chronobiology","article_modified_time":"2024-03-18T15:11:54+00:00","twitter_card":"summary_large_image","twitter_site":"@chronobionews","twitter_misc":{"Predpokladan\u00fd \u010das \u010d\u00edtania":"4 min\u00faty"},"schema":{"@context":"https:\/\/schema.org","@graph":[{"@type":"WebPage","@id":"https:\/\/dev.chronobiology.com\/sk\/chrononutrition\/startovaci-plan-vyzivy\/","url":"https:\/\/dev.chronobiology.com\/sk\/chrononutrition\/startovaci-plan-vyzivy\/","name":"\u0160tartovac\u00ed pl\u00e1n v\u00fd\u017eivy &#8211; Chronobiology.com","isPartOf":{"@id":"https:\/\/dev.chronobiology.com\/sk\/#website"},"datePublished":"2024-03-18T15:11:53+00:00","dateModified":"2024-03-18T15:11:54+00:00","breadcrumb":{"@id":"https:\/\/dev.chronobiology.com\/sk\/chrononutrition\/startovaci-plan-vyzivy\/#breadcrumb"},"inLanguage":"sk-SK","potentialAction":[{"@type":"ReadAction","target":["https:\/\/dev.chronobiology.com\/sk\/chrononutrition\/startovaci-plan-vyzivy\/"]}]},{"@type":"BreadcrumbList","@id":"https:\/\/dev.chronobiology.com\/sk\/chrononutrition\/startovaci-plan-vyzivy\/#breadcrumb","itemListElement":[{"@type":"ListItem","position":1,"name":"Home","item":"https:\/\/dev.chronobiology.com\/sk\/domovska-stranka\/"},{"@type":"ListItem","position":2,"name":"Chrononutrition\u2122","item":"https:\/\/dev.chronobiology.com\/sk\/chrononutrition\/"},{"@type":"ListItem","position":3,"name":"\u0160tartovac\u00ed pl\u00e1n v\u00fd\u017eivy"}]},{"@type":"WebSite","@id":"https:\/\/dev.chronobiology.com\/sk\/#website","url":"https:\/\/dev.chronobiology.com\/sk\/","name":"Chronobiology.com","description":"","publisher":{"@id":"https:\/\/dev.chronobiology.com\/sk\/#organization"},"potentialAction":[{"@type":"SearchAction","target":{"@type":"EntryPoint","urlTemplate":"https:\/\/dev.chronobiology.com\/sk\/?s={search_term_string}"},"query-input":{"@type":"PropertyValueSpecification","valueRequired":true,"valueName":"search_term_string"}}],"inLanguage":"sk-SK"},{"@type":"Organization","@id":"https:\/\/dev.chronobiology.com\/sk\/#organization","name":"Chronobiology","url":"https:\/\/dev.chronobiology.com\/sk\/","logo":{"@type":"ImageObject","inLanguage":"sk-SK","@id":"https:\/\/dev.chronobiology.com\/sk\/#\/schema\/logo\/image\/","url":"https:\/\/www.chronobiology.com\/wp-content\/uploads\/2019\/01\/chronobiology_logo_en_r.png","contentUrl":"https:\/\/www.chronobiology.com\/wp-content\/uploads\/2019\/01\/chronobiology_logo_en_r.png","width":375,"height":90,"caption":"Chronobiology"},"image":{"@id":"https:\/\/dev.chronobiology.com\/sk\/#\/schema\/logo\/image\/"},"sameAs":["https:\/\/www.facebook.com\/chronobiology","https:\/\/x.com\/chronobionews","https:\/\/www.instagram.com\/chronobiology\/","https:\/\/www.pinterest.com\/chronobiology\/"]}]}},"_links":{"self":[{"href":"https:\/\/dev.chronobiology.com\/sk\/wp-json\/wp\/v2\/pages\/55665"}],"collection":[{"href":"https:\/\/dev.chronobiology.com\/sk\/wp-json\/wp\/v2\/pages"}],"about":[{"href":"https:\/\/dev.chronobiology.com\/sk\/wp-json\/wp\/v2\/types\/page"}],"author":[{"embeddable":true,"href":"https:\/\/dev.chronobiology.com\/sk\/wp-json\/wp\/v2\/users\/15"}],"replies":[{"embeddable":true,"href":"https:\/\/dev.chronobiology.com\/sk\/wp-json\/wp\/v2\/comments?post=55665"}],"version-history":[{"count":2,"href":"https:\/\/dev.chronobiology.com\/sk\/wp-json\/wp\/v2\/pages\/55665\/revisions"}],"predecessor-version":[{"id":55668,"href":"https:\/\/dev.chronobiology.com\/sk\/wp-json\/wp\/v2\/pages\/55665\/revisions\/55668"}],"up":[{"embeddable":true,"href":"https:\/\/dev.chronobiology.com\/sk\/wp-json\/wp\/v2\/pages\/55560"}],"wp:attachment":[{"href":"https:\/\/dev.chronobiology.com\/sk\/wp-json\/wp\/v2\/media?parent=55665"}],"wp:term":[{"taxonomy":"category","embeddable":true,"href":"https:\/\/dev.chronobiology.com\/sk\/wp-json\/wp\/v2\/categories?post=55665"}],"curies":[{"name":"wp","href":"https:\/\/api.w.org\/{rel}","templated":true}]}}