{"id":55589,"date":"2024-03-13T08:20:41","date_gmt":"2024-03-13T15:20:41","guid":{"rendered":"https:\/\/www.chronobiology.com\/chrononutrition\/napln-bielkovin\/"},"modified":"2024-03-13T08:20:43","modified_gmt":"2024-03-13T15:20:43","slug":"napln-bielkovin","status":"publish","type":"page","link":"https:\/\/dev.chronobiology.com\/sk\/chrononutrition\/napln-bielkovin\/","title":{"rendered":"N\u00e1pl\u0148 bielkov\u00edn"},"content":{"rendered":"<div class=\"wpb-content-wrapper\"><p>[vc_row full_width=&#8220;stretch_row&#8220; el_class=&#8220;banner-top&#8220; css=&#8220;.vc_custom_1567494117077{background-image: url(https:\/\/www.chronobiology.com\/wp-content\/uploads\/2019\/09\/filling-protein.jpg?id=30284) !important;}&#8220;][vc_column][vc_custom_heading source=&#8220;post_title&#8220; font_container=&#8220;tag:h1|text_align:center&#8220; use_theme_fonts=&#8220;yes&#8220;][\/vc_column][\/vc_row][vc_row][vc_column][vc_column_text]Bielkoviny s\u00fa v chronobiol\u00f3gii ve\u013emi d\u00f4le\u017eit\u00e9, preto\u017ee s\u00fa d\u00f4le\u017eit\u00fdm stavebn\u00fdm prvkom pre horm\u00f3ny, svaly a enz\u00fdmy. Okrem toho udr\u017eiavaj\u00fa relat\u00edvne n\u00edzku hladinu inzul\u00ednu po jedle a sp\u00f4sobuj\u00fa, \u017ee sa r\u00fdchlo c\u00edtime s\u00fdti, \u010do s\u00fa dva dobr\u00e9 d\u00f4vody, pre\u010do si ve\u010der dopria\u0165 jedlo bohat\u00e9 na bielkoviny. V ide\u00e1lnom pr\u00edpade by 30 % va\u0161ej dennej stravy mali tvori\u0165 potraviny bohat\u00e9 na bielkoviny, ako s\u00fa m\u00e4so, ryby, vajcia a mlie\u010dne v\u00fdrobky.<\/p>\n<p>Sna\u017ete sa vyhn\u00fa\u0165 \u017eivo\u010d\u00ed\u0161nym bielkovin\u00e1m r\u00e1no a rad\u0161ej ich pridajte k obedu. Na ra\u0148ajky si m\u00f4\u017eete ob\u010das da\u0165 vaj\u00ed\u010dko (napr. raz alebo dvakr\u00e1t t\u00fd\u017edenne), ale jedl\u00e1 bohat\u00e9 na bielkoviny je najlep\u0161ie konzumova\u0165 ve\u010der: garantujeme v\u00e1m, \u017ee sacharidov\u00e9 pr\u00edlohy k ve\u010deri v\u00e1m \u010doskoro prestan\u00fa ch\u00fdba\u0165. Bielkoviny tie\u017e pom\u00e1haj\u00fa udr\u017ea\u0165 pocit s\u00fdtosti na mnoho hod\u00edn a umo\u017e\u0148uj\u00fa v\u00e1m lep\u0161ie spa\u0165, pri\u010dom hlad sa vr\u00e1ti a\u017e r\u00e1no.[\/vc_column_text][\/vc_column][\/vc_row]<\/p>\n<\/div>","protected":false},"excerpt":{"rendered":"<p>[vc_row full_width=&#8220;stretch_row&#8220; el_class=&#8220;banner-top&#8220; css=&#8220;.vc_custom_1567494117077{background-image: url(https:\/\/www.chronobiology.com\/wp-content\/uploads\/2019\/09\/filling-protein.jpg?id=30284) !important;}&#8220;][vc_column][vc_custom_heading source=&#8220;post_title&#8220; font_container=&#8220;tag:h1|text_align:center&#8220; use_theme_fonts=&#8220;yes&#8220;][\/vc_column][\/vc_row][vc_row][vc_column][vc_column_text]Bielkoviny s\u00fa v chronobiol\u00f3gii ve\u013emi d\u00f4le\u017eit\u00e9, preto\u017ee s\u00fa d\u00f4le\u017eit\u00fdm stavebn\u00fdm prvkom pre horm\u00f3ny, svaly a enz\u00fdmy. Okrem toho udr\u017eiavaj\u00fa relat\u00edvne n\u00edzku hladinu inzul\u00ednu po jedle a sp\u00f4sobuj\u00fa, \u017ee sa r\u00fdchlo c\u00edtime s\u00fdti, \u010do s\u00fa dva dobr\u00e9 d\u00f4vody, pre\u010do si ve\u010der dopria\u0165 jedlo bohat\u00e9 na bielkoviny. V ide\u00e1lnom [&hellip;]<\/p>\n","protected":false},"author":15,"featured_media":0,"parent":55560,"menu_order":0,"comment_status":"closed","ping_status":"closed","template":"","meta":{"_acf_changed":false,"_genesis_hide_title":false,"_genesis_hide_breadcrumbs":false,"_genesis_hide_singular_image":false,"_genesis_hide_footer_widgets":false,"_genesis_custom_body_class":"","_genesis_custom_post_class":"","_genesis_layout":"","footnotes":""},"categories":[],"class_list":{"0":"post-55589","1":"page","2":"type-page","3":"status-publish","5":"entry","6":"has-post-thumbnail"},"acf":[],"yoast_head":"<!-- This site is optimized with the Yoast SEO Premium plugin v23.4 (Yoast SEO v23.4) - https:\/\/yoast.com\/wordpress\/plugins\/seo\/ -->\n<title>N\u00e1pl\u0148 bielkov\u00edn &#8211; Chronobiology.com<\/title>\n<meta name=\"robots\" content=\"index, follow, max-snippet:-1, max-image-preview:large, max-video-preview:-1\" \/>\n<link rel=\"canonical\" href=\"https:\/\/dev.chronobiology.com\/sk\/chrononutrition\/napln-bielkovin\/\" \/>\n<meta property=\"og:locale\" content=\"sk_SK\" \/>\n<meta property=\"og:type\" content=\"article\" \/>\n<meta property=\"og:title\" content=\"N\u00e1pl\u0148 bielkov\u00edn\" \/>\n<meta property=\"og:description\" content=\"[vc_row full_width=&#8220;stretch_row&#8220; el_class=&#8220;banner-top&#8220; css=&#8220;.vc_custom_1567494117077{background-image: url(https:\/\/www.chronobiology.com\/wp-content\/uploads\/2019\/09\/filling-protein.jpg?id=30284) !important;}&#8220;][vc_column][vc_custom_heading source=&#8220;post_title&#8220; font_container=&#8220;tag:h1|text_align:center&#8220; use_theme_fonts=&#8220;yes&#8220;][\/vc_column][\/vc_row][vc_row][vc_column][vc_column_text]Bielkoviny s\u00fa v chronobiol\u00f3gii ve\u013emi d\u00f4le\u017eit\u00e9, preto\u017ee s\u00fa d\u00f4le\u017eit\u00fdm stavebn\u00fdm prvkom pre horm\u00f3ny, svaly a enz\u00fdmy. Okrem toho udr\u017eiavaj\u00fa relat\u00edvne n\u00edzku hladinu inzul\u00ednu po jedle a sp\u00f4sobuj\u00fa, \u017ee sa r\u00fdchlo c\u00edtime s\u00fdti, \u010do s\u00fa dva dobr\u00e9 d\u00f4vody, pre\u010do si ve\u010der dopria\u0165 jedlo bohat\u00e9 na bielkoviny. V ide\u00e1lnom [&hellip;]\" \/>\n<meta property=\"og:url\" content=\"https:\/\/dev.chronobiology.com\/sk\/chrononutrition\/napln-bielkovin\/\" \/>\n<meta property=\"og:site_name\" content=\"Chronobiology.com\" \/>\n<meta property=\"article:publisher\" content=\"https:\/\/www.facebook.com\/chronobiology\" \/>\n<meta property=\"article:modified_time\" content=\"2024-03-13T15:20:43+00:00\" \/>\n<meta name=\"twitter:card\" content=\"summary_large_image\" \/>\n<meta name=\"twitter:site\" content=\"@chronobionews\" \/>\n<meta name=\"twitter:label1\" content=\"Predpokladan\u00fd \u010das \u010d\u00edtania\" \/>\n\t<meta name=\"twitter:data1\" content=\"1 min\u00fata\" \/>\n<script type=\"application\/ld+json\" class=\"yoast-schema-graph\">{\"@context\":\"https:\/\/schema.org\",\"@graph\":[{\"@type\":\"WebPage\",\"@id\":\"https:\/\/dev.chronobiology.com\/sk\/chrononutrition\/napln-bielkovin\/\",\"url\":\"https:\/\/dev.chronobiology.com\/sk\/chrononutrition\/napln-bielkovin\/\",\"name\":\"N\u00e1pl\u0148 bielkov\u00edn &#8211; Chronobiology.com\",\"isPartOf\":{\"@id\":\"https:\/\/dev.chronobiology.com\/sk\/#website\"},\"datePublished\":\"2024-03-13T15:20:41+00:00\",\"dateModified\":\"2024-03-13T15:20:43+00:00\",\"breadcrumb\":{\"@id\":\"https:\/\/dev.chronobiology.com\/sk\/chrononutrition\/napln-bielkovin\/#breadcrumb\"},\"inLanguage\":\"sk-SK\",\"potentialAction\":[{\"@type\":\"ReadAction\",\"target\":[\"https:\/\/dev.chronobiology.com\/sk\/chrononutrition\/napln-bielkovin\/\"]}]},{\"@type\":\"BreadcrumbList\",\"@id\":\"https:\/\/dev.chronobiology.com\/sk\/chrononutrition\/napln-bielkovin\/#breadcrumb\",\"itemListElement\":[{\"@type\":\"ListItem\",\"position\":1,\"name\":\"Home\",\"item\":\"https:\/\/dev.chronobiology.com\/sk\/domovska-stranka\/\"},{\"@type\":\"ListItem\",\"position\":2,\"name\":\"Chrononutrition\u2122\",\"item\":\"https:\/\/dev.chronobiology.com\/sk\/chrononutrition\/\"},{\"@type\":\"ListItem\",\"position\":3,\"name\":\"N\u00e1pl\u0148 bielkov\u00edn\"}]},{\"@type\":\"WebSite\",\"@id\":\"https:\/\/dev.chronobiology.com\/sk\/#website\",\"url\":\"https:\/\/dev.chronobiology.com\/sk\/\",\"name\":\"Chronobiology.com\",\"description\":\"\",\"publisher\":{\"@id\":\"https:\/\/dev.chronobiology.com\/sk\/#organization\"},\"potentialAction\":[{\"@type\":\"SearchAction\",\"target\":{\"@type\":\"EntryPoint\",\"urlTemplate\":\"https:\/\/dev.chronobiology.com\/sk\/?s={search_term_string}\"},\"query-input\":{\"@type\":\"PropertyValueSpecification\",\"valueRequired\":true,\"valueName\":\"search_term_string\"}}],\"inLanguage\":\"sk-SK\"},{\"@type\":\"Organization\",\"@id\":\"https:\/\/dev.chronobiology.com\/sk\/#organization\",\"name\":\"Chronobiology\",\"url\":\"https:\/\/dev.chronobiology.com\/sk\/\",\"logo\":{\"@type\":\"ImageObject\",\"inLanguage\":\"sk-SK\",\"@id\":\"https:\/\/dev.chronobiology.com\/sk\/#\/schema\/logo\/image\/\",\"url\":\"https:\/\/www.chronobiology.com\/wp-content\/uploads\/2019\/01\/chronobiology_logo_en_r.png\",\"contentUrl\":\"https:\/\/www.chronobiology.com\/wp-content\/uploads\/2019\/01\/chronobiology_logo_en_r.png\",\"width\":375,\"height\":90,\"caption\":\"Chronobiology\"},\"image\":{\"@id\":\"https:\/\/dev.chronobiology.com\/sk\/#\/schema\/logo\/image\/\"},\"sameAs\":[\"https:\/\/www.facebook.com\/chronobiology\",\"https:\/\/x.com\/chronobionews\",\"https:\/\/www.instagram.com\/chronobiology\/\",\"https:\/\/www.pinterest.com\/chronobiology\/\"]}]}<\/script>\n<!-- \/ Yoast SEO Premium plugin. -->","yoast_head_json":{"title":"N\u00e1pl\u0148 bielkov\u00edn &#8211; Chronobiology.com","robots":{"index":"index","follow":"follow","max-snippet":"max-snippet:-1","max-image-preview":"max-image-preview:large","max-video-preview":"max-video-preview:-1"},"canonical":"https:\/\/dev.chronobiology.com\/sk\/chrononutrition\/napln-bielkovin\/","og_locale":"sk_SK","og_type":"article","og_title":"N\u00e1pl\u0148 bielkov\u00edn","og_description":"[vc_row full_width=&#8220;stretch_row&#8220; el_class=&#8220;banner-top&#8220; css=&#8220;.vc_custom_1567494117077{background-image: url(https:\/\/www.chronobiology.com\/wp-content\/uploads\/2019\/09\/filling-protein.jpg?id=30284) !important;}&#8220;][vc_column][vc_custom_heading source=&#8220;post_title&#8220; font_container=&#8220;tag:h1|text_align:center&#8220; use_theme_fonts=&#8220;yes&#8220;][\/vc_column][\/vc_row][vc_row][vc_column][vc_column_text]Bielkoviny s\u00fa v chronobiol\u00f3gii ve\u013emi d\u00f4le\u017eit\u00e9, preto\u017ee s\u00fa d\u00f4le\u017eit\u00fdm stavebn\u00fdm prvkom pre horm\u00f3ny, svaly a enz\u00fdmy. Okrem toho udr\u017eiavaj\u00fa relat\u00edvne n\u00edzku hladinu inzul\u00ednu po jedle a sp\u00f4sobuj\u00fa, \u017ee sa r\u00fdchlo c\u00edtime s\u00fdti, \u010do s\u00fa dva dobr\u00e9 d\u00f4vody, pre\u010do si ve\u010der dopria\u0165 jedlo bohat\u00e9 na bielkoviny. V ide\u00e1lnom [&hellip;]","og_url":"https:\/\/dev.chronobiology.com\/sk\/chrononutrition\/napln-bielkovin\/","og_site_name":"Chronobiology.com","article_publisher":"https:\/\/www.facebook.com\/chronobiology","article_modified_time":"2024-03-13T15:20:43+00:00","twitter_card":"summary_large_image","twitter_site":"@chronobionews","twitter_misc":{"Predpokladan\u00fd \u010das \u010d\u00edtania":"1 min\u00fata"},"schema":{"@context":"https:\/\/schema.org","@graph":[{"@type":"WebPage","@id":"https:\/\/dev.chronobiology.com\/sk\/chrononutrition\/napln-bielkovin\/","url":"https:\/\/dev.chronobiology.com\/sk\/chrononutrition\/napln-bielkovin\/","name":"N\u00e1pl\u0148 bielkov\u00edn &#8211; Chronobiology.com","isPartOf":{"@id":"https:\/\/dev.chronobiology.com\/sk\/#website"},"datePublished":"2024-03-13T15:20:41+00:00","dateModified":"2024-03-13T15:20:43+00:00","breadcrumb":{"@id":"https:\/\/dev.chronobiology.com\/sk\/chrononutrition\/napln-bielkovin\/#breadcrumb"},"inLanguage":"sk-SK","potentialAction":[{"@type":"ReadAction","target":["https:\/\/dev.chronobiology.com\/sk\/chrononutrition\/napln-bielkovin\/"]}]},{"@type":"BreadcrumbList","@id":"https:\/\/dev.chronobiology.com\/sk\/chrononutrition\/napln-bielkovin\/#breadcrumb","itemListElement":[{"@type":"ListItem","position":1,"name":"Home","item":"https:\/\/dev.chronobiology.com\/sk\/domovska-stranka\/"},{"@type":"ListItem","position":2,"name":"Chrononutrition\u2122","item":"https:\/\/dev.chronobiology.com\/sk\/chrononutrition\/"},{"@type":"ListItem","position":3,"name":"N\u00e1pl\u0148 bielkov\u00edn"}]},{"@type":"WebSite","@id":"https:\/\/dev.chronobiology.com\/sk\/#website","url":"https:\/\/dev.chronobiology.com\/sk\/","name":"Chronobiology.com","description":"","publisher":{"@id":"https:\/\/dev.chronobiology.com\/sk\/#organization"},"potentialAction":[{"@type":"SearchAction","target":{"@type":"EntryPoint","urlTemplate":"https:\/\/dev.chronobiology.com\/sk\/?s={search_term_string}"},"query-input":{"@type":"PropertyValueSpecification","valueRequired":true,"valueName":"search_term_string"}}],"inLanguage":"sk-SK"},{"@type":"Organization","@id":"https:\/\/dev.chronobiology.com\/sk\/#organization","name":"Chronobiology","url":"https:\/\/dev.chronobiology.com\/sk\/","logo":{"@type":"ImageObject","inLanguage":"sk-SK","@id":"https:\/\/dev.chronobiology.com\/sk\/#\/schema\/logo\/image\/","url":"https:\/\/www.chronobiology.com\/wp-content\/uploads\/2019\/01\/chronobiology_logo_en_r.png","contentUrl":"https:\/\/www.chronobiology.com\/wp-content\/uploads\/2019\/01\/chronobiology_logo_en_r.png","width":375,"height":90,"caption":"Chronobiology"},"image":{"@id":"https:\/\/dev.chronobiology.com\/sk\/#\/schema\/logo\/image\/"},"sameAs":["https:\/\/www.facebook.com\/chronobiology","https:\/\/x.com\/chronobionews","https:\/\/www.instagram.com\/chronobiology\/","https:\/\/www.pinterest.com\/chronobiology\/"]}]}},"_links":{"self":[{"href":"https:\/\/dev.chronobiology.com\/sk\/wp-json\/wp\/v2\/pages\/55589"}],"collection":[{"href":"https:\/\/dev.chronobiology.com\/sk\/wp-json\/wp\/v2\/pages"}],"about":[{"href":"https:\/\/dev.chronobiology.com\/sk\/wp-json\/wp\/v2\/types\/page"}],"author":[{"embeddable":true,"href":"https:\/\/dev.chronobiology.com\/sk\/wp-json\/wp\/v2\/users\/15"}],"replies":[{"embeddable":true,"href":"https:\/\/dev.chronobiology.com\/sk\/wp-json\/wp\/v2\/comments?post=55589"}],"version-history":[{"count":2,"href":"https:\/\/dev.chronobiology.com\/sk\/wp-json\/wp\/v2\/pages\/55589\/revisions"}],"predecessor-version":[{"id":55592,"href":"https:\/\/dev.chronobiology.com\/sk\/wp-json\/wp\/v2\/pages\/55589\/revisions\/55592"}],"up":[{"embeddable":true,"href":"https:\/\/dev.chronobiology.com\/sk\/wp-json\/wp\/v2\/pages\/55560"}],"wp:attachment":[{"href":"https:\/\/dev.chronobiology.com\/sk\/wp-json\/wp\/v2\/media?parent=55589"}],"wp:term":[{"taxonomy":"category","embeddable":true,"href":"https:\/\/dev.chronobiology.com\/sk\/wp-json\/wp\/v2\/categories?post=55589"}],"curies":[{"name":"wp","href":"https:\/\/api.w.org\/{rel}","templated":true}]}}