{"id":39918,"date":"2022-07-13T03:55:42","date_gmt":"2022-07-13T10:55:42","guid":{"rendered":"https:\/\/www.chronobiology.com\/pagina-inicial\/"},"modified":"2023-05-31T11:01:17","modified_gmt":"2023-05-31T18:01:17","slug":"pagina-inicial","status":"publish","type":"page","link":"https:\/\/dev.chronobiology.com\/pt-br\/","title":{"rendered":"P\u00e1gina inicial"},"content":{"rendered":"<div class=\"wpb-content-wrapper\"><p>[vc_row full_width=&#8221;stretch_row&#8221; el_class=&#8221;home-top&#8221; css=&#8221;.vc_custom_1481849859307{background-image: url(https:\/\/www.chronobiology.com\/wp-content\/uploads\/2013\/04\/home_bg_2.jpg?id=11558) !important;background-position: center !important;background-repeat: no-repeat !important;background-size: cover !important;}&#8221;][vc_column][vc_column_text]<\/p>\n<h1 style=\"text-align: center;\">CRONOBIOLOGIA<\/h1>\n<h3 style=\"text-align: center;\">Este site \u00e9 dedicado \u00e0 hist\u00f3ria, descobertas e avan\u00e7os da Cronobiologia.<\/h3>\n<p>[\/vc_column_text][vc_column_text]<div class=\"latest_news\"><div class=\"wrap\"><div class=\"singleNews\"><a href=\"https:\/\/dev.chronobiology.com\/pt-br\/nao-use-telas-na-cama-para-dormir-melhor\/\"><img decoding=\"async\" src=\"https:\/\/dev.chronobiology.com\/wp-content\/uploads\/2024\/09\/lll-1-358x200.png\" alt=\"N\u00e3o use telas na cama para dormir melhor\"><\/a><h4><a href=\"https:\/\/dev.chronobiology.com\/pt-br\/nao-use-telas-na-cama-para-dormir-melhor\/\">N\u00e3o use telas na cama para dormir melhor<\/a><\/h4><p>Um estudo da Universidade de Otago descobriu que, ao contr\u00e1rio da cren\u00e7a popular, o hor?...<a class=\"more_link\" href=\"https:\/\/dev.chronobiology.com\/pt-br\/nao-use-telas-na-cama-para-dormir-melhor\/\"> <\/a><\/p><\/div><div class=\"singleNews\"><a href=\"https:\/\/dev.chronobiology.com\/pt-br\/pesquisadores-estao-testando-um-novo-medicamento-projetado-para-aliviar-a-insuficiencia-cardiaca-e-a-apneia-do-sono\/\"><img decoding=\"async\" src=\"https:\/\/dev.chronobiology.com\/wp-content\/uploads\/2023\/04\/Shutterstock_1663310782-358x200.jpg\" alt=\"Pesquisadores est\u00e3o testando um novo medicamento projetado para aliviar a insufici\u00eancia card\u00edaca e a apneia do sono\"><\/a><h4><a href=\"https:\/\/dev.chronobiology.com\/pt-br\/pesquisadores-estao-testando-um-novo-medicamento-projetado-para-aliviar-a-insuficiencia-cardiaca-e-a-apneia-do-sono\/\">Pesquisadores est\u00e3o testando um novo medicamento projetado para aliviar a insufici\u00eancia card\u00edaca e a apneia do sono<\/a><\/h4><p>A insufici\u00eancia card\u00edaca \u00e9 uma condi\u00e7\u00e3o comum.\nNa Europa, mais de 10 milh\u00f5es de pess...<a class=\"more_link\" href=\"https:\/\/dev.chronobiology.com\/pt-br\/pesquisadores-estao-testando-um-novo-medicamento-projetado-para-aliviar-a-insuficiencia-cardiaca-e-a-apneia-do-sono\/\"> <\/a><\/p><\/div><div class=\"singleNews\"><a href=\"https:\/\/dev.chronobiology.com\/pt-br\/nova-pesquisa-mostra-que-os-exames-odontologicos-podem-ser-a-primeira-linha-de-defesa-contra-disturbios-mortais-do-sono\/\"><img decoding=\"async\" src=\"https:\/\/dev.chronobiology.com\/wp-content\/uploads\/2024\/09\/ayayay-358x200.png\" alt=\"Nova pesquisa mostra que os exames odontol\u00f3gicos podem ser a primeira linha de defesa contra dist\u00farbios mortais do sono\"><\/a><h4><a href=\"https:\/\/dev.chronobiology.com\/pt-br\/nova-pesquisa-mostra-que-os-exames-odontologicos-podem-ser-a-primeira-linha-de-defesa-contra-disturbios-mortais-do-sono\/\">Nova pesquisa mostra que os exames odontol\u00f3gicos podem ser a primeira linha de defesa contra dist\u00farbios mortais do sono<\/a><\/h4><p>Um paciente adormece na cadeira do dentista, apesar do medo de um procedimento que est\u00e1 p...<a class=\"more_link\" href=\"https:\/\/dev.chronobiology.com\/pt-br\/nova-pesquisa-mostra-que-os-exames-odontologicos-podem-ser-a-primeira-linha-de-defesa-contra-disturbios-mortais-do-sono\/\"> <\/a><\/p><\/div><\/div><\/div>[\/vc_column_text][\/vc_column][\/vc_row][vc_row][vc_column width=&#8221;3\/4&#8243;][vc_column_text]<\/p>\n<article class=\"post-3056 page type-page status-publish entry\">\n<div class=\"entry-content\">\n<h2>RITMO DE VIDA<\/h2>\n<\/div>\n<\/article>\n<p>[\/vc_column_text][vc_raw_html]PGRpdiBjbGFzcz0icmh5dGhtX29mX2xpZmUiPg0KPGRpdiBjbGFzcz0iY2xvY2tzIj4NCg0KPGNhbnZhcyBpZD0iY2FudmFzIiB3aWR0aD0iMjAwIiBoZWlnaHQ9IjIwMCI+WW91ciBicm93c2VyIGRvZXMgbm90IHN1cHBvcnQgdGhlIENBTlZBUyBlbGVtZW50IGFsYXMhPC9jYW52YXM+DQoNCiZuYnNwOw0KDQombmJzcDsNCg0KPC9kaXY+DQo8L2Rpdj4NCjx0YWJsZSBjbGFzcz0icmh5dGhtLW1vYiIgc3R5bGU9ImhlaWdodDogNjM0cHg7IiB3aWR0aD0iNDcwIj4NCjx0Ym9keT4NCjx0cj4NCjx0ZCBjbGFzcz0icmh5dGhtLWJsdWUiPjEgZGEgbWFuaMOjPC90ZD4NCjx0ZD5UZW1wbyBkZSBzb25obzwvdGQ+DQo8L3RyPg0KPHRyPg0KPHRkIGNsYXNzPSJyaHl0aG0tYmx1ZSI+MiDCoGRhIG1hbmjDozwvdGQ+DQo8dGQ+VG9kb3Mgb3Mgc2lzdGVtYXMgc2UgcmVnZW5lcmFtLCBjb20gZXhjZcOnw6NvIGRvIGbDrWdhZG8gZSBkYSBwZWxlPC90ZD4NCjwvdHI+DQo8dHI+DQo8dGQgY2xhc3M9InJoeXRobS1ibHVlIj4zIMKgZGEgbWFuaMOjPC90ZD4NCjx0ZD5GYXNlIGRvIHNvbm8gcHJvZnVuZG88L3RkPg0KPC90cj4NCjx0cj4NCjx0ZCBjbGFzcz0icmh5dGhtLWJsdWUiPjQgwqBkYSBtYW5ow6M8L3RkPg0KPHRkPlB1bG3DtWVzIG1haXMgYXRpdm9zPC90ZD4NCjwvdHI+DQo8dHI+DQo8dGQgY2xhc3M9InJoeXRobS1ibHVlIj41IMKgZGEgbWFuaMOjPC90ZD4NCjx0ZD5GdW7Dp8OjbyByZW5hbCBtw61uaW1hPC90ZD4NCjwvdHI+DQo8dHI+DQo8dGQgY2xhc3M9InJoeXRobS1yZWQiPjYgwqBkYSBtYW5ow6M8L3RkPg0KPHRkPk8gb3JnYW5pc21vIGFjb3JkYTwvdGQ+DQo8L3RyPg0KPHRyPg0KPHRkIGNsYXNzPSJyaHl0aG0tcmVkIj43LTnCoCBkYSBtYW5ow6M8L3RkPg0KPHRkPlBpY28gSG9ybW9uYWw8L3RkPg0KPC90cj4NCjx0cj4NCjx0ZCBjbGFzcz0icmh5dGhtLXJlZCI+OC05wqAgZGEgbWFuaMOjPC90ZD4NCjx0ZD4NCjx0YWJsZSBzdHlsZT0iaGVpZ2h0OiA2NHB4OyIgd2lkdGg9IjkxOCI+DQo8dGJvZHk+DQo8dHI+DQo8dGQgd2lkdGg9IjM5NCI+TWFpcyBhbHRvIGxpbWlhciBkZSBkb3I8L3RkPg0KPC90cj4NCjwvdGJvZHk+DQo8L3RhYmxlPg0KPC90ZD4NCjwvdHI+DQo8dHI+DQo8dGQgY2xhc3M9InJoeXRobS1yZWQiPjEwwqAgZGEgbWFuaMOjIOKAkyAxMi4wMCBNZWlvIGRpYTwvdGQ+DQo8dGQ+Rm9ybWEgcGVyZmVpdGEgZSBlc3RhZG8gZGUgcGxlbmEgdmlnw61saWEsIG3DoXhpbWEgZnVuw6fDo28gY2VyZWJyYWw8L3RkPg0KPC90cj4NCjx0cj4NCjx0ZCBjbGFzcz0icmh5dGhtLXJlZCI+MTIgTWVpbyBEaWE8L3RkPg0KPHRkPkhvcmEgZG8gYWxtb8OnbywgbcOheGltYSBlZmljw6FjaWEgZG8gdHJhdG8gZGlnZXN0aXZvPC90ZD4NCjwvdHI+DQo8dHI+DQo8dGQgY2xhc3M9InJoeXRobS1yZWQiPjEtMiBkYSB0YXJkZTwvdGQ+DQo8dGQ+Q2Fuc2HDp28gcMOzcy1wcmFuZGlhbCwgdGVtcG8gZGUgZGVzY2Fuc288L3RkPg0KPC90cj4NCjx0cj4NCjx0ZCBjbGFzcz0icmh5dGhtLXJlZCI+My00IGRhIHRhcmRlPC90ZD4NCjx0ZD5Ob3ZvIGltcHVsc28sIGZhc2UgZGUgYXByZW5kaXphZ2VtLCBtZW3Ds3JpYSBkZSBsb25nbyBwcmF6bzwvdGQ+DQo8L3RyPg0KPHRyPg0KPHRkIGNsYXNzPSJyaHl0aG0tcmVkIj41LTYgwqBkYSB0YXJkZTwvdGQ+DQo8dGQ+U2VndW5kbyBwaWNvLCBob3JhIGlkZWFsIHBhcmEgbyB0cmFiYWxobyBtYW51YWw8L3RkPg0KPC90cj4NCjx0cj4NCjx0ZCBjbGFzcz0icmh5dGhtLWJsdWUiPjYgZGEgdGFyZGUgLSA5IMKgZGEgbm9pdGU8L3RkPg0KPHRkPlJlbGF4YW1lbnRvIGUgcmVwb3VzbywgZmF2b3JlY2UgbyBvbGZhdG8gZSBvIHBhbGFkYXI8L3RkPg0KPC90cj4NCjx0cj4NCjx0ZCBjbGFzcz0icmh5dGhtLWJsdWUiPjkgZGEgbm9pdGU8L3RkPg0KPHRkPkVzdMO0bWFnbyBlbSByZXBvdXNvIC0gZXZpdGUgY29tZXI8L3RkPg0KPC90cj4NCjx0cj4NCjx0ZCBjbGFzcz0icmh5dGhtLWJsdWUiPjExIGRhIG5vaXRlPC90ZD4NCjx0ZD5Ib3JhIGRlIGRvcm1pcjwvdGQ+DQo8L3RyPg0KPHRyPg0KPHRkIGNsYXNzPSJyaHl0aG0tYmx1ZSI+MTEgZGEgbm9pdGUgLSAxIGRhIG1hbmjDozwvdGQ+DQo8dGQ+UGljbyBkZSBjcmlhdGl2aWRhZGU8L3RkPg0KPC90cj4NCjwvdGJvZHk+DQo8L3RhYmxlPg==[\/vc_raw_html][vc_column_text]<\/p>\n<h4>SOBRE CRONOBIOLOGIA<\/h4>\n<p>Este site \u00e9 dedicado \u00e0 hist\u00f3ria, descobertas e avan\u00e7os da Cronobiologia.<\/p>\n<p>A cronobiologia \u00e9 um campo da biologia que estuda como os ciclos naturais de nosso corpo &#8211; mental, f\u00edsico e emocional &#8211; s\u00e3o afetados por ritmos solares e lunares. Por exemplo, o ritmo circadiano, um ciclo de 24 horas de processos fisiol\u00f3gicos que acontecem em todo o corpo humano, \u00e9 um ciclo vital no estudo da cronobiologia.<\/p>\n<p>Quando estes processos se decomp\u00f5em, ou quando ocorrem anormalidades no corpo humano, \u00e9 o estudo da cronobiologia que poderia ser a solu\u00e7\u00e3o.[\/vc_column_text][\/vc_column][vc_column width=&#8221;1\/4&#8243; el_class=&#8221;sidebar&#8221;][vc_wp_custommenu title=&#8221;Benef\u00edcios da Cronofarmacologia para a sa\u00fade&#8221; nav_menu=&#8221;24&#8243;][\/vc_column][\/vc_row]<\/p>\n<\/div>","protected":false},"excerpt":{"rendered":"<p>[vc_row full_width=&#8221;stretch_row&#8221; el_class=&#8221;home-top&#8221; css=&#8221;.vc_custom_1481849859307{background-image: url(https:\/\/www.chronobiology.com\/wp-content\/uploads\/2013\/04\/home_bg_2.jpg?id=11558) !important;background-position: center !important;background-repeat: no-repeat !important;background-size: cover !important;}&#8221;][vc_column][vc_column_text] CRONOBIOLOGIA Este site \u00e9 dedicado \u00e0 hist\u00f3ria, descobertas e avan\u00e7os da Cronobiologia. [\/vc_column_text][vc_column_text][\/vc_column_text][\/vc_column][\/vc_row][vc_row][vc_column width=&#8221;3\/4&#8243;][vc_column_text] RITMO DE VIDA [\/vc_column_text][vc_raw_html]PGRpdiBjbGFzcz0icmh5dGhtX29mX2xpZmUiPg0KPGRpdiBjbGFzcz0iY2xvY2tzIj4NCg0KPGNhbnZhcyBpZD0iY2FudmFzIiB3aWR0aD0iMjAwIiBoZWlnaHQ9IjIwMCI+WW91ciBicm93c2VyIGRvZXMgbm90IHN1cHBvcnQgdGhlIENBTlZBUyBlbGVtZW50IGFsYXMhPC9jYW52YXM+DQoNCiZuYnNwOw0KDQombmJzcDsNCg0KPC9kaXY+DQo8L2Rpdj4NCjx0YWJsZSBjbGFzcz0icmh5dGhtLW1vYiIgc3R5bGU9ImhlaWdodDogNjM0cHg7IiB3aWR0aD0iNDcwIj4NCjx0Ym9keT4NCjx0cj4NCjx0ZCBjbGFzcz0icmh5dGhtLWJsdWUiPjEgZGEgbWFuaMOjPC90ZD4NCjx0ZD5UZW1wbyBkZSBzb25obzwvdGQ+DQo8L3RyPg0KPHRyPg0KPHRkIGNsYXNzPSJyaHl0aG0tYmx1ZSI+MiDCoGRhIG1hbmjDozwvdGQ+DQo8dGQ+VG9kb3Mgb3Mgc2lzdGVtYXMgc2UgcmVnZW5lcmFtLCBjb20gZXhjZcOnw6NvIGRvIGbDrWdhZG8gZSBkYSBwZWxlPC90ZD4NCjwvdHI+DQo8dHI+DQo8dGQgY2xhc3M9InJoeXRobS1ibHVlIj4zIMKgZGEgbWFuaMOjPC90ZD4NCjx0ZD5GYXNlIGRvIHNvbm8gcHJvZnVuZG88L3RkPg0KPC90cj4NCjx0cj4NCjx0ZCBjbGFzcz0icmh5dGhtLWJsdWUiPjQgwqBkYSBtYW5ow6M8L3RkPg0KPHRkPlB1bG3DtWVzIG1haXMgYXRpdm9zPC90ZD4NCjwvdHI+DQo8dHI+DQo8dGQgY2xhc3M9InJoeXRobS1ibHVlIj41IMKgZGEgbWFuaMOjPC90ZD4NCjx0ZD5GdW7Dp8OjbyByZW5hbCBtw61uaW1hPC90ZD4NCjwvdHI+DQo8dHI+DQo8dGQgY2xhc3M9InJoeXRobS1yZWQiPjYgwqBkYSBtYW5ow6M8L3RkPg0KPHRkPk8gb3JnYW5pc21vIGFjb3JkYTwvdGQ+DQo8L3RyPg0KPHRyPg0KPHRkIGNsYXNzPSJyaHl0aG0tcmVkIj43LTnCoCBkYSBtYW5ow6M8L3RkPg0KPHRkPlBpY28gSG9ybW9uYWw8L3RkPg0KPC90cj4NCjx0cj4NCjx0ZCBjbGFzcz0icmh5dGhtLXJlZCI+OC05wqAgZGEgbWFuaMOjPC90ZD4NCjx0ZD4NCjx0YWJsZSBzdHlsZT0iaGVpZ2h0OiA2NHB4OyIgd2lkdGg9IjkxOCI+DQo8dGJvZHk+DQo8dHI+DQo8dGQgd2lkdGg9IjM5NCI+TWFpcyBhbHRvIGxpbWlhciBkZSBkb3I8L3RkPg0KPC90cj4NCjwvdGJvZHk+DQo8L3RhYmxlPg0KPC90ZD4NCjwvdHI+DQo8dHI+DQo8dGQgY2xhc3M9InJoeXRobS1yZWQiPjEwwqAgZGEgbWFuaMOjIOKAkyAxMi4wMCBNZWlvIGRpYTwvdGQ+DQo8dGQ+Rm9ybWEgcGVyZmVpdGEgZSBlc3RhZG8gZGUgcGxlbmEgdmlnw61saWEsIG3DoXhpbWEgZnVuw6fDo28gY2VyZWJyYWw8L3RkPg0KPC90cj4NCjx0cj4NCjx0ZCBjbGFzcz0icmh5dGhtLXJlZCI+MTIgTWVpbyBEaWE8L3RkPg0KPHRkPkhvcmEgZG8gYWxtb8OnbywgbcOheGltYSBlZmljw6FjaWEgZG8gdHJhdG8gZGlnZXN0aXZvPC90ZD4NCjwvdHI+DQo8dHI+DQo8dGQgY2xhc3M9InJoeXRobS1yZWQiPjEtMiBkYSB0YXJkZTwvdGQ+DQo8dGQ+Q2Fuc2HDp28gcMOzcy1wcmFuZGlhbCwgdGVtcG8gZGUgZGVzY2Fuc288L3RkPg0KPC90cj4NCjx0cj4NCjx0ZCBjbGFzcz0icmh5dGhtLXJlZCI+My00IGRhIHRhcmRlPC90ZD4NCjx0ZD5Ob3ZvIGltcHVsc28sIGZhc2UgZGUgYXByZW5kaXphZ2VtLCBtZW3Ds3JpYSBkZSBsb25nbyBwcmF6bzwvdGQ+DQo8L3RyPg0KPHRyPg0KPHRkIGNsYXNzPSJyaHl0aG0tcmVkIj41LTYgwqBkYSB0YXJkZTwvdGQ+DQo8dGQ+U2VndW5kbyBwaWNvLCBob3JhIGlkZWFsIHBhcmEgbyB0cmFiYWxobyBtYW51YWw8L3RkPg0KPC90cj4NCjx0cj4NCjx0ZCBjbGFzcz0icmh5dGhtLWJsdWUiPjYgZGEgdGFyZGUgLSA5IMKgZGEgbm9pdGU8L3RkPg0KPHRkPlJlbGF4YW1lbnRvIGUgcmVwb3VzbywgZmF2b3JlY2UgbyBvbGZhdG8gZSBvIHBhbGFkYXI8L3RkPg0KPC90cj4NCjx0cj4NCjx0ZCBjbGFzcz0icmh5dGhtLWJsdWUiPjkgZGEgbm9pdGU8L3RkPg0KPHRkPkVzdMO0bWFnbyBlbSByZXBvdXNvIC0gZXZpdGUgY29tZXI8L3RkPg0KPC90cj4NCjx0cj4NCjx0ZCBjbGFzcz0icmh5dGhtLWJsdWUiPjExIGRhIG5vaXRlPC90ZD4NCjx0ZD5Ib3JhIGRlIGRvcm1pcjwvdGQ+DQo8L3RyPg0KPHRyPg0KPHRkIGNsYXNzPSJyaHl0aG0tYmx1ZSI+MTEgZGEgbm9pdGUgLSAxIGRhIG1hbmjDozwvdGQ+DQo8dGQ+UGljbyBkZSBjcmlhdGl2aWRhZGU8L3RkPg0KPC90cj4NCjwvdGJvZHk+DQo8L3RhYmxlPg==[\/vc_raw_html][vc_column_text] SOBRE CRONOBIOLOGIA Este site \u00e9 dedicado \u00e0 hist\u00f3ria, descobertas e avan\u00e7os da Cronobiologia. A cronobiologia \u00e9 um campo da biologia que estuda como os ciclos [&hellip;]<\/p>\n","protected":false},"author":11,"featured_media":0,"parent":0,"menu_order":0,"comment_status":"open","ping_status":"closed","template":"","meta":{"_acf_changed":false,"_genesis_hide_title":false,"_genesis_hide_breadcrumbs":false,"_genesis_hide_singular_image":false,"_genesis_hide_footer_widgets":false,"_genesis_custom_body_class":"","_genesis_custom_post_class":"","_genesis_layout":"full-width-content","footnotes":""},"categories":[],"class_list":{"0":"post-39918","1":"page","2":"type-page","3":"status-publish","5":"entry","6":"has-post-thumbnail"},"acf":[],"yoast_head":"<!-- This site is optimized with the Yoast SEO Premium plugin v23.4 (Yoast SEO v23.4) - https:\/\/yoast.com\/wordpress\/plugins\/seo\/ -->\n<title>Cronobiologia - Hist\u00f3ria, descobertas e avan\u00e7os da Cronobiologia<\/title>\n<meta name=\"robots\" content=\"index, follow, max-snippet:-1, max-image-preview:large, max-video-preview:-1\" \/>\n<link rel=\"canonical\" href=\"https:\/\/dev.chronobiology.com\/pt-br\/\" \/>\n<meta property=\"og:locale\" content=\"pt_BR\" \/>\n<meta property=\"og:type\" content=\"article\" \/>\n<meta property=\"og:title\" content=\"P\u00e1gina inicial\" \/>\n<meta property=\"og:description\" content=\"[vc_row full_width=&#8221;stretch_row&#8221; el_class=&#8221;home-top&#8221; css=&#8221;.vc_custom_1481849859307{background-image: url(https:\/\/www.chronobiology.com\/wp-content\/uploads\/2013\/04\/home_bg_2.jpg?id=11558) !important;background-position: center !important;background-repeat: no-repeat !important;background-size: cover !important;}&#8221;][vc_column][vc_column_text] CRONOBIOLOGIA Este site \u00e9 dedicado \u00e0 hist\u00f3ria, descobertas e avan\u00e7os da Cronobiologia. [\/vc_column_text][vc_column_text][\/vc_column_text][\/vc_column][\/vc_row][vc_row][vc_column width=&#8221;3\/4&#8243;][vc_column_text] RITMO DE VIDA [\/vc_column_text][vc_raw_html]PGRpdiBjbGFzcz0icmh5dGhtX29mX2xpZmUiPg0KPGRpdiBjbGFzcz0iY2xvY2tzIj4NCg0KPGNhbnZhcyBpZD0iY2FudmFzIiB3aWR0aD0iMjAwIiBoZWlnaHQ9IjIwMCI+WW91ciBicm93c2VyIGRvZXMgbm90IHN1cHBvcnQgdGhlIENBTlZBUyBlbGVtZW50IGFsYXMhPC9jYW52YXM+DQoNCiZuYnNwOw0KDQombmJzcDsNCg0KPC9kaXY+DQo8L2Rpdj4NCjx0YWJsZSBjbGFzcz0icmh5dGhtLW1vYiIgc3R5bGU9ImhlaWdodDogNjM0cHg7IiB3aWR0aD0iNDcwIj4NCjx0Ym9keT4NCjx0cj4NCjx0ZCBjbGFzcz0icmh5dGhtLWJsdWUiPjEgZGEgbWFuaMOjPC90ZD4NCjx0ZD5UZW1wbyBkZSBzb25obzwvdGQ+DQo8L3RyPg0KPHRyPg0KPHRkIGNsYXNzPSJyaHl0aG0tYmx1ZSI+MiDCoGRhIG1hbmjDozwvdGQ+DQo8dGQ+VG9kb3Mgb3Mgc2lzdGVtYXMgc2UgcmVnZW5lcmFtLCBjb20gZXhjZcOnw6NvIGRvIGbDrWdhZG8gZSBkYSBwZWxlPC90ZD4NCjwvdHI+DQo8dHI+DQo8dGQgY2xhc3M9InJoeXRobS1ibHVlIj4zIMKgZGEgbWFuaMOjPC90ZD4NCjx0ZD5GYXNlIGRvIHNvbm8gcHJvZnVuZG88L3RkPg0KPC90cj4NCjx0cj4NCjx0ZCBjbGFzcz0icmh5dGhtLWJsdWUiPjQgwqBkYSBtYW5ow6M8L3RkPg0KPHRkPlB1bG3DtWVzIG1haXMgYXRpdm9zPC90ZD4NCjwvdHI+DQo8dHI+DQo8dGQgY2xhc3M9InJoeXRobS1ibHVlIj41IMKgZGEgbWFuaMOjPC90ZD4NCjx0ZD5GdW7Dp8OjbyByZW5hbCBtw61uaW1hPC90ZD4NCjwvdHI+DQo8dHI+DQo8dGQgY2xhc3M9InJoeXRobS1yZWQiPjYgwqBkYSBtYW5ow6M8L3RkPg0KPHRkPk8gb3JnYW5pc21vIGFjb3JkYTwvdGQ+DQo8L3RyPg0KPHRyPg0KPHRkIGNsYXNzPSJyaHl0aG0tcmVkIj43LTnCoCBkYSBtYW5ow6M8L3RkPg0KPHRkPlBpY28gSG9ybW9uYWw8L3RkPg0KPC90cj4NCjx0cj4NCjx0ZCBjbGFzcz0icmh5dGhtLXJlZCI+OC05wqAgZGEgbWFuaMOjPC90ZD4NCjx0ZD4NCjx0YWJsZSBzdHlsZT0iaGVpZ2h0OiA2NHB4OyIgd2lkdGg9IjkxOCI+DQo8dGJvZHk+DQo8dHI+DQo8dGQgd2lkdGg9IjM5NCI+TWFpcyBhbHRvIGxpbWlhciBkZSBkb3I8L3RkPg0KPC90cj4NCjwvdGJvZHk+DQo8L3RhYmxlPg0KPC90ZD4NCjwvdHI+DQo8dHI+DQo8dGQgY2xhc3M9InJoeXRobS1yZWQiPjEwwqAgZGEgbWFuaMOjIOKAkyAxMi4wMCBNZWlvIGRpYTwvdGQ+DQo8dGQ+Rm9ybWEgcGVyZmVpdGEgZSBlc3RhZG8gZGUgcGxlbmEgdmlnw61saWEsIG3DoXhpbWEgZnVuw6fDo28gY2VyZWJyYWw8L3RkPg0KPC90cj4NCjx0cj4NCjx0ZCBjbGFzcz0icmh5dGhtLXJlZCI+MTIgTWVpbyBEaWE8L3RkPg0KPHRkPkhvcmEgZG8gYWxtb8OnbywgbcOheGltYSBlZmljw6FjaWEgZG8gdHJhdG8gZGlnZXN0aXZvPC90ZD4NCjwvdHI+DQo8dHI+DQo8dGQgY2xhc3M9InJoeXRobS1yZWQiPjEtMiBkYSB0YXJkZTwvdGQ+DQo8dGQ+Q2Fuc2HDp28gcMOzcy1wcmFuZGlhbCwgdGVtcG8gZGUgZGVzY2Fuc288L3RkPg0KPC90cj4NCjx0cj4NCjx0ZCBjbGFzcz0icmh5dGhtLXJlZCI+My00IGRhIHRhcmRlPC90ZD4NCjx0ZD5Ob3ZvIGltcHVsc28sIGZhc2UgZGUgYXByZW5kaXphZ2VtLCBtZW3Ds3JpYSBkZSBsb25nbyBwcmF6bzwvdGQ+DQo8L3RyPg0KPHRyPg0KPHRkIGNsYXNzPSJyaHl0aG0tcmVkIj41LTYgwqBkYSB0YXJkZTwvdGQ+DQo8dGQ+U2VndW5kbyBwaWNvLCBob3JhIGlkZWFsIHBhcmEgbyB0cmFiYWxobyBtYW51YWw8L3RkPg0KPC90cj4NCjx0cj4NCjx0ZCBjbGFzcz0icmh5dGhtLWJsdWUiPjYgZGEgdGFyZGUgLSA5IMKgZGEgbm9pdGU8L3RkPg0KPHRkPlJlbGF4YW1lbnRvIGUgcmVwb3VzbywgZmF2b3JlY2UgbyBvbGZhdG8gZSBvIHBhbGFkYXI8L3RkPg0KPC90cj4NCjx0cj4NCjx0ZCBjbGFzcz0icmh5dGhtLWJsdWUiPjkgZGEgbm9pdGU8L3RkPg0KPHRkPkVzdMO0bWFnbyBlbSByZXBvdXNvIC0gZXZpdGUgY29tZXI8L3RkPg0KPC90cj4NCjx0cj4NCjx0ZCBjbGFzcz0icmh5dGhtLWJsdWUiPjExIGRhIG5vaXRlPC90ZD4NCjx0ZD5Ib3JhIGRlIGRvcm1pcjwvdGQ+DQo8L3RyPg0KPHRyPg0KPHRkIGNsYXNzPSJyaHl0aG0tYmx1ZSI+MTEgZGEgbm9pdGUgLSAxIGRhIG1hbmjDozwvdGQ+DQo8dGQ+UGljbyBkZSBjcmlhdGl2aWRhZGU8L3RkPg0KPC90cj4NCjwvdGJvZHk+DQo8L3RhYmxlPg==[\/vc_raw_html][vc_column_text] SOBRE CRONOBIOLOGIA Este site \u00e9 dedicado \u00e0 hist\u00f3ria, descobertas e avan\u00e7os da Cronobiologia. A cronobiologia \u00e9 um campo da biologia que estuda como os ciclos [&hellip;]\" \/>\n<meta property=\"og:url\" content=\"https:\/\/dev.chronobiology.com\/pt-br\/\" \/>\n<meta property=\"og:site_name\" content=\"Chronobiology.com\" \/>\n<meta property=\"article:publisher\" content=\"https:\/\/www.facebook.com\/chronobiology\" \/>\n<meta property=\"article:modified_time\" content=\"2023-05-31T18:01:17+00:00\" \/>\n<meta name=\"twitter:card\" content=\"summary_large_image\" \/>\n<meta name=\"twitter:site\" content=\"@chronobionews\" \/>\n<meta name=\"twitter:label1\" content=\"Est. tempo de leitura\" \/>\n\t<meta name=\"twitter:data1\" content=\"1 minuto\" \/>\n<script type=\"application\/ld+json\" class=\"yoast-schema-graph\">{\"@context\":\"https:\/\/schema.org\",\"@graph\":[{\"@type\":\"WebPage\",\"@id\":\"https:\/\/dev.chronobiology.com\/pt-br\/\",\"url\":\"https:\/\/dev.chronobiology.com\/pt-br\/\",\"name\":\"Cronobiologia - Hist\u00f3ria, descobertas e avan\u00e7os da Cronobiologia\",\"isPartOf\":{\"@id\":\"https:\/\/dev.chronobiology.com\/pt-br\/#website\"},\"datePublished\":\"2022-07-13T10:55:42+00:00\",\"dateModified\":\"2023-05-31T18:01:17+00:00\",\"breadcrumb\":{\"@id\":\"https:\/\/dev.chronobiology.com\/pt-br\/#breadcrumb\"},\"inLanguage\":\"pt-BR\",\"potentialAction\":[{\"@type\":\"ReadAction\",\"target\":[\"https:\/\/dev.chronobiology.com\/pt-br\/\"]}]},{\"@type\":\"BreadcrumbList\",\"@id\":\"https:\/\/dev.chronobiology.com\/pt-br\/#breadcrumb\",\"itemListElement\":[{\"@type\":\"ListItem\",\"position\":1,\"name\":\"Home\",\"item\":\"https:\/\/dev.chronobiology.com\/pt-br\/\"},{\"@type\":\"ListItem\",\"position\":2,\"name\":\"P\u00e1gina inicial\"}]},{\"@type\":\"WebSite\",\"@id\":\"https:\/\/dev.chronobiology.com\/pt-br\/#website\",\"url\":\"https:\/\/dev.chronobiology.com\/pt-br\/\",\"name\":\"Chronobiology.com\",\"description\":\"\",\"publisher\":{\"@id\":\"https:\/\/dev.chronobiology.com\/pt-br\/#organization\"},\"potentialAction\":[{\"@type\":\"SearchAction\",\"target\":{\"@type\":\"EntryPoint\",\"urlTemplate\":\"https:\/\/dev.chronobiology.com\/pt-br\/?s={search_term_string}\"},\"query-input\":{\"@type\":\"PropertyValueSpecification\",\"valueRequired\":true,\"valueName\":\"search_term_string\"}}],\"inLanguage\":\"pt-BR\"},{\"@type\":\"Organization\",\"@id\":\"https:\/\/dev.chronobiology.com\/pt-br\/#organization\",\"name\":\"Chronobiology\",\"url\":\"https:\/\/dev.chronobiology.com\/pt-br\/\",\"logo\":{\"@type\":\"ImageObject\",\"inLanguage\":\"pt-BR\",\"@id\":\"https:\/\/dev.chronobiology.com\/pt-br\/#\/schema\/logo\/image\/\",\"url\":\"https:\/\/www.chronobiology.com\/wp-content\/uploads\/2019\/01\/chronobiology_logo_en_r.png\",\"contentUrl\":\"https:\/\/www.chronobiology.com\/wp-content\/uploads\/2019\/01\/chronobiology_logo_en_r.png\",\"width\":375,\"height\":90,\"caption\":\"Chronobiology\"},\"image\":{\"@id\":\"https:\/\/dev.chronobiology.com\/pt-br\/#\/schema\/logo\/image\/\"},\"sameAs\":[\"https:\/\/www.facebook.com\/chronobiology\",\"https:\/\/x.com\/chronobionews\",\"https:\/\/www.instagram.com\/chronobiology\/\",\"https:\/\/www.pinterest.com\/chronobiology\/\"]}]}<\/script>\n<!-- \/ Yoast SEO Premium plugin. -->","yoast_head_json":{"title":"Cronobiologia - Hist\u00f3ria, descobertas e avan\u00e7os da Cronobiologia","robots":{"index":"index","follow":"follow","max-snippet":"max-snippet:-1","max-image-preview":"max-image-preview:large","max-video-preview":"max-video-preview:-1"},"canonical":"https:\/\/dev.chronobiology.com\/pt-br\/","og_locale":"pt_BR","og_type":"article","og_title":"P\u00e1gina inicial","og_description":"[vc_row full_width=&#8221;stretch_row&#8221; el_class=&#8221;home-top&#8221; css=&#8221;.vc_custom_1481849859307{background-image: url(https:\/\/www.chronobiology.com\/wp-content\/uploads\/2013\/04\/home_bg_2.jpg?id=11558) !important;background-position: center !important;background-repeat: no-repeat !important;background-size: cover !important;}&#8221;][vc_column][vc_column_text] CRONOBIOLOGIA Este site \u00e9 dedicado \u00e0 hist\u00f3ria, descobertas e avan\u00e7os da Cronobiologia. [\/vc_column_text][vc_column_text][\/vc_column_text][\/vc_column][\/vc_row][vc_row][vc_column width=&#8221;3\/4&#8243;][vc_column_text] RITMO DE VIDA [\/vc_column_text][vc_raw_html]PGRpdiBjbGFzcz0icmh5dGhtX29mX2xpZmUiPg0KPGRpdiBjbGFzcz0iY2xvY2tzIj4NCg0KPGNhbnZhcyBpZD0iY2FudmFzIiB3aWR0aD0iMjAwIiBoZWlnaHQ9IjIwMCI+WW91ciBicm93c2VyIGRvZXMgbm90IHN1cHBvcnQgdGhlIENBTlZBUyBlbGVtZW50IGFsYXMhPC9jYW52YXM+DQoNCiZuYnNwOw0KDQombmJzcDsNCg0KPC9kaXY+DQo8L2Rpdj4NCjx0YWJsZSBjbGFzcz0icmh5dGhtLW1vYiIgc3R5bGU9ImhlaWdodDogNjM0cHg7IiB3aWR0aD0iNDcwIj4NCjx0Ym9keT4NCjx0cj4NCjx0ZCBjbGFzcz0icmh5dGhtLWJsdWUiPjEgZGEgbWFuaMOjPC90ZD4NCjx0ZD5UZW1wbyBkZSBzb25obzwvdGQ+DQo8L3RyPg0KPHRyPg0KPHRkIGNsYXNzPSJyaHl0aG0tYmx1ZSI+MiDCoGRhIG1hbmjDozwvdGQ+DQo8dGQ+VG9kb3Mgb3Mgc2lzdGVtYXMgc2UgcmVnZW5lcmFtLCBjb20gZXhjZcOnw6NvIGRvIGbDrWdhZG8gZSBkYSBwZWxlPC90ZD4NCjwvdHI+DQo8dHI+DQo8dGQgY2xhc3M9InJoeXRobS1ibHVlIj4zIMKgZGEgbWFuaMOjPC90ZD4NCjx0ZD5GYXNlIGRvIHNvbm8gcHJvZnVuZG88L3RkPg0KPC90cj4NCjx0cj4NCjx0ZCBjbGFzcz0icmh5dGhtLWJsdWUiPjQgwqBkYSBtYW5ow6M8L3RkPg0KPHRkPlB1bG3DtWVzIG1haXMgYXRpdm9zPC90ZD4NCjwvdHI+DQo8dHI+DQo8dGQgY2xhc3M9InJoeXRobS1ibHVlIj41IMKgZGEgbWFuaMOjPC90ZD4NCjx0ZD5GdW7Dp8OjbyByZW5hbCBtw61uaW1hPC90ZD4NCjwvdHI+DQo8dHI+DQo8dGQgY2xhc3M9InJoeXRobS1yZWQiPjYgwqBkYSBtYW5ow6M8L3RkPg0KPHRkPk8gb3JnYW5pc21vIGFjb3JkYTwvdGQ+DQo8L3RyPg0KPHRyPg0KPHRkIGNsYXNzPSJyaHl0aG0tcmVkIj43LTnCoCBkYSBtYW5ow6M8L3RkPg0KPHRkPlBpY28gSG9ybW9uYWw8L3RkPg0KPC90cj4NCjx0cj4NCjx0ZCBjbGFzcz0icmh5dGhtLXJlZCI+OC05wqAgZGEgbWFuaMOjPC90ZD4NCjx0ZD4NCjx0YWJsZSBzdHlsZT0iaGVpZ2h0OiA2NHB4OyIgd2lkdGg9IjkxOCI+DQo8dGJvZHk+DQo8dHI+DQo8dGQgd2lkdGg9IjM5NCI+TWFpcyBhbHRvIGxpbWlhciBkZSBkb3I8L3RkPg0KPC90cj4NCjwvdGJvZHk+DQo8L3RhYmxlPg0KPC90ZD4NCjwvdHI+DQo8dHI+DQo8dGQgY2xhc3M9InJoeXRobS1yZWQiPjEwwqAgZGEgbWFuaMOjIOKAkyAxMi4wMCBNZWlvIGRpYTwvdGQ+DQo8dGQ+Rm9ybWEgcGVyZmVpdGEgZSBlc3RhZG8gZGUgcGxlbmEgdmlnw61saWEsIG3DoXhpbWEgZnVuw6fDo28gY2VyZWJyYWw8L3RkPg0KPC90cj4NCjx0cj4NCjx0ZCBjbGFzcz0icmh5dGhtLXJlZCI+MTIgTWVpbyBEaWE8L3RkPg0KPHRkPkhvcmEgZG8gYWxtb8OnbywgbcOheGltYSBlZmljw6FjaWEgZG8gdHJhdG8gZGlnZXN0aXZvPC90ZD4NCjwvdHI+DQo8dHI+DQo8dGQgY2xhc3M9InJoeXRobS1yZWQiPjEtMiBkYSB0YXJkZTwvdGQ+DQo8dGQ+Q2Fuc2HDp28gcMOzcy1wcmFuZGlhbCwgdGVtcG8gZGUgZGVzY2Fuc288L3RkPg0KPC90cj4NCjx0cj4NCjx0ZCBjbGFzcz0icmh5dGhtLXJlZCI+My00IGRhIHRhcmRlPC90ZD4NCjx0ZD5Ob3ZvIGltcHVsc28sIGZhc2UgZGUgYXByZW5kaXphZ2VtLCBtZW3Ds3JpYSBkZSBsb25nbyBwcmF6bzwvdGQ+DQo8L3RyPg0KPHRyPg0KPHRkIGNsYXNzPSJyaHl0aG0tcmVkIj41LTYgwqBkYSB0YXJkZTwvdGQ+DQo8dGQ+U2VndW5kbyBwaWNvLCBob3JhIGlkZWFsIHBhcmEgbyB0cmFiYWxobyBtYW51YWw8L3RkPg0KPC90cj4NCjx0cj4NCjx0ZCBjbGFzcz0icmh5dGhtLWJsdWUiPjYgZGEgdGFyZGUgLSA5IMKgZGEgbm9pdGU8L3RkPg0KPHRkPlJlbGF4YW1lbnRvIGUgcmVwb3VzbywgZmF2b3JlY2UgbyBvbGZhdG8gZSBvIHBhbGFkYXI8L3RkPg0KPC90cj4NCjx0cj4NCjx0ZCBjbGFzcz0icmh5dGhtLWJsdWUiPjkgZGEgbm9pdGU8L3RkPg0KPHRkPkVzdMO0bWFnbyBlbSByZXBvdXNvIC0gZXZpdGUgY29tZXI8L3RkPg0KPC90cj4NCjx0cj4NCjx0ZCBjbGFzcz0icmh5dGhtLWJsdWUiPjExIGRhIG5vaXRlPC90ZD4NCjx0ZD5Ib3JhIGRlIGRvcm1pcjwvdGQ+DQo8L3RyPg0KPHRyPg0KPHRkIGNsYXNzPSJyaHl0aG0tYmx1ZSI+MTEgZGEgbm9pdGUgLSAxIGRhIG1hbmjDozwvdGQ+DQo8dGQ+UGljbyBkZSBjcmlhdGl2aWRhZGU8L3RkPg0KPC90cj4NCjwvdGJvZHk+DQo8L3RhYmxlPg==[\/vc_raw_html][vc_column_text] SOBRE CRONOBIOLOGIA Este site \u00e9 dedicado \u00e0 hist\u00f3ria, descobertas e avan\u00e7os da Cronobiologia. A cronobiologia \u00e9 um campo da biologia que estuda como os ciclos [&hellip;]","og_url":"https:\/\/dev.chronobiology.com\/pt-br\/","og_site_name":"Chronobiology.com","article_publisher":"https:\/\/www.facebook.com\/chronobiology","article_modified_time":"2023-05-31T18:01:17+00:00","twitter_card":"summary_large_image","twitter_site":"@chronobionews","twitter_misc":{"Est. tempo de leitura":"1 minuto"},"schema":{"@context":"https:\/\/schema.org","@graph":[{"@type":"WebPage","@id":"https:\/\/dev.chronobiology.com\/pt-br\/","url":"https:\/\/dev.chronobiology.com\/pt-br\/","name":"Cronobiologia - Hist\u00f3ria, descobertas e avan\u00e7os da Cronobiologia","isPartOf":{"@id":"https:\/\/dev.chronobiology.com\/pt-br\/#website"},"datePublished":"2022-07-13T10:55:42+00:00","dateModified":"2023-05-31T18:01:17+00:00","breadcrumb":{"@id":"https:\/\/dev.chronobiology.com\/pt-br\/#breadcrumb"},"inLanguage":"pt-BR","potentialAction":[{"@type":"ReadAction","target":["https:\/\/dev.chronobiology.com\/pt-br\/"]}]},{"@type":"BreadcrumbList","@id":"https:\/\/dev.chronobiology.com\/pt-br\/#breadcrumb","itemListElement":[{"@type":"ListItem","position":1,"name":"Home","item":"https:\/\/dev.chronobiology.com\/pt-br\/"},{"@type":"ListItem","position":2,"name":"P\u00e1gina inicial"}]},{"@type":"WebSite","@id":"https:\/\/dev.chronobiology.com\/pt-br\/#website","url":"https:\/\/dev.chronobiology.com\/pt-br\/","name":"Chronobiology.com","description":"","publisher":{"@id":"https:\/\/dev.chronobiology.com\/pt-br\/#organization"},"potentialAction":[{"@type":"SearchAction","target":{"@type":"EntryPoint","urlTemplate":"https:\/\/dev.chronobiology.com\/pt-br\/?s={search_term_string}"},"query-input":{"@type":"PropertyValueSpecification","valueRequired":true,"valueName":"search_term_string"}}],"inLanguage":"pt-BR"},{"@type":"Organization","@id":"https:\/\/dev.chronobiology.com\/pt-br\/#organization","name":"Chronobiology","url":"https:\/\/dev.chronobiology.com\/pt-br\/","logo":{"@type":"ImageObject","inLanguage":"pt-BR","@id":"https:\/\/dev.chronobiology.com\/pt-br\/#\/schema\/logo\/image\/","url":"https:\/\/www.chronobiology.com\/wp-content\/uploads\/2019\/01\/chronobiology_logo_en_r.png","contentUrl":"https:\/\/www.chronobiology.com\/wp-content\/uploads\/2019\/01\/chronobiology_logo_en_r.png","width":375,"height":90,"caption":"Chronobiology"},"image":{"@id":"https:\/\/dev.chronobiology.com\/pt-br\/#\/schema\/logo\/image\/"},"sameAs":["https:\/\/www.facebook.com\/chronobiology","https:\/\/x.com\/chronobionews","https:\/\/www.instagram.com\/chronobiology\/","https:\/\/www.pinterest.com\/chronobiology\/"]}]}},"_links":{"self":[{"href":"https:\/\/dev.chronobiology.com\/pt-br\/wp-json\/wp\/v2\/pages\/39918"}],"collection":[{"href":"https:\/\/dev.chronobiology.com\/pt-br\/wp-json\/wp\/v2\/pages"}],"about":[{"href":"https:\/\/dev.chronobiology.com\/pt-br\/wp-json\/wp\/v2\/types\/page"}],"author":[{"embeddable":true,"href":"https:\/\/dev.chronobiology.com\/pt-br\/wp-json\/wp\/v2\/users\/11"}],"replies":[{"embeddable":true,"href":"https:\/\/dev.chronobiology.com\/pt-br\/wp-json\/wp\/v2\/comments?post=39918"}],"version-history":[{"count":12,"href":"https:\/\/dev.chronobiology.com\/pt-br\/wp-json\/wp\/v2\/pages\/39918\/revisions"}],"predecessor-version":[{"id":54289,"href":"https:\/\/dev.chronobiology.com\/pt-br\/wp-json\/wp\/v2\/pages\/39918\/revisions\/54289"}],"wp:attachment":[{"href":"https:\/\/dev.chronobiology.com\/pt-br\/wp-json\/wp\/v2\/media?parent=39918"}],"wp:term":[{"taxonomy":"category","embeddable":true,"href":"https:\/\/dev.chronobiology.com\/pt-br\/wp-json\/wp\/v2\/categories?post=39918"}],"curies":[{"name":"wp","href":"https:\/\/api.w.org\/{rel}","templated":true}]}}