{"id":39808,"date":"2022-07-08T06:42:46","date_gmt":"2022-07-08T13:42:46","guid":{"rendered":"https:\/\/www.chronobiology.com\/crononutricao\/os-hormonios-definem-nossos-padroes-alimentares-um-fato-chave\/"},"modified":"2022-07-08T06:42:48","modified_gmt":"2022-07-08T13:42:48","slug":"os-hormonios-definem-nossos-padroes-alimentares-um-fato-chave","status":"publish","type":"page","link":"https:\/\/dev.chronobiology.com\/pt-br\/crononutricao\/os-hormonios-definem-nossos-padroes-alimentares-um-fato-chave\/","title":{"rendered":"Os horm\u00f4nios definem nossos padr\u00f5es alimentares &#8211; um fato chave"},"content":{"rendered":"<div class=\"wpb-content-wrapper\"><p>[vc_row full_width=&#8221;stretch_row&#8221; el_class=&#8221;banner-top&#8221; css=&#8221;.vc_custom_1567494631404{background-image: url(https:\/\/www.chronobiology.com\/wp-content\/uploads\/2019\/09\/hormones-define-our-eating-patterns-a-key-fact.jpg?id=30313) !important;}&#8221;][vc_column][vc_custom_heading source=&#8221;post_title&#8221; font_container=&#8221;tag:h1|text_align:center&#8221; use_theme_fonts=&#8221;yes&#8221;][\/vc_column][\/vc_row][vc_row][vc_column][vc_column_text]Certos horm\u00f4nios s\u00e3o respons\u00e1veis por nos fazer sentir cheios ou famintos, e servem como neurotransmissores chave dentro de nosso corpo. Eles s\u00e3o liberados em diferentes momentos do dia ou da noite, em um ritmo determinado com anteced\u00eancia. No entanto, esta libera\u00e7\u00e3o \u00e9 afetada pelo hor\u00e1rio e composi\u00e7\u00e3o das refei\u00e7\u00f5es.<\/p>\n<p>Os horm\u00f4nios mais importantes para controlar nossos padr\u00f5es alimentares s\u00e3o o ghrelin, a leptina, o cortisol e a insulina.[\/vc_column_text][\/vc_column][\/vc_row][vc_row][vc_column][vc_tta_accordion color=&#8221;turquoise&#8221; c_icon=&#8221;chevron&#8221; c_position=&#8221;right&#8221; active_section=&#8221;99&#8243; no_fill=&#8221;true&#8221; collapsible_all=&#8221;true&#8221;][vc_tta_section title=&#8221;Ghrelin&#8221; tab_id=&#8221;1479159301199-fd863768-f6af5c92-91f2&#8243;][vc_row_inner css=&#8221;.vc_custom_1567494673656{background-image: url(https:\/\/www.chronobiology.com\/wp-content\/uploads\/2013\/04\/about_1.jpg?id=11471) !important;}&#8221;][vc_column_inner][vc_column_text]Com fome? Isto se deve ao horm\u00f4nio ghrelin, que lembra a cada cinco a seis horas durante o dia que voc\u00ea precisa ingerir algum alimento. Seu n\u00edvel cai em pouco tempo depois de comer, e ent\u00e3o come\u00e7a a enviar sinais novamente cinco a seis horas depois. Se voc\u00ea j\u00e1 comeu uma refei\u00e7\u00e3o muito rica em prote\u00ednas, os n\u00edveis de grelina caem mais rapidamente e levam mais tempo para voltar a subir. Isto significa que se voc\u00ea tiver um jantar rico em prote\u00ednas, n\u00e3o sentir\u00e1 fome novamente at\u00e9 o in\u00edcio da manh\u00e3, o que \u00e9 bom para manter sua figura a longo prazo. A recomenda\u00e7\u00e3o de incluir mais freq\u00fcentemente o peixe (uma fonte chave de prote\u00edna) em suas refei\u00e7\u00f5es noturnas n\u00e3o \u00e9, portanto, sem raz\u00e3o. 14 a 16 horas de jejum tamb\u00e9m podem ajudar a refor\u00e7ar ou restabelecer este hor\u00e1rio de libera\u00e7\u00e3o &#8211; um efeito que o jejum intermitente e o Chronodiet (crononutri\u00e7\u00e3o) tentam dar um bom uso.[\/vc_column_text][\/vc_column_inner][\/vc_row_inner][\/vc_tta_section][\/vc_tta_accordion][vc_tta_accordion color=&#8221;turquoise&#8221; c_icon=&#8221;chevron&#8221; c_position=&#8221;right&#8221; active_section=&#8221;99&#8243; no_fill=&#8221;true&#8221; collapsible_all=&#8221;true&#8221;][vc_tta_section title=&#8221;Leptin&#8221; tab_id=&#8221;1479160006396-6adcefe5-9e7b5c92-91f2&#8243;][vc_row_inner css=&#8221;.vc_custom_1567494683661{background-image: url(https:\/\/www.chronobiology.com\/wp-content\/uploads\/2013\/04\/about_2.jpg?id=11494) !important;background-position: center !important;background-repeat: no-repeat !important;background-size: cover !important;}&#8221;][vc_column_inner][vc_column_text]Quando estamos cheios, outro horm\u00f4nio entra em jogo: a leptina. Este inibidor de apetite atinge seus n\u00edveis mais altos entre a meia-noite e as primeiras horas da manh\u00e3 &#8211; outra raz\u00e3o pela qual n\u00e3o acordamos \u00e0 noite sentindo fome. Para o efeito pleno, sua \u00faltima refei\u00e7\u00e3o rica em prote\u00ednas deve ser preferencialmente seis a oito horas antes da meia-noite &#8211; outra regra que j\u00e1 mencionamos para o jejum intermitente e o Chronodiet (crononutri\u00e7\u00e3o).[\/vc_column_text][\/vc_column_inner][\/vc_row_inner][\/vc_tta_section][\/vc_tta_accordion][vc_tta_accordion color=&#8221;turquoise&#8221; c_icon=&#8221;chevron&#8221; c_position=&#8221;right&#8221; active_section=&#8221;99&#8243; no_fill=&#8221;true&#8221; collapsible_all=&#8221;true&#8221;][vc_tta_section title=&#8221;Cortisol&#8221; tab_id=&#8221;1479160183267-5834ce69-6e6c5c92-91f2&#8243;][vc_row_inner css=&#8221;.vc_custom_1479256903547{background-image: url(https:\/\/www.chronobiology.com\/wp-content\/uploads\/2013\/04\/about_3.jpg?id=11501) !important;}&#8221;][vc_column_inner][vc_column_text]Outro horm\u00f4nio importante \u00e9 o cortisol, que promove o metabolismo da gordura e regula nosso equil\u00edbrio de carboidratos. Os n\u00edveis de cortisol s\u00e3o mais altos de manh\u00e3 cedo e mais baixos \u00e0 noite e durante a noite. O Chronodiet (crononutri\u00e7\u00e3o) leva em conta este ritmo biol\u00f3gico: os carboidratos s\u00e3o permitidos pela manh\u00e3, pois a esta hora do dia o cortisol garante que nosso corpo seja capaz de process\u00e1-los adequadamente. A noite e a noite s\u00e3o um assunto diferente! Os carboidratos s\u00e3o perturbadores durante estas horas, pois causam picos de insulina que perturbam todos os nossos ritmos naturais.[\/vc_column_text][\/vc_column_inner][\/vc_row_inner][\/vc_tta_section][\/vc_tta_accordion][vc_tta_accordion color=&#8221;turquoise&#8221; c_icon=&#8221;chevron&#8221; c_position=&#8221;right&#8221; active_section=&#8221;99&#8243; no_fill=&#8221;true&#8221; collapsible_all=&#8221;true&#8221;][vc_tta_section title=&#8221; Insulina&#8221; tab_id=&#8221;1479160330186-398ffbdb-8ab45c92-91f2&#8243;][vc_row_inner css=&#8221;.vc_custom_1479256972183{background-image: url(https:\/\/www.chronobiology.com\/wp-content\/uploads\/2013\/04\/about_4.jpg?id=11503) !important;}&#8221;][vc_column_inner][vc_column_text]A insulina, o horm\u00f4nio que vem de nosso p\u00e2ncreas, \u00e9 liberada tr\u00eas vezes ao dia: de manh\u00e3 cedo, no meio do dia, e \u00e0 noite &#8211; em outras palavras, nas tr\u00eas principais refei\u00e7\u00f5es. A insulina assegura que o que comemos nessas horas do dia \u00e9 transportado para nossas c\u00e9lulas como energia e nutrientes. Se for produzida muita insulina (algo que \u00e9 regido pelo tipo de alimento que voc\u00ea come), o excedente &#8211; em outras palavras, a energia que n\u00e3o \u00e9 canalizada para as c\u00e9lulas &#8211; \u00e9 armazenada como dep\u00f3sitos de gordura.<\/p>\n<p>Recent findings have also shown that the morning insulin peak has a particularly positive effect on the lunchtime and evening releases. If this morning trigger is missing, for example if we skip breakfast, then the other meals will not be digested as well as they could be. The result: the energy contained in your food mostly becomes fat deposits.<\/p>\n<p>As well as this daily schedule of releases, insulin is also released in between: whenever we munch on a supposedly healthy granola bar, a piece of fruit, or a little piece of chocolate. The energy they contain is then immediately stored as fat deposits.<br \/>\n[\/vc_column_text][\/vc_column_inner][\/vc_row_inner][\/vc_tta_section][\/vc_tta_accordion][\/vc_column][\/vc_row]<\/p>\n<\/div>","protected":false},"excerpt":{"rendered":"<p>[vc_row full_width=&#8221;stretch_row&#8221; el_class=&#8221;banner-top&#8221; css=&#8221;.vc_custom_1567494631404{background-image: url(https:\/\/www.chronobiology.com\/wp-content\/uploads\/2019\/09\/hormones-define-our-eating-patterns-a-key-fact.jpg?id=30313) !important;}&#8221;][vc_column][vc_custom_heading source=&#8221;post_title&#8221; font_container=&#8221;tag:h1|text_align:center&#8221; use_theme_fonts=&#8221;yes&#8221;][\/vc_column][\/vc_row][vc_row][vc_column][vc_column_text]Certos horm\u00f4nios s\u00e3o respons\u00e1veis por nos fazer sentir cheios ou famintos, e servem como neurotransmissores chave dentro de nosso corpo. Eles s\u00e3o liberados em diferentes momentos do dia ou da noite, em um ritmo determinado com anteced\u00eancia. No entanto, esta libera\u00e7\u00e3o \u00e9 afetada pelo hor\u00e1rio e composi\u00e7\u00e3o [&hellip;]<\/p>\n","protected":false},"author":15,"featured_media":0,"parent":39790,"menu_order":0,"comment_status":"closed","ping_status":"closed","template":"","meta":{"_acf_changed":false,"_genesis_hide_title":false,"_genesis_hide_breadcrumbs":false,"_genesis_hide_singular_image":false,"_genesis_hide_footer_widgets":false,"_genesis_custom_body_class":"","_genesis_custom_post_class":"","_genesis_layout":"","footnotes":""},"categories":[],"class_list":{"0":"post-39808","1":"page","2":"type-page","3":"status-publish","5":"entry","6":"has-post-thumbnail"},"acf":[],"yoast_head":"<!-- This site is optimized with the Yoast SEO Premium plugin v23.4 (Yoast SEO v23.4) - https:\/\/yoast.com\/wordpress\/plugins\/seo\/ -->\n<title>Os horm\u00f4nios definem nossos padr\u00f5es alimentares - um fato chave &#8211; Chronobiology.com<\/title>\n<meta name=\"robots\" content=\"index, follow, max-snippet:-1, max-image-preview:large, max-video-preview:-1\" \/>\n<link rel=\"canonical\" href=\"https:\/\/dev.chronobiology.com\/pt-br\/crononutricao\/os-hormonios-definem-nossos-padroes-alimentares-um-fato-chave\/\" \/>\n<meta property=\"og:locale\" content=\"pt_BR\" \/>\n<meta property=\"og:type\" content=\"article\" \/>\n<meta property=\"og:title\" content=\"Os horm\u00f4nios definem nossos padr\u00f5es alimentares - um fato chave\" \/>\n<meta property=\"og:description\" content=\"[vc_row full_width=&#8221;stretch_row&#8221; el_class=&#8221;banner-top&#8221; css=&#8221;.vc_custom_1567494631404{background-image: url(https:\/\/www.chronobiology.com\/wp-content\/uploads\/2019\/09\/hormones-define-our-eating-patterns-a-key-fact.jpg?id=30313) !important;}&#8221;][vc_column][vc_custom_heading source=&#8221;post_title&#8221; font_container=&#8221;tag:h1|text_align:center&#8221; use_theme_fonts=&#8221;yes&#8221;][\/vc_column][\/vc_row][vc_row][vc_column][vc_column_text]Certos horm\u00f4nios s\u00e3o respons\u00e1veis por nos fazer sentir cheios ou famintos, e servem como neurotransmissores chave dentro de nosso corpo. Eles s\u00e3o liberados em diferentes momentos do dia ou da noite, em um ritmo determinado com anteced\u00eancia. No entanto, esta libera\u00e7\u00e3o \u00e9 afetada pelo hor\u00e1rio e composi\u00e7\u00e3o [&hellip;]\" \/>\n<meta property=\"og:url\" content=\"https:\/\/dev.chronobiology.com\/pt-br\/crononutricao\/os-hormonios-definem-nossos-padroes-alimentares-um-fato-chave\/\" \/>\n<meta property=\"og:site_name\" content=\"Chronobiology.com\" \/>\n<meta property=\"article:publisher\" content=\"https:\/\/www.facebook.com\/chronobiology\" \/>\n<meta property=\"article:modified_time\" content=\"2022-07-08T13:42:48+00:00\" \/>\n<meta name=\"twitter:card\" content=\"summary_large_image\" \/>\n<meta name=\"twitter:site\" content=\"@chronobionews\" \/>\n<meta name=\"twitter:label1\" content=\"Est. tempo de leitura\" \/>\n\t<meta name=\"twitter:data1\" content=\"5 minutos\" \/>\n<script type=\"application\/ld+json\" class=\"yoast-schema-graph\">{\"@context\":\"https:\/\/schema.org\",\"@graph\":[{\"@type\":\"WebPage\",\"@id\":\"https:\/\/dev.chronobiology.com\/pt-br\/crononutricao\/os-hormonios-definem-nossos-padroes-alimentares-um-fato-chave\/\",\"url\":\"https:\/\/dev.chronobiology.com\/pt-br\/crononutricao\/os-hormonios-definem-nossos-padroes-alimentares-um-fato-chave\/\",\"name\":\"Os horm\u00f4nios definem nossos padr\u00f5es alimentares - um fato chave &#8211; Chronobiology.com\",\"isPartOf\":{\"@id\":\"https:\/\/dev.chronobiology.com\/pt-br\/#website\"},\"datePublished\":\"2022-07-08T13:42:46+00:00\",\"dateModified\":\"2022-07-08T13:42:48+00:00\",\"breadcrumb\":{\"@id\":\"https:\/\/dev.chronobiology.com\/pt-br\/crononutricao\/os-hormonios-definem-nossos-padroes-alimentares-um-fato-chave\/#breadcrumb\"},\"inLanguage\":\"pt-BR\",\"potentialAction\":[{\"@type\":\"ReadAction\",\"target\":[\"https:\/\/dev.chronobiology.com\/pt-br\/crononutricao\/os-hormonios-definem-nossos-padroes-alimentares-um-fato-chave\/\"]}]},{\"@type\":\"BreadcrumbList\",\"@id\":\"https:\/\/dev.chronobiology.com\/pt-br\/crononutricao\/os-hormonios-definem-nossos-padroes-alimentares-um-fato-chave\/#breadcrumb\",\"itemListElement\":[{\"@type\":\"ListItem\",\"position\":1,\"name\":\"Home\",\"item\":\"https:\/\/dev.chronobiology.com\/pt-br\/\"},{\"@type\":\"ListItem\",\"position\":2,\"name\":\"Crononutri\u00e7\u00e3o\u2122\",\"item\":\"https:\/\/dev.chronobiology.com\/pt-br\/crononutricao\/\"},{\"@type\":\"ListItem\",\"position\":3,\"name\":\"Os horm\u00f4nios definem nossos padr\u00f5es alimentares &#8211; um fato chave\"}]},{\"@type\":\"WebSite\",\"@id\":\"https:\/\/dev.chronobiology.com\/pt-br\/#website\",\"url\":\"https:\/\/dev.chronobiology.com\/pt-br\/\",\"name\":\"Chronobiology.com\",\"description\":\"\",\"publisher\":{\"@id\":\"https:\/\/dev.chronobiology.com\/pt-br\/#organization\"},\"potentialAction\":[{\"@type\":\"SearchAction\",\"target\":{\"@type\":\"EntryPoint\",\"urlTemplate\":\"https:\/\/dev.chronobiology.com\/pt-br\/?s={search_term_string}\"},\"query-input\":{\"@type\":\"PropertyValueSpecification\",\"valueRequired\":true,\"valueName\":\"search_term_string\"}}],\"inLanguage\":\"pt-BR\"},{\"@type\":\"Organization\",\"@id\":\"https:\/\/dev.chronobiology.com\/pt-br\/#organization\",\"name\":\"Chronobiology\",\"url\":\"https:\/\/dev.chronobiology.com\/pt-br\/\",\"logo\":{\"@type\":\"ImageObject\",\"inLanguage\":\"pt-BR\",\"@id\":\"https:\/\/dev.chronobiology.com\/pt-br\/#\/schema\/logo\/image\/\",\"url\":\"https:\/\/www.chronobiology.com\/wp-content\/uploads\/2019\/01\/chronobiology_logo_en_r.png\",\"contentUrl\":\"https:\/\/www.chronobiology.com\/wp-content\/uploads\/2019\/01\/chronobiology_logo_en_r.png\",\"width\":375,\"height\":90,\"caption\":\"Chronobiology\"},\"image\":{\"@id\":\"https:\/\/dev.chronobiology.com\/pt-br\/#\/schema\/logo\/image\/\"},\"sameAs\":[\"https:\/\/www.facebook.com\/chronobiology\",\"https:\/\/x.com\/chronobionews\",\"https:\/\/www.instagram.com\/chronobiology\/\",\"https:\/\/www.pinterest.com\/chronobiology\/\"]}]}<\/script>\n<!-- \/ Yoast SEO Premium plugin. -->","yoast_head_json":{"title":"Os horm\u00f4nios definem nossos padr\u00f5es alimentares - um fato chave &#8211; Chronobiology.com","robots":{"index":"index","follow":"follow","max-snippet":"max-snippet:-1","max-image-preview":"max-image-preview:large","max-video-preview":"max-video-preview:-1"},"canonical":"https:\/\/dev.chronobiology.com\/pt-br\/crononutricao\/os-hormonios-definem-nossos-padroes-alimentares-um-fato-chave\/","og_locale":"pt_BR","og_type":"article","og_title":"Os horm\u00f4nios definem nossos padr\u00f5es alimentares - um fato chave","og_description":"[vc_row full_width=&#8221;stretch_row&#8221; el_class=&#8221;banner-top&#8221; css=&#8221;.vc_custom_1567494631404{background-image: url(https:\/\/www.chronobiology.com\/wp-content\/uploads\/2019\/09\/hormones-define-our-eating-patterns-a-key-fact.jpg?id=30313) !important;}&#8221;][vc_column][vc_custom_heading source=&#8221;post_title&#8221; font_container=&#8221;tag:h1|text_align:center&#8221; use_theme_fonts=&#8221;yes&#8221;][\/vc_column][\/vc_row][vc_row][vc_column][vc_column_text]Certos horm\u00f4nios s\u00e3o respons\u00e1veis por nos fazer sentir cheios ou famintos, e servem como neurotransmissores chave dentro de nosso corpo. Eles s\u00e3o liberados em diferentes momentos do dia ou da noite, em um ritmo determinado com anteced\u00eancia. No entanto, esta libera\u00e7\u00e3o \u00e9 afetada pelo hor\u00e1rio e composi\u00e7\u00e3o [&hellip;]","og_url":"https:\/\/dev.chronobiology.com\/pt-br\/crononutricao\/os-hormonios-definem-nossos-padroes-alimentares-um-fato-chave\/","og_site_name":"Chronobiology.com","article_publisher":"https:\/\/www.facebook.com\/chronobiology","article_modified_time":"2022-07-08T13:42:48+00:00","twitter_card":"summary_large_image","twitter_site":"@chronobionews","twitter_misc":{"Est. tempo de leitura":"5 minutos"},"schema":{"@context":"https:\/\/schema.org","@graph":[{"@type":"WebPage","@id":"https:\/\/dev.chronobiology.com\/pt-br\/crononutricao\/os-hormonios-definem-nossos-padroes-alimentares-um-fato-chave\/","url":"https:\/\/dev.chronobiology.com\/pt-br\/crononutricao\/os-hormonios-definem-nossos-padroes-alimentares-um-fato-chave\/","name":"Os horm\u00f4nios definem nossos padr\u00f5es alimentares - um fato chave &#8211; Chronobiology.com","isPartOf":{"@id":"https:\/\/dev.chronobiology.com\/pt-br\/#website"},"datePublished":"2022-07-08T13:42:46+00:00","dateModified":"2022-07-08T13:42:48+00:00","breadcrumb":{"@id":"https:\/\/dev.chronobiology.com\/pt-br\/crononutricao\/os-hormonios-definem-nossos-padroes-alimentares-um-fato-chave\/#breadcrumb"},"inLanguage":"pt-BR","potentialAction":[{"@type":"ReadAction","target":["https:\/\/dev.chronobiology.com\/pt-br\/crononutricao\/os-hormonios-definem-nossos-padroes-alimentares-um-fato-chave\/"]}]},{"@type":"BreadcrumbList","@id":"https:\/\/dev.chronobiology.com\/pt-br\/crononutricao\/os-hormonios-definem-nossos-padroes-alimentares-um-fato-chave\/#breadcrumb","itemListElement":[{"@type":"ListItem","position":1,"name":"Home","item":"https:\/\/dev.chronobiology.com\/pt-br\/"},{"@type":"ListItem","position":2,"name":"Crononutri\u00e7\u00e3o\u2122","item":"https:\/\/dev.chronobiology.com\/pt-br\/crononutricao\/"},{"@type":"ListItem","position":3,"name":"Os horm\u00f4nios definem nossos padr\u00f5es alimentares &#8211; um fato chave"}]},{"@type":"WebSite","@id":"https:\/\/dev.chronobiology.com\/pt-br\/#website","url":"https:\/\/dev.chronobiology.com\/pt-br\/","name":"Chronobiology.com","description":"","publisher":{"@id":"https:\/\/dev.chronobiology.com\/pt-br\/#organization"},"potentialAction":[{"@type":"SearchAction","target":{"@type":"EntryPoint","urlTemplate":"https:\/\/dev.chronobiology.com\/pt-br\/?s={search_term_string}"},"query-input":{"@type":"PropertyValueSpecification","valueRequired":true,"valueName":"search_term_string"}}],"inLanguage":"pt-BR"},{"@type":"Organization","@id":"https:\/\/dev.chronobiology.com\/pt-br\/#organization","name":"Chronobiology","url":"https:\/\/dev.chronobiology.com\/pt-br\/","logo":{"@type":"ImageObject","inLanguage":"pt-BR","@id":"https:\/\/dev.chronobiology.com\/pt-br\/#\/schema\/logo\/image\/","url":"https:\/\/www.chronobiology.com\/wp-content\/uploads\/2019\/01\/chronobiology_logo_en_r.png","contentUrl":"https:\/\/www.chronobiology.com\/wp-content\/uploads\/2019\/01\/chronobiology_logo_en_r.png","width":375,"height":90,"caption":"Chronobiology"},"image":{"@id":"https:\/\/dev.chronobiology.com\/pt-br\/#\/schema\/logo\/image\/"},"sameAs":["https:\/\/www.facebook.com\/chronobiology","https:\/\/x.com\/chronobionews","https:\/\/www.instagram.com\/chronobiology\/","https:\/\/www.pinterest.com\/chronobiology\/"]}]}},"_links":{"self":[{"href":"https:\/\/dev.chronobiology.com\/pt-br\/wp-json\/wp\/v2\/pages\/39808"}],"collection":[{"href":"https:\/\/dev.chronobiology.com\/pt-br\/wp-json\/wp\/v2\/pages"}],"about":[{"href":"https:\/\/dev.chronobiology.com\/pt-br\/wp-json\/wp\/v2\/types\/page"}],"author":[{"embeddable":true,"href":"https:\/\/dev.chronobiology.com\/pt-br\/wp-json\/wp\/v2\/users\/15"}],"replies":[{"embeddable":true,"href":"https:\/\/dev.chronobiology.com\/pt-br\/wp-json\/wp\/v2\/comments?post=39808"}],"version-history":[{"count":2,"href":"https:\/\/dev.chronobiology.com\/pt-br\/wp-json\/wp\/v2\/pages\/39808\/revisions"}],"predecessor-version":[{"id":39810,"href":"https:\/\/dev.chronobiology.com\/pt-br\/wp-json\/wp\/v2\/pages\/39808\/revisions\/39810"}],"up":[{"embeddable":true,"href":"https:\/\/dev.chronobiology.com\/pt-br\/wp-json\/wp\/v2\/pages\/39790"}],"wp:attachment":[{"href":"https:\/\/dev.chronobiology.com\/pt-br\/wp-json\/wp\/v2\/media?parent=39808"}],"wp:term":[{"taxonomy":"category","embeddable":true,"href":"https:\/\/dev.chronobiology.com\/pt-br\/wp-json\/wp\/v2\/categories?post=39808"}],"curies":[{"name":"wp","href":"https:\/\/api.w.org\/{rel}","templated":true}]}}