{"id":39802,"date":"2022-07-08T06:36:01","date_gmt":"2022-07-08T13:36:01","guid":{"rendered":"https:\/\/www.chronobiology.com\/crononutricao\/enchimento-de-proteina\/"},"modified":"2022-07-08T06:36:03","modified_gmt":"2022-07-08T13:36:03","slug":"enchimento-de-proteina","status":"publish","type":"page","link":"https:\/\/dev.chronobiology.com\/pt-br\/crononutricao\/enchimento-de-proteina\/","title":{"rendered":"Enchimento de prote\u00edna"},"content":{"rendered":"<div class=\"wpb-content-wrapper\"><p>[vc_row full_width=&#8221;stretch_row&#8221; el_class=&#8221;banner-top&#8221; css=&#8221;.vc_custom_1567494117077{background-image: url(https:\/\/www.chronobiology.com\/wp-content\/uploads\/2019\/09\/filling-protein.jpg?id=30284) !important;}&#8221;][vc_column][vc_custom_heading source=&#8221;post_title&#8221; font_container=&#8221;tag:h1|text_align:center&#8221; use_theme_fonts=&#8221;yes&#8221;][\/vc_column][\/vc_row][vc_row][vc_column][vc_column_text]A prote\u00edna \u00e9 muito importante em cronobiologia, pois as prote\u00ednas s\u00e3o importantes blocos de constru\u00e7\u00e3o para os horm\u00f4nios, m\u00fasculos e enzimas. Elas tamb\u00e9m mant\u00eam os n\u00edveis de insulina relativamente baixos ap\u00f3s as refei\u00e7\u00f5es e nos fazem sentir cheios rapidamente, como voc\u00ea j\u00e1 deve saber &#8211; duas boas raz\u00f5es para ter uma refei\u00e7\u00e3o rica em prote\u00ednas \u00e0 noite. 30% de sua dieta di\u00e1ria deveria idealmente vir de alimentos ricos em prote\u00ednas, como carne, peixe, ovos e latic\u00ednios.<\/p>\n<p>Tente evitar ter prote\u00edna animal pela manh\u00e3 e, em vez disso, acrescente-a ao seu almo\u00e7o. Voc\u00ea pode comer o ovo ocasionalmente no caf\u00e9 da manh\u00e3 (por exemplo, uma ou duas vezes por semana), mas refei\u00e7\u00f5es ricas em prote\u00edna s\u00e3o melhores \u00e0 noite: garantimos que voc\u00ea logo deixar\u00e1 de sentir falta de carboidratos com seu jantar. As prote\u00ednas tamb\u00e9m ajudam a mant\u00ea-lo cheio por muitas horas e o deixam dormindo melhor, com a fome voltando apenas pela manh\u00e3.[\/vc_column_text][\/vc_column][\/vc_row]<\/p>\n<\/div>","protected":false},"excerpt":{"rendered":"<p>[vc_row full_width=&#8221;stretch_row&#8221; el_class=&#8221;banner-top&#8221; css=&#8221;.vc_custom_1567494117077{background-image: url(https:\/\/www.chronobiology.com\/wp-content\/uploads\/2019\/09\/filling-protein.jpg?id=30284) !important;}&#8221;][vc_column][vc_custom_heading source=&#8221;post_title&#8221; font_container=&#8221;tag:h1|text_align:center&#8221; use_theme_fonts=&#8221;yes&#8221;][\/vc_column][\/vc_row][vc_row][vc_column][vc_column_text]A prote\u00edna \u00e9 muito importante em cronobiologia, pois as prote\u00ednas s\u00e3o importantes blocos de constru\u00e7\u00e3o para os horm\u00f4nios, m\u00fasculos e enzimas. Elas tamb\u00e9m mant\u00eam os n\u00edveis de insulina relativamente baixos ap\u00f3s as refei\u00e7\u00f5es e nos fazem sentir cheios rapidamente, como voc\u00ea j\u00e1 deve saber &#8211; duas boas [&hellip;]<\/p>\n","protected":false},"author":15,"featured_media":0,"parent":39790,"menu_order":0,"comment_status":"closed","ping_status":"closed","template":"","meta":{"_acf_changed":false,"_genesis_hide_title":false,"_genesis_hide_breadcrumbs":false,"_genesis_hide_singular_image":false,"_genesis_hide_footer_widgets":false,"_genesis_custom_body_class":"","_genesis_custom_post_class":"","_genesis_layout":"","footnotes":""},"categories":[],"class_list":{"0":"post-39802","1":"page","2":"type-page","3":"status-publish","5":"entry","6":"has-post-thumbnail"},"acf":[],"yoast_head":"<!-- This site is optimized with the Yoast SEO Premium plugin v23.4 (Yoast SEO v23.4) - https:\/\/yoast.com\/wordpress\/plugins\/seo\/ -->\n<title>Enchimento de prote\u00edna &#8211; Chronobiology.com<\/title>\n<meta name=\"robots\" content=\"index, follow, max-snippet:-1, max-image-preview:large, max-video-preview:-1\" \/>\n<link rel=\"canonical\" href=\"https:\/\/dev.chronobiology.com\/pt-br\/crononutricao\/enchimento-de-proteina\/\" \/>\n<meta property=\"og:locale\" content=\"pt_BR\" \/>\n<meta property=\"og:type\" content=\"article\" \/>\n<meta property=\"og:title\" content=\"Enchimento de prote\u00edna\" \/>\n<meta property=\"og:description\" content=\"[vc_row full_width=&#8221;stretch_row&#8221; el_class=&#8221;banner-top&#8221; css=&#8221;.vc_custom_1567494117077{background-image: url(https:\/\/www.chronobiology.com\/wp-content\/uploads\/2019\/09\/filling-protein.jpg?id=30284) !important;}&#8221;][vc_column][vc_custom_heading source=&#8221;post_title&#8221; font_container=&#8221;tag:h1|text_align:center&#8221; use_theme_fonts=&#8221;yes&#8221;][\/vc_column][\/vc_row][vc_row][vc_column][vc_column_text]A prote\u00edna \u00e9 muito importante em cronobiologia, pois as prote\u00ednas s\u00e3o importantes blocos de constru\u00e7\u00e3o para os horm\u00f4nios, m\u00fasculos e enzimas. Elas tamb\u00e9m mant\u00eam os n\u00edveis de insulina relativamente baixos ap\u00f3s as refei\u00e7\u00f5es e nos fazem sentir cheios rapidamente, como voc\u00ea j\u00e1 deve saber &#8211; duas boas [&hellip;]\" \/>\n<meta property=\"og:url\" content=\"https:\/\/dev.chronobiology.com\/pt-br\/crononutricao\/enchimento-de-proteina\/\" \/>\n<meta property=\"og:site_name\" content=\"Chronobiology.com\" \/>\n<meta property=\"article:publisher\" content=\"https:\/\/www.facebook.com\/chronobiology\" \/>\n<meta property=\"article:modified_time\" content=\"2022-07-08T13:36:03+00:00\" \/>\n<meta name=\"twitter:card\" content=\"summary_large_image\" \/>\n<meta name=\"twitter:site\" content=\"@chronobionews\" \/>\n<meta name=\"twitter:label1\" content=\"Est. tempo de leitura\" \/>\n\t<meta name=\"twitter:data1\" content=\"1 minuto\" \/>\n<script type=\"application\/ld+json\" class=\"yoast-schema-graph\">{\"@context\":\"https:\/\/schema.org\",\"@graph\":[{\"@type\":\"WebPage\",\"@id\":\"https:\/\/dev.chronobiology.com\/pt-br\/crononutricao\/enchimento-de-proteina\/\",\"url\":\"https:\/\/dev.chronobiology.com\/pt-br\/crononutricao\/enchimento-de-proteina\/\",\"name\":\"Enchimento de prote\u00edna &#8211; Chronobiology.com\",\"isPartOf\":{\"@id\":\"https:\/\/dev.chronobiology.com\/pt-br\/#website\"},\"datePublished\":\"2022-07-08T13:36:01+00:00\",\"dateModified\":\"2022-07-08T13:36:03+00:00\",\"breadcrumb\":{\"@id\":\"https:\/\/dev.chronobiology.com\/pt-br\/crononutricao\/enchimento-de-proteina\/#breadcrumb\"},\"inLanguage\":\"pt-BR\",\"potentialAction\":[{\"@type\":\"ReadAction\",\"target\":[\"https:\/\/dev.chronobiology.com\/pt-br\/crononutricao\/enchimento-de-proteina\/\"]}]},{\"@type\":\"BreadcrumbList\",\"@id\":\"https:\/\/dev.chronobiology.com\/pt-br\/crononutricao\/enchimento-de-proteina\/#breadcrumb\",\"itemListElement\":[{\"@type\":\"ListItem\",\"position\":1,\"name\":\"Home\",\"item\":\"https:\/\/dev.chronobiology.com\/pt-br\/\"},{\"@type\":\"ListItem\",\"position\":2,\"name\":\"Crononutri\u00e7\u00e3o\u2122\",\"item\":\"https:\/\/dev.chronobiology.com\/pt-br\/crononutricao\/\"},{\"@type\":\"ListItem\",\"position\":3,\"name\":\"Enchimento de prote\u00edna\"}]},{\"@type\":\"WebSite\",\"@id\":\"https:\/\/dev.chronobiology.com\/pt-br\/#website\",\"url\":\"https:\/\/dev.chronobiology.com\/pt-br\/\",\"name\":\"Chronobiology.com\",\"description\":\"\",\"publisher\":{\"@id\":\"https:\/\/dev.chronobiology.com\/pt-br\/#organization\"},\"potentialAction\":[{\"@type\":\"SearchAction\",\"target\":{\"@type\":\"EntryPoint\",\"urlTemplate\":\"https:\/\/dev.chronobiology.com\/pt-br\/?s={search_term_string}\"},\"query-input\":{\"@type\":\"PropertyValueSpecification\",\"valueRequired\":true,\"valueName\":\"search_term_string\"}}],\"inLanguage\":\"pt-BR\"},{\"@type\":\"Organization\",\"@id\":\"https:\/\/dev.chronobiology.com\/pt-br\/#organization\",\"name\":\"Chronobiology\",\"url\":\"https:\/\/dev.chronobiology.com\/pt-br\/\",\"logo\":{\"@type\":\"ImageObject\",\"inLanguage\":\"pt-BR\",\"@id\":\"https:\/\/dev.chronobiology.com\/pt-br\/#\/schema\/logo\/image\/\",\"url\":\"https:\/\/www.chronobiology.com\/wp-content\/uploads\/2019\/01\/chronobiology_logo_en_r.png\",\"contentUrl\":\"https:\/\/www.chronobiology.com\/wp-content\/uploads\/2019\/01\/chronobiology_logo_en_r.png\",\"width\":375,\"height\":90,\"caption\":\"Chronobiology\"},\"image\":{\"@id\":\"https:\/\/dev.chronobiology.com\/pt-br\/#\/schema\/logo\/image\/\"},\"sameAs\":[\"https:\/\/www.facebook.com\/chronobiology\",\"https:\/\/x.com\/chronobionews\",\"https:\/\/www.instagram.com\/chronobiology\/\",\"https:\/\/www.pinterest.com\/chronobiology\/\"]}]}<\/script>\n<!-- \/ Yoast SEO Premium plugin. -->","yoast_head_json":{"title":"Enchimento de prote\u00edna &#8211; Chronobiology.com","robots":{"index":"index","follow":"follow","max-snippet":"max-snippet:-1","max-image-preview":"max-image-preview:large","max-video-preview":"max-video-preview:-1"},"canonical":"https:\/\/dev.chronobiology.com\/pt-br\/crononutricao\/enchimento-de-proteina\/","og_locale":"pt_BR","og_type":"article","og_title":"Enchimento de prote\u00edna","og_description":"[vc_row full_width=&#8221;stretch_row&#8221; el_class=&#8221;banner-top&#8221; css=&#8221;.vc_custom_1567494117077{background-image: url(https:\/\/www.chronobiology.com\/wp-content\/uploads\/2019\/09\/filling-protein.jpg?id=30284) !important;}&#8221;][vc_column][vc_custom_heading source=&#8221;post_title&#8221; font_container=&#8221;tag:h1|text_align:center&#8221; use_theme_fonts=&#8221;yes&#8221;][\/vc_column][\/vc_row][vc_row][vc_column][vc_column_text]A prote\u00edna \u00e9 muito importante em cronobiologia, pois as prote\u00ednas s\u00e3o importantes blocos de constru\u00e7\u00e3o para os horm\u00f4nios, m\u00fasculos e enzimas. Elas tamb\u00e9m mant\u00eam os n\u00edveis de insulina relativamente baixos ap\u00f3s as refei\u00e7\u00f5es e nos fazem sentir cheios rapidamente, como voc\u00ea j\u00e1 deve saber &#8211; duas boas [&hellip;]","og_url":"https:\/\/dev.chronobiology.com\/pt-br\/crononutricao\/enchimento-de-proteina\/","og_site_name":"Chronobiology.com","article_publisher":"https:\/\/www.facebook.com\/chronobiology","article_modified_time":"2022-07-08T13:36:03+00:00","twitter_card":"summary_large_image","twitter_site":"@chronobionews","twitter_misc":{"Est. tempo de leitura":"1 minuto"},"schema":{"@context":"https:\/\/schema.org","@graph":[{"@type":"WebPage","@id":"https:\/\/dev.chronobiology.com\/pt-br\/crononutricao\/enchimento-de-proteina\/","url":"https:\/\/dev.chronobiology.com\/pt-br\/crononutricao\/enchimento-de-proteina\/","name":"Enchimento de prote\u00edna &#8211; Chronobiology.com","isPartOf":{"@id":"https:\/\/dev.chronobiology.com\/pt-br\/#website"},"datePublished":"2022-07-08T13:36:01+00:00","dateModified":"2022-07-08T13:36:03+00:00","breadcrumb":{"@id":"https:\/\/dev.chronobiology.com\/pt-br\/crononutricao\/enchimento-de-proteina\/#breadcrumb"},"inLanguage":"pt-BR","potentialAction":[{"@type":"ReadAction","target":["https:\/\/dev.chronobiology.com\/pt-br\/crononutricao\/enchimento-de-proteina\/"]}]},{"@type":"BreadcrumbList","@id":"https:\/\/dev.chronobiology.com\/pt-br\/crononutricao\/enchimento-de-proteina\/#breadcrumb","itemListElement":[{"@type":"ListItem","position":1,"name":"Home","item":"https:\/\/dev.chronobiology.com\/pt-br\/"},{"@type":"ListItem","position":2,"name":"Crononutri\u00e7\u00e3o\u2122","item":"https:\/\/dev.chronobiology.com\/pt-br\/crononutricao\/"},{"@type":"ListItem","position":3,"name":"Enchimento de prote\u00edna"}]},{"@type":"WebSite","@id":"https:\/\/dev.chronobiology.com\/pt-br\/#website","url":"https:\/\/dev.chronobiology.com\/pt-br\/","name":"Chronobiology.com","description":"","publisher":{"@id":"https:\/\/dev.chronobiology.com\/pt-br\/#organization"},"potentialAction":[{"@type":"SearchAction","target":{"@type":"EntryPoint","urlTemplate":"https:\/\/dev.chronobiology.com\/pt-br\/?s={search_term_string}"},"query-input":{"@type":"PropertyValueSpecification","valueRequired":true,"valueName":"search_term_string"}}],"inLanguage":"pt-BR"},{"@type":"Organization","@id":"https:\/\/dev.chronobiology.com\/pt-br\/#organization","name":"Chronobiology","url":"https:\/\/dev.chronobiology.com\/pt-br\/","logo":{"@type":"ImageObject","inLanguage":"pt-BR","@id":"https:\/\/dev.chronobiology.com\/pt-br\/#\/schema\/logo\/image\/","url":"https:\/\/www.chronobiology.com\/wp-content\/uploads\/2019\/01\/chronobiology_logo_en_r.png","contentUrl":"https:\/\/www.chronobiology.com\/wp-content\/uploads\/2019\/01\/chronobiology_logo_en_r.png","width":375,"height":90,"caption":"Chronobiology"},"image":{"@id":"https:\/\/dev.chronobiology.com\/pt-br\/#\/schema\/logo\/image\/"},"sameAs":["https:\/\/www.facebook.com\/chronobiology","https:\/\/x.com\/chronobionews","https:\/\/www.instagram.com\/chronobiology\/","https:\/\/www.pinterest.com\/chronobiology\/"]}]}},"_links":{"self":[{"href":"https:\/\/dev.chronobiology.com\/pt-br\/wp-json\/wp\/v2\/pages\/39802"}],"collection":[{"href":"https:\/\/dev.chronobiology.com\/pt-br\/wp-json\/wp\/v2\/pages"}],"about":[{"href":"https:\/\/dev.chronobiology.com\/pt-br\/wp-json\/wp\/v2\/types\/page"}],"author":[{"embeddable":true,"href":"https:\/\/dev.chronobiology.com\/pt-br\/wp-json\/wp\/v2\/users\/15"}],"replies":[{"embeddable":true,"href":"https:\/\/dev.chronobiology.com\/pt-br\/wp-json\/wp\/v2\/comments?post=39802"}],"version-history":[{"count":2,"href":"https:\/\/dev.chronobiology.com\/pt-br\/wp-json\/wp\/v2\/pages\/39802\/revisions"}],"predecessor-version":[{"id":39804,"href":"https:\/\/dev.chronobiology.com\/pt-br\/wp-json\/wp\/v2\/pages\/39802\/revisions\/39804"}],"up":[{"embeddable":true,"href":"https:\/\/dev.chronobiology.com\/pt-br\/wp-json\/wp\/v2\/pages\/39790"}],"wp:attachment":[{"href":"https:\/\/dev.chronobiology.com\/pt-br\/wp-json\/wp\/v2\/media?parent=39802"}],"wp:term":[{"taxonomy":"category","embeddable":true,"href":"https:\/\/dev.chronobiology.com\/pt-br\/wp-json\/wp\/v2\/categories?post=39802"}],"curies":[{"name":"wp","href":"https:\/\/api.w.org\/{rel}","templated":true}]}}