{"id":39761,"date":"2022-07-07T06:07:14","date_gmt":"2022-07-07T13:07:14","guid":{"rendered":"https:\/\/www.chronobiology.com\/cronofarmacologia\/"},"modified":"2023-05-18T05:58:12","modified_gmt":"2023-05-18T12:58:12","slug":"cronofarmacologia","status":"publish","type":"page","link":"https:\/\/dev.chronobiology.com\/pt-br\/cronofarmacologia\/","title":{"rendered":"Cronofarmacologia"},"content":{"rendered":"<div class=\"wpb-content-wrapper\"><p>[vc_row full_width=&#8221;stretch_row&#8221; css=&#8221;.vc_custom_1481873941643{background-image: url(https:\/\/www.chronobiology.com\/wp-content\/uploads\/2015\/01\/chronopharmakologie-2.jpg?id=9256) !important;background-position: center !important;background-repeat: no-repeat !important;background-size: cover !important;}&#8221; el_class=&#8221;banner-top&#8221;][vc_column][vc_custom_heading source=&#8221;post_title&#8221; font_container=&#8221;tag:h1|text_align:center&#8221; use_theme_fonts=&#8221;yes&#8221;][\/vc_column][\/vc_row][vc_row][vc_column][vc_column_text]<\/p>\n<h1>Cronopharmacology: A Formula\u00e7\u00e3o Correta na Hora Certa<\/h1>\n<p>A rapidez ou efic\u00e1cia com que uma subst\u00e2ncia biol\u00f3gica \u00e9 absorvida e produz um efeito ap\u00f3s ser tomada depende em grande parte da atividade do trato digestivo. Para que uma subst\u00e2ncia produza um efeito em um \u00f3rg\u00e3o-alvo em um determinado momento, ela precisa alcan\u00e7ar o f\u00edgado a tempo. No entanto, esta passagem pelo trato digestivo nem sempre ocorre no mesmo ritmo. Por exemplo, o suprimento de sangue para o est\u00f4mago e intestinos \u00e9 rico pela manh\u00e3, mas relativamente baixo na hora do almo\u00e7o. Este aspecto \u00e9 levado em considera\u00e7\u00e3o nas formula\u00e7\u00f5es cronobiol\u00f3gicas, que s\u00e3o dadas pela manh\u00e3, na hora de dormir ou s\u00e3o fornecidas com uma esp\u00e9cie de bloqueio de tempo. Este novo entendimento m\u00e9dico pode ajudar a evitar fazer a coisa certa na hora errada. Qual subst\u00e2ncia tem seu efeito m\u00e1ximo pela manh\u00e3? Qual subst\u00e2ncia \u00e9 melhor absorvida na hora de dormir?<\/p>\n<p>Quais subst\u00e2ncias s\u00e3o compat\u00edveis umas com as outras? Quais delas devem ser tomadas em conjunto para serem de todo eficazes? Quais subst\u00e2ncias biol\u00f3gicas podem bloquear o efeito de outras? A cronoterapia suporta o corpo exatamente no momento em que um efeito m\u00e1ximo pode ser alcan\u00e7ado. \u00c9 assim que aumentamos a efic\u00e1cia. \u00c9 assim que reduzimos os efeitos colaterais indesej\u00e1veis. Para muitas subst\u00e2ncias, a cronobiologia j\u00e1 conhece o momento mais eficaz. H\u00e1 uma s\u00e9rie de formula\u00e7\u00f5es modernas que s\u00e3o verdadeiramente inteligentes. Elas cont\u00eam micro-biossubst\u00e2ncias espec\u00edficas para o dia inteiro e talvez sejam tomadas apenas uma vez por dia. Um bloqueio de tempo ou as diferentes taxas de a\u00e7\u00e3o das subst\u00e2ncias individuais asseguram que os efeitos relevantes s\u00e3o desencadeados um a um, de acordo com um ritmo circadiano, e duram bem durante a noite.<\/p>\n<h1>Benef\u00edcios para a sa\u00fade<\/h1>\n<p>[\/vc_column_text][vc_row_inner el_class=&#8221;benefits_box&#8221;][vc_column_inner width=&#8221;1\/4&#8243;][just_icon icon_type=&#8221;custom&#8221; icon_img=&#8221;id^11575|url^https:\/\/www.chronobiology.com\/wp-content\/uploads\/2014\/05\/dermatology_ic.png|caption^null|alt^null|title^dermatology_ic|description^null&#8221; img_width=&#8221;120&#8243; icon_link=&#8221;url:https%3A%2F%2Fwww.chronobiology.com%2Fhealth-benefits-of-chronopharmacology%2Fdermatology%2F|||&#8221;][vc_custom_heading text=&#8221;Dermatologia&#8221; font_container=&#8221;tag:h4|text_align:center&#8221; use_theme_fonts=&#8221;yes&#8221; link=&#8221;url:https%3A%2F%2Fwww.chronobiology.com%2Fpt-br%2Fcronofarmacologia%2Fdermatologia%2F|&#8221;][ult_createlink title=&#8221;Read More&#8221; btn_link=&#8221;url:https%3A%2F%2Fwww.chronobiology.com%2Fhealth-benefits-of-chronopharmacology%2Fdermatology%2F|||&#8221; text_color=&#8221;#085cbc&#8221; text_hovercolor=&#8221;#085cbc&#8221;][\/vc_column_inner][vc_column_inner width=&#8221;1\/4&#8243;][just_icon icon_type=&#8221;custom&#8221; icon_img=&#8221;id^11588|url^https:\/\/www.chronobiology.com\/wp-content\/uploads\/2014\/05\/cardio_ic.png|caption^null|alt^null|title^cardio_ic|description^null&#8221; img_width=&#8221;94&#8243; icon_link=&#8221;url:https%3A%2F%2Fwww.chronobiology.com%2Fhealth-benefits-of-chronopharmacology%2Fcardiovascular-system%2F|||&#8221;][vc_custom_heading text=&#8221;Sistema Cardiovascular&#8221; font_container=&#8221;tag:h4|text_align:center&#8221; use_theme_fonts=&#8221;yes&#8221; link=&#8221;url:https%3A%2F%2Fwww.chronobiology.com%2Fpt-br%2Fcronofarmacologia%2Fsistema-cardiovascular%2F|&#8221;][ult_createlink title=&#8221;Read More&#8221; btn_link=&#8221;url:https%3A%2F%2Fwww.chronobiology.com%2Fhealth-benefits-of-chronopharmacology%2Fcardiovascular-system%2F|||&#8221; text_color=&#8221;#085cbc&#8221; text_hovercolor=&#8221;#085cbc&#8221;][\/vc_column_inner][vc_column_inner width=&#8221;1\/4&#8243;][just_icon icon_type=&#8221;custom&#8221; icon_img=&#8221;id^11589|url^https:\/\/www.chronobiology.com\/wp-content\/uploads\/2014\/05\/muscul_ic.png|caption^null|alt^null|title^muscul_ic|description^null&#8221; img_width=&#8221;62&#8243; icon_link=&#8221;url:https%3A%2F%2Fwww.chronobiology.com%2Fhealth-benefits-of-chronopharmacology%2Fmusculoskeletal-system%2F|||&#8221;][vc_custom_heading text=&#8221;Sistema m\u00fasculo-esquel\u00e9tico&#8221; font_container=&#8221;tag:h4|text_align:center&#8221; use_theme_fonts=&#8221;yes&#8221; link=&#8221;url:https%3A%2F%2Fwww.chronobiology.com%2Fpt-br%2Fcronofarmacologia%2Fsistema-musculo-esqueletico%2F|&#8221;][ult_createlink title=&#8221;Read More&#8221; btn_link=&#8221;url:https%3A%2F%2Fwww.chronobiology.com%2Fhealth-benefits-of-chronopharmacology%2Fmusculoskeletal-system%2F|||&#8221; text_color=&#8221;#085cbc&#8221; text_hovercolor=&#8221;#085cbc&#8221;][\/vc_column_inner][vc_column_inner width=&#8221;1\/4&#8243;][just_icon icon_type=&#8221;custom&#8221; icon_img=&#8221;id^11590|url^https:\/\/www.chronobiology.com\/wp-content\/uploads\/2014\/05\/cell_icon.png|caption^null|alt^null|title^cell_icon|description^null&#8221; img_width=&#8221;89&#8243; icon_link=&#8221;url:https%3A%2F%2Fwww.chronobiology.com%2Fhealth-benefits-of-chronopharmacology%2Fhealthy-cell-protection%2F|||&#8221;][vc_custom_heading text=&#8221;Prote\u00e7\u00e3o de c\u00e9lulas saud\u00e1veis&#8221; font_container=&#8221;tag:h4|text_align:center&#8221; use_theme_fonts=&#8221;yes&#8221; link=&#8221;url:https%3A%2F%2Fwww.chronobiology.com%2Fpt-br%2Fcronofarmacologia%2Fprotecao-de-celulas-saudaveis%2F|&#8221;][ult_createlink title=&#8221;Read More&#8221; btn_link=&#8221;url:https%3A%2F%2Fwww.chronobiology.com%2Fhealth-benefits-of-chronopharmacology%2Fhealthy-cell-protection%2F|||&#8221; text_color=&#8221;#085cbc&#8221; text_hovercolor=&#8221;#085cbc&#8221;][\/vc_column_inner][\/vc_row_inner][vc_row_inner el_class=&#8221;benefits_box&#8221;][vc_column_inner width=&#8221;1\/4&#8243;][just_icon icon_type=&#8221;custom&#8221; icon_img=&#8221;id^11595|url^https:\/\/www.chronobiology.com\/wp-content\/uploads\/2014\/05\/metabolism_ic.png|caption^null|alt^null|title^metabolism_ic|description^null&#8221; img_width=&#8221;90&#8243; icon_link=&#8221;url:https%3A%2F%2Fwww.chronobiology.com%2Fhealth-benefits-of-chronopharmacology%2Fmetabolism%2F|||&#8221;][vc_custom_heading text=&#8221;Metabolismo&#8221; font_container=&#8221;tag:h4|text_align:center&#8221; use_theme_fonts=&#8221;yes&#8221; link=&#8221;url:https%3A%2F%2Fwww.chronobiology.com%2Fpt-br%2Fcronofarmacologia%2Fmetabolismo%2F|&#8221;][ult_createlink title=&#8221;Read More&#8221; btn_link=&#8221;url:https%3A%2F%2Fwww.chronobiology.com%2Fhealth-benefits-of-chronopharmacology%2Fmetabolism%2F|||&#8221; text_color=&#8221;#085cbc&#8221; text_hovercolor=&#8221;#085cbc&#8221;][\/vc_column_inner][vc_column_inner width=&#8221;1\/4&#8243;][just_icon icon_type=&#8221;custom&#8221; icon_img=&#8221;id^11597|url^https:\/\/www.chronobiology.com\/wp-content\/uploads\/2014\/05\/men_ic.png|caption^null|alt^null|title^men_ic|description^null&#8221; img_width=&#8221;76&#8243; icon_link=&#8221;url:https%3A%2F%2Fwww.chronobiology.com%2Fhealth-benefits-of-chronopharmacology%2Fmens-health%2F|||&#8221;][vc_custom_heading text=&#8221;Sa\u00fade do homem&#8221; font_container=&#8221;tag:h4|text_align:center&#8221; use_theme_fonts=&#8221;yes&#8221; link=&#8221;url:https%3A%2F%2Fwww.chronobiology.com%2Fpt-br%2Fcronofarmacologia%2Fsaude-do-homem%2F|&#8221;][ult_createlink title=&#8221;Read More&#8221; btn_link=&#8221;url:https%3A%2F%2Fwww.chronobiology.com%2Fhealth-benefits-of-chronopharmacology%2Fmens-health%2F|||&#8221; text_color=&#8221;#085cbc&#8221; text_hovercolor=&#8221;#085cbc&#8221;][\/vc_column_inner][vc_column_inner width=&#8221;1\/4&#8243;][just_icon icon_type=&#8221;custom&#8221; icon_img=&#8221;id^11598|url^https:\/\/www.chronobiology.com\/wp-content\/uploads\/2014\/05\/woman_ic.png|caption^null|alt^null|title^woman_ic|description^null&#8221; img_width=&#8221;90&#8243; icon_link=&#8221;url:https%3A%2F%2Fwww.chronobiology.com%2Fhealth-benefits-of-chronopharmacology%2Fwomens-health%2F|||&#8221;][vc_custom_heading text=&#8221;Sa\u00fade da mulher&#8221; font_container=&#8221;tag:h4|text_align:center&#8221; use_theme_fonts=&#8221;yes&#8221; link=&#8221;url:https%3A%2F%2Fwww.chronobiology.com%2Fpt-br%2Fcronofarmacologia%2Fsaude-da-mulher%2F|&#8221;][ult_createlink title=&#8221;Read More&#8221; btn_link=&#8221;url:https%3A%2F%2Fwww.chronobiology.com%2Fhealth-benefits-of-chronopharmacology%2Fwomens-health%2F|||&#8221; text_color=&#8221;#085cbc&#8221; text_hovercolor=&#8221;#085cbc&#8221;][\/vc_column_inner][vc_column_inner width=&#8221;1\/4&#8243;][just_icon icon_type=&#8221;custom&#8221; icon_img=&#8221;id^11596|url^https:\/\/www.chronobiology.com\/wp-content\/uploads\/2014\/05\/brain_ic.png|caption^null|alt^null|title^brain_ic|description^null&#8221; img_width=&#8221;76&#8243; icon_link=&#8221;url:https%3A%2F%2Fwww.chronobiology.com%2Fhealth-benefits-of-chronopharmacology%2Fmental-health%2F|||&#8221;][vc_custom_heading text=&#8221;Sa\u00fade mental&#8221; font_container=&#8221;tag:h4|text_align:center&#8221; use_theme_fonts=&#8221;yes&#8221; link=&#8221;url:https%3A%2F%2Fwww.chronobiology.com%2Fpt-br%2Fcronofarmacologia%2Fsaude-mental%2F|&#8221;][ult_createlink title=&#8221;Read More&#8221; btn_link=&#8221;url:https%3A%2F%2Fwww.chronobiology.com%2Fhealth-benefits-of-chronopharmacology%2Fmental-health%2F|||&#8221; text_color=&#8221;#085cbc&#8221; text_hovercolor=&#8221;#085cbc&#8221;][\/vc_column_inner][\/vc_row_inner][\/vc_column][\/vc_row]<\/p>\n<\/div>","protected":false},"excerpt":{"rendered":"<p>[vc_row full_width=&#8221;stretch_row&#8221; css=&#8221;.vc_custom_1481873941643{background-image: url(https:\/\/www.chronobiology.com\/wp-content\/uploads\/2015\/01\/chronopharmakologie-2.jpg?id=9256) !important;background-position: center !important;background-repeat: no-repeat !important;background-size: cover !important;}&#8221; el_class=&#8221;banner-top&#8221;][vc_column][vc_custom_heading source=&#8221;post_title&#8221; font_container=&#8221;tag:h1|text_align:center&#8221; use_theme_fonts=&#8221;yes&#8221;][\/vc_column][\/vc_row][vc_row][vc_column][vc_column_text] Cronopharmacology: A Formula\u00e7\u00e3o Correta na Hora Certa A rapidez ou efic\u00e1cia com que uma subst\u00e2ncia biol\u00f3gica \u00e9 absorvida e produz um efeito ap\u00f3s ser tomada depende em grande parte da atividade do trato digestivo. Para que uma subst\u00e2ncia produza um [&hellip;]<\/p>\n","protected":false},"author":11,"featured_media":41109,"parent":0,"menu_order":0,"comment_status":"open","ping_status":"closed","template":"","meta":{"_acf_changed":false,"_genesis_hide_title":false,"_genesis_hide_breadcrumbs":false,"_genesis_hide_singular_image":false,"_genesis_hide_footer_widgets":false,"_genesis_custom_body_class":"","_genesis_custom_post_class":"","_genesis_layout":"full-width-content","footnotes":""},"categories":[185,180,181,182,183,187,194,190,184,177,191,178,196,179,186,189,197,192,195],"class_list":{"0":"post-39761","1":"page","2":"type-page","3":"status-publish","4":"has-post-thumbnail","6":"category-cabelos-e-unhas","7":"category-celulite","8":"category-cronoregime","9":"category-cronotipo","10":"category-energia","11":"category-flora-intestinal","12":"category-melatonina","13":"category-metabolismo-pt-br","14":"category-olhos","15":"category-ossos-e-articulacoes","16":"category-pele","17":"category-pesquisa-sobre-o-cancer","18":"category-saude-da-mulher","19":"category-saude-das-celulas","20":"category-saude-do-coracao","21":"category-saude-do-homem","22":"category-saude-mental","23":"category-sono","24":"category-trabalho-em-turnos","25":"entry"},"acf":[],"yoast_head":"<!-- This site is optimized with the Yoast SEO Premium plugin v23.4 (Yoast SEO v23.4) - https:\/\/yoast.com\/wordpress\/plugins\/seo\/ -->\n<title>Cronofarmacologia &#8211; Chronobiology.com<\/title>\n<meta name=\"robots\" content=\"index, follow, max-snippet:-1, max-image-preview:large, max-video-preview:-1\" \/>\n<link rel=\"canonical\" href=\"https:\/\/dev.chronobiology.com\/pt-br\/cronofarmacologia\/\" \/>\n<meta property=\"og:locale\" content=\"pt_BR\" \/>\n<meta property=\"og:type\" content=\"article\" \/>\n<meta property=\"og:title\" content=\"Cronofarmacologia\" \/>\n<meta property=\"og:description\" content=\"[vc_row full_width=&#8221;stretch_row&#8221; css=&#8221;.vc_custom_1481873941643{background-image: url(https:\/\/www.chronobiology.com\/wp-content\/uploads\/2015\/01\/chronopharmakologie-2.jpg?id=9256) !important;background-position: center !important;background-repeat: no-repeat !important;background-size: cover !important;}&#8221; el_class=&#8221;banner-top&#8221;][vc_column][vc_custom_heading source=&#8221;post_title&#8221; font_container=&#8221;tag:h1|text_align:center&#8221; use_theme_fonts=&#8221;yes&#8221;][\/vc_column][\/vc_row][vc_row][vc_column][vc_column_text] Cronopharmacology: A Formula\u00e7\u00e3o Correta na Hora Certa A rapidez ou efic\u00e1cia com que uma subst\u00e2ncia biol\u00f3gica \u00e9 absorvida e produz um efeito ap\u00f3s ser tomada depende em grande parte da atividade do trato digestivo. Para que uma subst\u00e2ncia produza um [&hellip;]\" \/>\n<meta property=\"og:url\" content=\"https:\/\/dev.chronobiology.com\/pt-br\/cronofarmacologia\/\" \/>\n<meta property=\"og:site_name\" content=\"Chronobiology.com\" \/>\n<meta property=\"article:publisher\" content=\"https:\/\/www.facebook.com\/chronobiology\" \/>\n<meta property=\"article:modified_time\" content=\"2023-05-18T12:58:12+00:00\" \/>\n<meta property=\"og:image\" content=\"https:\/\/dev.chronobiology.com\/wp-content\/uploads\/2015\/01\/chronopharmakologie-2.jpg\" \/>\n\t<meta property=\"og:image:width\" content=\"1800\" \/>\n\t<meta property=\"og:image:height\" content=\"449\" \/>\n\t<meta property=\"og:image:type\" content=\"image\/jpeg\" \/>\n<meta name=\"twitter:card\" content=\"summary_large_image\" \/>\n<meta name=\"twitter:site\" content=\"@chronobionews\" \/>\n<meta name=\"twitter:label1\" content=\"Est. tempo de leitura\" \/>\n\t<meta name=\"twitter:data1\" content=\"6 minutos\" \/>\n<script type=\"application\/ld+json\" class=\"yoast-schema-graph\">{\"@context\":\"https:\/\/schema.org\",\"@graph\":[{\"@type\":\"WebPage\",\"@id\":\"https:\/\/dev.chronobiology.com\/pt-br\/cronofarmacologia\/\",\"url\":\"https:\/\/dev.chronobiology.com\/pt-br\/cronofarmacologia\/\",\"name\":\"Cronofarmacologia &#8211; Chronobiology.com\",\"isPartOf\":{\"@id\":\"https:\/\/dev.chronobiology.com\/pt-br\/#website\"},\"primaryImageOfPage\":{\"@id\":\"https:\/\/dev.chronobiology.com\/pt-br\/cronofarmacologia\/#primaryimage\"},\"image\":{\"@id\":\"https:\/\/dev.chronobiology.com\/pt-br\/cronofarmacologia\/#primaryimage\"},\"thumbnailUrl\":\"https:\/\/dev.chronobiology.com\/wp-content\/uploads\/2015\/01\/chronopharmakologie-2.jpg\",\"datePublished\":\"2022-07-07T13:07:14+00:00\",\"dateModified\":\"2023-05-18T12:58:12+00:00\",\"breadcrumb\":{\"@id\":\"https:\/\/dev.chronobiology.com\/pt-br\/cronofarmacologia\/#breadcrumb\"},\"inLanguage\":\"pt-BR\",\"potentialAction\":[{\"@type\":\"ReadAction\",\"target\":[\"https:\/\/dev.chronobiology.com\/pt-br\/cronofarmacologia\/\"]}]},{\"@type\":\"ImageObject\",\"inLanguage\":\"pt-BR\",\"@id\":\"https:\/\/dev.chronobiology.com\/pt-br\/cronofarmacologia\/#primaryimage\",\"url\":\"https:\/\/dev.chronobiology.com\/wp-content\/uploads\/2015\/01\/chronopharmakologie-2.jpg\",\"contentUrl\":\"https:\/\/dev.chronobiology.com\/wp-content\/uploads\/2015\/01\/chronopharmakologie-2.jpg\",\"width\":1800,\"height\":449},{\"@type\":\"BreadcrumbList\",\"@id\":\"https:\/\/dev.chronobiology.com\/pt-br\/cronofarmacologia\/#breadcrumb\",\"itemListElement\":[{\"@type\":\"ListItem\",\"position\":1,\"name\":\"Home\",\"item\":\"https:\/\/dev.chronobiology.com\/pt-br\/\"},{\"@type\":\"ListItem\",\"position\":2,\"name\":\"Cronofarmacologia\"}]},{\"@type\":\"WebSite\",\"@id\":\"https:\/\/dev.chronobiology.com\/pt-br\/#website\",\"url\":\"https:\/\/dev.chronobiology.com\/pt-br\/\",\"name\":\"Chronobiology.com\",\"description\":\"\",\"publisher\":{\"@id\":\"https:\/\/dev.chronobiology.com\/pt-br\/#organization\"},\"potentialAction\":[{\"@type\":\"SearchAction\",\"target\":{\"@type\":\"EntryPoint\",\"urlTemplate\":\"https:\/\/dev.chronobiology.com\/pt-br\/?s={search_term_string}\"},\"query-input\":{\"@type\":\"PropertyValueSpecification\",\"valueRequired\":true,\"valueName\":\"search_term_string\"}}],\"inLanguage\":\"pt-BR\"},{\"@type\":\"Organization\",\"@id\":\"https:\/\/dev.chronobiology.com\/pt-br\/#organization\",\"name\":\"Chronobiology\",\"url\":\"https:\/\/dev.chronobiology.com\/pt-br\/\",\"logo\":{\"@type\":\"ImageObject\",\"inLanguage\":\"pt-BR\",\"@id\":\"https:\/\/dev.chronobiology.com\/pt-br\/#\/schema\/logo\/image\/\",\"url\":\"https:\/\/www.chronobiology.com\/wp-content\/uploads\/2019\/01\/chronobiology_logo_en_r.png\",\"contentUrl\":\"https:\/\/www.chronobiology.com\/wp-content\/uploads\/2019\/01\/chronobiology_logo_en_r.png\",\"width\":375,\"height\":90,\"caption\":\"Chronobiology\"},\"image\":{\"@id\":\"https:\/\/dev.chronobiology.com\/pt-br\/#\/schema\/logo\/image\/\"},\"sameAs\":[\"https:\/\/www.facebook.com\/chronobiology\",\"https:\/\/x.com\/chronobionews\",\"https:\/\/www.instagram.com\/chronobiology\/\",\"https:\/\/www.pinterest.com\/chronobiology\/\"]}]}<\/script>\n<!-- \/ Yoast SEO Premium plugin. -->","yoast_head_json":{"title":"Cronofarmacologia &#8211; Chronobiology.com","robots":{"index":"index","follow":"follow","max-snippet":"max-snippet:-1","max-image-preview":"max-image-preview:large","max-video-preview":"max-video-preview:-1"},"canonical":"https:\/\/dev.chronobiology.com\/pt-br\/cronofarmacologia\/","og_locale":"pt_BR","og_type":"article","og_title":"Cronofarmacologia","og_description":"[vc_row full_width=&#8221;stretch_row&#8221; css=&#8221;.vc_custom_1481873941643{background-image: url(https:\/\/www.chronobiology.com\/wp-content\/uploads\/2015\/01\/chronopharmakologie-2.jpg?id=9256) !important;background-position: center !important;background-repeat: no-repeat !important;background-size: cover !important;}&#8221; el_class=&#8221;banner-top&#8221;][vc_column][vc_custom_heading source=&#8221;post_title&#8221; font_container=&#8221;tag:h1|text_align:center&#8221; use_theme_fonts=&#8221;yes&#8221;][\/vc_column][\/vc_row][vc_row][vc_column][vc_column_text] Cronopharmacology: A Formula\u00e7\u00e3o Correta na Hora Certa A rapidez ou efic\u00e1cia com que uma subst\u00e2ncia biol\u00f3gica \u00e9 absorvida e produz um efeito ap\u00f3s ser tomada depende em grande parte da atividade do trato digestivo. Para que uma subst\u00e2ncia produza um [&hellip;]","og_url":"https:\/\/dev.chronobiology.com\/pt-br\/cronofarmacologia\/","og_site_name":"Chronobiology.com","article_publisher":"https:\/\/www.facebook.com\/chronobiology","article_modified_time":"2023-05-18T12:58:12+00:00","og_image":[{"width":1800,"height":449,"url":"https:\/\/dev.chronobiology.com\/wp-content\/uploads\/2015\/01\/chronopharmakologie-2.jpg","type":"image\/jpeg"}],"twitter_card":"summary_large_image","twitter_site":"@chronobionews","twitter_misc":{"Est. tempo de leitura":"6 minutos"},"schema":{"@context":"https:\/\/schema.org","@graph":[{"@type":"WebPage","@id":"https:\/\/dev.chronobiology.com\/pt-br\/cronofarmacologia\/","url":"https:\/\/dev.chronobiology.com\/pt-br\/cronofarmacologia\/","name":"Cronofarmacologia &#8211; Chronobiology.com","isPartOf":{"@id":"https:\/\/dev.chronobiology.com\/pt-br\/#website"},"primaryImageOfPage":{"@id":"https:\/\/dev.chronobiology.com\/pt-br\/cronofarmacologia\/#primaryimage"},"image":{"@id":"https:\/\/dev.chronobiology.com\/pt-br\/cronofarmacologia\/#primaryimage"},"thumbnailUrl":"https:\/\/dev.chronobiology.com\/wp-content\/uploads\/2015\/01\/chronopharmakologie-2.jpg","datePublished":"2022-07-07T13:07:14+00:00","dateModified":"2023-05-18T12:58:12+00:00","breadcrumb":{"@id":"https:\/\/dev.chronobiology.com\/pt-br\/cronofarmacologia\/#breadcrumb"},"inLanguage":"pt-BR","potentialAction":[{"@type":"ReadAction","target":["https:\/\/dev.chronobiology.com\/pt-br\/cronofarmacologia\/"]}]},{"@type":"ImageObject","inLanguage":"pt-BR","@id":"https:\/\/dev.chronobiology.com\/pt-br\/cronofarmacologia\/#primaryimage","url":"https:\/\/dev.chronobiology.com\/wp-content\/uploads\/2015\/01\/chronopharmakologie-2.jpg","contentUrl":"https:\/\/dev.chronobiology.com\/wp-content\/uploads\/2015\/01\/chronopharmakologie-2.jpg","width":1800,"height":449},{"@type":"BreadcrumbList","@id":"https:\/\/dev.chronobiology.com\/pt-br\/cronofarmacologia\/#breadcrumb","itemListElement":[{"@type":"ListItem","position":1,"name":"Home","item":"https:\/\/dev.chronobiology.com\/pt-br\/"},{"@type":"ListItem","position":2,"name":"Cronofarmacologia"}]},{"@type":"WebSite","@id":"https:\/\/dev.chronobiology.com\/pt-br\/#website","url":"https:\/\/dev.chronobiology.com\/pt-br\/","name":"Chronobiology.com","description":"","publisher":{"@id":"https:\/\/dev.chronobiology.com\/pt-br\/#organization"},"potentialAction":[{"@type":"SearchAction","target":{"@type":"EntryPoint","urlTemplate":"https:\/\/dev.chronobiology.com\/pt-br\/?s={search_term_string}"},"query-input":{"@type":"PropertyValueSpecification","valueRequired":true,"valueName":"search_term_string"}}],"inLanguage":"pt-BR"},{"@type":"Organization","@id":"https:\/\/dev.chronobiology.com\/pt-br\/#organization","name":"Chronobiology","url":"https:\/\/dev.chronobiology.com\/pt-br\/","logo":{"@type":"ImageObject","inLanguage":"pt-BR","@id":"https:\/\/dev.chronobiology.com\/pt-br\/#\/schema\/logo\/image\/","url":"https:\/\/www.chronobiology.com\/wp-content\/uploads\/2019\/01\/chronobiology_logo_en_r.png","contentUrl":"https:\/\/www.chronobiology.com\/wp-content\/uploads\/2019\/01\/chronobiology_logo_en_r.png","width":375,"height":90,"caption":"Chronobiology"},"image":{"@id":"https:\/\/dev.chronobiology.com\/pt-br\/#\/schema\/logo\/image\/"},"sameAs":["https:\/\/www.facebook.com\/chronobiology","https:\/\/x.com\/chronobionews","https:\/\/www.instagram.com\/chronobiology\/","https:\/\/www.pinterest.com\/chronobiology\/"]}]}},"_links":{"self":[{"href":"https:\/\/dev.chronobiology.com\/pt-br\/wp-json\/wp\/v2\/pages\/39761"}],"collection":[{"href":"https:\/\/dev.chronobiology.com\/pt-br\/wp-json\/wp\/v2\/pages"}],"about":[{"href":"https:\/\/dev.chronobiology.com\/pt-br\/wp-json\/wp\/v2\/types\/page"}],"author":[{"embeddable":true,"href":"https:\/\/dev.chronobiology.com\/pt-br\/wp-json\/wp\/v2\/users\/11"}],"replies":[{"embeddable":true,"href":"https:\/\/dev.chronobiology.com\/pt-br\/wp-json\/wp\/v2\/comments?post=39761"}],"version-history":[{"count":5,"href":"https:\/\/dev.chronobiology.com\/pt-br\/wp-json\/wp\/v2\/pages\/39761\/revisions"}],"predecessor-version":[{"id":54240,"href":"https:\/\/dev.chronobiology.com\/pt-br\/wp-json\/wp\/v2\/pages\/39761\/revisions\/54240"}],"wp:featuredmedia":[{"embeddable":true,"href":"https:\/\/dev.chronobiology.com\/pt-br\/wp-json\/wp\/v2\/media\/41109"}],"wp:attachment":[{"href":"https:\/\/dev.chronobiology.com\/pt-br\/wp-json\/wp\/v2\/media?parent=39761"}],"wp:term":[{"taxonomy":"category","embeddable":true,"href":"https:\/\/dev.chronobiology.com\/pt-br\/wp-json\/wp\/v2\/categories?post=39761"}],"curies":[{"name":"wp","href":"https:\/\/api.w.org\/{rel}","templated":true}]}}