{"id":39715,"date":"2022-07-06T05:49:24","date_gmt":"2022-07-06T12:49:24","guid":{"rendered":"https:\/\/www.chronobiology.com\/dosagem-e-possiveis-efeitos-colaterais\/"},"modified":"2022-07-20T00:44:01","modified_gmt":"2022-07-20T07:44:01","slug":"dosagem-e-possiveis-efeitos-colaterais","status":"publish","type":"page","link":"https:\/\/dev.chronobiology.com\/pt-br\/melatonin-chronobiology\/dosagem-e-possiveis-efeitos-colaterais\/","title":{"rendered":"Dosagem e poss\u00edveis efeitos colaterais"},"content":{"rendered":"<div class=\"wpb-content-wrapper\"><p>[vc_row full_width=&#8221;stretch_row&#8221; el_class=&#8221;banner-top&#8221; css=&#8221;.vc_custom_1479394022290{background-image: url(https:\/\/www.chronobiology.com\/wp-content\/uploads\/2016\/11\/melatonin_dosage_banner.jpg?id=11718) !important;}&#8221;][vc_column][vc_custom_heading source=&#8221;post_title&#8221; font_container=&#8221;tag:h1|text_align:center&#8221; use_theme_fonts=&#8221;yes&#8221;][\/vc_column][\/vc_row][vc_row el_class=&#8221;melatoninfacts2&#8243;][vc_column width=&#8221;3\/4&#8243;][vc_column_text]<\/p>\n<h2 style=\"text-align: center;\">Dosagem e poss\u00edveis efeitos colaterais<\/h2>\n<p>Atualmente n\u00e3o existe um protocolo \u00fanico perfeitamente condividido sobre a dosagem de melatonina a ser administrada em casos individuais. V\u00e1rios estudos cl\u00ednicos assumiram, como dose base, uma quantidade vari\u00e1vel de 0,5 mg ou menos at\u00e9 25 mg ou mais; isto torna dif\u00edcil a compara\u00e7\u00e3o dos resultados. Al\u00e9m disso, diferentes formula\u00e7\u00f5es foram testadas: algumas vezes foi empregada\u00a0 melatonina de libera\u00e7\u00e3o r\u00e1pida, outras vezes esta combinada com melatonina a libera\u00e7\u00e3o controlada conforme os fundamentos de cronobiologia, portanto no que respeita este aspecto n\u00e3o podemos fazer compara\u00e7\u00f5es confi\u00e1veis. Entretanto, resumindo todos os dados coletados at\u00e9 o momento, podemos considerar as seguintes dosagens como sendo as ideais.<\/p>\n<p>Para a chamada cronoterapia, destinada a repor o rel\u00f3gio biol\u00f3gico, \u00e9 suficiente uma formula\u00e7\u00e3o de libera\u00e7\u00e3o r\u00e1pida de dosagens que v\u00e3o de 0,5 mg a 1 mg. Uma administra\u00e7\u00e3o com libera\u00e7\u00e3o controlada de at\u00e9 3 mg provou ser igualmente eficaz, particularmente para o tratamento de dist\u00farbios causados por trabalho por turno ou jetlag. A hora ideal de administra\u00e7\u00e3o deve estar de acordo com o novo fuso hor\u00e1rio, no caso de jetlag, e com a fase de descanso, no caso de trabalho por turnos.<\/p>\n<p>Se for considerada necess\u00e1ria a terapia de reposi\u00e7\u00e3o cl\u00e1ssica, especialmente no caso de idosos, \u00e9 prefer\u00edvel usar o produto na formula\u00e7\u00e3o de libera\u00e7\u00e3o controlada, ao inv\u00e9s da formula\u00e7\u00e3o de libera\u00e7\u00e3o r\u00e1pida. O importante \u00e9 garantir que melatonina suficiente seja liberada no corpo por cerca de seis ou sete horas consecutivas durante a noite. Isto pode ser alcan\u00e7ado com uma dosagem de 3 mg, que pode ser facilmente aumentada para 6 mg se necess\u00e1rio. O tempo mais favor\u00e1vel para a administra\u00e7\u00e3o \u00e9 cerca de 30 minutos antes da hora de dormir, mas sempre antes da meia-noite para n\u00e3o perturbar o ritmo.<\/p>\n<p>Terapias de apoio, como no caso de um derrame ou ataque card\u00edaco, certamente exigir\u00e3o uma dosagem mais alta. Estudos iniciais utilizavam melatonina de libera\u00e7\u00e3o r\u00e1pida em dosagens de at\u00e9 50 mg como medida de primeiros socorros. A administra\u00e7\u00e3o deve ocorrer prontamente assim que a natureza da doen\u00e7a for reconhecida, ou seja, independentemente da hora do dia. Mesmo as terapias de apoio \u00e0s terapias do c\u00e2ncer envolvem uma dosagem mais alta. Atualmente, ainda h\u00e1 debate sobre a administra\u00e7\u00e3o de melatonina somente no hor\u00e1rio noturno, mas esta fica ainda a solu\u00e7\u00e3o mais popular. No caso da radioterapia, uma dosagem de 15 mg parece ser suficiente, desde que seja administrada pouco antes da radia\u00e7\u00e3o.<\/p>\n<p>Outras aplica\u00e7\u00f5es, tais como para epilepsia, neuroprote\u00e7\u00e3o e\/ou restabelecimento do ritmo registram maior benef\u00edcio com uma dosagem noturna de 3-6 mg na formula\u00e7\u00e3o de libera\u00e7\u00e3o lenta ou controlada. \u00c9 importante notar que as crian\u00e7as requerem uma dosagem mais alta do que os adultos.<\/p>\n<p>Embora n\u00e3o haja muitos estudos sobre os efeitos colaterais da melatonina, todos eles mostram que ela \u00e9 muito compat\u00edvel. Recentemente foi publicada uma meta-an\u00e1lise de v\u00e1rios estudos que comparavam a administra\u00e7\u00e3o de dosagens acima de 10 mg; este estudo mostrou que a freq\u00fc\u00eancia e gravidade dos efeitos colaterais relatados eram id\u00eanticos \u00e0queles relatados pelos pacientes que receberam um placebo. O efeito colateral presumivelmente mais indesej\u00e1vel ocorre quando a administra\u00e7\u00e3o ocorre em momentos errados. Neste caso, a melatonina ir\u00e1 perturbar o ritmo. Se este n\u00e3o for o objetivo desejado, podem surgir problemas de sa\u00fade.[\/vc_column_text][\/vc_column][vc_column width=&#8221;1\/4&#8243;][vc_column_text]<div class=\"content_block\" id=\"custom_post_widget-32930\"><p><a href=\"https:\/\/melatoninfacts.org\/de\/\" target=\"_blank\" rel=\"noopener noreferrer\"><img decoding=\"async\" class=\"alignnone wp-image-33099 size-full\" title=\"MelatoninFACTS.org \u2013\u00a0Medizinische Studien zu Melatonin &amp; Chronobiologie\" src=\"https:\/\/www.chronobiology.com\/wp-content\/uploads\/2020\/06\/MelatoninFacts-Banner-DE-v2.jpg\" alt=\"MelatoninFACTS \u2013 Medizinische Studien zu Meatonin &amp; Chronobiologie\" width=\"500\" height=\"751\" srcset=\"https:\/\/dev.chronobiology.com\/wp-content\/uploads\/2020\/06\/MelatoninFacts-Banner-DE-v2.jpg 500w, https:\/\/dev.chronobiology.com\/wp-content\/uploads\/2020\/06\/MelatoninFacts-Banner-DE-v2-200x300.jpg 200w\" sizes=\"(max-width: 500px) 100vw, 500px\" \/><\/a><\/p>\n<\/div>[\/vc_column_text][\/vc_column][\/vc_row]<\/p>\n<\/div>","protected":false},"excerpt":{"rendered":"<p>[vc_row full_width=&#8221;stretch_row&#8221; el_class=&#8221;banner-top&#8221; css=&#8221;.vc_custom_1479394022290{background-image: url(https:\/\/www.chronobiology.com\/wp-content\/uploads\/2016\/11\/melatonin_dosage_banner.jpg?id=11718) !important;}&#8221;][vc_column][vc_custom_heading source=&#8221;post_title&#8221; font_container=&#8221;tag:h1|text_align:center&#8221; use_theme_fonts=&#8221;yes&#8221;][\/vc_column][\/vc_row][vc_row el_class=&#8221;melatoninfacts2&#8243;][vc_column width=&#8221;3\/4&#8243;][vc_column_text] Dosagem e poss\u00edveis efeitos colaterais Atualmente n\u00e3o existe um protocolo \u00fanico perfeitamente condividido sobre a dosagem de melatonina a ser administrada em casos individuais. V\u00e1rios estudos cl\u00ednicos assumiram, como dose base, uma quantidade vari\u00e1vel de 0,5 mg ou menos at\u00e9 25 mg ou mais; [&hellip;]<\/p>\n","protected":false},"author":15,"featured_media":39716,"parent":39720,"menu_order":0,"comment_status":"closed","ping_status":"closed","template":"","meta":{"_acf_changed":false,"_genesis_hide_title":false,"_genesis_hide_breadcrumbs":false,"_genesis_hide_singular_image":false,"_genesis_hide_footer_widgets":false,"_genesis_custom_body_class":"","_genesis_custom_post_class":"","_genesis_layout":"full-width-content","footnotes":""},"categories":[194,192],"class_list":{"0":"post-39715","1":"page","2":"type-page","3":"status-publish","4":"has-post-thumbnail","6":"category-melatonina","7":"category-sono","8":"entry"},"acf":[],"yoast_head":"<!-- This site is optimized with the Yoast SEO Premium plugin v23.4 (Yoast SEO v23.4) - https:\/\/yoast.com\/wordpress\/plugins\/seo\/ -->\n<title>Dosagem e poss\u00edveis efeitos colaterais &#8211; Chronobiology.com<\/title>\n<meta name=\"robots\" content=\"index, follow, max-snippet:-1, max-image-preview:large, max-video-preview:-1\" \/>\n<link rel=\"canonical\" href=\"https:\/\/dev.chronobiology.com\/pt-br\/melatonin-chronobiology\/dosagem-e-possiveis-efeitos-colaterais\/\" \/>\n<meta property=\"og:locale\" content=\"pt_BR\" \/>\n<meta property=\"og:type\" content=\"article\" \/>\n<meta property=\"og:title\" content=\"Dosagem e poss\u00edveis efeitos colaterais\" \/>\n<meta property=\"og:description\" content=\"[vc_row full_width=&#8221;stretch_row&#8221; el_class=&#8221;banner-top&#8221; css=&#8221;.vc_custom_1479394022290{background-image: url(https:\/\/www.chronobiology.com\/wp-content\/uploads\/2016\/11\/melatonin_dosage_banner.jpg?id=11718) !important;}&#8221;][vc_column][vc_custom_heading source=&#8221;post_title&#8221; font_container=&#8221;tag:h1|text_align:center&#8221; use_theme_fonts=&#8221;yes&#8221;][\/vc_column][\/vc_row][vc_row el_class=&#8221;melatoninfacts2&#8243;][vc_column width=&#8221;3\/4&#8243;][vc_column_text] Dosagem e poss\u00edveis efeitos colaterais Atualmente n\u00e3o existe um protocolo \u00fanico perfeitamente condividido sobre a dosagem de melatonina a ser administrada em casos individuais. V\u00e1rios estudos cl\u00ednicos assumiram, como dose base, uma quantidade vari\u00e1vel de 0,5 mg ou menos at\u00e9 25 mg ou mais; [&hellip;]\" \/>\n<meta property=\"og:url\" content=\"https:\/\/dev.chronobiology.com\/pt-br\/melatonin-chronobiology\/dosagem-e-possiveis-efeitos-colaterais\/\" \/>\n<meta property=\"og:site_name\" content=\"Chronobiology.com\" \/>\n<meta property=\"article:publisher\" content=\"https:\/\/www.facebook.com\/chronobiology\" \/>\n<meta property=\"article:modified_time\" content=\"2022-07-20T07:44:01+00:00\" \/>\n<meta property=\"og:image\" content=\"https:\/\/dev.chronobiology.com\/wp-content\/uploads\/2016\/11\/melatonin_dosage_banner.jpg\" \/>\n\t<meta property=\"og:image:width\" content=\"1905\" \/>\n\t<meta property=\"og:image:height\" content=\"473\" \/>\n\t<meta property=\"og:image:type\" content=\"image\/jpeg\" \/>\n<meta name=\"twitter:card\" content=\"summary_large_image\" \/>\n<meta name=\"twitter:site\" content=\"@chronobionews\" \/>\n<meta name=\"twitter:label1\" content=\"Est. tempo de leitura\" \/>\n\t<meta name=\"twitter:data1\" content=\"3 minutos\" \/>\n<script type=\"application\/ld+json\" class=\"yoast-schema-graph\">{\"@context\":\"https:\/\/schema.org\",\"@graph\":[{\"@type\":\"WebPage\",\"@id\":\"https:\/\/dev.chronobiology.com\/pt-br\/melatonin-chronobiology\/dosagem-e-possiveis-efeitos-colaterais\/\",\"url\":\"https:\/\/dev.chronobiology.com\/pt-br\/melatonin-chronobiology\/dosagem-e-possiveis-efeitos-colaterais\/\",\"name\":\"Dosagem e poss\u00edveis efeitos colaterais &#8211; Chronobiology.com\",\"isPartOf\":{\"@id\":\"https:\/\/dev.chronobiology.com\/pt-br\/#website\"},\"primaryImageOfPage\":{\"@id\":\"https:\/\/dev.chronobiology.com\/pt-br\/melatonin-chronobiology\/dosagem-e-possiveis-efeitos-colaterais\/#primaryimage\"},\"image\":{\"@id\":\"https:\/\/dev.chronobiology.com\/pt-br\/melatonin-chronobiology\/dosagem-e-possiveis-efeitos-colaterais\/#primaryimage\"},\"thumbnailUrl\":\"https:\/\/dev.chronobiology.com\/wp-content\/uploads\/2016\/11\/melatonin_dosage_banner.jpg\",\"datePublished\":\"2022-07-06T12:49:24+00:00\",\"dateModified\":\"2022-07-20T07:44:01+00:00\",\"breadcrumb\":{\"@id\":\"https:\/\/dev.chronobiology.com\/pt-br\/melatonin-chronobiology\/dosagem-e-possiveis-efeitos-colaterais\/#breadcrumb\"},\"inLanguage\":\"pt-BR\",\"potentialAction\":[{\"@type\":\"ReadAction\",\"target\":[\"https:\/\/dev.chronobiology.com\/pt-br\/melatonin-chronobiology\/dosagem-e-possiveis-efeitos-colaterais\/\"]}]},{\"@type\":\"ImageObject\",\"inLanguage\":\"pt-BR\",\"@id\":\"https:\/\/dev.chronobiology.com\/pt-br\/melatonin-chronobiology\/dosagem-e-possiveis-efeitos-colaterais\/#primaryimage\",\"url\":\"https:\/\/dev.chronobiology.com\/wp-content\/uploads\/2016\/11\/melatonin_dosage_banner.jpg\",\"contentUrl\":\"https:\/\/dev.chronobiology.com\/wp-content\/uploads\/2016\/11\/melatonin_dosage_banner.jpg\",\"width\":1905,\"height\":473},{\"@type\":\"BreadcrumbList\",\"@id\":\"https:\/\/dev.chronobiology.com\/pt-br\/melatonin-chronobiology\/dosagem-e-possiveis-efeitos-colaterais\/#breadcrumb\",\"itemListElement\":[{\"@type\":\"ListItem\",\"position\":1,\"name\":\"Home\",\"item\":\"https:\/\/dev.chronobiology.com\/pt-br\/\"},{\"@type\":\"ListItem\",\"position\":2,\"name\":\"Melatonin &#038; Chronobiology\",\"item\":\"https:\/\/dev.chronobiology.com\/pt-br\/melatonin-chronobiology\/\"},{\"@type\":\"ListItem\",\"position\":3,\"name\":\"Dosagem e poss\u00edveis efeitos colaterais\"}]},{\"@type\":\"WebSite\",\"@id\":\"https:\/\/dev.chronobiology.com\/pt-br\/#website\",\"url\":\"https:\/\/dev.chronobiology.com\/pt-br\/\",\"name\":\"Chronobiology.com\",\"description\":\"\",\"publisher\":{\"@id\":\"https:\/\/dev.chronobiology.com\/pt-br\/#organization\"},\"potentialAction\":[{\"@type\":\"SearchAction\",\"target\":{\"@type\":\"EntryPoint\",\"urlTemplate\":\"https:\/\/dev.chronobiology.com\/pt-br\/?s={search_term_string}\"},\"query-input\":{\"@type\":\"PropertyValueSpecification\",\"valueRequired\":true,\"valueName\":\"search_term_string\"}}],\"inLanguage\":\"pt-BR\"},{\"@type\":\"Organization\",\"@id\":\"https:\/\/dev.chronobiology.com\/pt-br\/#organization\",\"name\":\"Chronobiology\",\"url\":\"https:\/\/dev.chronobiology.com\/pt-br\/\",\"logo\":{\"@type\":\"ImageObject\",\"inLanguage\":\"pt-BR\",\"@id\":\"https:\/\/dev.chronobiology.com\/pt-br\/#\/schema\/logo\/image\/\",\"url\":\"https:\/\/www.chronobiology.com\/wp-content\/uploads\/2019\/01\/chronobiology_logo_en_r.png\",\"contentUrl\":\"https:\/\/www.chronobiology.com\/wp-content\/uploads\/2019\/01\/chronobiology_logo_en_r.png\",\"width\":375,\"height\":90,\"caption\":\"Chronobiology\"},\"image\":{\"@id\":\"https:\/\/dev.chronobiology.com\/pt-br\/#\/schema\/logo\/image\/\"},\"sameAs\":[\"https:\/\/www.facebook.com\/chronobiology\",\"https:\/\/x.com\/chronobionews\",\"https:\/\/www.instagram.com\/chronobiology\/\",\"https:\/\/www.pinterest.com\/chronobiology\/\"]}]}<\/script>\n<!-- \/ Yoast SEO Premium plugin. -->","yoast_head_json":{"title":"Dosagem e poss\u00edveis efeitos colaterais &#8211; Chronobiology.com","robots":{"index":"index","follow":"follow","max-snippet":"max-snippet:-1","max-image-preview":"max-image-preview:large","max-video-preview":"max-video-preview:-1"},"canonical":"https:\/\/dev.chronobiology.com\/pt-br\/melatonin-chronobiology\/dosagem-e-possiveis-efeitos-colaterais\/","og_locale":"pt_BR","og_type":"article","og_title":"Dosagem e poss\u00edveis efeitos colaterais","og_description":"[vc_row full_width=&#8221;stretch_row&#8221; el_class=&#8221;banner-top&#8221; css=&#8221;.vc_custom_1479394022290{background-image: url(https:\/\/www.chronobiology.com\/wp-content\/uploads\/2016\/11\/melatonin_dosage_banner.jpg?id=11718) !important;}&#8221;][vc_column][vc_custom_heading source=&#8221;post_title&#8221; font_container=&#8221;tag:h1|text_align:center&#8221; use_theme_fonts=&#8221;yes&#8221;][\/vc_column][\/vc_row][vc_row el_class=&#8221;melatoninfacts2&#8243;][vc_column width=&#8221;3\/4&#8243;][vc_column_text] Dosagem e poss\u00edveis efeitos colaterais Atualmente n\u00e3o existe um protocolo \u00fanico perfeitamente condividido sobre a dosagem de melatonina a ser administrada em casos individuais. V\u00e1rios estudos cl\u00ednicos assumiram, como dose base, uma quantidade vari\u00e1vel de 0,5 mg ou menos at\u00e9 25 mg ou mais; [&hellip;]","og_url":"https:\/\/dev.chronobiology.com\/pt-br\/melatonin-chronobiology\/dosagem-e-possiveis-efeitos-colaterais\/","og_site_name":"Chronobiology.com","article_publisher":"https:\/\/www.facebook.com\/chronobiology","article_modified_time":"2022-07-20T07:44:01+00:00","og_image":[{"width":1905,"height":473,"url":"https:\/\/dev.chronobiology.com\/wp-content\/uploads\/2016\/11\/melatonin_dosage_banner.jpg","type":"image\/jpeg"}],"twitter_card":"summary_large_image","twitter_site":"@chronobionews","twitter_misc":{"Est. tempo de leitura":"3 minutos"},"schema":{"@context":"https:\/\/schema.org","@graph":[{"@type":"WebPage","@id":"https:\/\/dev.chronobiology.com\/pt-br\/melatonin-chronobiology\/dosagem-e-possiveis-efeitos-colaterais\/","url":"https:\/\/dev.chronobiology.com\/pt-br\/melatonin-chronobiology\/dosagem-e-possiveis-efeitos-colaterais\/","name":"Dosagem e poss\u00edveis efeitos colaterais &#8211; Chronobiology.com","isPartOf":{"@id":"https:\/\/dev.chronobiology.com\/pt-br\/#website"},"primaryImageOfPage":{"@id":"https:\/\/dev.chronobiology.com\/pt-br\/melatonin-chronobiology\/dosagem-e-possiveis-efeitos-colaterais\/#primaryimage"},"image":{"@id":"https:\/\/dev.chronobiology.com\/pt-br\/melatonin-chronobiology\/dosagem-e-possiveis-efeitos-colaterais\/#primaryimage"},"thumbnailUrl":"https:\/\/dev.chronobiology.com\/wp-content\/uploads\/2016\/11\/melatonin_dosage_banner.jpg","datePublished":"2022-07-06T12:49:24+00:00","dateModified":"2022-07-20T07:44:01+00:00","breadcrumb":{"@id":"https:\/\/dev.chronobiology.com\/pt-br\/melatonin-chronobiology\/dosagem-e-possiveis-efeitos-colaterais\/#breadcrumb"},"inLanguage":"pt-BR","potentialAction":[{"@type":"ReadAction","target":["https:\/\/dev.chronobiology.com\/pt-br\/melatonin-chronobiology\/dosagem-e-possiveis-efeitos-colaterais\/"]}]},{"@type":"ImageObject","inLanguage":"pt-BR","@id":"https:\/\/dev.chronobiology.com\/pt-br\/melatonin-chronobiology\/dosagem-e-possiveis-efeitos-colaterais\/#primaryimage","url":"https:\/\/dev.chronobiology.com\/wp-content\/uploads\/2016\/11\/melatonin_dosage_banner.jpg","contentUrl":"https:\/\/dev.chronobiology.com\/wp-content\/uploads\/2016\/11\/melatonin_dosage_banner.jpg","width":1905,"height":473},{"@type":"BreadcrumbList","@id":"https:\/\/dev.chronobiology.com\/pt-br\/melatonin-chronobiology\/dosagem-e-possiveis-efeitos-colaterais\/#breadcrumb","itemListElement":[{"@type":"ListItem","position":1,"name":"Home","item":"https:\/\/dev.chronobiology.com\/pt-br\/"},{"@type":"ListItem","position":2,"name":"Melatonin &#038; Chronobiology","item":"https:\/\/dev.chronobiology.com\/pt-br\/melatonin-chronobiology\/"},{"@type":"ListItem","position":3,"name":"Dosagem e poss\u00edveis efeitos colaterais"}]},{"@type":"WebSite","@id":"https:\/\/dev.chronobiology.com\/pt-br\/#website","url":"https:\/\/dev.chronobiology.com\/pt-br\/","name":"Chronobiology.com","description":"","publisher":{"@id":"https:\/\/dev.chronobiology.com\/pt-br\/#organization"},"potentialAction":[{"@type":"SearchAction","target":{"@type":"EntryPoint","urlTemplate":"https:\/\/dev.chronobiology.com\/pt-br\/?s={search_term_string}"},"query-input":{"@type":"PropertyValueSpecification","valueRequired":true,"valueName":"search_term_string"}}],"inLanguage":"pt-BR"},{"@type":"Organization","@id":"https:\/\/dev.chronobiology.com\/pt-br\/#organization","name":"Chronobiology","url":"https:\/\/dev.chronobiology.com\/pt-br\/","logo":{"@type":"ImageObject","inLanguage":"pt-BR","@id":"https:\/\/dev.chronobiology.com\/pt-br\/#\/schema\/logo\/image\/","url":"https:\/\/www.chronobiology.com\/wp-content\/uploads\/2019\/01\/chronobiology_logo_en_r.png","contentUrl":"https:\/\/www.chronobiology.com\/wp-content\/uploads\/2019\/01\/chronobiology_logo_en_r.png","width":375,"height":90,"caption":"Chronobiology"},"image":{"@id":"https:\/\/dev.chronobiology.com\/pt-br\/#\/schema\/logo\/image\/"},"sameAs":["https:\/\/www.facebook.com\/chronobiology","https:\/\/x.com\/chronobionews","https:\/\/www.instagram.com\/chronobiology\/","https:\/\/www.pinterest.com\/chronobiology\/"]}]}},"_links":{"self":[{"href":"https:\/\/dev.chronobiology.com\/pt-br\/wp-json\/wp\/v2\/pages\/39715"}],"collection":[{"href":"https:\/\/dev.chronobiology.com\/pt-br\/wp-json\/wp\/v2\/pages"}],"about":[{"href":"https:\/\/dev.chronobiology.com\/pt-br\/wp-json\/wp\/v2\/types\/page"}],"author":[{"embeddable":true,"href":"https:\/\/dev.chronobiology.com\/pt-br\/wp-json\/wp\/v2\/users\/15"}],"replies":[{"embeddable":true,"href":"https:\/\/dev.chronobiology.com\/pt-br\/wp-json\/wp\/v2\/comments?post=39715"}],"version-history":[{"count":3,"href":"https:\/\/dev.chronobiology.com\/pt-br\/wp-json\/wp\/v2\/pages\/39715\/revisions"}],"predecessor-version":[{"id":43075,"href":"https:\/\/dev.chronobiology.com\/pt-br\/wp-json\/wp\/v2\/pages\/39715\/revisions\/43075"}],"up":[{"embeddable":true,"href":"https:\/\/dev.chronobiology.com\/pt-br\/wp-json\/wp\/v2\/pages\/39720"}],"wp:featuredmedia":[{"embeddable":true,"href":"https:\/\/dev.chronobiology.com\/pt-br\/wp-json\/wp\/v2\/media\/39716"}],"wp:attachment":[{"href":"https:\/\/dev.chronobiology.com\/pt-br\/wp-json\/wp\/v2\/media?parent=39715"}],"wp:term":[{"taxonomy":"category","embeddable":true,"href":"https:\/\/dev.chronobiology.com\/pt-br\/wp-json\/wp\/v2\/categories?post=39715"}],"curies":[{"name":"wp","href":"https:\/\/api.w.org\/{rel}","templated":true}]}}