{"id":39690,"date":"2022-07-06T04:43:05","date_gmt":"2022-07-06T11:43:05","guid":{"rendered":"https:\/\/www.chronobiology.com\/idade-e-producao-de-melatonina\/"},"modified":"2022-07-20T00:28:34","modified_gmt":"2022-07-20T07:28:34","slug":"idade-e-producao-de-melatonina","status":"publish","type":"page","link":"https:\/\/dev.chronobiology.com\/pt-br\/melatonin-chronobiology\/idade-e-producao-de-melatonina\/","title":{"rendered":"Idade e produ\u00e7\u00e3o de melatonina"},"content":{"rendered":"<div class=\"wpb-content-wrapper\"><p>[vc_row full_width=&#8221;stretch_row&#8221; el_class=&#8221;banner-top&#8221; css=&#8221;.vc_custom_1479390631301{background-image: url(https:\/\/www.chronobiology.com\/wp-content\/uploads\/2016\/11\/melatonin_production_age_banner.jpg?id=11687) !important;}&#8221;][vc_column][vc_custom_heading source=&#8221;post_title&#8221; font_container=&#8221;tag:h1|text_align:center&#8221; use_theme_fonts=&#8221;yes&#8221;][\/vc_column][\/vc_row][vc_row el_class=&#8221;melatoninfacts2&#8243;][vc_column][vc_column_text]<\/p>\n<h2 style=\"text-align: center;\">Idade e produ\u00e7\u00e3o de melatonina<\/h2>\n<p>Consideremos dois fatos: 1) o homem \u00e9 o \u00fanico organismo vivo que pode alterar seus ritmos biol\u00f3gicos substituindo o dia pela noite (e vice-versa); 2) \u00e0 medida que envelhecemos, nossa capacidade de produzir a quantidade certa de melatonina durante a noite diminui. Por causa disso, o sinal noturno torna-se mais fraco e esta altera\u00e7\u00e3o \u00e9 transmitida a todo o organismo. Muitas vezes o sinal noturno n\u00e3o \u00e9 ativado at\u00e9 bem depois da meia-noite. Entretanto, a secre\u00e7\u00e3o deste horm\u00f4nio cessa pontualmente com a primeira luz do amanhecer. Como resultado, as pessoas idosas recebem o horm\u00f4nio do sono por um per\u00edodo muito curto e de qualidade cada vez mais fraca.<\/p>\n<p>N\u00e3o \u00e9 de forma alguma poss\u00edvel que a gl\u00e2ndula pineal de um idoso produza melatonina em quantidade e qualidade suficientes, mesmo quando deitado em completa escurid\u00e3o. Os vasos que atingem a gl\u00e2ndula pineal s\u00e3o numerosos, mas, como no resto do corpo, eles se calcificam com o avan\u00e7o da idade. A calcifica\u00e7\u00e3o pode causar uma redu\u00e7\u00e3o na produ\u00e7\u00e3o de melatonina e, como resultado, uma perda significativa do sono e uma interrup\u00e7\u00e3o do ritmo circadiano.<\/p>\n<p>At\u00e9 o terceiro m\u00eas de vida, a melatonina dificilmente \u00e9 produzida de acordo com um ritmo dia\/noite. A partir do quarto m\u00eas, os valores da melatonina s\u00e9rica aumentam, permitindo um desenvolvimento gradual do ritmo circadiano. A idade em que produzimos mais melatonina \u00e9 entre o primeiro e o terceiro ano de vida. Mantemos este alto n\u00edvel de melatonina at\u00e9 a puberdade; em seguida esta come\u00e7a a diminuir para os n\u00edveis m\u00e9dios de um adulto. Um ser humano adulto saud\u00e1vel \u00e9 capaz de produzir, de noite, at\u00e9 8-10 vezes mais melatonina daquela produzida durante o dia; nas pessoas idosas, o momento em que o n\u00edvel de melatonina aumenta \u00e9 sempre mais tarde \u00e0 noite, em consequ\u00eancia o tempo de produ\u00e7\u00e3o da melatonina \u00e9 sempre mais curto; a pessoa idosa, de noite, produz aproximadamente 2 vezes \u00a0mais\u00a0 melatonina daquela produzida durante o dia.<\/p>\n<p>Esta diferen\u00e7a entre o n\u00edvel de melatonina diurna e o n\u00edvel de melatonina noturna \u00e9 muito pequena para permitir que o organismo humano &#8220;reconhe\u00e7a&#8221; corretamente a noite e o dia e assim ajuste seu rel\u00f3gio biol\u00f3gico de acordo. Esta \u00e9 muito provavelmente uma das raz\u00f5es pelas quais as pessoas idosas \u00a0sofrem de dist\u00farbios do sono e todas as doen\u00e7as que os acompanham.[\/vc_column_text][\/vc_column][\/vc_row][vc_row][vc_column][vc_tta_accordion color=&#8221;turquoise&#8221; c_icon=&#8221;chevron&#8221; c_position=&#8221;right&#8221; active_section=&#8221;99&#8243; no_fill=&#8221;true&#8221; collapsible_all=&#8221;true&#8221;][vc_tta_section title=&#8221;Impacto&#8221; tab_id=&#8221;1479159301199-fd863768-f6af8254-1cf5&#8243;][vc_row_inner css=&#8221;.vc_custom_1479390977900{background-image: url(https:\/\/www.chronobiology.com\/wp-content\/uploads\/2016\/11\/melatonin_production_age_1.jpg?id=11691) !important;}&#8221;][vc_column_inner][vc_column_text]A escassez de melatonina tamb\u00e9m se manifesta como uma altera\u00e7\u00e3o no ritmo dos sistemas hormonais a jusante. Uma queda precoce na produ\u00e7\u00e3o de melatonina pode causar o in\u00edcio prematuro da menopausa, pois leva a uma redu\u00e7\u00e3o nos horm\u00f4nios sexuais. A melatonina tamb\u00e9m \u00e9 essencial para a produ\u00e7\u00e3o de HGH, o horm\u00f4nio do crescimento conhecido como &#8220;horm\u00f4nio da vitalidade&#8221;, que \u00e9 produzido muito mais lentamente sem o ap\u00f4io da melatonina. Se a melatonina \u00e9 insuficiente, o f\u00edgado tamb\u00e9m sofre, pois n\u00e3o pode se programar efetivamente para se regenerar durante a noite. Isto pode resultar em resist\u00eancia \u00e0 insulina, promovendo assim o in\u00edcio do diabetes. Como se isto n\u00e3o fosse suficiente, a vontade de urinar n\u00e3o varia de dia para noite se o anti-horm\u00f4nio (ADH) estiver faltando devido \u00e0 escassez de melatonina.<\/p>\n<p>A escassez de melatonina tamb\u00e9m afeta negativamente o c\u00e9rebro: todos os mecanismos de reparo que ocorrem durante a noite s\u00e3o reduzidos; o armazenamento de informa\u00e7\u00f5es na mem\u00f3ria a longo prazo &#8211; que ocorre durante o sono &#8211; n\u00e3o \u00e9 mais suportado; isto aumenta a predisposi\u00e7\u00e3o para dem\u00eancia precoce e outros processos neurodegenerativos.<\/p>\n<p>A revista profissional brit\u00e2nica Journal of Ophthalmology publicou recentemente um artigo alarmante mostrando a correla\u00e7\u00e3o entre o envelhecimento dos olhos e a produ\u00e7\u00e3o de melatonina. Descobriu-se que, ap\u00f3s os 45 anos de idade, os impulsos de luz t\u00eam mais dificuldade de alcan\u00e7ar os sensores dentro do olho. A causa disso \u00e9 o leve amarelecimento da lente ocular e o estreitamento da pupila. Devido a isso, menos part\u00edculas de luz s\u00e3o capazes de alcan\u00e7ar as c\u00e9lulas mais importantes da retina, que regulam nossos rel\u00f3gios biol\u00f3gicos com base no ritmo dia\/noite. Estudos demonstraram que as mudan\u00e7as no olho devido ao avan\u00e7o da idade podem causar numerosas doen\u00e7as t\u00edpicas dos olhos, cujas causas n\u00e3o residem no pr\u00f3prio olho. As conseq\u00fc\u00eancias da deteriora\u00e7\u00e3o da capacidade ocular incluem d\u00e9ficits cognitivos (com especial refer\u00eancia \u00e0 capacidade de mem\u00f3ria), ins\u00f4nia, depress\u00e3o e tempos de rea\u00e7\u00e3o mais lentos. Diante de tudo isso, assume-se que existe uma liga\u00e7\u00e3o entre as mudan\u00e7as no olho e a produ\u00e7\u00e3o alterada de melatonina.<\/p>\n<p>Nossos rel\u00f3gios biol\u00f3gicos reagem \u00e0s mudan\u00e7as da luz para o escuro, controlam nossos ritmos circadianos e enviam impulsos a todos os nossos \u00f3rg\u00e3os para realizar suas fun\u00e7\u00f5es diurnas e noturnas. O c\u00e9rebro, por exemplo, armazena informa\u00e7\u00f5es coletadas durante o dia em sua mem\u00f3ria de longo prazo \u00e0 noite. Ou as apaga permanentemente. Estes sinais de ativa\u00e7\u00e3o s\u00e3o freq\u00fcentemente transmitidos pelo horm\u00f4nio-m\u00e3e da cronobiologia: a melatonina. Os idosos relatam um n\u00edvel deste horm\u00f4nio em uma fra\u00e7\u00e3o m\u00ednima do que realmente precisam, o que, por sua vez, afeta a concentra\u00e7\u00e3o de outros neurotransmissores. O resultado n\u00e3o \u00e9 apenas os v\u00e1rios problemas de dormir durante a noite, mas tamb\u00e9m um enfraquecimento geral na atividade di\u00e1ria dos \u00f3rg\u00e3os mais importantes, por exemplo, o f\u00edgado ou os nervos, durante um per\u00edodo de 24 horas.[\/vc_column_text][\/vc_column_inner][\/vc_row_inner][\/vc_tta_section][\/vc_tta_accordion][\/vc_column][\/vc_row]<\/p>\n<\/div>","protected":false},"excerpt":{"rendered":"<p>[vc_row full_width=&#8221;stretch_row&#8221; el_class=&#8221;banner-top&#8221; css=&#8221;.vc_custom_1479390631301{background-image: url(https:\/\/www.chronobiology.com\/wp-content\/uploads\/2016\/11\/melatonin_production_age_banner.jpg?id=11687) !important;}&#8221;][vc_column][vc_custom_heading source=&#8221;post_title&#8221; font_container=&#8221;tag:h1|text_align:center&#8221; use_theme_fonts=&#8221;yes&#8221;][\/vc_column][\/vc_row][vc_row el_class=&#8221;melatoninfacts2&#8243;][vc_column][vc_column_text] Idade e produ\u00e7\u00e3o de melatonina Consideremos dois fatos: 1) o homem \u00e9 o \u00fanico organismo vivo que pode alterar seus ritmos biol\u00f3gicos substituindo o dia pela noite (e vice-versa); 2) \u00e0 medida que envelhecemos, nossa capacidade de produzir a quantidade certa de melatonina durante a [&hellip;]<\/p>\n","protected":false},"author":15,"featured_media":39691,"parent":39720,"menu_order":0,"comment_status":"closed","ping_status":"closed","template":"","meta":{"_acf_changed":false,"_genesis_hide_title":false,"_genesis_hide_breadcrumbs":false,"_genesis_hide_singular_image":false,"_genesis_hide_footer_widgets":false,"_genesis_custom_body_class":"","_genesis_custom_post_class":"","_genesis_layout":"full-width-content","footnotes":""},"categories":[194,192],"class_list":{"0":"post-39690","1":"page","2":"type-page","3":"status-publish","4":"has-post-thumbnail","6":"category-melatonina","7":"category-sono","8":"entry"},"acf":[],"yoast_head":"<!-- This site is optimized with the Yoast SEO Premium plugin v23.4 (Yoast SEO v23.4) - https:\/\/yoast.com\/wordpress\/plugins\/seo\/ -->\n<title>Idade e produ\u00e7\u00e3o de melatonina &#8211; Chronobiology.com<\/title>\n<meta name=\"robots\" content=\"index, follow, max-snippet:-1, max-image-preview:large, max-video-preview:-1\" \/>\n<link rel=\"canonical\" href=\"https:\/\/dev.chronobiology.com\/pt-br\/melatonin-chronobiology\/idade-e-producao-de-melatonina\/\" \/>\n<meta property=\"og:locale\" content=\"pt_BR\" \/>\n<meta property=\"og:type\" content=\"article\" \/>\n<meta property=\"og:title\" content=\"Idade e produ\u00e7\u00e3o de melatonina\" \/>\n<meta property=\"og:description\" content=\"[vc_row full_width=&#8221;stretch_row&#8221; el_class=&#8221;banner-top&#8221; css=&#8221;.vc_custom_1479390631301{background-image: url(https:\/\/www.chronobiology.com\/wp-content\/uploads\/2016\/11\/melatonin_production_age_banner.jpg?id=11687) !important;}&#8221;][vc_column][vc_custom_heading source=&#8221;post_title&#8221; font_container=&#8221;tag:h1|text_align:center&#8221; use_theme_fonts=&#8221;yes&#8221;][\/vc_column][\/vc_row][vc_row el_class=&#8221;melatoninfacts2&#8243;][vc_column][vc_column_text] Idade e produ\u00e7\u00e3o de melatonina Consideremos dois fatos: 1) o homem \u00e9 o \u00fanico organismo vivo que pode alterar seus ritmos biol\u00f3gicos substituindo o dia pela noite (e vice-versa); 2) \u00e0 medida que envelhecemos, nossa capacidade de produzir a quantidade certa de melatonina durante a [&hellip;]\" \/>\n<meta property=\"og:url\" content=\"https:\/\/dev.chronobiology.com\/pt-br\/melatonin-chronobiology\/idade-e-producao-de-melatonina\/\" \/>\n<meta property=\"og:site_name\" content=\"Chronobiology.com\" \/>\n<meta property=\"article:publisher\" content=\"https:\/\/www.facebook.com\/chronobiology\" \/>\n<meta property=\"article:modified_time\" content=\"2022-07-20T07:28:34+00:00\" \/>\n<meta property=\"og:image\" content=\"https:\/\/dev.chronobiology.com\/wp-content\/uploads\/2016\/11\/melatonin_production_age_banner.jpg\" \/>\n\t<meta property=\"og:image:width\" content=\"1909\" \/>\n\t<meta property=\"og:image:height\" content=\"476\" \/>\n\t<meta property=\"og:image:type\" content=\"image\/jpeg\" \/>\n<meta name=\"twitter:card\" content=\"summary_large_image\" \/>\n<meta name=\"twitter:site\" content=\"@chronobionews\" \/>\n<meta name=\"twitter:label1\" content=\"Est. tempo de leitura\" \/>\n\t<meta name=\"twitter:data1\" content=\"4 minutos\" \/>\n<script type=\"application\/ld+json\" class=\"yoast-schema-graph\">{\"@context\":\"https:\/\/schema.org\",\"@graph\":[{\"@type\":\"WebPage\",\"@id\":\"https:\/\/dev.chronobiology.com\/pt-br\/melatonin-chronobiology\/idade-e-producao-de-melatonina\/\",\"url\":\"https:\/\/dev.chronobiology.com\/pt-br\/melatonin-chronobiology\/idade-e-producao-de-melatonina\/\",\"name\":\"Idade e produ\u00e7\u00e3o de melatonina &#8211; Chronobiology.com\",\"isPartOf\":{\"@id\":\"https:\/\/dev.chronobiology.com\/pt-br\/#website\"},\"primaryImageOfPage\":{\"@id\":\"https:\/\/dev.chronobiology.com\/pt-br\/melatonin-chronobiology\/idade-e-producao-de-melatonina\/#primaryimage\"},\"image\":{\"@id\":\"https:\/\/dev.chronobiology.com\/pt-br\/melatonin-chronobiology\/idade-e-producao-de-melatonina\/#primaryimage\"},\"thumbnailUrl\":\"https:\/\/dev.chronobiology.com\/wp-content\/uploads\/2016\/11\/melatonin_production_age_banner.jpg\",\"datePublished\":\"2022-07-06T11:43:05+00:00\",\"dateModified\":\"2022-07-20T07:28:34+00:00\",\"breadcrumb\":{\"@id\":\"https:\/\/dev.chronobiology.com\/pt-br\/melatonin-chronobiology\/idade-e-producao-de-melatonina\/#breadcrumb\"},\"inLanguage\":\"pt-BR\",\"potentialAction\":[{\"@type\":\"ReadAction\",\"target\":[\"https:\/\/dev.chronobiology.com\/pt-br\/melatonin-chronobiology\/idade-e-producao-de-melatonina\/\"]}]},{\"@type\":\"ImageObject\",\"inLanguage\":\"pt-BR\",\"@id\":\"https:\/\/dev.chronobiology.com\/pt-br\/melatonin-chronobiology\/idade-e-producao-de-melatonina\/#primaryimage\",\"url\":\"https:\/\/dev.chronobiology.com\/wp-content\/uploads\/2016\/11\/melatonin_production_age_banner.jpg\",\"contentUrl\":\"https:\/\/dev.chronobiology.com\/wp-content\/uploads\/2016\/11\/melatonin_production_age_banner.jpg\",\"width\":1909,\"height\":476},{\"@type\":\"BreadcrumbList\",\"@id\":\"https:\/\/dev.chronobiology.com\/pt-br\/melatonin-chronobiology\/idade-e-producao-de-melatonina\/#breadcrumb\",\"itemListElement\":[{\"@type\":\"ListItem\",\"position\":1,\"name\":\"Home\",\"item\":\"https:\/\/dev.chronobiology.com\/pt-br\/\"},{\"@type\":\"ListItem\",\"position\":2,\"name\":\"Melatonin &#038; Chronobiology\",\"item\":\"https:\/\/dev.chronobiology.com\/pt-br\/melatonin-chronobiology\/\"},{\"@type\":\"ListItem\",\"position\":3,\"name\":\"Idade e produ\u00e7\u00e3o de melatonina\"}]},{\"@type\":\"WebSite\",\"@id\":\"https:\/\/dev.chronobiology.com\/pt-br\/#website\",\"url\":\"https:\/\/dev.chronobiology.com\/pt-br\/\",\"name\":\"Chronobiology.com\",\"description\":\"\",\"publisher\":{\"@id\":\"https:\/\/dev.chronobiology.com\/pt-br\/#organization\"},\"potentialAction\":[{\"@type\":\"SearchAction\",\"target\":{\"@type\":\"EntryPoint\",\"urlTemplate\":\"https:\/\/dev.chronobiology.com\/pt-br\/?s={search_term_string}\"},\"query-input\":{\"@type\":\"PropertyValueSpecification\",\"valueRequired\":true,\"valueName\":\"search_term_string\"}}],\"inLanguage\":\"pt-BR\"},{\"@type\":\"Organization\",\"@id\":\"https:\/\/dev.chronobiology.com\/pt-br\/#organization\",\"name\":\"Chronobiology\",\"url\":\"https:\/\/dev.chronobiology.com\/pt-br\/\",\"logo\":{\"@type\":\"ImageObject\",\"inLanguage\":\"pt-BR\",\"@id\":\"https:\/\/dev.chronobiology.com\/pt-br\/#\/schema\/logo\/image\/\",\"url\":\"https:\/\/www.chronobiology.com\/wp-content\/uploads\/2019\/01\/chronobiology_logo_en_r.png\",\"contentUrl\":\"https:\/\/www.chronobiology.com\/wp-content\/uploads\/2019\/01\/chronobiology_logo_en_r.png\",\"width\":375,\"height\":90,\"caption\":\"Chronobiology\"},\"image\":{\"@id\":\"https:\/\/dev.chronobiology.com\/pt-br\/#\/schema\/logo\/image\/\"},\"sameAs\":[\"https:\/\/www.facebook.com\/chronobiology\",\"https:\/\/x.com\/chronobionews\",\"https:\/\/www.instagram.com\/chronobiology\/\",\"https:\/\/www.pinterest.com\/chronobiology\/\"]}]}<\/script>\n<!-- \/ Yoast SEO Premium plugin. -->","yoast_head_json":{"title":"Idade e produ\u00e7\u00e3o de melatonina &#8211; Chronobiology.com","robots":{"index":"index","follow":"follow","max-snippet":"max-snippet:-1","max-image-preview":"max-image-preview:large","max-video-preview":"max-video-preview:-1"},"canonical":"https:\/\/dev.chronobiology.com\/pt-br\/melatonin-chronobiology\/idade-e-producao-de-melatonina\/","og_locale":"pt_BR","og_type":"article","og_title":"Idade e produ\u00e7\u00e3o de melatonina","og_description":"[vc_row full_width=&#8221;stretch_row&#8221; el_class=&#8221;banner-top&#8221; css=&#8221;.vc_custom_1479390631301{background-image: url(https:\/\/www.chronobiology.com\/wp-content\/uploads\/2016\/11\/melatonin_production_age_banner.jpg?id=11687) !important;}&#8221;][vc_column][vc_custom_heading source=&#8221;post_title&#8221; font_container=&#8221;tag:h1|text_align:center&#8221; use_theme_fonts=&#8221;yes&#8221;][\/vc_column][\/vc_row][vc_row el_class=&#8221;melatoninfacts2&#8243;][vc_column][vc_column_text] Idade e produ\u00e7\u00e3o de melatonina Consideremos dois fatos: 1) o homem \u00e9 o \u00fanico organismo vivo que pode alterar seus ritmos biol\u00f3gicos substituindo o dia pela noite (e vice-versa); 2) \u00e0 medida que envelhecemos, nossa capacidade de produzir a quantidade certa de melatonina durante a [&hellip;]","og_url":"https:\/\/dev.chronobiology.com\/pt-br\/melatonin-chronobiology\/idade-e-producao-de-melatonina\/","og_site_name":"Chronobiology.com","article_publisher":"https:\/\/www.facebook.com\/chronobiology","article_modified_time":"2022-07-20T07:28:34+00:00","og_image":[{"width":1909,"height":476,"url":"https:\/\/dev.chronobiology.com\/wp-content\/uploads\/2016\/11\/melatonin_production_age_banner.jpg","type":"image\/jpeg"}],"twitter_card":"summary_large_image","twitter_site":"@chronobionews","twitter_misc":{"Est. tempo de leitura":"4 minutos"},"schema":{"@context":"https:\/\/schema.org","@graph":[{"@type":"WebPage","@id":"https:\/\/dev.chronobiology.com\/pt-br\/melatonin-chronobiology\/idade-e-producao-de-melatonina\/","url":"https:\/\/dev.chronobiology.com\/pt-br\/melatonin-chronobiology\/idade-e-producao-de-melatonina\/","name":"Idade e produ\u00e7\u00e3o de melatonina &#8211; Chronobiology.com","isPartOf":{"@id":"https:\/\/dev.chronobiology.com\/pt-br\/#website"},"primaryImageOfPage":{"@id":"https:\/\/dev.chronobiology.com\/pt-br\/melatonin-chronobiology\/idade-e-producao-de-melatonina\/#primaryimage"},"image":{"@id":"https:\/\/dev.chronobiology.com\/pt-br\/melatonin-chronobiology\/idade-e-producao-de-melatonina\/#primaryimage"},"thumbnailUrl":"https:\/\/dev.chronobiology.com\/wp-content\/uploads\/2016\/11\/melatonin_production_age_banner.jpg","datePublished":"2022-07-06T11:43:05+00:00","dateModified":"2022-07-20T07:28:34+00:00","breadcrumb":{"@id":"https:\/\/dev.chronobiology.com\/pt-br\/melatonin-chronobiology\/idade-e-producao-de-melatonina\/#breadcrumb"},"inLanguage":"pt-BR","potentialAction":[{"@type":"ReadAction","target":["https:\/\/dev.chronobiology.com\/pt-br\/melatonin-chronobiology\/idade-e-producao-de-melatonina\/"]}]},{"@type":"ImageObject","inLanguage":"pt-BR","@id":"https:\/\/dev.chronobiology.com\/pt-br\/melatonin-chronobiology\/idade-e-producao-de-melatonina\/#primaryimage","url":"https:\/\/dev.chronobiology.com\/wp-content\/uploads\/2016\/11\/melatonin_production_age_banner.jpg","contentUrl":"https:\/\/dev.chronobiology.com\/wp-content\/uploads\/2016\/11\/melatonin_production_age_banner.jpg","width":1909,"height":476},{"@type":"BreadcrumbList","@id":"https:\/\/dev.chronobiology.com\/pt-br\/melatonin-chronobiology\/idade-e-producao-de-melatonina\/#breadcrumb","itemListElement":[{"@type":"ListItem","position":1,"name":"Home","item":"https:\/\/dev.chronobiology.com\/pt-br\/"},{"@type":"ListItem","position":2,"name":"Melatonin &#038; Chronobiology","item":"https:\/\/dev.chronobiology.com\/pt-br\/melatonin-chronobiology\/"},{"@type":"ListItem","position":3,"name":"Idade e produ\u00e7\u00e3o de melatonina"}]},{"@type":"WebSite","@id":"https:\/\/dev.chronobiology.com\/pt-br\/#website","url":"https:\/\/dev.chronobiology.com\/pt-br\/","name":"Chronobiology.com","description":"","publisher":{"@id":"https:\/\/dev.chronobiology.com\/pt-br\/#organization"},"potentialAction":[{"@type":"SearchAction","target":{"@type":"EntryPoint","urlTemplate":"https:\/\/dev.chronobiology.com\/pt-br\/?s={search_term_string}"},"query-input":{"@type":"PropertyValueSpecification","valueRequired":true,"valueName":"search_term_string"}}],"inLanguage":"pt-BR"},{"@type":"Organization","@id":"https:\/\/dev.chronobiology.com\/pt-br\/#organization","name":"Chronobiology","url":"https:\/\/dev.chronobiology.com\/pt-br\/","logo":{"@type":"ImageObject","inLanguage":"pt-BR","@id":"https:\/\/dev.chronobiology.com\/pt-br\/#\/schema\/logo\/image\/","url":"https:\/\/www.chronobiology.com\/wp-content\/uploads\/2019\/01\/chronobiology_logo_en_r.png","contentUrl":"https:\/\/www.chronobiology.com\/wp-content\/uploads\/2019\/01\/chronobiology_logo_en_r.png","width":375,"height":90,"caption":"Chronobiology"},"image":{"@id":"https:\/\/dev.chronobiology.com\/pt-br\/#\/schema\/logo\/image\/"},"sameAs":["https:\/\/www.facebook.com\/chronobiology","https:\/\/x.com\/chronobionews","https:\/\/www.instagram.com\/chronobiology\/","https:\/\/www.pinterest.com\/chronobiology\/"]}]}},"_links":{"self":[{"href":"https:\/\/dev.chronobiology.com\/pt-br\/wp-json\/wp\/v2\/pages\/39690"}],"collection":[{"href":"https:\/\/dev.chronobiology.com\/pt-br\/wp-json\/wp\/v2\/pages"}],"about":[{"href":"https:\/\/dev.chronobiology.com\/pt-br\/wp-json\/wp\/v2\/types\/page"}],"author":[{"embeddable":true,"href":"https:\/\/dev.chronobiology.com\/pt-br\/wp-json\/wp\/v2\/users\/15"}],"replies":[{"embeddable":true,"href":"https:\/\/dev.chronobiology.com\/pt-br\/wp-json\/wp\/v2\/comments?post=39690"}],"version-history":[{"count":3,"href":"https:\/\/dev.chronobiology.com\/pt-br\/wp-json\/wp\/v2\/pages\/39690\/revisions"}],"predecessor-version":[{"id":43069,"href":"https:\/\/dev.chronobiology.com\/pt-br\/wp-json\/wp\/v2\/pages\/39690\/revisions\/43069"}],"up":[{"embeddable":true,"href":"https:\/\/dev.chronobiology.com\/pt-br\/wp-json\/wp\/v2\/pages\/39720"}],"wp:featuredmedia":[{"embeddable":true,"href":"https:\/\/dev.chronobiology.com\/pt-br\/wp-json\/wp\/v2\/media\/39691"}],"wp:attachment":[{"href":"https:\/\/dev.chronobiology.com\/pt-br\/wp-json\/wp\/v2\/media?parent=39690"}],"wp:term":[{"taxonomy":"category","embeddable":true,"href":"https:\/\/dev.chronobiology.com\/pt-br\/wp-json\/wp\/v2\/categories?post=39690"}],"curies":[{"name":"wp","href":"https:\/\/api.w.org\/{rel}","templated":true}]}}