{"id":39676,"date":"2022-07-06T04:24:43","date_gmt":"2022-07-06T11:24:43","guid":{"rendered":"https:\/\/www.chronobiology.com\/historia-do-melatonin\/"},"modified":"2022-07-20T00:09:27","modified_gmt":"2022-07-20T07:09:27","slug":"historia-do-melatonin","status":"publish","type":"page","link":"https:\/\/dev.chronobiology.com\/pt-br\/melatonin-chronobiology\/historia-do-melatonin\/","title":{"rendered":"Hist\u00f3ria do melatonin"},"content":{"rendered":"<div class=\"wpb-content-wrapper\"><p>[vc_row full_width=&#8221;stretch_row&#8221; el_class=&#8221;banner-top&#8221; css=&#8221;.vc_custom_1479388656340{background-image: url(https:\/\/www.chronobiology.com\/wp-content\/uploads\/2016\/11\/melatonin-banner.jpg?id=11663) !important;}&#8221;][vc_column][vc_custom_heading source=&#8221;post_title&#8221; font_container=&#8221;tag:h1|text_align:center&#8221; use_theme_fonts=&#8221;yes&#8221;][\/vc_column][\/vc_row][vc_row el_class=&#8221;melatoninfacts2&#8243;][vc_column][vc_column_text]<\/p>\n<h2 style=\"text-align: center;\">Hist\u00f3ria<\/h2>\n<p>A melatonina \u00e9 uma subst\u00e2ncia produzida pela gl\u00e2ndula pineal (ep\u00edfise). Este \u00f3rg\u00e3o foi mencionado pela primeira vez por Galen de Pergamon e outros gregos no segundo s\u00e9culo AD. No s\u00e9culo 16 d.C., o fil\u00f3sofo e cientista franc\u00eas Descartes descreveu a gl\u00e2ndula pineal como &#8220;a sede da alma&#8221;.<\/p>\n<p>A pr\u00f3pria melatonina foi descoberta pela primeira vez em 1958 por um dermatologista chamado Aaron Lerner e tem sido amplamente estudada desde os anos 80. Lerner conseguiu extrair uma subst\u00e2ncia da gl\u00e2ndula pineal do gado que tinha um forte efeito branqueador sobre a pele dos anf\u00edbios e chamou esta subst\u00e2ncia de &#8216;melatonina&#8217;. Foi Lerner novamente quem come\u00e7ou a estudar os efeitos que este horm\u00f4nio poderia ter sobre o sono. Ele o testou em si mesmo, tomando 100 mg e n\u00e3o relatou nenhum efeito colateral, exceto sonol\u00eancia. Nos anos 60, todos pensavam que o ritmo luz-escurid\u00e3o fosse mportante para todos os mam\u00edferos, exceto para os humanos. Foi somente em 1981 que Alfred Lewy descobriu que a exposi\u00e7\u00e3o \u00e0 luz brilhante durante as horas noturnas inibia a produ\u00e7\u00e3o end\u00f3gena de melatonina em humanos. Esta descoberta foi um ponto de virada fundamental para a cronobiologia e a pesquisa da melatonina. No in\u00edcio dos anos 90, a melatonina recebeu aten\u00e7\u00e3o crescente \u00e0 medida que estudos revelavam seus efeitos em v\u00e1rios processos do organismo, tais como imunomodula\u00e7\u00e3o, inibi\u00e7\u00e3o do crescimento tumoral, bloqueio de radicais livres e influ\u00eancia nos processos metab\u00f3licos do c\u00e1lcio. A seguir, compartilhamos os resultados de outros estudos sobre a melatonina e seus efeitos multifacetados sobre a sa\u00fade humana.[\/vc_column_text][\/vc_column][\/vc_row]<\/p>\n<\/div>","protected":false},"excerpt":{"rendered":"<p>[vc_row full_width=&#8221;stretch_row&#8221; el_class=&#8221;banner-top&#8221; css=&#8221;.vc_custom_1479388656340{background-image: url(https:\/\/www.chronobiology.com\/wp-content\/uploads\/2016\/11\/melatonin-banner.jpg?id=11663) !important;}&#8221;][vc_column][vc_custom_heading source=&#8221;post_title&#8221; font_container=&#8221;tag:h1|text_align:center&#8221; use_theme_fonts=&#8221;yes&#8221;][\/vc_column][\/vc_row][vc_row el_class=&#8221;melatoninfacts2&#8243;][vc_column][vc_column_text] Hist\u00f3ria A melatonina \u00e9 uma subst\u00e2ncia produzida pela gl\u00e2ndula pineal (ep\u00edfise). Este \u00f3rg\u00e3o foi mencionado pela primeira vez por Galen de Pergamon e outros gregos no segundo s\u00e9culo AD. No s\u00e9culo 16 d.C., o fil\u00f3sofo e cientista franc\u00eas Descartes descreveu a gl\u00e2ndula pineal como &#8220;a [&hellip;]<\/p>\n","protected":false},"author":15,"featured_media":39677,"parent":39720,"menu_order":0,"comment_status":"closed","ping_status":"closed","template":"","meta":{"_acf_changed":false,"_genesis_hide_title":false,"_genesis_hide_breadcrumbs":false,"_genesis_hide_singular_image":false,"_genesis_hide_footer_widgets":false,"_genesis_custom_body_class":"","_genesis_custom_post_class":"","_genesis_layout":"full-width-content","footnotes":""},"categories":[194,192],"class_list":{"0":"post-39676","1":"page","2":"type-page","3":"status-publish","4":"has-post-thumbnail","6":"category-melatonina","7":"category-sono","8":"entry"},"acf":[],"yoast_head":"<!-- This site is optimized with the Yoast SEO Premium plugin v23.4 (Yoast SEO v23.4) - https:\/\/yoast.com\/wordpress\/plugins\/seo\/ -->\n<title>Hist\u00f3ria do melatonin &#8211; Chronobiology.com<\/title>\n<meta name=\"robots\" content=\"index, follow, max-snippet:-1, max-image-preview:large, max-video-preview:-1\" \/>\n<link rel=\"canonical\" href=\"https:\/\/dev.chronobiology.com\/pt-br\/melatonin-chronobiology\/historia-do-melatonin\/\" \/>\n<meta property=\"og:locale\" content=\"pt_BR\" \/>\n<meta property=\"og:type\" content=\"article\" \/>\n<meta property=\"og:title\" content=\"Hist\u00f3ria do melatonin\" \/>\n<meta property=\"og:description\" content=\"[vc_row full_width=&#8221;stretch_row&#8221; el_class=&#8221;banner-top&#8221; css=&#8221;.vc_custom_1479388656340{background-image: url(https:\/\/www.chronobiology.com\/wp-content\/uploads\/2016\/11\/melatonin-banner.jpg?id=11663) !important;}&#8221;][vc_column][vc_custom_heading source=&#8221;post_title&#8221; font_container=&#8221;tag:h1|text_align:center&#8221; use_theme_fonts=&#8221;yes&#8221;][\/vc_column][\/vc_row][vc_row el_class=&#8221;melatoninfacts2&#8243;][vc_column][vc_column_text] Hist\u00f3ria A melatonina \u00e9 uma subst\u00e2ncia produzida pela gl\u00e2ndula pineal (ep\u00edfise). Este \u00f3rg\u00e3o foi mencionado pela primeira vez por Galen de Pergamon e outros gregos no segundo s\u00e9culo AD. No s\u00e9culo 16 d.C., o fil\u00f3sofo e cientista franc\u00eas Descartes descreveu a gl\u00e2ndula pineal como &#8220;a [&hellip;]\" \/>\n<meta property=\"og:url\" content=\"https:\/\/dev.chronobiology.com\/pt-br\/melatonin-chronobiology\/historia-do-melatonin\/\" \/>\n<meta property=\"og:site_name\" content=\"Chronobiology.com\" \/>\n<meta property=\"article:publisher\" content=\"https:\/\/www.facebook.com\/chronobiology\" \/>\n<meta property=\"article:modified_time\" content=\"2022-07-20T07:09:27+00:00\" \/>\n<meta property=\"og:image\" content=\"https:\/\/dev.chronobiology.com\/wp-content\/uploads\/2016\/11\/melatonin-banner.jpg\" \/>\n\t<meta property=\"og:image:width\" content=\"1913\" \/>\n\t<meta property=\"og:image:height\" content=\"478\" \/>\n\t<meta property=\"og:image:type\" content=\"image\/jpeg\" \/>\n<meta name=\"twitter:card\" content=\"summary_large_image\" \/>\n<meta name=\"twitter:site\" content=\"@chronobionews\" \/>\n<meta name=\"twitter:label1\" content=\"Est. tempo de leitura\" \/>\n\t<meta name=\"twitter:data1\" content=\"2 minutos\" \/>\n<script type=\"application\/ld+json\" class=\"yoast-schema-graph\">{\"@context\":\"https:\/\/schema.org\",\"@graph\":[{\"@type\":\"WebPage\",\"@id\":\"https:\/\/dev.chronobiology.com\/pt-br\/melatonin-chronobiology\/historia-do-melatonin\/\",\"url\":\"https:\/\/dev.chronobiology.com\/pt-br\/melatonin-chronobiology\/historia-do-melatonin\/\",\"name\":\"Hist\u00f3ria do melatonin &#8211; Chronobiology.com\",\"isPartOf\":{\"@id\":\"https:\/\/dev.chronobiology.com\/pt-br\/#website\"},\"primaryImageOfPage\":{\"@id\":\"https:\/\/dev.chronobiology.com\/pt-br\/melatonin-chronobiology\/historia-do-melatonin\/#primaryimage\"},\"image\":{\"@id\":\"https:\/\/dev.chronobiology.com\/pt-br\/melatonin-chronobiology\/historia-do-melatonin\/#primaryimage\"},\"thumbnailUrl\":\"https:\/\/dev.chronobiology.com\/wp-content\/uploads\/2016\/11\/melatonin-banner.jpg\",\"datePublished\":\"2022-07-06T11:24:43+00:00\",\"dateModified\":\"2022-07-20T07:09:27+00:00\",\"breadcrumb\":{\"@id\":\"https:\/\/dev.chronobiology.com\/pt-br\/melatonin-chronobiology\/historia-do-melatonin\/#breadcrumb\"},\"inLanguage\":\"pt-BR\",\"potentialAction\":[{\"@type\":\"ReadAction\",\"target\":[\"https:\/\/dev.chronobiology.com\/pt-br\/melatonin-chronobiology\/historia-do-melatonin\/\"]}]},{\"@type\":\"ImageObject\",\"inLanguage\":\"pt-BR\",\"@id\":\"https:\/\/dev.chronobiology.com\/pt-br\/melatonin-chronobiology\/historia-do-melatonin\/#primaryimage\",\"url\":\"https:\/\/dev.chronobiology.com\/wp-content\/uploads\/2016\/11\/melatonin-banner.jpg\",\"contentUrl\":\"https:\/\/dev.chronobiology.com\/wp-content\/uploads\/2016\/11\/melatonin-banner.jpg\",\"width\":1913,\"height\":478},{\"@type\":\"BreadcrumbList\",\"@id\":\"https:\/\/dev.chronobiology.com\/pt-br\/melatonin-chronobiology\/historia-do-melatonin\/#breadcrumb\",\"itemListElement\":[{\"@type\":\"ListItem\",\"position\":1,\"name\":\"Home\",\"item\":\"https:\/\/dev.chronobiology.com\/pt-br\/\"},{\"@type\":\"ListItem\",\"position\":2,\"name\":\"Melatonin &#038; Chronobiology\",\"item\":\"https:\/\/dev.chronobiology.com\/pt-br\/melatonin-chronobiology\/\"},{\"@type\":\"ListItem\",\"position\":3,\"name\":\"Hist\u00f3ria do melatonin\"}]},{\"@type\":\"WebSite\",\"@id\":\"https:\/\/dev.chronobiology.com\/pt-br\/#website\",\"url\":\"https:\/\/dev.chronobiology.com\/pt-br\/\",\"name\":\"Chronobiology.com\",\"description\":\"\",\"publisher\":{\"@id\":\"https:\/\/dev.chronobiology.com\/pt-br\/#organization\"},\"potentialAction\":[{\"@type\":\"SearchAction\",\"target\":{\"@type\":\"EntryPoint\",\"urlTemplate\":\"https:\/\/dev.chronobiology.com\/pt-br\/?s={search_term_string}\"},\"query-input\":{\"@type\":\"PropertyValueSpecification\",\"valueRequired\":true,\"valueName\":\"search_term_string\"}}],\"inLanguage\":\"pt-BR\"},{\"@type\":\"Organization\",\"@id\":\"https:\/\/dev.chronobiology.com\/pt-br\/#organization\",\"name\":\"Chronobiology\",\"url\":\"https:\/\/dev.chronobiology.com\/pt-br\/\",\"logo\":{\"@type\":\"ImageObject\",\"inLanguage\":\"pt-BR\",\"@id\":\"https:\/\/dev.chronobiology.com\/pt-br\/#\/schema\/logo\/image\/\",\"url\":\"https:\/\/www.chronobiology.com\/wp-content\/uploads\/2019\/01\/chronobiology_logo_en_r.png\",\"contentUrl\":\"https:\/\/www.chronobiology.com\/wp-content\/uploads\/2019\/01\/chronobiology_logo_en_r.png\",\"width\":375,\"height\":90,\"caption\":\"Chronobiology\"},\"image\":{\"@id\":\"https:\/\/dev.chronobiology.com\/pt-br\/#\/schema\/logo\/image\/\"},\"sameAs\":[\"https:\/\/www.facebook.com\/chronobiology\",\"https:\/\/x.com\/chronobionews\",\"https:\/\/www.instagram.com\/chronobiology\/\",\"https:\/\/www.pinterest.com\/chronobiology\/\"]}]}<\/script>\n<!-- \/ Yoast SEO Premium plugin. -->","yoast_head_json":{"title":"Hist\u00f3ria do melatonin &#8211; Chronobiology.com","robots":{"index":"index","follow":"follow","max-snippet":"max-snippet:-1","max-image-preview":"max-image-preview:large","max-video-preview":"max-video-preview:-1"},"canonical":"https:\/\/dev.chronobiology.com\/pt-br\/melatonin-chronobiology\/historia-do-melatonin\/","og_locale":"pt_BR","og_type":"article","og_title":"Hist\u00f3ria do melatonin","og_description":"[vc_row full_width=&#8221;stretch_row&#8221; el_class=&#8221;banner-top&#8221; css=&#8221;.vc_custom_1479388656340{background-image: url(https:\/\/www.chronobiology.com\/wp-content\/uploads\/2016\/11\/melatonin-banner.jpg?id=11663) !important;}&#8221;][vc_column][vc_custom_heading source=&#8221;post_title&#8221; font_container=&#8221;tag:h1|text_align:center&#8221; use_theme_fonts=&#8221;yes&#8221;][\/vc_column][\/vc_row][vc_row el_class=&#8221;melatoninfacts2&#8243;][vc_column][vc_column_text] Hist\u00f3ria A melatonina \u00e9 uma subst\u00e2ncia produzida pela gl\u00e2ndula pineal (ep\u00edfise). Este \u00f3rg\u00e3o foi mencionado pela primeira vez por Galen de Pergamon e outros gregos no segundo s\u00e9culo AD. No s\u00e9culo 16 d.C., o fil\u00f3sofo e cientista franc\u00eas Descartes descreveu a gl\u00e2ndula pineal como &#8220;a [&hellip;]","og_url":"https:\/\/dev.chronobiology.com\/pt-br\/melatonin-chronobiology\/historia-do-melatonin\/","og_site_name":"Chronobiology.com","article_publisher":"https:\/\/www.facebook.com\/chronobiology","article_modified_time":"2022-07-20T07:09:27+00:00","og_image":[{"width":1913,"height":478,"url":"https:\/\/dev.chronobiology.com\/wp-content\/uploads\/2016\/11\/melatonin-banner.jpg","type":"image\/jpeg"}],"twitter_card":"summary_large_image","twitter_site":"@chronobionews","twitter_misc":{"Est. tempo de leitura":"2 minutos"},"schema":{"@context":"https:\/\/schema.org","@graph":[{"@type":"WebPage","@id":"https:\/\/dev.chronobiology.com\/pt-br\/melatonin-chronobiology\/historia-do-melatonin\/","url":"https:\/\/dev.chronobiology.com\/pt-br\/melatonin-chronobiology\/historia-do-melatonin\/","name":"Hist\u00f3ria do melatonin &#8211; Chronobiology.com","isPartOf":{"@id":"https:\/\/dev.chronobiology.com\/pt-br\/#website"},"primaryImageOfPage":{"@id":"https:\/\/dev.chronobiology.com\/pt-br\/melatonin-chronobiology\/historia-do-melatonin\/#primaryimage"},"image":{"@id":"https:\/\/dev.chronobiology.com\/pt-br\/melatonin-chronobiology\/historia-do-melatonin\/#primaryimage"},"thumbnailUrl":"https:\/\/dev.chronobiology.com\/wp-content\/uploads\/2016\/11\/melatonin-banner.jpg","datePublished":"2022-07-06T11:24:43+00:00","dateModified":"2022-07-20T07:09:27+00:00","breadcrumb":{"@id":"https:\/\/dev.chronobiology.com\/pt-br\/melatonin-chronobiology\/historia-do-melatonin\/#breadcrumb"},"inLanguage":"pt-BR","potentialAction":[{"@type":"ReadAction","target":["https:\/\/dev.chronobiology.com\/pt-br\/melatonin-chronobiology\/historia-do-melatonin\/"]}]},{"@type":"ImageObject","inLanguage":"pt-BR","@id":"https:\/\/dev.chronobiology.com\/pt-br\/melatonin-chronobiology\/historia-do-melatonin\/#primaryimage","url":"https:\/\/dev.chronobiology.com\/wp-content\/uploads\/2016\/11\/melatonin-banner.jpg","contentUrl":"https:\/\/dev.chronobiology.com\/wp-content\/uploads\/2016\/11\/melatonin-banner.jpg","width":1913,"height":478},{"@type":"BreadcrumbList","@id":"https:\/\/dev.chronobiology.com\/pt-br\/melatonin-chronobiology\/historia-do-melatonin\/#breadcrumb","itemListElement":[{"@type":"ListItem","position":1,"name":"Home","item":"https:\/\/dev.chronobiology.com\/pt-br\/"},{"@type":"ListItem","position":2,"name":"Melatonin &#038; Chronobiology","item":"https:\/\/dev.chronobiology.com\/pt-br\/melatonin-chronobiology\/"},{"@type":"ListItem","position":3,"name":"Hist\u00f3ria do melatonin"}]},{"@type":"WebSite","@id":"https:\/\/dev.chronobiology.com\/pt-br\/#website","url":"https:\/\/dev.chronobiology.com\/pt-br\/","name":"Chronobiology.com","description":"","publisher":{"@id":"https:\/\/dev.chronobiology.com\/pt-br\/#organization"},"potentialAction":[{"@type":"SearchAction","target":{"@type":"EntryPoint","urlTemplate":"https:\/\/dev.chronobiology.com\/pt-br\/?s={search_term_string}"},"query-input":{"@type":"PropertyValueSpecification","valueRequired":true,"valueName":"search_term_string"}}],"inLanguage":"pt-BR"},{"@type":"Organization","@id":"https:\/\/dev.chronobiology.com\/pt-br\/#organization","name":"Chronobiology","url":"https:\/\/dev.chronobiology.com\/pt-br\/","logo":{"@type":"ImageObject","inLanguage":"pt-BR","@id":"https:\/\/dev.chronobiology.com\/pt-br\/#\/schema\/logo\/image\/","url":"https:\/\/www.chronobiology.com\/wp-content\/uploads\/2019\/01\/chronobiology_logo_en_r.png","contentUrl":"https:\/\/www.chronobiology.com\/wp-content\/uploads\/2019\/01\/chronobiology_logo_en_r.png","width":375,"height":90,"caption":"Chronobiology"},"image":{"@id":"https:\/\/dev.chronobiology.com\/pt-br\/#\/schema\/logo\/image\/"},"sameAs":["https:\/\/www.facebook.com\/chronobiology","https:\/\/x.com\/chronobionews","https:\/\/www.instagram.com\/chronobiology\/","https:\/\/www.pinterest.com\/chronobiology\/"]}]}},"_links":{"self":[{"href":"https:\/\/dev.chronobiology.com\/pt-br\/wp-json\/wp\/v2\/pages\/39676"}],"collection":[{"href":"https:\/\/dev.chronobiology.com\/pt-br\/wp-json\/wp\/v2\/pages"}],"about":[{"href":"https:\/\/dev.chronobiology.com\/pt-br\/wp-json\/wp\/v2\/types\/page"}],"author":[{"embeddable":true,"href":"https:\/\/dev.chronobiology.com\/pt-br\/wp-json\/wp\/v2\/users\/15"}],"replies":[{"embeddable":true,"href":"https:\/\/dev.chronobiology.com\/pt-br\/wp-json\/wp\/v2\/comments?post=39676"}],"version-history":[{"count":3,"href":"https:\/\/dev.chronobiology.com\/pt-br\/wp-json\/wp\/v2\/pages\/39676\/revisions"}],"predecessor-version":[{"id":43066,"href":"https:\/\/dev.chronobiology.com\/pt-br\/wp-json\/wp\/v2\/pages\/39676\/revisions\/43066"}],"up":[{"embeddable":true,"href":"https:\/\/dev.chronobiology.com\/pt-br\/wp-json\/wp\/v2\/pages\/39720"}],"wp:featuredmedia":[{"embeddable":true,"href":"https:\/\/dev.chronobiology.com\/pt-br\/wp-json\/wp\/v2\/media\/39677"}],"wp:attachment":[{"href":"https:\/\/dev.chronobiology.com\/pt-br\/wp-json\/wp\/v2\/media?parent=39676"}],"wp:term":[{"taxonomy":"category","embeddable":true,"href":"https:\/\/dev.chronobiology.com\/pt-br\/wp-json\/wp\/v2\/categories?post=39676"}],"curies":[{"name":"wp","href":"https:\/\/api.w.org\/{rel}","templated":true}]}}