{"id":54656,"date":"2023-09-28T07:54:54","date_gmt":"2023-09-28T14:54:54","guid":{"rendered":"https:\/\/www.chronobiology.com\/melatonina-i-chronobiologia\/mechanizm\/"},"modified":"2023-09-29T06:57:16","modified_gmt":"2023-09-29T13:57:16","slug":"mechanizm","status":"publish","type":"page","link":"https:\/\/dev.chronobiology.com\/pl\/melatonina-i-chronobiologia\/mechanizm\/","title":{"rendered":"Mechanizm"},"content":{"rendered":"<div class=\"wpb-content-wrapper\"><p>[vc_row full_width=&#8221;stretch_row&#8221; el_class=&#8221;banner-top&#8221;][vc_column][vc_custom_heading source=&#8221;post_title&#8221; font_container=&#8221;tag:h1|text_align:center&#8221; use_theme_fonts=&#8221;yes&#8221;][\/vc_column][\/vc_row][vc_row el_class=&#8221;melatoninfacts2&#8243;][vc_column][vc_column_text]<\/p>\n<h2 style=\"text-align: center;\">Mechanizm dzia\u0142ania<\/h2>\n<p>Melatonina ma wiele mechanizm\u00f3w, dzi\u0119ki kt\u00f3rym mo\u017ce osi\u0105ga\u0107 r\u00f3\u017cne wyniki w organizmie. W\u015br\u00f3d nich rozr\u00f3\u017cnia si\u0119 efekty za po\u015brednictwem receptora, tj. te, kt\u00f3re dzia\u0142aj\u0105 zgodnie z zasad\u0105 dziurki od klucza, oraz mechanizmy, kt\u00f3re maj\u0105 miejsce nawet bez u\u017cycia miejsc dokowania.<\/p>\n<p>[\/vc_column_text][\/vc_column][\/vc_row][vc_row][vc_column][vc_tta_accordion color=&#8221;turquoise&#8221; gap=&#8221;35&#8243; c_icon=&#8221;chevron&#8221; c_position=&#8221;right&#8221; active_section=&#8221;99&#8243; no_fill=&#8221;true&#8221; collapsible_all=&#8221;true&#8221;][vc_tta_section title=&#8221;Receptory melatoniny&#8221; tab_id=&#8221;1479159301199-fd863768-f6affc8d-716d&#8221;][vc_row_inner css=&#8221;.vc_custom_1479390515497{background-image: url(https:\/\/www.chronobiology.com\/wp-content\/uploads\/2016\/11\/mechanism_1.jpg?id=11685) !important;}&#8221;][vc_column_inner][vc_column_text]Receptory melatoniny mo\u017cna podzieli\u0107 na r\u00f3\u017cne klasy. Rozr\u00f3\u017cnia si\u0119 receptor melatoniny 1 i 2 (MTL1 i MTL2), z kt\u00f3rych ka\u017cdy ma swoj\u0105 specyficzn\u0105 dystrybucj\u0119 i cz\u0119\u015bciowo specyficzn\u0105 funkcj\u0119. Oba s\u0105 tak zwanymi receptorami b\u0142onowymi, na zewn\u0105trz kt\u00f3rych melatonina jest w stanie zadokowa\u0107. Je\u015bli dojdzie do tego rodzaju wi\u0105zania, w\u00f3wczas za po\u015brednictwem okre\u015blonych bia\u0142ek G wewn\u0105trz kom\u00f3rki uruchamiane s\u0105 r\u00f3\u017cne procesy, kt\u00f3re prowadz\u0105 do p\u00f3\u017aniejszego dzia\u0142ania melatoniny na kom\u00f3rk\u0119. Dodatkowo istnieje trzecia klasa receptor\u00f3w, kt\u00f3ra nie jest zakotwiczona w b\u0142onie kom\u00f3rkowej, ale znajduje si\u0119 wewn\u0105trz kom\u00f3rki. Jednak ta klasa receptor\u00f3w wyst\u0119puje tylko u niekt\u00f3rych gatunk\u00f3w zwierz\u0105t i nie odgrywa znacz\u0105cej roli dla ludzi.<\/p>\n<p>Receptory melatoniny 1 i 2 wspomniane powy\u017cej s\u0105 rozmieszczone w wielu narz\u0105dach, gdzie mo\u017cna je znale\u017a\u0107 na okre\u015blonych strukturach kom\u00f3rkowych. Informacja czasowa, kt\u00f3ra bazuje na oscyluj\u0105cym (wahaj\u0105cym si\u0119) st\u0119\u017ceniu melatoniny, przekazywana jest do tkanek i ca\u0142ego organizmu.<\/p>\n<p>Najwi\u0119ksz\u0105 g\u0119sto\u015b\u0107 receptor\u00f3w melatoniny mo\u017cna znale\u017a\u0107 w niekt\u00f3rych obszarach m\u00f3zgu. Warto zauwa\u017cy\u0107, \u017ce ich rozmieszczenie mo\u017ce by\u0107 bardzo r\u00f3\u017cne u r\u00f3\u017cnych gatunk\u00f3w. Na przyk\u0142ad gryzonie i ssaki posiadaj\u0105 receptory g\u0142\u00f3wnie w obszarach kontroluj\u0105cych zegar wewn\u0119trzny i funkcje gonad (narz\u0105dy cia\u0142a, kt\u00f3re s\u0105 potrzebne do produkcji hormon\u00f3w p\u0142ciowych i s\u0142u\u017c\u0105 do reprodukcji), podczas gdy u ludzi inny obszar (opr\u00f3cz zegara wewn\u0119trznego, kt\u00f3ry zawiera najwi\u0119cej receptor\u00f3w) znajduje si\u0119 w m\u00f3\u017cd\u017cku i korze m\u00f3zgowej, ale nie w obszarach kontroluj\u0105cych funkcje gonad. Wyja\u015bnia to, \u017ce funkcja melatoniny zmieni\u0142a si\u0119 w trakcie ewolucji i \u017ce nie wszystkie wyniki, kt\u00f3re mo\u017cna zebra\u0107 z modeli zwierz\u0119cych, mo\u017cna przenie\u015b\u0107 na ludzi jeden do jednego. Opr\u00f3cz receptor\u00f3w w m\u00f3zgu, wiele z tych miejsc wi\u0105zania zosta\u0142o odkrytych w innych narz\u0105dach obwodowych. Kilka z tych narz\u0105d\u00f3w zawieraj\u0105cych receptory melatoniny obejmuje trzustk\u0119, w\u0105trob\u0119, oczy, sk\u00f3r\u0119, niekt\u00f3re naczynia krwiono\u015bne, przew\u00f3d pokarmowy i cz\u0119\u015bci gonad. Dok\u0142adna funkcja tych receptor\u00f3w jest nadal intensywnie badana. Pewne jest, \u017ce te miejsca po\u0142\u0105cze\u0144 odgrywaj\u0105 rol\u0119 w \u0142\u0105czeniu rytmu dzie\u0144\/noc z okre\u015blonymi funkcjami narz\u0105d\u00f3w. Z drugiej strony postuluje si\u0119 r\u00f3wnie\u017c, \u017ce melatonina ma dodatkowe funkcje, kt\u00f3re naj\u0142atwiej opisa\u0107 jako dostrajanie i synchronizowanie interakcji mi\u0119dzy narz\u0105dami.[\/vc_column_text][\/vc_column_inner][\/vc_row_inner][\/vc_tta_section][\/vc_tta_accordion][vc_tta_accordion color=&#8221;turquoise&#8221; gap=&#8221;35&#8243; c_icon=&#8221;chevron&#8221; c_position=&#8221;right&#8221; active_section=&#8221;99&#8243; no_fill=&#8221;true&#8221; collapsible_all=&#8221;true&#8221;][vc_tta_section title=&#8221;Radical Scavengers&#8221; tab_id=&#8221;1480969757168-be328310-c9dc&#8221;][vc_row_inner css=&#8221;.vc_custom_1479390486079{background-image: url(https:\/\/www.chronobiology.com\/wp-content\/uploads\/2016\/11\/mechanism_2.jpg?id=11684) !important;}&#8221;][vc_column_inner][vc_column_text]Opr\u00f3cz opisanej powy\u017cej funkcji melatoniny polegaj\u0105cej na przenoszeniu receptor\u00f3w, ma ona r\u00f3wnie\u017c dzia\u0142anie antyoksydacyjne. W tym przypadku nie wymaga ona specyficznych miejsc wi\u0105zania, ale zamiast tego dzia\u0142a jako silny zmiatacz rodnik\u00f3w. Wyniki eksperyment\u00f3w na zwierz\u0119tach mo\u017cna bezpo\u015brednio przenie\u015b\u0107 na ludzi, poniewa\u017c funkcja ta wynika wy\u0142\u0105cznie ze struktury molekularnej melatoniny. Poniewa\u017c melatonina mo\u017ce wnika\u0107 do prawie wszystkich kom\u00f3rek, jest w stanie chroni\u0107 wszystkie narz\u0105dy, gdy tylko jest obecna. Bior\u0105c pod uwag\u0119 fakt, \u017ce hormon ten jest produkowany g\u0142\u00f3wnie w nocy i mo\u017ce bardzo \u0142atwo przenika\u0107 przez barier\u0119 krew-m\u00f3zg, mo\u017ce odgrywa\u0107 rol\u0119 zapobiegawcz\u0105 przeciwko zaburzeniom oksydacyjnym zar\u00f3wno w kom\u00f3rkach nerwowych m\u00f3zgu, jak i w innych narz\u0105dach podczas snu w nocy. Pomaga to r\u00f3wnie\u017c wyja\u015bni\u0107 szereg pozytywnych efekt\u00f3w melatoniny, kt\u00f3re nie s\u0105 bezpo\u015brednio zwi\u0105zane z jej interakcj\u0105 z okre\u015blonymi receptorami, ale opieraj\u0105 si\u0119 na jej w\u0142a\u015bciwo\u015bciach wychwytywania rodnik\u00f3w, zar\u00f3wno u zwierz\u0105t, jak i ludzi.[\/vc_column_text][\/vc_column_inner][\/vc_row_inner][\/vc_tta_section][\/vc_tta_accordion][\/vc_column][\/vc_row]<\/p>\n<\/div>","protected":false},"excerpt":{"rendered":"<p>[vc_row full_width=&#8221;stretch_row&#8221; el_class=&#8221;banner-top&#8221;][vc_column][vc_custom_heading source=&#8221;post_title&#8221; font_container=&#8221;tag:h1|text_align:center&#8221; use_theme_fonts=&#8221;yes&#8221;][\/vc_column][\/vc_row][vc_row el_class=&#8221;melatoninfacts2&#8243;][vc_column][vc_column_text] Mechanizm dzia\u0142ania Melatonina ma wiele mechanizm\u00f3w, dzi\u0119ki kt\u00f3rym mo\u017ce osi\u0105ga\u0107 r\u00f3\u017cne wyniki w organizmie. W\u015br\u00f3d nich rozr\u00f3\u017cnia si\u0119 efekty za po\u015brednictwem receptora, tj. te, kt\u00f3re dzia\u0142aj\u0105 zgodnie z zasad\u0105 dziurki od klucza, oraz mechanizmy, kt\u00f3re maj\u0105 miejsce nawet bez u\u017cycia miejsc dokowania. [\/vc_column_text][\/vc_column][\/vc_row][vc_row][vc_column][vc_tta_accordion color=&#8221;turquoise&#8221; gap=&#8221;35&#8243; c_icon=&#8221;chevron&#8221; c_position=&#8221;right&#8221; active_section=&#8221;99&#8243; [&hellip;]<\/p>\n","protected":false},"author":15,"featured_media":48514,"parent":54644,"menu_order":0,"comment_status":"closed","ping_status":"closed","template":"","meta":{"_acf_changed":false,"_genesis_hide_title":false,"_genesis_hide_breadcrumbs":false,"_genesis_hide_singular_image":false,"_genesis_hide_footer_widgets":false,"_genesis_custom_body_class":"","_genesis_custom_post_class":"","_genesis_layout":"full-width-content","footnotes":""},"categories":[351,349],"class_list":{"0":"post-54656","1":"page","2":"type-page","3":"status-publish","4":"has-post-thumbnail","6":"category-melatonina-pl","7":"category-sen","8":"entry"},"acf":[],"yoast_head":"<!-- This site is optimized with the Yoast SEO Premium plugin v23.4 (Yoast SEO v23.4) - https:\/\/yoast.com\/wordpress\/plugins\/seo\/ -->\n<title>Mechanizm &#8211; Chronobiology.com<\/title>\n<meta name=\"robots\" content=\"index, follow, max-snippet:-1, max-image-preview:large, max-video-preview:-1\" \/>\n<link rel=\"canonical\" href=\"https:\/\/dev.chronobiology.com\/pl\/melatonina-i-chronobiologia\/mechanizm\/\" \/>\n<meta property=\"og:locale\" content=\"pl_PL\" \/>\n<meta property=\"og:type\" content=\"article\" \/>\n<meta property=\"og:title\" content=\"Mechanizm\" \/>\n<meta property=\"og:description\" content=\"[vc_row full_width=&#8221;stretch_row&#8221; el_class=&#8221;banner-top&#8221;][vc_column][vc_custom_heading source=&#8221;post_title&#8221; font_container=&#8221;tag:h1|text_align:center&#8221; use_theme_fonts=&#8221;yes&#8221;][\/vc_column][\/vc_row][vc_row el_class=&#8221;melatoninfacts2&#8243;][vc_column][vc_column_text] Mechanizm dzia\u0142ania Melatonina ma wiele mechanizm\u00f3w, dzi\u0119ki kt\u00f3rym mo\u017ce osi\u0105ga\u0107 r\u00f3\u017cne wyniki w organizmie. W\u015br\u00f3d nich rozr\u00f3\u017cnia si\u0119 efekty za po\u015brednictwem receptora, tj. te, kt\u00f3re dzia\u0142aj\u0105 zgodnie z zasad\u0105 dziurki od klucza, oraz mechanizmy, kt\u00f3re maj\u0105 miejsce nawet bez u\u017cycia miejsc dokowania. [\/vc_column_text][\/vc_column][\/vc_row][vc_row][vc_column][vc_tta_accordion color=&#8221;turquoise&#8221; gap=&#8221;35&#8243; c_icon=&#8221;chevron&#8221; c_position=&#8221;right&#8221; active_section=&#8221;99&#8243; [&hellip;]\" \/>\n<meta property=\"og:url\" content=\"https:\/\/dev.chronobiology.com\/pl\/melatonina-i-chronobiologia\/mechanizm\/\" \/>\n<meta property=\"og:site_name\" content=\"Chronobiology.com\" \/>\n<meta property=\"article:publisher\" content=\"https:\/\/www.facebook.com\/chronobiology\" \/>\n<meta property=\"article:modified_time\" content=\"2023-09-29T13:57:16+00:00\" \/>\n<meta property=\"og:image\" content=\"https:\/\/dev.chronobiology.com\/wp-content\/uploads\/2016\/11\/melatonin-mechanism-banner.jpg\" \/>\n\t<meta property=\"og:image:width\" content=\"1921\" \/>\n\t<meta property=\"og:image:height\" content=\"479\" \/>\n\t<meta property=\"og:image:type\" content=\"image\/jpeg\" \/>\n<meta name=\"twitter:card\" content=\"summary_large_image\" \/>\n<meta name=\"twitter:site\" content=\"@chronobionews\" \/>\n<meta name=\"twitter:label1\" content=\"Szacowany czas czytania\" \/>\n\t<meta name=\"twitter:data1\" content=\"4 minuty\" \/>\n<script type=\"application\/ld+json\" class=\"yoast-schema-graph\">{\"@context\":\"https:\/\/schema.org\",\"@graph\":[{\"@type\":\"WebPage\",\"@id\":\"https:\/\/dev.chronobiology.com\/pl\/melatonina-i-chronobiologia\/mechanizm\/\",\"url\":\"https:\/\/dev.chronobiology.com\/pl\/melatonina-i-chronobiologia\/mechanizm\/\",\"name\":\"Mechanizm &#8211; Chronobiology.com\",\"isPartOf\":{\"@id\":\"https:\/\/dev.chronobiology.com\/pl\/#website\"},\"primaryImageOfPage\":{\"@id\":\"https:\/\/dev.chronobiology.com\/pl\/melatonina-i-chronobiologia\/mechanizm\/#primaryimage\"},\"image\":{\"@id\":\"https:\/\/dev.chronobiology.com\/pl\/melatonina-i-chronobiologia\/mechanizm\/#primaryimage\"},\"thumbnailUrl\":\"https:\/\/dev.chronobiology.com\/wp-content\/uploads\/2016\/11\/melatonin-mechanism-banner.jpg\",\"datePublished\":\"2023-09-28T14:54:54+00:00\",\"dateModified\":\"2023-09-29T13:57:16+00:00\",\"breadcrumb\":{\"@id\":\"https:\/\/dev.chronobiology.com\/pl\/melatonina-i-chronobiologia\/mechanizm\/#breadcrumb\"},\"inLanguage\":\"pl-PL\",\"potentialAction\":[{\"@type\":\"ReadAction\",\"target\":[\"https:\/\/dev.chronobiology.com\/pl\/melatonina-i-chronobiologia\/mechanizm\/\"]}]},{\"@type\":\"ImageObject\",\"inLanguage\":\"pl-PL\",\"@id\":\"https:\/\/dev.chronobiology.com\/pl\/melatonina-i-chronobiologia\/mechanizm\/#primaryimage\",\"url\":\"https:\/\/dev.chronobiology.com\/wp-content\/uploads\/2016\/11\/melatonin-mechanism-banner.jpg\",\"contentUrl\":\"https:\/\/dev.chronobiology.com\/wp-content\/uploads\/2016\/11\/melatonin-mechanism-banner.jpg\",\"width\":1921,\"height\":479},{\"@type\":\"BreadcrumbList\",\"@id\":\"https:\/\/dev.chronobiology.com\/pl\/melatonina-i-chronobiologia\/mechanizm\/#breadcrumb\",\"itemListElement\":[{\"@type\":\"ListItem\",\"position\":1,\"name\":\"Home\",\"item\":\"https:\/\/dev.chronobiology.com\/pl\/\"},{\"@type\":\"ListItem\",\"position\":2,\"name\":\"Melatonina i chronobiologia\",\"item\":\"https:\/\/dev.chronobiology.com\/pl\/melatonina-i-chronobiologia\/\"},{\"@type\":\"ListItem\",\"position\":3,\"name\":\"Mechanizm\"}]},{\"@type\":\"WebSite\",\"@id\":\"https:\/\/dev.chronobiology.com\/pl\/#website\",\"url\":\"https:\/\/dev.chronobiology.com\/pl\/\",\"name\":\"Chronobiology.com\",\"description\":\"\",\"publisher\":{\"@id\":\"https:\/\/dev.chronobiology.com\/pl\/#organization\"},\"potentialAction\":[{\"@type\":\"SearchAction\",\"target\":{\"@type\":\"EntryPoint\",\"urlTemplate\":\"https:\/\/dev.chronobiology.com\/pl\/?s={search_term_string}\"},\"query-input\":{\"@type\":\"PropertyValueSpecification\",\"valueRequired\":true,\"valueName\":\"search_term_string\"}}],\"inLanguage\":\"pl-PL\"},{\"@type\":\"Organization\",\"@id\":\"https:\/\/dev.chronobiology.com\/pl\/#organization\",\"name\":\"Chronobiology\",\"url\":\"https:\/\/dev.chronobiology.com\/pl\/\",\"logo\":{\"@type\":\"ImageObject\",\"inLanguage\":\"pl-PL\",\"@id\":\"https:\/\/dev.chronobiology.com\/pl\/#\/schema\/logo\/image\/\",\"url\":\"https:\/\/www.chronobiology.com\/wp-content\/uploads\/2019\/01\/chronobiology_logo_en_r.png\",\"contentUrl\":\"https:\/\/www.chronobiology.com\/wp-content\/uploads\/2019\/01\/chronobiology_logo_en_r.png\",\"width\":375,\"height\":90,\"caption\":\"Chronobiology\"},\"image\":{\"@id\":\"https:\/\/dev.chronobiology.com\/pl\/#\/schema\/logo\/image\/\"},\"sameAs\":[\"https:\/\/www.facebook.com\/chronobiology\",\"https:\/\/x.com\/chronobionews\",\"https:\/\/www.instagram.com\/chronobiology\/\",\"https:\/\/www.pinterest.com\/chronobiology\/\"]}]}<\/script>\n<!-- \/ Yoast SEO Premium plugin. -->","yoast_head_json":{"title":"Mechanizm &#8211; Chronobiology.com","robots":{"index":"index","follow":"follow","max-snippet":"max-snippet:-1","max-image-preview":"max-image-preview:large","max-video-preview":"max-video-preview:-1"},"canonical":"https:\/\/dev.chronobiology.com\/pl\/melatonina-i-chronobiologia\/mechanizm\/","og_locale":"pl_PL","og_type":"article","og_title":"Mechanizm","og_description":"[vc_row full_width=&#8221;stretch_row&#8221; el_class=&#8221;banner-top&#8221;][vc_column][vc_custom_heading source=&#8221;post_title&#8221; font_container=&#8221;tag:h1|text_align:center&#8221; use_theme_fonts=&#8221;yes&#8221;][\/vc_column][\/vc_row][vc_row el_class=&#8221;melatoninfacts2&#8243;][vc_column][vc_column_text] Mechanizm dzia\u0142ania Melatonina ma wiele mechanizm\u00f3w, dzi\u0119ki kt\u00f3rym mo\u017ce osi\u0105ga\u0107 r\u00f3\u017cne wyniki w organizmie. W\u015br\u00f3d nich rozr\u00f3\u017cnia si\u0119 efekty za po\u015brednictwem receptora, tj. te, kt\u00f3re dzia\u0142aj\u0105 zgodnie z zasad\u0105 dziurki od klucza, oraz mechanizmy, kt\u00f3re maj\u0105 miejsce nawet bez u\u017cycia miejsc dokowania. [\/vc_column_text][\/vc_column][\/vc_row][vc_row][vc_column][vc_tta_accordion color=&#8221;turquoise&#8221; gap=&#8221;35&#8243; c_icon=&#8221;chevron&#8221; c_position=&#8221;right&#8221; active_section=&#8221;99&#8243; [&hellip;]","og_url":"https:\/\/dev.chronobiology.com\/pl\/melatonina-i-chronobiologia\/mechanizm\/","og_site_name":"Chronobiology.com","article_publisher":"https:\/\/www.facebook.com\/chronobiology","article_modified_time":"2023-09-29T13:57:16+00:00","og_image":[{"width":1921,"height":479,"url":"https:\/\/dev.chronobiology.com\/wp-content\/uploads\/2016\/11\/melatonin-mechanism-banner.jpg","type":"image\/jpeg"}],"twitter_card":"summary_large_image","twitter_site":"@chronobionews","twitter_misc":{"Szacowany czas czytania":"4 minuty"},"schema":{"@context":"https:\/\/schema.org","@graph":[{"@type":"WebPage","@id":"https:\/\/dev.chronobiology.com\/pl\/melatonina-i-chronobiologia\/mechanizm\/","url":"https:\/\/dev.chronobiology.com\/pl\/melatonina-i-chronobiologia\/mechanizm\/","name":"Mechanizm &#8211; Chronobiology.com","isPartOf":{"@id":"https:\/\/dev.chronobiology.com\/pl\/#website"},"primaryImageOfPage":{"@id":"https:\/\/dev.chronobiology.com\/pl\/melatonina-i-chronobiologia\/mechanizm\/#primaryimage"},"image":{"@id":"https:\/\/dev.chronobiology.com\/pl\/melatonina-i-chronobiologia\/mechanizm\/#primaryimage"},"thumbnailUrl":"https:\/\/dev.chronobiology.com\/wp-content\/uploads\/2016\/11\/melatonin-mechanism-banner.jpg","datePublished":"2023-09-28T14:54:54+00:00","dateModified":"2023-09-29T13:57:16+00:00","breadcrumb":{"@id":"https:\/\/dev.chronobiology.com\/pl\/melatonina-i-chronobiologia\/mechanizm\/#breadcrumb"},"inLanguage":"pl-PL","potentialAction":[{"@type":"ReadAction","target":["https:\/\/dev.chronobiology.com\/pl\/melatonina-i-chronobiologia\/mechanizm\/"]}]},{"@type":"ImageObject","inLanguage":"pl-PL","@id":"https:\/\/dev.chronobiology.com\/pl\/melatonina-i-chronobiologia\/mechanizm\/#primaryimage","url":"https:\/\/dev.chronobiology.com\/wp-content\/uploads\/2016\/11\/melatonin-mechanism-banner.jpg","contentUrl":"https:\/\/dev.chronobiology.com\/wp-content\/uploads\/2016\/11\/melatonin-mechanism-banner.jpg","width":1921,"height":479},{"@type":"BreadcrumbList","@id":"https:\/\/dev.chronobiology.com\/pl\/melatonina-i-chronobiologia\/mechanizm\/#breadcrumb","itemListElement":[{"@type":"ListItem","position":1,"name":"Home","item":"https:\/\/dev.chronobiology.com\/pl\/"},{"@type":"ListItem","position":2,"name":"Melatonina i chronobiologia","item":"https:\/\/dev.chronobiology.com\/pl\/melatonina-i-chronobiologia\/"},{"@type":"ListItem","position":3,"name":"Mechanizm"}]},{"@type":"WebSite","@id":"https:\/\/dev.chronobiology.com\/pl\/#website","url":"https:\/\/dev.chronobiology.com\/pl\/","name":"Chronobiology.com","description":"","publisher":{"@id":"https:\/\/dev.chronobiology.com\/pl\/#organization"},"potentialAction":[{"@type":"SearchAction","target":{"@type":"EntryPoint","urlTemplate":"https:\/\/dev.chronobiology.com\/pl\/?s={search_term_string}"},"query-input":{"@type":"PropertyValueSpecification","valueRequired":true,"valueName":"search_term_string"}}],"inLanguage":"pl-PL"},{"@type":"Organization","@id":"https:\/\/dev.chronobiology.com\/pl\/#organization","name":"Chronobiology","url":"https:\/\/dev.chronobiology.com\/pl\/","logo":{"@type":"ImageObject","inLanguage":"pl-PL","@id":"https:\/\/dev.chronobiology.com\/pl\/#\/schema\/logo\/image\/","url":"https:\/\/www.chronobiology.com\/wp-content\/uploads\/2019\/01\/chronobiology_logo_en_r.png","contentUrl":"https:\/\/www.chronobiology.com\/wp-content\/uploads\/2019\/01\/chronobiology_logo_en_r.png","width":375,"height":90,"caption":"Chronobiology"},"image":{"@id":"https:\/\/dev.chronobiology.com\/pl\/#\/schema\/logo\/image\/"},"sameAs":["https:\/\/www.facebook.com\/chronobiology","https:\/\/x.com\/chronobionews","https:\/\/www.instagram.com\/chronobiology\/","https:\/\/www.pinterest.com\/chronobiology\/"]}]}},"_links":{"self":[{"href":"https:\/\/dev.chronobiology.com\/pl\/wp-json\/wp\/v2\/pages\/54656"}],"collection":[{"href":"https:\/\/dev.chronobiology.com\/pl\/wp-json\/wp\/v2\/pages"}],"about":[{"href":"https:\/\/dev.chronobiology.com\/pl\/wp-json\/wp\/v2\/types\/page"}],"author":[{"embeddable":true,"href":"https:\/\/dev.chronobiology.com\/pl\/wp-json\/wp\/v2\/users\/15"}],"replies":[{"embeddable":true,"href":"https:\/\/dev.chronobiology.com\/pl\/wp-json\/wp\/v2\/comments?post=54656"}],"version-history":[{"count":5,"href":"https:\/\/dev.chronobiology.com\/pl\/wp-json\/wp\/v2\/pages\/54656\/revisions"}],"predecessor-version":[{"id":54673,"href":"https:\/\/dev.chronobiology.com\/pl\/wp-json\/wp\/v2\/pages\/54656\/revisions\/54673"}],"up":[{"embeddable":true,"href":"https:\/\/dev.chronobiology.com\/pl\/wp-json\/wp\/v2\/pages\/54644"}],"wp:featuredmedia":[{"embeddable":true,"href":"https:\/\/dev.chronobiology.com\/pl\/wp-json\/wp\/v2\/media\/48514"}],"wp:attachment":[{"href":"https:\/\/dev.chronobiology.com\/pl\/wp-json\/wp\/v2\/media?parent=54656"}],"wp:term":[{"taxonomy":"category","embeddable":true,"href":"https:\/\/dev.chronobiology.com\/pl\/wp-json\/wp\/v2\/categories?post=54656"}],"curies":[{"name":"wp","href":"https:\/\/api.w.org\/{rel}","templated":true}]}}