{"id":54647,"date":"2023-09-28T03:03:32","date_gmt":"2023-09-28T10:03:32","guid":{"rendered":"https:\/\/www.chronobiology.com\/melatonina-i-chronobiologia\/dawkowanie-i-mozliwe-skutki-uboczne\/"},"modified":"2023-09-28T03:03:33","modified_gmt":"2023-09-28T10:03:33","slug":"dawkowanie-i-mozliwe-skutki-uboczne","status":"publish","type":"page","link":"https:\/\/dev.chronobiology.com\/pl\/melatonina-i-chronobiologia\/dawkowanie-i-mozliwe-skutki-uboczne\/","title":{"rendered":"Dawkowanie i mo\u017cliwe skutki uboczne"},"content":{"rendered":"<div class=\"wpb-content-wrapper\"><p>[vc_row full_width=&#8221;stretch_row&#8221; el_class=&#8221;banner-top&#8221; css=&#8221;.vc_custom_1479394022290{background-image: url(https:\/\/www.chronobiology.com\/wp-content\/uploads\/2016\/11\/melatonin_dosage_banner.jpg?id=11718) !important;}&#8221;][vc_column][vc_custom_heading source=&#8221;post_title&#8221; font_container=&#8221;tag:h1|text_align:center&#8221; use_theme_fonts=&#8221;yes&#8221;][\/vc_column][\/vc_row][vc_row el_class=&#8221;melatoninfacts2&#8243;][vc_column][vc_column_text]<\/p>\n<h2 style=\"text-align: center;\">Dawkowanie i mo\u017cliwe skutki uboczne<\/h2>\n<p>Obecnie nadal nie ma jednolitych wytycznych dotycz\u0105cych dawkowania, zgodnie z kt\u00f3rymi melatonina powinna by\u0107 podawana w zale\u017cno\u015bci od r\u00f3\u017cnych wskaza\u0144. W r\u00f3\u017cnych badaniach klinicznych stosowano dawki od 0,5 mg lub mniej do 25 mg lub wi\u0119cej, co utrudnia por\u00f3wnanie wynik\u00f3w. Ponadto stosowano r\u00f3\u017cne preparaty, takie jak melatonina o szybkim uwalnianiu lub chronobiologicznie po\u0142\u0105czona\/pulsuj\u0105ca, wi\u0119c por\u00f3wnanie nie jest tutaj jasne. Je\u015bli jednak podsumuje si\u0119 wszystkie zebrane do tej pory dane, w\u00f3wczas poni\u017csze zalecenia dotycz\u0105ce dawkowania mo\u017cna uzna\u0107 za odpowiednie: W ramach tak zwanej chronoterapii, kt\u00f3ra pomaga zresetowa\u0107 wewn\u0119trzny zegar, wystarczaj\u0105ce s\u0105 dawki od 0,5 mg do 1 mg szybko uwalnianego preparatu. Skuteczne okaza\u0142o si\u0119 r\u00f3wnie\u017c pulsacyjne podawanie do 3 mg. Jest to szczeg\u00f3lnie prawdziwe w przypadku pracy zmianowej i\/lub jetlagu. Czas spo\u017cycia dostosowuje si\u0119 do nowej strefy czasowej dla jetlag i fazy odpoczynku w\u015br\u00f3d pracownik\u00f3w zmianowych.<\/p>\n<p>&nbsp;<\/p>\n<p>[\/vc_column_text][\/vc_column][\/vc_row]<\/p>\n<\/div>","protected":false},"excerpt":{"rendered":"<p>[vc_row full_width=&#8221;stretch_row&#8221; el_class=&#8221;banner-top&#8221; css=&#8221;.vc_custom_1479394022290{background-image: url(https:\/\/www.chronobiology.com\/wp-content\/uploads\/2016\/11\/melatonin_dosage_banner.jpg?id=11718) !important;}&#8221;][vc_column][vc_custom_heading source=&#8221;post_title&#8221; font_container=&#8221;tag:h1|text_align:center&#8221; use_theme_fonts=&#8221;yes&#8221;][\/vc_column][\/vc_row][vc_row el_class=&#8221;melatoninfacts2&#8243;][vc_column][vc_column_text] Dawkowanie i mo\u017cliwe skutki uboczne Obecnie nadal nie ma jednolitych wytycznych dotycz\u0105cych dawkowania, zgodnie z kt\u00f3rymi melatonina powinna by\u0107 podawana w zale\u017cno\u015bci od r\u00f3\u017cnych wskaza\u0144. W r\u00f3\u017cnych badaniach klinicznych stosowano dawki od 0,5 mg lub mniej do 25 mg lub wi\u0119cej, co utrudnia por\u00f3wnanie wynik\u00f3w. [&hellip;]<\/p>\n","protected":false},"author":15,"featured_media":48574,"parent":54644,"menu_order":0,"comment_status":"closed","ping_status":"closed","template":"","meta":{"_acf_changed":false,"_genesis_hide_title":false,"_genesis_hide_breadcrumbs":false,"_genesis_hide_singular_image":false,"_genesis_hide_footer_widgets":false,"_genesis_custom_body_class":"","_genesis_custom_post_class":"","_genesis_layout":"full-width-content","footnotes":""},"categories":[351,349],"class_list":{"0":"post-54647","1":"page","2":"type-page","3":"status-publish","4":"has-post-thumbnail","6":"category-melatonina-pl","7":"category-sen","8":"entry"},"acf":[],"yoast_head":"<!-- This site is optimized with the Yoast SEO Premium plugin v23.4 (Yoast SEO v23.4) - https:\/\/yoast.com\/wordpress\/plugins\/seo\/ -->\n<title>Dawkowanie i mo\u017cliwe skutki uboczne &#8211; Chronobiology.com<\/title>\n<meta name=\"robots\" content=\"index, follow, max-snippet:-1, max-image-preview:large, max-video-preview:-1\" \/>\n<link rel=\"canonical\" href=\"https:\/\/dev.chronobiology.com\/pl\/melatonina-i-chronobiologia\/dawkowanie-i-mozliwe-skutki-uboczne\/\" \/>\n<meta property=\"og:locale\" content=\"pl_PL\" \/>\n<meta property=\"og:type\" content=\"article\" \/>\n<meta property=\"og:title\" content=\"Dawkowanie i mo\u017cliwe skutki uboczne\" \/>\n<meta property=\"og:description\" content=\"[vc_row full_width=&#8221;stretch_row&#8221; el_class=&#8221;banner-top&#8221; css=&#8221;.vc_custom_1479394022290{background-image: url(https:\/\/www.chronobiology.com\/wp-content\/uploads\/2016\/11\/melatonin_dosage_banner.jpg?id=11718) !important;}&#8221;][vc_column][vc_custom_heading source=&#8221;post_title&#8221; font_container=&#8221;tag:h1|text_align:center&#8221; use_theme_fonts=&#8221;yes&#8221;][\/vc_column][\/vc_row][vc_row el_class=&#8221;melatoninfacts2&#8243;][vc_column][vc_column_text] Dawkowanie i mo\u017cliwe skutki uboczne Obecnie nadal nie ma jednolitych wytycznych dotycz\u0105cych dawkowania, zgodnie z kt\u00f3rymi melatonina powinna by\u0107 podawana w zale\u017cno\u015bci od r\u00f3\u017cnych wskaza\u0144. W r\u00f3\u017cnych badaniach klinicznych stosowano dawki od 0,5 mg lub mniej do 25 mg lub wi\u0119cej, co utrudnia por\u00f3wnanie wynik\u00f3w. [&hellip;]\" \/>\n<meta property=\"og:url\" content=\"https:\/\/dev.chronobiology.com\/pl\/melatonina-i-chronobiologia\/dawkowanie-i-mozliwe-skutki-uboczne\/\" \/>\n<meta property=\"og:site_name\" content=\"Chronobiology.com\" \/>\n<meta property=\"article:publisher\" content=\"https:\/\/www.facebook.com\/chronobiology\" \/>\n<meta property=\"article:modified_time\" content=\"2023-09-28T10:03:33+00:00\" \/>\n<meta property=\"og:image\" content=\"https:\/\/dev.chronobiology.com\/wp-content\/uploads\/2016\/11\/melatonin_dosage_banner.jpg\" \/>\n\t<meta property=\"og:image:width\" content=\"1905\" \/>\n\t<meta property=\"og:image:height\" content=\"473\" \/>\n\t<meta property=\"og:image:type\" content=\"image\/jpeg\" \/>\n<meta name=\"twitter:card\" content=\"summary_large_image\" \/>\n<meta name=\"twitter:site\" content=\"@chronobionews\" \/>\n<meta name=\"twitter:label1\" content=\"Szacowany czas czytania\" \/>\n\t<meta name=\"twitter:data1\" content=\"1 minuta\" \/>\n<script type=\"application\/ld+json\" class=\"yoast-schema-graph\">{\"@context\":\"https:\/\/schema.org\",\"@graph\":[{\"@type\":\"WebPage\",\"@id\":\"https:\/\/dev.chronobiology.com\/pl\/melatonina-i-chronobiologia\/dawkowanie-i-mozliwe-skutki-uboczne\/\",\"url\":\"https:\/\/dev.chronobiology.com\/pl\/melatonina-i-chronobiologia\/dawkowanie-i-mozliwe-skutki-uboczne\/\",\"name\":\"Dawkowanie i mo\u017cliwe skutki uboczne &#8211; Chronobiology.com\",\"isPartOf\":{\"@id\":\"https:\/\/dev.chronobiology.com\/pl\/#website\"},\"primaryImageOfPage\":{\"@id\":\"https:\/\/dev.chronobiology.com\/pl\/melatonina-i-chronobiologia\/dawkowanie-i-mozliwe-skutki-uboczne\/#primaryimage\"},\"image\":{\"@id\":\"https:\/\/dev.chronobiology.com\/pl\/melatonina-i-chronobiologia\/dawkowanie-i-mozliwe-skutki-uboczne\/#primaryimage\"},\"thumbnailUrl\":\"https:\/\/dev.chronobiology.com\/wp-content\/uploads\/2016\/11\/melatonin_dosage_banner.jpg\",\"datePublished\":\"2023-09-28T10:03:32+00:00\",\"dateModified\":\"2023-09-28T10:03:33+00:00\",\"breadcrumb\":{\"@id\":\"https:\/\/dev.chronobiology.com\/pl\/melatonina-i-chronobiologia\/dawkowanie-i-mozliwe-skutki-uboczne\/#breadcrumb\"},\"inLanguage\":\"pl-PL\",\"potentialAction\":[{\"@type\":\"ReadAction\",\"target\":[\"https:\/\/dev.chronobiology.com\/pl\/melatonina-i-chronobiologia\/dawkowanie-i-mozliwe-skutki-uboczne\/\"]}]},{\"@type\":\"ImageObject\",\"inLanguage\":\"pl-PL\",\"@id\":\"https:\/\/dev.chronobiology.com\/pl\/melatonina-i-chronobiologia\/dawkowanie-i-mozliwe-skutki-uboczne\/#primaryimage\",\"url\":\"https:\/\/dev.chronobiology.com\/wp-content\/uploads\/2016\/11\/melatonin_dosage_banner.jpg\",\"contentUrl\":\"https:\/\/dev.chronobiology.com\/wp-content\/uploads\/2016\/11\/melatonin_dosage_banner.jpg\",\"width\":1905,\"height\":473},{\"@type\":\"BreadcrumbList\",\"@id\":\"https:\/\/dev.chronobiology.com\/pl\/melatonina-i-chronobiologia\/dawkowanie-i-mozliwe-skutki-uboczne\/#breadcrumb\",\"itemListElement\":[{\"@type\":\"ListItem\",\"position\":1,\"name\":\"Home\",\"item\":\"https:\/\/dev.chronobiology.com\/pl\/\"},{\"@type\":\"ListItem\",\"position\":2,\"name\":\"Melatonina i chronobiologia\",\"item\":\"https:\/\/dev.chronobiology.com\/pl\/melatonina-i-chronobiologia\/\"},{\"@type\":\"ListItem\",\"position\":3,\"name\":\"Dawkowanie i mo\u017cliwe skutki uboczne\"}]},{\"@type\":\"WebSite\",\"@id\":\"https:\/\/dev.chronobiology.com\/pl\/#website\",\"url\":\"https:\/\/dev.chronobiology.com\/pl\/\",\"name\":\"Chronobiology.com\",\"description\":\"\",\"publisher\":{\"@id\":\"https:\/\/dev.chronobiology.com\/pl\/#organization\"},\"potentialAction\":[{\"@type\":\"SearchAction\",\"target\":{\"@type\":\"EntryPoint\",\"urlTemplate\":\"https:\/\/dev.chronobiology.com\/pl\/?s={search_term_string}\"},\"query-input\":{\"@type\":\"PropertyValueSpecification\",\"valueRequired\":true,\"valueName\":\"search_term_string\"}}],\"inLanguage\":\"pl-PL\"},{\"@type\":\"Organization\",\"@id\":\"https:\/\/dev.chronobiology.com\/pl\/#organization\",\"name\":\"Chronobiology\",\"url\":\"https:\/\/dev.chronobiology.com\/pl\/\",\"logo\":{\"@type\":\"ImageObject\",\"inLanguage\":\"pl-PL\",\"@id\":\"https:\/\/dev.chronobiology.com\/pl\/#\/schema\/logo\/image\/\",\"url\":\"https:\/\/www.chronobiology.com\/wp-content\/uploads\/2019\/01\/chronobiology_logo_en_r.png\",\"contentUrl\":\"https:\/\/www.chronobiology.com\/wp-content\/uploads\/2019\/01\/chronobiology_logo_en_r.png\",\"width\":375,\"height\":90,\"caption\":\"Chronobiology\"},\"image\":{\"@id\":\"https:\/\/dev.chronobiology.com\/pl\/#\/schema\/logo\/image\/\"},\"sameAs\":[\"https:\/\/www.facebook.com\/chronobiology\",\"https:\/\/x.com\/chronobionews\",\"https:\/\/www.instagram.com\/chronobiology\/\",\"https:\/\/www.pinterest.com\/chronobiology\/\"]}]}<\/script>\n<!-- \/ Yoast SEO Premium plugin. -->","yoast_head_json":{"title":"Dawkowanie i mo\u017cliwe skutki uboczne &#8211; Chronobiology.com","robots":{"index":"index","follow":"follow","max-snippet":"max-snippet:-1","max-image-preview":"max-image-preview:large","max-video-preview":"max-video-preview:-1"},"canonical":"https:\/\/dev.chronobiology.com\/pl\/melatonina-i-chronobiologia\/dawkowanie-i-mozliwe-skutki-uboczne\/","og_locale":"pl_PL","og_type":"article","og_title":"Dawkowanie i mo\u017cliwe skutki uboczne","og_description":"[vc_row full_width=&#8221;stretch_row&#8221; el_class=&#8221;banner-top&#8221; css=&#8221;.vc_custom_1479394022290{background-image: url(https:\/\/www.chronobiology.com\/wp-content\/uploads\/2016\/11\/melatonin_dosage_banner.jpg?id=11718) !important;}&#8221;][vc_column][vc_custom_heading source=&#8221;post_title&#8221; font_container=&#8221;tag:h1|text_align:center&#8221; use_theme_fonts=&#8221;yes&#8221;][\/vc_column][\/vc_row][vc_row el_class=&#8221;melatoninfacts2&#8243;][vc_column][vc_column_text] Dawkowanie i mo\u017cliwe skutki uboczne Obecnie nadal nie ma jednolitych wytycznych dotycz\u0105cych dawkowania, zgodnie z kt\u00f3rymi melatonina powinna by\u0107 podawana w zale\u017cno\u015bci od r\u00f3\u017cnych wskaza\u0144. W r\u00f3\u017cnych badaniach klinicznych stosowano dawki od 0,5 mg lub mniej do 25 mg lub wi\u0119cej, co utrudnia por\u00f3wnanie wynik\u00f3w. [&hellip;]","og_url":"https:\/\/dev.chronobiology.com\/pl\/melatonina-i-chronobiologia\/dawkowanie-i-mozliwe-skutki-uboczne\/","og_site_name":"Chronobiology.com","article_publisher":"https:\/\/www.facebook.com\/chronobiology","article_modified_time":"2023-09-28T10:03:33+00:00","og_image":[{"width":1905,"height":473,"url":"https:\/\/dev.chronobiology.com\/wp-content\/uploads\/2016\/11\/melatonin_dosage_banner.jpg","type":"image\/jpeg"}],"twitter_card":"summary_large_image","twitter_site":"@chronobionews","twitter_misc":{"Szacowany czas czytania":"1 minuta"},"schema":{"@context":"https:\/\/schema.org","@graph":[{"@type":"WebPage","@id":"https:\/\/dev.chronobiology.com\/pl\/melatonina-i-chronobiologia\/dawkowanie-i-mozliwe-skutki-uboczne\/","url":"https:\/\/dev.chronobiology.com\/pl\/melatonina-i-chronobiologia\/dawkowanie-i-mozliwe-skutki-uboczne\/","name":"Dawkowanie i mo\u017cliwe skutki uboczne &#8211; Chronobiology.com","isPartOf":{"@id":"https:\/\/dev.chronobiology.com\/pl\/#website"},"primaryImageOfPage":{"@id":"https:\/\/dev.chronobiology.com\/pl\/melatonina-i-chronobiologia\/dawkowanie-i-mozliwe-skutki-uboczne\/#primaryimage"},"image":{"@id":"https:\/\/dev.chronobiology.com\/pl\/melatonina-i-chronobiologia\/dawkowanie-i-mozliwe-skutki-uboczne\/#primaryimage"},"thumbnailUrl":"https:\/\/dev.chronobiology.com\/wp-content\/uploads\/2016\/11\/melatonin_dosage_banner.jpg","datePublished":"2023-09-28T10:03:32+00:00","dateModified":"2023-09-28T10:03:33+00:00","breadcrumb":{"@id":"https:\/\/dev.chronobiology.com\/pl\/melatonina-i-chronobiologia\/dawkowanie-i-mozliwe-skutki-uboczne\/#breadcrumb"},"inLanguage":"pl-PL","potentialAction":[{"@type":"ReadAction","target":["https:\/\/dev.chronobiology.com\/pl\/melatonina-i-chronobiologia\/dawkowanie-i-mozliwe-skutki-uboczne\/"]}]},{"@type":"ImageObject","inLanguage":"pl-PL","@id":"https:\/\/dev.chronobiology.com\/pl\/melatonina-i-chronobiologia\/dawkowanie-i-mozliwe-skutki-uboczne\/#primaryimage","url":"https:\/\/dev.chronobiology.com\/wp-content\/uploads\/2016\/11\/melatonin_dosage_banner.jpg","contentUrl":"https:\/\/dev.chronobiology.com\/wp-content\/uploads\/2016\/11\/melatonin_dosage_banner.jpg","width":1905,"height":473},{"@type":"BreadcrumbList","@id":"https:\/\/dev.chronobiology.com\/pl\/melatonina-i-chronobiologia\/dawkowanie-i-mozliwe-skutki-uboczne\/#breadcrumb","itemListElement":[{"@type":"ListItem","position":1,"name":"Home","item":"https:\/\/dev.chronobiology.com\/pl\/"},{"@type":"ListItem","position":2,"name":"Melatonina i chronobiologia","item":"https:\/\/dev.chronobiology.com\/pl\/melatonina-i-chronobiologia\/"},{"@type":"ListItem","position":3,"name":"Dawkowanie i mo\u017cliwe skutki uboczne"}]},{"@type":"WebSite","@id":"https:\/\/dev.chronobiology.com\/pl\/#website","url":"https:\/\/dev.chronobiology.com\/pl\/","name":"Chronobiology.com","description":"","publisher":{"@id":"https:\/\/dev.chronobiology.com\/pl\/#organization"},"potentialAction":[{"@type":"SearchAction","target":{"@type":"EntryPoint","urlTemplate":"https:\/\/dev.chronobiology.com\/pl\/?s={search_term_string}"},"query-input":{"@type":"PropertyValueSpecification","valueRequired":true,"valueName":"search_term_string"}}],"inLanguage":"pl-PL"},{"@type":"Organization","@id":"https:\/\/dev.chronobiology.com\/pl\/#organization","name":"Chronobiology","url":"https:\/\/dev.chronobiology.com\/pl\/","logo":{"@type":"ImageObject","inLanguage":"pl-PL","@id":"https:\/\/dev.chronobiology.com\/pl\/#\/schema\/logo\/image\/","url":"https:\/\/www.chronobiology.com\/wp-content\/uploads\/2019\/01\/chronobiology_logo_en_r.png","contentUrl":"https:\/\/www.chronobiology.com\/wp-content\/uploads\/2019\/01\/chronobiology_logo_en_r.png","width":375,"height":90,"caption":"Chronobiology"},"image":{"@id":"https:\/\/dev.chronobiology.com\/pl\/#\/schema\/logo\/image\/"},"sameAs":["https:\/\/www.facebook.com\/chronobiology","https:\/\/x.com\/chronobionews","https:\/\/www.instagram.com\/chronobiology\/","https:\/\/www.pinterest.com\/chronobiology\/"]}]}},"_links":{"self":[{"href":"https:\/\/dev.chronobiology.com\/pl\/wp-json\/wp\/v2\/pages\/54647"}],"collection":[{"href":"https:\/\/dev.chronobiology.com\/pl\/wp-json\/wp\/v2\/pages"}],"about":[{"href":"https:\/\/dev.chronobiology.com\/pl\/wp-json\/wp\/v2\/types\/page"}],"author":[{"embeddable":true,"href":"https:\/\/dev.chronobiology.com\/pl\/wp-json\/wp\/v2\/users\/15"}],"replies":[{"embeddable":true,"href":"https:\/\/dev.chronobiology.com\/pl\/wp-json\/wp\/v2\/comments?post=54647"}],"version-history":[{"count":2,"href":"https:\/\/dev.chronobiology.com\/pl\/wp-json\/wp\/v2\/pages\/54647\/revisions"}],"predecessor-version":[{"id":54649,"href":"https:\/\/dev.chronobiology.com\/pl\/wp-json\/wp\/v2\/pages\/54647\/revisions\/54649"}],"up":[{"embeddable":true,"href":"https:\/\/dev.chronobiology.com\/pl\/wp-json\/wp\/v2\/pages\/54644"}],"wp:featuredmedia":[{"embeddable":true,"href":"https:\/\/dev.chronobiology.com\/pl\/wp-json\/wp\/v2\/media\/48574"}],"wp:attachment":[{"href":"https:\/\/dev.chronobiology.com\/pl\/wp-json\/wp\/v2\/media?parent=54647"}],"wp:term":[{"taxonomy":"category","embeddable":true,"href":"https:\/\/dev.chronobiology.com\/pl\/wp-json\/wp\/v2\/categories?post=54647"}],"curies":[{"name":"wp","href":"https:\/\/api.w.org\/{rel}","templated":true}]}}