{"id":54639,"date":"2023-09-28T02:42:27","date_gmt":"2023-09-28T09:42:27","guid":{"rendered":"https:\/\/www.chronobiology.com\/strona-glowna\/"},"modified":"2023-09-29T06:57:56","modified_gmt":"2023-09-29T13:57:56","slug":"strona-glowna","status":"publish","type":"page","link":"https:\/\/dev.chronobiology.com\/pl\/","title":{"rendered":"strona g\u0142\u00f3wna"},"content":{"rendered":"<div class=\"wpb-content-wrapper\"><p>[vc_row full_width=&#8221;stretch_row&#8221; el_class=&#8221;home-top&#8221; css=&#8221;.vc_custom_1481849859307{background-image: url(https:\/\/www.chronobiology.com\/wp-content\/uploads\/2013\/04\/home_bg_2.jpg?id=11558) !important;background-position: center !important;background-repeat: no-repeat !important;background-size: cover !important;}&#8221;][vc_column][vc_column_text]<\/p>\n<h1 style=\"text-align: center;\">CHRONOBIOLOGIA<br \/>\nTa strona jest po\u015bwi\u0119cona historii, odkryciom i post\u0119pom chronobiologii.<\/h1>\n<p>[\/vc_column_text][vc_column_text]<div class=\"latest_news\"><div class=\"wrap\"><div class=\"singleNews\"><a href=\"https:\/\/dev.chronobiology.com\/pl\/nie-uzywaj-ekranow-w-lozku-dla-lepszego-snu\/\"><img decoding=\"async\" src=\"https:\/\/dev.chronobiology.com\/wp-content\/uploads\/2024\/09\/lll-1-358x200.png\" alt=\"Nie u\u017cywaj ekran\u00f3w w \u0142\u00f3\u017cku dla lepszego snu\"><\/a><h4><a href=\"https:\/\/dev.chronobiology.com\/pl\/nie-uzywaj-ekranow-w-lozku-dla-lepszego-snu\/\">Nie u\u017cywaj ekran\u00f3w w \u0142\u00f3\u017cku dla lepszego snu<\/a><\/h4><p>Badanie przeprowadzone przez University of Otago wykaza\u0142o, \u017ce wbrew powszechnemu przekon...<a class=\"more_link\" href=\"https:\/\/dev.chronobiology.com\/pl\/nie-uzywaj-ekranow-w-lozku-dla-lepszego-snu\/\"> <\/a><\/p><\/div><div class=\"singleNews\"><a href=\"https:\/\/dev.chronobiology.com\/pl\/naukowcy-testuja-nowy-lek-przeznaczony-do-lagodzenia-niewydolnosci-serca-i-bezdechu-sennego\/\"><img decoding=\"async\" src=\"https:\/\/dev.chronobiology.com\/wp-content\/uploads\/2023\/04\/Shutterstock_1663310782-358x200.jpg\" alt=\"Naukowcy testuj\u0105 nowy lek przeznaczony do \u0142agodzenia niewydolno\u015bci serca i bezdechu sennego\"><\/a><h4><a href=\"https:\/\/dev.chronobiology.com\/pl\/naukowcy-testuja-nowy-lek-przeznaczony-do-lagodzenia-niewydolnosci-serca-i-bezdechu-sennego\/\">Naukowcy testuj\u0105 nowy lek przeznaczony do \u0142agodzenia niewydolno\u015bci serca i bezdechu sennego<\/a><\/h4><p>Niewydolno\u015b\u0107 serca jest powszechnym schorzeniem.\nW Europie na niewydolno\u015b\u0107 serca cierp...<a class=\"more_link\" href=\"https:\/\/dev.chronobiology.com\/pl\/naukowcy-testuja-nowy-lek-przeznaczony-do-lagodzenia-niewydolnosci-serca-i-bezdechu-sennego\/\"> <\/a><\/p><\/div><div class=\"singleNews\"><a href=\"https:\/\/dev.chronobiology.com\/pl\/nowe-badania-pokazuja-ze-badania-stomatologiczne-moga-byc-pierwsza-linia-obrony-przed-smiertelnymi-zaburzeniami-snu\/\"><img decoding=\"async\" src=\"https:\/\/dev.chronobiology.com\/wp-content\/uploads\/2024\/09\/ayayay-358x200.png\" alt=\"Nowe badania pokazuj\u0105, \u017ce badania stomatologiczne mog\u0105 by\u0107 pierwsz\u0105 lini\u0105 obrony przed \u015bmiertelnymi zaburzeniami snu\"><\/a><h4><a href=\"https:\/\/dev.chronobiology.com\/pl\/nowe-badania-pokazuja-ze-badania-stomatologiczne-moga-byc-pierwsza-linia-obrony-przed-smiertelnymi-zaburzeniami-snu\/\">Nowe badania pokazuj\u0105, \u017ce badania stomatologiczne mog\u0105 by\u0107 pierwsz\u0105 lini\u0105 obrony przed \u015bmiertelnymi zaburzeniami snu<\/a><\/h4><p>Pacjent zasypia na fotelu dentystycznym pomimo strachu przed zbli\u017caj\u0105cym si\u0119 zabiegiem....<a class=\"more_link\" href=\"https:\/\/dev.chronobiology.com\/pl\/nowe-badania-pokazuja-ze-badania-stomatologiczne-moga-byc-pierwsza-linia-obrony-przed-smiertelnymi-zaburzeniami-snu\/\"> <\/a><\/p><\/div><\/div><\/div>[\/vc_column_text][\/vc_column][\/vc_row][vc_row][vc_column width=&#8221;3\/4&#8243;][vc_column_text]<\/p>\n<article class=\"post-3056 page type-page status-publish entry\">\n<div class=\"entry-content\">\n<h2>RYTM \u017bYCIA<\/h2>\n<\/div>\n<\/article>\n<p>[\/vc_column_text][vc_raw_html]PGRpdiBjbGFzcz0icmh5dGhtX29mX2xpZmUiPg0KPGRpdiBjbGFzcz0iY2xvY2tzIj4NCg0KPGNhbnZhcyBpZD0iY2FudmFzIiB3aWR0aD0iMjAwIiBoZWlnaHQ9IjIwMCI+WW91ciBicm93c2VyIGRvZXMgbm90IHN1cHBvcnQgdGhlIENBTlZBUyBlbGVtZW50IGFsYXMhPC9jYW52YXM+DQoNCiZuYnNwOw0KDQombmJzcDsNCg0KPC9kaXY+DQo8L2Rpdj4NCjx0YWJsZSBjbGFzcz0icmh5dGhtLW1vYiI+DQo8dGJvZHk+DQo8dHI+DQo8dGQgY2xhc3M9InJoeXRobS1ibHVlIj4xIGEubS48L3RkPg0KPHRkPkRyZWFtIHRpbWU8L3RkPg0KPC90cj4NCjx0cj4NCjx0ZCBjbGFzcz0icmh5dGhtLWJsdWUiPjIgYS5tLjwvdGQ+DQo8dGQ+QWxsIHN5c3RlbXMgaW4gcmVnZW5lcmF0aW9uIG1vZGUgZXhjZXB0IGxpdmVyIGFuZCBza2luPC90ZD4NCjwvdHI+DQo8dHI+DQo8dGQgY2xhc3M9InJoeXRobS1ibHVlIj4zIGEubS48L3RkPg0KPHRkPkludGVuc2l2ZSBzbGVlcCBwaGFzZTwvdGQ+DQo8L3RyPg0KPHRyPg0KPHRkIGNsYXNzPSJyaHl0aG0tYmx1ZSI+NCBhLm0uPC90ZD4NCjx0ZD5MdW5ncyBtb3N0IGFjdGl2ZTwvdGQ+DQo8L3RyPg0KPHRyPg0KPHRkIGNsYXNzPSJyaHl0aG0tYmx1ZSI+NSBhLm0uPC90ZD4NCjx0ZD5LaWRuZXkgZnVuY3Rpb24gYXQgbG93ZXN0IHBvaW50PC90ZD4NCjwvdHI+DQo8dHI+DQo8dGQgY2xhc3M9InJoeXRobS1yZWQiPjYgYS5tLjwvdGQ+DQo8dGQ+VGhlIGJvZHkncyBzeXN0ZW1zIGF3YWtlbjwvdGQ+DQo8L3RyPg0KPHRyPg0KPHRkIGNsYXNzPSJyaHl0aG0tcmVkIj43LTkgYS5tLjwvdGQ+DQo8dGQ+SG9ybW9uZXMgYXQgdGhlaXIgcGVhazwvdGQ+DQo8L3RyPg0KPHRyPg0KPHRkIGNsYXNzPSJyaHl0aG0tcmVkIj44LTkgYS5tLjwvdGQ+DQo8dGQ+SGlnaGVzdCBwYWluIHRocmVzaG9sZDwvdGQ+DQo8L3RyPg0KPHRyPg0KPHRkIGNsYXNzPSJyaHl0aG0tcmVkIj4xMCBhLm0uIC0gMTIgbm9vbjwvdGQ+DQo8dGQ+RnVsbHkgZml0IGFuZCB3aWRlIGF3YWtlLCBicmFpbiBtb3N0IGVmZmljaWVudDwvdGQ+DQo8L3RyPg0KPHRyPg0KPHRkIGNsYXNzPSJyaHl0aG0tcmVkIj4xMiBub29uPC90ZD4NCjx0ZD5UaW1lIHRvIGVhdCBkaWdlc3Rpb24gaW4gdG9wIGdlYXI8L3RkPg0KPC90cj4NCjx0cj4NCjx0ZCBjbGFzcz0icmh5dGhtLXJlZCI+MS0yIHAubS48L3RkPg0KPHRkPkFmdGVybm9vbiBsb3csIHRpbWUgZm9yIGEgbmFwPC90ZD4NCjwvdHI+DQo8dHI+DQo8dGQgY2xhc3M9InJoeXRobS1yZWQiPjMtNCBwLm0uPC90ZD4NCjx0ZD5OZXcgdXBzd2luZzpwaGFzZSBvZiBsZWFybmluZyAmYW1wOyBsb2duIHRlcm0gbWVtb3J5PC90ZD4NCjwvdHI+DQo8dHI+DQo8dGQgY2xhc3M9InJoeXRobS1yZWQiPjUtNiBwLm0uPC90ZD4NCjx0ZD5TZWNvbmQgcGVhaywgYmVzdCB0aW1lIGZvciBtYW51YWwgd29yazwvdGQ+DQo8L3RyPg0KPHRyPg0KPHRkIGNsYXNzPSJyaHl0aG0tYmx1ZSI+Ni05IHAubS48L3RkPg0KPHRkPlJlZ2VuZXJhdGlvbiBhbmQgcmVsYXhhdGlvbiwgb3B0aW1hbCBzZW5zZSBvZiBzbWVsbCBhbmQgdGFzdGU8L3RkPg0KPC90cj4NCjx0cj4NCjx0ZCBjbGFzcz0icmh5dGhtLWJsdWUiPjkgcC5tLjwvdGQ+DQo8dGQ+U3RvbWFjaCByZXN0cyAtIHRpbWUgdG8gc3RvcCBlYXRpbmc8L3RkPg0KPC90cj4NCjx0cj4NCjx0ZCBjbGFzcz0icmh5dGhtLWJsdWUiPjExIHAubS48L3RkPg0KPHRkPlRpbWUgZm9yIGJlZDwvdGQ+DQo8L3RyPg0KPHRyPg0KPHRkIGNsYXNzPSJyaHl0aG0tYmx1ZSI+MTEgcC5tIC0gMSBhLm0uPC90ZD4NCjx0ZD5DcmVhdGl2aXR5IGF0IGl0cyBwZWFrPC90ZD4NCjwvdHI+DQo8L3Rib2R5Pg0KPC90YWJsZT4=[\/vc_raw_html][vc_column_text]<\/p>\n<h4>O CHRONOBIOLOGII<\/h4>\n<p>Ta strona jest po\u015bwi\u0119cona historii, odkryciom i post\u0119pom chronobiologii.<\/p>\n<p>Chronobiologia to dziedzina biologii, kt\u00f3ra bada, w jaki spos\u00f3b rytmy s\u0142oneczne i ksi\u0119\u017cycowe wp\u0142ywaj\u0105 na naturalne cykle naszego cia\u0142a &#8211; psychiczne, fizyczne i emocjonalne. Na przyk\u0142ad rytm oko\u0142odobowy, 24-godzinny cykl proces\u00f3w fizjologicznych zachodz\u0105cych w ludzkim ciele, jest istotnym cyklem w badaniu chronobiologii.<\/p>\n<p>Gdy procesy te ulegaj\u0105 za\u0142amaniu lub w ludzkim ciele pojawiaj\u0105 si\u0119 nieprawid\u0142owo\u015bci, rozwi\u0105zaniem mo\u017ce by\u0107 badanie chronobiologii.[\/vc_column_text][\/vc_column][vc_column width=&#8221;1\/4&#8243; el_class=&#8221;sidebar&#8221;][vc_wp_custommenu title=&#8221;Korzy\u015bci zdrowotne wynikaj\u0105ce z chronofarmakologii&#8221; nav_menu=&#8221;24&#8243;][\/vc_column][\/vc_row]<\/p>\n<\/div>","protected":false},"excerpt":{"rendered":"<p>[vc_row full_width=&#8221;stretch_row&#8221; el_class=&#8221;home-top&#8221; css=&#8221;.vc_custom_1481849859307{background-image: url(https:\/\/www.chronobiology.com\/wp-content\/uploads\/2013\/04\/home_bg_2.jpg?id=11558) !important;background-position: center !important;background-repeat: no-repeat !important;background-size: cover !important;}&#8221;][vc_column][vc_column_text] CHRONOBIOLOGIA Ta strona jest po\u015bwi\u0119cona historii, odkryciom i post\u0119pom chronobiologii. [\/vc_column_text][vc_column_text][\/vc_column_text][\/vc_column][\/vc_row][vc_row][vc_column width=&#8221;3\/4&#8243;][vc_column_text] RYTM \u017bYCIA [\/vc_column_text][vc_raw_html]PGRpdiBjbGFzcz0icmh5dGhtX29mX2xpZmUiPg0KPGRpdiBjbGFzcz0iY2xvY2tzIj4NCg0KPGNhbnZhcyBpZD0iY2FudmFzIiB3aWR0aD0iMjAwIiBoZWlnaHQ9IjIwMCI+WW91ciBicm93c2VyIGRvZXMgbm90IHN1cHBvcnQgdGhlIENBTlZBUyBlbGVtZW50IGFsYXMhPC9jYW52YXM+DQoNCiZuYnNwOw0KDQombmJzcDsNCg0KPC9kaXY+DQo8L2Rpdj4NCjx0YWJsZSBjbGFzcz0icmh5dGhtLW1vYiI+DQo8dGJvZHk+DQo8dHI+DQo8dGQgY2xhc3M9InJoeXRobS1ibHVlIj4xIGEubS48L3RkPg0KPHRkPkRyZWFtIHRpbWU8L3RkPg0KPC90cj4NCjx0cj4NCjx0ZCBjbGFzcz0icmh5dGhtLWJsdWUiPjIgYS5tLjwvdGQ+DQo8dGQ+QWxsIHN5c3RlbXMgaW4gcmVnZW5lcmF0aW9uIG1vZGUgZXhjZXB0IGxpdmVyIGFuZCBza2luPC90ZD4NCjwvdHI+DQo8dHI+DQo8dGQgY2xhc3M9InJoeXRobS1ibHVlIj4zIGEubS48L3RkPg0KPHRkPkludGVuc2l2ZSBzbGVlcCBwaGFzZTwvdGQ+DQo8L3RyPg0KPHRyPg0KPHRkIGNsYXNzPSJyaHl0aG0tYmx1ZSI+NCBhLm0uPC90ZD4NCjx0ZD5MdW5ncyBtb3N0IGFjdGl2ZTwvdGQ+DQo8L3RyPg0KPHRyPg0KPHRkIGNsYXNzPSJyaHl0aG0tYmx1ZSI+NSBhLm0uPC90ZD4NCjx0ZD5LaWRuZXkgZnVuY3Rpb24gYXQgbG93ZXN0IHBvaW50PC90ZD4NCjwvdHI+DQo8dHI+DQo8dGQgY2xhc3M9InJoeXRobS1yZWQiPjYgYS5tLjwvdGQ+DQo8dGQ+VGhlIGJvZHkncyBzeXN0ZW1zIGF3YWtlbjwvdGQ+DQo8L3RyPg0KPHRyPg0KPHRkIGNsYXNzPSJyaHl0aG0tcmVkIj43LTkgYS5tLjwvdGQ+DQo8dGQ+SG9ybW9uZXMgYXQgdGhlaXIgcGVhazwvdGQ+DQo8L3RyPg0KPHRyPg0KPHRkIGNsYXNzPSJyaHl0aG0tcmVkIj44LTkgYS5tLjwvdGQ+DQo8dGQ+SGlnaGVzdCBwYWluIHRocmVzaG9sZDwvdGQ+DQo8L3RyPg0KPHRyPg0KPHRkIGNsYXNzPSJyaHl0aG0tcmVkIj4xMCBhLm0uIC0gMTIgbm9vbjwvdGQ+DQo8dGQ+RnVsbHkgZml0IGFuZCB3aWRlIGF3YWtlLCBicmFpbiBtb3N0IGVmZmljaWVudDwvdGQ+DQo8L3RyPg0KPHRyPg0KPHRkIGNsYXNzPSJyaHl0aG0tcmVkIj4xMiBub29uPC90ZD4NCjx0ZD5UaW1lIHRvIGVhdCBkaWdlc3Rpb24gaW4gdG9wIGdlYXI8L3RkPg0KPC90cj4NCjx0cj4NCjx0ZCBjbGFzcz0icmh5dGhtLXJlZCI+MS0yIHAubS48L3RkPg0KPHRkPkFmdGVybm9vbiBsb3csIHRpbWUgZm9yIGEgbmFwPC90ZD4NCjwvdHI+DQo8dHI+DQo8dGQgY2xhc3M9InJoeXRobS1yZWQiPjMtNCBwLm0uPC90ZD4NCjx0ZD5OZXcgdXBzd2luZzpwaGFzZSBvZiBsZWFybmluZyAmYW1wOyBsb2duIHRlcm0gbWVtb3J5PC90ZD4NCjwvdHI+DQo8dHI+DQo8dGQgY2xhc3M9InJoeXRobS1yZWQiPjUtNiBwLm0uPC90ZD4NCjx0ZD5TZWNvbmQgcGVhaywgYmVzdCB0aW1lIGZvciBtYW51YWwgd29yazwvdGQ+DQo8L3RyPg0KPHRyPg0KPHRkIGNsYXNzPSJyaHl0aG0tYmx1ZSI+Ni05IHAubS48L3RkPg0KPHRkPlJlZ2VuZXJhdGlvbiBhbmQgcmVsYXhhdGlvbiwgb3B0aW1hbCBzZW5zZSBvZiBzbWVsbCBhbmQgdGFzdGU8L3RkPg0KPC90cj4NCjx0cj4NCjx0ZCBjbGFzcz0icmh5dGhtLWJsdWUiPjkgcC5tLjwvdGQ+DQo8dGQ+U3RvbWFjaCByZXN0cyAtIHRpbWUgdG8gc3RvcCBlYXRpbmc8L3RkPg0KPC90cj4NCjx0cj4NCjx0ZCBjbGFzcz0icmh5dGhtLWJsdWUiPjExIHAubS48L3RkPg0KPHRkPlRpbWUgZm9yIGJlZDwvdGQ+DQo8L3RyPg0KPHRyPg0KPHRkIGNsYXNzPSJyaHl0aG0tYmx1ZSI+MTEgcC5tIC0gMSBhLm0uPC90ZD4NCjx0ZD5DcmVhdGl2aXR5IGF0IGl0cyBwZWFrPC90ZD4NCjwvdHI+DQo8L3Rib2R5Pg0KPC90YWJsZT4=[\/vc_raw_html][vc_column_text] O CHRONOBIOLOGII Ta strona jest po\u015bwi\u0119cona historii, odkryciom i post\u0119pom chronobiologii. Chronobiologia to dziedzina biologii, kt\u00f3ra bada, w jaki spos\u00f3b rytmy s\u0142oneczne i ksi\u0119\u017cycowe wp\u0142ywaj\u0105 na naturalne cykle [&hellip;]<\/p>\n","protected":false},"author":11,"featured_media":0,"parent":0,"menu_order":0,"comment_status":"open","ping_status":"closed","template":"","meta":{"_acf_changed":false,"_genesis_hide_title":false,"_genesis_hide_breadcrumbs":false,"_genesis_hide_singular_image":false,"_genesis_hide_footer_widgets":false,"_genesis_custom_body_class":"","_genesis_custom_post_class":"","_genesis_layout":"full-width-content","footnotes":""},"categories":[],"class_list":{"0":"post-54639","1":"page","2":"type-page","3":"status-publish","5":"entry","6":"has-post-thumbnail"},"acf":[],"yoast_head":"<!-- This site is optimized with the Yoast SEO Premium plugin v23.4 (Yoast SEO v23.4) - https:\/\/yoast.com\/wordpress\/plugins\/seo\/ -->\n<title>Chronobiologia - historia, odkrycia i post\u0119py chronobiologii<\/title>\n<meta name=\"robots\" content=\"index, follow, max-snippet:-1, max-image-preview:large, max-video-preview:-1\" \/>\n<link rel=\"canonical\" href=\"https:\/\/dev.chronobiology.com\/pl\/\" \/>\n<meta property=\"og:locale\" content=\"pl_PL\" \/>\n<meta property=\"og:type\" content=\"article\" \/>\n<meta property=\"og:title\" content=\"strona g\u0142\u00f3wna\" \/>\n<meta property=\"og:description\" content=\"[vc_row full_width=&#8221;stretch_row&#8221; el_class=&#8221;home-top&#8221; css=&#8221;.vc_custom_1481849859307{background-image: url(https:\/\/www.chronobiology.com\/wp-content\/uploads\/2013\/04\/home_bg_2.jpg?id=11558) !important;background-position: center !important;background-repeat: no-repeat !important;background-size: cover !important;}&#8221;][vc_column][vc_column_text] CHRONOBIOLOGIA Ta strona jest po\u015bwi\u0119cona historii, odkryciom i post\u0119pom chronobiologii. [\/vc_column_text][vc_column_text][\/vc_column_text][\/vc_column][\/vc_row][vc_row][vc_column width=&#8221;3\/4&#8243;][vc_column_text] RYTM \u017bYCIA [\/vc_column_text][vc_raw_html]PGRpdiBjbGFzcz0icmh5dGhtX29mX2xpZmUiPg0KPGRpdiBjbGFzcz0iY2xvY2tzIj4NCg0KPGNhbnZhcyBpZD0iY2FudmFzIiB3aWR0aD0iMjAwIiBoZWlnaHQ9IjIwMCI+WW91ciBicm93c2VyIGRvZXMgbm90IHN1cHBvcnQgdGhlIENBTlZBUyBlbGVtZW50IGFsYXMhPC9jYW52YXM+DQoNCiZuYnNwOw0KDQombmJzcDsNCg0KPC9kaXY+DQo8L2Rpdj4NCjx0YWJsZSBjbGFzcz0icmh5dGhtLW1vYiI+DQo8dGJvZHk+DQo8dHI+DQo8dGQgY2xhc3M9InJoeXRobS1ibHVlIj4xIGEubS48L3RkPg0KPHRkPkRyZWFtIHRpbWU8L3RkPg0KPC90cj4NCjx0cj4NCjx0ZCBjbGFzcz0icmh5dGhtLWJsdWUiPjIgYS5tLjwvdGQ+DQo8dGQ+QWxsIHN5c3RlbXMgaW4gcmVnZW5lcmF0aW9uIG1vZGUgZXhjZXB0IGxpdmVyIGFuZCBza2luPC90ZD4NCjwvdHI+DQo8dHI+DQo8dGQgY2xhc3M9InJoeXRobS1ibHVlIj4zIGEubS48L3RkPg0KPHRkPkludGVuc2l2ZSBzbGVlcCBwaGFzZTwvdGQ+DQo8L3RyPg0KPHRyPg0KPHRkIGNsYXNzPSJyaHl0aG0tYmx1ZSI+NCBhLm0uPC90ZD4NCjx0ZD5MdW5ncyBtb3N0IGFjdGl2ZTwvdGQ+DQo8L3RyPg0KPHRyPg0KPHRkIGNsYXNzPSJyaHl0aG0tYmx1ZSI+NSBhLm0uPC90ZD4NCjx0ZD5LaWRuZXkgZnVuY3Rpb24gYXQgbG93ZXN0IHBvaW50PC90ZD4NCjwvdHI+DQo8dHI+DQo8dGQgY2xhc3M9InJoeXRobS1yZWQiPjYgYS5tLjwvdGQ+DQo8dGQ+VGhlIGJvZHkncyBzeXN0ZW1zIGF3YWtlbjwvdGQ+DQo8L3RyPg0KPHRyPg0KPHRkIGNsYXNzPSJyaHl0aG0tcmVkIj43LTkgYS5tLjwvdGQ+DQo8dGQ+SG9ybW9uZXMgYXQgdGhlaXIgcGVhazwvdGQ+DQo8L3RyPg0KPHRyPg0KPHRkIGNsYXNzPSJyaHl0aG0tcmVkIj44LTkgYS5tLjwvdGQ+DQo8dGQ+SGlnaGVzdCBwYWluIHRocmVzaG9sZDwvdGQ+DQo8L3RyPg0KPHRyPg0KPHRkIGNsYXNzPSJyaHl0aG0tcmVkIj4xMCBhLm0uIC0gMTIgbm9vbjwvdGQ+DQo8dGQ+RnVsbHkgZml0IGFuZCB3aWRlIGF3YWtlLCBicmFpbiBtb3N0IGVmZmljaWVudDwvdGQ+DQo8L3RyPg0KPHRyPg0KPHRkIGNsYXNzPSJyaHl0aG0tcmVkIj4xMiBub29uPC90ZD4NCjx0ZD5UaW1lIHRvIGVhdCBkaWdlc3Rpb24gaW4gdG9wIGdlYXI8L3RkPg0KPC90cj4NCjx0cj4NCjx0ZCBjbGFzcz0icmh5dGhtLXJlZCI+MS0yIHAubS48L3RkPg0KPHRkPkFmdGVybm9vbiBsb3csIHRpbWUgZm9yIGEgbmFwPC90ZD4NCjwvdHI+DQo8dHI+DQo8dGQgY2xhc3M9InJoeXRobS1yZWQiPjMtNCBwLm0uPC90ZD4NCjx0ZD5OZXcgdXBzd2luZzpwaGFzZSBvZiBsZWFybmluZyAmYW1wOyBsb2duIHRlcm0gbWVtb3J5PC90ZD4NCjwvdHI+DQo8dHI+DQo8dGQgY2xhc3M9InJoeXRobS1yZWQiPjUtNiBwLm0uPC90ZD4NCjx0ZD5TZWNvbmQgcGVhaywgYmVzdCB0aW1lIGZvciBtYW51YWwgd29yazwvdGQ+DQo8L3RyPg0KPHRyPg0KPHRkIGNsYXNzPSJyaHl0aG0tYmx1ZSI+Ni05IHAubS48L3RkPg0KPHRkPlJlZ2VuZXJhdGlvbiBhbmQgcmVsYXhhdGlvbiwgb3B0aW1hbCBzZW5zZSBvZiBzbWVsbCBhbmQgdGFzdGU8L3RkPg0KPC90cj4NCjx0cj4NCjx0ZCBjbGFzcz0icmh5dGhtLWJsdWUiPjkgcC5tLjwvdGQ+DQo8dGQ+U3RvbWFjaCByZXN0cyAtIHRpbWUgdG8gc3RvcCBlYXRpbmc8L3RkPg0KPC90cj4NCjx0cj4NCjx0ZCBjbGFzcz0icmh5dGhtLWJsdWUiPjExIHAubS48L3RkPg0KPHRkPlRpbWUgZm9yIGJlZDwvdGQ+DQo8L3RyPg0KPHRyPg0KPHRkIGNsYXNzPSJyaHl0aG0tYmx1ZSI+MTEgcC5tIC0gMSBhLm0uPC90ZD4NCjx0ZD5DcmVhdGl2aXR5IGF0IGl0cyBwZWFrPC90ZD4NCjwvdHI+DQo8L3Rib2R5Pg0KPC90YWJsZT4=[\/vc_raw_html][vc_column_text] O CHRONOBIOLOGII Ta strona jest po\u015bwi\u0119cona historii, odkryciom i post\u0119pom chronobiologii. Chronobiologia to dziedzina biologii, kt\u00f3ra bada, w jaki spos\u00f3b rytmy s\u0142oneczne i ksi\u0119\u017cycowe wp\u0142ywaj\u0105 na naturalne cykle [&hellip;]\" \/>\n<meta property=\"og:url\" content=\"https:\/\/dev.chronobiology.com\/pl\/\" \/>\n<meta property=\"og:site_name\" content=\"Chronobiology.com\" \/>\n<meta property=\"article:publisher\" content=\"https:\/\/www.facebook.com\/chronobiology\" \/>\n<meta property=\"article:modified_time\" content=\"2023-09-29T13:57:56+00:00\" \/>\n<meta name=\"twitter:card\" content=\"summary_large_image\" \/>\n<meta name=\"twitter:site\" content=\"@chronobionews\" \/>\n<meta name=\"twitter:label1\" content=\"Szacowany czas czytania\" \/>\n\t<meta name=\"twitter:data1\" content=\"3 minuty\" \/>\n<script type=\"application\/ld+json\" class=\"yoast-schema-graph\">{\"@context\":\"https:\/\/schema.org\",\"@graph\":[{\"@type\":\"WebPage\",\"@id\":\"https:\/\/dev.chronobiology.com\/pl\/\",\"url\":\"https:\/\/dev.chronobiology.com\/pl\/\",\"name\":\"Chronobiologia - historia, odkrycia i post\u0119py chronobiologii\",\"isPartOf\":{\"@id\":\"https:\/\/dev.chronobiology.com\/pl\/#website\"},\"datePublished\":\"2023-09-28T09:42:27+00:00\",\"dateModified\":\"2023-09-29T13:57:56+00:00\",\"breadcrumb\":{\"@id\":\"https:\/\/dev.chronobiology.com\/pl\/#breadcrumb\"},\"inLanguage\":\"pl-PL\",\"potentialAction\":[{\"@type\":\"ReadAction\",\"target\":[\"https:\/\/dev.chronobiology.com\/pl\/\"]}]},{\"@type\":\"BreadcrumbList\",\"@id\":\"https:\/\/dev.chronobiology.com\/pl\/#breadcrumb\",\"itemListElement\":[{\"@type\":\"ListItem\",\"position\":1,\"name\":\"Home\",\"item\":\"https:\/\/dev.chronobiology.com\/pl\/\"},{\"@type\":\"ListItem\",\"position\":2,\"name\":\"strona g\u0142\u00f3wna\"}]},{\"@type\":\"WebSite\",\"@id\":\"https:\/\/dev.chronobiology.com\/pl\/#website\",\"url\":\"https:\/\/dev.chronobiology.com\/pl\/\",\"name\":\"Chronobiology.com\",\"description\":\"\",\"publisher\":{\"@id\":\"https:\/\/dev.chronobiology.com\/pl\/#organization\"},\"potentialAction\":[{\"@type\":\"SearchAction\",\"target\":{\"@type\":\"EntryPoint\",\"urlTemplate\":\"https:\/\/dev.chronobiology.com\/pl\/?s={search_term_string}\"},\"query-input\":{\"@type\":\"PropertyValueSpecification\",\"valueRequired\":true,\"valueName\":\"search_term_string\"}}],\"inLanguage\":\"pl-PL\"},{\"@type\":\"Organization\",\"@id\":\"https:\/\/dev.chronobiology.com\/pl\/#organization\",\"name\":\"Chronobiology\",\"url\":\"https:\/\/dev.chronobiology.com\/pl\/\",\"logo\":{\"@type\":\"ImageObject\",\"inLanguage\":\"pl-PL\",\"@id\":\"https:\/\/dev.chronobiology.com\/pl\/#\/schema\/logo\/image\/\",\"url\":\"https:\/\/www.chronobiology.com\/wp-content\/uploads\/2019\/01\/chronobiology_logo_en_r.png\",\"contentUrl\":\"https:\/\/www.chronobiology.com\/wp-content\/uploads\/2019\/01\/chronobiology_logo_en_r.png\",\"width\":375,\"height\":90,\"caption\":\"Chronobiology\"},\"image\":{\"@id\":\"https:\/\/dev.chronobiology.com\/pl\/#\/schema\/logo\/image\/\"},\"sameAs\":[\"https:\/\/www.facebook.com\/chronobiology\",\"https:\/\/x.com\/chronobionews\",\"https:\/\/www.instagram.com\/chronobiology\/\",\"https:\/\/www.pinterest.com\/chronobiology\/\"]}]}<\/script>\n<!-- \/ Yoast SEO Premium plugin. -->","yoast_head_json":{"title":"Chronobiologia - historia, odkrycia i post\u0119py chronobiologii","robots":{"index":"index","follow":"follow","max-snippet":"max-snippet:-1","max-image-preview":"max-image-preview:large","max-video-preview":"max-video-preview:-1"},"canonical":"https:\/\/dev.chronobiology.com\/pl\/","og_locale":"pl_PL","og_type":"article","og_title":"strona g\u0142\u00f3wna","og_description":"[vc_row full_width=&#8221;stretch_row&#8221; el_class=&#8221;home-top&#8221; css=&#8221;.vc_custom_1481849859307{background-image: url(https:\/\/www.chronobiology.com\/wp-content\/uploads\/2013\/04\/home_bg_2.jpg?id=11558) !important;background-position: center !important;background-repeat: no-repeat !important;background-size: cover !important;}&#8221;][vc_column][vc_column_text] CHRONOBIOLOGIA Ta strona jest po\u015bwi\u0119cona historii, odkryciom i post\u0119pom chronobiologii. [\/vc_column_text][vc_column_text][\/vc_column_text][\/vc_column][\/vc_row][vc_row][vc_column width=&#8221;3\/4&#8243;][vc_column_text] RYTM \u017bYCIA [\/vc_column_text][vc_raw_html]PGRpdiBjbGFzcz0icmh5dGhtX29mX2xpZmUiPg0KPGRpdiBjbGFzcz0iY2xvY2tzIj4NCg0KPGNhbnZhcyBpZD0iY2FudmFzIiB3aWR0aD0iMjAwIiBoZWlnaHQ9IjIwMCI+WW91ciBicm93c2VyIGRvZXMgbm90IHN1cHBvcnQgdGhlIENBTlZBUyBlbGVtZW50IGFsYXMhPC9jYW52YXM+DQoNCiZuYnNwOw0KDQombmJzcDsNCg0KPC9kaXY+DQo8L2Rpdj4NCjx0YWJsZSBjbGFzcz0icmh5dGhtLW1vYiI+DQo8dGJvZHk+DQo8dHI+DQo8dGQgY2xhc3M9InJoeXRobS1ibHVlIj4xIGEubS48L3RkPg0KPHRkPkRyZWFtIHRpbWU8L3RkPg0KPC90cj4NCjx0cj4NCjx0ZCBjbGFzcz0icmh5dGhtLWJsdWUiPjIgYS5tLjwvdGQ+DQo8dGQ+QWxsIHN5c3RlbXMgaW4gcmVnZW5lcmF0aW9uIG1vZGUgZXhjZXB0IGxpdmVyIGFuZCBza2luPC90ZD4NCjwvdHI+DQo8dHI+DQo8dGQgY2xhc3M9InJoeXRobS1ibHVlIj4zIGEubS48L3RkPg0KPHRkPkludGVuc2l2ZSBzbGVlcCBwaGFzZTwvdGQ+DQo8L3RyPg0KPHRyPg0KPHRkIGNsYXNzPSJyaHl0aG0tYmx1ZSI+NCBhLm0uPC90ZD4NCjx0ZD5MdW5ncyBtb3N0IGFjdGl2ZTwvdGQ+DQo8L3RyPg0KPHRyPg0KPHRkIGNsYXNzPSJyaHl0aG0tYmx1ZSI+NSBhLm0uPC90ZD4NCjx0ZD5LaWRuZXkgZnVuY3Rpb24gYXQgbG93ZXN0IHBvaW50PC90ZD4NCjwvdHI+DQo8dHI+DQo8dGQgY2xhc3M9InJoeXRobS1yZWQiPjYgYS5tLjwvdGQ+DQo8dGQ+VGhlIGJvZHkncyBzeXN0ZW1zIGF3YWtlbjwvdGQ+DQo8L3RyPg0KPHRyPg0KPHRkIGNsYXNzPSJyaHl0aG0tcmVkIj43LTkgYS5tLjwvdGQ+DQo8dGQ+SG9ybW9uZXMgYXQgdGhlaXIgcGVhazwvdGQ+DQo8L3RyPg0KPHRyPg0KPHRkIGNsYXNzPSJyaHl0aG0tcmVkIj44LTkgYS5tLjwvdGQ+DQo8dGQ+SGlnaGVzdCBwYWluIHRocmVzaG9sZDwvdGQ+DQo8L3RyPg0KPHRyPg0KPHRkIGNsYXNzPSJyaHl0aG0tcmVkIj4xMCBhLm0uIC0gMTIgbm9vbjwvdGQ+DQo8dGQ+RnVsbHkgZml0IGFuZCB3aWRlIGF3YWtlLCBicmFpbiBtb3N0IGVmZmljaWVudDwvdGQ+DQo8L3RyPg0KPHRyPg0KPHRkIGNsYXNzPSJyaHl0aG0tcmVkIj4xMiBub29uPC90ZD4NCjx0ZD5UaW1lIHRvIGVhdCBkaWdlc3Rpb24gaW4gdG9wIGdlYXI8L3RkPg0KPC90cj4NCjx0cj4NCjx0ZCBjbGFzcz0icmh5dGhtLXJlZCI+MS0yIHAubS48L3RkPg0KPHRkPkFmdGVybm9vbiBsb3csIHRpbWUgZm9yIGEgbmFwPC90ZD4NCjwvdHI+DQo8dHI+DQo8dGQgY2xhc3M9InJoeXRobS1yZWQiPjMtNCBwLm0uPC90ZD4NCjx0ZD5OZXcgdXBzd2luZzpwaGFzZSBvZiBsZWFybmluZyAmYW1wOyBsb2duIHRlcm0gbWVtb3J5PC90ZD4NCjwvdHI+DQo8dHI+DQo8dGQgY2xhc3M9InJoeXRobS1yZWQiPjUtNiBwLm0uPC90ZD4NCjx0ZD5TZWNvbmQgcGVhaywgYmVzdCB0aW1lIGZvciBtYW51YWwgd29yazwvdGQ+DQo8L3RyPg0KPHRyPg0KPHRkIGNsYXNzPSJyaHl0aG0tYmx1ZSI+Ni05IHAubS48L3RkPg0KPHRkPlJlZ2VuZXJhdGlvbiBhbmQgcmVsYXhhdGlvbiwgb3B0aW1hbCBzZW5zZSBvZiBzbWVsbCBhbmQgdGFzdGU8L3RkPg0KPC90cj4NCjx0cj4NCjx0ZCBjbGFzcz0icmh5dGhtLWJsdWUiPjkgcC5tLjwvdGQ+DQo8dGQ+U3RvbWFjaCByZXN0cyAtIHRpbWUgdG8gc3RvcCBlYXRpbmc8L3RkPg0KPC90cj4NCjx0cj4NCjx0ZCBjbGFzcz0icmh5dGhtLWJsdWUiPjExIHAubS48L3RkPg0KPHRkPlRpbWUgZm9yIGJlZDwvdGQ+DQo8L3RyPg0KPHRyPg0KPHRkIGNsYXNzPSJyaHl0aG0tYmx1ZSI+MTEgcC5tIC0gMSBhLm0uPC90ZD4NCjx0ZD5DcmVhdGl2aXR5IGF0IGl0cyBwZWFrPC90ZD4NCjwvdHI+DQo8L3Rib2R5Pg0KPC90YWJsZT4=[\/vc_raw_html][vc_column_text] O CHRONOBIOLOGII Ta strona jest po\u015bwi\u0119cona historii, odkryciom i post\u0119pom chronobiologii. Chronobiologia to dziedzina biologii, kt\u00f3ra bada, w jaki spos\u00f3b rytmy s\u0142oneczne i ksi\u0119\u017cycowe wp\u0142ywaj\u0105 na naturalne cykle [&hellip;]","og_url":"https:\/\/dev.chronobiology.com\/pl\/","og_site_name":"Chronobiology.com","article_publisher":"https:\/\/www.facebook.com\/chronobiology","article_modified_time":"2023-09-29T13:57:56+00:00","twitter_card":"summary_large_image","twitter_site":"@chronobionews","twitter_misc":{"Szacowany czas czytania":"3 minuty"},"schema":{"@context":"https:\/\/schema.org","@graph":[{"@type":"WebPage","@id":"https:\/\/dev.chronobiology.com\/pl\/","url":"https:\/\/dev.chronobiology.com\/pl\/","name":"Chronobiologia - historia, odkrycia i post\u0119py chronobiologii","isPartOf":{"@id":"https:\/\/dev.chronobiology.com\/pl\/#website"},"datePublished":"2023-09-28T09:42:27+00:00","dateModified":"2023-09-29T13:57:56+00:00","breadcrumb":{"@id":"https:\/\/dev.chronobiology.com\/pl\/#breadcrumb"},"inLanguage":"pl-PL","potentialAction":[{"@type":"ReadAction","target":["https:\/\/dev.chronobiology.com\/pl\/"]}]},{"@type":"BreadcrumbList","@id":"https:\/\/dev.chronobiology.com\/pl\/#breadcrumb","itemListElement":[{"@type":"ListItem","position":1,"name":"Home","item":"https:\/\/dev.chronobiology.com\/pl\/"},{"@type":"ListItem","position":2,"name":"strona g\u0142\u00f3wna"}]},{"@type":"WebSite","@id":"https:\/\/dev.chronobiology.com\/pl\/#website","url":"https:\/\/dev.chronobiology.com\/pl\/","name":"Chronobiology.com","description":"","publisher":{"@id":"https:\/\/dev.chronobiology.com\/pl\/#organization"},"potentialAction":[{"@type":"SearchAction","target":{"@type":"EntryPoint","urlTemplate":"https:\/\/dev.chronobiology.com\/pl\/?s={search_term_string}"},"query-input":{"@type":"PropertyValueSpecification","valueRequired":true,"valueName":"search_term_string"}}],"inLanguage":"pl-PL"},{"@type":"Organization","@id":"https:\/\/dev.chronobiology.com\/pl\/#organization","name":"Chronobiology","url":"https:\/\/dev.chronobiology.com\/pl\/","logo":{"@type":"ImageObject","inLanguage":"pl-PL","@id":"https:\/\/dev.chronobiology.com\/pl\/#\/schema\/logo\/image\/","url":"https:\/\/www.chronobiology.com\/wp-content\/uploads\/2019\/01\/chronobiology_logo_en_r.png","contentUrl":"https:\/\/www.chronobiology.com\/wp-content\/uploads\/2019\/01\/chronobiology_logo_en_r.png","width":375,"height":90,"caption":"Chronobiology"},"image":{"@id":"https:\/\/dev.chronobiology.com\/pl\/#\/schema\/logo\/image\/"},"sameAs":["https:\/\/www.facebook.com\/chronobiology","https:\/\/x.com\/chronobionews","https:\/\/www.instagram.com\/chronobiology\/","https:\/\/www.pinterest.com\/chronobiology\/"]}]}},"_links":{"self":[{"href":"https:\/\/dev.chronobiology.com\/pl\/wp-json\/wp\/v2\/pages\/54639"}],"collection":[{"href":"https:\/\/dev.chronobiology.com\/pl\/wp-json\/wp\/v2\/pages"}],"about":[{"href":"https:\/\/dev.chronobiology.com\/pl\/wp-json\/wp\/v2\/types\/page"}],"author":[{"embeddable":true,"href":"https:\/\/dev.chronobiology.com\/pl\/wp-json\/wp\/v2\/users\/11"}],"replies":[{"embeddable":true,"href":"https:\/\/dev.chronobiology.com\/pl\/wp-json\/wp\/v2\/comments?post=54639"}],"version-history":[{"count":5,"href":"https:\/\/dev.chronobiology.com\/pl\/wp-json\/wp\/v2\/pages\/54639\/revisions"}],"predecessor-version":[{"id":54676,"href":"https:\/\/dev.chronobiology.com\/pl\/wp-json\/wp\/v2\/pages\/54639\/revisions\/54676"}],"wp:attachment":[{"href":"https:\/\/dev.chronobiology.com\/pl\/wp-json\/wp\/v2\/media?parent=54639"}],"wp:term":[{"taxonomy":"category","embeddable":true,"href":"https:\/\/dev.chronobiology.com\/pl\/wp-json\/wp\/v2\/categories?post=54639"}],"curies":[{"name":"wp","href":"https:\/\/api.w.org\/{rel}","templated":true}]}}