{"id":54612,"date":"2023-09-27T06:43:37","date_gmt":"2023-09-27T13:43:37","guid":{"rendered":"https:\/\/www.chronobiology.com\/korzysci-zdrowotne-wynikajace-z-chronofarmakologii\/"},"modified":"2023-09-29T07:01:11","modified_gmt":"2023-09-29T14:01:11","slug":"korzysci-zdrowotne-wynikajace-z-chronofarmakologii","status":"publish","type":"page","link":"https:\/\/dev.chronobiology.com\/pl\/korzysci-zdrowotne-wynikajace-z-chronofarmakologii\/","title":{"rendered":"Korzy\u015bci zdrowotne wynikaj\u0105ce z chronofarmakologii"},"content":{"rendered":"<div class=\"wpb-content-wrapper\"><p>[vc_row full_width=&#8221;stretch_row&#8221; css=&#8221;.vc_custom_1481873941643{background-image: url(https:\/\/www.chronobiology.com\/wp-content\/uploads\/2015\/01\/chronopharmakologie-2.jpg?id=9256) !important;background-position: center !important;background-repeat: no-repeat !important;background-size: cover !important;}&#8221; el_class=&#8221;banner-top&#8221;][vc_column][vc_custom_heading source=&#8221;post_title&#8221; font_container=&#8221;tag:h1|text_align:center&#8221; use_theme_fonts=&#8221;yes&#8221;][\/vc_column][\/vc_row][vc_row][vc_column][vc_column_text]<\/p>\n<h1>Chronofarmakologia: W\u0142a\u015bciwy preparat we w\u0142a\u015bciwym czasie<\/h1>\n<p>To, jak szybko lub skutecznie substancja biologiczna jest wch\u0142aniana i wywo\u0142uje efekt po przyj\u0119ciu, w du\u017cej mierze zale\u017cy od aktywno\u015bci przewodu pokarmowego. Je\u015bli substancja ma wywo\u0142a\u0107 efekt w narz\u0105dzie docelowym w okre\u015blonym czasie, musi dotrze\u0107 do w\u0105troby na czas. Jednak przej\u015bcie przez przew\u00f3d pokarmowy nie zawsze odbywa si\u0119 w tym samym tempie. Na przyk\u0142ad dop\u0142yw krwi do \u017co\u0142\u0105dka i jelit jest obfity rano, ale stosunkowo niski w porze lunchu. Ten aspekt jest brany pod uwag\u0119 w preparatach chronobiologicznych, kt\u00f3re s\u0105 podawane rano, przed snem lub s\u0105 wyposa\u017cone w rodzaj blokady czasowej. Ta nowa wiedza medyczna mo\u017ce pom\u00f3c unikn\u0105\u0107 robienia w\u0142a\u015bciwych rzeczy w niew\u0142a\u015bciwym czasie. Kt\u00f3ra substancja ma maksymalne dzia\u0142anie rano? Kt\u00f3ra substancja jest najlepiej wch\u0142aniana przed snem?<\/p>\n<p>Kt\u00f3re substancje s\u0105 ze sob\u0105 kompatybilne? Kt\u00f3re z nich musz\u0105 by\u0107 przyjmowane razem, aby by\u0142y w og\u00f3le skuteczne? Kt\u00f3re substancje biologiczne mog\u0105 blokowa\u0107 dzia\u0142anie innych? Chronoterapia wspiera organizm dok\u0142adnie w czasie, w kt\u00f3rym mo\u017cna osi\u0105gn\u0105\u0107 maksymalny efekt. W ten spos\u00f3b zwi\u0119kszamy skuteczno\u015b\u0107. W ten spos\u00f3b ograniczamy niepo\u017c\u0105dane skutki uboczne. W przypadku wielu substancji chronobiologia zna ju\u017c najskuteczniejszy punkt czasowy. Istnieje wiele nowoczesnych preparat\u00f3w, kt\u00f3re s\u0105 naprawd\u0119 inteligentne. Zawieraj\u0105 one okre\u015blone mikro-biosubstancje na ca\u0142y dzie\u0144 i mog\u0105 by\u0107 przyjmowane tylko raz dziennie. Blokada czasowa lub r\u00f3\u017cne szybko\u015bci dzia\u0142ania poszczeg\u00f3lnych substancji zapewniaj\u0105, \u017ce odpowiednie efekty s\u0105 wyzwalane jeden po drugim, zgodnie z rytmem oko\u0142odobowym i utrzymuj\u0105 si\u0119 przez ca\u0142\u0105 noc.<\/p>\n<h1>Korzy\u015bci zdrowotne<\/h1>\n<p>[\/vc_column_text][vc_row_inner el_class=&#8221;benefits_box&#8221;][vc_column_inner width=&#8221;1\/4&#8243;][just_icon icon_type=&#8221;custom&#8221; icon_img=&#8221;id^11575|url^https:\/\/www.chronobiology.com\/wp-content\/uploads\/2014\/05\/dermatology_ic.png|caption^null|alt^null|title^dermatology_ic|description^null&#8221; img_width=&#8221;120&#8243; icon_link=&#8221;url:https%3A%2F%2Fwww.chronobiology.com%2Fhealth-benefits-of-chronopharmacology%2Fdermatology%2F|||&#8221;][vc_custom_heading text=&#8221;Dermatologia&#8221; font_container=&#8221;tag:h4|text_align:center&#8221; use_theme_fonts=&#8221;yes&#8221; link=&#8221;url:https%3A%2F%2Fwww.chronobiology.com%2Fhealth-benefits-of-chronopharmacology%2Fdermatology%2F|&#8221;][ult_createlink title=&#8221;Czytaj wi\u0119cej&#8221; btn_link=&#8221;url:https%3A%2F%2Fwww.chronobiology.com%2Fhealth-benefits-of-chronopharmacology%2Fdermatology%2F|||&#8221; text_color=&#8221;#085cbc&#8221; text_hovercolor=&#8221;#085cbc&#8221;][\/vc_column_inner][vc_column_inner width=&#8221;1\/4&#8243;][just_icon icon_type=&#8221;custom&#8221; icon_img=&#8221;id^11588|url^https:\/\/www.chronobiology.com\/wp-content\/uploads\/2014\/05\/cardio_ic.png|caption^null|alt^null|title^cardio_ic|description^null&#8221; img_width=&#8221;94&#8243; icon_link=&#8221;url:https%3A%2F%2Fwww.chronobiology.com%2Fhealth-benefits-of-chronopharmacology%2Fcardiovascular-system%2F|||&#8221;][vc_custom_heading text=&#8221;Uk\u0142ad sercowo-naczyniowy&#8221; font_container=&#8221;tag:h4|text_align:center&#8221; use_theme_fonts=&#8221;yes&#8221; link=&#8221;url:https%3A%2F%2Fwww.chronobiology.com%2Fhealth-benefits-of-chronopharmacology%2Fcardiovascular-system%2F|&#8221;][ult_createlink title=&#8221;Czytaj wi\u0119cej&#8221; btn_link=&#8221;url:https%3A%2F%2Fwww.chronobiology.com%2Fhealth-benefits-of-chronopharmacology%2Fcardiovascular-system%2F|||&#8221; text_color=&#8221;#085cbc&#8221; text_hovercolor=&#8221;#085cbc&#8221;][\/vc_column_inner][vc_column_inner width=&#8221;1\/4&#8243;][just_icon icon_type=&#8221;custom&#8221; icon_img=&#8221;id^11589|url^https:\/\/www.chronobiology.com\/wp-content\/uploads\/2014\/05\/muscul_ic.png|caption^null|alt^null|title^muscul_ic|description^null&#8221; img_width=&#8221;62&#8243; icon_link=&#8221;url:https%3A%2F%2Fwww.chronobiology.com%2Fhealth-benefits-of-chronopharmacology%2Fmusculoskeletal-system%2F|||&#8221;][vc_custom_heading text=&#8221;Uk\u0142ad mi\u0119\u015bniowo-szkieletowy&#8221; font_container=&#8221;tag:h4|text_align:center&#8221; use_theme_fonts=&#8221;yes&#8221; link=&#8221;url:https%3A%2F%2Fwww.chronobiology.com%2Fhealth-benefits-of-chronopharmacology%2Fmusculoskeletal-system%2F|&#8221;][ult_createlink title=&#8221;Czytaj wi\u0119cej&#8221; btn_link=&#8221;url:https%3A%2F%2Fwww.chronobiology.com%2Fhealth-benefits-of-chronopharmacology%2Fmusculoskeletal-system%2F|||&#8221; text_color=&#8221;#085cbc&#8221; text_hovercolor=&#8221;#085cbc&#8221;][\/vc_column_inner][vc_column_inner width=&#8221;1\/4&#8243;][just_icon icon_type=&#8221;custom&#8221; icon_img=&#8221;id^11590|url^https:\/\/www.chronobiology.com\/wp-content\/uploads\/2014\/05\/cell_icon.png|caption^null|alt^null|title^cell_icon|description^null&#8221; img_width=&#8221;89&#8243; icon_link=&#8221;url:https%3A%2F%2Fwww.chronobiology.com%2Fhealth-benefits-of-chronopharmacology%2Fhealthy-cell-protection%2F|||&#8221;][vc_custom_heading text=&#8221;Ochrona zdrowych kom\u00f3rek&#8221; font_container=&#8221;tag:h4|text_align:center&#8221; use_theme_fonts=&#8221;yes&#8221; link=&#8221;url:https%3A%2F%2Fwww.chronobiology.com%2Fhealth-benefits-of-chronopharmacology%2Fhealthy-cell-protection%2F|&#8221;][ult_createlink title=&#8221;Czytaj wi\u0119cej&#8221; btn_link=&#8221;url:https%3A%2F%2Fwww.chronobiology.com%2Fhealth-benefits-of-chronopharmacology%2Fhealthy-cell-protection%2F|||&#8221; text_color=&#8221;#085cbc&#8221; text_hovercolor=&#8221;#085cbc&#8221;][\/vc_column_inner][\/vc_row_inner][vc_row_inner el_class=&#8221;benefits_box&#8221;][vc_column_inner width=&#8221;1\/4&#8243;][just_icon icon_type=&#8221;custom&#8221; icon_img=&#8221;id^11595|url^https:\/\/www.chronobiology.com\/wp-content\/uploads\/2014\/05\/metabolism_ic.png|caption^null|alt^null|title^metabolism_ic|description^null&#8221; img_width=&#8221;90&#8243; icon_link=&#8221;url:https%3A%2F%2Fwww.chronobiology.com%2Fhealth-benefits-of-chronopharmacology%2Fmetabolism%2F|||&#8221;][vc_custom_heading text=&#8221;Metabolizm&#8221; font_container=&#8221;tag:h4|text_align:center&#8221; use_theme_fonts=&#8221;yes&#8221; link=&#8221;url:https%3A%2F%2Fwww.chronobiology.com%2Fhealth-benefits-of-chronopharmacology%2Fmetabolism%2F|&#8221;][ult_createlink title=&#8221;Czytaj wi\u0119cej&#8221; btn_link=&#8221;url:https%3A%2F%2Fwww.chronobiology.com%2Fhealth-benefits-of-chronopharmacology%2Fmetabolism%2F|||&#8221; text_color=&#8221;#085cbc&#8221; text_hovercolor=&#8221;#085cbc&#8221;][\/vc_column_inner][vc_column_inner width=&#8221;1\/4&#8243;][just_icon icon_type=&#8221;custom&#8221; icon_img=&#8221;id^11597|url^https:\/\/www.chronobiology.com\/wp-content\/uploads\/2014\/05\/men_ic.png|caption^null|alt^null|title^men_ic|description^null&#8221; img_width=&#8221;76&#8243; icon_link=&#8221;url:https%3A%2F%2Fwww.chronobiology.com%2Fhealth-benefits-of-chronopharmacology%2Fmens-health%2F|||&#8221;][vc_custom_heading text=&#8221;Zdrowie m\u0119\u017cczyzny&#8221; font_container=&#8221;tag:h4|text_align:center&#8221; use_theme_fonts=&#8221;yes&#8221; link=&#8221;url:https%3A%2F%2Fwww.chronobiology.com%2Fhealth-benefits-of-chronopharmacology%2Fmens-health%2F|&#8221;][ult_createlink title=&#8221;Czytaj wi\u0119cej&#8221; btn_link=&#8221;url:https%3A%2F%2Fwww.chronobiology.com%2Fhealth-benefits-of-chronopharmacology%2Fmens-health%2F|||&#8221; text_color=&#8221;#085cbc&#8221; text_hovercolor=&#8221;#085cbc&#8221;][\/vc_column_inner][vc_column_inner width=&#8221;1\/4&#8243;][just_icon icon_type=&#8221;custom&#8221; icon_img=&#8221;id^11598|url^https:\/\/www.chronobiology.com\/wp-content\/uploads\/2014\/05\/woman_ic.png|caption^null|alt^null|title^woman_ic|description^null&#8221; img_width=&#8221;90&#8243; icon_link=&#8221;url:https%3A%2F%2Fwww.chronobiology.com%2Fhealth-benefits-of-chronopharmacology%2Fwomens-health%2F|||&#8221;][vc_custom_heading text=&#8221;Zdrowie kobiety&#8221; font_container=&#8221;tag:h4|text_align:center&#8221; use_theme_fonts=&#8221;yes&#8221; link=&#8221;url:https%3A%2F%2Fwww.chronobiology.com%2Fhealth-benefits-of-chronopharmacology%2Fwomens-health%2F|&#8221;][ult_createlink title=&#8221;Czytaj wi\u0119cej&#8221; btn_link=&#8221;url:https%3A%2F%2Fwww.chronobiology.com%2Fhealth-benefits-of-chronopharmacology%2Fwomens-health%2F|||&#8221; text_color=&#8221;#085cbc&#8221; text_hovercolor=&#8221;#085cbc&#8221;][\/vc_column_inner][vc_column_inner width=&#8221;1\/4&#8243;][just_icon icon_type=&#8221;custom&#8221; icon_img=&#8221;id^11596|url^https:\/\/www.chronobiology.com\/wp-content\/uploads\/2014\/05\/brain_ic.png|caption^null|alt^null|title^brain_ic|description^null&#8221; img_width=&#8221;76&#8243; icon_link=&#8221;url:https%3A%2F%2Fwww.chronobiology.com%2Fhealth-benefits-of-chronopharmacology%2Fmental-health%2F|||&#8221;][vc_custom_heading text=&#8221;Zdrowie psychiczne&#8221; font_container=&#8221;tag:h4|text_align:center&#8221; use_theme_fonts=&#8221;yes&#8221; link=&#8221;url:https%3A%2F%2Fwww.chronobiology.com%2Fhealth-benefits-of-chronopharmacology%2Fmental-health%2F|&#8221;][ult_createlink title=&#8221;Czytaj wi\u0119cej&#8221; btn_link=&#8221;url:https%3A%2F%2Fwww.chronobiology.com%2Fhealth-benefits-of-chronopharmacology%2Fmental-health%2F|||&#8221; text_color=&#8221;#085cbc&#8221; text_hovercolor=&#8221;#085cbc&#8221;][\/vc_column_inner][\/vc_row_inner][\/vc_column][\/vc_row]<\/p>\n<\/div>","protected":false},"excerpt":{"rendered":"<p>[vc_row full_width=&#8221;stretch_row&#8221; css=&#8221;.vc_custom_1481873941643{background-image: url(https:\/\/www.chronobiology.com\/wp-content\/uploads\/2015\/01\/chronopharmakologie-2.jpg?id=9256) !important;background-position: center !important;background-repeat: no-repeat !important;background-size: cover !important;}&#8221; el_class=&#8221;banner-top&#8221;][vc_column][vc_custom_heading source=&#8221;post_title&#8221; font_container=&#8221;tag:h1|text_align:center&#8221; use_theme_fonts=&#8221;yes&#8221;][\/vc_column][\/vc_row][vc_row][vc_column][vc_column_text] Chronofarmakologia: W\u0142a\u015bciwy preparat we w\u0142a\u015bciwym czasie To, jak szybko lub skutecznie substancja biologiczna jest wch\u0142aniana i wywo\u0142uje efekt po przyj\u0119ciu, w du\u017cej mierze zale\u017cy od aktywno\u015bci przewodu pokarmowego. Je\u015bli substancja ma wywo\u0142a\u0107 efekt w narz\u0105dzie docelowym w okre\u015blonym czasie, musi [&hellip;]<\/p>\n","protected":false},"author":11,"featured_media":47998,"parent":0,"menu_order":0,"comment_status":"open","ping_status":"closed","template":"","meta":{"_acf_changed":false,"_genesis_hide_title":false,"_genesis_hide_breadcrumbs":false,"_genesis_hide_singular_image":false,"_genesis_hide_footer_widgets":false,"_genesis_custom_body_class":"","_genesis_custom_post_class":"","_genesis_layout":"full-width-content","footnotes":""},"categories":[335,337,338,339,340,344,334,347,351,341,352,349,348,342,353,336,346,354,343],"class_list":{"0":"post-54612","1":"page","2":"type-page","3":"status-publish","4":"has-post-thumbnail","6":"category-badania-nad-rakiem","7":"category-cellulit","8":"category-chronodieta","9":"category-chronotyp","10":"category-energia-pl","11":"category-flora-jelitowa","12":"category-kosci-i-stawy","13":"category-matebolizm","14":"category-melatonina-pl","15":"category-oczy","16":"category-praca-i-zmiany","17":"category-sen","18":"category-skora","19":"category-wlosy-i-paznokcie","20":"category-zdrowie-kobiety","21":"category-zdrowie-komorek","22":"category-zdrowie-mezczyzny","23":"category-zdrowie-psychiczne","24":"category-zdrowie-serca","25":"entry"},"acf":[],"yoast_head":"<!-- This site is optimized with the Yoast SEO Premium plugin v23.4 (Yoast SEO v23.4) - https:\/\/yoast.com\/wordpress\/plugins\/seo\/ -->\n<title>Korzy\u015bci zdrowotne wynikaj\u0105ce z chronofarmakologii &#8211; Chronobiology.com<\/title>\n<meta name=\"robots\" content=\"index, follow, max-snippet:-1, max-image-preview:large, max-video-preview:-1\" \/>\n<link rel=\"canonical\" href=\"https:\/\/dev.chronobiology.com\/pl\/korzysci-zdrowotne-wynikajace-z-chronofarmakologii\/\" \/>\n<meta property=\"og:locale\" content=\"pl_PL\" \/>\n<meta property=\"og:type\" content=\"article\" \/>\n<meta property=\"og:title\" content=\"Korzy\u015bci zdrowotne wynikaj\u0105ce z chronofarmakologii\" \/>\n<meta property=\"og:description\" content=\"[vc_row full_width=&#8221;stretch_row&#8221; css=&#8221;.vc_custom_1481873941643{background-image: url(https:\/\/www.chronobiology.com\/wp-content\/uploads\/2015\/01\/chronopharmakologie-2.jpg?id=9256) !important;background-position: center !important;background-repeat: no-repeat !important;background-size: cover !important;}&#8221; el_class=&#8221;banner-top&#8221;][vc_column][vc_custom_heading source=&#8221;post_title&#8221; font_container=&#8221;tag:h1|text_align:center&#8221; use_theme_fonts=&#8221;yes&#8221;][\/vc_column][\/vc_row][vc_row][vc_column][vc_column_text] Chronofarmakologia: W\u0142a\u015bciwy preparat we w\u0142a\u015bciwym czasie To, jak szybko lub skutecznie substancja biologiczna jest wch\u0142aniana i wywo\u0142uje efekt po przyj\u0119ciu, w du\u017cej mierze zale\u017cy od aktywno\u015bci przewodu pokarmowego. Je\u015bli substancja ma wywo\u0142a\u0107 efekt w narz\u0105dzie docelowym w okre\u015blonym czasie, musi [&hellip;]\" \/>\n<meta property=\"og:url\" content=\"https:\/\/dev.chronobiology.com\/pl\/korzysci-zdrowotne-wynikajace-z-chronofarmakologii\/\" \/>\n<meta property=\"og:site_name\" content=\"Chronobiology.com\" \/>\n<meta property=\"article:publisher\" content=\"https:\/\/www.facebook.com\/chronobiology\" \/>\n<meta property=\"article:modified_time\" content=\"2023-09-29T14:01:11+00:00\" \/>\n<meta property=\"og:image\" content=\"https:\/\/dev.chronobiology.com\/wp-content\/uploads\/2015\/01\/chronopharmakologie-2.jpg\" \/>\n\t<meta property=\"og:image:width\" content=\"1800\" \/>\n\t<meta property=\"og:image:height\" content=\"449\" \/>\n\t<meta property=\"og:image:type\" content=\"image\/jpeg\" \/>\n<meta name=\"twitter:card\" content=\"summary_large_image\" \/>\n<meta name=\"twitter:site\" content=\"@chronobionews\" \/>\n<meta name=\"twitter:label1\" content=\"Szacowany czas czytania\" \/>\n\t<meta name=\"twitter:data1\" content=\"6 minut\" \/>\n<script type=\"application\/ld+json\" class=\"yoast-schema-graph\">{\"@context\":\"https:\/\/schema.org\",\"@graph\":[{\"@type\":\"WebPage\",\"@id\":\"https:\/\/dev.chronobiology.com\/pl\/korzysci-zdrowotne-wynikajace-z-chronofarmakologii\/\",\"url\":\"https:\/\/dev.chronobiology.com\/pl\/korzysci-zdrowotne-wynikajace-z-chronofarmakologii\/\",\"name\":\"Korzy\u015bci zdrowotne wynikaj\u0105ce z chronofarmakologii &#8211; Chronobiology.com\",\"isPartOf\":{\"@id\":\"https:\/\/dev.chronobiology.com\/pl\/#website\"},\"primaryImageOfPage\":{\"@id\":\"https:\/\/dev.chronobiology.com\/pl\/korzysci-zdrowotne-wynikajace-z-chronofarmakologii\/#primaryimage\"},\"image\":{\"@id\":\"https:\/\/dev.chronobiology.com\/pl\/korzysci-zdrowotne-wynikajace-z-chronofarmakologii\/#primaryimage\"},\"thumbnailUrl\":\"https:\/\/dev.chronobiology.com\/wp-content\/uploads\/2015\/01\/chronopharmakologie-2.jpg\",\"datePublished\":\"2023-09-27T13:43:37+00:00\",\"dateModified\":\"2023-09-29T14:01:11+00:00\",\"breadcrumb\":{\"@id\":\"https:\/\/dev.chronobiology.com\/pl\/korzysci-zdrowotne-wynikajace-z-chronofarmakologii\/#breadcrumb\"},\"inLanguage\":\"pl-PL\",\"potentialAction\":[{\"@type\":\"ReadAction\",\"target\":[\"https:\/\/dev.chronobiology.com\/pl\/korzysci-zdrowotne-wynikajace-z-chronofarmakologii\/\"]}]},{\"@type\":\"ImageObject\",\"inLanguage\":\"pl-PL\",\"@id\":\"https:\/\/dev.chronobiology.com\/pl\/korzysci-zdrowotne-wynikajace-z-chronofarmakologii\/#primaryimage\",\"url\":\"https:\/\/dev.chronobiology.com\/wp-content\/uploads\/2015\/01\/chronopharmakologie-2.jpg\",\"contentUrl\":\"https:\/\/dev.chronobiology.com\/wp-content\/uploads\/2015\/01\/chronopharmakologie-2.jpg\",\"width\":1800,\"height\":449},{\"@type\":\"BreadcrumbList\",\"@id\":\"https:\/\/dev.chronobiology.com\/pl\/korzysci-zdrowotne-wynikajace-z-chronofarmakologii\/#breadcrumb\",\"itemListElement\":[{\"@type\":\"ListItem\",\"position\":1,\"name\":\"Home\",\"item\":\"https:\/\/dev.chronobiology.com\/pl\/\"},{\"@type\":\"ListItem\",\"position\":2,\"name\":\"Korzy\u015bci zdrowotne wynikaj\u0105ce z chronofarmakologii\"}]},{\"@type\":\"WebSite\",\"@id\":\"https:\/\/dev.chronobiology.com\/pl\/#website\",\"url\":\"https:\/\/dev.chronobiology.com\/pl\/\",\"name\":\"Chronobiology.com\",\"description\":\"\",\"publisher\":{\"@id\":\"https:\/\/dev.chronobiology.com\/pl\/#organization\"},\"potentialAction\":[{\"@type\":\"SearchAction\",\"target\":{\"@type\":\"EntryPoint\",\"urlTemplate\":\"https:\/\/dev.chronobiology.com\/pl\/?s={search_term_string}\"},\"query-input\":{\"@type\":\"PropertyValueSpecification\",\"valueRequired\":true,\"valueName\":\"search_term_string\"}}],\"inLanguage\":\"pl-PL\"},{\"@type\":\"Organization\",\"@id\":\"https:\/\/dev.chronobiology.com\/pl\/#organization\",\"name\":\"Chronobiology\",\"url\":\"https:\/\/dev.chronobiology.com\/pl\/\",\"logo\":{\"@type\":\"ImageObject\",\"inLanguage\":\"pl-PL\",\"@id\":\"https:\/\/dev.chronobiology.com\/pl\/#\/schema\/logo\/image\/\",\"url\":\"https:\/\/www.chronobiology.com\/wp-content\/uploads\/2019\/01\/chronobiology_logo_en_r.png\",\"contentUrl\":\"https:\/\/www.chronobiology.com\/wp-content\/uploads\/2019\/01\/chronobiology_logo_en_r.png\",\"width\":375,\"height\":90,\"caption\":\"Chronobiology\"},\"image\":{\"@id\":\"https:\/\/dev.chronobiology.com\/pl\/#\/schema\/logo\/image\/\"},\"sameAs\":[\"https:\/\/www.facebook.com\/chronobiology\",\"https:\/\/x.com\/chronobionews\",\"https:\/\/www.instagram.com\/chronobiology\/\",\"https:\/\/www.pinterest.com\/chronobiology\/\"]}]}<\/script>\n<!-- \/ Yoast SEO Premium plugin. -->","yoast_head_json":{"title":"Korzy\u015bci zdrowotne wynikaj\u0105ce z chronofarmakologii &#8211; Chronobiology.com","robots":{"index":"index","follow":"follow","max-snippet":"max-snippet:-1","max-image-preview":"max-image-preview:large","max-video-preview":"max-video-preview:-1"},"canonical":"https:\/\/dev.chronobiology.com\/pl\/korzysci-zdrowotne-wynikajace-z-chronofarmakologii\/","og_locale":"pl_PL","og_type":"article","og_title":"Korzy\u015bci zdrowotne wynikaj\u0105ce z chronofarmakologii","og_description":"[vc_row full_width=&#8221;stretch_row&#8221; css=&#8221;.vc_custom_1481873941643{background-image: url(https:\/\/www.chronobiology.com\/wp-content\/uploads\/2015\/01\/chronopharmakologie-2.jpg?id=9256) !important;background-position: center !important;background-repeat: no-repeat !important;background-size: cover !important;}&#8221; el_class=&#8221;banner-top&#8221;][vc_column][vc_custom_heading source=&#8221;post_title&#8221; font_container=&#8221;tag:h1|text_align:center&#8221; use_theme_fonts=&#8221;yes&#8221;][\/vc_column][\/vc_row][vc_row][vc_column][vc_column_text] Chronofarmakologia: W\u0142a\u015bciwy preparat we w\u0142a\u015bciwym czasie To, jak szybko lub skutecznie substancja biologiczna jest wch\u0142aniana i wywo\u0142uje efekt po przyj\u0119ciu, w du\u017cej mierze zale\u017cy od aktywno\u015bci przewodu pokarmowego. Je\u015bli substancja ma wywo\u0142a\u0107 efekt w narz\u0105dzie docelowym w okre\u015blonym czasie, musi [&hellip;]","og_url":"https:\/\/dev.chronobiology.com\/pl\/korzysci-zdrowotne-wynikajace-z-chronofarmakologii\/","og_site_name":"Chronobiology.com","article_publisher":"https:\/\/www.facebook.com\/chronobiology","article_modified_time":"2023-09-29T14:01:11+00:00","og_image":[{"width":1800,"height":449,"url":"https:\/\/dev.chronobiology.com\/wp-content\/uploads\/2015\/01\/chronopharmakologie-2.jpg","type":"image\/jpeg"}],"twitter_card":"summary_large_image","twitter_site":"@chronobionews","twitter_misc":{"Szacowany czas czytania":"6 minut"},"schema":{"@context":"https:\/\/schema.org","@graph":[{"@type":"WebPage","@id":"https:\/\/dev.chronobiology.com\/pl\/korzysci-zdrowotne-wynikajace-z-chronofarmakologii\/","url":"https:\/\/dev.chronobiology.com\/pl\/korzysci-zdrowotne-wynikajace-z-chronofarmakologii\/","name":"Korzy\u015bci zdrowotne wynikaj\u0105ce z chronofarmakologii &#8211; Chronobiology.com","isPartOf":{"@id":"https:\/\/dev.chronobiology.com\/pl\/#website"},"primaryImageOfPage":{"@id":"https:\/\/dev.chronobiology.com\/pl\/korzysci-zdrowotne-wynikajace-z-chronofarmakologii\/#primaryimage"},"image":{"@id":"https:\/\/dev.chronobiology.com\/pl\/korzysci-zdrowotne-wynikajace-z-chronofarmakologii\/#primaryimage"},"thumbnailUrl":"https:\/\/dev.chronobiology.com\/wp-content\/uploads\/2015\/01\/chronopharmakologie-2.jpg","datePublished":"2023-09-27T13:43:37+00:00","dateModified":"2023-09-29T14:01:11+00:00","breadcrumb":{"@id":"https:\/\/dev.chronobiology.com\/pl\/korzysci-zdrowotne-wynikajace-z-chronofarmakologii\/#breadcrumb"},"inLanguage":"pl-PL","potentialAction":[{"@type":"ReadAction","target":["https:\/\/dev.chronobiology.com\/pl\/korzysci-zdrowotne-wynikajace-z-chronofarmakologii\/"]}]},{"@type":"ImageObject","inLanguage":"pl-PL","@id":"https:\/\/dev.chronobiology.com\/pl\/korzysci-zdrowotne-wynikajace-z-chronofarmakologii\/#primaryimage","url":"https:\/\/dev.chronobiology.com\/wp-content\/uploads\/2015\/01\/chronopharmakologie-2.jpg","contentUrl":"https:\/\/dev.chronobiology.com\/wp-content\/uploads\/2015\/01\/chronopharmakologie-2.jpg","width":1800,"height":449},{"@type":"BreadcrumbList","@id":"https:\/\/dev.chronobiology.com\/pl\/korzysci-zdrowotne-wynikajace-z-chronofarmakologii\/#breadcrumb","itemListElement":[{"@type":"ListItem","position":1,"name":"Home","item":"https:\/\/dev.chronobiology.com\/pl\/"},{"@type":"ListItem","position":2,"name":"Korzy\u015bci zdrowotne wynikaj\u0105ce z chronofarmakologii"}]},{"@type":"WebSite","@id":"https:\/\/dev.chronobiology.com\/pl\/#website","url":"https:\/\/dev.chronobiology.com\/pl\/","name":"Chronobiology.com","description":"","publisher":{"@id":"https:\/\/dev.chronobiology.com\/pl\/#organization"},"potentialAction":[{"@type":"SearchAction","target":{"@type":"EntryPoint","urlTemplate":"https:\/\/dev.chronobiology.com\/pl\/?s={search_term_string}"},"query-input":{"@type":"PropertyValueSpecification","valueRequired":true,"valueName":"search_term_string"}}],"inLanguage":"pl-PL"},{"@type":"Organization","@id":"https:\/\/dev.chronobiology.com\/pl\/#organization","name":"Chronobiology","url":"https:\/\/dev.chronobiology.com\/pl\/","logo":{"@type":"ImageObject","inLanguage":"pl-PL","@id":"https:\/\/dev.chronobiology.com\/pl\/#\/schema\/logo\/image\/","url":"https:\/\/www.chronobiology.com\/wp-content\/uploads\/2019\/01\/chronobiology_logo_en_r.png","contentUrl":"https:\/\/www.chronobiology.com\/wp-content\/uploads\/2019\/01\/chronobiology_logo_en_r.png","width":375,"height":90,"caption":"Chronobiology"},"image":{"@id":"https:\/\/dev.chronobiology.com\/pl\/#\/schema\/logo\/image\/"},"sameAs":["https:\/\/www.facebook.com\/chronobiology","https:\/\/x.com\/chronobionews","https:\/\/www.instagram.com\/chronobiology\/","https:\/\/www.pinterest.com\/chronobiology\/"]}]}},"_links":{"self":[{"href":"https:\/\/dev.chronobiology.com\/pl\/wp-json\/wp\/v2\/pages\/54612"}],"collection":[{"href":"https:\/\/dev.chronobiology.com\/pl\/wp-json\/wp\/v2\/pages"}],"about":[{"href":"https:\/\/dev.chronobiology.com\/pl\/wp-json\/wp\/v2\/types\/page"}],"author":[{"embeddable":true,"href":"https:\/\/dev.chronobiology.com\/pl\/wp-json\/wp\/v2\/users\/11"}],"replies":[{"embeddable":true,"href":"https:\/\/dev.chronobiology.com\/pl\/wp-json\/wp\/v2\/comments?post=54612"}],"version-history":[{"count":5,"href":"https:\/\/dev.chronobiology.com\/pl\/wp-json\/wp\/v2\/pages\/54612\/revisions"}],"predecessor-version":[{"id":54686,"href":"https:\/\/dev.chronobiology.com\/pl\/wp-json\/wp\/v2\/pages\/54612\/revisions\/54686"}],"wp:featuredmedia":[{"embeddable":true,"href":"https:\/\/dev.chronobiology.com\/pl\/wp-json\/wp\/v2\/media\/47998"}],"wp:attachment":[{"href":"https:\/\/dev.chronobiology.com\/pl\/wp-json\/wp\/v2\/media?parent=54612"}],"wp:term":[{"taxonomy":"category","embeddable":true,"href":"https:\/\/dev.chronobiology.com\/pl\/wp-json\/wp\/v2\/categories?post=54612"}],"curies":[{"name":"wp","href":"https:\/\/api.w.org\/{rel}","templated":true}]}}