{"id":30447,"date":"2019-09-03T00:21:35","date_gmt":"2019-09-03T07:21:35","guid":{"rendered":"https:\/\/www.chronobiology.com\/cronodieta\/starter-nutrition-plan\/"},"modified":"2023-05-24T06:17:25","modified_gmt":"2023-05-24T13:17:25","slug":"il-programma-alimentare-per-iniziare","status":"publish","type":"page","link":"https:\/\/dev.chronobiology.com\/it\/crononutrizione\/il-programma-alimentare-per-iniziare\/","title":{"rendered":"Il programma alimentare per iniziare"},"content":{"rendered":"<div class=\"wpb-content-wrapper\"><p>[vc_row full_width=&#8221;stretch_row&#8221; el_class=&#8221;banner-top&#8221; css=&#8221;.vc_custom_1567495162041{background-image: url(https:\/\/www.chronobiology.com\/wp-content\/uploads\/2019\/09\/starter-nutrition-plan.jpg?id=30343) !important;}&#8221;][vc_column][vc_custom_heading source=&#8221;post_title&#8221; font_container=&#8221;tag:h1|text_align:center&#8221; use_theme_fonts=&#8221;yes&#8221;][\/vc_column][\/vc_row][vc_row][vc_column][vc_column_text]La cronodieta offre pasti variegati e gustosi che permettono di mangiare con piacere fino alla saziet\u00e0, senza le frustrazioni di un regime dietetico. Un consiglio: se vi viene fame tra un pasto e l&#8217;altro, non cercate uno spuntino, ma bevete un bicchiere d&#8217;acqua o una tazza di t\u00e8 (senza zucchero). Vi aiuter\u00e0, ve lo assicuriamo.[\/vc_column_text][\/vc_column][\/vc_row][vc_row][vc_column][vc_tta_accordion color=&#8221;turquoise&#8221; c_icon=&#8221;chevron&#8221; c_position=&#8221;right&#8221; active_section=&#8221;99&#8243; no_fill=&#8221;true&#8221; collapsible_all=&#8221;true&#8221;][vc_tta_section title=&#8221;Colazione&#8221; tab_id=&#8221;1479159301199-fd863768-f6af3cb0-08a4&#8243;][vc_row_inner css=&#8221;.vc_custom_1479250961333{background-image: url(https:\/\/www.chronobiology.com\/wp-content\/uploads\/2013\/04\/about_1.jpg?id=11471) !important;}&#8221;][vc_column_inner][vc_column_text]La granola di qualsiasi tipo (senza latte o yogurt) \u00e8 un modo perfetto per iniziare la giornata evitando le proteine. Tuttavia, lo yogurt di soia o il latte di riso vanno bene. Un&#8217;altra opzione potrebbe essere 50 ml di panna diluita con 150 ml di acqua. Si pu\u00f2 aggiungere della frutta se la si combina con una piccola quantit\u00e0 di olio sano. Anche i dolci, i croissant, le frittelle, i panini e i cereali senza zucchero sono ottimi alimenti per la mattina.<\/p>\n<p>Se preferite qualcosa di salato, optate per creme spalmabili vegetariane (ad esempio a base di avocado o patate dolci) e verdure fresche come i pomodori. Inoltre, studi recenti hanno dimostrato che la colazione \u00e8 il pasto pi\u00f9 importante della giornata, non solo per la produzione di energia, ma anche per stabilire i propri ritmi. Si chiama &#8220;colazione&#8221; per un motivo preciso, poich\u00e9 \u00e8 il pasto che interrompe il digiuno notturno.<\/p>\n<p>Suggerimenti:<\/p>\n<ul>\n<li>Granola al cioccolato con banana<\/li>\n<li>Croissant o brioche con marmellata<\/li>\n<li>Frullati<\/li>\n<li>Fette biscottate con pomodori o crema vegetale<\/li>\n<\/ul>\n<p>[\/vc_column_text][\/vc_column_inner][\/vc_row_inner][\/vc_tta_section][\/vc_tta_accordion][vc_tta_accordion color=&#8221;turquoise&#8221; c_icon=&#8221;chevron&#8221; c_position=&#8221;right&#8221; active_section=&#8221;99&#8243; no_fill=&#8221;true&#8221; collapsible_all=&#8221;true&#8221;][vc_tta_section title=&#8221;Pranzo&#8221; tab_id=&#8221;1479160006396-6adcefe5-9e7b3cb0-08a4&#8243;][vc_row_inner css=&#8221;.vc_custom_1479256809461{background-image: url(https:\/\/www.chronobiology.com\/wp-content\/uploads\/2013\/04\/about_2.jpg?id=11494) !important;}&#8221;][vc_column_inner][vc_column_text]Per il pranzo, siete liberi di mangiare qualsiasi cosa in quantit\u00e0 ragionevole: zuppa, carne, stufato, pasta di qualsiasi tipo, persino risotti o piatti di patate. Questo vi dar\u00e0 energia per la seconda parte della giornata.<\/p>\n<p><em>Suggerimenti:<\/em><\/p>\n<ul>\n<li>Zuppa di carote e zucca<\/li>\n<li>Insalata con strisce di petto di tacchino<\/li>\n<li>Zuppa di cavolo con pancetta<\/li>\n<li>Risotto ai funghi<\/li>\n<li>Spaghetti alla carbonara<\/li>\n<li>Patate al forno con ripieno<\/li>\n<\/ul>\n<p>[\/vc_column_text][\/vc_column_inner][\/vc_row_inner][\/vc_tta_section][\/vc_tta_accordion][vc_tta_accordion color=&#8221;turquoise&#8221; c_icon=&#8221;chevron&#8221; c_position=&#8221;right&#8221; active_section=&#8221;99&#8243; no_fill=&#8221;true&#8221; collapsible_all=&#8221;true&#8221;][vc_tta_section title=&#8221;Cena&#8221; tab_id=&#8221;1479160183267-5834ce69-6e6c3cb0-08a4&#8243;][vc_row_inner css=&#8221;.vc_custom_1479256903547{background-image: url(https:\/\/www.chronobiology.com\/wp-content\/uploads\/2013\/04\/about_3.jpg?id=11501) !important;}&#8221;][vc_column_inner][vc_column_text]Evitare i carboidrati di qualsiasi tipo (come patate, pasta o pane) la sera. Preferite invece carne, pesce, uova, latticini, verdure o zuppe leggere.<\/p>\n<p><em>Suggerimenti:<\/em><\/p>\n<ul>\n<li>Zuppa di broccoli<\/li>\n<li>Zuppa di lenticchieTortilla di zucchine<\/li>\n<li>Spaghetti di verdure<\/li>\n<li>Pesce fritto o al vapore con verdure<\/li>\n<li>Medaglioni di maiale<\/li>\n<\/ul>\n<p>Non dimenticate di <strong>rispettare il programma<\/strong>: colazione &#8211; quattro o cinque ore di digiuno &#8211; pranzo &#8211; quattro o cinque ore di digiuno &#8211; cena &#8211; 12-16 ore di digiuno.<\/p>\n<p>Un altro consiglio: ogni inizio \u00e8 meglio che non iniziare affatto! Anche se iniziate a seguire questo concetto solo per uno o due giorni alla settimana, \u00e8 gi\u00e0 un buon primo passo, meglio che non iniziare affatto. Presto vi accorgerete di quanto vi sentite bene e potrete facilmente adattare la vostra alimentazione ai principi della cronodieta.[\/vc_column_text][\/vc_column_inner][\/vc_row_inner][\/vc_tta_section][\/vc_tta_accordion][\/vc_column][\/vc_row]<\/p>\n<\/div>","protected":false},"excerpt":{"rendered":"<p>[vc_row full_width=&#8221;stretch_row&#8221; el_class=&#8221;banner-top&#8221; css=&#8221;.vc_custom_1567495162041{background-image: url(https:\/\/www.chronobiology.com\/wp-content\/uploads\/2019\/09\/starter-nutrition-plan.jpg?id=30343) !important;}&#8221;][vc_column][vc_custom_heading source=&#8221;post_title&#8221; font_container=&#8221;tag:h1|text_align:center&#8221; use_theme_fonts=&#8221;yes&#8221;][\/vc_column][\/vc_row][vc_row][vc_column][vc_column_text]La cronodieta offre pasti variegati e gustosi che permettono di mangiare con piacere fino alla saziet\u00e0, senza le frustrazioni di un regime dietetico. Un consiglio: se vi viene fame tra un pasto e l&#8217;altro, non cercate uno spuntino, ma bevete un bicchiere d&#8217;acqua o una tazza di [&hellip;]<\/p>\n","protected":false},"author":15,"featured_media":0,"parent":19001,"menu_order":0,"comment_status":"closed","ping_status":"closed","template":"","meta":{"_acf_changed":false,"_genesis_hide_title":false,"_genesis_hide_breadcrumbs":false,"_genesis_hide_singular_image":false,"_genesis_hide_footer_widgets":false,"_genesis_custom_body_class":"","_genesis_custom_post_class":"","_genesis_layout":"","footnotes":""},"categories":[],"class_list":{"0":"post-30447","1":"page","2":"type-page","3":"status-publish","5":"entry","6":"has-post-thumbnail"},"acf":[],"yoast_head":"<!-- This site is optimized with the Yoast SEO Premium plugin v23.4 (Yoast SEO v23.4) - https:\/\/yoast.com\/wordpress\/plugins\/seo\/ -->\n<title>Il programma alimentare per iniziare &#8211; Chronobiology.com<\/title>\n<meta name=\"robots\" content=\"index, follow, max-snippet:-1, max-image-preview:large, max-video-preview:-1\" \/>\n<link rel=\"canonical\" href=\"https:\/\/dev.chronobiology.com\/it\/crononutrizione\/il-programma-alimentare-per-iniziare\/\" \/>\n<meta property=\"og:locale\" content=\"it_IT\" \/>\n<meta property=\"og:type\" content=\"article\" \/>\n<meta property=\"og:title\" content=\"Il programma alimentare per iniziare\" \/>\n<meta property=\"og:description\" content=\"[vc_row full_width=&#8221;stretch_row&#8221; el_class=&#8221;banner-top&#8221; css=&#8221;.vc_custom_1567495162041{background-image: url(https:\/\/www.chronobiology.com\/wp-content\/uploads\/2019\/09\/starter-nutrition-plan.jpg?id=30343) !important;}&#8221;][vc_column][vc_custom_heading source=&#8221;post_title&#8221; font_container=&#8221;tag:h1|text_align:center&#8221; use_theme_fonts=&#8221;yes&#8221;][\/vc_column][\/vc_row][vc_row][vc_column][vc_column_text]La cronodieta offre pasti variegati e gustosi che permettono di mangiare con piacere fino alla saziet\u00e0, senza le frustrazioni di un regime dietetico. Un consiglio: se vi viene fame tra un pasto e l&#8217;altro, non cercate uno spuntino, ma bevete un bicchiere d&#8217;acqua o una tazza di [&hellip;]\" \/>\n<meta property=\"og:url\" content=\"https:\/\/dev.chronobiology.com\/it\/crononutrizione\/il-programma-alimentare-per-iniziare\/\" \/>\n<meta property=\"og:site_name\" content=\"Chronobiology.com\" \/>\n<meta property=\"article:publisher\" content=\"https:\/\/www.facebook.com\/chronobiology\" \/>\n<meta property=\"article:modified_time\" content=\"2023-05-24T13:17:25+00:00\" \/>\n<meta name=\"twitter:card\" content=\"summary_large_image\" \/>\n<meta name=\"twitter:site\" content=\"@chronobionews\" \/>\n<meta name=\"twitter:label1\" content=\"Tempo di lettura stimato\" \/>\n\t<meta name=\"twitter:data1\" content=\"4 minuti\" \/>\n<script type=\"application\/ld+json\" class=\"yoast-schema-graph\">{\"@context\":\"https:\/\/schema.org\",\"@graph\":[{\"@type\":\"WebPage\",\"@id\":\"https:\/\/dev.chronobiology.com\/it\/crononutrizione\/il-programma-alimentare-per-iniziare\/\",\"url\":\"https:\/\/dev.chronobiology.com\/it\/crononutrizione\/il-programma-alimentare-per-iniziare\/\",\"name\":\"Il programma alimentare per iniziare &#8211; Chronobiology.com\",\"isPartOf\":{\"@id\":\"https:\/\/dev.chronobiology.com\/it\/#website\"},\"datePublished\":\"2019-09-03T07:21:35+00:00\",\"dateModified\":\"2023-05-24T13:17:25+00:00\",\"breadcrumb\":{\"@id\":\"https:\/\/dev.chronobiology.com\/it\/crononutrizione\/il-programma-alimentare-per-iniziare\/#breadcrumb\"},\"inLanguage\":\"it-IT\",\"potentialAction\":[{\"@type\":\"ReadAction\",\"target\":[\"https:\/\/dev.chronobiology.com\/it\/crononutrizione\/il-programma-alimentare-per-iniziare\/\"]}]},{\"@type\":\"BreadcrumbList\",\"@id\":\"https:\/\/dev.chronobiology.com\/it\/crononutrizione\/il-programma-alimentare-per-iniziare\/#breadcrumb\",\"itemListElement\":[{\"@type\":\"ListItem\",\"position\":1,\"name\":\"Home\",\"item\":\"https:\/\/dev.chronobiology.com\/it\/\"},{\"@type\":\"ListItem\",\"position\":2,\"name\":\"Crononutrizione\u2122\",\"item\":\"https:\/\/dev.chronobiology.com\/it\/crononutrizione\/\"},{\"@type\":\"ListItem\",\"position\":3,\"name\":\"Il programma alimentare per iniziare\"}]},{\"@type\":\"WebSite\",\"@id\":\"https:\/\/dev.chronobiology.com\/it\/#website\",\"url\":\"https:\/\/dev.chronobiology.com\/it\/\",\"name\":\"Chronobiology.com\",\"description\":\"\",\"publisher\":{\"@id\":\"https:\/\/dev.chronobiology.com\/it\/#organization\"},\"potentialAction\":[{\"@type\":\"SearchAction\",\"target\":{\"@type\":\"EntryPoint\",\"urlTemplate\":\"https:\/\/dev.chronobiology.com\/it\/?s={search_term_string}\"},\"query-input\":{\"@type\":\"PropertyValueSpecification\",\"valueRequired\":true,\"valueName\":\"search_term_string\"}}],\"inLanguage\":\"it-IT\"},{\"@type\":\"Organization\",\"@id\":\"https:\/\/dev.chronobiology.com\/it\/#organization\",\"name\":\"Chronobiology\",\"url\":\"https:\/\/dev.chronobiology.com\/it\/\",\"logo\":{\"@type\":\"ImageObject\",\"inLanguage\":\"it-IT\",\"@id\":\"https:\/\/dev.chronobiology.com\/it\/#\/schema\/logo\/image\/\",\"url\":\"https:\/\/www.chronobiology.com\/wp-content\/uploads\/2019\/01\/chronobiology_logo_en_r.png\",\"contentUrl\":\"https:\/\/www.chronobiology.com\/wp-content\/uploads\/2019\/01\/chronobiology_logo_en_r.png\",\"width\":375,\"height\":90,\"caption\":\"Chronobiology\"},\"image\":{\"@id\":\"https:\/\/dev.chronobiology.com\/it\/#\/schema\/logo\/image\/\"},\"sameAs\":[\"https:\/\/www.facebook.com\/chronobiology\",\"https:\/\/x.com\/chronobionews\",\"https:\/\/www.instagram.com\/chronobiology\/\",\"https:\/\/www.pinterest.com\/chronobiology\/\"]}]}<\/script>\n<!-- \/ Yoast SEO Premium plugin. -->","yoast_head_json":{"title":"Il programma alimentare per iniziare &#8211; Chronobiology.com","robots":{"index":"index","follow":"follow","max-snippet":"max-snippet:-1","max-image-preview":"max-image-preview:large","max-video-preview":"max-video-preview:-1"},"canonical":"https:\/\/dev.chronobiology.com\/it\/crononutrizione\/il-programma-alimentare-per-iniziare\/","og_locale":"it_IT","og_type":"article","og_title":"Il programma alimentare per iniziare","og_description":"[vc_row full_width=&#8221;stretch_row&#8221; el_class=&#8221;banner-top&#8221; css=&#8221;.vc_custom_1567495162041{background-image: url(https:\/\/www.chronobiology.com\/wp-content\/uploads\/2019\/09\/starter-nutrition-plan.jpg?id=30343) !important;}&#8221;][vc_column][vc_custom_heading source=&#8221;post_title&#8221; font_container=&#8221;tag:h1|text_align:center&#8221; use_theme_fonts=&#8221;yes&#8221;][\/vc_column][\/vc_row][vc_row][vc_column][vc_column_text]La cronodieta offre pasti variegati e gustosi che permettono di mangiare con piacere fino alla saziet\u00e0, senza le frustrazioni di un regime dietetico. Un consiglio: se vi viene fame tra un pasto e l&#8217;altro, non cercate uno spuntino, ma bevete un bicchiere d&#8217;acqua o una tazza di [&hellip;]","og_url":"https:\/\/dev.chronobiology.com\/it\/crononutrizione\/il-programma-alimentare-per-iniziare\/","og_site_name":"Chronobiology.com","article_publisher":"https:\/\/www.facebook.com\/chronobiology","article_modified_time":"2023-05-24T13:17:25+00:00","twitter_card":"summary_large_image","twitter_site":"@chronobionews","twitter_misc":{"Tempo di lettura stimato":"4 minuti"},"schema":{"@context":"https:\/\/schema.org","@graph":[{"@type":"WebPage","@id":"https:\/\/dev.chronobiology.com\/it\/crononutrizione\/il-programma-alimentare-per-iniziare\/","url":"https:\/\/dev.chronobiology.com\/it\/crononutrizione\/il-programma-alimentare-per-iniziare\/","name":"Il programma alimentare per iniziare &#8211; Chronobiology.com","isPartOf":{"@id":"https:\/\/dev.chronobiology.com\/it\/#website"},"datePublished":"2019-09-03T07:21:35+00:00","dateModified":"2023-05-24T13:17:25+00:00","breadcrumb":{"@id":"https:\/\/dev.chronobiology.com\/it\/crononutrizione\/il-programma-alimentare-per-iniziare\/#breadcrumb"},"inLanguage":"it-IT","potentialAction":[{"@type":"ReadAction","target":["https:\/\/dev.chronobiology.com\/it\/crononutrizione\/il-programma-alimentare-per-iniziare\/"]}]},{"@type":"BreadcrumbList","@id":"https:\/\/dev.chronobiology.com\/it\/crononutrizione\/il-programma-alimentare-per-iniziare\/#breadcrumb","itemListElement":[{"@type":"ListItem","position":1,"name":"Home","item":"https:\/\/dev.chronobiology.com\/it\/"},{"@type":"ListItem","position":2,"name":"Crononutrizione\u2122","item":"https:\/\/dev.chronobiology.com\/it\/crononutrizione\/"},{"@type":"ListItem","position":3,"name":"Il programma alimentare per iniziare"}]},{"@type":"WebSite","@id":"https:\/\/dev.chronobiology.com\/it\/#website","url":"https:\/\/dev.chronobiology.com\/it\/","name":"Chronobiology.com","description":"","publisher":{"@id":"https:\/\/dev.chronobiology.com\/it\/#organization"},"potentialAction":[{"@type":"SearchAction","target":{"@type":"EntryPoint","urlTemplate":"https:\/\/dev.chronobiology.com\/it\/?s={search_term_string}"},"query-input":{"@type":"PropertyValueSpecification","valueRequired":true,"valueName":"search_term_string"}}],"inLanguage":"it-IT"},{"@type":"Organization","@id":"https:\/\/dev.chronobiology.com\/it\/#organization","name":"Chronobiology","url":"https:\/\/dev.chronobiology.com\/it\/","logo":{"@type":"ImageObject","inLanguage":"it-IT","@id":"https:\/\/dev.chronobiology.com\/it\/#\/schema\/logo\/image\/","url":"https:\/\/www.chronobiology.com\/wp-content\/uploads\/2019\/01\/chronobiology_logo_en_r.png","contentUrl":"https:\/\/www.chronobiology.com\/wp-content\/uploads\/2019\/01\/chronobiology_logo_en_r.png","width":375,"height":90,"caption":"Chronobiology"},"image":{"@id":"https:\/\/dev.chronobiology.com\/it\/#\/schema\/logo\/image\/"},"sameAs":["https:\/\/www.facebook.com\/chronobiology","https:\/\/x.com\/chronobionews","https:\/\/www.instagram.com\/chronobiology\/","https:\/\/www.pinterest.com\/chronobiology\/"]}]}},"_links":{"self":[{"href":"https:\/\/dev.chronobiology.com\/it\/wp-json\/wp\/v2\/pages\/30447"}],"collection":[{"href":"https:\/\/dev.chronobiology.com\/it\/wp-json\/wp\/v2\/pages"}],"about":[{"href":"https:\/\/dev.chronobiology.com\/it\/wp-json\/wp\/v2\/types\/page"}],"author":[{"embeddable":true,"href":"https:\/\/dev.chronobiology.com\/it\/wp-json\/wp\/v2\/users\/15"}],"replies":[{"embeddable":true,"href":"https:\/\/dev.chronobiology.com\/it\/wp-json\/wp\/v2\/comments?post=30447"}],"version-history":[{"count":8,"href":"https:\/\/dev.chronobiology.com\/it\/wp-json\/wp\/v2\/pages\/30447\/revisions"}],"predecessor-version":[{"id":54279,"href":"https:\/\/dev.chronobiology.com\/it\/wp-json\/wp\/v2\/pages\/30447\/revisions\/54279"}],"up":[{"embeddable":true,"href":"https:\/\/dev.chronobiology.com\/it\/wp-json\/wp\/v2\/pages\/19001"}],"wp:attachment":[{"href":"https:\/\/dev.chronobiology.com\/it\/wp-json\/wp\/v2\/media?parent=30447"}],"wp:term":[{"taxonomy":"category","embeddable":true,"href":"https:\/\/dev.chronobiology.com\/it\/wp-json\/wp\/v2\/categories?post=30447"}],"curies":[{"name":"wp","href":"https:\/\/api.w.org\/{rel}","templated":true}]}}