{"id":30418,"date":"2019-09-03T00:12:47","date_gmt":"2019-09-03T07:12:47","guid":{"rendered":"https:\/\/www.chronobiology.com\/cronodieta\/hormones-define-our-eating-patterns\/"},"modified":"2023-05-24T06:10:19","modified_gmt":"2023-05-24T13:10:19","slug":"gli-ormoni-influiscono-sul-nostro-comportamento-alimentare","status":"publish","type":"page","link":"https:\/\/dev.chronobiology.com\/it\/crononutrizione\/gli-ormoni-influiscono-sul-nostro-comportamento-alimentare\/","title":{"rendered":"Gli ormoni influiscono sul nostro comportamento alimentare"},"content":{"rendered":"<div class=\"wpb-content-wrapper\"><p>[vc_row full_width=&#8221;stretch_row&#8221; el_class=&#8221;banner-top&#8221; css=&#8221;.vc_custom_1567494631404{background-image: url(https:\/\/www.chronobiology.com\/wp-content\/uploads\/2019\/09\/hormones-define-our-eating-patterns-a-key-fact.jpg?id=30313) !important;}&#8221;][vc_column][vc_custom_heading source=&#8221;post_title&#8221; font_container=&#8221;tag:h1|text_align:center&#8221; use_theme_fonts=&#8221;yes&#8221;][\/vc_column][\/vc_row][vc_row][vc_column][vc_column_text]Alcuni ormoni sono responsabili del senso di saziet\u00e0 o di fame e fungono da neurotrasmettitori chiave all&#8217;interno del nostro organismo. Vengono rilasciati in momenti diversi del giorno o della notte, secondo un ritmo determinato in anticipo. Tuttavia, questo rilascio \u00e8 influenzato dall&#8217;ora e dalla composizione dei pasti.<\/p>\n<p>Gli ormoni pi\u00f9 importanti per il controllo dei nostri modelli alimentari sono la grelina, la leptina, il cortisolo e l&#8217;insulina.[\/vc_column_text][\/vc_column][\/vc_row][vc_row][vc_column][vc_tta_accordion color=&#8221;turquoise&#8221; c_icon=&#8221;chevron&#8221; c_position=&#8221;right&#8221; active_section=&#8221;99&#8243; no_fill=&#8221;true&#8221; collapsible_all=&#8221;true&#8221;][vc_tta_section title=&#8221;Ghrelina&#8221; tab_id=&#8221;1479159301199-fd863768-f6af5c92-91f2&#8243;][vc_row_inner css=&#8221;.vc_custom_1567494673656{background-image: url(https:\/\/www.chronobiology.com\/wp-content\/uploads\/2013\/04\/about_1.jpg?id=11471) !important;}&#8221;][vc_column_inner][vc_column_text]Avete fame? Ci\u00f2 \u00e8 dovuto all&#8217;ormone grelina, che ogni cinque-sei ore durante il giorno ci ricorda che abbiamo bisogno di ingerire del cibo. Il suo livello scende in poco tempo dopo aver mangiato, per poi ricominciare a inviare segnali cinque-sei ore dopo. Se si \u00e8 consumato un pasto molto ricco di proteine, i livelli di grelina scendono pi\u00f9 rapidamente e impiegano pi\u00f9 tempo a risalire. Ci\u00f2 significa che se si consuma una cena ricca di proteine, non si sentir\u00e0 di nuovo la fame fino al mattino presto, il che \u00e8 positivo per mantenere la linea a lungo termine. La raccomandazione di includere pi\u00f9 spesso il pesce (una fonte proteica fondamentale) nei pasti serali non \u00e8 quindi priva di ragione. Anche 14-16 ore di digiuno possono contribuire a rafforzare o a ristabilire questo programma di rilascio, un effetto che il digiuno intermittente e la cronodieta cercano di sfruttare al meglio.[\/vc_column_text][\/vc_column_inner][\/vc_row_inner][\/vc_tta_section][\/vc_tta_accordion][vc_tta_accordion color=&#8221;turquoise&#8221; c_icon=&#8221;chevron&#8221; c_position=&#8221;right&#8221; active_section=&#8221;99&#8243; no_fill=&#8221;true&#8221; collapsible_all=&#8221;true&#8221;][vc_tta_section title=&#8221;Leptina&#8221; tab_id=&#8221;1479160006396-6adcefe5-9e7b5c92-91f2&#8243;][vc_row_inner css=&#8221;.vc_custom_1567494683661{background-image: url(https:\/\/www.chronobiology.com\/wp-content\/uploads\/2013\/04\/about_2.jpg?id=11494) !important;background-position: center !important;background-repeat: no-repeat !important;background-size: cover !important;}&#8221;][vc_column_inner][vc_column_text]Quando siamo sazi, entra in gioco un altro ormone: la leptina. Questo soppressore dell&#8217;appetito raggiunge i livelli pi\u00f9 alti tra mezzanotte e le prime ore del mattino: un altro motivo per cui non ci svegliamo di notte con la sensazione di fame. Per ottenere un effetto completo, l&#8217;ultimo pasto ricco di proteine dovrebbe avvenire preferibilmente da sei a otto ore prima della mezzanotte &#8211; un&#8217;altra regola empirica che abbiamo gi\u00e0 citato per il digiuno intermittente e la cronodieta.[\/vc_column_text][\/vc_column_inner][\/vc_row_inner][\/vc_tta_section][\/vc_tta_accordion][vc_tta_accordion color=&#8221;turquoise&#8221; c_icon=&#8221;chevron&#8221; c_position=&#8221;right&#8221; active_section=&#8221;99&#8243; no_fill=&#8221;true&#8221; collapsible_all=&#8221;true&#8221;][vc_tta_section title=&#8221;Cortisolo&#8221; tab_id=&#8221;1479160183267-5834ce69-6e6c5c92-91f2&#8243;][vc_row_inner css=&#8221;.vc_custom_1479256903547{background-image: url(https:\/\/www.chronobiology.com\/wp-content\/uploads\/2013\/04\/about_3.jpg?id=11501) !important;}&#8221;][vc_column_inner][vc_column_text]Un altro ormone importante \u00e8 il cortisolo, che favorisce il metabolismo dei grassi e regola l&#8217;equilibrio dei carboidrati. I livelli di cortisolo sono pi\u00f9 alti al mattino presto e pi\u00f9 bassi la sera e durante la notte. La cronodieta tiene conto di questo ritmo biologico: i carboidrati sono consentiti al mattino, perch\u00e9 in questo momento della giornata il cortisolo assicura che il nostro corpo sia in grado di elaborarli correttamente. La sera e la notte sono un&#8217;altra cosa! In queste ore i carboidrati sono dannosi, perch\u00e9 causano picchi di insulina che disturbano tutti i nostri ritmi naturali.[\/vc_column_text][\/vc_column_inner][\/vc_row_inner][\/vc_tta_section][\/vc_tta_accordion][vc_tta_accordion color=&#8221;turquoise&#8221; c_icon=&#8221;chevron&#8221; c_position=&#8221;right&#8221; active_section=&#8221;99&#8243; no_fill=&#8221;true&#8221; collapsible_all=&#8221;true&#8221;][vc_tta_section title=&#8221; Insulina&#8221; tab_id=&#8221;1479160330186-398ffbdb-8ab45c92-91f2&#8243;][vc_row_inner css=&#8221;.vc_custom_1479256972183{background-image: url(https:\/\/www.chronobiology.com\/wp-content\/uploads\/2013\/04\/about_4.jpg?id=11503) !important;}&#8221;][vc_column_inner][vc_column_text]L&#8217;insulina, l&#8217;ormone che proviene dal pancreas, viene rilasciata tre volte al giorno: al mattino presto, a met\u00e0 giornata e alla sera, ovvero durante i tre pasti principali. L&#8217;insulina assicura che ci\u00f2 che mangiamo in questi momenti della giornata venga trasportato nelle nostre cellule sotto forma di energia e nutrienti. Se viene prodotta troppa insulina (cosa che dipende dal tipo di alimentazione), l&#8217;eccedenza, cio\u00e8 l&#8217;energia che non viene convogliata nelle cellule, viene immagazzinata sotto forma di depositi di grasso.<\/p>\n<p>Recenti scoperte hanno inoltre dimostrato che il picco di insulina del mattino ha un effetto particolarmente positivo sui rilasci del pranzo e della sera. Se manca questo fattore scatenante del mattino, ad esempio se saltiamo la colazione, gli altri pasti non vengono digeriti come potrebbero. Il risultato \u00e8 che l&#8217;energia contenuta nei cibi si trasforma per lo pi\u00f9 in depositi di grasso.<\/p>\n<p>Oltre a questo programma giornaliero di produzione, l&#8217;insulina viene rilasciata anche tra un pasto e l&#8217;altro: ogni volta che sgranocchiamo una barretta di cereali apparentemente sana, un frutto o un pezzetto di cioccolato. L&#8217;energia che contengono viene immediatamente immagazzinata sotto forma di depositi di grasso.<br \/>\n[\/vc_column_text][\/vc_column_inner][\/vc_row_inner][\/vc_tta_section][\/vc_tta_accordion][\/vc_column][\/vc_row]<\/p>\n<\/div>","protected":false},"excerpt":{"rendered":"<p>[vc_row full_width=&#8221;stretch_row&#8221; el_class=&#8221;banner-top&#8221; css=&#8221;.vc_custom_1567494631404{background-image: url(https:\/\/www.chronobiology.com\/wp-content\/uploads\/2019\/09\/hormones-define-our-eating-patterns-a-key-fact.jpg?id=30313) !important;}&#8221;][vc_column][vc_custom_heading source=&#8221;post_title&#8221; font_container=&#8221;tag:h1|text_align:center&#8221; use_theme_fonts=&#8221;yes&#8221;][\/vc_column][\/vc_row][vc_row][vc_column][vc_column_text]Alcuni ormoni sono responsabili del senso di saziet\u00e0 o di fame e fungono da neurotrasmettitori chiave all&#8217;interno del nostro organismo. Vengono rilasciati in momenti diversi del giorno o della notte, secondo un ritmo determinato in anticipo. Tuttavia, questo rilascio \u00e8 influenzato dall&#8217;ora e dalla composizione dei pasti. [&hellip;]<\/p>\n","protected":false},"author":15,"featured_media":0,"parent":19001,"menu_order":0,"comment_status":"closed","ping_status":"closed","template":"","meta":{"_acf_changed":false,"_genesis_hide_title":false,"_genesis_hide_breadcrumbs":false,"_genesis_hide_singular_image":false,"_genesis_hide_footer_widgets":false,"_genesis_custom_body_class":"","_genesis_custom_post_class":"","_genesis_layout":"","footnotes":""},"categories":[],"class_list":{"0":"post-30418","1":"page","2":"type-page","3":"status-publish","5":"entry","6":"has-post-thumbnail"},"acf":[],"yoast_head":"<!-- This site is optimized with the Yoast SEO Premium plugin v23.4 (Yoast SEO v23.4) - https:\/\/yoast.com\/wordpress\/plugins\/seo\/ -->\n<title>Gli ormoni influiscono sul nostro comportamento alimentare &#8211; Chronobiology.com<\/title>\n<meta name=\"robots\" content=\"index, follow, max-snippet:-1, max-image-preview:large, max-video-preview:-1\" \/>\n<link rel=\"canonical\" href=\"https:\/\/dev.chronobiology.com\/it\/crononutrizione\/gli-ormoni-influiscono-sul-nostro-comportamento-alimentare\/\" \/>\n<meta property=\"og:locale\" content=\"it_IT\" \/>\n<meta property=\"og:type\" content=\"article\" \/>\n<meta property=\"og:title\" content=\"Gli ormoni influiscono sul nostro comportamento alimentare\" \/>\n<meta property=\"og:description\" content=\"[vc_row full_width=&#8221;stretch_row&#8221; el_class=&#8221;banner-top&#8221; css=&#8221;.vc_custom_1567494631404{background-image: url(https:\/\/www.chronobiology.com\/wp-content\/uploads\/2019\/09\/hormones-define-our-eating-patterns-a-key-fact.jpg?id=30313) !important;}&#8221;][vc_column][vc_custom_heading source=&#8221;post_title&#8221; font_container=&#8221;tag:h1|text_align:center&#8221; use_theme_fonts=&#8221;yes&#8221;][\/vc_column][\/vc_row][vc_row][vc_column][vc_column_text]Alcuni ormoni sono responsabili del senso di saziet\u00e0 o di fame e fungono da neurotrasmettitori chiave all&#8217;interno del nostro organismo. Vengono rilasciati in momenti diversi del giorno o della notte, secondo un ritmo determinato in anticipo. Tuttavia, questo rilascio \u00e8 influenzato dall&#8217;ora e dalla composizione dei pasti. [&hellip;]\" \/>\n<meta property=\"og:url\" content=\"https:\/\/dev.chronobiology.com\/it\/crononutrizione\/gli-ormoni-influiscono-sul-nostro-comportamento-alimentare\/\" \/>\n<meta property=\"og:site_name\" content=\"Chronobiology.com\" \/>\n<meta property=\"article:publisher\" content=\"https:\/\/www.facebook.com\/chronobiology\" \/>\n<meta property=\"article:modified_time\" content=\"2023-05-24T13:10:19+00:00\" \/>\n<meta name=\"twitter:card\" content=\"summary_large_image\" \/>\n<meta name=\"twitter:site\" content=\"@chronobionews\" \/>\n<meta name=\"twitter:label1\" content=\"Tempo di lettura stimato\" \/>\n\t<meta name=\"twitter:data1\" content=\"5 minuti\" \/>\n<script type=\"application\/ld+json\" class=\"yoast-schema-graph\">{\"@context\":\"https:\/\/schema.org\",\"@graph\":[{\"@type\":\"WebPage\",\"@id\":\"https:\/\/dev.chronobiology.com\/it\/crononutrizione\/gli-ormoni-influiscono-sul-nostro-comportamento-alimentare\/\",\"url\":\"https:\/\/dev.chronobiology.com\/it\/crononutrizione\/gli-ormoni-influiscono-sul-nostro-comportamento-alimentare\/\",\"name\":\"Gli ormoni influiscono sul nostro comportamento alimentare &#8211; Chronobiology.com\",\"isPartOf\":{\"@id\":\"https:\/\/dev.chronobiology.com\/it\/#website\"},\"datePublished\":\"2019-09-03T07:12:47+00:00\",\"dateModified\":\"2023-05-24T13:10:19+00:00\",\"breadcrumb\":{\"@id\":\"https:\/\/dev.chronobiology.com\/it\/crononutrizione\/gli-ormoni-influiscono-sul-nostro-comportamento-alimentare\/#breadcrumb\"},\"inLanguage\":\"it-IT\",\"potentialAction\":[{\"@type\":\"ReadAction\",\"target\":[\"https:\/\/dev.chronobiology.com\/it\/crononutrizione\/gli-ormoni-influiscono-sul-nostro-comportamento-alimentare\/\"]}]},{\"@type\":\"BreadcrumbList\",\"@id\":\"https:\/\/dev.chronobiology.com\/it\/crononutrizione\/gli-ormoni-influiscono-sul-nostro-comportamento-alimentare\/#breadcrumb\",\"itemListElement\":[{\"@type\":\"ListItem\",\"position\":1,\"name\":\"Home\",\"item\":\"https:\/\/dev.chronobiology.com\/it\/\"},{\"@type\":\"ListItem\",\"position\":2,\"name\":\"Crononutrizione\u2122\",\"item\":\"https:\/\/dev.chronobiology.com\/it\/crononutrizione\/\"},{\"@type\":\"ListItem\",\"position\":3,\"name\":\"Gli ormoni influiscono sul nostro comportamento alimentare\"}]},{\"@type\":\"WebSite\",\"@id\":\"https:\/\/dev.chronobiology.com\/it\/#website\",\"url\":\"https:\/\/dev.chronobiology.com\/it\/\",\"name\":\"Chronobiology.com\",\"description\":\"\",\"publisher\":{\"@id\":\"https:\/\/dev.chronobiology.com\/it\/#organization\"},\"potentialAction\":[{\"@type\":\"SearchAction\",\"target\":{\"@type\":\"EntryPoint\",\"urlTemplate\":\"https:\/\/dev.chronobiology.com\/it\/?s={search_term_string}\"},\"query-input\":{\"@type\":\"PropertyValueSpecification\",\"valueRequired\":true,\"valueName\":\"search_term_string\"}}],\"inLanguage\":\"it-IT\"},{\"@type\":\"Organization\",\"@id\":\"https:\/\/dev.chronobiology.com\/it\/#organization\",\"name\":\"Chronobiology\",\"url\":\"https:\/\/dev.chronobiology.com\/it\/\",\"logo\":{\"@type\":\"ImageObject\",\"inLanguage\":\"it-IT\",\"@id\":\"https:\/\/dev.chronobiology.com\/it\/#\/schema\/logo\/image\/\",\"url\":\"https:\/\/www.chronobiology.com\/wp-content\/uploads\/2019\/01\/chronobiology_logo_en_r.png\",\"contentUrl\":\"https:\/\/www.chronobiology.com\/wp-content\/uploads\/2019\/01\/chronobiology_logo_en_r.png\",\"width\":375,\"height\":90,\"caption\":\"Chronobiology\"},\"image\":{\"@id\":\"https:\/\/dev.chronobiology.com\/it\/#\/schema\/logo\/image\/\"},\"sameAs\":[\"https:\/\/www.facebook.com\/chronobiology\",\"https:\/\/x.com\/chronobionews\",\"https:\/\/www.instagram.com\/chronobiology\/\",\"https:\/\/www.pinterest.com\/chronobiology\/\"]}]}<\/script>\n<!-- \/ Yoast SEO Premium plugin. -->","yoast_head_json":{"title":"Gli ormoni influiscono sul nostro comportamento alimentare &#8211; Chronobiology.com","robots":{"index":"index","follow":"follow","max-snippet":"max-snippet:-1","max-image-preview":"max-image-preview:large","max-video-preview":"max-video-preview:-1"},"canonical":"https:\/\/dev.chronobiology.com\/it\/crononutrizione\/gli-ormoni-influiscono-sul-nostro-comportamento-alimentare\/","og_locale":"it_IT","og_type":"article","og_title":"Gli ormoni influiscono sul nostro comportamento alimentare","og_description":"[vc_row full_width=&#8221;stretch_row&#8221; el_class=&#8221;banner-top&#8221; css=&#8221;.vc_custom_1567494631404{background-image: url(https:\/\/www.chronobiology.com\/wp-content\/uploads\/2019\/09\/hormones-define-our-eating-patterns-a-key-fact.jpg?id=30313) !important;}&#8221;][vc_column][vc_custom_heading source=&#8221;post_title&#8221; font_container=&#8221;tag:h1|text_align:center&#8221; use_theme_fonts=&#8221;yes&#8221;][\/vc_column][\/vc_row][vc_row][vc_column][vc_column_text]Alcuni ormoni sono responsabili del senso di saziet\u00e0 o di fame e fungono da neurotrasmettitori chiave all&#8217;interno del nostro organismo. Vengono rilasciati in momenti diversi del giorno o della notte, secondo un ritmo determinato in anticipo. Tuttavia, questo rilascio \u00e8 influenzato dall&#8217;ora e dalla composizione dei pasti. [&hellip;]","og_url":"https:\/\/dev.chronobiology.com\/it\/crononutrizione\/gli-ormoni-influiscono-sul-nostro-comportamento-alimentare\/","og_site_name":"Chronobiology.com","article_publisher":"https:\/\/www.facebook.com\/chronobiology","article_modified_time":"2023-05-24T13:10:19+00:00","twitter_card":"summary_large_image","twitter_site":"@chronobionews","twitter_misc":{"Tempo di lettura stimato":"5 minuti"},"schema":{"@context":"https:\/\/schema.org","@graph":[{"@type":"WebPage","@id":"https:\/\/dev.chronobiology.com\/it\/crononutrizione\/gli-ormoni-influiscono-sul-nostro-comportamento-alimentare\/","url":"https:\/\/dev.chronobiology.com\/it\/crononutrizione\/gli-ormoni-influiscono-sul-nostro-comportamento-alimentare\/","name":"Gli ormoni influiscono sul nostro comportamento alimentare &#8211; Chronobiology.com","isPartOf":{"@id":"https:\/\/dev.chronobiology.com\/it\/#website"},"datePublished":"2019-09-03T07:12:47+00:00","dateModified":"2023-05-24T13:10:19+00:00","breadcrumb":{"@id":"https:\/\/dev.chronobiology.com\/it\/crononutrizione\/gli-ormoni-influiscono-sul-nostro-comportamento-alimentare\/#breadcrumb"},"inLanguage":"it-IT","potentialAction":[{"@type":"ReadAction","target":["https:\/\/dev.chronobiology.com\/it\/crononutrizione\/gli-ormoni-influiscono-sul-nostro-comportamento-alimentare\/"]}]},{"@type":"BreadcrumbList","@id":"https:\/\/dev.chronobiology.com\/it\/crononutrizione\/gli-ormoni-influiscono-sul-nostro-comportamento-alimentare\/#breadcrumb","itemListElement":[{"@type":"ListItem","position":1,"name":"Home","item":"https:\/\/dev.chronobiology.com\/it\/"},{"@type":"ListItem","position":2,"name":"Crononutrizione\u2122","item":"https:\/\/dev.chronobiology.com\/it\/crononutrizione\/"},{"@type":"ListItem","position":3,"name":"Gli ormoni influiscono sul nostro comportamento alimentare"}]},{"@type":"WebSite","@id":"https:\/\/dev.chronobiology.com\/it\/#website","url":"https:\/\/dev.chronobiology.com\/it\/","name":"Chronobiology.com","description":"","publisher":{"@id":"https:\/\/dev.chronobiology.com\/it\/#organization"},"potentialAction":[{"@type":"SearchAction","target":{"@type":"EntryPoint","urlTemplate":"https:\/\/dev.chronobiology.com\/it\/?s={search_term_string}"},"query-input":{"@type":"PropertyValueSpecification","valueRequired":true,"valueName":"search_term_string"}}],"inLanguage":"it-IT"},{"@type":"Organization","@id":"https:\/\/dev.chronobiology.com\/it\/#organization","name":"Chronobiology","url":"https:\/\/dev.chronobiology.com\/it\/","logo":{"@type":"ImageObject","inLanguage":"it-IT","@id":"https:\/\/dev.chronobiology.com\/it\/#\/schema\/logo\/image\/","url":"https:\/\/www.chronobiology.com\/wp-content\/uploads\/2019\/01\/chronobiology_logo_en_r.png","contentUrl":"https:\/\/www.chronobiology.com\/wp-content\/uploads\/2019\/01\/chronobiology_logo_en_r.png","width":375,"height":90,"caption":"Chronobiology"},"image":{"@id":"https:\/\/dev.chronobiology.com\/it\/#\/schema\/logo\/image\/"},"sameAs":["https:\/\/www.facebook.com\/chronobiology","https:\/\/x.com\/chronobionews","https:\/\/www.instagram.com\/chronobiology\/","https:\/\/www.pinterest.com\/chronobiology\/"]}]}},"_links":{"self":[{"href":"https:\/\/dev.chronobiology.com\/it\/wp-json\/wp\/v2\/pages\/30418"}],"collection":[{"href":"https:\/\/dev.chronobiology.com\/it\/wp-json\/wp\/v2\/pages"}],"about":[{"href":"https:\/\/dev.chronobiology.com\/it\/wp-json\/wp\/v2\/types\/page"}],"author":[{"embeddable":true,"href":"https:\/\/dev.chronobiology.com\/it\/wp-json\/wp\/v2\/users\/15"}],"replies":[{"embeddable":true,"href":"https:\/\/dev.chronobiology.com\/it\/wp-json\/wp\/v2\/comments?post=30418"}],"version-history":[{"count":6,"href":"https:\/\/dev.chronobiology.com\/it\/wp-json\/wp\/v2\/pages\/30418\/revisions"}],"predecessor-version":[{"id":54276,"href":"https:\/\/dev.chronobiology.com\/it\/wp-json\/wp\/v2\/pages\/30418\/revisions\/54276"}],"up":[{"embeddable":true,"href":"https:\/\/dev.chronobiology.com\/it\/wp-json\/wp\/v2\/pages\/19001"}],"wp:attachment":[{"href":"https:\/\/dev.chronobiology.com\/it\/wp-json\/wp\/v2\/media?parent=30418"}],"wp:term":[{"taxonomy":"category","embeddable":true,"href":"https:\/\/dev.chronobiology.com\/it\/wp-json\/wp\/v2\/categories?post=30418"}],"curies":[{"name":"wp","href":"https:\/\/api.w.org\/{rel}","templated":true}]}}