{"id":19007,"date":"2017-01-30T19:51:43","date_gmt":"2017-01-31T03:51:43","guid":{"rendered":"https:\/\/www.chronobiology.com\/storia\/"},"modified":"2020-06-18T07:52:58","modified_gmt":"2020-06-18T14:52:58","slug":"storia","status":"publish","type":"page","link":"https:\/\/dev.chronobiology.com\/it\/melatonina-cronobiologia\/storia\/","title":{"rendered":"Storia"},"content":{"rendered":"<div class=\"wpb-content-wrapper\"><p>[vc_row full_width=&#8221;stretch_row&#8221; el_class=&#8221;banner-top&#8221; css=&#8221;.vc_custom_1479388656340{background-image: url(https:\/\/www.chronobiology.com\/wp-content\/uploads\/2016\/11\/melatonin-banner.jpg?id=11663) !important;}&#8221;][vc_column][vc_custom_heading source=&#8221;post_title&#8221; font_container=&#8221;tag:h1|text_align:center&#8221; use_theme_fonts=&#8221;yes&#8221;][\/vc_column][\/vc_row][vc_row el_class=&#8221;melatoninfacts2&#8243;][vc_column width=&#8221;3\/4&#8243;][vc_column_text]<\/p>\n<h2 style=\"text-align: center;\">Storia<\/h2>\n<p>La melatonina \u00e8 una sostanza prodotta dalla ghiandola pineale (epifisi). Questo organo \u00e8 stato menzionato per la prima volta da Galeno di Pergamo e da altri greci del secondo secolo dopo Cristo. Nel sedicesimo secolo dopo Cristo, il filosofo e scienziato francese Cartesio descrisse la ghiandola pineale come &#8220;la sede dell&#8217;anima&#8221;.<\/p>\n<p>La melatonina stessa fu scoperta per la prima volta nel 1958 da un dermatologo di nome Aaron Lerner ed \u00e8 stata ampiamente studiata a partire dagli anni &#8217;80. Lerner riusc\u00ec ad estrarre dalla ghiandola pineale dei bovini una sostanza che aveva un forte effetto sbiancante sulla pelle degli anfibi e denomin\u00f2 questa sostanza &#8220;melatonina&#8221;. Fu ancora Lerner ad iniziare a studiare gli effetti che questo ormone pu\u00f2 avere sul sonno. La test\u00f2 su di s\u00e9, assumendone 100 mg e non riport\u00f2 alcun effetto collaterale ad eccezione di uno stato di sonnolenza. Negli anni &#8217;60 si dava ancora per scontato che il ritmo luce-buio fosse importante per tutti i mammiferi, ad eccezione dell&#8217;uomo. Solo nel 1981, Alfred Lewy scopr\u00ec che l&#8217;esposizione ad una luce intensa durante le ore notturne inibisce la produzione endogena di melatonina negli esseri umani. Questa scoperta fu un punto di svolta fondamentale per la cronobiologia e per le ricerche sulla melatonina. Nei primi anni &#8217;90, la melatonina ricevette un&#8217;attenzione sempre maggiore mano a mano che gli studi portavano alla luce i suoi effetti sui diversi processi dell&#8217;organismo come l&#8217;immunomodulazione, l&#8217;inibizione della crescita tumorale, il blocco dei radicali liberi e l&#8217;influenza sui processi metabolici del calcio. Qui di seguito condividiamo quanto emerso da ulteriori studi sulla melatonina e i suoi poliedrici effetti sulla salute dell&#8217;uomo.[\/vc_column_text][\/vc_column][vc_column width=&#8221;1\/4&#8243;][vc_column_text]<div class=\"content_block\" id=\"custom_post_widget-33000\"><p><a href=\"https:\/\/melatoninfacts.org\/\" target=\"_blank\" rel=\"noopener noreferrer\"><img decoding=\"async\" class=\"alignnone wp-image-33113 size-full\" title=\"MelatoninFACTS \u2013 Studi medici sulla melatonina\" src=\"https:\/\/www.chronobiology.com\/wp-content\/uploads\/2020\/06\/MelatoninFacts-Banner-IT-v2.jpg\" alt=\"MelatoninFACTS \u2013 Studi medici sulla melatonina\" width=\"501\" height=\"751\" srcset=\"https:\/\/dev.chronobiology.com\/wp-content\/uploads\/2020\/06\/MelatoninFacts-Banner-IT-v2.jpg 501w, https:\/\/dev.chronobiology.com\/wp-content\/uploads\/2020\/06\/MelatoninFacts-Banner-IT-v2-200x300.jpg 200w\" sizes=\"(max-width: 501px) 100vw, 501px\" \/><\/a><\/p>\n<\/div>[\/vc_column_text][\/vc_column][\/vc_row]<\/p>\n<\/div>","protected":false},"excerpt":{"rendered":"<p>[vc_row full_width=&#8221;stretch_row&#8221; el_class=&#8221;banner-top&#8221; css=&#8221;.vc_custom_1479388656340{background-image: url(https:\/\/www.chronobiology.com\/wp-content\/uploads\/2016\/11\/melatonin-banner.jpg?id=11663) !important;}&#8221;][vc_column][vc_custom_heading source=&#8221;post_title&#8221; font_container=&#8221;tag:h1|text_align:center&#8221; use_theme_fonts=&#8221;yes&#8221;][\/vc_column][\/vc_row][vc_row el_class=&#8221;melatoninfacts2&#8243;][vc_column width=&#8221;3\/4&#8243;][vc_column_text] Storia La melatonina \u00e8 una sostanza prodotta dalla ghiandola pineale (epifisi). Questo organo \u00e8 stato menzionato per la prima volta da Galeno di Pergamo e da altri greci del secondo secolo dopo Cristo. Nel sedicesimo secolo dopo Cristo, il filosofo e scienziato francese Cartesio [&hellip;]<\/p>\n","protected":false},"author":15,"featured_media":11663,"parent":19002,"menu_order":0,"comment_status":"closed","ping_status":"closed","template":"","meta":{"_acf_changed":false,"_genesis_hide_title":false,"_genesis_hide_breadcrumbs":false,"_genesis_hide_singular_image":false,"_genesis_hide_footer_widgets":false,"_genesis_custom_body_class":"","_genesis_custom_post_class":"","_genesis_layout":"full-width-content","footnotes":""},"categories":[],"class_list":{"0":"post-19007","1":"page","2":"type-page","3":"status-publish","4":"has-post-thumbnail","6":"entry"},"acf":[],"yoast_head":"<!-- This site is optimized with the Yoast SEO Premium plugin v23.4 (Yoast SEO v23.4) - https:\/\/yoast.com\/wordpress\/plugins\/seo\/ -->\n<title>Storia &#8211; Chronobiology.com<\/title>\n<meta name=\"robots\" content=\"index, follow, max-snippet:-1, max-image-preview:large, max-video-preview:-1\" \/>\n<link rel=\"canonical\" href=\"https:\/\/dev.chronobiology.com\/it\/melatonina-cronobiologia\/storia\/\" \/>\n<meta property=\"og:locale\" content=\"it_IT\" \/>\n<meta property=\"og:type\" content=\"article\" \/>\n<meta property=\"og:title\" content=\"Storia\" \/>\n<meta property=\"og:description\" content=\"[vc_row full_width=&#8221;stretch_row&#8221; el_class=&#8221;banner-top&#8221; css=&#8221;.vc_custom_1479388656340{background-image: url(https:\/\/www.chronobiology.com\/wp-content\/uploads\/2016\/11\/melatonin-banner.jpg?id=11663) !important;}&#8221;][vc_column][vc_custom_heading source=&#8221;post_title&#8221; font_container=&#8221;tag:h1|text_align:center&#8221; use_theme_fonts=&#8221;yes&#8221;][\/vc_column][\/vc_row][vc_row el_class=&#8221;melatoninfacts2&#8243;][vc_column width=&#8221;3\/4&#8243;][vc_column_text] Storia La melatonina \u00e8 una sostanza prodotta dalla ghiandola pineale (epifisi). Questo organo \u00e8 stato menzionato per la prima volta da Galeno di Pergamo e da altri greci del secondo secolo dopo Cristo. Nel sedicesimo secolo dopo Cristo, il filosofo e scienziato francese Cartesio [&hellip;]\" \/>\n<meta property=\"og:url\" content=\"https:\/\/dev.chronobiology.com\/it\/melatonina-cronobiologia\/storia\/\" \/>\n<meta property=\"og:site_name\" content=\"Chronobiology.com\" \/>\n<meta property=\"article:publisher\" content=\"https:\/\/www.facebook.com\/chronobiology\" \/>\n<meta property=\"article:modified_time\" content=\"2020-06-18T14:52:58+00:00\" \/>\n<meta property=\"og:image\" content=\"https:\/\/dev.chronobiology.com\/wp-content\/uploads\/2016\/11\/melatonin-banner.jpg\" \/>\n\t<meta property=\"og:image:width\" content=\"1913\" \/>\n\t<meta property=\"og:image:height\" content=\"478\" \/>\n\t<meta property=\"og:image:type\" content=\"image\/jpeg\" \/>\n<meta name=\"twitter:card\" content=\"summary_large_image\" \/>\n<meta name=\"twitter:site\" content=\"@chronobionews\" \/>\n<meta name=\"twitter:label1\" content=\"Tempo di lettura stimato\" \/>\n\t<meta name=\"twitter:data1\" content=\"2 minuti\" \/>\n<script type=\"application\/ld+json\" class=\"yoast-schema-graph\">{\"@context\":\"https:\/\/schema.org\",\"@graph\":[{\"@type\":\"WebPage\",\"@id\":\"https:\/\/dev.chronobiology.com\/it\/melatonina-cronobiologia\/storia\/\",\"url\":\"https:\/\/dev.chronobiology.com\/it\/melatonina-cronobiologia\/storia\/\",\"name\":\"Storia &#8211; Chronobiology.com\",\"isPartOf\":{\"@id\":\"https:\/\/dev.chronobiology.com\/it\/#website\"},\"primaryImageOfPage\":{\"@id\":\"https:\/\/dev.chronobiology.com\/it\/melatonina-cronobiologia\/storia\/#primaryimage\"},\"image\":{\"@id\":\"https:\/\/dev.chronobiology.com\/it\/melatonina-cronobiologia\/storia\/#primaryimage\"},\"thumbnailUrl\":\"https:\/\/dev.chronobiology.com\/wp-content\/uploads\/2016\/11\/melatonin-banner.jpg\",\"datePublished\":\"2017-01-31T03:51:43+00:00\",\"dateModified\":\"2020-06-18T14:52:58+00:00\",\"breadcrumb\":{\"@id\":\"https:\/\/dev.chronobiology.com\/it\/melatonina-cronobiologia\/storia\/#breadcrumb\"},\"inLanguage\":\"it-IT\",\"potentialAction\":[{\"@type\":\"ReadAction\",\"target\":[\"https:\/\/dev.chronobiology.com\/it\/melatonina-cronobiologia\/storia\/\"]}]},{\"@type\":\"ImageObject\",\"inLanguage\":\"it-IT\",\"@id\":\"https:\/\/dev.chronobiology.com\/it\/melatonina-cronobiologia\/storia\/#primaryimage\",\"url\":\"https:\/\/dev.chronobiology.com\/wp-content\/uploads\/2016\/11\/melatonin-banner.jpg\",\"contentUrl\":\"https:\/\/dev.chronobiology.com\/wp-content\/uploads\/2016\/11\/melatonin-banner.jpg\",\"width\":1913,\"height\":478,\"caption\":\"Histoire\"},{\"@type\":\"BreadcrumbList\",\"@id\":\"https:\/\/dev.chronobiology.com\/it\/melatonina-cronobiologia\/storia\/#breadcrumb\",\"itemListElement\":[{\"@type\":\"ListItem\",\"position\":1,\"name\":\"Home\",\"item\":\"https:\/\/dev.chronobiology.com\/it\/\"},{\"@type\":\"ListItem\",\"position\":2,\"name\":\"Melatonina &#038; Cronobiologia\",\"item\":\"https:\/\/dev.chronobiology.com\/it\/melatonina-cronobiologia\/\"},{\"@type\":\"ListItem\",\"position\":3,\"name\":\"Storia\"}]},{\"@type\":\"WebSite\",\"@id\":\"https:\/\/dev.chronobiology.com\/it\/#website\",\"url\":\"https:\/\/dev.chronobiology.com\/it\/\",\"name\":\"Chronobiology.com\",\"description\":\"\",\"publisher\":{\"@id\":\"https:\/\/dev.chronobiology.com\/it\/#organization\"},\"potentialAction\":[{\"@type\":\"SearchAction\",\"target\":{\"@type\":\"EntryPoint\",\"urlTemplate\":\"https:\/\/dev.chronobiology.com\/it\/?s={search_term_string}\"},\"query-input\":{\"@type\":\"PropertyValueSpecification\",\"valueRequired\":true,\"valueName\":\"search_term_string\"}}],\"inLanguage\":\"it-IT\"},{\"@type\":\"Organization\",\"@id\":\"https:\/\/dev.chronobiology.com\/it\/#organization\",\"name\":\"Chronobiology\",\"url\":\"https:\/\/dev.chronobiology.com\/it\/\",\"logo\":{\"@type\":\"ImageObject\",\"inLanguage\":\"it-IT\",\"@id\":\"https:\/\/dev.chronobiology.com\/it\/#\/schema\/logo\/image\/\",\"url\":\"https:\/\/www.chronobiology.com\/wp-content\/uploads\/2019\/01\/chronobiology_logo_en_r.png\",\"contentUrl\":\"https:\/\/www.chronobiology.com\/wp-content\/uploads\/2019\/01\/chronobiology_logo_en_r.png\",\"width\":375,\"height\":90,\"caption\":\"Chronobiology\"},\"image\":{\"@id\":\"https:\/\/dev.chronobiology.com\/it\/#\/schema\/logo\/image\/\"},\"sameAs\":[\"https:\/\/www.facebook.com\/chronobiology\",\"https:\/\/x.com\/chronobionews\",\"https:\/\/www.instagram.com\/chronobiology\/\",\"https:\/\/www.pinterest.com\/chronobiology\/\"]}]}<\/script>\n<!-- \/ Yoast SEO Premium plugin. -->","yoast_head_json":{"title":"Storia &#8211; Chronobiology.com","robots":{"index":"index","follow":"follow","max-snippet":"max-snippet:-1","max-image-preview":"max-image-preview:large","max-video-preview":"max-video-preview:-1"},"canonical":"https:\/\/dev.chronobiology.com\/it\/melatonina-cronobiologia\/storia\/","og_locale":"it_IT","og_type":"article","og_title":"Storia","og_description":"[vc_row full_width=&#8221;stretch_row&#8221; el_class=&#8221;banner-top&#8221; css=&#8221;.vc_custom_1479388656340{background-image: url(https:\/\/www.chronobiology.com\/wp-content\/uploads\/2016\/11\/melatonin-banner.jpg?id=11663) !important;}&#8221;][vc_column][vc_custom_heading source=&#8221;post_title&#8221; font_container=&#8221;tag:h1|text_align:center&#8221; use_theme_fonts=&#8221;yes&#8221;][\/vc_column][\/vc_row][vc_row el_class=&#8221;melatoninfacts2&#8243;][vc_column width=&#8221;3\/4&#8243;][vc_column_text] Storia La melatonina \u00e8 una sostanza prodotta dalla ghiandola pineale (epifisi). Questo organo \u00e8 stato menzionato per la prima volta da Galeno di Pergamo e da altri greci del secondo secolo dopo Cristo. Nel sedicesimo secolo dopo Cristo, il filosofo e scienziato francese Cartesio [&hellip;]","og_url":"https:\/\/dev.chronobiology.com\/it\/melatonina-cronobiologia\/storia\/","og_site_name":"Chronobiology.com","article_publisher":"https:\/\/www.facebook.com\/chronobiology","article_modified_time":"2020-06-18T14:52:58+00:00","og_image":[{"width":1913,"height":478,"url":"https:\/\/dev.chronobiology.com\/wp-content\/uploads\/2016\/11\/melatonin-banner.jpg","type":"image\/jpeg"}],"twitter_card":"summary_large_image","twitter_site":"@chronobionews","twitter_misc":{"Tempo di lettura stimato":"2 minuti"},"schema":{"@context":"https:\/\/schema.org","@graph":[{"@type":"WebPage","@id":"https:\/\/dev.chronobiology.com\/it\/melatonina-cronobiologia\/storia\/","url":"https:\/\/dev.chronobiology.com\/it\/melatonina-cronobiologia\/storia\/","name":"Storia &#8211; Chronobiology.com","isPartOf":{"@id":"https:\/\/dev.chronobiology.com\/it\/#website"},"primaryImageOfPage":{"@id":"https:\/\/dev.chronobiology.com\/it\/melatonina-cronobiologia\/storia\/#primaryimage"},"image":{"@id":"https:\/\/dev.chronobiology.com\/it\/melatonina-cronobiologia\/storia\/#primaryimage"},"thumbnailUrl":"https:\/\/dev.chronobiology.com\/wp-content\/uploads\/2016\/11\/melatonin-banner.jpg","datePublished":"2017-01-31T03:51:43+00:00","dateModified":"2020-06-18T14:52:58+00:00","breadcrumb":{"@id":"https:\/\/dev.chronobiology.com\/it\/melatonina-cronobiologia\/storia\/#breadcrumb"},"inLanguage":"it-IT","potentialAction":[{"@type":"ReadAction","target":["https:\/\/dev.chronobiology.com\/it\/melatonina-cronobiologia\/storia\/"]}]},{"@type":"ImageObject","inLanguage":"it-IT","@id":"https:\/\/dev.chronobiology.com\/it\/melatonina-cronobiologia\/storia\/#primaryimage","url":"https:\/\/dev.chronobiology.com\/wp-content\/uploads\/2016\/11\/melatonin-banner.jpg","contentUrl":"https:\/\/dev.chronobiology.com\/wp-content\/uploads\/2016\/11\/melatonin-banner.jpg","width":1913,"height":478,"caption":"Histoire"},{"@type":"BreadcrumbList","@id":"https:\/\/dev.chronobiology.com\/it\/melatonina-cronobiologia\/storia\/#breadcrumb","itemListElement":[{"@type":"ListItem","position":1,"name":"Home","item":"https:\/\/dev.chronobiology.com\/it\/"},{"@type":"ListItem","position":2,"name":"Melatonina &#038; Cronobiologia","item":"https:\/\/dev.chronobiology.com\/it\/melatonina-cronobiologia\/"},{"@type":"ListItem","position":3,"name":"Storia"}]},{"@type":"WebSite","@id":"https:\/\/dev.chronobiology.com\/it\/#website","url":"https:\/\/dev.chronobiology.com\/it\/","name":"Chronobiology.com","description":"","publisher":{"@id":"https:\/\/dev.chronobiology.com\/it\/#organization"},"potentialAction":[{"@type":"SearchAction","target":{"@type":"EntryPoint","urlTemplate":"https:\/\/dev.chronobiology.com\/it\/?s={search_term_string}"},"query-input":{"@type":"PropertyValueSpecification","valueRequired":true,"valueName":"search_term_string"}}],"inLanguage":"it-IT"},{"@type":"Organization","@id":"https:\/\/dev.chronobiology.com\/it\/#organization","name":"Chronobiology","url":"https:\/\/dev.chronobiology.com\/it\/","logo":{"@type":"ImageObject","inLanguage":"it-IT","@id":"https:\/\/dev.chronobiology.com\/it\/#\/schema\/logo\/image\/","url":"https:\/\/www.chronobiology.com\/wp-content\/uploads\/2019\/01\/chronobiology_logo_en_r.png","contentUrl":"https:\/\/www.chronobiology.com\/wp-content\/uploads\/2019\/01\/chronobiology_logo_en_r.png","width":375,"height":90,"caption":"Chronobiology"},"image":{"@id":"https:\/\/dev.chronobiology.com\/it\/#\/schema\/logo\/image\/"},"sameAs":["https:\/\/www.facebook.com\/chronobiology","https:\/\/x.com\/chronobionews","https:\/\/www.instagram.com\/chronobiology\/","https:\/\/www.pinterest.com\/chronobiology\/"]}]}},"_links":{"self":[{"href":"https:\/\/dev.chronobiology.com\/it\/wp-json\/wp\/v2\/pages\/19007"}],"collection":[{"href":"https:\/\/dev.chronobiology.com\/it\/wp-json\/wp\/v2\/pages"}],"about":[{"href":"https:\/\/dev.chronobiology.com\/it\/wp-json\/wp\/v2\/types\/page"}],"author":[{"embeddable":true,"href":"https:\/\/dev.chronobiology.com\/it\/wp-json\/wp\/v2\/users\/15"}],"replies":[{"embeddable":true,"href":"https:\/\/dev.chronobiology.com\/it\/wp-json\/wp\/v2\/comments?post=19007"}],"version-history":[{"count":2,"href":"https:\/\/dev.chronobiology.com\/it\/wp-json\/wp\/v2\/pages\/19007\/revisions"}],"predecessor-version":[{"id":33044,"href":"https:\/\/dev.chronobiology.com\/it\/wp-json\/wp\/v2\/pages\/19007\/revisions\/33044"}],"up":[{"embeddable":true,"href":"https:\/\/dev.chronobiology.com\/it\/wp-json\/wp\/v2\/pages\/19002"}],"wp:featuredmedia":[{"embeddable":true,"href":"https:\/\/dev.chronobiology.com\/it\/wp-json\/wp\/v2\/media\/11663"}],"wp:attachment":[{"href":"https:\/\/dev.chronobiology.com\/it\/wp-json\/wp\/v2\/media?parent=19007"}],"wp:term":[{"taxonomy":"category","embeddable":true,"href":"https:\/\/dev.chronobiology.com\/it\/wp-json\/wp\/v2\/categories?post=19007"}],"curies":[{"name":"wp","href":"https:\/\/api.w.org\/{rel}","templated":true}]}}