{"id":18994,"date":"2017-01-30T19:51:43","date_gmt":"2017-01-31T03:51:43","guid":{"rendered":"https:\/\/www.chronobiology.com\/sistema-cardiovascolare\/"},"modified":"2017-01-30T19:51:43","modified_gmt":"2017-01-31T03:51:43","slug":"sistema-cardiovascolare","status":"publish","type":"page","link":"https:\/\/dev.chronobiology.com\/it\/cronofarmacologia\/sistema-cardiovascolare\/","title":{"rendered":"Sistema Cardiovascolare"},"content":{"rendered":"<div class=\"wpb-content-wrapper\"><p>[vc_row full_width=&#8221;stretch_row&#8221; el_class=&#8221;banner-top&#8221; css=&#8221;.vc_custom_1479345542746{background-image: url(https:\/\/www.chronobiology.com\/wp-content\/uploads\/2016\/06\/brain-and-psyche-4.jpg?id=9156) !important;}&#8221;][vc_column][vc_custom_heading source=&#8221;post_title&#8221; font_container=&#8221;tag:h1|text_align:center&#8221; use_theme_fonts=&#8221;yes&#8221;][\/vc_column][\/vc_row][vc_row][vc_column][vc_column_text]<\/p>\n<h3>Il Cuore<\/h3>\n<p>Il cuore \u00e8 il nostro muscolo pi\u00f9 importante. \u00c8 l\u2019organo centrale dell\u2019apparato circolatorio che pompa circa 5-6 litri di sangue al minuto in tutto il corpo: nell\u2019arco della vita il nostro cuore pompa 250 milioni di litri di sangue. Il compito principale di questo muscolo, che pesa solo 300 grammi, \u00e8 quello di mantenere costante la circolazione del sangue attraverso due pompe che pulsano a ritmo sincronizzato. Il cuore batte circa 70 volte in un minuto. La pompa di destra si occupa della circolazione polmonare, mentre la pompa di sinistra, tramite l\u2019aorta, invia il sangue nella circolazione sistemica. In questo modo ogni cellula del nostro corpo riceve nutrienti ed ossigeno, mentre vengono espulsi i prodotti di scarto del metabolismo cellulare. La Cronobiologia ha da tempo riconosciuto che determinati fitonutrienti, in particolare quelli originari della medicina asiatica, offrono un\u2019alternativa naturale per la protezione e il supporto del sistema cardiovascolare. Grazie all\u2019aiuto di questo preziose sostanze somministrate in orari ben precisi, \u00e8 possibile ridurre notevolmente le patologie cardiache.<\/p>\n<h3>Malattie del Sistema Cardiovascolare<\/h3>\n<p>Le malattie cardiovascolari sono la causa principale di decessi nel mondo. Durante il corso della vita, il nostro muscolo pi\u00f9 importante mostra segni d\u2019usura e imperfezioni che possono portare a malattie gravi. Oltre all\u2019et\u00e0, ci sono altri fattori di rischio tra cui stress, fumo, alcol, cibi grassi, vita sedentaria, obesit\u00e0 e diabete mellito. La nicotina, per esempio, \u00e8 una neurotossina che porta il cuore a battere pi\u00f9 velocemente mentre, nello stesso tempo, restringe i vasi sanguigni. Oltretutto, stimola la formazione di coaguli di sangue, aumentando il rischio di trombosi. Anche lo stress \u00e8 nocivo in quanto stimola la produzione eccessiva di ormoni, provocando un aumento della frequenza cardiaca e della pressione sanguigna. A lungo andare, lo stress pu\u00f2 causare anche ischemie nei vasi coronarici e, in casi peggiori, un arresto cardiaco. Una predisposizione genetica o infezioni virali possono influire altrettanto negativamente. Tutti questi fattori avversi legati al nostro stile di vita fanno aumentare il rischio di malattie cardiovascolari, come l\u2019arteriosclerosi, l\u2019ipertensione, malattie coronariche, arresto cardiaco, ed altre.[\/vc_column_text][\/vc_column][\/vc_row][vc_row][vc_column][vc_tta_accordion color=&#8221;turquoise&#8221; c_icon=&#8221;chevron&#8221; c_position=&#8221;right&#8221; active_section=&#8221;99&#8243; no_fill=&#8221;true&#8221; collapsible_all=&#8221;true&#8221;][vc_tta_section title=&#8221;Arteriosclerosi (Calcificazione Arteriosa)&#8221; tab_id=&#8221;1479254734422-d551dac0-4a84&#8243;][vc_row_inner css=&#8221;.vc_custom_1479386038317{background-image: url(https:\/\/www.chronobiology.com\/wp-content\/uploads\/2014\/01\/herz_1.jpg?id=11608) !important;background-position: center !important;background-repeat: no-repeat !important;background-size: cover !important;}&#8221;][vc_column_inner][vc_column_text]L\u2019arteriosclerosi si sviluppa lentamente e i segni che lascia possono palesarsi dopo decine di anni. Oltre il 90% di pazienti che soffrono di malattie croniche del sistema circolatorio ha arterie ristrette o chiuse a causa di questa malattia. A causa dell\u2019arteriosclerosi, le pareti delle arterie si modificano per via di infiammazioni che generano placche che si calcificano, riducendo il diametro delle arterie. Pu\u00f2 colpire qualsiasi arteria, grande o piccola. La conseguenza di un\u2019arteria ristretta \u00e8 la diminuzione del flusso sanguigno verso gli organi, causando un aumento della pressione e non solo: spesso gli organi vitali non ricevono pi\u00f9 sangue a sufficienza. Ne risultano gravi carenze con tutti i danni che ne conseguono.[\/vc_column_text][\/vc_column_inner][\/vc_row_inner][\/vc_tta_section][\/vc_tta_accordion][\/vc_column][\/vc_row][vc_row][vc_column][vc_tta_accordion color=&#8221;turquoise&#8221; c_icon=&#8221;chevron&#8221; c_position=&#8221;right&#8221; active_section=&#8221;99&#8243; no_fill=&#8221;true&#8221; collapsible_all=&#8221;true&#8221;][vc_tta_section title=&#8221;Pressione Sanguigna Alta (Ipertensione)&#8221; tab_id=&#8221;1479254826427-961915e4-3402&#8243;][vc_row_inner css=&#8221;.vc_custom_1479386027943{background-image: url(https:\/\/www.chronobiology.com\/wp-content\/uploads\/2014\/01\/herz_2.jpg?id=11609) !important;background-position: center !important;background-repeat: no-repeat !important;background-size: cover !important;}&#8221;][vc_column_inner][vc_column_text]In molti Paesi industrializzati occidentali, l\u2019ipertensione \u00e8 tra le malattie pi\u00f9 diffuse. Nei casi di ipertensione, la pressione aumenta per garantire che anche attraverso i vasi sanguigni costretti continui a scorrere sangue a sufficienza. La pressione alta, tuttavia, favorisce ulteriormente la vasocostrizione e\/o la rottura di un trombo preesistente che pu\u00f2 causare un ictus, un arresto cardiaco e altre malattie vascolari. Va fatta una distinzione tra ipertensione primaria (quando la pressione alta non \u00e8 causata dalla presenza di altre malattie) e ipertensione secondaria (quando appunto la pressione alta \u00e8 solo un sintomo di un\u2019altra malattia). I sintomi dell\u2019ipertensione normalmente si manifestano tardi \u2013 a seconda della regione interessata \u2013 e sono svariati: dal mal di testa, tensione e palpitazioni, indebolimento della vista, sudorazione eccessiva, mancanza di concentrazione e vomito. La pressione sanguigna ottimale varia da 120\/80 mmHg, dunque i valori che partono da 140\/90 mmHg denotano gi\u00e0 una \u201cpressione alta\u201d.[\/vc_column_text][\/vc_column_inner][\/vc_row_inner][\/vc_tta_section][\/vc_tta_accordion][\/vc_column][\/vc_row][vc_row][vc_column][vc_tta_accordion color=&#8221;turquoise&#8221; c_icon=&#8221;chevron&#8221; c_position=&#8221;right&#8221; active_section=&#8221;99&#8243; no_fill=&#8221;true&#8221; collapsible_all=&#8221;true&#8221;][vc_tta_section title=&#8221;Coronaropatia (CHD)&#8221; tab_id=&#8221;1479254824780-f30f967f-c8ae&#8221;][vc_row_inner css=&#8221;.vc_custom_1479386015063{background-image: url(https:\/\/www.chronobiology.com\/wp-content\/uploads\/2014\/01\/herz_3.jpg?id=11610) !important;background-position: center !important;background-repeat: no-repeat !important;background-size: cover !important;}&#8221;][vc_column_inner][vc_column_text]Questa patologia del cuore \u00e8 tra le malattie cardiache pi\u00f9 diffuse al mondo. Colpisce pi\u00f9 spesso gli uomini (30%) rispetto alle donne (15%). Lo Coronaropatia causa una costrizione delle arterie cardiache e, di conseguenza, il muscolo del cuore non riceve pi\u00f9 sangue a sufficienza. A causa di questa infiammazione, si verificano danni sulle pareti delle arterie. Il grasso inizia a depositarsi sulle pareti delle arterie. Questo porta ad una calcificazione e perdita di elasticit\u00e0 delle pareti, riducendone sempre di pi\u00f9 il diametro. Questo pu\u00f2 generare ulteriori patologie gravi, come insufficienza cardiaca ed infarto. Possibili sintomi: dispnea (fiato corto), paura e panico, sudorazione eccessiva, angina pectoris (dolore fastidioso e pungente al petto, che pu\u00f2 estendersi ad altre parti del corpo). Questo quadro clinico \u00e8 spesso preceduto da anni di disfunzione erettile negli uomini.[\/vc_column_text][\/vc_column_inner][\/vc_row_inner][\/vc_tta_section][\/vc_tta_accordion][\/vc_column][\/vc_row][vc_row][vc_column][vc_tta_accordion color=&#8221;turquoise&#8221; c_icon=&#8221;chevron&#8221; c_position=&#8221;right&#8221; active_section=&#8221;99&#8243; no_fill=&#8221;true&#8221; collapsible_all=&#8221;true&#8221;][vc_tta_section title=&#8221;Arresto Cardiaco&#8221; tab_id=&#8221;1479254822565-c79d4c19-8d2f&#8221;][vc_row_inner css=&#8221;.vc_custom_1479386003508{background-image: url(https:\/\/www.chronobiology.com\/wp-content\/uploads\/2014\/01\/herz_4.jpg?id=11611) !important;background-position: center !important;background-repeat: no-repeat !important;background-size: cover !important;}&#8221;][vc_column_inner][vc_column_text]L\u2019arresto cardiaco \u00e8 la principale causa di decesso nei paesi industrializzati. In media, 300-400 uomini su 100.000 tra i 35 e i 64 anni non sopravvivono alle conseguenze di un arresto cardiaco. Tra i 45 e i 50 anni, gli uomini hanno una probabilit\u00e0 significativamente maggiore rispetto alle donne di avere un arresto cardiaco, ma anche tra le donne vi \u00e8 stato un aumento notevole negli ultimi decenni. La malattia di base che causa un arresto cardiaco \u00e8 la coronaropatia. Quando in un\u2019arteria coronarica il flusso sanguigno si interrompe all\u2019improvviso, si verifica un arresto cardiaco. Spesso questa \u00e8 la conseguenza di un\u2019arteriosclerosi sviluppatasi nel corso degli anni, oppure di un\u2019occlusione acuta dovuta a un deposito di coaguli di sangue. Di conseguenza non viene pi\u00f9 assicurata una corretta fornitura di ossigeno al tessuto del muscolo cardiaco che finisce per consumarsi. Il danno \u00e8 irreversibile. Eventuali sintomi possono includere: sudorazione fredda, difficolt\u00e0 respiratoria, dolore improvviso che si propaga sul lato sinistro di torace, spalle e poi per tutto il lato sinistro del corpo, battito accelerato, sensazione di claustrofobia, nausea e vomito.[\/vc_column_text][\/vc_column_inner][\/vc_row_inner][\/vc_tta_section][\/vc_tta_accordion][\/vc_column][\/vc_row][vc_row][vc_column][vc_column_text]<\/p>\n<h3>Diminuzione delle malattie cardiovascolari grazie all\u2019assunzione di nutrienti assunti puntualmente nel rispetto dei criteri cronobiologici<\/h3>\n<p>Alcune sostanze vegetali secondarie come gli aminoacidi, gli enzimi e i lieviti \u2013 se assunti correttamente secondo i principi della Cronobiologia \u2013 possono proteggere il sistema cardiovascolare riducendo drasticamente il rischio di malattie. Queste sono un sostegno alle funzioni ottimali dell\u2019apparato cardiocircolatorio in molti modi diversi. L\u2019effetto benefico di queste sostanze \u00e8 gi\u00e0 stato documentato in numerosi studi scientifici.<\/p>\n<p>Il cuore \u00e8 soggetto alle variazioni del tempo in misura massiccia. Di notte hanno luogo i processi rigenerativi e riparativi nel cuore e nelle cellule dei vasi sanguigni: la pressione del sangue e la frequenza cardiaca raggiungono i picchi pi\u00f9 bassi. Al mattino, la pressione si alza e la frequenza cardiaca torna ad aumentare per consentirci di eseguire le attivit\u00e0 quotidiane. Queste variazioni naturali tra il giorno e la notte, vale a dire le oscillazioni della frequenza cardiaca, della pressione del sangue e dunque della velocit\u00e0 del flusso sanguigno, sono assolutamente importanti per il funzionamento ottimale del sistema cardiovascolare. Se si cambiano questi ritmi \u2013 fosse per cause interne oppure per l\u2019assunzione di determinate sostanze \u2013 le conseguenze possono essere drammatiche. Per offrire il supporto ottimale al sistema cardiocircolatorio, \u00e8 pertanto della massima importanza assumere sostanze nel momento pi\u00f9 propizio del giorno. Per tenere nella dovuta considerazione le esigenze del sistema cardiovascolare e dunque fare in modo che le sostanze assunte sortiscano l\u2019effetto desiderato, \u00e8 necessaria una programmazione cronobiologica della terapia: sostanze da assumersi al mattino e sostanze da assumersi alla sera.<\/p>\n<div class=\"col-2\">\n<p><strong>Sostanze efficaci al mattino (effetto attivante):<\/strong><\/p>\n<ul>\n<li>L-Carnitina<\/li>\n<li>Acido Alfa Lipoico<\/li>\n<li>Kalzium<\/li>\n<li>Calcio<\/li>\n<li>Coenzima Q-10<\/li>\n<li>L-Arginina HCI<\/li>\n<li>Licopene<\/li>\n<li>Vitamina B6<\/li>\n<li>Vinaccioli<\/li>\n<li>Riso Rosso Fermentato<\/li>\n<\/ul>\n<\/div>\n<div class=\"col-2\">\n<p><strong>Sostanze efficaci alla sera (effetto rigenerante):<\/strong><\/p>\n<ul>\n<li>Biotina<\/li>\n<li>Acido Folico<\/li>\n<li>L-Cisteina HCI<\/li>\n<li>L-Prolina<\/li>\n<li>L-Lisina HCI<\/li>\n<li>Magnesio<\/li>\n<li>Niacina<\/li>\n<li>Vitamian B1<\/li>\n<li>Vitamina B2<\/li>\n<li>Vitamina B5<\/li>\n<li>Vitamina B12<\/li>\n<li>Nattochinasi<\/li>\n<\/ul>\n<\/div>\n<p>[\/vc_column_text][\/vc_column][\/vc_row]<\/p>\n<\/div>","protected":false},"excerpt":{"rendered":"<p>[vc_row full_width=&#8221;stretch_row&#8221; el_class=&#8221;banner-top&#8221; css=&#8221;.vc_custom_1479345542746{background-image: url(https:\/\/www.chronobiology.com\/wp-content\/uploads\/2016\/06\/brain-and-psyche-4.jpg?id=9156) !important;}&#8221;][vc_column][vc_custom_heading source=&#8221;post_title&#8221; font_container=&#8221;tag:h1|text_align:center&#8221; use_theme_fonts=&#8221;yes&#8221;][\/vc_column][\/vc_row][vc_row][vc_column][vc_column_text] Il Cuore Il cuore \u00e8 il nostro muscolo pi\u00f9 importante. \u00c8 l\u2019organo centrale dell\u2019apparato circolatorio che pompa circa 5-6 litri di sangue al minuto in tutto il corpo: nell\u2019arco della vita il nostro cuore pompa 250 milioni di litri di sangue. Il compito principale di questo [&hellip;]<\/p>\n","protected":false},"author":15,"featured_media":9156,"parent":19053,"menu_order":0,"comment_status":"closed","ping_status":"closed","template":"chronopharmacology.php","meta":{"_acf_changed":false,"_genesis_hide_title":false,"_genesis_hide_breadcrumbs":false,"_genesis_hide_singular_image":false,"_genesis_hide_footer_widgets":false,"_genesis_custom_body_class":"","_genesis_custom_post_class":"","_genesis_layout":"full-width-content","footnotes":""},"categories":[],"class_list":{"0":"post-18994","1":"page","2":"type-page","3":"status-publish","4":"has-post-thumbnail","6":"entry"},"acf":[],"yoast_head":"<!-- This site is optimized with the Yoast SEO Premium plugin v23.4 (Yoast SEO v23.4) - https:\/\/yoast.com\/wordpress\/plugins\/seo\/ -->\n<title>Sistema Cardiovascolare &#8211; Chronobiology.com<\/title>\n<meta name=\"robots\" content=\"index, follow, max-snippet:-1, max-image-preview:large, max-video-preview:-1\" \/>\n<link rel=\"canonical\" href=\"https:\/\/dev.chronobiology.com\/it\/cronofarmacologia\/sistema-cardiovascolare\/\" \/>\n<meta property=\"og:locale\" content=\"it_IT\" \/>\n<meta property=\"og:type\" content=\"article\" \/>\n<meta property=\"og:title\" content=\"Sistema Cardiovascolare\" \/>\n<meta property=\"og:description\" content=\"[vc_row full_width=&#8221;stretch_row&#8221; el_class=&#8221;banner-top&#8221; css=&#8221;.vc_custom_1479345542746{background-image: url(https:\/\/www.chronobiology.com\/wp-content\/uploads\/2016\/06\/brain-and-psyche-4.jpg?id=9156) !important;}&#8221;][vc_column][vc_custom_heading source=&#8221;post_title&#8221; font_container=&#8221;tag:h1|text_align:center&#8221; use_theme_fonts=&#8221;yes&#8221;][\/vc_column][\/vc_row][vc_row][vc_column][vc_column_text] Il Cuore Il cuore \u00e8 il nostro muscolo pi\u00f9 importante. \u00c8 l\u2019organo centrale dell\u2019apparato circolatorio che pompa circa 5-6 litri di sangue al minuto in tutto il corpo: nell\u2019arco della vita il nostro cuore pompa 250 milioni di litri di sangue. Il compito principale di questo [&hellip;]\" \/>\n<meta property=\"og:url\" content=\"https:\/\/dev.chronobiology.com\/it\/cronofarmacologia\/sistema-cardiovascolare\/\" \/>\n<meta property=\"og:site_name\" content=\"Chronobiology.com\" \/>\n<meta property=\"article:publisher\" content=\"https:\/\/www.facebook.com\/chronobiology\" \/>\n<meta property=\"og:image\" content=\"https:\/\/dev.chronobiology.com\/wp-content\/uploads\/2016\/06\/brain-and-psyche-4.jpg\" \/>\n\t<meta property=\"og:image:width\" content=\"1800\" \/>\n\t<meta property=\"og:image:height\" content=\"449\" \/>\n\t<meta property=\"og:image:type\" content=\"image\/jpeg\" \/>\n<meta name=\"twitter:card\" content=\"summary_large_image\" \/>\n<meta name=\"twitter:site\" content=\"@chronobionews\" \/>\n<meta name=\"twitter:label1\" content=\"Tempo di lettura stimato\" \/>\n\t<meta name=\"twitter:data1\" content=\"8 minuti\" \/>\n<script type=\"application\/ld+json\" class=\"yoast-schema-graph\">{\"@context\":\"https:\/\/schema.org\",\"@graph\":[{\"@type\":\"WebPage\",\"@id\":\"https:\/\/dev.chronobiology.com\/it\/cronofarmacologia\/sistema-cardiovascolare\/\",\"url\":\"https:\/\/dev.chronobiology.com\/it\/cronofarmacologia\/sistema-cardiovascolare\/\",\"name\":\"Sistema Cardiovascolare &#8211; Chronobiology.com\",\"isPartOf\":{\"@id\":\"https:\/\/dev.chronobiology.com\/it\/#website\"},\"primaryImageOfPage\":{\"@id\":\"https:\/\/dev.chronobiology.com\/it\/cronofarmacologia\/sistema-cardiovascolare\/#primaryimage\"},\"image\":{\"@id\":\"https:\/\/dev.chronobiology.com\/it\/cronofarmacologia\/sistema-cardiovascolare\/#primaryimage\"},\"thumbnailUrl\":\"https:\/\/dev.chronobiology.com\/wp-content\/uploads\/2016\/06\/brain-and-psyche-4.jpg\",\"datePublished\":\"2017-01-31T03:51:43+00:00\",\"dateModified\":\"2017-01-31T03:51:43+00:00\",\"breadcrumb\":{\"@id\":\"https:\/\/dev.chronobiology.com\/it\/cronofarmacologia\/sistema-cardiovascolare\/#breadcrumb\"},\"inLanguage\":\"it-IT\",\"potentialAction\":[{\"@type\":\"ReadAction\",\"target\":[\"https:\/\/dev.chronobiology.com\/it\/cronofarmacologia\/sistema-cardiovascolare\/\"]}]},{\"@type\":\"ImageObject\",\"inLanguage\":\"it-IT\",\"@id\":\"https:\/\/dev.chronobiology.com\/it\/cronofarmacologia\/sistema-cardiovascolare\/#primaryimage\",\"url\":\"https:\/\/dev.chronobiology.com\/wp-content\/uploads\/2016\/06\/brain-and-psyche-4.jpg\",\"contentUrl\":\"https:\/\/dev.chronobiology.com\/wp-content\/uploads\/2016\/06\/brain-and-psyche-4.jpg\",\"width\":1800,\"height\":449,\"caption\":\"Herz-Kreislauf-System\"},{\"@type\":\"BreadcrumbList\",\"@id\":\"https:\/\/dev.chronobiology.com\/it\/cronofarmacologia\/sistema-cardiovascolare\/#breadcrumb\",\"itemListElement\":[{\"@type\":\"ListItem\",\"position\":1,\"name\":\"Home\",\"item\":\"https:\/\/dev.chronobiology.com\/it\/\"},{\"@type\":\"ListItem\",\"position\":2,\"name\":\"Cronofarmacologia\",\"item\":\"https:\/\/dev.chronobiology.com\/it\/cronofarmacologia\/\"},{\"@type\":\"ListItem\",\"position\":3,\"name\":\"Sistema Cardiovascolare\"}]},{\"@type\":\"WebSite\",\"@id\":\"https:\/\/dev.chronobiology.com\/it\/#website\",\"url\":\"https:\/\/dev.chronobiology.com\/it\/\",\"name\":\"Chronobiology.com\",\"description\":\"\",\"publisher\":{\"@id\":\"https:\/\/dev.chronobiology.com\/it\/#organization\"},\"potentialAction\":[{\"@type\":\"SearchAction\",\"target\":{\"@type\":\"EntryPoint\",\"urlTemplate\":\"https:\/\/dev.chronobiology.com\/it\/?s={search_term_string}\"},\"query-input\":{\"@type\":\"PropertyValueSpecification\",\"valueRequired\":true,\"valueName\":\"search_term_string\"}}],\"inLanguage\":\"it-IT\"},{\"@type\":\"Organization\",\"@id\":\"https:\/\/dev.chronobiology.com\/it\/#organization\",\"name\":\"Chronobiology\",\"url\":\"https:\/\/dev.chronobiology.com\/it\/\",\"logo\":{\"@type\":\"ImageObject\",\"inLanguage\":\"it-IT\",\"@id\":\"https:\/\/dev.chronobiology.com\/it\/#\/schema\/logo\/image\/\",\"url\":\"https:\/\/www.chronobiology.com\/wp-content\/uploads\/2019\/01\/chronobiology_logo_en_r.png\",\"contentUrl\":\"https:\/\/www.chronobiology.com\/wp-content\/uploads\/2019\/01\/chronobiology_logo_en_r.png\",\"width\":375,\"height\":90,\"caption\":\"Chronobiology\"},\"image\":{\"@id\":\"https:\/\/dev.chronobiology.com\/it\/#\/schema\/logo\/image\/\"},\"sameAs\":[\"https:\/\/www.facebook.com\/chronobiology\",\"https:\/\/x.com\/chronobionews\",\"https:\/\/www.instagram.com\/chronobiology\/\",\"https:\/\/www.pinterest.com\/chronobiology\/\"]}]}<\/script>\n<!-- \/ Yoast SEO Premium plugin. -->","yoast_head_json":{"title":"Sistema Cardiovascolare &#8211; Chronobiology.com","robots":{"index":"index","follow":"follow","max-snippet":"max-snippet:-1","max-image-preview":"max-image-preview:large","max-video-preview":"max-video-preview:-1"},"canonical":"https:\/\/dev.chronobiology.com\/it\/cronofarmacologia\/sistema-cardiovascolare\/","og_locale":"it_IT","og_type":"article","og_title":"Sistema Cardiovascolare","og_description":"[vc_row full_width=&#8221;stretch_row&#8221; el_class=&#8221;banner-top&#8221; css=&#8221;.vc_custom_1479345542746{background-image: url(https:\/\/www.chronobiology.com\/wp-content\/uploads\/2016\/06\/brain-and-psyche-4.jpg?id=9156) !important;}&#8221;][vc_column][vc_custom_heading source=&#8221;post_title&#8221; font_container=&#8221;tag:h1|text_align:center&#8221; use_theme_fonts=&#8221;yes&#8221;][\/vc_column][\/vc_row][vc_row][vc_column][vc_column_text] Il Cuore Il cuore \u00e8 il nostro muscolo pi\u00f9 importante. \u00c8 l\u2019organo centrale dell\u2019apparato circolatorio che pompa circa 5-6 litri di sangue al minuto in tutto il corpo: nell\u2019arco della vita il nostro cuore pompa 250 milioni di litri di sangue. Il compito principale di questo [&hellip;]","og_url":"https:\/\/dev.chronobiology.com\/it\/cronofarmacologia\/sistema-cardiovascolare\/","og_site_name":"Chronobiology.com","article_publisher":"https:\/\/www.facebook.com\/chronobiology","og_image":[{"width":1800,"height":449,"url":"https:\/\/dev.chronobiology.com\/wp-content\/uploads\/2016\/06\/brain-and-psyche-4.jpg","type":"image\/jpeg"}],"twitter_card":"summary_large_image","twitter_site":"@chronobionews","twitter_misc":{"Tempo di lettura stimato":"8 minuti"},"schema":{"@context":"https:\/\/schema.org","@graph":[{"@type":"WebPage","@id":"https:\/\/dev.chronobiology.com\/it\/cronofarmacologia\/sistema-cardiovascolare\/","url":"https:\/\/dev.chronobiology.com\/it\/cronofarmacologia\/sistema-cardiovascolare\/","name":"Sistema Cardiovascolare &#8211; Chronobiology.com","isPartOf":{"@id":"https:\/\/dev.chronobiology.com\/it\/#website"},"primaryImageOfPage":{"@id":"https:\/\/dev.chronobiology.com\/it\/cronofarmacologia\/sistema-cardiovascolare\/#primaryimage"},"image":{"@id":"https:\/\/dev.chronobiology.com\/it\/cronofarmacologia\/sistema-cardiovascolare\/#primaryimage"},"thumbnailUrl":"https:\/\/dev.chronobiology.com\/wp-content\/uploads\/2016\/06\/brain-and-psyche-4.jpg","datePublished":"2017-01-31T03:51:43+00:00","dateModified":"2017-01-31T03:51:43+00:00","breadcrumb":{"@id":"https:\/\/dev.chronobiology.com\/it\/cronofarmacologia\/sistema-cardiovascolare\/#breadcrumb"},"inLanguage":"it-IT","potentialAction":[{"@type":"ReadAction","target":["https:\/\/dev.chronobiology.com\/it\/cronofarmacologia\/sistema-cardiovascolare\/"]}]},{"@type":"ImageObject","inLanguage":"it-IT","@id":"https:\/\/dev.chronobiology.com\/it\/cronofarmacologia\/sistema-cardiovascolare\/#primaryimage","url":"https:\/\/dev.chronobiology.com\/wp-content\/uploads\/2016\/06\/brain-and-psyche-4.jpg","contentUrl":"https:\/\/dev.chronobiology.com\/wp-content\/uploads\/2016\/06\/brain-and-psyche-4.jpg","width":1800,"height":449,"caption":"Herz-Kreislauf-System"},{"@type":"BreadcrumbList","@id":"https:\/\/dev.chronobiology.com\/it\/cronofarmacologia\/sistema-cardiovascolare\/#breadcrumb","itemListElement":[{"@type":"ListItem","position":1,"name":"Home","item":"https:\/\/dev.chronobiology.com\/it\/"},{"@type":"ListItem","position":2,"name":"Cronofarmacologia","item":"https:\/\/dev.chronobiology.com\/it\/cronofarmacologia\/"},{"@type":"ListItem","position":3,"name":"Sistema Cardiovascolare"}]},{"@type":"WebSite","@id":"https:\/\/dev.chronobiology.com\/it\/#website","url":"https:\/\/dev.chronobiology.com\/it\/","name":"Chronobiology.com","description":"","publisher":{"@id":"https:\/\/dev.chronobiology.com\/it\/#organization"},"potentialAction":[{"@type":"SearchAction","target":{"@type":"EntryPoint","urlTemplate":"https:\/\/dev.chronobiology.com\/it\/?s={search_term_string}"},"query-input":{"@type":"PropertyValueSpecification","valueRequired":true,"valueName":"search_term_string"}}],"inLanguage":"it-IT"},{"@type":"Organization","@id":"https:\/\/dev.chronobiology.com\/it\/#organization","name":"Chronobiology","url":"https:\/\/dev.chronobiology.com\/it\/","logo":{"@type":"ImageObject","inLanguage":"it-IT","@id":"https:\/\/dev.chronobiology.com\/it\/#\/schema\/logo\/image\/","url":"https:\/\/www.chronobiology.com\/wp-content\/uploads\/2019\/01\/chronobiology_logo_en_r.png","contentUrl":"https:\/\/www.chronobiology.com\/wp-content\/uploads\/2019\/01\/chronobiology_logo_en_r.png","width":375,"height":90,"caption":"Chronobiology"},"image":{"@id":"https:\/\/dev.chronobiology.com\/it\/#\/schema\/logo\/image\/"},"sameAs":["https:\/\/www.facebook.com\/chronobiology","https:\/\/x.com\/chronobionews","https:\/\/www.instagram.com\/chronobiology\/","https:\/\/www.pinterest.com\/chronobiology\/"]}]}},"_links":{"self":[{"href":"https:\/\/dev.chronobiology.com\/it\/wp-json\/wp\/v2\/pages\/18994"}],"collection":[{"href":"https:\/\/dev.chronobiology.com\/it\/wp-json\/wp\/v2\/pages"}],"about":[{"href":"https:\/\/dev.chronobiology.com\/it\/wp-json\/wp\/v2\/types\/page"}],"author":[{"embeddable":true,"href":"https:\/\/dev.chronobiology.com\/it\/wp-json\/wp\/v2\/users\/15"}],"replies":[{"embeddable":true,"href":"https:\/\/dev.chronobiology.com\/it\/wp-json\/wp\/v2\/comments?post=18994"}],"version-history":[{"count":0,"href":"https:\/\/dev.chronobiology.com\/it\/wp-json\/wp\/v2\/pages\/18994\/revisions"}],"up":[{"embeddable":true,"href":"https:\/\/dev.chronobiology.com\/it\/wp-json\/wp\/v2\/pages\/19053"}],"wp:featuredmedia":[{"embeddable":true,"href":"https:\/\/dev.chronobiology.com\/it\/wp-json\/wp\/v2\/media\/9156"}],"wp:attachment":[{"href":"https:\/\/dev.chronobiology.com\/it\/wp-json\/wp\/v2\/media?parent=18994"}],"wp:term":[{"taxonomy":"category","embeddable":true,"href":"https:\/\/dev.chronobiology.com\/it\/wp-json\/wp\/v2\/categories?post=18994"}],"curies":[{"name":"wp","href":"https:\/\/api.w.org\/{rel}","templated":true}]}}