{"id":19050,"date":"2017-01-30T22:07:20","date_gmt":"2017-01-31T06:07:20","guid":{"rendered":"https:\/\/www.chronobiology.com\/?page_id=19050\/"},"modified":"2017-07-09T23:41:09","modified_gmt":"2017-07-10T06:41:09","slug":"chronopharmacologie","status":"publish","type":"page","link":"https:\/\/dev.chronobiology.com\/fr\/chronopharmacologie\/","title":{"rendered":"Chronopharmacologie"},"content":{"rendered":"<div class=\"wpb-content-wrapper\"><p>[vc_row full_width=\u00a0\u00bbstretch_row\u00a0\u00bb css=\u00a0\u00bb.vc_custom_1479277387463{background-image: url(https:\/\/www.chronobiology.com\/wp-content\/uploads\/2015\/01\/chronopharmakologie-2.jpg?id=9256) !important;background-position: center !important;background-repeat: no-repeat !important;background-size: cover !important;}\u00a0\u00bb el_class=\u00a0\u00bbbanner-top\u00a0\u00bb][vc_column][vc_custom_heading source=\u00a0\u00bbpost_title\u00a0\u00bb font_container=\u00a0\u00bbtag:h1|text_align:center\u00a0\u00bb use_theme_fonts=\u00a0\u00bbyes\u00a0\u00bb][\/vc_column][\/vc_row][vc_row][vc_column][vc_column_text]<\/p>\n<h1>Chronopharmacologie: Le bon composant au bon moment<\/h1>\n<p>La sant\u00e9 des organes de notre syst\u00e8me digestif influence sensiblement la rapidit\u00e9 avec laquelle nous assimilons les bio\u00e9l\u00e9ments et donc leur efficacit\u00e9. Si une substance doit agir sur un organe sp\u00e9cifique \u00e0 un cr\u00e9neau horaire bien pr\u00e9cis, il est n\u00e9cessaire que cette substance atteigne le foie \u00e0 temps. Le passage des substances \u00e0 travers notre syst\u00e8me digestif peut toutefois \u00eatre plus ou moins rapide. Le matin par exemple, l\u2019estomac et l\u2019intestin re\u00e7oivent un flux de sang beaucoup plus important par rapport au soir. Les pr\u00e9parations chronobiologiques sont con\u00e7ues sur la base justement de ce principe temporel : il s\u2019agit donc d\u2019associer des substances \u00e0 prendre le matin et des substances \u00e0 prendre le soir. L\u2019application des plus r\u00e9centes d\u00e9couvertes m\u00e9dicales permet d\u2019\u00e9viter de prendre une substance appropri\u00e9e au mauvais moment de la journ\u00e9e. Quelles sont les substances les plus efficaces le matin? Quelles sont les substances les plus efficaces en soir\u00e9e?<\/p>\n<p>Quelles sont les substances qui peuvent \u00eatre prises ensemble et qui doivent \u00eatre associ\u00e9es \u00e0 d\u2019autres pour \u00eatre plus efficaces? Une substance biologique peut-elle \u00eatre moins efficace \u00e0 cause d\u2019autres substances? La Chronoth\u00e9rapie agit sur les cr\u00e9neaux horaires o\u00f9 notre organisme r\u00e9agit de fa\u00e7on optimale. Ceci permet donc d\u2019augmenter l\u2019efficacit\u00e9 des substances prises et de r\u00e9duire les g\u00eanes provoqu\u00e9es par les effets secondaires. Nous connaissons d\u00e9j\u00e0 l\u2019horaire optimal de prise de nombreuses substances pour une meilleure efficacit\u00e9. Un certain nombre de pr\u00e9parations actuelles peuvent d\u00e9j\u00e0 \u00eatre d\u00e9finies comme intelligentes. Elles contiennent des micro-substances biologiques pour toute la journ\u00e9e qui ne doivent \u00eatre prises qu\u2019une fois par jour. Elles sont efficaces depuis leur horaire d\u2019administration jusque tard dans la nuit et aux bons moments, puisqu\u2019elles disposent soit d\u2019une fermeture temporis\u00e9e soit de substances qui se rel\u00e2chent \u00e0 diff\u00e9rentes vitesses.<\/p>\n<h1>Les bienfaits pour la sant\u00e9<\/h1>\n<p>[\/vc_column_text][vc_row_inner el_class=\u00a0\u00bbbenefits_box\u00a0\u00bb][vc_column_inner width=\u00a0\u00bb1\/4&Prime;][just_icon icon_type=\u00a0\u00bbcustom\u00a0\u00bb icon_img=\u00a0\u00bbid^11575|url^https:\/\/www.chronobiology.com\/wp-content\/uploads\/2014\/05\/dermatology_ic.png|caption^null|alt^null|title^dermatology_ic|description^null\u00a0\u00bb img_width=\u00a0\u00bb120&Prime; icon_link=\u00a0\u00bburl:https%3A%2F%2Fwww.chronobiology.com%2Ffr%2Fchronopharmacologie%2Fdermatologie%2F|||\u00a0\u00bb][vc_custom_heading text=\u00a0\u00bbDermatologie\u00a0\u00bb font_container=\u00a0\u00bbtag:h4|text_align:center\u00a0\u00bb use_theme_fonts=\u00a0\u00bbyes\u00a0\u00bb link=\u00a0\u00bburl:https%3A%2F%2Fwww.chronobiology.com%2Ffr%2Fchronopharmacologie%2Fdermatologie%2F|||\u00a0\u00bb][ult_createlink title=\u00a0\u00bbEn savoir plus\u00a0\u00bb btn_link=\u00a0\u00bburl:https%3A%2F%2Fwww.chronobiology.com%2Ffr%2Fchronopharmacologie%2Fdermatologie%2F|||\u00a0\u00bb text_color=\u00a0\u00bb#085cbc\u00a0\u00bb text_hovercolor=\u00a0\u00bb#085cbc\u00a0\u00bb][\/vc_column_inner][vc_column_inner width=\u00a0\u00bb1\/4&Prime;][just_icon icon_type=\u00a0\u00bbcustom\u00a0\u00bb icon_img=\u00a0\u00bbid^11588|url^https:\/\/www.chronobiology.com\/wp-content\/uploads\/2014\/05\/cardio_ic.png|caption^null|alt^null|title^cardio_ic|description^null\u00a0\u00bb img_width=\u00a0\u00bb94&Prime; icon_link=\u00a0\u00bburl:https%3A%2F%2Fwww.chronobiology.com%2Ffr%2Fchronopharmacologie%2Fherz-kreislauf-system%2F|||\u00a0\u00bb][vc_custom_heading text=\u00a0\u00bbSyst\u00e8me cardiovasculaire\u00a0\u00bb font_container=\u00a0\u00bbtag:h4|text_align:center\u00a0\u00bb use_theme_fonts=\u00a0\u00bbyes\u00a0\u00bb link=\u00a0\u00bburl:https%3A%2F%2Fwww.chronobiology.com%2Ffr%2Fchronopharmacologie%2Fsysteme-cardiovasculaire%2F|||\u00a0\u00bb][ult_createlink title=\u00a0\u00bbEn savoir plus\u00a0\u00bb btn_link=\u00a0\u00bburl:https%3A%2F%2Fwww.chronobiology.com%2Ffr%2Fchronopharmacologie%2Fsysteme-cardiovasculaire%2F|||\u00a0\u00bb text_color=\u00a0\u00bb#085cbc\u00a0\u00bb text_hovercolor=\u00a0\u00bb#085cbc\u00a0\u00bb][\/vc_column_inner][vc_column_inner width=\u00a0\u00bb1\/4&Prime;][just_icon icon_type=\u00a0\u00bbcustom\u00a0\u00bb icon_img=\u00a0\u00bbid^11589|url^https:\/\/www.chronobiology.com\/wp-content\/uploads\/2014\/05\/muscul_ic.png|caption^null|alt^null|title^muscul_ic|description^null\u00a0\u00bb img_width=\u00a0\u00bb62&Prime; icon_link=\u00a0\u00bburl:https%3A%2F%2Fwww.chronobiology.com%2Ffr%2Fchronopharmacologie%2Fbewegungsapparat%2F|||\u00a0\u00bb][vc_custom_heading text=\u00a0\u00bbSyst\u00e8me musculo-squelettique\u00a0\u00bb font_container=\u00a0\u00bbtag:h4|text_align:center\u00a0\u00bb use_theme_fonts=\u00a0\u00bbyes\u00a0\u00bb link=\u00a0\u00bburl:https%3A%2F%2Fwww.chronobiology.com%2Ffr%2Fchronopharmacologie%2Fsysteme-musculo-squelettique%2F|||\u00a0\u00bb][ult_createlink title=\u00a0\u00bbEn savoir plus\u00a0\u00bb btn_link=\u00a0\u00bburl:https%3A%2F%2Fwww.chronobiology.com%2Ffr%2Fchronopharmacologie%2Fsysteme-musculo-squelettique%2F|||\u00a0\u00bb text_color=\u00a0\u00bb#085cbc\u00a0\u00bb text_hovercolor=\u00a0\u00bb#085cbc\u00a0\u00bb][\/vc_column_inner][vc_column_inner width=\u00a0\u00bb1\/4&Prime;][just_icon icon_type=\u00a0\u00bbcustom\u00a0\u00bb icon_img=\u00a0\u00bbid^11590|url^https:\/\/www.chronobiology.com\/wp-content\/uploads\/2014\/05\/cell_icon.png|caption^null|alt^null|title^cell_icon|description^null\u00a0\u00bb img_width=\u00a0\u00bb89&Prime; icon_link=\u00a0\u00bburl:https%3A%2F%2Fwww.chronobiology.com%2Ffr%2Fchronopharmacologie%2Fgesunder-zellschutz%2F|||\u00a0\u00bb][vc_custom_heading text=\u00a0\u00bbDes cellules en bonne sant\u00e9\u00a0\u00bb font_container=\u00a0\u00bbtag:h4|text_align:center\u00a0\u00bb use_theme_fonts=\u00a0\u00bbyes\u00a0\u00bb link=\u00a0\u00bburl:https%3A%2F%2Fwww.chronobiology.com%2Ffr%2Fchronopharmacologie%2Fdes-cellules-en-bonne-sante%2F|||\u00a0\u00bb][ult_createlink title=\u00a0\u00bbEn savoir plus\u00a0\u00bb btn_link=\u00a0\u00bburl:https%3A%2F%2Fwww.chronobiology.com%2Ffr%2Fchronopharmacologie%2Fdes-cellules-en-bonne-sante%2F|||\u00a0\u00bb text_color=\u00a0\u00bb#085cbc\u00a0\u00bb text_hovercolor=\u00a0\u00bb#085cbc\u00a0\u00bb][\/vc_column_inner][\/vc_row_inner][vc_row_inner el_class=\u00a0\u00bbbenefits_box\u00a0\u00bb][vc_column_inner width=\u00a0\u00bb1\/4&Prime;][just_icon icon_type=\u00a0\u00bbcustom\u00a0\u00bb icon_img=\u00a0\u00bbid^11595|url^https:\/\/www.chronobiology.com\/wp-content\/uploads\/2014\/05\/metabolism_ic.png|caption^null|alt^null|title^metabolism_ic|description^null\u00a0\u00bb img_width=\u00a0\u00bb90&Prime; icon_link=\u00a0\u00bburl:https%3A%2F%2Fwww.chronobiology.com%2Ffr%2Fchronopharmacologie%2Fstoffwechsel%2F|||\u00a0\u00bb][vc_custom_heading text=\u00a0\u00bbLe m\u00e9tabolisme \u00a0\u00bb font_container=\u00a0\u00bbtag:h4|text_align:center\u00a0\u00bb use_theme_fonts=\u00a0\u00bbyes\u00a0\u00bb link=\u00a0\u00bburl:https%3A%2F%2Fchronobiology.com%2Ffr%2Fchronopharmacologie%2Fle-metabolisme%2F|||\u00a0\u00bb][ult_createlink title=\u00a0\u00bbEn savoir plus\u00a0\u00bb btn_link=\u00a0\u00bburl:https%3A%2F%2Fchronobiology.com%2Ffr%2Fchronopharmacologie%2Fle-metabolisme%2F|||\u00a0\u00bb text_color=\u00a0\u00bb#085cbc\u00a0\u00bb text_hovercolor=\u00a0\u00bb#085cbc\u00a0\u00bb][\/vc_column_inner][vc_column_inner width=\u00a0\u00bb1\/4&Prime;][just_icon icon_type=\u00a0\u00bbcustom\u00a0\u00bb icon_img=\u00a0\u00bbid^11598|url^https:\/\/www.chronobiology.com\/wp-content\/uploads\/2014\/05\/woman_ic.png|caption^null|alt^null|title^woman_ic|description^null\u00a0\u00bb img_width=\u00a0\u00bb90&Prime; icon_link=\u00a0\u00bburl:https%3A%2F%2Fwww.chronobiology.com%2Ffr%2Fchronopharmacologie%2Fgesundheit-der-frau%2F|||\u00a0\u00bb][vc_custom_heading text=\u00a0\u00bbLa sant\u00e9 des femmes\u00a0\u00bb font_container=\u00a0\u00bbtag:h4|text_align:center\u00a0\u00bb use_theme_fonts=\u00a0\u00bbyes\u00a0\u00bb link=\u00a0\u00bburl:https%3A%2F%2Fwww.chronobiology.com%2Ffr%2Fchronopharmacologie%2Fla-sante-des-femmes%2F|||\u00a0\u00bb][ult_createlink title=\u00a0\u00bbEn savoir plus\u00a0\u00bb btn_link=\u00a0\u00bburl:https%3A%2F%2Fwww.chronobiology.com%2Ffr%2Fchronopharmacologie%2Fla-sante-des-femmes%2F|||\u00a0\u00bb text_color=\u00a0\u00bb#085cbc\u00a0\u00bb text_hovercolor=\u00a0\u00bb#085cbc\u00a0\u00bb][\/vc_column_inner][vc_column_inner width=\u00a0\u00bb1\/4&Prime;][just_icon icon_type=\u00a0\u00bbcustom\u00a0\u00bb icon_img=\u00a0\u00bbid^11597|url^https:\/\/www.chronobiology.com\/wp-content\/uploads\/2014\/05\/men_ic.png|caption^null|alt^null|title^men_ic|description^null\u00a0\u00bb img_width=\u00a0\u00bb76&Prime; icon_link=\u00a0\u00bburl:https%3A%2F%2Fwww.chronobiology.com%2Ffr%2Fchronopharmacologie%2Fgesundheit-des-mannes%2F|||\u00a0\u00bb][vc_custom_heading text=\u00a0\u00bbLa sant\u00e9 des hommes\u00a0\u00bb font_container=\u00a0\u00bbtag:h4|text_align:center\u00a0\u00bb use_theme_fonts=\u00a0\u00bbyes\u00a0\u00bb link=\u00a0\u00bburl:https%3A%2F%2Fwww.chronobiology.com%2Ffr%2Fchronopharmacologie%2Fla-sante-des-hommes%2F|||\u00a0\u00bb][ult_createlink title=\u00a0\u00bbEn savoir plus\u00a0\u00bb btn_link=\u00a0\u00bburl:https%3A%2F%2Fwww.chronobiology.com%2Ffr%2Fchronopharmacologie%2Fla-sante-des-hommes%2F|||\u00a0\u00bb text_color=\u00a0\u00bb#085cbc\u00a0\u00bb text_hovercolor=\u00a0\u00bb#085cbc\u00a0\u00bb][\/vc_column_inner][vc_column_inner width=\u00a0\u00bb1\/4&Prime;][just_icon icon_type=\u00a0\u00bbcustom\u00a0\u00bb icon_img=\u00a0\u00bbid^11596|url^https:\/\/www.chronobiology.com\/wp-content\/uploads\/2014\/05\/brain_ic.png|caption^null|alt^null|title^brain_ic|description^null\u00a0\u00bb img_width=\u00a0\u00bb76&Prime; icon_link=\u00a0\u00bburl:https%3A%2F%2Fwww.chronobiology.com%2Ffr%2Fchronopharmacologie%2Fla-sante-mentale%2F|||\u00a0\u00bb][vc_custom_heading text=\u00a0\u00bbLa Sant\u00e9 Mentale\u00a0\u00bb font_container=\u00a0\u00bbtag:h4|text_align:center\u00a0\u00bb use_theme_fonts=\u00a0\u00bbyes\u00a0\u00bb link=\u00a0\u00bburl:https%3A%2F%2Fwww.chronobiology.com%2Ffr%2Fchronopharmacologie%2Fla-sante-mentale%2F|||\u00a0\u00bb][ult_createlink title=\u00a0\u00bbEn savoir plus\u00a0\u00bb btn_link=\u00a0\u00bburl:https%3A%2F%2Fwww.chronobiology.com%2Ffr%2Fchronopharmacologie%2Fla-sante-mentale%2F|||\u00a0\u00bb text_color=\u00a0\u00bb#085cbc\u00a0\u00bb text_hovercolor=\u00a0\u00bb#085cbc\u00a0\u00bb][\/vc_column_inner][\/vc_row_inner][\/vc_column][\/vc_row]<\/p>\n<\/div>","protected":false},"excerpt":{"rendered":"<p>[vc_row full_width=\u00a0\u00bbstretch_row\u00a0\u00bb css=\u00a0\u00bb.vc_custom_1479277387463{background-image: url(https:\/\/www.chronobiology.com\/wp-content\/uploads\/2015\/01\/chronopharmakologie-2.jpg?id=9256) !important;background-position: center !important;background-repeat: no-repeat !important;background-size: cover !important;}\u00a0\u00bb el_class=\u00a0\u00bbbanner-top\u00a0\u00bb][vc_column][vc_custom_heading source=\u00a0\u00bbpost_title\u00a0\u00bb font_container=\u00a0\u00bbtag:h1|text_align:center\u00a0\u00bb use_theme_fonts=\u00a0\u00bbyes\u00a0\u00bb][\/vc_column][\/vc_row][vc_row][vc_column][vc_column_text] Chronopharmacologie: Le bon composant au bon moment La sant\u00e9 des organes de notre syst\u00e8me digestif influence sensiblement la rapidit\u00e9 avec laquelle nous assimilons les bio\u00e9l\u00e9ments et donc leur efficacit\u00e9. Si une substance doit agir sur un organe sp\u00e9cifique \u00e0 un [&hellip;]<\/p>\n","protected":false},"author":15,"featured_media":24504,"parent":0,"menu_order":0,"comment_status":"open","ping_status":"closed","template":"","meta":{"_acf_changed":false,"_genesis_hide_title":false,"_genesis_hide_breadcrumbs":false,"_genesis_hide_singular_image":false,"_genesis_hide_footer_widgets":false,"_genesis_custom_body_class":"","_genesis_custom_post_class":"","_genesis_layout":"full-width-content","footnotes":""},"categories":[],"class_list":{"0":"post-19050","1":"page","2":"type-page","3":"status-publish","4":"has-post-thumbnail","6":"entry"},"acf":[],"yoast_head":"<!-- This site is optimized with the Yoast SEO Premium plugin v23.4 (Yoast SEO v23.4) - https:\/\/yoast.com\/wordpress\/plugins\/seo\/ -->\n<title>Chronopharmacologie &#8211; Chronobiology.com<\/title>\n<meta name=\"robots\" content=\"index, follow, max-snippet:-1, max-image-preview:large, max-video-preview:-1\" \/>\n<link rel=\"canonical\" href=\"https:\/\/dev.chronobiology.com\/fr\/chronopharmacologie\/\" \/>\n<meta property=\"og:locale\" content=\"fr_FR\" \/>\n<meta property=\"og:type\" content=\"article\" \/>\n<meta property=\"og:title\" content=\"Chronopharmacologie\" \/>\n<meta property=\"og:description\" content=\"[vc_row full_width=\u00a0\u00bbstretch_row\u00a0\u00bb css=\u00a0\u00bb.vc_custom_1479277387463{background-image: url(https:\/\/www.chronobiology.com\/wp-content\/uploads\/2015\/01\/chronopharmakologie-2.jpg?id=9256) !important;background-position: center !important;background-repeat: no-repeat !important;background-size: cover !important;}\u00a0\u00bb el_class=\u00a0\u00bbbanner-top\u00a0\u00bb][vc_column][vc_custom_heading source=\u00a0\u00bbpost_title\u00a0\u00bb font_container=\u00a0\u00bbtag:h1|text_align:center\u00a0\u00bb use_theme_fonts=\u00a0\u00bbyes\u00a0\u00bb][\/vc_column][\/vc_row][vc_row][vc_column][vc_column_text] Chronopharmacologie: Le bon composant au bon moment La sant\u00e9 des organes de notre syst\u00e8me digestif influence sensiblement la rapidit\u00e9 avec laquelle nous assimilons les bio\u00e9l\u00e9ments et donc leur efficacit\u00e9. Si une substance doit agir sur un organe sp\u00e9cifique \u00e0 un [&hellip;]\" \/>\n<meta property=\"og:url\" content=\"https:\/\/dev.chronobiology.com\/fr\/chronopharmacologie\/\" \/>\n<meta property=\"og:site_name\" content=\"Chronobiology.com\" \/>\n<meta property=\"article:publisher\" content=\"https:\/\/www.facebook.com\/chronobiology\" \/>\n<meta property=\"article:modified_time\" content=\"2017-07-10T06:41:09+00:00\" \/>\n<meta property=\"og:image\" content=\"https:\/\/dev.chronobiology.com\/wp-content\/uploads\/2015\/01\/chronopharmakologie-2.jpg\" \/>\n\t<meta property=\"og:image:width\" content=\"1800\" \/>\n\t<meta property=\"og:image:height\" content=\"449\" \/>\n\t<meta property=\"og:image:type\" content=\"image\/jpeg\" \/>\n<meta name=\"twitter:card\" content=\"summary_large_image\" \/>\n<meta name=\"twitter:site\" content=\"@chronobionews\" \/>\n<meta name=\"twitter:label1\" content=\"Dur\u00e9e de lecture estim\u00e9e\" \/>\n\t<meta name=\"twitter:data1\" content=\"6 minutes\" \/>\n<script type=\"application\/ld+json\" class=\"yoast-schema-graph\">{\"@context\":\"https:\/\/schema.org\",\"@graph\":[{\"@type\":\"WebPage\",\"@id\":\"https:\/\/dev.chronobiology.com\/fr\/chronopharmacologie\/\",\"url\":\"https:\/\/dev.chronobiology.com\/fr\/chronopharmacologie\/\",\"name\":\"Chronopharmacologie &#8211; Chronobiology.com\",\"isPartOf\":{\"@id\":\"https:\/\/dev.chronobiology.com\/fr\/#website\"},\"primaryImageOfPage\":{\"@id\":\"https:\/\/dev.chronobiology.com\/fr\/chronopharmacologie\/#primaryimage\"},\"image\":{\"@id\":\"https:\/\/dev.chronobiology.com\/fr\/chronopharmacologie\/#primaryimage\"},\"thumbnailUrl\":\"https:\/\/dev.chronobiology.com\/wp-content\/uploads\/2015\/01\/chronopharmakologie-2.jpg\",\"datePublished\":\"2017-01-31T06:07:20+00:00\",\"dateModified\":\"2017-07-10T06:41:09+00:00\",\"breadcrumb\":{\"@id\":\"https:\/\/dev.chronobiology.com\/fr\/chronopharmacologie\/#breadcrumb\"},\"inLanguage\":\"fr-FR\",\"potentialAction\":[{\"@type\":\"ReadAction\",\"target\":[\"https:\/\/dev.chronobiology.com\/fr\/chronopharmacologie\/\"]}]},{\"@type\":\"ImageObject\",\"inLanguage\":\"fr-FR\",\"@id\":\"https:\/\/dev.chronobiology.com\/fr\/chronopharmacologie\/#primaryimage\",\"url\":\"https:\/\/dev.chronobiology.com\/wp-content\/uploads\/2015\/01\/chronopharmakologie-2.jpg\",\"contentUrl\":\"https:\/\/dev.chronobiology.com\/wp-content\/uploads\/2015\/01\/chronopharmakologie-2.jpg\",\"width\":1800,\"height\":449},{\"@type\":\"BreadcrumbList\",\"@id\":\"https:\/\/dev.chronobiology.com\/fr\/chronopharmacologie\/#breadcrumb\",\"itemListElement\":[{\"@type\":\"ListItem\",\"position\":1,\"name\":\"Home\",\"item\":\"https:\/\/dev.chronobiology.com\/fr\/\"},{\"@type\":\"ListItem\",\"position\":2,\"name\":\"Chronopharmacologie\"}]},{\"@type\":\"WebSite\",\"@id\":\"https:\/\/dev.chronobiology.com\/fr\/#website\",\"url\":\"https:\/\/dev.chronobiology.com\/fr\/\",\"name\":\"Chronobiology.com\",\"description\":\"\",\"publisher\":{\"@id\":\"https:\/\/dev.chronobiology.com\/fr\/#organization\"},\"potentialAction\":[{\"@type\":\"SearchAction\",\"target\":{\"@type\":\"EntryPoint\",\"urlTemplate\":\"https:\/\/dev.chronobiology.com\/fr\/?s={search_term_string}\"},\"query-input\":{\"@type\":\"PropertyValueSpecification\",\"valueRequired\":true,\"valueName\":\"search_term_string\"}}],\"inLanguage\":\"fr-FR\"},{\"@type\":\"Organization\",\"@id\":\"https:\/\/dev.chronobiology.com\/fr\/#organization\",\"name\":\"Chronobiology\",\"url\":\"https:\/\/dev.chronobiology.com\/fr\/\",\"logo\":{\"@type\":\"ImageObject\",\"inLanguage\":\"fr-FR\",\"@id\":\"https:\/\/dev.chronobiology.com\/fr\/#\/schema\/logo\/image\/\",\"url\":\"https:\/\/www.chronobiology.com\/wp-content\/uploads\/2019\/01\/chronobiology_logo_en_r.png\",\"contentUrl\":\"https:\/\/www.chronobiology.com\/wp-content\/uploads\/2019\/01\/chronobiology_logo_en_r.png\",\"width\":375,\"height\":90,\"caption\":\"Chronobiology\"},\"image\":{\"@id\":\"https:\/\/dev.chronobiology.com\/fr\/#\/schema\/logo\/image\/\"},\"sameAs\":[\"https:\/\/www.facebook.com\/chronobiology\",\"https:\/\/x.com\/chronobionews\",\"https:\/\/www.instagram.com\/chronobiology\/\",\"https:\/\/www.pinterest.com\/chronobiology\/\"]}]}<\/script>\n<!-- \/ Yoast SEO Premium plugin. -->","yoast_head_json":{"title":"Chronopharmacologie &#8211; Chronobiology.com","robots":{"index":"index","follow":"follow","max-snippet":"max-snippet:-1","max-image-preview":"max-image-preview:large","max-video-preview":"max-video-preview:-1"},"canonical":"https:\/\/dev.chronobiology.com\/fr\/chronopharmacologie\/","og_locale":"fr_FR","og_type":"article","og_title":"Chronopharmacologie","og_description":"[vc_row full_width=\u00a0\u00bbstretch_row\u00a0\u00bb css=\u00a0\u00bb.vc_custom_1479277387463{background-image: url(https:\/\/www.chronobiology.com\/wp-content\/uploads\/2015\/01\/chronopharmakologie-2.jpg?id=9256) !important;background-position: center !important;background-repeat: no-repeat !important;background-size: cover !important;}\u00a0\u00bb el_class=\u00a0\u00bbbanner-top\u00a0\u00bb][vc_column][vc_custom_heading source=\u00a0\u00bbpost_title\u00a0\u00bb font_container=\u00a0\u00bbtag:h1|text_align:center\u00a0\u00bb use_theme_fonts=\u00a0\u00bbyes\u00a0\u00bb][\/vc_column][\/vc_row][vc_row][vc_column][vc_column_text] Chronopharmacologie: Le bon composant au bon moment La sant\u00e9 des organes de notre syst\u00e8me digestif influence sensiblement la rapidit\u00e9 avec laquelle nous assimilons les bio\u00e9l\u00e9ments et donc leur efficacit\u00e9. Si une substance doit agir sur un organe sp\u00e9cifique \u00e0 un [&hellip;]","og_url":"https:\/\/dev.chronobiology.com\/fr\/chronopharmacologie\/","og_site_name":"Chronobiology.com","article_publisher":"https:\/\/www.facebook.com\/chronobiology","article_modified_time":"2017-07-10T06:41:09+00:00","og_image":[{"width":1800,"height":449,"url":"https:\/\/dev.chronobiology.com\/wp-content\/uploads\/2015\/01\/chronopharmakologie-2.jpg","type":"image\/jpeg"}],"twitter_card":"summary_large_image","twitter_site":"@chronobionews","twitter_misc":{"Dur\u00e9e de lecture estim\u00e9e":"6 minutes"},"schema":{"@context":"https:\/\/schema.org","@graph":[{"@type":"WebPage","@id":"https:\/\/dev.chronobiology.com\/fr\/chronopharmacologie\/","url":"https:\/\/dev.chronobiology.com\/fr\/chronopharmacologie\/","name":"Chronopharmacologie &#8211; Chronobiology.com","isPartOf":{"@id":"https:\/\/dev.chronobiology.com\/fr\/#website"},"primaryImageOfPage":{"@id":"https:\/\/dev.chronobiology.com\/fr\/chronopharmacologie\/#primaryimage"},"image":{"@id":"https:\/\/dev.chronobiology.com\/fr\/chronopharmacologie\/#primaryimage"},"thumbnailUrl":"https:\/\/dev.chronobiology.com\/wp-content\/uploads\/2015\/01\/chronopharmakologie-2.jpg","datePublished":"2017-01-31T06:07:20+00:00","dateModified":"2017-07-10T06:41:09+00:00","breadcrumb":{"@id":"https:\/\/dev.chronobiology.com\/fr\/chronopharmacologie\/#breadcrumb"},"inLanguage":"fr-FR","potentialAction":[{"@type":"ReadAction","target":["https:\/\/dev.chronobiology.com\/fr\/chronopharmacologie\/"]}]},{"@type":"ImageObject","inLanguage":"fr-FR","@id":"https:\/\/dev.chronobiology.com\/fr\/chronopharmacologie\/#primaryimage","url":"https:\/\/dev.chronobiology.com\/wp-content\/uploads\/2015\/01\/chronopharmakologie-2.jpg","contentUrl":"https:\/\/dev.chronobiology.com\/wp-content\/uploads\/2015\/01\/chronopharmakologie-2.jpg","width":1800,"height":449},{"@type":"BreadcrumbList","@id":"https:\/\/dev.chronobiology.com\/fr\/chronopharmacologie\/#breadcrumb","itemListElement":[{"@type":"ListItem","position":1,"name":"Home","item":"https:\/\/dev.chronobiology.com\/fr\/"},{"@type":"ListItem","position":2,"name":"Chronopharmacologie"}]},{"@type":"WebSite","@id":"https:\/\/dev.chronobiology.com\/fr\/#website","url":"https:\/\/dev.chronobiology.com\/fr\/","name":"Chronobiology.com","description":"","publisher":{"@id":"https:\/\/dev.chronobiology.com\/fr\/#organization"},"potentialAction":[{"@type":"SearchAction","target":{"@type":"EntryPoint","urlTemplate":"https:\/\/dev.chronobiology.com\/fr\/?s={search_term_string}"},"query-input":{"@type":"PropertyValueSpecification","valueRequired":true,"valueName":"search_term_string"}}],"inLanguage":"fr-FR"},{"@type":"Organization","@id":"https:\/\/dev.chronobiology.com\/fr\/#organization","name":"Chronobiology","url":"https:\/\/dev.chronobiology.com\/fr\/","logo":{"@type":"ImageObject","inLanguage":"fr-FR","@id":"https:\/\/dev.chronobiology.com\/fr\/#\/schema\/logo\/image\/","url":"https:\/\/www.chronobiology.com\/wp-content\/uploads\/2019\/01\/chronobiology_logo_en_r.png","contentUrl":"https:\/\/www.chronobiology.com\/wp-content\/uploads\/2019\/01\/chronobiology_logo_en_r.png","width":375,"height":90,"caption":"Chronobiology"},"image":{"@id":"https:\/\/dev.chronobiology.com\/fr\/#\/schema\/logo\/image\/"},"sameAs":["https:\/\/www.facebook.com\/chronobiology","https:\/\/x.com\/chronobionews","https:\/\/www.instagram.com\/chronobiology\/","https:\/\/www.pinterest.com\/chronobiology\/"]}]}},"_links":{"self":[{"href":"https:\/\/dev.chronobiology.com\/fr\/wp-json\/wp\/v2\/pages\/19050"}],"collection":[{"href":"https:\/\/dev.chronobiology.com\/fr\/wp-json\/wp\/v2\/pages"}],"about":[{"href":"https:\/\/dev.chronobiology.com\/fr\/wp-json\/wp\/v2\/types\/page"}],"author":[{"embeddable":true,"href":"https:\/\/dev.chronobiology.com\/fr\/wp-json\/wp\/v2\/users\/15"}],"replies":[{"embeddable":true,"href":"https:\/\/dev.chronobiology.com\/fr\/wp-json\/wp\/v2\/comments?post=19050"}],"version-history":[{"count":12,"href":"https:\/\/dev.chronobiology.com\/fr\/wp-json\/wp\/v2\/pages\/19050\/revisions"}],"predecessor-version":[{"id":20110,"href":"https:\/\/dev.chronobiology.com\/fr\/wp-json\/wp\/v2\/pages\/19050\/revisions\/20110"}],"wp:featuredmedia":[{"embeddable":true,"href":"https:\/\/dev.chronobiology.com\/fr\/wp-json\/wp\/v2\/media\/24504"}],"wp:attachment":[{"href":"https:\/\/dev.chronobiology.com\/fr\/wp-json\/wp\/v2\/media?parent=19050"}],"wp:term":[{"taxonomy":"category","embeddable":true,"href":"https:\/\/dev.chronobiology.com\/fr\/wp-json\/wp\/v2\/categories?post=19050"}],"curies":[{"name":"wp","href":"https:\/\/api.w.org\/{rel}","templated":true}]}}