{"id":18950,"date":"2017-01-30T14:36:38","date_gmt":"2017-01-30T22:36:38","guid":{"rendered":"https:\/\/www.chronobiology.com\/mecanisme\/"},"modified":"2020-06-18T08:14:52","modified_gmt":"2020-06-18T15:14:52","slug":"mecanisme","status":"publish","type":"page","link":"https:\/\/dev.chronobiology.com\/fr\/melatonine-chronobiologie\/mecanisme\/","title":{"rendered":"M\u00e9canisme"},"content":{"rendered":"<div class=\"wpb-content-wrapper\"><p>[vc_row full_width=\u00a0\u00bbstretch_row\u00a0\u00bb el_class=\u00a0\u00bbbanner-top\u00a0\u00bb css=\u00a0\u00bb.vc_custom_1480490459040{background-image: url(https:\/\/www.chronobiology.com\/wp-content\/uploads\/2016\/11\/melatonin-mechanism-banner.jpg?id=11676) !important;}\u00a0\u00bb][vc_column][vc_custom_heading source=\u00a0\u00bbpost_title\u00a0\u00bb font_container=\u00a0\u00bbtag:h1|text_align:center\u00a0\u00bb use_theme_fonts=\u00a0\u00bbyes\u00a0\u00bb][\/vc_column][\/vc_row][vc_row el_class=\u00a0\u00bbmelatoninfacts2&Prime;][vc_column width=\u00a0\u00bb3\/4&Prime;][vc_column_text]<\/p>\n<h2 style=\"text-align: center;\">M\u00e9canisme<\/h2>\n<p>La m\u00e9latonine a plusieurs m\u00e9canismes \u00e0 travers lesquels d\u00e9clencher diff\u00e9rentes r\u00e9actions dans notre organisme. Parmi ceux-ci, il faut faire une distinction entre les effets m\u00e9di\u00e9s par le r\u00e9cepteurs, c\u2019est-\u00e0 dire ceux qui fonctionnent sur la base du principe cl\u00e9\/trou de serrure, et les m\u00e9canismes qui se d\u00e9clenchent sans l\u2019utilisation de points d\u2019accostage.[\/vc_column_text][\/vc_column][vc_column width=\u00a0\u00bb1\/4&Prime;][vc_column_text]<div class=\"content_block\" id=\"custom_post_widget-32992\"><p><a href=\"https:\/\/melatoninfacts.org\/\" target=\"_blank\" rel=\"noopener noreferrer\"><img decoding=\"async\" class=\"alignnone wp-image-33106 size-full\" title=\"MelatoninFACTS \u2013 \u00c9tudes m\u00e9dicales sur la m\u00e9latonine\" src=\"https:\/\/www.chronobiology.com\/wp-content\/uploads\/2020\/06\/MelatoninFacts-Banner-FR-v2.jpg\" alt=\"MelatoninFACTS \u2013 \u00c9tudes m\u00e9dicales sur la m\u00e9latonine\" width=\"501\" height=\"751\" srcset=\"https:\/\/dev.chronobiology.com\/wp-content\/uploads\/2020\/06\/MelatoninFacts-Banner-FR-v2.jpg 501w, https:\/\/dev.chronobiology.com\/wp-content\/uploads\/2020\/06\/MelatoninFacts-Banner-FR-v2-200x300.jpg 200w\" sizes=\"(max-width: 501px) 100vw, 501px\" \/><\/a><\/p>\n<\/div>[\/vc_column_text][\/vc_column][\/vc_row][vc_row][vc_column][vc_tta_accordion color=\u00a0\u00bbturquoise\u00a0\u00bb gap=\u00a0\u00bb35&Prime; c_icon=\u00a0\u00bbchevron\u00a0\u00bb c_position=\u00a0\u00bbright\u00a0\u00bb active_section=\u00a0\u00bb99&Prime; no_fill=\u00a0\u00bbtrue\u00a0\u00bb collapsible_all=\u00a0\u00bbtrue\u00a0\u00bb][vc_tta_section title=\u00a0\u00bbR\u00e9cepteurs de la m\u00e9latonine\u00a0\u00bb tab_id=\u00a0\u00bb1479159301199-fd863768-f6affc8d-716d\u00a0\u00bb][vc_row_inner css=\u00a0\u00bb.vc_custom_1479390515497{background-image: url(https:\/\/www.chronobiology.com\/wp-content\/uploads\/2016\/11\/mechanism_1.jpg?id=11685) !important;}\u00a0\u00bb][vc_column_inner][vc_column_text]Les r\u00e9cepteurs de la m\u00e9latonine peuvent se classer en diff\u00e9rentes cat\u00e9gories. Il faut faire une distinction entre les r\u00e9cepteurs de la m\u00e9latonine 1 et 2 (MTL1 et MTL2), qui ont chacun leur propre distribution et des fonctions sp\u00e9cifiques. Ils sont tous appel\u00e9s r\u00e9cepteurs membranaires, sur l\u2019ext\u00e9rieur desquels la m\u00e9latonine est capable de se fixer. En tel cas, toute une s\u00e9rie de processus se d\u00e9clenche \u00e0 travers des prot\u00e9ines-G sp\u00e9cifiques \u00e0 l\u2019int\u00e9rieur de la cellule, ce qui provoque d\u2019autres effets de la m\u00e9latonine sur la cellule. Il existe par ailleurs, une troisi\u00e8me cat\u00e9gorie de r\u00e9cepteurs qui ne se fixe pas dans la membrane cellulaire, mais se trouve \u00e0 l\u2019int\u00e9rieur de la cellule. Mais cette cat\u00e9gorie de r\u00e9cepteurs ne se trouve que chez certaines esp\u00e8ces animales et ne joue pas un r\u00f4le significatif pour les humains.<\/p>\n<p>Les r\u00e9cepteurs de m\u00e9latonine 1 et 2 pr\u00e9c\u00e9demment mentionn\u00e9s sont r\u00e9partis sur un certain nombre d\u2019organes et sur des structures cellulaires sp\u00e9cifiques. L\u2019information \u00ab temps \u00bb, bas\u00e9e sur la concentration variable de m\u00e9latonine, est transmise aux tissus et \u00e0 l\u2019ensemble de notre organisme.<\/p>\n<p>La plus haute densit\u00e9 de r\u00e9cepteurs de m\u00e9latonine se trouve dans certaines r\u00e9gions du cerveau. Il est int\u00e9ressant de souligner que cette r\u00e9partition peut varier en fonction des esp\u00e8ces. Par exemple, chez les rongeurs et les mammif\u00e8res, les r\u00e9cepteurs se trouvent essentiellement dans les zones contr\u00f4lant l\u2019horloge interne et les fonctions gonadiques (organes n\u00e9cessaires pour la production d\u2019hormones sexuelles et utiles \u00e0 la reproduction), tandis que chez les humains, les r\u00e9cepteurs se trouvent dans une autre zone (outre l\u2019horloge interne contenant la plupart des r\u00e9cepteurs), celle du cervelet et du cortex c\u00e9r\u00e9bral, mais pas dans les zones contr\u00f4lant les fonctions gonadiques. Ceci d\u00e9montre clairement que le r\u00f4le de la m\u00e9latonine a chang\u00e9 pendant l\u2019\u00e9volution et que tous les r\u00e9sultats obtenus \u00e0 partir de mod\u00e8les animaux ne sont pas applicables aux humains.<\/p>\n<p>Outre les r\u00e9cepteurs dans le cerveau, un grand nombre de ces sites de fixation ont \u00e9t\u00e9 d\u00e9couverts dans d\u2019autres organes p\u00e9riph\u00e9riques. Parmi les organes contenant des r\u00e9cepteurs de m\u00e9latonine citons : pancr\u00e9as, foie, yeux, peau, certains vaisseaux sanguins, tractus gastro-intestinal et une partie des gonades. Le r\u00f4le exact de ces r\u00e9cepteurs fait encore l\u2019objet d\u2019\u00e9tudes approfondies. Une chose est s\u00fbre, ces sites de liaison jouent un r\u00f4le dans le rythme jour\/nuit avec les fonctions d\u2019organes sp\u00e9cifiques. D\u2019un autre c\u00f4t\u00e9, on suppose \u00e9galement que la m\u00e9latonine a d\u2019autres fonctions qui sont plus facilement d\u00e9crites comme des r\u00e9glages pr\u00e9cis et la synchronisation des interactions entre les organes.[\/vc_column_text][\/vc_column_inner][\/vc_row_inner][\/vc_tta_section][vc_tta_section title=\u00a0\u00bbCapteurs de radicaux libres\u00a0\u00bb tab_id=\u00a0\u00bb1479389615325-12bcacc3-dac6&Prime;][vc_row_inner css=\u00a0\u00bb.vc_custom_1479390486079{background-image: url(https:\/\/www.chronobiology.com\/wp-content\/uploads\/2016\/11\/mechanism_2.jpg?id=11684) !important;}\u00a0\u00bb][vc_column_inner][vc_column_text]Outre la fonction de r\u00e9ception-transmission de la m\u00e9latonine pr\u00e9c\u00e9demment d\u00e9crite, un autre effet \u00e0 souligner est celui antioxydant. Dans ce cas, la m\u00e9latonine n\u2019a pas besoin de points de fixation sp\u00e9cifiques mais son r\u00f4le est d\u2019\u00eatre un puissant capteur de radicaux libres. Les r\u00e9sultats des exp\u00e9riences men\u00e9es sur des animaux peuvent \u00eatre appliqu\u00e9s directement aux hommes car ce r\u00f4le n\u2019est que le r\u00e9sultat de la structure mol\u00e9culaire de la m\u00e9latonine. Vu sa capacit\u00e9 \u00e0 p\u00e9n\u00e9trer la plupart des cellules, la m\u00e9latonine est \u00e9galement capable de prot\u00e9ger tous les organes d\u00e8s qu\u2019elle est pr\u00e9sente. Si l\u2019on tient compte du fait que l\u2019hormone est essentiellement secr\u00e9t\u00e9e la nuit et peut tr\u00e8s facilement franchir la barri\u00e8re h\u00e9mato-enc\u00e9phalique, elle peut \u00e9galement jouer un r\u00f4le de pr\u00e9vention contre les troubles oxydatifs dans les deux cellules nerveuses du cerveau, ainsi que dans d\u2019autres organes pendant le sommeil nocturne. Ceci permet \u00e9galement d\u2019expliquer un certain nombre d\u2019effets positifs de la m\u00e9latonine qui ne sont pas directement li\u00e9s \u00e0 son interaction avec des r\u00e9cepteurs sp\u00e9cifiques mais reposent sur sa caract\u00e9ristique de capteur de radicaux libres, que ce soit chez les animaux ou les humains.[\/vc_column_text][\/vc_column_inner][\/vc_row_inner][\/vc_tta_section][\/vc_tta_accordion][\/vc_column][\/vc_row]<\/p>\n<\/div>","protected":false},"excerpt":{"rendered":"<p>[vc_row full_width=\u00a0\u00bbstretch_row\u00a0\u00bb el_class=\u00a0\u00bbbanner-top\u00a0\u00bb css=\u00a0\u00bb.vc_custom_1480490459040{background-image: url(https:\/\/www.chronobiology.com\/wp-content\/uploads\/2016\/11\/melatonin-mechanism-banner.jpg?id=11676) !important;}\u00a0\u00bb][vc_column][vc_custom_heading source=\u00a0\u00bbpost_title\u00a0\u00bb font_container=\u00a0\u00bbtag:h1|text_align:center\u00a0\u00bb use_theme_fonts=\u00a0\u00bbyes\u00a0\u00bb][\/vc_column][\/vc_row][vc_row el_class=\u00a0\u00bbmelatoninfacts2&Prime;][vc_column width=\u00a0\u00bb3\/4&Prime;][vc_column_text] M\u00e9canisme La m\u00e9latonine a plusieurs m\u00e9canismes \u00e0 travers lesquels d\u00e9clencher diff\u00e9rentes r\u00e9actions dans notre organisme. Parmi ceux-ci, il faut faire une distinction entre les effets m\u00e9di\u00e9s par le r\u00e9cepteurs, c\u2019est-\u00e0 dire ceux qui fonctionnent sur la base du principe cl\u00e9\/trou de serrure, et les [&hellip;]<\/p>\n","protected":false},"author":15,"featured_media":11676,"parent":18944,"menu_order":0,"comment_status":"closed","ping_status":"closed","template":"","meta":{"_acf_changed":false,"_genesis_hide_title":false,"_genesis_hide_breadcrumbs":false,"_genesis_hide_singular_image":false,"_genesis_hide_footer_widgets":false,"_genesis_custom_body_class":"","_genesis_custom_post_class":"","_genesis_layout":"full-width-content","footnotes":""},"categories":[],"class_list":{"0":"post-18950","1":"page","2":"type-page","3":"status-publish","4":"has-post-thumbnail","6":"entry"},"acf":[],"yoast_head":"<!-- This site is optimized with the Yoast SEO Premium plugin v23.4 (Yoast SEO v23.4) - https:\/\/yoast.com\/wordpress\/plugins\/seo\/ -->\n<title>M\u00e9canisme &#8211; Chronobiology.com<\/title>\n<meta name=\"robots\" content=\"index, follow, max-snippet:-1, max-image-preview:large, max-video-preview:-1\" \/>\n<link rel=\"canonical\" href=\"https:\/\/dev.chronobiology.com\/fr\/melatonine-chronobiologie\/mecanisme\/\" \/>\n<meta property=\"og:locale\" content=\"fr_FR\" \/>\n<meta property=\"og:type\" content=\"article\" \/>\n<meta property=\"og:title\" content=\"M\u00e9canisme\" \/>\n<meta property=\"og:description\" content=\"[vc_row full_width=\u00a0\u00bbstretch_row\u00a0\u00bb el_class=\u00a0\u00bbbanner-top\u00a0\u00bb css=\u00a0\u00bb.vc_custom_1480490459040{background-image: url(https:\/\/www.chronobiology.com\/wp-content\/uploads\/2016\/11\/melatonin-mechanism-banner.jpg?id=11676) !important;}\u00a0\u00bb][vc_column][vc_custom_heading source=\u00a0\u00bbpost_title\u00a0\u00bb font_container=\u00a0\u00bbtag:h1|text_align:center\u00a0\u00bb use_theme_fonts=\u00a0\u00bbyes\u00a0\u00bb][\/vc_column][\/vc_row][vc_row el_class=\u00a0\u00bbmelatoninfacts2&Prime;][vc_column width=\u00a0\u00bb3\/4&Prime;][vc_column_text] M\u00e9canisme La m\u00e9latonine a plusieurs m\u00e9canismes \u00e0 travers lesquels d\u00e9clencher diff\u00e9rentes r\u00e9actions dans notre organisme. Parmi ceux-ci, il faut faire une distinction entre les effets m\u00e9di\u00e9s par le r\u00e9cepteurs, c\u2019est-\u00e0 dire ceux qui fonctionnent sur la base du principe cl\u00e9\/trou de serrure, et les [&hellip;]\" \/>\n<meta property=\"og:url\" content=\"https:\/\/dev.chronobiology.com\/fr\/melatonine-chronobiologie\/mecanisme\/\" \/>\n<meta property=\"og:site_name\" content=\"Chronobiology.com\" \/>\n<meta property=\"article:publisher\" content=\"https:\/\/www.facebook.com\/chronobiology\" \/>\n<meta property=\"article:modified_time\" content=\"2020-06-18T15:14:52+00:00\" \/>\n<meta property=\"og:image\" content=\"https:\/\/dev.chronobiology.com\/wp-content\/uploads\/2016\/11\/melatonin-mechanism-banner.jpg\" \/>\n\t<meta property=\"og:image:width\" content=\"1921\" \/>\n\t<meta property=\"og:image:height\" content=\"479\" \/>\n\t<meta property=\"og:image:type\" content=\"image\/jpeg\" \/>\n<meta name=\"twitter:card\" content=\"summary_large_image\" \/>\n<meta name=\"twitter:site\" content=\"@chronobionews\" \/>\n<meta name=\"twitter:label1\" content=\"Dur\u00e9e de lecture estim\u00e9e\" \/>\n\t<meta name=\"twitter:data1\" content=\"5 minutes\" \/>\n<script type=\"application\/ld+json\" class=\"yoast-schema-graph\">{\"@context\":\"https:\/\/schema.org\",\"@graph\":[{\"@type\":\"WebPage\",\"@id\":\"https:\/\/dev.chronobiology.com\/fr\/melatonine-chronobiologie\/mecanisme\/\",\"url\":\"https:\/\/dev.chronobiology.com\/fr\/melatonine-chronobiologie\/mecanisme\/\",\"name\":\"M\u00e9canisme &#8211; Chronobiology.com\",\"isPartOf\":{\"@id\":\"https:\/\/dev.chronobiology.com\/fr\/#website\"},\"primaryImageOfPage\":{\"@id\":\"https:\/\/dev.chronobiology.com\/fr\/melatonine-chronobiologie\/mecanisme\/#primaryimage\"},\"image\":{\"@id\":\"https:\/\/dev.chronobiology.com\/fr\/melatonine-chronobiologie\/mecanisme\/#primaryimage\"},\"thumbnailUrl\":\"https:\/\/dev.chronobiology.com\/wp-content\/uploads\/2016\/11\/melatonin-mechanism-banner.jpg\",\"datePublished\":\"2017-01-30T22:36:38+00:00\",\"dateModified\":\"2020-06-18T15:14:52+00:00\",\"breadcrumb\":{\"@id\":\"https:\/\/dev.chronobiology.com\/fr\/melatonine-chronobiologie\/mecanisme\/#breadcrumb\"},\"inLanguage\":\"fr-FR\",\"potentialAction\":[{\"@type\":\"ReadAction\",\"target\":[\"https:\/\/dev.chronobiology.com\/fr\/melatonine-chronobiologie\/mecanisme\/\"]}]},{\"@type\":\"ImageObject\",\"inLanguage\":\"fr-FR\",\"@id\":\"https:\/\/dev.chronobiology.com\/fr\/melatonine-chronobiologie\/mecanisme\/#primaryimage\",\"url\":\"https:\/\/dev.chronobiology.com\/wp-content\/uploads\/2016\/11\/melatonin-mechanism-banner.jpg\",\"contentUrl\":\"https:\/\/dev.chronobiology.com\/wp-content\/uploads\/2016\/11\/melatonin-mechanism-banner.jpg\",\"width\":1921,\"height\":479,\"caption\":\"Mechanism 2\"},{\"@type\":\"BreadcrumbList\",\"@id\":\"https:\/\/dev.chronobiology.com\/fr\/melatonine-chronobiologie\/mecanisme\/#breadcrumb\",\"itemListElement\":[{\"@type\":\"ListItem\",\"position\":1,\"name\":\"Home\",\"item\":\"https:\/\/dev.chronobiology.com\/fr\/\"},{\"@type\":\"ListItem\",\"position\":2,\"name\":\"M\u00e9latonine &#038; Chronobiologie\",\"item\":\"https:\/\/dev.chronobiology.com\/fr\/melatonine-chronobiologie\/\"},{\"@type\":\"ListItem\",\"position\":3,\"name\":\"M\u00e9canisme\"}]},{\"@type\":\"WebSite\",\"@id\":\"https:\/\/dev.chronobiology.com\/fr\/#website\",\"url\":\"https:\/\/dev.chronobiology.com\/fr\/\",\"name\":\"Chronobiology.com\",\"description\":\"\",\"publisher\":{\"@id\":\"https:\/\/dev.chronobiology.com\/fr\/#organization\"},\"potentialAction\":[{\"@type\":\"SearchAction\",\"target\":{\"@type\":\"EntryPoint\",\"urlTemplate\":\"https:\/\/dev.chronobiology.com\/fr\/?s={search_term_string}\"},\"query-input\":{\"@type\":\"PropertyValueSpecification\",\"valueRequired\":true,\"valueName\":\"search_term_string\"}}],\"inLanguage\":\"fr-FR\"},{\"@type\":\"Organization\",\"@id\":\"https:\/\/dev.chronobiology.com\/fr\/#organization\",\"name\":\"Chronobiology\",\"url\":\"https:\/\/dev.chronobiology.com\/fr\/\",\"logo\":{\"@type\":\"ImageObject\",\"inLanguage\":\"fr-FR\",\"@id\":\"https:\/\/dev.chronobiology.com\/fr\/#\/schema\/logo\/image\/\",\"url\":\"https:\/\/www.chronobiology.com\/wp-content\/uploads\/2019\/01\/chronobiology_logo_en_r.png\",\"contentUrl\":\"https:\/\/www.chronobiology.com\/wp-content\/uploads\/2019\/01\/chronobiology_logo_en_r.png\",\"width\":375,\"height\":90,\"caption\":\"Chronobiology\"},\"image\":{\"@id\":\"https:\/\/dev.chronobiology.com\/fr\/#\/schema\/logo\/image\/\"},\"sameAs\":[\"https:\/\/www.facebook.com\/chronobiology\",\"https:\/\/x.com\/chronobionews\",\"https:\/\/www.instagram.com\/chronobiology\/\",\"https:\/\/www.pinterest.com\/chronobiology\/\"]}]}<\/script>\n<!-- \/ Yoast SEO Premium plugin. -->","yoast_head_json":{"title":"M\u00e9canisme &#8211; Chronobiology.com","robots":{"index":"index","follow":"follow","max-snippet":"max-snippet:-1","max-image-preview":"max-image-preview:large","max-video-preview":"max-video-preview:-1"},"canonical":"https:\/\/dev.chronobiology.com\/fr\/melatonine-chronobiologie\/mecanisme\/","og_locale":"fr_FR","og_type":"article","og_title":"M\u00e9canisme","og_description":"[vc_row full_width=\u00a0\u00bbstretch_row\u00a0\u00bb el_class=\u00a0\u00bbbanner-top\u00a0\u00bb css=\u00a0\u00bb.vc_custom_1480490459040{background-image: url(https:\/\/www.chronobiology.com\/wp-content\/uploads\/2016\/11\/melatonin-mechanism-banner.jpg?id=11676) !important;}\u00a0\u00bb][vc_column][vc_custom_heading source=\u00a0\u00bbpost_title\u00a0\u00bb font_container=\u00a0\u00bbtag:h1|text_align:center\u00a0\u00bb use_theme_fonts=\u00a0\u00bbyes\u00a0\u00bb][\/vc_column][\/vc_row][vc_row el_class=\u00a0\u00bbmelatoninfacts2&Prime;][vc_column width=\u00a0\u00bb3\/4&Prime;][vc_column_text] M\u00e9canisme La m\u00e9latonine a plusieurs m\u00e9canismes \u00e0 travers lesquels d\u00e9clencher diff\u00e9rentes r\u00e9actions dans notre organisme. Parmi ceux-ci, il faut faire une distinction entre les effets m\u00e9di\u00e9s par le r\u00e9cepteurs, c\u2019est-\u00e0 dire ceux qui fonctionnent sur la base du principe cl\u00e9\/trou de serrure, et les [&hellip;]","og_url":"https:\/\/dev.chronobiology.com\/fr\/melatonine-chronobiologie\/mecanisme\/","og_site_name":"Chronobiology.com","article_publisher":"https:\/\/www.facebook.com\/chronobiology","article_modified_time":"2020-06-18T15:14:52+00:00","og_image":[{"width":1921,"height":479,"url":"https:\/\/dev.chronobiology.com\/wp-content\/uploads\/2016\/11\/melatonin-mechanism-banner.jpg","type":"image\/jpeg"}],"twitter_card":"summary_large_image","twitter_site":"@chronobionews","twitter_misc":{"Dur\u00e9e de lecture estim\u00e9e":"5 minutes"},"schema":{"@context":"https:\/\/schema.org","@graph":[{"@type":"WebPage","@id":"https:\/\/dev.chronobiology.com\/fr\/melatonine-chronobiologie\/mecanisme\/","url":"https:\/\/dev.chronobiology.com\/fr\/melatonine-chronobiologie\/mecanisme\/","name":"M\u00e9canisme &#8211; Chronobiology.com","isPartOf":{"@id":"https:\/\/dev.chronobiology.com\/fr\/#website"},"primaryImageOfPage":{"@id":"https:\/\/dev.chronobiology.com\/fr\/melatonine-chronobiologie\/mecanisme\/#primaryimage"},"image":{"@id":"https:\/\/dev.chronobiology.com\/fr\/melatonine-chronobiologie\/mecanisme\/#primaryimage"},"thumbnailUrl":"https:\/\/dev.chronobiology.com\/wp-content\/uploads\/2016\/11\/melatonin-mechanism-banner.jpg","datePublished":"2017-01-30T22:36:38+00:00","dateModified":"2020-06-18T15:14:52+00:00","breadcrumb":{"@id":"https:\/\/dev.chronobiology.com\/fr\/melatonine-chronobiologie\/mecanisme\/#breadcrumb"},"inLanguage":"fr-FR","potentialAction":[{"@type":"ReadAction","target":["https:\/\/dev.chronobiology.com\/fr\/melatonine-chronobiologie\/mecanisme\/"]}]},{"@type":"ImageObject","inLanguage":"fr-FR","@id":"https:\/\/dev.chronobiology.com\/fr\/melatonine-chronobiologie\/mecanisme\/#primaryimage","url":"https:\/\/dev.chronobiology.com\/wp-content\/uploads\/2016\/11\/melatonin-mechanism-banner.jpg","contentUrl":"https:\/\/dev.chronobiology.com\/wp-content\/uploads\/2016\/11\/melatonin-mechanism-banner.jpg","width":1921,"height":479,"caption":"Mechanism 2"},{"@type":"BreadcrumbList","@id":"https:\/\/dev.chronobiology.com\/fr\/melatonine-chronobiologie\/mecanisme\/#breadcrumb","itemListElement":[{"@type":"ListItem","position":1,"name":"Home","item":"https:\/\/dev.chronobiology.com\/fr\/"},{"@type":"ListItem","position":2,"name":"M\u00e9latonine &#038; Chronobiologie","item":"https:\/\/dev.chronobiology.com\/fr\/melatonine-chronobiologie\/"},{"@type":"ListItem","position":3,"name":"M\u00e9canisme"}]},{"@type":"WebSite","@id":"https:\/\/dev.chronobiology.com\/fr\/#website","url":"https:\/\/dev.chronobiology.com\/fr\/","name":"Chronobiology.com","description":"","publisher":{"@id":"https:\/\/dev.chronobiology.com\/fr\/#organization"},"potentialAction":[{"@type":"SearchAction","target":{"@type":"EntryPoint","urlTemplate":"https:\/\/dev.chronobiology.com\/fr\/?s={search_term_string}"},"query-input":{"@type":"PropertyValueSpecification","valueRequired":true,"valueName":"search_term_string"}}],"inLanguage":"fr-FR"},{"@type":"Organization","@id":"https:\/\/dev.chronobiology.com\/fr\/#organization","name":"Chronobiology","url":"https:\/\/dev.chronobiology.com\/fr\/","logo":{"@type":"ImageObject","inLanguage":"fr-FR","@id":"https:\/\/dev.chronobiology.com\/fr\/#\/schema\/logo\/image\/","url":"https:\/\/www.chronobiology.com\/wp-content\/uploads\/2019\/01\/chronobiology_logo_en_r.png","contentUrl":"https:\/\/www.chronobiology.com\/wp-content\/uploads\/2019\/01\/chronobiology_logo_en_r.png","width":375,"height":90,"caption":"Chronobiology"},"image":{"@id":"https:\/\/dev.chronobiology.com\/fr\/#\/schema\/logo\/image\/"},"sameAs":["https:\/\/www.facebook.com\/chronobiology","https:\/\/x.com\/chronobionews","https:\/\/www.instagram.com\/chronobiology\/","https:\/\/www.pinterest.com\/chronobiology\/"]}]}},"_links":{"self":[{"href":"https:\/\/dev.chronobiology.com\/fr\/wp-json\/wp\/v2\/pages\/18950"}],"collection":[{"href":"https:\/\/dev.chronobiology.com\/fr\/wp-json\/wp\/v2\/pages"}],"about":[{"href":"https:\/\/dev.chronobiology.com\/fr\/wp-json\/wp\/v2\/types\/page"}],"author":[{"embeddable":true,"href":"https:\/\/dev.chronobiology.com\/fr\/wp-json\/wp\/v2\/users\/15"}],"replies":[{"embeddable":true,"href":"https:\/\/dev.chronobiology.com\/fr\/wp-json\/wp\/v2\/comments?post=18950"}],"version-history":[{"count":1,"href":"https:\/\/dev.chronobiology.com\/fr\/wp-json\/wp\/v2\/pages\/18950\/revisions"}],"predecessor-version":[{"id":33056,"href":"https:\/\/dev.chronobiology.com\/fr\/wp-json\/wp\/v2\/pages\/18950\/revisions\/33056"}],"up":[{"embeddable":true,"href":"https:\/\/dev.chronobiology.com\/fr\/wp-json\/wp\/v2\/pages\/18944"}],"wp:featuredmedia":[{"embeddable":true,"href":"https:\/\/dev.chronobiology.com\/fr\/wp-json\/wp\/v2\/media\/11676"}],"wp:attachment":[{"href":"https:\/\/dev.chronobiology.com\/fr\/wp-json\/wp\/v2\/media?parent=18950"}],"wp:term":[{"taxonomy":"category","embeddable":true,"href":"https:\/\/dev.chronobiology.com\/fr\/wp-json\/wp\/v2\/categories?post=18950"}],"curies":[{"name":"wp","href":"https:\/\/api.w.org\/{rel}","templated":true}]}}