{"id":18949,"date":"2017-01-30T14:36:38","date_gmt":"2017-01-30T22:36:38","guid":{"rendered":"https:\/\/www.chronobiology.com\/histoire\/"},"modified":"2020-06-18T07:53:51","modified_gmt":"2020-06-18T14:53:51","slug":"histoire","status":"publish","type":"page","link":"https:\/\/dev.chronobiology.com\/fr\/melatonine-chronobiologie\/histoire\/","title":{"rendered":"Histoire"},"content":{"rendered":"<div class=\"wpb-content-wrapper\"><p>[vc_row full_width=\u00a0\u00bbstretch_row\u00a0\u00bb el_class=\u00a0\u00bbbanner-top\u00a0\u00bb css=\u00a0\u00bb.vc_custom_1479388656340{background-image: url(https:\/\/www.chronobiology.com\/wp-content\/uploads\/2016\/11\/melatonin-banner.jpg?id=11663) !important;}\u00a0\u00bb][vc_column][vc_custom_heading source=\u00a0\u00bbpost_title\u00a0\u00bb font_container=\u00a0\u00bbtag:h1|text_align:center\u00a0\u00bb use_theme_fonts=\u00a0\u00bbyes\u00a0\u00bb][\/vc_column][\/vc_row][vc_row el_class=\u00a0\u00bbmelatoninfacts2&Prime;][vc_column width=\u00a0\u00bb3\/4&Prime;][vc_column_text]<\/p>\n<h2 style=\"text-align: center;\">Historie<\/h2>\n<p>La m\u00e9latonine est une hormone secr\u00e9t\u00e9e par la glande pin\u00e9ale (glandula pinealis), un organe d\u00e9j\u00e0 mentionn\u00e9 par Galien de Pergame et autres \u00e9minences grecques au IIe si\u00e8cle. Au XVIe si\u00e8cle, le philosophe et scientifique fran\u00e7ais Descartes, d\u00e9signa la glande pin\u00e9ale comme le si\u00e8ge de notre \u00e2me.<\/p>\n<p>La m\u00e9latonine ne fut quant \u00e0 elle d\u00e9couverte qu\u2019en 1958 par le dermatologue Aaron Lerner pour faire ensuite l\u2019objet d\u2019\u00e9tudes intensives dans les ann\u00e9es 80. Lerner r\u00e9ussit \u00e0 isoler un composant dans une glande pin\u00e9ale bovine qui eut un effet blanchissant incroyable sur la peau des amphibiens, auquel il donna le nom de m\u00e9latonine. Ce fut \u00e9galement Lerner qui commen\u00e7a \u00e0 \u00e9tudier les effets de l\u2019hormone sur le sommeil. Apr\u00e8s une auto-exp\u00e9rimentation avec 100 mg de m\u00e9latonine, Lerner ne nota aucun effet secondaire autre que la somnolence. Dans les ann\u00e9es 60, on pensait que l\u2019alternance lumi\u00e8re\/obscurit\u00e9 \u00e9tait importante pour les mammif\u00e8res mais non pour les humains. Il faut attendre 1981 et la d\u00e9couverte d\u2019Alfred Lewy pour se rendre compte que la lumi\u00e8re forte pendant la nuit alt\u00e8re le niveau de m\u00e9latonine endog\u00e8ne chez les hommes. Cette d\u00e9couverte fut capitale pour la chronobiologie et la recherche sur la m\u00e9latonine. Au d\u00e9but des ann\u00e9es 90, une attention de plus en plus forte fut accord\u00e9e \u00e0 cette hormone avec un certain nombre d\u2019\u00e9tudes d\u00e9montrant les effets de la m\u00e9latonine sur diff\u00e9rents processus physiologiques comme la modulation immunitaire, la r\u00e9duction de la croissance des cellules tumorales, les radicaux libres et l\u2019influence sur les processus m\u00e9taboliques d\u00e9pendant du calcium. Il existe donc un certain nombre d\u2019autres recherches sur la m\u00e9latonine et ses multiples impacts sur la sant\u00e9 humaine.[\/vc_column_text][\/vc_column][vc_column width=\u00a0\u00bb1\/4&Prime;][vc_column_text]<div class=\"content_block\" id=\"custom_post_widget-32992\"><p><a href=\"https:\/\/melatoninfacts.org\/\" target=\"_blank\" rel=\"noopener noreferrer\"><img decoding=\"async\" class=\"alignnone wp-image-33106 size-full\" title=\"MelatoninFACTS \u2013 \u00c9tudes m\u00e9dicales sur la m\u00e9latonine\" src=\"https:\/\/www.chronobiology.com\/wp-content\/uploads\/2020\/06\/MelatoninFacts-Banner-FR-v2.jpg\" alt=\"MelatoninFACTS \u2013 \u00c9tudes m\u00e9dicales sur la m\u00e9latonine\" width=\"501\" height=\"751\" srcset=\"https:\/\/dev.chronobiology.com\/wp-content\/uploads\/2020\/06\/MelatoninFacts-Banner-FR-v2.jpg 501w, https:\/\/dev.chronobiology.com\/wp-content\/uploads\/2020\/06\/MelatoninFacts-Banner-FR-v2-200x300.jpg 200w\" sizes=\"(max-width: 501px) 100vw, 501px\" \/><\/a><\/p>\n<\/div>[\/vc_column_text][\/vc_column][\/vc_row]<\/p>\n<\/div>","protected":false},"excerpt":{"rendered":"<p>[vc_row full_width=\u00a0\u00bbstretch_row\u00a0\u00bb el_class=\u00a0\u00bbbanner-top\u00a0\u00bb css=\u00a0\u00bb.vc_custom_1479388656340{background-image: url(https:\/\/www.chronobiology.com\/wp-content\/uploads\/2016\/11\/melatonin-banner.jpg?id=11663) !important;}\u00a0\u00bb][vc_column][vc_custom_heading source=\u00a0\u00bbpost_title\u00a0\u00bb font_container=\u00a0\u00bbtag:h1|text_align:center\u00a0\u00bb use_theme_fonts=\u00a0\u00bbyes\u00a0\u00bb][\/vc_column][\/vc_row][vc_row el_class=\u00a0\u00bbmelatoninfacts2&Prime;][vc_column width=\u00a0\u00bb3\/4&Prime;][vc_column_text] Historie La m\u00e9latonine est une hormone secr\u00e9t\u00e9e par la glande pin\u00e9ale (glandula pinealis), un organe d\u00e9j\u00e0 mentionn\u00e9 par Galien de Pergame et autres \u00e9minences grecques au IIe si\u00e8cle. Au XVIe si\u00e8cle, le philosophe et scientifique fran\u00e7ais Descartes, d\u00e9signa la glande pin\u00e9ale comme le si\u00e8ge [&hellip;]<\/p>\n","protected":false},"author":15,"featured_media":11663,"parent":18944,"menu_order":0,"comment_status":"closed","ping_status":"closed","template":"","meta":{"_acf_changed":false,"_genesis_hide_title":false,"_genesis_hide_breadcrumbs":false,"_genesis_hide_singular_image":false,"_genesis_hide_footer_widgets":false,"_genesis_custom_body_class":"","_genesis_custom_post_class":"","_genesis_layout":"full-width-content","footnotes":""},"categories":[],"class_list":{"0":"post-18949","1":"page","2":"type-page","3":"status-publish","4":"has-post-thumbnail","6":"entry"},"acf":[],"yoast_head":"<!-- This site is optimized with the Yoast SEO Premium plugin v23.4 (Yoast SEO v23.4) - https:\/\/yoast.com\/wordpress\/plugins\/seo\/ -->\n<title>Histoire &#8211; Chronobiology.com<\/title>\n<meta name=\"robots\" content=\"index, follow, max-snippet:-1, max-image-preview:large, max-video-preview:-1\" \/>\n<link rel=\"canonical\" href=\"https:\/\/dev.chronobiology.com\/fr\/melatonine-chronobiologie\/histoire\/\" \/>\n<meta property=\"og:locale\" content=\"fr_FR\" \/>\n<meta property=\"og:type\" content=\"article\" \/>\n<meta property=\"og:title\" content=\"Histoire\" \/>\n<meta property=\"og:description\" content=\"[vc_row full_width=\u00a0\u00bbstretch_row\u00a0\u00bb el_class=\u00a0\u00bbbanner-top\u00a0\u00bb css=\u00a0\u00bb.vc_custom_1479388656340{background-image: url(https:\/\/www.chronobiology.com\/wp-content\/uploads\/2016\/11\/melatonin-banner.jpg?id=11663) !important;}\u00a0\u00bb][vc_column][vc_custom_heading source=\u00a0\u00bbpost_title\u00a0\u00bb font_container=\u00a0\u00bbtag:h1|text_align:center\u00a0\u00bb use_theme_fonts=\u00a0\u00bbyes\u00a0\u00bb][\/vc_column][\/vc_row][vc_row el_class=\u00a0\u00bbmelatoninfacts2&Prime;][vc_column width=\u00a0\u00bb3\/4&Prime;][vc_column_text] Historie La m\u00e9latonine est une hormone secr\u00e9t\u00e9e par la glande pin\u00e9ale (glandula pinealis), un organe d\u00e9j\u00e0 mentionn\u00e9 par Galien de Pergame et autres \u00e9minences grecques au IIe si\u00e8cle. Au XVIe si\u00e8cle, le philosophe et scientifique fran\u00e7ais Descartes, d\u00e9signa la glande pin\u00e9ale comme le si\u00e8ge [&hellip;]\" \/>\n<meta property=\"og:url\" content=\"https:\/\/dev.chronobiology.com\/fr\/melatonine-chronobiologie\/histoire\/\" \/>\n<meta property=\"og:site_name\" content=\"Chronobiology.com\" \/>\n<meta property=\"article:publisher\" content=\"https:\/\/www.facebook.com\/chronobiology\" \/>\n<meta property=\"article:modified_time\" content=\"2020-06-18T14:53:51+00:00\" \/>\n<meta property=\"og:image\" content=\"https:\/\/dev.chronobiology.com\/wp-content\/uploads\/2016\/11\/melatonin-banner.jpg\" \/>\n\t<meta property=\"og:image:width\" content=\"1913\" \/>\n\t<meta property=\"og:image:height\" content=\"478\" \/>\n\t<meta property=\"og:image:type\" content=\"image\/jpeg\" \/>\n<meta name=\"twitter:card\" content=\"summary_large_image\" \/>\n<meta name=\"twitter:site\" content=\"@chronobionews\" \/>\n<meta name=\"twitter:label1\" content=\"Dur\u00e9e de lecture estim\u00e9e\" \/>\n\t<meta name=\"twitter:data1\" content=\"2 minutes\" \/>\n<script type=\"application\/ld+json\" class=\"yoast-schema-graph\">{\"@context\":\"https:\/\/schema.org\",\"@graph\":[{\"@type\":\"WebPage\",\"@id\":\"https:\/\/dev.chronobiology.com\/fr\/melatonine-chronobiologie\/histoire\/\",\"url\":\"https:\/\/dev.chronobiology.com\/fr\/melatonine-chronobiologie\/histoire\/\",\"name\":\"Histoire &#8211; Chronobiology.com\",\"isPartOf\":{\"@id\":\"https:\/\/dev.chronobiology.com\/fr\/#website\"},\"primaryImageOfPage\":{\"@id\":\"https:\/\/dev.chronobiology.com\/fr\/melatonine-chronobiologie\/histoire\/#primaryimage\"},\"image\":{\"@id\":\"https:\/\/dev.chronobiology.com\/fr\/melatonine-chronobiologie\/histoire\/#primaryimage\"},\"thumbnailUrl\":\"https:\/\/dev.chronobiology.com\/wp-content\/uploads\/2016\/11\/melatonin-banner.jpg\",\"datePublished\":\"2017-01-30T22:36:38+00:00\",\"dateModified\":\"2020-06-18T14:53:51+00:00\",\"breadcrumb\":{\"@id\":\"https:\/\/dev.chronobiology.com\/fr\/melatonine-chronobiologie\/histoire\/#breadcrumb\"},\"inLanguage\":\"fr-FR\",\"potentialAction\":[{\"@type\":\"ReadAction\",\"target\":[\"https:\/\/dev.chronobiology.com\/fr\/melatonine-chronobiologie\/histoire\/\"]}]},{\"@type\":\"ImageObject\",\"inLanguage\":\"fr-FR\",\"@id\":\"https:\/\/dev.chronobiology.com\/fr\/melatonine-chronobiologie\/histoire\/#primaryimage\",\"url\":\"https:\/\/dev.chronobiology.com\/wp-content\/uploads\/2016\/11\/melatonin-banner.jpg\",\"contentUrl\":\"https:\/\/dev.chronobiology.com\/wp-content\/uploads\/2016\/11\/melatonin-banner.jpg\",\"width\":1913,\"height\":478,\"caption\":\"Histoire\"},{\"@type\":\"BreadcrumbList\",\"@id\":\"https:\/\/dev.chronobiology.com\/fr\/melatonine-chronobiologie\/histoire\/#breadcrumb\",\"itemListElement\":[{\"@type\":\"ListItem\",\"position\":1,\"name\":\"Home\",\"item\":\"https:\/\/dev.chronobiology.com\/fr\/\"},{\"@type\":\"ListItem\",\"position\":2,\"name\":\"M\u00e9latonine &#038; Chronobiologie\",\"item\":\"https:\/\/dev.chronobiology.com\/fr\/melatonine-chronobiologie\/\"},{\"@type\":\"ListItem\",\"position\":3,\"name\":\"Histoire\"}]},{\"@type\":\"WebSite\",\"@id\":\"https:\/\/dev.chronobiology.com\/fr\/#website\",\"url\":\"https:\/\/dev.chronobiology.com\/fr\/\",\"name\":\"Chronobiology.com\",\"description\":\"\",\"publisher\":{\"@id\":\"https:\/\/dev.chronobiology.com\/fr\/#organization\"},\"potentialAction\":[{\"@type\":\"SearchAction\",\"target\":{\"@type\":\"EntryPoint\",\"urlTemplate\":\"https:\/\/dev.chronobiology.com\/fr\/?s={search_term_string}\"},\"query-input\":{\"@type\":\"PropertyValueSpecification\",\"valueRequired\":true,\"valueName\":\"search_term_string\"}}],\"inLanguage\":\"fr-FR\"},{\"@type\":\"Organization\",\"@id\":\"https:\/\/dev.chronobiology.com\/fr\/#organization\",\"name\":\"Chronobiology\",\"url\":\"https:\/\/dev.chronobiology.com\/fr\/\",\"logo\":{\"@type\":\"ImageObject\",\"inLanguage\":\"fr-FR\",\"@id\":\"https:\/\/dev.chronobiology.com\/fr\/#\/schema\/logo\/image\/\",\"url\":\"https:\/\/www.chronobiology.com\/wp-content\/uploads\/2019\/01\/chronobiology_logo_en_r.png\",\"contentUrl\":\"https:\/\/www.chronobiology.com\/wp-content\/uploads\/2019\/01\/chronobiology_logo_en_r.png\",\"width\":375,\"height\":90,\"caption\":\"Chronobiology\"},\"image\":{\"@id\":\"https:\/\/dev.chronobiology.com\/fr\/#\/schema\/logo\/image\/\"},\"sameAs\":[\"https:\/\/www.facebook.com\/chronobiology\",\"https:\/\/x.com\/chronobionews\",\"https:\/\/www.instagram.com\/chronobiology\/\",\"https:\/\/www.pinterest.com\/chronobiology\/\"]}]}<\/script>\n<!-- \/ Yoast SEO Premium plugin. -->","yoast_head_json":{"title":"Histoire &#8211; Chronobiology.com","robots":{"index":"index","follow":"follow","max-snippet":"max-snippet:-1","max-image-preview":"max-image-preview:large","max-video-preview":"max-video-preview:-1"},"canonical":"https:\/\/dev.chronobiology.com\/fr\/melatonine-chronobiologie\/histoire\/","og_locale":"fr_FR","og_type":"article","og_title":"Histoire","og_description":"[vc_row full_width=\u00a0\u00bbstretch_row\u00a0\u00bb el_class=\u00a0\u00bbbanner-top\u00a0\u00bb css=\u00a0\u00bb.vc_custom_1479388656340{background-image: url(https:\/\/www.chronobiology.com\/wp-content\/uploads\/2016\/11\/melatonin-banner.jpg?id=11663) !important;}\u00a0\u00bb][vc_column][vc_custom_heading source=\u00a0\u00bbpost_title\u00a0\u00bb font_container=\u00a0\u00bbtag:h1|text_align:center\u00a0\u00bb use_theme_fonts=\u00a0\u00bbyes\u00a0\u00bb][\/vc_column][\/vc_row][vc_row el_class=\u00a0\u00bbmelatoninfacts2&Prime;][vc_column width=\u00a0\u00bb3\/4&Prime;][vc_column_text] Historie La m\u00e9latonine est une hormone secr\u00e9t\u00e9e par la glande pin\u00e9ale (glandula pinealis), un organe d\u00e9j\u00e0 mentionn\u00e9 par Galien de Pergame et autres \u00e9minences grecques au IIe si\u00e8cle. Au XVIe si\u00e8cle, le philosophe et scientifique fran\u00e7ais Descartes, d\u00e9signa la glande pin\u00e9ale comme le si\u00e8ge [&hellip;]","og_url":"https:\/\/dev.chronobiology.com\/fr\/melatonine-chronobiologie\/histoire\/","og_site_name":"Chronobiology.com","article_publisher":"https:\/\/www.facebook.com\/chronobiology","article_modified_time":"2020-06-18T14:53:51+00:00","og_image":[{"width":1913,"height":478,"url":"https:\/\/dev.chronobiology.com\/wp-content\/uploads\/2016\/11\/melatonin-banner.jpg","type":"image\/jpeg"}],"twitter_card":"summary_large_image","twitter_site":"@chronobionews","twitter_misc":{"Dur\u00e9e de lecture estim\u00e9e":"2 minutes"},"schema":{"@context":"https:\/\/schema.org","@graph":[{"@type":"WebPage","@id":"https:\/\/dev.chronobiology.com\/fr\/melatonine-chronobiologie\/histoire\/","url":"https:\/\/dev.chronobiology.com\/fr\/melatonine-chronobiologie\/histoire\/","name":"Histoire &#8211; Chronobiology.com","isPartOf":{"@id":"https:\/\/dev.chronobiology.com\/fr\/#website"},"primaryImageOfPage":{"@id":"https:\/\/dev.chronobiology.com\/fr\/melatonine-chronobiologie\/histoire\/#primaryimage"},"image":{"@id":"https:\/\/dev.chronobiology.com\/fr\/melatonine-chronobiologie\/histoire\/#primaryimage"},"thumbnailUrl":"https:\/\/dev.chronobiology.com\/wp-content\/uploads\/2016\/11\/melatonin-banner.jpg","datePublished":"2017-01-30T22:36:38+00:00","dateModified":"2020-06-18T14:53:51+00:00","breadcrumb":{"@id":"https:\/\/dev.chronobiology.com\/fr\/melatonine-chronobiologie\/histoire\/#breadcrumb"},"inLanguage":"fr-FR","potentialAction":[{"@type":"ReadAction","target":["https:\/\/dev.chronobiology.com\/fr\/melatonine-chronobiologie\/histoire\/"]}]},{"@type":"ImageObject","inLanguage":"fr-FR","@id":"https:\/\/dev.chronobiology.com\/fr\/melatonine-chronobiologie\/histoire\/#primaryimage","url":"https:\/\/dev.chronobiology.com\/wp-content\/uploads\/2016\/11\/melatonin-banner.jpg","contentUrl":"https:\/\/dev.chronobiology.com\/wp-content\/uploads\/2016\/11\/melatonin-banner.jpg","width":1913,"height":478,"caption":"Histoire"},{"@type":"BreadcrumbList","@id":"https:\/\/dev.chronobiology.com\/fr\/melatonine-chronobiologie\/histoire\/#breadcrumb","itemListElement":[{"@type":"ListItem","position":1,"name":"Home","item":"https:\/\/dev.chronobiology.com\/fr\/"},{"@type":"ListItem","position":2,"name":"M\u00e9latonine &#038; Chronobiologie","item":"https:\/\/dev.chronobiology.com\/fr\/melatonine-chronobiologie\/"},{"@type":"ListItem","position":3,"name":"Histoire"}]},{"@type":"WebSite","@id":"https:\/\/dev.chronobiology.com\/fr\/#website","url":"https:\/\/dev.chronobiology.com\/fr\/","name":"Chronobiology.com","description":"","publisher":{"@id":"https:\/\/dev.chronobiology.com\/fr\/#organization"},"potentialAction":[{"@type":"SearchAction","target":{"@type":"EntryPoint","urlTemplate":"https:\/\/dev.chronobiology.com\/fr\/?s={search_term_string}"},"query-input":{"@type":"PropertyValueSpecification","valueRequired":true,"valueName":"search_term_string"}}],"inLanguage":"fr-FR"},{"@type":"Organization","@id":"https:\/\/dev.chronobiology.com\/fr\/#organization","name":"Chronobiology","url":"https:\/\/dev.chronobiology.com\/fr\/","logo":{"@type":"ImageObject","inLanguage":"fr-FR","@id":"https:\/\/dev.chronobiology.com\/fr\/#\/schema\/logo\/image\/","url":"https:\/\/www.chronobiology.com\/wp-content\/uploads\/2019\/01\/chronobiology_logo_en_r.png","contentUrl":"https:\/\/www.chronobiology.com\/wp-content\/uploads\/2019\/01\/chronobiology_logo_en_r.png","width":375,"height":90,"caption":"Chronobiology"},"image":{"@id":"https:\/\/dev.chronobiology.com\/fr\/#\/schema\/logo\/image\/"},"sameAs":["https:\/\/www.facebook.com\/chronobiology","https:\/\/x.com\/chronobionews","https:\/\/www.instagram.com\/chronobiology\/","https:\/\/www.pinterest.com\/chronobiology\/"]}]}},"_links":{"self":[{"href":"https:\/\/dev.chronobiology.com\/fr\/wp-json\/wp\/v2\/pages\/18949"}],"collection":[{"href":"https:\/\/dev.chronobiology.com\/fr\/wp-json\/wp\/v2\/pages"}],"about":[{"href":"https:\/\/dev.chronobiology.com\/fr\/wp-json\/wp\/v2\/types\/page"}],"author":[{"embeddable":true,"href":"https:\/\/dev.chronobiology.com\/fr\/wp-json\/wp\/v2\/users\/15"}],"replies":[{"embeddable":true,"href":"https:\/\/dev.chronobiology.com\/fr\/wp-json\/wp\/v2\/comments?post=18949"}],"version-history":[{"count":2,"href":"https:\/\/dev.chronobiology.com\/fr\/wp-json\/wp\/v2\/pages\/18949\/revisions"}],"predecessor-version":[{"id":33046,"href":"https:\/\/dev.chronobiology.com\/fr\/wp-json\/wp\/v2\/pages\/18949\/revisions\/33046"}],"up":[{"embeddable":true,"href":"https:\/\/dev.chronobiology.com\/fr\/wp-json\/wp\/v2\/pages\/18944"}],"wp:featuredmedia":[{"embeddable":true,"href":"https:\/\/dev.chronobiology.com\/fr\/wp-json\/wp\/v2\/media\/11663"}],"wp:attachment":[{"href":"https:\/\/dev.chronobiology.com\/fr\/wp-json\/wp\/v2\/media?parent=18949"}],"wp:term":[{"taxonomy":"category","embeddable":true,"href":"https:\/\/dev.chronobiology.com\/fr\/wp-json\/wp\/v2\/categories?post=18949"}],"curies":[{"name":"wp","href":"https:\/\/api.w.org\/{rel}","templated":true}]}}