{"id":18947,"date":"2017-01-30T14:36:38","date_gmt":"2017-01-30T22:36:38","guid":{"rendered":"https:\/\/www.chronobiology.com\/fonctions\/"},"modified":"2020-06-18T08:07:28","modified_gmt":"2020-06-18T15:07:28","slug":"fonctions","status":"publish","type":"page","link":"https:\/\/dev.chronobiology.com\/fr\/melatonine-chronobiologie\/fonctions\/","title":{"rendered":"Fonctions"},"content":{"rendered":"<div class=\"wpb-content-wrapper\"><p>[vc_row full_width=\u00a0\u00bbstretch_row\u00a0\u00bb el_class=\u00a0\u00bbbanner-top\u00a0\u00bb css=\u00a0\u00bb.vc_custom_1479389167421{background-image: url(https:\/\/www.chronobiology.com\/wp-content\/uploads\/2016\/11\/melatonin-tasks-banner.jpg?id=11670) !important;}\u00a0\u00bb][vc_column][vc_custom_heading source=\u00a0\u00bbpost_title\u00a0\u00bb font_container=\u00a0\u00bbtag:h1|text_align:center\u00a0\u00bb use_theme_fonts=\u00a0\u00bbyes\u00a0\u00bb][\/vc_column][\/vc_row][vc_row el_class=\u00a0\u00bbmelatoninfacts2&Prime;][vc_column width=\u00a0\u00bb3\/4&Prime;][vc_column_text]<\/p>\n<h2 style=\"text-align: center;\">Fonctions<\/h2>\n<p>La m\u00e9latonine, connue \u00e9galement comme \u00ab l\u2019hormone m\u00e8re de la chronobiologie \u00bb est une hormone originairement secr\u00e9t\u00e9e par la glande pin\u00e9ale, pr\u00e9sente chez les humains, les animaux, les plantes et m\u00eame sur d\u2019anciennes algues phylog\u00e9n\u00e9tiquement unicellulaires \u00e2g\u00e9es de plus de trois milliards d\u2019ann\u00e9es. La m\u00e9latonine contr\u00f4le l\u2019horloge biologique humaine comme une hormone naturelle. Elle est \u00e9galement connue comme l\u2019hormone de l\u2019obscurit\u00e9 car elle fournit \u00e0 notre organisme les informations sur le moment et la dur\u00e9e de la nuit comme un signal hormonal. Pendant la journ\u00e9e, la m\u00e9latonine n\u2019est pratiquement pas secr\u00e9t\u00e9e. La production de m\u00e9latonine se fait sur indication du noyau suprachiasmatique de l\u2019hypothalamus qui r\u00e9gule de fa\u00e7on significative le rythme circadien. Lorsque la r\u00e9tine de l&rsquo;\u0153il ne per\u00e7oit plus assez de lumi\u00e8re, l\u2019information est transmise au noyau suprachiasmatique ce qui induit la glande pin\u00e9ale \u00e0 secr\u00e9ter la m\u00e9latonine. De cette fa\u00e7on, l\u2019hormone est lib\u00e9r\u00e9e dans le sang selon un rythme pr\u00e9d\u00e9fini, surtout de nuit, de fa\u00e7on cyclique et informe l\u2019ensemble de l\u2019organisme de la phase circadienne en cours. Lorsque la r\u00e9tine per\u00e7oit les premi\u00e8res lueurs du jour, la production de m\u00e9latonine est interrompue tandis que la production d\u2019autres hormones commence, ce qui est n\u00e9cessaire pour rester \u00e9veill\u00e9s. Ce cycle permet de cr\u00e9er un rythme circadien ou un cycle veille\/sommeil de 24 heures.<\/p>\n<p>En raison des diff\u00e9rentes conditions lumineuses au fil des saisons, un rythme annuel est cr\u00e9\u00e9 \u00e0 c\u00f4t\u00e9 du rythme circadien (quotidien). En hiver, la m\u00e9latonine est secr\u00e9t\u00e9e et lib\u00e9r\u00e9e dans le sang plus longuement qu\u2019en \u00e9t\u00e9.<\/p>\n<p>La p\u00e9riode de demi-vie de la m\u00e9latonine \u00e9tant tr\u00e8s br\u00e8ve, environ 30 minutes, il est n\u00e9cessaire qu\u2019elle soit constamment secr\u00e9t\u00e9e pendant la nuit de fa\u00e7on \u00e0 garantir, entre autres, un sommeil r\u00e9parateur. Chez les personnes ayant un rythme circadien sain, les niveaux de m\u00e9latonine augmentent rapidement une fois l\u2019obscurit\u00e9 tomb\u00e9e et restent constants pendant toute la nuit jusqu\u2019aux premi\u00e8res lueurs de l\u2019aube. Ce niveau \u00e9lev\u00e9 n\u2019est pas uniquement utile pour nous endormir, mais \u00e9galement pour pouvoir profiter d\u2019un sommeil long, profond et r\u00e9parateur. Au petit matin, le niveau de m\u00e9latonine diminue brusquement de fa\u00e7on \u00e0 permettre \u00e0 notre organisme de r\u00e9agir aux conditions lumineuses de plus en plus fortes et pouvoir nous r\u00e9veiller.<\/p>\n<p>Non seulement l\u2019homme moderne est la seule cr\u00e9ature vivante \u00e0 ne pas respecter son rythme naturel et \u00e0 confondre le jour et la nuit, mais il est \u00e9galement vrai que plus nous vieillissons, plus la production de m\u00e9latonine la nuit diminue, impliquant ainsi un signal plus court envoy\u00e9 \u00e0 tout notre organisme. Ce signal n\u2019est souvent activ\u00e9 que bien apr\u00e8s minuit. N\u00e9anmoins, aux premi\u00e8res lueurs de l\u2019aube, la s\u00e9cr\u00e9tion de l\u2019hormone s\u2019arr\u00eate \u00e0 temps. Il en r\u00e9sulte que chez les personnes \u00e2g\u00e9es, la lib\u00e9ration de l\u2019hormone du sommeil se fait sur une dur\u00e9e plus r\u00e9duite, la m\u00e9latonine devenant ainsi de moins en moins disponible.[\/vc_column_text][\/vc_column][vc_column width=\u00a0\u00bb1\/4&Prime;][vc_column_text]<div class=\"content_block\" id=\"custom_post_widget-32992\"><p><a href=\"https:\/\/melatoninfacts.org\/\" target=\"_blank\" rel=\"noopener noreferrer\"><img decoding=\"async\" class=\"alignnone wp-image-33106 size-full\" title=\"MelatoninFACTS \u2013 \u00c9tudes m\u00e9dicales sur la m\u00e9latonine\" src=\"https:\/\/www.chronobiology.com\/wp-content\/uploads\/2020\/06\/MelatoninFacts-Banner-FR-v2.jpg\" alt=\"MelatoninFACTS \u2013 \u00c9tudes m\u00e9dicales sur la m\u00e9latonine\" width=\"501\" height=\"751\" srcset=\"https:\/\/dev.chronobiology.com\/wp-content\/uploads\/2020\/06\/MelatoninFacts-Banner-FR-v2.jpg 501w, https:\/\/dev.chronobiology.com\/wp-content\/uploads\/2020\/06\/MelatoninFacts-Banner-FR-v2-200x300.jpg 200w\" sizes=\"(max-width: 501px) 100vw, 501px\" \/><\/a><\/p>\n<\/div>[\/vc_column_text][\/vc_column][\/vc_row]<\/p>\n<\/div>","protected":false},"excerpt":{"rendered":"<p>[vc_row full_width=\u00a0\u00bbstretch_row\u00a0\u00bb el_class=\u00a0\u00bbbanner-top\u00a0\u00bb css=\u00a0\u00bb.vc_custom_1479389167421{background-image: url(https:\/\/www.chronobiology.com\/wp-content\/uploads\/2016\/11\/melatonin-tasks-banner.jpg?id=11670) !important;}\u00a0\u00bb][vc_column][vc_custom_heading source=\u00a0\u00bbpost_title\u00a0\u00bb font_container=\u00a0\u00bbtag:h1|text_align:center\u00a0\u00bb use_theme_fonts=\u00a0\u00bbyes\u00a0\u00bb][\/vc_column][\/vc_row][vc_row el_class=\u00a0\u00bbmelatoninfacts2&Prime;][vc_column width=\u00a0\u00bb3\/4&Prime;][vc_column_text] Fonctions La m\u00e9latonine, connue \u00e9galement comme \u00ab l\u2019hormone m\u00e8re de la chronobiologie \u00bb est une hormone originairement secr\u00e9t\u00e9e par la glande pin\u00e9ale, pr\u00e9sente chez les humains, les animaux, les plantes et m\u00eame sur d\u2019anciennes algues phylog\u00e9n\u00e9tiquement unicellulaires \u00e2g\u00e9es de plus de trois milliards d\u2019ann\u00e9es. [&hellip;]<\/p>\n","protected":false},"author":15,"featured_media":11670,"parent":18944,"menu_order":0,"comment_status":"closed","ping_status":"closed","template":"","meta":{"_acf_changed":false,"_genesis_hide_title":false,"_genesis_hide_breadcrumbs":false,"_genesis_hide_singular_image":false,"_genesis_hide_footer_widgets":false,"_genesis_custom_body_class":"","_genesis_custom_post_class":"","_genesis_layout":"full-width-content","footnotes":""},"categories":[],"class_list":{"0":"post-18947","1":"page","2":"type-page","3":"status-publish","4":"has-post-thumbnail","6":"entry"},"acf":[],"yoast_head":"<!-- This site is optimized with the Yoast SEO Premium plugin v23.4 (Yoast SEO v23.4) - https:\/\/yoast.com\/wordpress\/plugins\/seo\/ -->\n<title>Fonctions &#8211; Chronobiology.com<\/title>\n<meta name=\"robots\" content=\"index, follow, max-snippet:-1, max-image-preview:large, max-video-preview:-1\" \/>\n<link rel=\"canonical\" href=\"https:\/\/dev.chronobiology.com\/fr\/melatonine-chronobiologie\/fonctions\/\" \/>\n<meta property=\"og:locale\" content=\"fr_FR\" \/>\n<meta property=\"og:type\" content=\"article\" \/>\n<meta property=\"og:title\" content=\"Fonctions\" \/>\n<meta property=\"og:description\" content=\"[vc_row full_width=\u00a0\u00bbstretch_row\u00a0\u00bb el_class=\u00a0\u00bbbanner-top\u00a0\u00bb css=\u00a0\u00bb.vc_custom_1479389167421{background-image: url(https:\/\/www.chronobiology.com\/wp-content\/uploads\/2016\/11\/melatonin-tasks-banner.jpg?id=11670) !important;}\u00a0\u00bb][vc_column][vc_custom_heading source=\u00a0\u00bbpost_title\u00a0\u00bb font_container=\u00a0\u00bbtag:h1|text_align:center\u00a0\u00bb use_theme_fonts=\u00a0\u00bbyes\u00a0\u00bb][\/vc_column][\/vc_row][vc_row el_class=\u00a0\u00bbmelatoninfacts2&Prime;][vc_column width=\u00a0\u00bb3\/4&Prime;][vc_column_text] Fonctions La m\u00e9latonine, connue \u00e9galement comme \u00ab l\u2019hormone m\u00e8re de la chronobiologie \u00bb est une hormone originairement secr\u00e9t\u00e9e par la glande pin\u00e9ale, pr\u00e9sente chez les humains, les animaux, les plantes et m\u00eame sur d\u2019anciennes algues phylog\u00e9n\u00e9tiquement unicellulaires \u00e2g\u00e9es de plus de trois milliards d\u2019ann\u00e9es. [&hellip;]\" \/>\n<meta property=\"og:url\" content=\"https:\/\/dev.chronobiology.com\/fr\/melatonine-chronobiologie\/fonctions\/\" \/>\n<meta property=\"og:site_name\" content=\"Chronobiology.com\" \/>\n<meta property=\"article:publisher\" content=\"https:\/\/www.facebook.com\/chronobiology\" \/>\n<meta property=\"article:modified_time\" content=\"2020-06-18T15:07:28+00:00\" \/>\n<meta property=\"og:image\" content=\"https:\/\/dev.chronobiology.com\/wp-content\/uploads\/2016\/11\/melatonin-tasks-banner.jpg\" \/>\n\t<meta property=\"og:image:width\" content=\"1917\" \/>\n\t<meta property=\"og:image:height\" content=\"479\" \/>\n\t<meta property=\"og:image:type\" content=\"image\/jpeg\" \/>\n<meta name=\"twitter:card\" content=\"summary_large_image\" \/>\n<meta name=\"twitter:site\" content=\"@chronobionews\" \/>\n<meta name=\"twitter:label1\" content=\"Dur\u00e9e de lecture estim\u00e9e\" \/>\n\t<meta name=\"twitter:data1\" content=\"3 minutes\" \/>\n<script type=\"application\/ld+json\" class=\"yoast-schema-graph\">{\"@context\":\"https:\/\/schema.org\",\"@graph\":[{\"@type\":\"WebPage\",\"@id\":\"https:\/\/dev.chronobiology.com\/fr\/melatonine-chronobiologie\/fonctions\/\",\"url\":\"https:\/\/dev.chronobiology.com\/fr\/melatonine-chronobiologie\/fonctions\/\",\"name\":\"Fonctions &#8211; Chronobiology.com\",\"isPartOf\":{\"@id\":\"https:\/\/dev.chronobiology.com\/fr\/#website\"},\"primaryImageOfPage\":{\"@id\":\"https:\/\/dev.chronobiology.com\/fr\/melatonine-chronobiologie\/fonctions\/#primaryimage\"},\"image\":{\"@id\":\"https:\/\/dev.chronobiology.com\/fr\/melatonine-chronobiologie\/fonctions\/#primaryimage\"},\"thumbnailUrl\":\"https:\/\/dev.chronobiology.com\/wp-content\/uploads\/2016\/11\/melatonin-tasks-banner.jpg\",\"datePublished\":\"2017-01-30T22:36:38+00:00\",\"dateModified\":\"2020-06-18T15:07:28+00:00\",\"breadcrumb\":{\"@id\":\"https:\/\/dev.chronobiology.com\/fr\/melatonine-chronobiologie\/fonctions\/#breadcrumb\"},\"inLanguage\":\"fr-FR\",\"potentialAction\":[{\"@type\":\"ReadAction\",\"target\":[\"https:\/\/dev.chronobiology.com\/fr\/melatonine-chronobiologie\/fonctions\/\"]}]},{\"@type\":\"ImageObject\",\"inLanguage\":\"fr-FR\",\"@id\":\"https:\/\/dev.chronobiology.com\/fr\/melatonine-chronobiologie\/fonctions\/#primaryimage\",\"url\":\"https:\/\/dev.chronobiology.com\/wp-content\/uploads\/2016\/11\/melatonin-tasks-banner.jpg\",\"contentUrl\":\"https:\/\/dev.chronobiology.com\/wp-content\/uploads\/2016\/11\/melatonin-tasks-banner.jpg\",\"width\":1917,\"height\":479,\"caption\":\"Fonctions\"},{\"@type\":\"BreadcrumbList\",\"@id\":\"https:\/\/dev.chronobiology.com\/fr\/melatonine-chronobiologie\/fonctions\/#breadcrumb\",\"itemListElement\":[{\"@type\":\"ListItem\",\"position\":1,\"name\":\"Home\",\"item\":\"https:\/\/dev.chronobiology.com\/fr\/\"},{\"@type\":\"ListItem\",\"position\":2,\"name\":\"M\u00e9latonine &#038; Chronobiologie\",\"item\":\"https:\/\/dev.chronobiology.com\/fr\/melatonine-chronobiologie\/\"},{\"@type\":\"ListItem\",\"position\":3,\"name\":\"Fonctions\"}]},{\"@type\":\"WebSite\",\"@id\":\"https:\/\/dev.chronobiology.com\/fr\/#website\",\"url\":\"https:\/\/dev.chronobiology.com\/fr\/\",\"name\":\"Chronobiology.com\",\"description\":\"\",\"publisher\":{\"@id\":\"https:\/\/dev.chronobiology.com\/fr\/#organization\"},\"potentialAction\":[{\"@type\":\"SearchAction\",\"target\":{\"@type\":\"EntryPoint\",\"urlTemplate\":\"https:\/\/dev.chronobiology.com\/fr\/?s={search_term_string}\"},\"query-input\":{\"@type\":\"PropertyValueSpecification\",\"valueRequired\":true,\"valueName\":\"search_term_string\"}}],\"inLanguage\":\"fr-FR\"},{\"@type\":\"Organization\",\"@id\":\"https:\/\/dev.chronobiology.com\/fr\/#organization\",\"name\":\"Chronobiology\",\"url\":\"https:\/\/dev.chronobiology.com\/fr\/\",\"logo\":{\"@type\":\"ImageObject\",\"inLanguage\":\"fr-FR\",\"@id\":\"https:\/\/dev.chronobiology.com\/fr\/#\/schema\/logo\/image\/\",\"url\":\"https:\/\/www.chronobiology.com\/wp-content\/uploads\/2019\/01\/chronobiology_logo_en_r.png\",\"contentUrl\":\"https:\/\/www.chronobiology.com\/wp-content\/uploads\/2019\/01\/chronobiology_logo_en_r.png\",\"width\":375,\"height\":90,\"caption\":\"Chronobiology\"},\"image\":{\"@id\":\"https:\/\/dev.chronobiology.com\/fr\/#\/schema\/logo\/image\/\"},\"sameAs\":[\"https:\/\/www.facebook.com\/chronobiology\",\"https:\/\/x.com\/chronobionews\",\"https:\/\/www.instagram.com\/chronobiology\/\",\"https:\/\/www.pinterest.com\/chronobiology\/\"]}]}<\/script>\n<!-- \/ Yoast SEO Premium plugin. -->","yoast_head_json":{"title":"Fonctions &#8211; Chronobiology.com","robots":{"index":"index","follow":"follow","max-snippet":"max-snippet:-1","max-image-preview":"max-image-preview:large","max-video-preview":"max-video-preview:-1"},"canonical":"https:\/\/dev.chronobiology.com\/fr\/melatonine-chronobiologie\/fonctions\/","og_locale":"fr_FR","og_type":"article","og_title":"Fonctions","og_description":"[vc_row full_width=\u00a0\u00bbstretch_row\u00a0\u00bb el_class=\u00a0\u00bbbanner-top\u00a0\u00bb css=\u00a0\u00bb.vc_custom_1479389167421{background-image: url(https:\/\/www.chronobiology.com\/wp-content\/uploads\/2016\/11\/melatonin-tasks-banner.jpg?id=11670) !important;}\u00a0\u00bb][vc_column][vc_custom_heading source=\u00a0\u00bbpost_title\u00a0\u00bb font_container=\u00a0\u00bbtag:h1|text_align:center\u00a0\u00bb use_theme_fonts=\u00a0\u00bbyes\u00a0\u00bb][\/vc_column][\/vc_row][vc_row el_class=\u00a0\u00bbmelatoninfacts2&Prime;][vc_column width=\u00a0\u00bb3\/4&Prime;][vc_column_text] Fonctions La m\u00e9latonine, connue \u00e9galement comme \u00ab l\u2019hormone m\u00e8re de la chronobiologie \u00bb est une hormone originairement secr\u00e9t\u00e9e par la glande pin\u00e9ale, pr\u00e9sente chez les humains, les animaux, les plantes et m\u00eame sur d\u2019anciennes algues phylog\u00e9n\u00e9tiquement unicellulaires \u00e2g\u00e9es de plus de trois milliards d\u2019ann\u00e9es. [&hellip;]","og_url":"https:\/\/dev.chronobiology.com\/fr\/melatonine-chronobiologie\/fonctions\/","og_site_name":"Chronobiology.com","article_publisher":"https:\/\/www.facebook.com\/chronobiology","article_modified_time":"2020-06-18T15:07:28+00:00","og_image":[{"width":1917,"height":479,"url":"https:\/\/dev.chronobiology.com\/wp-content\/uploads\/2016\/11\/melatonin-tasks-banner.jpg","type":"image\/jpeg"}],"twitter_card":"summary_large_image","twitter_site":"@chronobionews","twitter_misc":{"Dur\u00e9e de lecture estim\u00e9e":"3 minutes"},"schema":{"@context":"https:\/\/schema.org","@graph":[{"@type":"WebPage","@id":"https:\/\/dev.chronobiology.com\/fr\/melatonine-chronobiologie\/fonctions\/","url":"https:\/\/dev.chronobiology.com\/fr\/melatonine-chronobiologie\/fonctions\/","name":"Fonctions &#8211; Chronobiology.com","isPartOf":{"@id":"https:\/\/dev.chronobiology.com\/fr\/#website"},"primaryImageOfPage":{"@id":"https:\/\/dev.chronobiology.com\/fr\/melatonine-chronobiologie\/fonctions\/#primaryimage"},"image":{"@id":"https:\/\/dev.chronobiology.com\/fr\/melatonine-chronobiologie\/fonctions\/#primaryimage"},"thumbnailUrl":"https:\/\/dev.chronobiology.com\/wp-content\/uploads\/2016\/11\/melatonin-tasks-banner.jpg","datePublished":"2017-01-30T22:36:38+00:00","dateModified":"2020-06-18T15:07:28+00:00","breadcrumb":{"@id":"https:\/\/dev.chronobiology.com\/fr\/melatonine-chronobiologie\/fonctions\/#breadcrumb"},"inLanguage":"fr-FR","potentialAction":[{"@type":"ReadAction","target":["https:\/\/dev.chronobiology.com\/fr\/melatonine-chronobiologie\/fonctions\/"]}]},{"@type":"ImageObject","inLanguage":"fr-FR","@id":"https:\/\/dev.chronobiology.com\/fr\/melatonine-chronobiologie\/fonctions\/#primaryimage","url":"https:\/\/dev.chronobiology.com\/wp-content\/uploads\/2016\/11\/melatonin-tasks-banner.jpg","contentUrl":"https:\/\/dev.chronobiology.com\/wp-content\/uploads\/2016\/11\/melatonin-tasks-banner.jpg","width":1917,"height":479,"caption":"Fonctions"},{"@type":"BreadcrumbList","@id":"https:\/\/dev.chronobiology.com\/fr\/melatonine-chronobiologie\/fonctions\/#breadcrumb","itemListElement":[{"@type":"ListItem","position":1,"name":"Home","item":"https:\/\/dev.chronobiology.com\/fr\/"},{"@type":"ListItem","position":2,"name":"M\u00e9latonine &#038; Chronobiologie","item":"https:\/\/dev.chronobiology.com\/fr\/melatonine-chronobiologie\/"},{"@type":"ListItem","position":3,"name":"Fonctions"}]},{"@type":"WebSite","@id":"https:\/\/dev.chronobiology.com\/fr\/#website","url":"https:\/\/dev.chronobiology.com\/fr\/","name":"Chronobiology.com","description":"","publisher":{"@id":"https:\/\/dev.chronobiology.com\/fr\/#organization"},"potentialAction":[{"@type":"SearchAction","target":{"@type":"EntryPoint","urlTemplate":"https:\/\/dev.chronobiology.com\/fr\/?s={search_term_string}"},"query-input":{"@type":"PropertyValueSpecification","valueRequired":true,"valueName":"search_term_string"}}],"inLanguage":"fr-FR"},{"@type":"Organization","@id":"https:\/\/dev.chronobiology.com\/fr\/#organization","name":"Chronobiology","url":"https:\/\/dev.chronobiology.com\/fr\/","logo":{"@type":"ImageObject","inLanguage":"fr-FR","@id":"https:\/\/dev.chronobiology.com\/fr\/#\/schema\/logo\/image\/","url":"https:\/\/www.chronobiology.com\/wp-content\/uploads\/2019\/01\/chronobiology_logo_en_r.png","contentUrl":"https:\/\/www.chronobiology.com\/wp-content\/uploads\/2019\/01\/chronobiology_logo_en_r.png","width":375,"height":90,"caption":"Chronobiology"},"image":{"@id":"https:\/\/dev.chronobiology.com\/fr\/#\/schema\/logo\/image\/"},"sameAs":["https:\/\/www.facebook.com\/chronobiology","https:\/\/x.com\/chronobionews","https:\/\/www.instagram.com\/chronobiology\/","https:\/\/www.pinterest.com\/chronobiology\/"]}]}},"_links":{"self":[{"href":"https:\/\/dev.chronobiology.com\/fr\/wp-json\/wp\/v2\/pages\/18947"}],"collection":[{"href":"https:\/\/dev.chronobiology.com\/fr\/wp-json\/wp\/v2\/pages"}],"about":[{"href":"https:\/\/dev.chronobiology.com\/fr\/wp-json\/wp\/v2\/types\/page"}],"author":[{"embeddable":true,"href":"https:\/\/dev.chronobiology.com\/fr\/wp-json\/wp\/v2\/users\/15"}],"replies":[{"embeddable":true,"href":"https:\/\/dev.chronobiology.com\/fr\/wp-json\/wp\/v2\/comments?post=18947"}],"version-history":[{"count":1,"href":"https:\/\/dev.chronobiology.com\/fr\/wp-json\/wp\/v2\/pages\/18947\/revisions"}],"predecessor-version":[{"id":33050,"href":"https:\/\/dev.chronobiology.com\/fr\/wp-json\/wp\/v2\/pages\/18947\/revisions\/33050"}],"up":[{"embeddable":true,"href":"https:\/\/dev.chronobiology.com\/fr\/wp-json\/wp\/v2\/pages\/18944"}],"wp:featuredmedia":[{"embeddable":true,"href":"https:\/\/dev.chronobiology.com\/fr\/wp-json\/wp\/v2\/media\/11670"}],"wp:attachment":[{"href":"https:\/\/dev.chronobiology.com\/fr\/wp-json\/wp\/v2\/media?parent=18947"}],"wp:term":[{"taxonomy":"category","embeddable":true,"href":"https:\/\/dev.chronobiology.com\/fr\/wp-json\/wp\/v2\/categories?post=18947"}],"curies":[{"name":"wp","href":"https:\/\/api.w.org\/{rel}","templated":true}]}}