{"id":18945,"date":"2017-01-30T14:36:38","date_gmt":"2017-01-30T22:36:38","guid":{"rendered":"https:\/\/www.chronobiology.com\/dosage-et-effets-secondaires\/"},"modified":"2020-06-18T08:41:11","modified_gmt":"2020-06-18T15:41:11","slug":"dosage-et-effets-secondaires","status":"publish","type":"page","link":"https:\/\/dev.chronobiology.com\/fr\/melatonine-chronobiologie\/dosage-et-effets-secondaires\/","title":{"rendered":"Dosage et effets secondaires"},"content":{"rendered":"<div class=\"wpb-content-wrapper\"><p>[vc_row full_width=\u00a0\u00bbstretch_row\u00a0\u00bb el_class=\u00a0\u00bbbanner-top\u00a0\u00bb css=\u00a0\u00bb.vc_custom_1479394022290{background-image: url(https:\/\/www.chronobiology.com\/wp-content\/uploads\/2016\/11\/melatonin_dosage_banner.jpg?id=11718) !important;}\u00a0\u00bb][vc_column][vc_custom_heading source=\u00a0\u00bbpost_title\u00a0\u00bb font_container=\u00a0\u00bbtag:h1|text_align:center\u00a0\u00bb use_theme_fonts=\u00a0\u00bbyes\u00a0\u00bb][\/vc_column][\/vc_row][vc_row el_class=\u00a0\u00bbmelatoninfacts2&Prime;][vc_column width=\u00a0\u00bb3\/4&Prime;][vc_column_text]<\/p>\n<h2 style=\"text-align: center;\">Dosage et effets secondaires<\/h2>\n<p>A l\u2019heure actuelle, il n\u2019existe encore aucune directive sur les dosages avec lesquels la m\u00e9latonine devrait \u00eatre administr\u00e9e en fonction des diff\u00e9rentes indications. Diff\u00e9rentes \u00e9tudes cliniques ont utilis\u00e9 un dosage entre 0,5 mg ou moins jusqu\u2019\u00e0 25mg ou plus, ce qui ne facilite pas la comparaison des r\u00e9sultats. Par ailleurs, diff\u00e9rentes formules ont \u00e9galement \u00e9t\u00e9 utilis\u00e9es, comme la lib\u00e9ration rapide ou la m\u00e9latonine conforme aux principes de la chronobiologie\/\u00e0 lib\u00e9ration contr\u00f4l\u00e9e, de sorte qu\u2019il est difficile l\u00e0 aussi de faire des comparaisons. N\u00e9anmoins, en faisant la synth\u00e8se de toutes les donn\u00e9es collect\u00e9es jusqu\u2019\u00e0 pr\u00e9sent, il est possible de recommander les dosages suivants.<br \/>\nPour la chronoth\u00e9rapie servant \u00e0 permettre de r\u00e9guler l\u2019horloge interne, un dosage entre 0,5 mg et 1 mg avec une formule \u00e0 lib\u00e9ration rapide est suffisant. Un dosage de m\u00e9latonine \u00e0 lib\u00e9ration contr\u00f4l\u00e9e jusqu\u2019\u00e0 3 mg s\u2019est \u00e9galement r\u00e9v\u00e9l\u00e9 efficace, surtout dans le cas du travail post\u00e9 et\/ou du d\u00e9calage horaire. L\u2019horaire de prise de la m\u00e9latonine d\u00e9pend de la nouvelle zone horaire pour le d\u00e9calage horaire et de la phase de repos pour le travail post\u00e9.<\/p>\n<p>Si un traitement de substitution classique est n\u00e9cessaire, comme pour les personnes \u00e2g\u00e9es, la formule \u00e0 lib\u00e9ration contr\u00f4l\u00e9e est plus appropri\u00e9e par rapport \u00e0 la formule \u00e0 lib\u00e9ration prolong\u00e9e ou \u00e0 lib\u00e9ration rapide. Il est n\u00e9cessaire de contr\u00f4ler que la quantit\u00e9 de m\u00e9latonine fournie \u00e0 l\u2019organisme est suffisante pour les six \u00e0 sept heures de la nuit. Ceci est possible avec un dosage de 3 mg qui peut \u00eatre augment\u00e9 sans probl\u00e8me jusqu\u2019\u00e0 6mg si n\u00e9cessaire. La m\u00e9latonine doit \u00eatre administr\u00e9e environ 30 minutes avant d\u2019aller se coucher, mais toujours avant minuit de fa\u00e7on \u00e0 \u00e9viter de modifier le rythme circadien.<\/p>\n<p>Des traitements de soutien, comme dans le cas des infarctus ou des crises cardiaques, impliquent certainement un dosage plus \u00e9lev\u00e9. Des \u00e9tudes initiales ont utilis\u00e9 avec succ\u00e8s des dosages jusqu\u2019\u00e0 50 mg comme traitement imm\u00e9diat avec la formule \u00e0 lib\u00e9ration rapide. La m\u00e9latonine est administr\u00e9e tout de suite apr\u00e8s avoir eu connaissance de la crise, sans tenir compte du moment de la journ\u00e9e. Des traitements de soutien chez les patients canc\u00e9reux imposent eux aussi un dosage plus important. Actuellement, des discussions ont lieu pour d\u00e9terminer si la m\u00e9latonine doit \u00eatre administr\u00e9e uniquement le soir bien que ceci soit fort probable. Dans le cas de la radioth\u00e9rapie, un dosage de 15 mg semble suffisant et doit \u00eatre administr\u00e9 un peu avant la th\u00e9rapie.<\/p>\n<p>Dans d\u2019autres cas comme l\u2019\u00e9pilepsie, la neuroprotection et\/ou la stabilisation du rythme, les effets positifs sont plus probables avec un dosage \u00e0 lib\u00e9ration contr\u00f4l\u00e9e et\/ou \u00e0 lib\u00e9ration prolong\u00e9e de 3-6 mg le soir. Il est important de souligner que les enfants ont besoin d\u2019un dosage sup\u00e9rieur \u00e0 celui des adultes. Bien qu\u2019il n\u2019existe que tr\u00e8s peu d\u2019\u00e9tudes sur les effets secondaires de la m\u00e9latonine, toutes les \u00e9tudes d\u00e9montrent que la m\u00e9latonine est compatible. Une m\u00e9ta-analyse de nombreuses \u00e9tudes r\u00e9cemment publi\u00e9e, avec des dosages pratiquement tous de plus de 10 mg, a d\u00e9montr\u00e9 que la fr\u00e9quence et la gravit\u00e9 des effets secondaires manifest\u00e9s \u00e9taient identiques \u00e0 celles des patients ayant re\u00e7u le plac\u00e9bo. Les effets secondaires ind\u00e9sirables de la m\u00e9latonine les plus probables se manifestent dans le cas d\u2019une administration au mauvais moment. Dans ce cas, la m\u00e9latonine modifie le rythme ce qui, si le changement n\u2019est pas souhait\u00e9, peut provoquer des probl\u00e8mes de sant\u00e9.[\/vc_column_text][\/vc_column][vc_column width=\u00a0\u00bb1\/4&Prime;][vc_column_text]<div class=\"content_block\" id=\"custom_post_widget-32992\"><p><a href=\"https:\/\/melatoninfacts.org\/\" target=\"_blank\" rel=\"noopener noreferrer\"><img decoding=\"async\" class=\"alignnone wp-image-33106 size-full\" title=\"MelatoninFACTS \u2013 \u00c9tudes m\u00e9dicales sur la m\u00e9latonine\" src=\"https:\/\/www.chronobiology.com\/wp-content\/uploads\/2020\/06\/MelatoninFacts-Banner-FR-v2.jpg\" alt=\"MelatoninFACTS \u2013 \u00c9tudes m\u00e9dicales sur la m\u00e9latonine\" width=\"501\" height=\"751\" srcset=\"https:\/\/dev.chronobiology.com\/wp-content\/uploads\/2020\/06\/MelatoninFacts-Banner-FR-v2.jpg 501w, https:\/\/dev.chronobiology.com\/wp-content\/uploads\/2020\/06\/MelatoninFacts-Banner-FR-v2-200x300.jpg 200w\" sizes=\"(max-width: 501px) 100vw, 501px\" \/><\/a><\/p>\n<\/div>[\/vc_column_text][\/vc_column][\/vc_row]<\/p>\n<\/div>","protected":false},"excerpt":{"rendered":"<p>[vc_row full_width=\u00a0\u00bbstretch_row\u00a0\u00bb el_class=\u00a0\u00bbbanner-top\u00a0\u00bb css=\u00a0\u00bb.vc_custom_1479394022290{background-image: url(https:\/\/www.chronobiology.com\/wp-content\/uploads\/2016\/11\/melatonin_dosage_banner.jpg?id=11718) !important;}\u00a0\u00bb][vc_column][vc_custom_heading source=\u00a0\u00bbpost_title\u00a0\u00bb font_container=\u00a0\u00bbtag:h1|text_align:center\u00a0\u00bb use_theme_fonts=\u00a0\u00bbyes\u00a0\u00bb][\/vc_column][\/vc_row][vc_row el_class=\u00a0\u00bbmelatoninfacts2&Prime;][vc_column width=\u00a0\u00bb3\/4&Prime;][vc_column_text] Dosage et effets secondaires A l\u2019heure actuelle, il n\u2019existe encore aucune directive sur les dosages avec lesquels la m\u00e9latonine devrait \u00eatre administr\u00e9e en fonction des diff\u00e9rentes indications. Diff\u00e9rentes \u00e9tudes cliniques ont utilis\u00e9 un dosage entre 0,5 mg ou moins jusqu\u2019\u00e0 25mg ou plus, ce [&hellip;]<\/p>\n","protected":false},"author":15,"featured_media":0,"parent":18944,"menu_order":0,"comment_status":"closed","ping_status":"closed","template":"","meta":{"_acf_changed":false,"_genesis_hide_title":false,"_genesis_hide_breadcrumbs":false,"_genesis_hide_singular_image":false,"_genesis_hide_footer_widgets":false,"_genesis_custom_body_class":"","_genesis_custom_post_class":"","_genesis_layout":"full-width-content","footnotes":""},"categories":[],"class_list":{"0":"post-18945","1":"page","2":"type-page","3":"status-publish","5":"entry","6":"has-post-thumbnail"},"acf":[],"yoast_head":"<!-- This site is optimized with the Yoast SEO Premium plugin v23.4 (Yoast SEO v23.4) - https:\/\/yoast.com\/wordpress\/plugins\/seo\/ -->\n<title>Dosage et effets secondaires &#8211; Chronobiology.com<\/title>\n<meta name=\"robots\" content=\"index, follow, max-snippet:-1, max-image-preview:large, max-video-preview:-1\" \/>\n<link rel=\"canonical\" href=\"https:\/\/dev.chronobiology.com\/fr\/melatonine-chronobiologie\/dosage-et-effets-secondaires\/\" \/>\n<meta property=\"og:locale\" content=\"fr_FR\" \/>\n<meta property=\"og:type\" content=\"article\" \/>\n<meta property=\"og:title\" content=\"Dosage et effets secondaires\" \/>\n<meta property=\"og:description\" content=\"[vc_row full_width=\u00a0\u00bbstretch_row\u00a0\u00bb el_class=\u00a0\u00bbbanner-top\u00a0\u00bb css=\u00a0\u00bb.vc_custom_1479394022290{background-image: url(https:\/\/www.chronobiology.com\/wp-content\/uploads\/2016\/11\/melatonin_dosage_banner.jpg?id=11718) !important;}\u00a0\u00bb][vc_column][vc_custom_heading source=\u00a0\u00bbpost_title\u00a0\u00bb font_container=\u00a0\u00bbtag:h1|text_align:center\u00a0\u00bb use_theme_fonts=\u00a0\u00bbyes\u00a0\u00bb][\/vc_column][\/vc_row][vc_row el_class=\u00a0\u00bbmelatoninfacts2&Prime;][vc_column width=\u00a0\u00bb3\/4&Prime;][vc_column_text] Dosage et effets secondaires A l\u2019heure actuelle, il n\u2019existe encore aucune directive sur les dosages avec lesquels la m\u00e9latonine devrait \u00eatre administr\u00e9e en fonction des diff\u00e9rentes indications. Diff\u00e9rentes \u00e9tudes cliniques ont utilis\u00e9 un dosage entre 0,5 mg ou moins jusqu\u2019\u00e0 25mg ou plus, ce [&hellip;]\" \/>\n<meta property=\"og:url\" content=\"https:\/\/dev.chronobiology.com\/fr\/melatonine-chronobiologie\/dosage-et-effets-secondaires\/\" \/>\n<meta property=\"og:site_name\" content=\"Chronobiology.com\" \/>\n<meta property=\"article:publisher\" content=\"https:\/\/www.facebook.com\/chronobiology\" \/>\n<meta property=\"article:modified_time\" content=\"2020-06-18T15:41:11+00:00\" \/>\n<meta name=\"twitter:card\" content=\"summary_large_image\" \/>\n<meta name=\"twitter:site\" content=\"@chronobionews\" \/>\n<meta name=\"twitter:label1\" content=\"Dur\u00e9e de lecture estim\u00e9e\" \/>\n\t<meta name=\"twitter:data1\" content=\"4 minutes\" \/>\n<script type=\"application\/ld+json\" class=\"yoast-schema-graph\">{\"@context\":\"https:\/\/schema.org\",\"@graph\":[{\"@type\":\"WebPage\",\"@id\":\"https:\/\/dev.chronobiology.com\/fr\/melatonine-chronobiologie\/dosage-et-effets-secondaires\/\",\"url\":\"https:\/\/dev.chronobiology.com\/fr\/melatonine-chronobiologie\/dosage-et-effets-secondaires\/\",\"name\":\"Dosage et effets secondaires &#8211; Chronobiology.com\",\"isPartOf\":{\"@id\":\"https:\/\/dev.chronobiology.com\/fr\/#website\"},\"datePublished\":\"2017-01-30T22:36:38+00:00\",\"dateModified\":\"2020-06-18T15:41:11+00:00\",\"breadcrumb\":{\"@id\":\"https:\/\/dev.chronobiology.com\/fr\/melatonine-chronobiologie\/dosage-et-effets-secondaires\/#breadcrumb\"},\"inLanguage\":\"fr-FR\",\"potentialAction\":[{\"@type\":\"ReadAction\",\"target\":[\"https:\/\/dev.chronobiology.com\/fr\/melatonine-chronobiologie\/dosage-et-effets-secondaires\/\"]}]},{\"@type\":\"BreadcrumbList\",\"@id\":\"https:\/\/dev.chronobiology.com\/fr\/melatonine-chronobiologie\/dosage-et-effets-secondaires\/#breadcrumb\",\"itemListElement\":[{\"@type\":\"ListItem\",\"position\":1,\"name\":\"Home\",\"item\":\"https:\/\/dev.chronobiology.com\/fr\/\"},{\"@type\":\"ListItem\",\"position\":2,\"name\":\"M\u00e9latonine &#038; Chronobiologie\",\"item\":\"https:\/\/dev.chronobiology.com\/fr\/melatonine-chronobiologie\/\"},{\"@type\":\"ListItem\",\"position\":3,\"name\":\"Dosage et effets secondaires\"}]},{\"@type\":\"WebSite\",\"@id\":\"https:\/\/dev.chronobiology.com\/fr\/#website\",\"url\":\"https:\/\/dev.chronobiology.com\/fr\/\",\"name\":\"Chronobiology.com\",\"description\":\"\",\"publisher\":{\"@id\":\"https:\/\/dev.chronobiology.com\/fr\/#organization\"},\"potentialAction\":[{\"@type\":\"SearchAction\",\"target\":{\"@type\":\"EntryPoint\",\"urlTemplate\":\"https:\/\/dev.chronobiology.com\/fr\/?s={search_term_string}\"},\"query-input\":{\"@type\":\"PropertyValueSpecification\",\"valueRequired\":true,\"valueName\":\"search_term_string\"}}],\"inLanguage\":\"fr-FR\"},{\"@type\":\"Organization\",\"@id\":\"https:\/\/dev.chronobiology.com\/fr\/#organization\",\"name\":\"Chronobiology\",\"url\":\"https:\/\/dev.chronobiology.com\/fr\/\",\"logo\":{\"@type\":\"ImageObject\",\"inLanguage\":\"fr-FR\",\"@id\":\"https:\/\/dev.chronobiology.com\/fr\/#\/schema\/logo\/image\/\",\"url\":\"https:\/\/www.chronobiology.com\/wp-content\/uploads\/2019\/01\/chronobiology_logo_en_r.png\",\"contentUrl\":\"https:\/\/www.chronobiology.com\/wp-content\/uploads\/2019\/01\/chronobiology_logo_en_r.png\",\"width\":375,\"height\":90,\"caption\":\"Chronobiology\"},\"image\":{\"@id\":\"https:\/\/dev.chronobiology.com\/fr\/#\/schema\/logo\/image\/\"},\"sameAs\":[\"https:\/\/www.facebook.com\/chronobiology\",\"https:\/\/x.com\/chronobionews\",\"https:\/\/www.instagram.com\/chronobiology\/\",\"https:\/\/www.pinterest.com\/chronobiology\/\"]}]}<\/script>\n<!-- \/ Yoast SEO Premium plugin. -->","yoast_head_json":{"title":"Dosage et effets secondaires &#8211; Chronobiology.com","robots":{"index":"index","follow":"follow","max-snippet":"max-snippet:-1","max-image-preview":"max-image-preview:large","max-video-preview":"max-video-preview:-1"},"canonical":"https:\/\/dev.chronobiology.com\/fr\/melatonine-chronobiologie\/dosage-et-effets-secondaires\/","og_locale":"fr_FR","og_type":"article","og_title":"Dosage et effets secondaires","og_description":"[vc_row full_width=\u00a0\u00bbstretch_row\u00a0\u00bb el_class=\u00a0\u00bbbanner-top\u00a0\u00bb css=\u00a0\u00bb.vc_custom_1479394022290{background-image: url(https:\/\/www.chronobiology.com\/wp-content\/uploads\/2016\/11\/melatonin_dosage_banner.jpg?id=11718) !important;}\u00a0\u00bb][vc_column][vc_custom_heading source=\u00a0\u00bbpost_title\u00a0\u00bb font_container=\u00a0\u00bbtag:h1|text_align:center\u00a0\u00bb use_theme_fonts=\u00a0\u00bbyes\u00a0\u00bb][\/vc_column][\/vc_row][vc_row el_class=\u00a0\u00bbmelatoninfacts2&Prime;][vc_column width=\u00a0\u00bb3\/4&Prime;][vc_column_text] Dosage et effets secondaires A l\u2019heure actuelle, il n\u2019existe encore aucune directive sur les dosages avec lesquels la m\u00e9latonine devrait \u00eatre administr\u00e9e en fonction des diff\u00e9rentes indications. Diff\u00e9rentes \u00e9tudes cliniques ont utilis\u00e9 un dosage entre 0,5 mg ou moins jusqu\u2019\u00e0 25mg ou plus, ce [&hellip;]","og_url":"https:\/\/dev.chronobiology.com\/fr\/melatonine-chronobiologie\/dosage-et-effets-secondaires\/","og_site_name":"Chronobiology.com","article_publisher":"https:\/\/www.facebook.com\/chronobiology","article_modified_time":"2020-06-18T15:41:11+00:00","twitter_card":"summary_large_image","twitter_site":"@chronobionews","twitter_misc":{"Dur\u00e9e de lecture estim\u00e9e":"4 minutes"},"schema":{"@context":"https:\/\/schema.org","@graph":[{"@type":"WebPage","@id":"https:\/\/dev.chronobiology.com\/fr\/melatonine-chronobiologie\/dosage-et-effets-secondaires\/","url":"https:\/\/dev.chronobiology.com\/fr\/melatonine-chronobiologie\/dosage-et-effets-secondaires\/","name":"Dosage et effets secondaires &#8211; Chronobiology.com","isPartOf":{"@id":"https:\/\/dev.chronobiology.com\/fr\/#website"},"datePublished":"2017-01-30T22:36:38+00:00","dateModified":"2020-06-18T15:41:11+00:00","breadcrumb":{"@id":"https:\/\/dev.chronobiology.com\/fr\/melatonine-chronobiologie\/dosage-et-effets-secondaires\/#breadcrumb"},"inLanguage":"fr-FR","potentialAction":[{"@type":"ReadAction","target":["https:\/\/dev.chronobiology.com\/fr\/melatonine-chronobiologie\/dosage-et-effets-secondaires\/"]}]},{"@type":"BreadcrumbList","@id":"https:\/\/dev.chronobiology.com\/fr\/melatonine-chronobiologie\/dosage-et-effets-secondaires\/#breadcrumb","itemListElement":[{"@type":"ListItem","position":1,"name":"Home","item":"https:\/\/dev.chronobiology.com\/fr\/"},{"@type":"ListItem","position":2,"name":"M\u00e9latonine &#038; Chronobiologie","item":"https:\/\/dev.chronobiology.com\/fr\/melatonine-chronobiologie\/"},{"@type":"ListItem","position":3,"name":"Dosage et effets secondaires"}]},{"@type":"WebSite","@id":"https:\/\/dev.chronobiology.com\/fr\/#website","url":"https:\/\/dev.chronobiology.com\/fr\/","name":"Chronobiology.com","description":"","publisher":{"@id":"https:\/\/dev.chronobiology.com\/fr\/#organization"},"potentialAction":[{"@type":"SearchAction","target":{"@type":"EntryPoint","urlTemplate":"https:\/\/dev.chronobiology.com\/fr\/?s={search_term_string}"},"query-input":{"@type":"PropertyValueSpecification","valueRequired":true,"valueName":"search_term_string"}}],"inLanguage":"fr-FR"},{"@type":"Organization","@id":"https:\/\/dev.chronobiology.com\/fr\/#organization","name":"Chronobiology","url":"https:\/\/dev.chronobiology.com\/fr\/","logo":{"@type":"ImageObject","inLanguage":"fr-FR","@id":"https:\/\/dev.chronobiology.com\/fr\/#\/schema\/logo\/image\/","url":"https:\/\/www.chronobiology.com\/wp-content\/uploads\/2019\/01\/chronobiology_logo_en_r.png","contentUrl":"https:\/\/www.chronobiology.com\/wp-content\/uploads\/2019\/01\/chronobiology_logo_en_r.png","width":375,"height":90,"caption":"Chronobiology"},"image":{"@id":"https:\/\/dev.chronobiology.com\/fr\/#\/schema\/logo\/image\/"},"sameAs":["https:\/\/www.facebook.com\/chronobiology","https:\/\/x.com\/chronobionews","https:\/\/www.instagram.com\/chronobiology\/","https:\/\/www.pinterest.com\/chronobiology\/"]}]}},"_links":{"self":[{"href":"https:\/\/dev.chronobiology.com\/fr\/wp-json\/wp\/v2\/pages\/18945"}],"collection":[{"href":"https:\/\/dev.chronobiology.com\/fr\/wp-json\/wp\/v2\/pages"}],"about":[{"href":"https:\/\/dev.chronobiology.com\/fr\/wp-json\/wp\/v2\/types\/page"}],"author":[{"embeddable":true,"href":"https:\/\/dev.chronobiology.com\/fr\/wp-json\/wp\/v2\/users\/15"}],"replies":[{"embeddable":true,"href":"https:\/\/dev.chronobiology.com\/fr\/wp-json\/wp\/v2\/comments?post=18945"}],"version-history":[{"count":1,"href":"https:\/\/dev.chronobiology.com\/fr\/wp-json\/wp\/v2\/pages\/18945\/revisions"}],"predecessor-version":[{"id":33079,"href":"https:\/\/dev.chronobiology.com\/fr\/wp-json\/wp\/v2\/pages\/18945\/revisions\/33079"}],"up":[{"embeddable":true,"href":"https:\/\/dev.chronobiology.com\/fr\/wp-json\/wp\/v2\/pages\/18944"}],"wp:attachment":[{"href":"https:\/\/dev.chronobiology.com\/fr\/wp-json\/wp\/v2\/media?parent=18945"}],"wp:term":[{"taxonomy":"category","embeddable":true,"href":"https:\/\/dev.chronobiology.com\/fr\/wp-json\/wp\/v2\/categories?post=18945"}],"curies":[{"name":"wp","href":"https:\/\/api.w.org\/{rel}","templated":true}]}}