{"id":18944,"date":"2017-01-30T14:36:38","date_gmt":"2017-01-30T22:36:38","guid":{"rendered":"https:\/\/www.chronobiology.com\/melatonine-chronobiologie\/"},"modified":"2020-06-18T07:01:52","modified_gmt":"2020-06-18T14:01:52","slug":"melatonine-chronobiologie","status":"publish","type":"page","link":"https:\/\/dev.chronobiology.com\/fr\/melatonine-chronobiologie\/","title":{"rendered":"M\u00e9latonine &#038; Chronobiologie"},"content":{"rendered":"<div class=\"wpb-content-wrapper\"><p>[vc_row full_width=\u00a0\u00bbstretch_row\u00a0\u00bb css=\u00a0\u00bb.vc_custom_1479387610301{background-image: url(https:\/\/www.chronobiology.com\/wp-content\/uploads\/2016\/06\/brain-and-psyche-11.jpg?id=9163) !important;}\u00a0\u00bb el_class=\u00a0\u00bbbanner-top\u00a0\u00bb][vc_column][vc_custom_heading source=\u00a0\u00bbpost_title\u00a0\u00bb font_container=\u00a0\u00bbtag:h1|text_align:center\u00a0\u00bb use_theme_fonts=\u00a0\u00bbyes\u00a0\u00bb][\/vc_column][\/vc_row][vc_row el_class=\u00a0\u00bbmelatoninfacts\u00a0\u00bb][vc_column width=\u00a0\u00bb3\/4&Prime;][vc_column_text]La m\u00e9latonine, connue \u00e9galement comme \u00ab l\u2019hormone m\u00e8re de la chronobiologie \u00bb est une hormone originairement secr\u00e9t\u00e9e par la glande pin\u00e9ale. La production de m\u00e9latonine se fait sur indication du noyau suprachiasmatique de l\u2019hypothalamus qui r\u00e9gule de fa\u00e7on significative le rythme circadien. Lorsque la r\u00e9tine de l&rsquo;\u0153il ne per\u00e7oit plus assez de lumi\u00e8re, l\u2019information est transmise au noyau suprachiasmatique ce qui induit la glande pin\u00e9ale \u00e0 secr\u00e9ter la m\u00e9latonine. Lorsque la r\u00e9tine per\u00e7oit les premi\u00e8res lueurs du jour, la production de m\u00e9latonine est interrompue tandis que la production d\u2019autres hormones commence, ce qui est n\u00e9cessaire pour rester \u00e9veill\u00e9s. Ce cycle permet de cr\u00e9er un rythme circadien ou un cycle veille\/sommeil de 24 heures.<\/p>\n<p>La p\u00e9riode de demi-vie de la m\u00e9latonine \u00e9tant tr\u00e8s br\u00e8ve, environ 30 minutes, il est n\u00e9cessaire qu\u2019elle soit constamment secr\u00e9t\u00e9e pendant la nuit de fa\u00e7on \u00e0 garantir, entre autres, un sommeil r\u00e9parateur. Chez les personnes ayant un rythme circadien sain, les niveaux de m\u00e9latonine augmentent rapidement une fois l\u2019obscurit\u00e9 tomb\u00e9e et restent constants pendant toute la nuit jusqu\u2019aux premi\u00e8res lueurs de l\u2019aube. Ce niveau \u00e9lev\u00e9 n\u2019est pas uniquement utile pour nous endormir, mais \u00e9galement pour pouvoir profiter d\u2019un sommeil long, profond et r\u00e9parateur. Au petit matin, le niveau de m\u00e9latonine diminue brusquement de fa\u00e7on \u00e0 permettre \u00e0 notre organisme de r\u00e9agir aux conditions lumineuses de plus en plus fortes et pouvoir nous r\u00e9veiller.[\/vc_column_text][\/vc_column][vc_column width=\u00a0\u00bb1\/4&Prime;][vc_column_text]<div class=\"content_block\" id=\"custom_post_widget-32992\"><p><a href=\"https:\/\/melatoninfacts.org\/\" target=\"_blank\" rel=\"noopener noreferrer\"><img decoding=\"async\" class=\"alignnone wp-image-33106 size-full\" title=\"MelatoninFACTS \u2013 \u00c9tudes m\u00e9dicales sur la m\u00e9latonine\" src=\"https:\/\/www.chronobiology.com\/wp-content\/uploads\/2020\/06\/MelatoninFacts-Banner-FR-v2.jpg\" alt=\"MelatoninFACTS \u2013 \u00c9tudes m\u00e9dicales sur la m\u00e9latonine\" width=\"501\" height=\"751\" srcset=\"https:\/\/dev.chronobiology.com\/wp-content\/uploads\/2020\/06\/MelatoninFacts-Banner-FR-v2.jpg 501w, https:\/\/dev.chronobiology.com\/wp-content\/uploads\/2020\/06\/MelatoninFacts-Banner-FR-v2-200x300.jpg 200w\" sizes=\"(max-width: 501px) 100vw, 501px\" \/><\/a><\/p>\n<\/div>[\/vc_column_text][\/vc_column][\/vc_row][vc_row][vc_column][vc_column_text]<\/p>\n<h2>Melatonine \u00e0 lib\u00e9ration pulsatile:<\/h2>\n<h2>La meilleure solution pour r\u00e9tablir nos rythmes circadiens naturels<\/h2>\n<p>[\/vc_column_text][\/vc_column][\/vc_row][vc_row][vc_column width=\u00a0\u00bb1\/2&Prime;][vc_column_text]Une lib\u00e9ration contr\u00f4l\u00e9e de m\u00e9latonine est le suppl\u00e9ment formul\u00e9 de sorte que l\u2019hormone est lib\u00e9r\u00e9e en quantit\u00e9 exacte identique \u00e0 celle d\u2019un taux naturel de m\u00e9latonine chez une personne en bonne sant\u00e9. Sa lib\u00e9ration se fait par \u00e9tapes de sorte que le taux de m\u00e9latonine augmente rapidement apr\u00e8s avoir pris le suppl\u00e9ment, puis se maintient \u00e0 ce niveau \u00e9lev\u00e9 pendant plusieurs heures. Ensuite, le niveau de m\u00e9latonine chute rapidement vers le matin pour favoriser le r\u00e9veil. Ce processus reprend le cycle d\u2019un rythme circadien naturel associ\u00e9 \u00e0 un sommeil r\u00e9parateur.<\/p>\n<p>Des recherches en chronobiologie ont d\u00e9montr\u00e9 que maintenir le cycle de m\u00e9latonine est important non seulement pour garantir un sommeil r\u00e9parateur mais \u00e9galement pour le bien-\u00eatre g\u00e9n\u00e9ral. C\u2019est la raison pour laquelle un nombre toujours plus important d\u2019experts en mati\u00e8re de sant\u00e9 recommandent la m\u00e9latonine \u00e0 lib\u00e9ration pulsatile comme le suppl\u00e9ment id\u00e9al, tr\u00e8s similaire \u00e0 la m\u00e9latonine naturelle pr\u00e9sente dans un cerveau en bonne sant\u00e9. Garantir un rythme circadien optimal est important pour la sant\u00e9, voil\u00e0 pourquoi prendre un suppl\u00e9ment de m\u00e9latonine \u00e0 lib\u00e9ration pulsatile est le meilleur choix possible.[\/vc_column_text][\/vc_column][vc_column width=\u00a0\u00bb1\/2&Prime;][vc_single_image image=\u00a0\u00bb20177&Prime; img_size=\u00a0\u00bbfull\u00a0\u00bb alignment=\u00a0\u00bbcenter\u00a0\u00bb style=\u00a0\u00bbvc_box_shadow\u00a0\u00bb][\/vc_column][\/vc_row][vc_row el_class=\u00a0\u00bbmelatonin-boxes\u00a0\u00bb][vc_column width=\u00a0\u00bb1\/4&Prime; css=\u00a0\u00bb.vc_custom_1479394730197{background-image: url(https:\/\/www.chronobiology.com\/wp-content\/uploads\/2016\/11\/history_small.jpg?id=11729) !important;}\u00a0\u00bb el_class=\u00a0\u00bbmelatonin-box\u00a0\u00bb][vc_custom_heading text=\u00a0\u00bbHistoire\u00a0\u00bb font_container=\u00a0\u00bbtag:h4|text_align:center\u00a0\u00bb use_theme_fonts=\u00a0\u00bbyes\u00a0\u00bb link=\u00a0\u00bburl:https%3A%2F%2Fwww.chronobiology.com%2Ffr%2Fmelatonine-chronobiologie%2Fhistoire%2F|||\u00a0\u00bb][\/vc_column][vc_column width=\u00a0\u00bb1\/4&Prime; el_class=\u00a0\u00bbmelatonin-box\u00a0\u00bb css=\u00a0\u00bb.vc_custom_1479398743982{background-image: url(https:\/\/www.chronobiology.com\/wp-content\/uploads\/2016\/11\/tasks_small.jpg?id=11735) !important;}\u00a0\u00bb][vc_custom_heading text=\u00a0\u00bbFonctions\u00a0\u00bb font_container=\u00a0\u00bbtag:h4|text_align:center\u00a0\u00bb use_theme_fonts=\u00a0\u00bbyes\u00a0\u00bb link=\u00a0\u00bburl:https%3A%2F%2Fwww.chronobiology.com%2Ffr%2Fmelatonine-chronobiologie%2Ffonctions%2F|||\u00a0\u00bb][\/vc_column][vc_column width=\u00a0\u00bb1\/4&Prime; el_class=\u00a0\u00bbmelatonin-box\u00a0\u00bb css=\u00a0\u00bb.vc_custom_1479399341009{background-image: url(https:\/\/www.chronobiology.com\/wp-content\/uploads\/2016\/11\/mechanism_small.jpg?id=11739) !important;}\u00a0\u00bb][vc_custom_heading text=\u00a0\u00bbM\u00e9canisme\u00a0\u00bb font_container=\u00a0\u00bbtag:h4|text_align:center\u00a0\u00bb use_theme_fonts=\u00a0\u00bbyes\u00a0\u00bb link=\u00a0\u00bburl:https%3A%2F%2Fwww.chronobiology.com%2Ffr%2Fmelatonine-chronobiologie%2Fmecanisme%2F|||\u00a0\u00bb][\/vc_column][vc_column width=\u00a0\u00bb1\/4&Prime; el_class=\u00a0\u00bbmelatonin-box\u00a0\u00bb css=\u00a0\u00bb.vc_custom_1479399271751{background-image: url(https:\/\/www.chronobiology.com\/wp-content\/uploads\/2016\/11\/melatonin_production_small.jpg?id=11738) !important;}\u00a0\u00bb][vc_custom_heading text=\u00a0\u00bbLa m\u00e9latonine: production et vieillissement\u00a0\u00bb font_container=\u00a0\u00bbtag:h4|text_align:center\u00a0\u00bb use_theme_fonts=\u00a0\u00bbyes\u00a0\u00bb link=\u00a0\u00bburl:https%3A%2F%2Fwww.chronobiology.com%2Ffr%2Fmelatonine-chronobiologie%2Fla-melatonine-production-et-vieillissement%2F|||\u00a0\u00bb][\/vc_column][\/vc_row][vc_row el_class=\u00a0\u00bbmelatonin-boxes last-boxes\u00a0\u00bb][vc_column width=\u00a0\u00bb1\/3&Prime; css=\u00a0\u00bb.vc_custom_1479399423047{background-image: url(https:\/\/www.chronobiology.com\/wp-content\/uploads\/2016\/11\/indications_small.jpg?id=11737) !important;}\u00a0\u00bb el_class=\u00a0\u00bbmelatonin-box\u00a0\u00bb][vc_custom_heading text=\u00a0\u00bbIndications\u00a0\u00bb font_container=\u00a0\u00bbtag:h4|text_align:center\u00a0\u00bb use_theme_fonts=\u00a0\u00bbyes\u00a0\u00bb link=\u00a0\u00bburl:https%3A%2F%2Fwww.chronobiology.com%2Ffr%2Fmelatonine-chronobiologie%2Findications%2F|||\u00a0\u00bb][\/vc_column][vc_column width=\u00a0\u00bb1\/3&Prime; el_class=\u00a0\u00bbmelatonin-box\u00a0\u00bb css=\u00a0\u00bb.vc_custom_1479399778167{background-image: url(https:\/\/www.chronobiology.com\/wp-content\/uploads\/2016\/11\/disturbances_small.jpg?id=11744) !important;}\u00a0\u00bb][vc_custom_heading text=\u00a0\u00bbTroubles du sommeil d\u2019origine exog\u00e8ne\u00a0\u00bb font_container=\u00a0\u00bbtag:h4|text_align:center\u00a0\u00bb use_theme_fonts=\u00a0\u00bbyes\u00a0\u00bb link=\u00a0\u00bburl:https%3A%2F%2Fwww.chronobiology.com%2Ffr%2Fmelatonine-chronobiologie%2Ftroubles-du-sommeil-dorigine-exogene%2F|||\u00a0\u00bb][\/vc_column][vc_column width=\u00a0\u00bb1\/3&Prime; el_class=\u00a0\u00bbmelatonin-box\u00a0\u00bb css=\u00a0\u00bb.vc_custom_1479399800243{background-image: url(https:\/\/www.chronobiology.com\/wp-content\/uploads\/2016\/11\/dosage_small.jpg?id=11745) !important;}\u00a0\u00bb][vc_custom_heading text=\u00a0\u00bbDosage et effets secondaires\u00a0\u00bb font_container=\u00a0\u00bbtag:h4|text_align:center\u00a0\u00bb use_theme_fonts=\u00a0\u00bbyes\u00a0\u00bb link=\u00a0\u00bburl:https%3A%2F%2Fwww.chronobiology.com%2Ffr%2Fmelatonine-chronobiologie%2Fdosage-et-effets-secondaires%2F|||\u00a0\u00bb][\/vc_column][\/vc_row]<\/p>\n<\/div>","protected":false},"excerpt":{"rendered":"<p>[vc_row full_width=\u00a0\u00bbstretch_row\u00a0\u00bb css=\u00a0\u00bb.vc_custom_1479387610301{background-image: url(https:\/\/www.chronobiology.com\/wp-content\/uploads\/2016\/06\/brain-and-psyche-11.jpg?id=9163) !important;}\u00a0\u00bb el_class=\u00a0\u00bbbanner-top\u00a0\u00bb][vc_column][vc_custom_heading source=\u00a0\u00bbpost_title\u00a0\u00bb font_container=\u00a0\u00bbtag:h1|text_align:center\u00a0\u00bb use_theme_fonts=\u00a0\u00bbyes\u00a0\u00bb][\/vc_column][\/vc_row][vc_row el_class=\u00a0\u00bbmelatoninfacts\u00a0\u00bb][vc_column width=\u00a0\u00bb3\/4&Prime;][vc_column_text]La m\u00e9latonine, connue \u00e9galement comme \u00ab l\u2019hormone m\u00e8re de la chronobiologie \u00bb est une hormone originairement secr\u00e9t\u00e9e par la glande pin\u00e9ale. La production de m\u00e9latonine se fait sur indication du noyau suprachiasmatique de l\u2019hypothalamus qui r\u00e9gule de fa\u00e7on significative le rythme circadien. Lorsque la r\u00e9tine [&hellip;]<\/p>\n","protected":false},"author":15,"featured_media":18216,"parent":0,"menu_order":0,"comment_status":"closed","ping_status":"closed","template":"","meta":{"_acf_changed":false,"_genesis_hide_title":false,"_genesis_hide_breadcrumbs":false,"_genesis_hide_singular_image":false,"_genesis_hide_footer_widgets":false,"_genesis_custom_body_class":"","_genesis_custom_post_class":"","_genesis_layout":"full-width-content","footnotes":""},"categories":[],"class_list":{"0":"post-18944","1":"page","2":"type-page","3":"status-publish","4":"has-post-thumbnail","6":"entry"},"acf":[],"yoast_head":"<!-- This site is optimized with the Yoast SEO Premium plugin v23.4 (Yoast SEO v23.4) - https:\/\/yoast.com\/wordpress\/plugins\/seo\/ -->\n<title>M\u00e9latonine &amp; Chronobiologie &#8211; Chronobiology.com<\/title>\n<meta name=\"robots\" content=\"index, follow, max-snippet:-1, max-image-preview:large, max-video-preview:-1\" \/>\n<link rel=\"canonical\" href=\"https:\/\/dev.chronobiology.com\/fr\/melatonine-chronobiologie\/\" \/>\n<meta property=\"og:locale\" content=\"fr_FR\" \/>\n<meta property=\"og:type\" content=\"article\" \/>\n<meta property=\"og:title\" content=\"M\u00e9latonine &amp; Chronobiologie\" \/>\n<meta property=\"og:description\" content=\"[vc_row full_width=\u00a0\u00bbstretch_row\u00a0\u00bb css=\u00a0\u00bb.vc_custom_1479387610301{background-image: url(https:\/\/www.chronobiology.com\/wp-content\/uploads\/2016\/06\/brain-and-psyche-11.jpg?id=9163) !important;}\u00a0\u00bb el_class=\u00a0\u00bbbanner-top\u00a0\u00bb][vc_column][vc_custom_heading source=\u00a0\u00bbpost_title\u00a0\u00bb font_container=\u00a0\u00bbtag:h1|text_align:center\u00a0\u00bb use_theme_fonts=\u00a0\u00bbyes\u00a0\u00bb][\/vc_column][\/vc_row][vc_row el_class=\u00a0\u00bbmelatoninfacts\u00a0\u00bb][vc_column width=\u00a0\u00bb3\/4&Prime;][vc_column_text]La m\u00e9latonine, connue \u00e9galement comme \u00ab l\u2019hormone m\u00e8re de la chronobiologie \u00bb est une hormone originairement secr\u00e9t\u00e9e par la glande pin\u00e9ale. La production de m\u00e9latonine se fait sur indication du noyau suprachiasmatique de l\u2019hypothalamus qui r\u00e9gule de fa\u00e7on significative le rythme circadien. Lorsque la r\u00e9tine [&hellip;]\" \/>\n<meta property=\"og:url\" content=\"https:\/\/dev.chronobiology.com\/fr\/melatonine-chronobiologie\/\" \/>\n<meta property=\"og:site_name\" content=\"Chronobiology.com\" \/>\n<meta property=\"article:publisher\" content=\"https:\/\/www.facebook.com\/chronobiology\" \/>\n<meta property=\"article:modified_time\" content=\"2020-06-18T14:01:52+00:00\" \/>\n<meta property=\"og:image\" content=\"https:\/\/dev.chronobiology.com\/wp-content\/uploads\/2016\/12\/melatonine-chronobiologie.jpg\" \/>\n\t<meta property=\"og:image:width\" content=\"740\" \/>\n\t<meta property=\"og:image:height\" content=\"504\" \/>\n\t<meta property=\"og:image:type\" content=\"image\/jpeg\" \/>\n<meta name=\"twitter:card\" content=\"summary_large_image\" \/>\n<meta name=\"twitter:site\" content=\"@chronobionews\" \/>\n<meta name=\"twitter:label1\" content=\"Dur\u00e9e de lecture estim\u00e9e\" \/>\n\t<meta name=\"twitter:data1\" content=\"5 minutes\" \/>\n<script type=\"application\/ld+json\" class=\"yoast-schema-graph\">{\"@context\":\"https:\/\/schema.org\",\"@graph\":[{\"@type\":\"WebPage\",\"@id\":\"https:\/\/dev.chronobiology.com\/fr\/melatonine-chronobiologie\/\",\"url\":\"https:\/\/dev.chronobiology.com\/fr\/melatonine-chronobiologie\/\",\"name\":\"M\u00e9latonine & Chronobiologie &#8211; Chronobiology.com\",\"isPartOf\":{\"@id\":\"https:\/\/dev.chronobiology.com\/fr\/#website\"},\"primaryImageOfPage\":{\"@id\":\"https:\/\/dev.chronobiology.com\/fr\/melatonine-chronobiologie\/#primaryimage\"},\"image\":{\"@id\":\"https:\/\/dev.chronobiology.com\/fr\/melatonine-chronobiologie\/#primaryimage\"},\"thumbnailUrl\":\"https:\/\/dev.chronobiology.com\/wp-content\/uploads\/2016\/12\/melatonine-chronobiologie.jpg\",\"datePublished\":\"2017-01-30T22:36:38+00:00\",\"dateModified\":\"2020-06-18T14:01:52+00:00\",\"breadcrumb\":{\"@id\":\"https:\/\/dev.chronobiology.com\/fr\/melatonine-chronobiologie\/#breadcrumb\"},\"inLanguage\":\"fr-FR\",\"potentialAction\":[{\"@type\":\"ReadAction\",\"target\":[\"https:\/\/dev.chronobiology.com\/fr\/melatonine-chronobiologie\/\"]}]},{\"@type\":\"ImageObject\",\"inLanguage\":\"fr-FR\",\"@id\":\"https:\/\/dev.chronobiology.com\/fr\/melatonine-chronobiologie\/#primaryimage\",\"url\":\"https:\/\/dev.chronobiology.com\/wp-content\/uploads\/2016\/12\/melatonine-chronobiologie.jpg\",\"contentUrl\":\"https:\/\/dev.chronobiology.com\/wp-content\/uploads\/2016\/12\/melatonine-chronobiologie.jpg\",\"width\":740,\"height\":504,\"caption\":\"M\u00e9latonine & Chronobiologie\"},{\"@type\":\"BreadcrumbList\",\"@id\":\"https:\/\/dev.chronobiology.com\/fr\/melatonine-chronobiologie\/#breadcrumb\",\"itemListElement\":[{\"@type\":\"ListItem\",\"position\":1,\"name\":\"Home\",\"item\":\"https:\/\/dev.chronobiology.com\/fr\/\"},{\"@type\":\"ListItem\",\"position\":2,\"name\":\"M\u00e9latonine &#038; Chronobiologie\"}]},{\"@type\":\"WebSite\",\"@id\":\"https:\/\/dev.chronobiology.com\/fr\/#website\",\"url\":\"https:\/\/dev.chronobiology.com\/fr\/\",\"name\":\"Chronobiology.com\",\"description\":\"\",\"publisher\":{\"@id\":\"https:\/\/dev.chronobiology.com\/fr\/#organization\"},\"potentialAction\":[{\"@type\":\"SearchAction\",\"target\":{\"@type\":\"EntryPoint\",\"urlTemplate\":\"https:\/\/dev.chronobiology.com\/fr\/?s={search_term_string}\"},\"query-input\":{\"@type\":\"PropertyValueSpecification\",\"valueRequired\":true,\"valueName\":\"search_term_string\"}}],\"inLanguage\":\"fr-FR\"},{\"@type\":\"Organization\",\"@id\":\"https:\/\/dev.chronobiology.com\/fr\/#organization\",\"name\":\"Chronobiology\",\"url\":\"https:\/\/dev.chronobiology.com\/fr\/\",\"logo\":{\"@type\":\"ImageObject\",\"inLanguage\":\"fr-FR\",\"@id\":\"https:\/\/dev.chronobiology.com\/fr\/#\/schema\/logo\/image\/\",\"url\":\"https:\/\/www.chronobiology.com\/wp-content\/uploads\/2019\/01\/chronobiology_logo_en_r.png\",\"contentUrl\":\"https:\/\/www.chronobiology.com\/wp-content\/uploads\/2019\/01\/chronobiology_logo_en_r.png\",\"width\":375,\"height\":90,\"caption\":\"Chronobiology\"},\"image\":{\"@id\":\"https:\/\/dev.chronobiology.com\/fr\/#\/schema\/logo\/image\/\"},\"sameAs\":[\"https:\/\/www.facebook.com\/chronobiology\",\"https:\/\/x.com\/chronobionews\",\"https:\/\/www.instagram.com\/chronobiology\/\",\"https:\/\/www.pinterest.com\/chronobiology\/\"]}]}<\/script>\n<!-- \/ Yoast SEO Premium plugin. -->","yoast_head_json":{"title":"M\u00e9latonine & Chronobiologie &#8211; Chronobiology.com","robots":{"index":"index","follow":"follow","max-snippet":"max-snippet:-1","max-image-preview":"max-image-preview:large","max-video-preview":"max-video-preview:-1"},"canonical":"https:\/\/dev.chronobiology.com\/fr\/melatonine-chronobiologie\/","og_locale":"fr_FR","og_type":"article","og_title":"M\u00e9latonine & Chronobiologie","og_description":"[vc_row full_width=\u00a0\u00bbstretch_row\u00a0\u00bb css=\u00a0\u00bb.vc_custom_1479387610301{background-image: url(https:\/\/www.chronobiology.com\/wp-content\/uploads\/2016\/06\/brain-and-psyche-11.jpg?id=9163) !important;}\u00a0\u00bb el_class=\u00a0\u00bbbanner-top\u00a0\u00bb][vc_column][vc_custom_heading source=\u00a0\u00bbpost_title\u00a0\u00bb font_container=\u00a0\u00bbtag:h1|text_align:center\u00a0\u00bb use_theme_fonts=\u00a0\u00bbyes\u00a0\u00bb][\/vc_column][\/vc_row][vc_row el_class=\u00a0\u00bbmelatoninfacts\u00a0\u00bb][vc_column width=\u00a0\u00bb3\/4&Prime;][vc_column_text]La m\u00e9latonine, connue \u00e9galement comme \u00ab l\u2019hormone m\u00e8re de la chronobiologie \u00bb est une hormone originairement secr\u00e9t\u00e9e par la glande pin\u00e9ale. La production de m\u00e9latonine se fait sur indication du noyau suprachiasmatique de l\u2019hypothalamus qui r\u00e9gule de fa\u00e7on significative le rythme circadien. Lorsque la r\u00e9tine [&hellip;]","og_url":"https:\/\/dev.chronobiology.com\/fr\/melatonine-chronobiologie\/","og_site_name":"Chronobiology.com","article_publisher":"https:\/\/www.facebook.com\/chronobiology","article_modified_time":"2020-06-18T14:01:52+00:00","og_image":[{"width":740,"height":504,"url":"https:\/\/dev.chronobiology.com\/wp-content\/uploads\/2016\/12\/melatonine-chronobiologie.jpg","type":"image\/jpeg"}],"twitter_card":"summary_large_image","twitter_site":"@chronobionews","twitter_misc":{"Dur\u00e9e de lecture estim\u00e9e":"5 minutes"},"schema":{"@context":"https:\/\/schema.org","@graph":[{"@type":"WebPage","@id":"https:\/\/dev.chronobiology.com\/fr\/melatonine-chronobiologie\/","url":"https:\/\/dev.chronobiology.com\/fr\/melatonine-chronobiologie\/","name":"M\u00e9latonine & Chronobiologie &#8211; Chronobiology.com","isPartOf":{"@id":"https:\/\/dev.chronobiology.com\/fr\/#website"},"primaryImageOfPage":{"@id":"https:\/\/dev.chronobiology.com\/fr\/melatonine-chronobiologie\/#primaryimage"},"image":{"@id":"https:\/\/dev.chronobiology.com\/fr\/melatonine-chronobiologie\/#primaryimage"},"thumbnailUrl":"https:\/\/dev.chronobiology.com\/wp-content\/uploads\/2016\/12\/melatonine-chronobiologie.jpg","datePublished":"2017-01-30T22:36:38+00:00","dateModified":"2020-06-18T14:01:52+00:00","breadcrumb":{"@id":"https:\/\/dev.chronobiology.com\/fr\/melatonine-chronobiologie\/#breadcrumb"},"inLanguage":"fr-FR","potentialAction":[{"@type":"ReadAction","target":["https:\/\/dev.chronobiology.com\/fr\/melatonine-chronobiologie\/"]}]},{"@type":"ImageObject","inLanguage":"fr-FR","@id":"https:\/\/dev.chronobiology.com\/fr\/melatonine-chronobiologie\/#primaryimage","url":"https:\/\/dev.chronobiology.com\/wp-content\/uploads\/2016\/12\/melatonine-chronobiologie.jpg","contentUrl":"https:\/\/dev.chronobiology.com\/wp-content\/uploads\/2016\/12\/melatonine-chronobiologie.jpg","width":740,"height":504,"caption":"M\u00e9latonine & Chronobiologie"},{"@type":"BreadcrumbList","@id":"https:\/\/dev.chronobiology.com\/fr\/melatonine-chronobiologie\/#breadcrumb","itemListElement":[{"@type":"ListItem","position":1,"name":"Home","item":"https:\/\/dev.chronobiology.com\/fr\/"},{"@type":"ListItem","position":2,"name":"M\u00e9latonine &#038; Chronobiologie"}]},{"@type":"WebSite","@id":"https:\/\/dev.chronobiology.com\/fr\/#website","url":"https:\/\/dev.chronobiology.com\/fr\/","name":"Chronobiology.com","description":"","publisher":{"@id":"https:\/\/dev.chronobiology.com\/fr\/#organization"},"potentialAction":[{"@type":"SearchAction","target":{"@type":"EntryPoint","urlTemplate":"https:\/\/dev.chronobiology.com\/fr\/?s={search_term_string}"},"query-input":{"@type":"PropertyValueSpecification","valueRequired":true,"valueName":"search_term_string"}}],"inLanguage":"fr-FR"},{"@type":"Organization","@id":"https:\/\/dev.chronobiology.com\/fr\/#organization","name":"Chronobiology","url":"https:\/\/dev.chronobiology.com\/fr\/","logo":{"@type":"ImageObject","inLanguage":"fr-FR","@id":"https:\/\/dev.chronobiology.com\/fr\/#\/schema\/logo\/image\/","url":"https:\/\/www.chronobiology.com\/wp-content\/uploads\/2019\/01\/chronobiology_logo_en_r.png","contentUrl":"https:\/\/www.chronobiology.com\/wp-content\/uploads\/2019\/01\/chronobiology_logo_en_r.png","width":375,"height":90,"caption":"Chronobiology"},"image":{"@id":"https:\/\/dev.chronobiology.com\/fr\/#\/schema\/logo\/image\/"},"sameAs":["https:\/\/www.facebook.com\/chronobiology","https:\/\/x.com\/chronobionews","https:\/\/www.instagram.com\/chronobiology\/","https:\/\/www.pinterest.com\/chronobiology\/"]}]}},"_links":{"self":[{"href":"https:\/\/dev.chronobiology.com\/fr\/wp-json\/wp\/v2\/pages\/18944"}],"collection":[{"href":"https:\/\/dev.chronobiology.com\/fr\/wp-json\/wp\/v2\/pages"}],"about":[{"href":"https:\/\/dev.chronobiology.com\/fr\/wp-json\/wp\/v2\/types\/page"}],"author":[{"embeddable":true,"href":"https:\/\/dev.chronobiology.com\/fr\/wp-json\/wp\/v2\/users\/15"}],"replies":[{"embeddable":true,"href":"https:\/\/dev.chronobiology.com\/fr\/wp-json\/wp\/v2\/comments?post=18944"}],"version-history":[{"count":5,"href":"https:\/\/dev.chronobiology.com\/fr\/wp-json\/wp\/v2\/pages\/18944\/revisions"}],"predecessor-version":[{"id":33019,"href":"https:\/\/dev.chronobiology.com\/fr\/wp-json\/wp\/v2\/pages\/18944\/revisions\/33019"}],"wp:featuredmedia":[{"embeddable":true,"href":"https:\/\/dev.chronobiology.com\/fr\/wp-json\/wp\/v2\/media\/18216"}],"wp:attachment":[{"href":"https:\/\/dev.chronobiology.com\/fr\/wp-json\/wp\/v2\/media?parent=18944"}],"wp:term":[{"taxonomy":"category","embeddable":true,"href":"https:\/\/dev.chronobiology.com\/fr\/wp-json\/wp\/v2\/categories?post=18944"}],"curies":[{"name":"wp","href":"https:\/\/api.w.org\/{rel}","templated":true}]}}