{"id":18149,"date":"2016-12-01T00:36:14","date_gmt":"2016-12-01T08:36:14","guid":{"rendered":"https:\/\/www.chronobiology.com\/fr\/?page_id=18149"},"modified":"2017-01-30T17:34:43","modified_gmt":"2017-01-31T01:34:43","slug":"home","status":"publish","type":"page","link":"https:\/\/dev.chronobiology.com\/fr\/","title":{"rendered":"Home"},"content":{"rendered":"<div class=\"wpb-content-wrapper\"><p>[vc_row full_width=\u00a0\u00bbstretch_row\u00a0\u00bb el_class=\u00a0\u00bbhome-top\u00a0\u00bb css=\u00a0\u00bb.vc_custom_1479373910556{background-image: url(https:\/\/www.chronobiology.com\/wp-content\/uploads\/2013\/04\/home_bg_2.jpg?id=11558) !important;background-position: center !important;background-repeat: no-repeat !important;background-size: cover !important;}\u00a0\u00bb][vc_column][vc_column_text]<\/p>\n<h1 style=\"text-align: center;\">CHRONOBIOLOGIE<\/h1>\n<h2 style=\"text-align: center;\">Ce site internet est consacr\u00e9 \u00e0 l\u2019histoire, aux d\u00e9couvertes et aux progr\u00e8s de la Chronobiologie.<\/h2>\n<p>[\/vc_column_text][\/vc_column][\/vc_row][vc_row][vc_column width=\u00a0\u00bb3\/4&Prime;][vc_column_text]<\/p>\n<article class=\"post-3056 page type-page status-publish entry\">\n<div class=\"entry-content\">\n<h2>NOTRE RYTHME DE VIE<\/h2>\n<\/div>\n<\/article>\n<p>[\/vc_column_text][vc_raw_html]JTNDZGl2JTIwY2xhc3MlM0QlMjJyaHl0aG1fb2ZfbGlmZSUyMiUzRSUwQSUyMCUyMCUzQ2RpdiUyMGNsYXNzJTNEJTIyY2xvY2tzJTIyJTNFJTBBJTA5JTNDY2FudmFzJTIwaWQlM0QlMjJjYW52YXMlMjIlMjB3aWR0aCUzRCUyMjIwMCUyMiUyMGhlaWdodCUzRCUyMjIwMCUyMiUzRSUzQ3AlM0UlM0Nmb250JTNFJTNDZm9udCUzRVlvdXIlMjBicm93c2VyJTIwZG9lcyUyMG5vdCUyMHN1cHBvcnQlMjB0aGUlMjBDQU5WQVMlMjBlbGVtZW50JTIwYWxhcyUyMSUzQyUyRmZvbnQlM0UlM0MlMkZmb250JTNFJTNDJTJGcCUzRSUzQyUyRmNhbnZhcyUzRSUwQSUyMCUyMCUyMCUyMCUzQyUyRmRpdiUzRSUwQSUzQyUyRmRpdiUzRQ==[\/vc_raw_html][vc_column_text]<\/p>\n<h4>LA CHRONOBIOLOGIE EN PILLULES<\/h4>\n<p>Ce site internet est consacr\u00e9 \u00e0 l\u2019histoire, aux d\u00e9couvertes et aux progr\u00e8s de la Chronobiologie.<\/p>\n<p>La Chronobiologie est une branche de la Biologie qui \u00e9tudie la fa\u00e7on dont les rythmes naturels de notre organisme (le rythme psychique, physique et \u00e9motionnel) subissent l\u2019influence des rythmes du Soleil et de la Lune. Les recherches men\u00e9es en Chronobiologie se concentrent essentiellement sur le rythme circadien, un cycle de processus physiologiques qui dure 24 heures et int\u00e9resse chaque partie du corps humain.<\/p>\n<p>Lorsque ces processus sont interrompus, ou bien en cas d\u2019anomalie au niveau de notre organisme, c\u2019est justement la Chronobiologie qui nous offre la solution.[\/vc_column_text][\/vc_column][vc_column width=\u00a0\u00bb1\/4&Prime; el_class=\u00a0\u00bbsidebar\u00a0\u00bb][vc_wp_custommenu title=\u00a0\u00bbLes b\u00e9n\u00e9fices de la Chronopharmacologie sur la sant\u00e9\u00a0\u00bb nav_menu=\u00a0\u00bb24&Prime;][\/vc_column][\/vc_row]<\/p>\n<\/div>","protected":false},"excerpt":{"rendered":"<p>[vc_row full_width=\u00a0\u00bbstretch_row\u00a0\u00bb el_class=\u00a0\u00bbhome-top\u00a0\u00bb css=\u00a0\u00bb.vc_custom_1479373910556{background-image: url(https:\/\/www.chronobiology.com\/wp-content\/uploads\/2013\/04\/home_bg_2.jpg?id=11558) !important;background-position: center !important;background-repeat: no-repeat !important;background-size: cover !important;}\u00a0\u00bb][vc_column][vc_column_text] CHRONOBIOLOGIE Ce site internet est consacr\u00e9 \u00e0 l\u2019histoire, aux d\u00e9couvertes et aux progr\u00e8s de la Chronobiologie. [\/vc_column_text][\/vc_column][\/vc_row][vc_row][vc_column width=\u00a0\u00bb3\/4&Prime;][vc_column_text] NOTRE RYTHME DE VIE [\/vc_column_text][vc_raw_html]JTNDZGl2JTIwY2xhc3MlM0QlMjJyaHl0aG1fb2ZfbGlmZSUyMiUzRSUwQSUyMCUyMCUzQ2RpdiUyMGNsYXNzJTNEJTIyY2xvY2tzJTIyJTNFJTBBJTA5JTNDY2FudmFzJTIwaWQlM0QlMjJjYW52YXMlMjIlMjB3aWR0aCUzRCUyMjIwMCUyMiUyMGhlaWdodCUzRCUyMjIwMCUyMiUzRSUzQ3AlM0UlM0Nmb250JTNFJTNDZm9udCUzRVlvdXIlMjBicm93c2VyJTIwZG9lcyUyMG5vdCUyMHN1cHBvcnQlMjB0aGUlMjBDQU5WQVMlMjBlbGVtZW50JTIwYWxhcyUyMSUzQyUyRmZvbnQlM0UlM0MlMkZmb250JTNFJTNDJTJGcCUzRSUzQyUyRmNhbnZhcyUzRSUwQSUyMCUyMCUyMCUyMCUzQyUyRmRpdiUzRSUwQSUzQyUyRmRpdiUzRQ==[\/vc_raw_html][vc_column_text] LA CHRONOBIOLOGIE EN PILLULES Ce site internet est consacr\u00e9 \u00e0 l\u2019histoire, aux d\u00e9couvertes et aux progr\u00e8s de la Chronobiologie. La [&hellip;]<\/p>\n","protected":false},"author":15,"featured_media":0,"parent":0,"menu_order":0,"comment_status":"open","ping_status":"closed","template":"","meta":{"_acf_changed":false,"_genesis_hide_title":false,"_genesis_hide_breadcrumbs":false,"_genesis_hide_singular_image":false,"_genesis_hide_footer_widgets":false,"_genesis_custom_body_class":"","_genesis_custom_post_class":"","_genesis_layout":"full-width-content","footnotes":""},"categories":[],"class_list":{"0":"post-18149","1":"page","2":"type-page","3":"status-publish","5":"entry","6":"has-post-thumbnail"},"acf":[],"yoast_head":"<!-- This site is optimized with the Yoast SEO Premium plugin v23.4 (Yoast SEO v23.4) - https:\/\/yoast.com\/wordpress\/plugins\/seo\/ -->\n<title>Home &#8211; Chronobiology.com<\/title>\n<meta name=\"robots\" content=\"index, follow, max-snippet:-1, max-image-preview:large, max-video-preview:-1\" \/>\n<link rel=\"canonical\" href=\"https:\/\/dev.chronobiology.com\/fr\/\" \/>\n<meta property=\"og:locale\" content=\"fr_FR\" \/>\n<meta property=\"og:type\" content=\"article\" \/>\n<meta property=\"og:title\" content=\"Home\" \/>\n<meta property=\"og:description\" content=\"[vc_row full_width=\u00a0\u00bbstretch_row\u00a0\u00bb el_class=\u00a0\u00bbhome-top\u00a0\u00bb css=\u00a0\u00bb.vc_custom_1479373910556{background-image: url(https:\/\/www.chronobiology.com\/wp-content\/uploads\/2013\/04\/home_bg_2.jpg?id=11558) !important;background-position: center !important;background-repeat: no-repeat !important;background-size: cover !important;}\u00a0\u00bb][vc_column][vc_column_text] CHRONOBIOLOGIE Ce site internet est consacr\u00e9 \u00e0 l\u2019histoire, aux d\u00e9couvertes et aux progr\u00e8s de la Chronobiologie. [\/vc_column_text][\/vc_column][\/vc_row][vc_row][vc_column width=\u00a0\u00bb3\/4&Prime;][vc_column_text] NOTRE RYTHME DE VIE [\/vc_column_text][vc_raw_html]JTNDZGl2JTIwY2xhc3MlM0QlMjJyaHl0aG1fb2ZfbGlmZSUyMiUzRSUwQSUyMCUyMCUzQ2RpdiUyMGNsYXNzJTNEJTIyY2xvY2tzJTIyJTNFJTBBJTA5JTNDY2FudmFzJTIwaWQlM0QlMjJjYW52YXMlMjIlMjB3aWR0aCUzRCUyMjIwMCUyMiUyMGhlaWdodCUzRCUyMjIwMCUyMiUzRSUzQ3AlM0UlM0Nmb250JTNFJTNDZm9udCUzRVlvdXIlMjBicm93c2VyJTIwZG9lcyUyMG5vdCUyMHN1cHBvcnQlMjB0aGUlMjBDQU5WQVMlMjBlbGVtZW50JTIwYWxhcyUyMSUzQyUyRmZvbnQlM0UlM0MlMkZmb250JTNFJTNDJTJGcCUzRSUzQyUyRmNhbnZhcyUzRSUwQSUyMCUyMCUyMCUyMCUzQyUyRmRpdiUzRSUwQSUzQyUyRmRpdiUzRQ==[\/vc_raw_html][vc_column_text] LA CHRONOBIOLOGIE EN PILLULES Ce site internet est consacr\u00e9 \u00e0 l\u2019histoire, aux d\u00e9couvertes et aux progr\u00e8s de la Chronobiologie. La [&hellip;]\" \/>\n<meta property=\"og:url\" content=\"https:\/\/dev.chronobiology.com\/fr\/\" \/>\n<meta property=\"og:site_name\" content=\"Chronobiology.com\" \/>\n<meta property=\"article:publisher\" content=\"https:\/\/www.facebook.com\/chronobiology\" \/>\n<meta property=\"article:modified_time\" content=\"2017-01-31T01:34:43+00:00\" \/>\n<meta name=\"twitter:card\" content=\"summary_large_image\" \/>\n<meta name=\"twitter:site\" content=\"@chronobionews\" \/>\n<meta name=\"twitter:label1\" content=\"Dur\u00e9e de lecture estim\u00e9e\" \/>\n\t<meta name=\"twitter:data1\" content=\"1 minute\" \/>\n<script type=\"application\/ld+json\" class=\"yoast-schema-graph\">{\"@context\":\"https:\/\/schema.org\",\"@graph\":[{\"@type\":\"WebPage\",\"@id\":\"https:\/\/dev.chronobiology.com\/fr\/\",\"url\":\"https:\/\/dev.chronobiology.com\/fr\/\",\"name\":\"Home &#8211; Chronobiology.com\",\"isPartOf\":{\"@id\":\"https:\/\/dev.chronobiology.com\/fr\/#website\"},\"datePublished\":\"2016-12-01T08:36:14+00:00\",\"dateModified\":\"2017-01-31T01:34:43+00:00\",\"breadcrumb\":{\"@id\":\"https:\/\/dev.chronobiology.com\/fr\/#breadcrumb\"},\"inLanguage\":\"fr-FR\",\"potentialAction\":[{\"@type\":\"ReadAction\",\"target\":[\"https:\/\/dev.chronobiology.com\/fr\/\"]}]},{\"@type\":\"BreadcrumbList\",\"@id\":\"https:\/\/dev.chronobiology.com\/fr\/#breadcrumb\",\"itemListElement\":[{\"@type\":\"ListItem\",\"position\":1,\"name\":\"Home\",\"item\":\"https:\/\/dev.chronobiology.com\/fr\/\"},{\"@type\":\"ListItem\",\"position\":2,\"name\":\"Home\"}]},{\"@type\":\"WebSite\",\"@id\":\"https:\/\/dev.chronobiology.com\/fr\/#website\",\"url\":\"https:\/\/dev.chronobiology.com\/fr\/\",\"name\":\"Chronobiology.com\",\"description\":\"\",\"publisher\":{\"@id\":\"https:\/\/dev.chronobiology.com\/fr\/#organization\"},\"potentialAction\":[{\"@type\":\"SearchAction\",\"target\":{\"@type\":\"EntryPoint\",\"urlTemplate\":\"https:\/\/dev.chronobiology.com\/fr\/?s={search_term_string}\"},\"query-input\":{\"@type\":\"PropertyValueSpecification\",\"valueRequired\":true,\"valueName\":\"search_term_string\"}}],\"inLanguage\":\"fr-FR\"},{\"@type\":\"Organization\",\"@id\":\"https:\/\/dev.chronobiology.com\/fr\/#organization\",\"name\":\"Chronobiology\",\"url\":\"https:\/\/dev.chronobiology.com\/fr\/\",\"logo\":{\"@type\":\"ImageObject\",\"inLanguage\":\"fr-FR\",\"@id\":\"https:\/\/dev.chronobiology.com\/fr\/#\/schema\/logo\/image\/\",\"url\":\"https:\/\/www.chronobiology.com\/wp-content\/uploads\/2019\/01\/chronobiology_logo_en_r.png\",\"contentUrl\":\"https:\/\/www.chronobiology.com\/wp-content\/uploads\/2019\/01\/chronobiology_logo_en_r.png\",\"width\":375,\"height\":90,\"caption\":\"Chronobiology\"},\"image\":{\"@id\":\"https:\/\/dev.chronobiology.com\/fr\/#\/schema\/logo\/image\/\"},\"sameAs\":[\"https:\/\/www.facebook.com\/chronobiology\",\"https:\/\/x.com\/chronobionews\",\"https:\/\/www.instagram.com\/chronobiology\/\",\"https:\/\/www.pinterest.com\/chronobiology\/\"]}]}<\/script>\n<!-- \/ Yoast SEO Premium plugin. -->","yoast_head_json":{"title":"Home &#8211; Chronobiology.com","robots":{"index":"index","follow":"follow","max-snippet":"max-snippet:-1","max-image-preview":"max-image-preview:large","max-video-preview":"max-video-preview:-1"},"canonical":"https:\/\/dev.chronobiology.com\/fr\/","og_locale":"fr_FR","og_type":"article","og_title":"Home","og_description":"[vc_row full_width=\u00a0\u00bbstretch_row\u00a0\u00bb el_class=\u00a0\u00bbhome-top\u00a0\u00bb css=\u00a0\u00bb.vc_custom_1479373910556{background-image: url(https:\/\/www.chronobiology.com\/wp-content\/uploads\/2013\/04\/home_bg_2.jpg?id=11558) !important;background-position: center !important;background-repeat: no-repeat !important;background-size: cover !important;}\u00a0\u00bb][vc_column][vc_column_text] CHRONOBIOLOGIE Ce site internet est consacr\u00e9 \u00e0 l\u2019histoire, aux d\u00e9couvertes et aux progr\u00e8s de la Chronobiologie. [\/vc_column_text][\/vc_column][\/vc_row][vc_row][vc_column width=\u00a0\u00bb3\/4&Prime;][vc_column_text] NOTRE RYTHME DE VIE [\/vc_column_text][vc_raw_html]JTNDZGl2JTIwY2xhc3MlM0QlMjJyaHl0aG1fb2ZfbGlmZSUyMiUzRSUwQSUyMCUyMCUzQ2RpdiUyMGNsYXNzJTNEJTIyY2xvY2tzJTIyJTNFJTBBJTA5JTNDY2FudmFzJTIwaWQlM0QlMjJjYW52YXMlMjIlMjB3aWR0aCUzRCUyMjIwMCUyMiUyMGhlaWdodCUzRCUyMjIwMCUyMiUzRSUzQ3AlM0UlM0Nmb250JTNFJTNDZm9udCUzRVlvdXIlMjBicm93c2VyJTIwZG9lcyUyMG5vdCUyMHN1cHBvcnQlMjB0aGUlMjBDQU5WQVMlMjBlbGVtZW50JTIwYWxhcyUyMSUzQyUyRmZvbnQlM0UlM0MlMkZmb250JTNFJTNDJTJGcCUzRSUzQyUyRmNhbnZhcyUzRSUwQSUyMCUyMCUyMCUyMCUzQyUyRmRpdiUzRSUwQSUzQyUyRmRpdiUzRQ==[\/vc_raw_html][vc_column_text] LA CHRONOBIOLOGIE EN PILLULES Ce site internet est consacr\u00e9 \u00e0 l\u2019histoire, aux d\u00e9couvertes et aux progr\u00e8s de la Chronobiologie. La [&hellip;]","og_url":"https:\/\/dev.chronobiology.com\/fr\/","og_site_name":"Chronobiology.com","article_publisher":"https:\/\/www.facebook.com\/chronobiology","article_modified_time":"2017-01-31T01:34:43+00:00","twitter_card":"summary_large_image","twitter_site":"@chronobionews","twitter_misc":{"Dur\u00e9e de lecture estim\u00e9e":"1 minute"},"schema":{"@context":"https:\/\/schema.org","@graph":[{"@type":"WebPage","@id":"https:\/\/dev.chronobiology.com\/fr\/","url":"https:\/\/dev.chronobiology.com\/fr\/","name":"Home &#8211; Chronobiology.com","isPartOf":{"@id":"https:\/\/dev.chronobiology.com\/fr\/#website"},"datePublished":"2016-12-01T08:36:14+00:00","dateModified":"2017-01-31T01:34:43+00:00","breadcrumb":{"@id":"https:\/\/dev.chronobiology.com\/fr\/#breadcrumb"},"inLanguage":"fr-FR","potentialAction":[{"@type":"ReadAction","target":["https:\/\/dev.chronobiology.com\/fr\/"]}]},{"@type":"BreadcrumbList","@id":"https:\/\/dev.chronobiology.com\/fr\/#breadcrumb","itemListElement":[{"@type":"ListItem","position":1,"name":"Home","item":"https:\/\/dev.chronobiology.com\/fr\/"},{"@type":"ListItem","position":2,"name":"Home"}]},{"@type":"WebSite","@id":"https:\/\/dev.chronobiology.com\/fr\/#website","url":"https:\/\/dev.chronobiology.com\/fr\/","name":"Chronobiology.com","description":"","publisher":{"@id":"https:\/\/dev.chronobiology.com\/fr\/#organization"},"potentialAction":[{"@type":"SearchAction","target":{"@type":"EntryPoint","urlTemplate":"https:\/\/dev.chronobiology.com\/fr\/?s={search_term_string}"},"query-input":{"@type":"PropertyValueSpecification","valueRequired":true,"valueName":"search_term_string"}}],"inLanguage":"fr-FR"},{"@type":"Organization","@id":"https:\/\/dev.chronobiology.com\/fr\/#organization","name":"Chronobiology","url":"https:\/\/dev.chronobiology.com\/fr\/","logo":{"@type":"ImageObject","inLanguage":"fr-FR","@id":"https:\/\/dev.chronobiology.com\/fr\/#\/schema\/logo\/image\/","url":"https:\/\/www.chronobiology.com\/wp-content\/uploads\/2019\/01\/chronobiology_logo_en_r.png","contentUrl":"https:\/\/www.chronobiology.com\/wp-content\/uploads\/2019\/01\/chronobiology_logo_en_r.png","width":375,"height":90,"caption":"Chronobiology"},"image":{"@id":"https:\/\/dev.chronobiology.com\/fr\/#\/schema\/logo\/image\/"},"sameAs":["https:\/\/www.facebook.com\/chronobiology","https:\/\/x.com\/chronobionews","https:\/\/www.instagram.com\/chronobiology\/","https:\/\/www.pinterest.com\/chronobiology\/"]}]}},"_links":{"self":[{"href":"https:\/\/dev.chronobiology.com\/fr\/wp-json\/wp\/v2\/pages\/18149"}],"collection":[{"href":"https:\/\/dev.chronobiology.com\/fr\/wp-json\/wp\/v2\/pages"}],"about":[{"href":"https:\/\/dev.chronobiology.com\/fr\/wp-json\/wp\/v2\/types\/page"}],"author":[{"embeddable":true,"href":"https:\/\/dev.chronobiology.com\/fr\/wp-json\/wp\/v2\/users\/15"}],"replies":[{"embeddable":true,"href":"https:\/\/dev.chronobiology.com\/fr\/wp-json\/wp\/v2\/comments?post=18149"}],"version-history":[{"count":4,"href":"https:\/\/dev.chronobiology.com\/fr\/wp-json\/wp\/v2\/pages\/18149\/revisions"}],"predecessor-version":[{"id":18177,"href":"https:\/\/dev.chronobiology.com\/fr\/wp-json\/wp\/v2\/pages\/18149\/revisions\/18177"}],"wp:attachment":[{"href":"https:\/\/dev.chronobiology.com\/fr\/wp-json\/wp\/v2\/media?parent=18149"}],"wp:term":[{"taxonomy":"category","embeddable":true,"href":"https:\/\/dev.chronobiology.com\/fr\/wp-json\/wp\/v2\/categories?post=18149"}],"curies":[{"name":"wp","href":"https:\/\/api.w.org\/{rel}","templated":true}]}}