{"id":19056,"date":"2017-01-30T22:12:44","date_gmt":"2017-01-31T06:12:44","guid":{"rendered":"https:\/\/www.chronobiology.com\/?page_id=19056\/"},"modified":"2017-07-09T23:49:22","modified_gmt":"2017-07-10T06:49:22","slug":"cronofarmacologia","status":"publish","type":"page","link":"https:\/\/dev.chronobiology.com\/es\/cronofarmacologia\/","title":{"rendered":"Cronofarmacolog\u00eda"},"content":{"rendered":"<div class=\"wpb-content-wrapper\"><p>[vc_row full_width=\u00bbstretch_row\u00bb css=\u00bb.vc_custom_1479277387463{background-image: url(https:\/\/www.chronobiology.com\/wp-content\/uploads\/2015\/01\/chronopharmakologie-2.jpg?id=9256) !important;background-position: center !important;background-repeat: no-repeat !important;background-size: cover !important;}\u00bb el_class=\u00bbbanner-top\u00bb][vc_column][vc_custom_heading source=\u00bbpost_title\u00bb font_container=\u00bbtag:h1|text_align:center\u00bb use_theme_fonts=\u00bbyes\u00bb][\/vc_column][\/vc_row][vc_row][vc_column][vc_column_text]<\/p>\n<h1>Cronofarmacolog\u00eda: Composici\u00f3n correcta en el momento correcto<\/h1>\n<p>El estado de salud de los \u00f3rganos de nuestro sistema digestivo determina en gran medida la velocidad con la que asimilamos los bioelementos que tomamos y por lo tanto su eficacia. Si una sustancia tiene que actuar sobre un \u00f3rgano espec\u00edfico y en una ranura de tiempo especifica, es necesario que la sustancia llegue al h\u00edgado puntualmente. Sin embargo, el paso de sustancias a trav\u00e9s del sistema digestivo puede ocurrir m\u00e1s o menos r\u00e1pidamente. El est\u00f3mago y el intestino, por ejemplo, en la ma\u00f1ana reciben un flujo de sangre mucho mayor que en la noche. Las preparaciones cronobiol\u00f3gicas han sido dise\u00f1adas en el cumplimiento de este principio: combinando las sustancias ingeridas por la ma\u00f1ana a las sustancias administradas por la noche. Al aplicar el conocimiento m\u00e1s reciente en el campo de la medicina, ya se puede evitar que la sustancia correcta sea administrada en el momento incorrecto. \u00bfQu\u00e9 sustancias funcionan mejor si se toman por la ma\u00f1ana? \u00bfQu\u00e9 sustancias funcionan mejor si se toman por la noche?<\/p>\n<p>\u00bfQu\u00e9 sustancias pueden tomarse juntas y cu\u00e1les deben combinarse necesariamente para que tengan efecto? \u00bfEl efecto de una sustancia biol\u00f3gica puede ser anulado si se combina con determinadas sustancias? La Cronoterapia surte efecto durante las horas en que la reacci\u00f3n de nuestro cuerpo es m\u00e1xima. De esta manera vamos a aumentar la eficacia de las sustancias tomadas y a reducir las molestias causadas por los efectos secundarios. Para muchas sustancias, el horario de administraci\u00f3n ideal ya se conoce. Muchos preparados modernos se pueden describir casi como \u00abinteligentes\u00bb. Contienen determinadas micro-sustancias biol\u00f3gicas suficientes para cubrir las necesidades diarias, y que se toman una vez al d\u00eda. Su eficacia dura desde el momento de la administraci\u00f3n, hasta altas horas de la noche, pero act\u00faan en el momento correcto ya que contienen un temporizador o sustancias que se liberan a distintas velocidades.<\/p>\n<h1>Beneficios para la salud<\/h1>\n<p>[\/vc_column_text][vc_row_inner el_class=\u00bbbenefits_box\u00bb][vc_column_inner width=\u00bb1\/4&#8243;][just_icon icon_type=\u00bbcustom\u00bb icon_img=\u00bbid^11575|url^https:\/\/www.chronobiology.com\/wp-content\/uploads\/2014\/05\/dermatology_ic.png|caption^null|alt^null|title^dermatology_ic|description^null\u00bb img_width=\u00bb120&#8243; icon_link=\u00bburl:https%3A%2F%2Fwww.chronobiology.com%2Fes%2Fcronofarmacologia%2Fdermatologia%2F|||\u00bb][vc_custom_heading text=\u00bbDermatolog\u00eda\u00bb font_container=\u00bbtag:h4|text_align:center\u00bb use_theme_fonts=\u00bbyes\u00bb link=\u00bburl:https%3A%2F%2Fwww.chronobiology.com%2Fes%2Fcronofarmacologia%2Fdermatologia%2F|||\u00bb][ult_createlink title=\u00bbVer m\u00e1s\u00bb btn_link=\u00bburl:https%3A%2F%2Fwww.chronobiology.com%2Fes%2Fcronofarmacologia%2Fdermatologia%2F|||\u00bb text_color=\u00bb#085cbc\u00bb text_hovercolor=\u00bb#085cbc\u00bb][\/vc_column_inner][vc_column_inner width=\u00bb1\/4&#8243;][just_icon icon_type=\u00bbcustom\u00bb icon_img=\u00bbid^11588|url^https:\/\/www.chronobiology.com\/wp-content\/uploads\/2014\/05\/cardio_ic.png|caption^null|alt^null|title^cardio_ic|description^null\u00bb img_width=\u00bb94&#8243; icon_link=\u00bburl:https%3A%2F%2Fwww.chronobiology.com%2Fes%2Fcronofarmacologia%2Fsistema-cardiovascular%2F|||\u00bb][vc_custom_heading text=\u00bbSistema Cardiovascular\u00bb font_container=\u00bbtag:h4|text_align:center\u00bb use_theme_fonts=\u00bbyes\u00bb link=\u00bburl:https%3A%2F%2Fwww.chronobiology.com%2Fes%2Fcronofarmacologia%2Fsistema-cardiovascular%2F|||\u00bb][ult_createlink title=\u00bbVer m\u00e1s\u00bb btn_link=\u00bburl:https%3A%2F%2Fwww.chronobiology.com%2Fes%2Fcronofarmacologia%2Fsistema-cardiovascular%2F|||\u00bb text_color=\u00bb#085cbc\u00bb text_hovercolor=\u00bb#085cbc\u00bb][\/vc_column_inner][vc_column_inner width=\u00bb1\/4&#8243;][just_icon icon_type=\u00bbcustom\u00bb icon_img=\u00bbid^11589|url^https:\/\/www.chronobiology.com\/wp-content\/uploads\/2014\/05\/muscul_ic.png|caption^null|alt^null|title^muscul_ic|description^null\u00bb img_width=\u00bb62&#8243; icon_link=\u00bburl:https%3A%2F%2Fwww.chronobiology.com%2Fes%2Fcronofarmacologia%2Fsistema-muscolo-esqueletico%2F|||\u00bb][vc_custom_heading text=\u00bbSistema M\u00fasculo-Esquel\u00e9ttico\u00bb font_container=\u00bbtag:h4|text_align:center\u00bb use_theme_fonts=\u00bbyes\u00bb link=\u00bburl:https%3A%2F%2Fwww.chronobiology.com%2Fes%2Fcronofarmacologia%2Fsistema-muscolo-esqueletico%2F|||\u00bb][ult_createlink title=\u00bbVer m\u00e1s\u00bb btn_link=\u00bburl:https%3A%2F%2Fwww.chronobiology.com%2Fes%2Fcronofarmacologia%2Fsistema-muscolo-esqueletico%2F|||\u00bb text_color=\u00bb#085cbc\u00bb text_hovercolor=\u00bb#085cbc\u00bb][\/vc_column_inner][vc_column_inner width=\u00bb1\/4&#8243;][just_icon icon_type=\u00bbcustom\u00bb icon_img=\u00bbid^11590|url^https:\/\/www.chronobiology.com\/wp-content\/uploads\/2014\/05\/cell_icon.png|caption^null|alt^null|title^cell_icon|description^null\u00bb img_width=\u00bb89&#8243; icon_link=\u00bburl:https%3A%2F%2Fwww.chronobiology.com%2Fes%2Fcronofarmacologia%2Fproteccion-de-las-celulas-sanas%2F|||\u00bb][vc_custom_heading text=\u00bbProtecci\u00f3n de las c\u00e9lulas sanas\u00bb font_container=\u00bbtag:h4|text_align:center\u00bb use_theme_fonts=\u00bbyes\u00bb link=\u00bburl:https%3A%2F%2Fwww.chronobiology.com%2Fes%2Fcronofarmacologia%2Fproteccion-de-las-celulas-sanas%2F|||\u00bb][ult_createlink title=\u00bbVer m\u00e1s\u00bb btn_link=\u00bburl:https%3A%2F%2Fwww.chronobiology.com%2Fes%2Fcronofarmacologia%2Fproteccion-de-las-celulas-sanas%2F|||\u00bb text_color=\u00bb#085cbc\u00bb text_hovercolor=\u00bb#085cbc\u00bb][\/vc_column_inner][\/vc_row_inner][vc_row_inner el_class=\u00bbbenefits_box\u00bb][vc_column_inner width=\u00bb1\/4&#8243;][just_icon icon_type=\u00bbcustom\u00bb icon_img=\u00bbid^11595|url^https:\/\/www.chronobiology.com\/wp-content\/uploads\/2014\/05\/metabolism_ic.png|caption^null|alt^null|title^metabolism_ic|description^null\u00bb img_width=\u00bb90&#8243; icon_link=\u00bburl:https%3A%2F%2Fwww.chronobiology.com%2Fes%2Fcronofarmacologia%2Fmetabolismo%2F|||\u00bb][vc_custom_heading text=\u00bbMetabolismo\u00bb font_container=\u00bbtag:h4|text_align:center\u00bb use_theme_fonts=\u00bbyes\u00bb link=\u00bburl:https%3A%2F%2Fwww.chronobiology.com%2Fes%2Fcronofarmacologia%2Fmetabolismo%2F|||\u00bb][ult_createlink title=\u00bbVer m\u00e1s\u00bb btn_link=\u00bburl:https%3A%2F%2Fwww.chronobiology.com%2Fes%2Fcronofarmacologia%2Fla-salud-de-la-mujer%2F|||\u00bb text_color=\u00bb#085cbc\u00bb text_hovercolor=\u00bb#085cbc\u00bb][\/vc_column_inner][vc_column_inner width=\u00bb1\/4&#8243;][just_icon icon_type=\u00bbcustom\u00bb icon_img=\u00bbid^11598|url^https:\/\/www.chronobiology.com\/wp-content\/uploads\/2014\/05\/woman_ic.png|caption^null|alt^null|title^woman_ic|description^null\u00bb img_width=\u00bb90&#8243; icon_link=\u00bburl:https%3A%2F%2Fwww.chronobiology.com%2Fes%2Fcronofarmacologia%2Fla-salud-de-la-mujer%2F|||\u00bb][vc_custom_heading text=\u00bbLa Salud de la Mujer\u00bb font_container=\u00bbtag:h4|text_align:center\u00bb use_theme_fonts=\u00bbyes\u00bb link=\u00bburl:https%3A%2F%2Fwww.chronobiology.com%2Fes%2Fcronofarmacologia%2Fla-salud-de-la-mujer%2F|||\u00bb][ult_createlink title=\u00bbVer m\u00e1s\u00bb btn_link=\u00bburl:https%3A%2F%2Fwww.chronobiology.com%2Fes%2Fcronofarmacologia%2Fla-salud-de-la-mujer%2F|||\u00bb text_color=\u00bb#085cbc\u00bb text_hovercolor=\u00bb#085cbc\u00bb][\/vc_column_inner][vc_column_inner width=\u00bb1\/4&#8243;][just_icon icon_type=\u00bbcustom\u00bb icon_img=\u00bbid^11597|url^https:\/\/www.chronobiology.com\/wp-content\/uploads\/2014\/05\/men_ic.png|caption^null|alt^null|title^men_ic|description^null\u00bb img_width=\u00bb76&#8243; icon_link=\u00bburl:https%3A%2F%2Fwww.chronobiology.com%2Fes%2Fcronofarmacologia%2Fsalud-del-hombre%2F|||\u00bb][vc_custom_heading text=\u00bbSalud del hombre\u00bb font_container=\u00bbtag:h4|text_align:center\u00bb use_theme_fonts=\u00bbyes\u00bb link=\u00bburl:https%3A%2F%2Fwww.chronobiology.com%2Fes%2Fcronofarmacologia%2Fsalud-del-hombre%2F|||\u00bb][ult_createlink title=\u00bbVer m\u00e1s\u00bb btn_link=\u00bburl:https%3A%2F%2Fwww.chronobiology.com%2Fes%2Fcronofarmacologia%2Fsalud-del-hombre%2F|||\u00bb text_color=\u00bb#085cbc\u00bb text_hovercolor=\u00bb#085cbc\u00bb][\/vc_column_inner][vc_column_inner width=\u00bb1\/4&#8243;][just_icon icon_type=\u00bbcustom\u00bb icon_img=\u00bbid^11596|url^https:\/\/www.chronobiology.com\/wp-content\/uploads\/2014\/05\/brain_ic.png|caption^null|alt^null|title^brain_ic|description^null\u00bb img_width=\u00bb76&#8243; icon_link=\u00bburl:https%3A%2F%2Fwww.chronobiology.com%2Fes%2Fcronofarmacologia%2Fsalud-mental%2F|||\u00bb][vc_custom_heading text=\u00bbSalud Mental\u00bb font_container=\u00bbtag:h4|text_align:center\u00bb use_theme_fonts=\u00bbyes\u00bb link=\u00bburl:https%3A%2F%2Fwww.chronobiology.com%2Fes%2Fcronofarmacologia%2Fsalud-mental%2F|||\u00bb][ult_createlink title=\u00bbVer m\u00e1s\u00bb btn_link=\u00bburl:https%3A%2F%2Fwww.chronobiology.com%2Fes%2Fcronofarmacologia%2Fsalud-mental%2F|||\u00bb text_color=\u00bb#085cbc\u00bb text_hovercolor=\u00bb#085cbc\u00bb][\/vc_column_inner][\/vc_row_inner][\/vc_column][\/vc_row]<\/p>\n<\/div>","protected":false},"excerpt":{"rendered":"<p>[vc_row full_width=\u00bbstretch_row\u00bb css=\u00bb.vc_custom_1479277387463{background-image: url(https:\/\/www.chronobiology.com\/wp-content\/uploads\/2015\/01\/chronopharmakologie-2.jpg?id=9256) !important;background-position: center !important;background-repeat: no-repeat !important;background-size: cover !important;}\u00bb el_class=\u00bbbanner-top\u00bb][vc_column][vc_custom_heading source=\u00bbpost_title\u00bb font_container=\u00bbtag:h1|text_align:center\u00bb use_theme_fonts=\u00bbyes\u00bb][\/vc_column][\/vc_row][vc_row][vc_column][vc_column_text] Cronofarmacolog\u00eda: Composici\u00f3n correcta en el momento correcto El estado de salud de los \u00f3rganos de nuestro sistema digestivo determina en gran medida la velocidad con la que asimilamos los bioelementos que tomamos y por lo tanto su eficacia. Si una [&hellip;]<\/p>\n","protected":false},"author":15,"featured_media":24507,"parent":0,"menu_order":0,"comment_status":"open","ping_status":"closed","template":"","meta":{"_acf_changed":false,"_genesis_hide_title":false,"_genesis_hide_breadcrumbs":false,"_genesis_hide_singular_image":false,"_genesis_hide_footer_widgets":false,"_genesis_custom_body_class":"","_genesis_custom_post_class":"","_genesis_layout":"full-width-content","footnotes":""},"categories":[],"class_list":{"0":"post-19056","1":"page","2":"type-page","3":"status-publish","4":"has-post-thumbnail","6":"entry"},"acf":[],"yoast_head":"<!-- This site is optimized with the Yoast SEO Premium plugin v23.4 (Yoast SEO v23.4) - https:\/\/yoast.com\/wordpress\/plugins\/seo\/ -->\n<title>Cronofarmacolog\u00eda &#8211; Chronobiology.com<\/title>\n<meta name=\"robots\" content=\"index, follow, max-snippet:-1, max-image-preview:large, max-video-preview:-1\" \/>\n<link rel=\"canonical\" href=\"https:\/\/dev.chronobiology.com\/es\/cronofarmacologia\/\" \/>\n<meta property=\"og:locale\" content=\"es_ES\" \/>\n<meta property=\"og:type\" content=\"article\" \/>\n<meta property=\"og:title\" content=\"Cronofarmacolog\u00eda\" \/>\n<meta property=\"og:description\" content=\"[vc_row full_width=\u00bbstretch_row\u00bb css=\u00bb.vc_custom_1479277387463{background-image: url(https:\/\/www.chronobiology.com\/wp-content\/uploads\/2015\/01\/chronopharmakologie-2.jpg?id=9256) !important;background-position: center !important;background-repeat: no-repeat !important;background-size: cover !important;}\u00bb el_class=\u00bbbanner-top\u00bb][vc_column][vc_custom_heading source=\u00bbpost_title\u00bb font_container=\u00bbtag:h1|text_align:center\u00bb use_theme_fonts=\u00bbyes\u00bb][\/vc_column][\/vc_row][vc_row][vc_column][vc_column_text] Cronofarmacolog\u00eda: Composici\u00f3n correcta en el momento correcto El estado de salud de los \u00f3rganos de nuestro sistema digestivo determina en gran medida la velocidad con la que asimilamos los bioelementos que tomamos y por lo tanto su eficacia. Si una [&hellip;]\" \/>\n<meta property=\"og:url\" content=\"https:\/\/dev.chronobiology.com\/es\/cronofarmacologia\/\" \/>\n<meta property=\"og:site_name\" content=\"Chronobiology.com\" \/>\n<meta property=\"article:publisher\" content=\"https:\/\/www.facebook.com\/chronobiology\" \/>\n<meta property=\"article:modified_time\" content=\"2017-07-10T06:49:22+00:00\" \/>\n<meta property=\"og:image\" content=\"https:\/\/dev.chronobiology.com\/wp-content\/uploads\/2015\/01\/chronopharmakologie-2.jpg\" \/>\n\t<meta property=\"og:image:width\" content=\"1800\" \/>\n\t<meta property=\"og:image:height\" content=\"449\" \/>\n\t<meta property=\"og:image:type\" content=\"image\/jpeg\" \/>\n<meta name=\"twitter:card\" content=\"summary_large_image\" \/>\n<meta name=\"twitter:site\" content=\"@chronobionews\" \/>\n<meta name=\"twitter:label1\" content=\"Tiempo de lectura\" \/>\n\t<meta name=\"twitter:data1\" content=\"6 minutos\" \/>\n<script type=\"application\/ld+json\" class=\"yoast-schema-graph\">{\"@context\":\"https:\/\/schema.org\",\"@graph\":[{\"@type\":\"WebPage\",\"@id\":\"https:\/\/dev.chronobiology.com\/es\/cronofarmacologia\/\",\"url\":\"https:\/\/dev.chronobiology.com\/es\/cronofarmacologia\/\",\"name\":\"Cronofarmacolog\u00eda &#8211; Chronobiology.com\",\"isPartOf\":{\"@id\":\"https:\/\/dev.chronobiology.com\/es\/#website\"},\"primaryImageOfPage\":{\"@id\":\"https:\/\/dev.chronobiology.com\/es\/cronofarmacologia\/#primaryimage\"},\"image\":{\"@id\":\"https:\/\/dev.chronobiology.com\/es\/cronofarmacologia\/#primaryimage\"},\"thumbnailUrl\":\"https:\/\/dev.chronobiology.com\/wp-content\/uploads\/2015\/01\/chronopharmakologie-2.jpg\",\"datePublished\":\"2017-01-31T06:12:44+00:00\",\"dateModified\":\"2017-07-10T06:49:22+00:00\",\"breadcrumb\":{\"@id\":\"https:\/\/dev.chronobiology.com\/es\/cronofarmacologia\/#breadcrumb\"},\"inLanguage\":\"es\",\"potentialAction\":[{\"@type\":\"ReadAction\",\"target\":[\"https:\/\/dev.chronobiology.com\/es\/cronofarmacologia\/\"]}]},{\"@type\":\"ImageObject\",\"inLanguage\":\"es\",\"@id\":\"https:\/\/dev.chronobiology.com\/es\/cronofarmacologia\/#primaryimage\",\"url\":\"https:\/\/dev.chronobiology.com\/wp-content\/uploads\/2015\/01\/chronopharmakologie-2.jpg\",\"contentUrl\":\"https:\/\/dev.chronobiology.com\/wp-content\/uploads\/2015\/01\/chronopharmakologie-2.jpg\",\"width\":1800,\"height\":449},{\"@type\":\"BreadcrumbList\",\"@id\":\"https:\/\/dev.chronobiology.com\/es\/cronofarmacologia\/#breadcrumb\",\"itemListElement\":[{\"@type\":\"ListItem\",\"position\":1,\"name\":\"Home\",\"item\":\"https:\/\/dev.chronobiology.com\/es\/\"},{\"@type\":\"ListItem\",\"position\":2,\"name\":\"Cronofarmacolog\u00eda\"}]},{\"@type\":\"WebSite\",\"@id\":\"https:\/\/dev.chronobiology.com\/es\/#website\",\"url\":\"https:\/\/dev.chronobiology.com\/es\/\",\"name\":\"Chronobiology.com\",\"description\":\"\",\"publisher\":{\"@id\":\"https:\/\/dev.chronobiology.com\/es\/#organization\"},\"potentialAction\":[{\"@type\":\"SearchAction\",\"target\":{\"@type\":\"EntryPoint\",\"urlTemplate\":\"https:\/\/dev.chronobiology.com\/es\/?s={search_term_string}\"},\"query-input\":{\"@type\":\"PropertyValueSpecification\",\"valueRequired\":true,\"valueName\":\"search_term_string\"}}],\"inLanguage\":\"es\"},{\"@type\":\"Organization\",\"@id\":\"https:\/\/dev.chronobiology.com\/es\/#organization\",\"name\":\"Chronobiology\",\"url\":\"https:\/\/dev.chronobiology.com\/es\/\",\"logo\":{\"@type\":\"ImageObject\",\"inLanguage\":\"es\",\"@id\":\"https:\/\/dev.chronobiology.com\/es\/#\/schema\/logo\/image\/\",\"url\":\"https:\/\/www.chronobiology.com\/wp-content\/uploads\/2019\/01\/chronobiology_logo_en_r.png\",\"contentUrl\":\"https:\/\/www.chronobiology.com\/wp-content\/uploads\/2019\/01\/chronobiology_logo_en_r.png\",\"width\":375,\"height\":90,\"caption\":\"Chronobiology\"},\"image\":{\"@id\":\"https:\/\/dev.chronobiology.com\/es\/#\/schema\/logo\/image\/\"},\"sameAs\":[\"https:\/\/www.facebook.com\/chronobiology\",\"https:\/\/x.com\/chronobionews\",\"https:\/\/www.instagram.com\/chronobiology\/\",\"https:\/\/www.pinterest.com\/chronobiology\/\"]}]}<\/script>\n<!-- \/ Yoast SEO Premium plugin. -->","yoast_head_json":{"title":"Cronofarmacolog\u00eda &#8211; Chronobiology.com","robots":{"index":"index","follow":"follow","max-snippet":"max-snippet:-1","max-image-preview":"max-image-preview:large","max-video-preview":"max-video-preview:-1"},"canonical":"https:\/\/dev.chronobiology.com\/es\/cronofarmacologia\/","og_locale":"es_ES","og_type":"article","og_title":"Cronofarmacolog\u00eda","og_description":"[vc_row full_width=\u00bbstretch_row\u00bb css=\u00bb.vc_custom_1479277387463{background-image: url(https:\/\/www.chronobiology.com\/wp-content\/uploads\/2015\/01\/chronopharmakologie-2.jpg?id=9256) !important;background-position: center !important;background-repeat: no-repeat !important;background-size: cover !important;}\u00bb el_class=\u00bbbanner-top\u00bb][vc_column][vc_custom_heading source=\u00bbpost_title\u00bb font_container=\u00bbtag:h1|text_align:center\u00bb use_theme_fonts=\u00bbyes\u00bb][\/vc_column][\/vc_row][vc_row][vc_column][vc_column_text] Cronofarmacolog\u00eda: Composici\u00f3n correcta en el momento correcto El estado de salud de los \u00f3rganos de nuestro sistema digestivo determina en gran medida la velocidad con la que asimilamos los bioelementos que tomamos y por lo tanto su eficacia. Si una [&hellip;]","og_url":"https:\/\/dev.chronobiology.com\/es\/cronofarmacologia\/","og_site_name":"Chronobiology.com","article_publisher":"https:\/\/www.facebook.com\/chronobiology","article_modified_time":"2017-07-10T06:49:22+00:00","og_image":[{"width":1800,"height":449,"url":"https:\/\/dev.chronobiology.com\/wp-content\/uploads\/2015\/01\/chronopharmakologie-2.jpg","type":"image\/jpeg"}],"twitter_card":"summary_large_image","twitter_site":"@chronobionews","twitter_misc":{"Tiempo de lectura":"6 minutos"},"schema":{"@context":"https:\/\/schema.org","@graph":[{"@type":"WebPage","@id":"https:\/\/dev.chronobiology.com\/es\/cronofarmacologia\/","url":"https:\/\/dev.chronobiology.com\/es\/cronofarmacologia\/","name":"Cronofarmacolog\u00eda &#8211; Chronobiology.com","isPartOf":{"@id":"https:\/\/dev.chronobiology.com\/es\/#website"},"primaryImageOfPage":{"@id":"https:\/\/dev.chronobiology.com\/es\/cronofarmacologia\/#primaryimage"},"image":{"@id":"https:\/\/dev.chronobiology.com\/es\/cronofarmacologia\/#primaryimage"},"thumbnailUrl":"https:\/\/dev.chronobiology.com\/wp-content\/uploads\/2015\/01\/chronopharmakologie-2.jpg","datePublished":"2017-01-31T06:12:44+00:00","dateModified":"2017-07-10T06:49:22+00:00","breadcrumb":{"@id":"https:\/\/dev.chronobiology.com\/es\/cronofarmacologia\/#breadcrumb"},"inLanguage":"es","potentialAction":[{"@type":"ReadAction","target":["https:\/\/dev.chronobiology.com\/es\/cronofarmacologia\/"]}]},{"@type":"ImageObject","inLanguage":"es","@id":"https:\/\/dev.chronobiology.com\/es\/cronofarmacologia\/#primaryimage","url":"https:\/\/dev.chronobiology.com\/wp-content\/uploads\/2015\/01\/chronopharmakologie-2.jpg","contentUrl":"https:\/\/dev.chronobiology.com\/wp-content\/uploads\/2015\/01\/chronopharmakologie-2.jpg","width":1800,"height":449},{"@type":"BreadcrumbList","@id":"https:\/\/dev.chronobiology.com\/es\/cronofarmacologia\/#breadcrumb","itemListElement":[{"@type":"ListItem","position":1,"name":"Home","item":"https:\/\/dev.chronobiology.com\/es\/"},{"@type":"ListItem","position":2,"name":"Cronofarmacolog\u00eda"}]},{"@type":"WebSite","@id":"https:\/\/dev.chronobiology.com\/es\/#website","url":"https:\/\/dev.chronobiology.com\/es\/","name":"Chronobiology.com","description":"","publisher":{"@id":"https:\/\/dev.chronobiology.com\/es\/#organization"},"potentialAction":[{"@type":"SearchAction","target":{"@type":"EntryPoint","urlTemplate":"https:\/\/dev.chronobiology.com\/es\/?s={search_term_string}"},"query-input":{"@type":"PropertyValueSpecification","valueRequired":true,"valueName":"search_term_string"}}],"inLanguage":"es"},{"@type":"Organization","@id":"https:\/\/dev.chronobiology.com\/es\/#organization","name":"Chronobiology","url":"https:\/\/dev.chronobiology.com\/es\/","logo":{"@type":"ImageObject","inLanguage":"es","@id":"https:\/\/dev.chronobiology.com\/es\/#\/schema\/logo\/image\/","url":"https:\/\/www.chronobiology.com\/wp-content\/uploads\/2019\/01\/chronobiology_logo_en_r.png","contentUrl":"https:\/\/www.chronobiology.com\/wp-content\/uploads\/2019\/01\/chronobiology_logo_en_r.png","width":375,"height":90,"caption":"Chronobiology"},"image":{"@id":"https:\/\/dev.chronobiology.com\/es\/#\/schema\/logo\/image\/"},"sameAs":["https:\/\/www.facebook.com\/chronobiology","https:\/\/x.com\/chronobionews","https:\/\/www.instagram.com\/chronobiology\/","https:\/\/www.pinterest.com\/chronobiology\/"]}]}},"_links":{"self":[{"href":"https:\/\/dev.chronobiology.com\/es\/wp-json\/wp\/v2\/pages\/19056"}],"collection":[{"href":"https:\/\/dev.chronobiology.com\/es\/wp-json\/wp\/v2\/pages"}],"about":[{"href":"https:\/\/dev.chronobiology.com\/es\/wp-json\/wp\/v2\/types\/page"}],"author":[{"embeddable":true,"href":"https:\/\/dev.chronobiology.com\/es\/wp-json\/wp\/v2\/users\/15"}],"replies":[{"embeddable":true,"href":"https:\/\/dev.chronobiology.com\/es\/wp-json\/wp\/v2\/comments?post=19056"}],"version-history":[{"count":11,"href":"https:\/\/dev.chronobiology.com\/es\/wp-json\/wp\/v2\/pages\/19056\/revisions"}],"predecessor-version":[{"id":20116,"href":"https:\/\/dev.chronobiology.com\/es\/wp-json\/wp\/v2\/pages\/19056\/revisions\/20116"}],"wp:featuredmedia":[{"embeddable":true,"href":"https:\/\/dev.chronobiology.com\/es\/wp-json\/wp\/v2\/media\/24507"}],"wp:attachment":[{"href":"https:\/\/dev.chronobiology.com\/es\/wp-json\/wp\/v2\/media?parent=19056"}],"wp:term":[{"taxonomy":"category","embeddable":true,"href":"https:\/\/dev.chronobiology.com\/es\/wp-json\/wp\/v2\/categories?post=19056"}],"curies":[{"name":"wp","href":"https:\/\/api.w.org\/{rel}","templated":true}]}}