{"id":18680,"date":"2017-01-22T22:01:23","date_gmt":"2017-01-23T06:01:23","guid":{"rendered":"https:\/\/www.chronobiology.com\/mecanismo\/"},"modified":"2020-06-18T08:16:20","modified_gmt":"2020-06-18T15:16:20","slug":"mecanismo","status":"publish","type":"page","link":"https:\/\/dev.chronobiology.com\/es\/melatonina-y-cronobiologia\/mecanismo\/","title":{"rendered":"Mecanismo"},"content":{"rendered":"<div class=\"wpb-content-wrapper\"><p>[vc_row full_width=\u00bbstretch_row\u00bb el_class=\u00bbbanner-top\u00bb css=\u00bb.vc_custom_1480490459040{background-image: url(https:\/\/www.chronobiology.com\/wp-content\/uploads\/2016\/11\/melatonin-mechanism-banner.jpg?id=11676) !important;}\u00bb][vc_column][vc_custom_heading source=\u00bbpost_title\u00bb font_container=\u00bbtag:h1|text_align:center\u00bb use_theme_fonts=\u00bbyes\u00bb][\/vc_column][\/vc_row][vc_row el_class=\u00bbmelatoninfacts2&#8243;][vc_column width=\u00bb3\/4&#8243;][vc_column_text]<\/p>\n<h2 style=\"text-align: center;\">Mecanismo<\/h2>\n<p>La melatonina tiene m\u00faltiples mecanismos a trav\u00e9s de los cuales puede lograr diferentes resultados en el organismo. Entre \u00e9stos, se diferencian los efectos mediados por los receptores, es decir los que funcionan de acuerdo con el principio llave-cerradura y aquellos mecanismos que tienen lugar incluso sin el uso de sitios de uni\u00f3n.[\/vc_column_text][\/vc_column][vc_column width=\u00bb1\/4&#8243;][vc_column_text]<div class=\"content_block\" id=\"custom_post_widget-33008\"><p><a href=\"https:\/\/melatoninfacts.org\/\" target=\"_blank\" rel=\"noopener noreferrer\"><img decoding=\"async\" class=\"alignnone wp-image-33120 size-full\" title=\"MelatoninFACTS \u2013 Estudios m\u00e9dicos sobre melatonina\" src=\"https:\/\/www.chronobiology.com\/wp-content\/uploads\/2020\/06\/MelatoninFacts-Banner-ES-v2.jpg\" alt=\"MelatoninFACTS \u2013 Estudios m\u00e9dicos sobre melatonina\" width=\"501\" height=\"751\" srcset=\"https:\/\/dev.chronobiology.com\/wp-content\/uploads\/2020\/06\/MelatoninFacts-Banner-ES-v2.jpg 501w, https:\/\/dev.chronobiology.com\/wp-content\/uploads\/2020\/06\/MelatoninFacts-Banner-ES-v2-200x300.jpg 200w\" sizes=\"(max-width: 501px) 100vw, 501px\" \/><\/a><\/p>\n<\/div>[\/vc_column_text][\/vc_column][\/vc_row][vc_row][vc_column][vc_tta_accordion color=\u00bbturquoise\u00bb gap=\u00bb35&#8243; c_icon=\u00bbchevron\u00bb c_position=\u00bbright\u00bb active_section=\u00bb99&#8243; no_fill=\u00bbtrue\u00bb collapsible_all=\u00bbtrue\u00bb][vc_tta_section title=\u00bbLos receptores de la melatonina\u00bb tab_id=\u00bb1479159301199-fd863768-f6affc8d-716d\u00bb][vc_row_inner css=\u00bb.vc_custom_1479390515497{background-image: url(https:\/\/www.chronobiology.com\/wp-content\/uploads\/2016\/11\/mechanism_1.jpg?id=11685) !important;}\u00bb][vc_column_inner][vc_column_text]Los receptores de la melatonina se pueden dividir en diferentes categor\u00edas. La primera es la diferenciaci\u00f3n entre los receptores de la melatonina 1 y 2 (ML1 y ML2), cada uno de los cuales tiene su propia ubicaci\u00f3n espec\u00edfica y en parte tambi\u00e9n su funci\u00f3n espec\u00edfica. Ambas son membranas en cuya parte exterior la melatonina es capaz de depositarse. Cuando ocurre este tipo de uni\u00f3n, se desencadenan una serie de procesos dentro de las c\u00e9lulas, a trav\u00e9s de Prote\u00ednas G particulares, con los consiguientes efectos de la melatonina en la c\u00e9lula. Tambi\u00e9n hay una tercera categor\u00eda de receptores no depositados en la membrana celular, sino ubicados en su interior. Esta clase de receptores, sin embargo, s\u00f3lo se encuentra en ciertas especies de animales y no juega un papel importante para los seres humanos.<\/p>\n<p>Los receptores de la melatonina 1 y 2, que hemos mencionado anteriormente, est\u00e1n en la estructura de c\u00e9lulas particulares presentes en muchos \u00f3rganos. La informaci\u00f3n temporal, que se basa en la concentraci\u00f3n oscilante (balanceante) de la melatonina, se transmite a los tejidos y todo el organismo.<\/p>\n<p>La mayor densidad de receptores de la melatonina se encuentra en ciertas \u00e1reas del cerebro. Es interesante observar que en cada especie la distribuci\u00f3n de los receptores de la melatonina es muy diferente. Por ejemplo, en los roedores y los mam\u00edferos los receptores se encuentran principalmente en las \u00e1reas que controlan el reloj biol\u00f3gico y las funciones de las g\u00f3nadas (\u00f3rganos necesarios para la producci\u00f3n de hormonas sexuales para la reproducci\u00f3n), mientras que en los seres humanos, adem\u00e1s de dentro del reloj biol\u00f3gico que contiene la mayor parte, los receptores se encuentran en el cerebelo y la corteza cerebral, pero no en las \u00e1reas que controlan las funciones de las g\u00f3nadas. Esto confirma que la funci\u00f3n de la melatonina ha cambiado en el curso de la evoluci\u00f3n y que no todos los resultados recogidos en ejemplares de especies animales, no se pueden aplicar a los seres humanos de manera inequ\u00edvoca.<\/p>\n<p>Adem\u00e1s de los receptores presentes en el cerebro, se han descubierto muchos otros sitios de uni\u00f3n dentro de \u00f3rganos perif\u00e9ricos tales como el p\u00e1ncreas, el h\u00edgado, los ojos, la epidermis, algunos vasos sangu\u00edneos, el tracto intestinal y partes de las g\u00f3nadas. La funci\u00f3n exacta de estos receptores sigue siendo objeto de una amplia investigaci\u00f3n. Lo que es seguro es que estos sitios de uni\u00f3n ayudan a conectar el ritmo d\u00eda\/noche con funciones org\u00e1nicas espec\u00edficas. Por otro lado, tambi\u00e9n se postula que la melatonina tenga funciones adicionales, que se describen m\u00e1s f\u00e1cilmente como \u00abajustar\u00bb y \u00absincronizar\u00bb la interacci\u00f3n entre los diferentes \u00f3rganos.[\/vc_column_text][\/vc_column_inner][\/vc_row_inner][\/vc_tta_section][vc_tta_section title=\u00bbAntioxidantes, los barrenderos de los radicales libres\u00bb tab_id=\u00bb1479389615325-12bcacc3-dac6&#8243;][vc_row_inner css=\u00bb.vc_custom_1479390486079{background-image: url(https:\/\/www.chronobiology.com\/wp-content\/uploads\/2016\/11\/mechanism_2.jpg?id=11684) !important;}\u00bb][vc_column_inner][vc_column_text]Adem\u00e1s de la funci\u00f3n de transmisor de los receptores, como se describe anteriormente, la melatonina tambi\u00e9n tiene un poder antioxidante. En este caso no requiere sitios de uni\u00f3n espec\u00edficos, sino que act\u00faa m\u00e1s bien como un poderoso barrendero de radicales libres. En este caso, los resultados de los experimentos con animales se pueden transferir directamente a los seres humanos, ya que esa funci\u00f3n es \u00fanicamente el resultado de la estructura molecular de la melatonina: al tener acceso a todas las c\u00e9lulas, la melatonina puede proteger a todos los \u00f3rganos tan pronto como se haya introducido. Puesto que esta hormona es producida principalmente por la noche y que puede penetrar f\u00e1cilmente la barrera hematoencef\u00e1lica, su papel durante el sue\u00f1o en las horas nocturnas puede ser definido como preventivo contra los trastornos oxidativos, tanto dentro de las c\u00e9lulas nerviosas cerebrales como en otros \u00f3rganos. Esto tambi\u00e9n nos ayuda a entender los muchos efectos positivos de la melatonina que no est\u00e1n directamente relacionados con su interacci\u00f3n con receptores espec\u00edficos, sino que se basan en su capacidad antioxidante, tanto en el organismo del hombre como del animal.[\/vc_column_text][\/vc_column_inner][\/vc_row_inner][\/vc_tta_section][\/vc_tta_accordion][\/vc_column][\/vc_row]<\/p>\n<\/div>","protected":false},"excerpt":{"rendered":"<p>[vc_row full_width=\u00bbstretch_row\u00bb el_class=\u00bbbanner-top\u00bb css=\u00bb.vc_custom_1480490459040{background-image: url(https:\/\/www.chronobiology.com\/wp-content\/uploads\/2016\/11\/melatonin-mechanism-banner.jpg?id=11676) !important;}\u00bb][vc_column][vc_custom_heading source=\u00bbpost_title\u00bb font_container=\u00bbtag:h1|text_align:center\u00bb use_theme_fonts=\u00bbyes\u00bb][\/vc_column][\/vc_row][vc_row el_class=\u00bbmelatoninfacts2&#8243;][vc_column width=\u00bb3\/4&#8243;][vc_column_text] Mecanismo La melatonina tiene m\u00faltiples mecanismos a trav\u00e9s de los cuales puede lograr diferentes resultados en el organismo. Entre \u00e9stos, se diferencian los efectos mediados por los receptores, es decir los que funcionan de acuerdo con el principio llave-cerradura y aquellos mecanismos que tienen [&hellip;]<\/p>\n","protected":false},"author":15,"featured_media":25023,"parent":18674,"menu_order":0,"comment_status":"closed","ping_status":"closed","template":"","meta":{"_acf_changed":false,"_genesis_hide_title":false,"_genesis_hide_breadcrumbs":false,"_genesis_hide_singular_image":false,"_genesis_hide_footer_widgets":false,"_genesis_custom_body_class":"","_genesis_custom_post_class":"","_genesis_layout":"full-width-content","footnotes":""},"categories":[],"class_list":{"0":"post-18680","1":"page","2":"type-page","3":"status-publish","4":"has-post-thumbnail","6":"entry"},"acf":[],"yoast_head":"<!-- This site is optimized with the Yoast SEO Premium plugin v23.4 (Yoast SEO v23.4) - https:\/\/yoast.com\/wordpress\/plugins\/seo\/ -->\n<title>Mecanismo &#8211; Chronobiology.com<\/title>\n<meta name=\"robots\" content=\"index, follow, max-snippet:-1, max-image-preview:large, max-video-preview:-1\" \/>\n<link rel=\"canonical\" href=\"https:\/\/dev.chronobiology.com\/es\/melatonina-y-cronobiologia\/mecanismo\/\" \/>\n<meta property=\"og:locale\" content=\"es_ES\" \/>\n<meta property=\"og:type\" content=\"article\" \/>\n<meta property=\"og:title\" content=\"Mecanismo\" \/>\n<meta property=\"og:description\" content=\"[vc_row full_width=\u00bbstretch_row\u00bb el_class=\u00bbbanner-top\u00bb css=\u00bb.vc_custom_1480490459040{background-image: url(https:\/\/www.chronobiology.com\/wp-content\/uploads\/2016\/11\/melatonin-mechanism-banner.jpg?id=11676) !important;}\u00bb][vc_column][vc_custom_heading source=\u00bbpost_title\u00bb font_container=\u00bbtag:h1|text_align:center\u00bb use_theme_fonts=\u00bbyes\u00bb][\/vc_column][\/vc_row][vc_row el_class=\u00bbmelatoninfacts2&#8243;][vc_column width=\u00bb3\/4&#8243;][vc_column_text] Mecanismo La melatonina tiene m\u00faltiples mecanismos a trav\u00e9s de los cuales puede lograr diferentes resultados en el organismo. Entre \u00e9stos, se diferencian los efectos mediados por los receptores, es decir los que funcionan de acuerdo con el principio llave-cerradura y aquellos mecanismos que tienen [&hellip;]\" \/>\n<meta property=\"og:url\" content=\"https:\/\/dev.chronobiology.com\/es\/melatonina-y-cronobiologia\/mecanismo\/\" \/>\n<meta property=\"og:site_name\" content=\"Chronobiology.com\" \/>\n<meta property=\"article:publisher\" content=\"https:\/\/www.facebook.com\/chronobiology\" \/>\n<meta property=\"article:modified_time\" content=\"2020-06-18T15:16:20+00:00\" \/>\n<meta property=\"og:image\" content=\"https:\/\/dev.chronobiology.com\/wp-content\/uploads\/2016\/11\/melatonin-mechanism-banner.jpg\" \/>\n\t<meta property=\"og:image:width\" content=\"1921\" \/>\n\t<meta property=\"og:image:height\" content=\"479\" \/>\n\t<meta property=\"og:image:type\" content=\"image\/jpeg\" \/>\n<meta name=\"twitter:card\" content=\"summary_large_image\" \/>\n<meta name=\"twitter:site\" content=\"@chronobionews\" \/>\n<meta name=\"twitter:label1\" content=\"Tiempo de lectura\" \/>\n\t<meta name=\"twitter:data1\" content=\"5 minutos\" \/>\n<script type=\"application\/ld+json\" class=\"yoast-schema-graph\">{\"@context\":\"https:\/\/schema.org\",\"@graph\":[{\"@type\":\"WebPage\",\"@id\":\"https:\/\/dev.chronobiology.com\/es\/melatonina-y-cronobiologia\/mecanismo\/\",\"url\":\"https:\/\/dev.chronobiology.com\/es\/melatonina-y-cronobiologia\/mecanismo\/\",\"name\":\"Mecanismo &#8211; Chronobiology.com\",\"isPartOf\":{\"@id\":\"https:\/\/dev.chronobiology.com\/es\/#website\"},\"primaryImageOfPage\":{\"@id\":\"https:\/\/dev.chronobiology.com\/es\/melatonina-y-cronobiologia\/mecanismo\/#primaryimage\"},\"image\":{\"@id\":\"https:\/\/dev.chronobiology.com\/es\/melatonina-y-cronobiologia\/mecanismo\/#primaryimage\"},\"thumbnailUrl\":\"https:\/\/dev.chronobiology.com\/wp-content\/uploads\/2016\/11\/melatonin-mechanism-banner.jpg\",\"datePublished\":\"2017-01-23T06:01:23+00:00\",\"dateModified\":\"2020-06-18T15:16:20+00:00\",\"breadcrumb\":{\"@id\":\"https:\/\/dev.chronobiology.com\/es\/melatonina-y-cronobiologia\/mecanismo\/#breadcrumb\"},\"inLanguage\":\"es\",\"potentialAction\":[{\"@type\":\"ReadAction\",\"target\":[\"https:\/\/dev.chronobiology.com\/es\/melatonina-y-cronobiologia\/mecanismo\/\"]}]},{\"@type\":\"ImageObject\",\"inLanguage\":\"es\",\"@id\":\"https:\/\/dev.chronobiology.com\/es\/melatonina-y-cronobiologia\/mecanismo\/#primaryimage\",\"url\":\"https:\/\/dev.chronobiology.com\/wp-content\/uploads\/2016\/11\/melatonin-mechanism-banner.jpg\",\"contentUrl\":\"https:\/\/dev.chronobiology.com\/wp-content\/uploads\/2016\/11\/melatonin-mechanism-banner.jpg\",\"width\":1921,\"height\":479},{\"@type\":\"BreadcrumbList\",\"@id\":\"https:\/\/dev.chronobiology.com\/es\/melatonina-y-cronobiologia\/mecanismo\/#breadcrumb\",\"itemListElement\":[{\"@type\":\"ListItem\",\"position\":1,\"name\":\"Home\",\"item\":\"https:\/\/dev.chronobiology.com\/es\/\"},{\"@type\":\"ListItem\",\"position\":2,\"name\":\"Melatonina y Cronobiolog\u00eda\",\"item\":\"https:\/\/dev.chronobiology.com\/es\/melatonina-y-cronobiologia\/\"},{\"@type\":\"ListItem\",\"position\":3,\"name\":\"Mecanismo\"}]},{\"@type\":\"WebSite\",\"@id\":\"https:\/\/dev.chronobiology.com\/es\/#website\",\"url\":\"https:\/\/dev.chronobiology.com\/es\/\",\"name\":\"Chronobiology.com\",\"description\":\"\",\"publisher\":{\"@id\":\"https:\/\/dev.chronobiology.com\/es\/#organization\"},\"potentialAction\":[{\"@type\":\"SearchAction\",\"target\":{\"@type\":\"EntryPoint\",\"urlTemplate\":\"https:\/\/dev.chronobiology.com\/es\/?s={search_term_string}\"},\"query-input\":{\"@type\":\"PropertyValueSpecification\",\"valueRequired\":true,\"valueName\":\"search_term_string\"}}],\"inLanguage\":\"es\"},{\"@type\":\"Organization\",\"@id\":\"https:\/\/dev.chronobiology.com\/es\/#organization\",\"name\":\"Chronobiology\",\"url\":\"https:\/\/dev.chronobiology.com\/es\/\",\"logo\":{\"@type\":\"ImageObject\",\"inLanguage\":\"es\",\"@id\":\"https:\/\/dev.chronobiology.com\/es\/#\/schema\/logo\/image\/\",\"url\":\"https:\/\/www.chronobiology.com\/wp-content\/uploads\/2019\/01\/chronobiology_logo_en_r.png\",\"contentUrl\":\"https:\/\/www.chronobiology.com\/wp-content\/uploads\/2019\/01\/chronobiology_logo_en_r.png\",\"width\":375,\"height\":90,\"caption\":\"Chronobiology\"},\"image\":{\"@id\":\"https:\/\/dev.chronobiology.com\/es\/#\/schema\/logo\/image\/\"},\"sameAs\":[\"https:\/\/www.facebook.com\/chronobiology\",\"https:\/\/x.com\/chronobionews\",\"https:\/\/www.instagram.com\/chronobiology\/\",\"https:\/\/www.pinterest.com\/chronobiology\/\"]}]}<\/script>\n<!-- \/ Yoast SEO Premium plugin. -->","yoast_head_json":{"title":"Mecanismo &#8211; Chronobiology.com","robots":{"index":"index","follow":"follow","max-snippet":"max-snippet:-1","max-image-preview":"max-image-preview:large","max-video-preview":"max-video-preview:-1"},"canonical":"https:\/\/dev.chronobiology.com\/es\/melatonina-y-cronobiologia\/mecanismo\/","og_locale":"es_ES","og_type":"article","og_title":"Mecanismo","og_description":"[vc_row full_width=\u00bbstretch_row\u00bb el_class=\u00bbbanner-top\u00bb css=\u00bb.vc_custom_1480490459040{background-image: url(https:\/\/www.chronobiology.com\/wp-content\/uploads\/2016\/11\/melatonin-mechanism-banner.jpg?id=11676) !important;}\u00bb][vc_column][vc_custom_heading source=\u00bbpost_title\u00bb font_container=\u00bbtag:h1|text_align:center\u00bb use_theme_fonts=\u00bbyes\u00bb][\/vc_column][\/vc_row][vc_row el_class=\u00bbmelatoninfacts2&#8243;][vc_column width=\u00bb3\/4&#8243;][vc_column_text] Mecanismo La melatonina tiene m\u00faltiples mecanismos a trav\u00e9s de los cuales puede lograr diferentes resultados en el organismo. Entre \u00e9stos, se diferencian los efectos mediados por los receptores, es decir los que funcionan de acuerdo con el principio llave-cerradura y aquellos mecanismos que tienen [&hellip;]","og_url":"https:\/\/dev.chronobiology.com\/es\/melatonina-y-cronobiologia\/mecanismo\/","og_site_name":"Chronobiology.com","article_publisher":"https:\/\/www.facebook.com\/chronobiology","article_modified_time":"2020-06-18T15:16:20+00:00","og_image":[{"width":1921,"height":479,"url":"https:\/\/dev.chronobiology.com\/wp-content\/uploads\/2016\/11\/melatonin-mechanism-banner.jpg","type":"image\/jpeg"}],"twitter_card":"summary_large_image","twitter_site":"@chronobionews","twitter_misc":{"Tiempo de lectura":"5 minutos"},"schema":{"@context":"https:\/\/schema.org","@graph":[{"@type":"WebPage","@id":"https:\/\/dev.chronobiology.com\/es\/melatonina-y-cronobiologia\/mecanismo\/","url":"https:\/\/dev.chronobiology.com\/es\/melatonina-y-cronobiologia\/mecanismo\/","name":"Mecanismo &#8211; Chronobiology.com","isPartOf":{"@id":"https:\/\/dev.chronobiology.com\/es\/#website"},"primaryImageOfPage":{"@id":"https:\/\/dev.chronobiology.com\/es\/melatonina-y-cronobiologia\/mecanismo\/#primaryimage"},"image":{"@id":"https:\/\/dev.chronobiology.com\/es\/melatonina-y-cronobiologia\/mecanismo\/#primaryimage"},"thumbnailUrl":"https:\/\/dev.chronobiology.com\/wp-content\/uploads\/2016\/11\/melatonin-mechanism-banner.jpg","datePublished":"2017-01-23T06:01:23+00:00","dateModified":"2020-06-18T15:16:20+00:00","breadcrumb":{"@id":"https:\/\/dev.chronobiology.com\/es\/melatonina-y-cronobiologia\/mecanismo\/#breadcrumb"},"inLanguage":"es","potentialAction":[{"@type":"ReadAction","target":["https:\/\/dev.chronobiology.com\/es\/melatonina-y-cronobiologia\/mecanismo\/"]}]},{"@type":"ImageObject","inLanguage":"es","@id":"https:\/\/dev.chronobiology.com\/es\/melatonina-y-cronobiologia\/mecanismo\/#primaryimage","url":"https:\/\/dev.chronobiology.com\/wp-content\/uploads\/2016\/11\/melatonin-mechanism-banner.jpg","contentUrl":"https:\/\/dev.chronobiology.com\/wp-content\/uploads\/2016\/11\/melatonin-mechanism-banner.jpg","width":1921,"height":479},{"@type":"BreadcrumbList","@id":"https:\/\/dev.chronobiology.com\/es\/melatonina-y-cronobiologia\/mecanismo\/#breadcrumb","itemListElement":[{"@type":"ListItem","position":1,"name":"Home","item":"https:\/\/dev.chronobiology.com\/es\/"},{"@type":"ListItem","position":2,"name":"Melatonina y Cronobiolog\u00eda","item":"https:\/\/dev.chronobiology.com\/es\/melatonina-y-cronobiologia\/"},{"@type":"ListItem","position":3,"name":"Mecanismo"}]},{"@type":"WebSite","@id":"https:\/\/dev.chronobiology.com\/es\/#website","url":"https:\/\/dev.chronobiology.com\/es\/","name":"Chronobiology.com","description":"","publisher":{"@id":"https:\/\/dev.chronobiology.com\/es\/#organization"},"potentialAction":[{"@type":"SearchAction","target":{"@type":"EntryPoint","urlTemplate":"https:\/\/dev.chronobiology.com\/es\/?s={search_term_string}"},"query-input":{"@type":"PropertyValueSpecification","valueRequired":true,"valueName":"search_term_string"}}],"inLanguage":"es"},{"@type":"Organization","@id":"https:\/\/dev.chronobiology.com\/es\/#organization","name":"Chronobiology","url":"https:\/\/dev.chronobiology.com\/es\/","logo":{"@type":"ImageObject","inLanguage":"es","@id":"https:\/\/dev.chronobiology.com\/es\/#\/schema\/logo\/image\/","url":"https:\/\/www.chronobiology.com\/wp-content\/uploads\/2019\/01\/chronobiology_logo_en_r.png","contentUrl":"https:\/\/www.chronobiology.com\/wp-content\/uploads\/2019\/01\/chronobiology_logo_en_r.png","width":375,"height":90,"caption":"Chronobiology"},"image":{"@id":"https:\/\/dev.chronobiology.com\/es\/#\/schema\/logo\/image\/"},"sameAs":["https:\/\/www.facebook.com\/chronobiology","https:\/\/x.com\/chronobionews","https:\/\/www.instagram.com\/chronobiology\/","https:\/\/www.pinterest.com\/chronobiology\/"]}]}},"_links":{"self":[{"href":"https:\/\/dev.chronobiology.com\/es\/wp-json\/wp\/v2\/pages\/18680"}],"collection":[{"href":"https:\/\/dev.chronobiology.com\/es\/wp-json\/wp\/v2\/pages"}],"about":[{"href":"https:\/\/dev.chronobiology.com\/es\/wp-json\/wp\/v2\/types\/page"}],"author":[{"embeddable":true,"href":"https:\/\/dev.chronobiology.com\/es\/wp-json\/wp\/v2\/users\/15"}],"replies":[{"embeddable":true,"href":"https:\/\/dev.chronobiology.com\/es\/wp-json\/wp\/v2\/comments?post=18680"}],"version-history":[{"count":2,"href":"https:\/\/dev.chronobiology.com\/es\/wp-json\/wp\/v2\/pages\/18680\/revisions"}],"predecessor-version":[{"id":33058,"href":"https:\/\/dev.chronobiology.com\/es\/wp-json\/wp\/v2\/pages\/18680\/revisions\/33058"}],"up":[{"embeddable":true,"href":"https:\/\/dev.chronobiology.com\/es\/wp-json\/wp\/v2\/pages\/18674"}],"wp:featuredmedia":[{"embeddable":true,"href":"https:\/\/dev.chronobiology.com\/es\/wp-json\/wp\/v2\/media\/25023"}],"wp:attachment":[{"href":"https:\/\/dev.chronobiology.com\/es\/wp-json\/wp\/v2\/media?parent=18680"}],"wp:term":[{"taxonomy":"category","embeddable":true,"href":"https:\/\/dev.chronobiology.com\/es\/wp-json\/wp\/v2\/categories?post=18680"}],"curies":[{"name":"wp","href":"https:\/\/api.w.org\/{rel}","templated":true}]}}