{"id":18679,"date":"2017-01-22T22:01:23","date_gmt":"2017-01-23T06:01:23","guid":{"rendered":"https:\/\/www.chronobiology.com\/historia\/"},"modified":"2020-06-18T07:46:20","modified_gmt":"2020-06-18T14:46:20","slug":"historia","status":"publish","type":"page","link":"https:\/\/dev.chronobiology.com\/es\/melatonina-y-cronobiologia\/historia\/","title":{"rendered":"Historia"},"content":{"rendered":"<div class=\"wpb-content-wrapper\"><p>[vc_row full_width=\u00bbstretch_row\u00bb el_class=\u00bbbanner-top\u00bb css=\u00bb.vc_custom_1479388656340{background-image: url(https:\/\/www.chronobiology.com\/wp-content\/uploads\/2016\/11\/melatonin-banner.jpg?id=11663) !important;}\u00bb][vc_column][vc_custom_heading source=\u00bbpost_title\u00bb font_container=\u00bbtag:h1|text_align:center\u00bb use_theme_fonts=\u00bbyes\u00bb][\/vc_column][\/vc_row][vc_row el_class=\u00bbmelatoninfacts2&#8243;][vc_column width=\u00bb3\/4&#8243;][vc_column_text]<\/p>\n<h2 style=\"text-align: center;\">Historia<\/h2>\n<p>La melatonina es una sustancia producida por la gl\u00e1ndula pineal (ep\u00edfisis). Este \u00f3rgano fue mencionado por primera vez por Galeno de P\u00e9rgamo y por otros griegos del siglo II despu\u00e9s de Cristo. En el siglo XVI, el fil\u00f3sofo y cient\u00edfico franc\u00e9s Descartes describi\u00f3 la gl\u00e1ndula pineal como la \u00absede del alma\u00bb.<\/p>\n<p>La melatonina en s\u00ed fue descubierta por primera vez en 1958 por un dermat\u00f3logo llamado Aaron Lerner y se ha estudiado ampliamente a partir de principios de los a\u00f1os 80. Lerner logr\u00f3 extraer de una gl\u00e1ndula pineal bovina una sustancia que ten\u00eda un fuerte efecto blanqueador en la piel de los anfibios, y llam\u00f3 esta sustancia \u00abmelatonina\u00bb. Fue otra vez Lerner quien empez\u00f3 a estudiar los efectos que esta hormona puede tener en el sue\u00f1o. La prob\u00f3 sobre s\u00ed mismo, tomando 100 mg y no detect\u00f3 ning\u00fan efecto secundario a excepci\u00f3n de un estado de somnolencia. En los a\u00f1os 60, todav\u00eda se supon\u00eda que el ritmo luz-oscuridad era importante para todos los mam\u00edferos, excepto el hombre. S\u00f3lo en 1981, Alfred Lewy descubri\u00f3 que la exposici\u00f3n a una luz intensa durante la noche inhibe la producci\u00f3n end\u00f3gena de melatonina en los seres humanos. Este descubrimiento fue un punto de inflexi\u00f3n fundamental para la cronobiolog\u00eda y para la investigaci\u00f3n sobre la melatonina. A principios de los a\u00f1os 90, la melatonina recibi\u00f3 una atenci\u00f3n creciente a medida que los estudios mostraban sus efectos sobre los diferentes procesos del organismo, como la inmunomodulaci\u00f3n, la inhibici\u00f3n del crecimiento tumoral, el bloqueo de los radicales libres y la influencia sobre los procesos metab\u00f3licos del calcio. Sucesivamente se llevaron a cabo otros estudios sobre la melatonina y sus m\u00faltiples efectos en la salud humana.[\/vc_column_text][\/vc_column][vc_column width=\u00bb1\/4&#8243;][vc_column_text]<div class=\"content_block\" id=\"custom_post_widget-33008\"><p><a href=\"https:\/\/melatoninfacts.org\/\" target=\"_blank\" rel=\"noopener noreferrer\"><img decoding=\"async\" class=\"alignnone wp-image-33120 size-full\" title=\"MelatoninFACTS \u2013 Estudios m\u00e9dicos sobre melatonina\" src=\"https:\/\/www.chronobiology.com\/wp-content\/uploads\/2020\/06\/MelatoninFacts-Banner-ES-v2.jpg\" alt=\"MelatoninFACTS \u2013 Estudios m\u00e9dicos sobre melatonina\" width=\"501\" height=\"751\" srcset=\"https:\/\/dev.chronobiology.com\/wp-content\/uploads\/2020\/06\/MelatoninFacts-Banner-ES-v2.jpg 501w, https:\/\/dev.chronobiology.com\/wp-content\/uploads\/2020\/06\/MelatoninFacts-Banner-ES-v2-200x300.jpg 200w\" sizes=\"(max-width: 501px) 100vw, 501px\" \/><\/a><\/p>\n<\/div>[\/vc_column_text][\/vc_column][\/vc_row]<\/p>\n<\/div>","protected":false},"excerpt":{"rendered":"<p>[vc_row full_width=\u00bbstretch_row\u00bb el_class=\u00bbbanner-top\u00bb css=\u00bb.vc_custom_1479388656340{background-image: url(https:\/\/www.chronobiology.com\/wp-content\/uploads\/2016\/11\/melatonin-banner.jpg?id=11663) !important;}\u00bb][vc_column][vc_custom_heading source=\u00bbpost_title\u00bb font_container=\u00bbtag:h1|text_align:center\u00bb use_theme_fonts=\u00bbyes\u00bb][\/vc_column][\/vc_row][vc_row el_class=\u00bbmelatoninfacts2&#8243;][vc_column width=\u00bb3\/4&#8243;][vc_column_text] Historia La melatonina es una sustancia producida por la gl\u00e1ndula pineal (ep\u00edfisis). Este \u00f3rgano fue mencionado por primera vez por Galeno de P\u00e9rgamo y por otros griegos del siglo II despu\u00e9s de Cristo. En el siglo XVI, el fil\u00f3sofo y cient\u00edfico franc\u00e9s Descartes describi\u00f3 [&hellip;]<\/p>\n","protected":false},"author":15,"featured_media":25015,"parent":18674,"menu_order":0,"comment_status":"closed","ping_status":"closed","template":"","meta":{"_acf_changed":false,"_genesis_hide_title":false,"_genesis_hide_breadcrumbs":false,"_genesis_hide_singular_image":false,"_genesis_hide_footer_widgets":false,"_genesis_custom_body_class":"","_genesis_custom_post_class":"","_genesis_layout":"full-width-content","footnotes":""},"categories":[],"class_list":{"0":"post-18679","1":"page","2":"type-page","3":"status-publish","4":"has-post-thumbnail","6":"entry"},"acf":[],"yoast_head":"<!-- This site is optimized with the Yoast SEO Premium plugin v23.4 (Yoast SEO v23.4) - https:\/\/yoast.com\/wordpress\/plugins\/seo\/ -->\n<title>Historia &#8211; Chronobiology.com<\/title>\n<meta name=\"robots\" content=\"index, follow, max-snippet:-1, max-image-preview:large, max-video-preview:-1\" \/>\n<link rel=\"canonical\" href=\"https:\/\/dev.chronobiology.com\/es\/melatonina-y-cronobiologia\/historia\/\" \/>\n<meta property=\"og:locale\" content=\"es_ES\" \/>\n<meta property=\"og:type\" content=\"article\" \/>\n<meta property=\"og:title\" content=\"Historia\" \/>\n<meta property=\"og:description\" content=\"[vc_row full_width=\u00bbstretch_row\u00bb el_class=\u00bbbanner-top\u00bb css=\u00bb.vc_custom_1479388656340{background-image: url(https:\/\/www.chronobiology.com\/wp-content\/uploads\/2016\/11\/melatonin-banner.jpg?id=11663) !important;}\u00bb][vc_column][vc_custom_heading source=\u00bbpost_title\u00bb font_container=\u00bbtag:h1|text_align:center\u00bb use_theme_fonts=\u00bbyes\u00bb][\/vc_column][\/vc_row][vc_row el_class=\u00bbmelatoninfacts2&#8243;][vc_column width=\u00bb3\/4&#8243;][vc_column_text] Historia La melatonina es una sustancia producida por la gl\u00e1ndula pineal (ep\u00edfisis). Este \u00f3rgano fue mencionado por primera vez por Galeno de P\u00e9rgamo y por otros griegos del siglo II despu\u00e9s de Cristo. En el siglo XVI, el fil\u00f3sofo y cient\u00edfico franc\u00e9s Descartes describi\u00f3 [&hellip;]\" \/>\n<meta property=\"og:url\" content=\"https:\/\/dev.chronobiology.com\/es\/melatonina-y-cronobiologia\/historia\/\" \/>\n<meta property=\"og:site_name\" content=\"Chronobiology.com\" \/>\n<meta property=\"article:publisher\" content=\"https:\/\/www.facebook.com\/chronobiology\" \/>\n<meta property=\"article:modified_time\" content=\"2020-06-18T14:46:20+00:00\" \/>\n<meta property=\"og:image\" content=\"https:\/\/dev.chronobiology.com\/wp-content\/uploads\/2016\/11\/melatonin-banner.jpg\" \/>\n\t<meta property=\"og:image:width\" content=\"1913\" \/>\n\t<meta property=\"og:image:height\" content=\"478\" \/>\n\t<meta property=\"og:image:type\" content=\"image\/jpeg\" \/>\n<meta name=\"twitter:card\" content=\"summary_large_image\" \/>\n<meta name=\"twitter:site\" content=\"@chronobionews\" \/>\n<meta name=\"twitter:label1\" content=\"Tiempo de lectura\" \/>\n\t<meta name=\"twitter:data1\" content=\"2 minutos\" \/>\n<script type=\"application\/ld+json\" class=\"yoast-schema-graph\">{\"@context\":\"https:\/\/schema.org\",\"@graph\":[{\"@type\":\"WebPage\",\"@id\":\"https:\/\/dev.chronobiology.com\/es\/melatonina-y-cronobiologia\/historia\/\",\"url\":\"https:\/\/dev.chronobiology.com\/es\/melatonina-y-cronobiologia\/historia\/\",\"name\":\"Historia &#8211; Chronobiology.com\",\"isPartOf\":{\"@id\":\"https:\/\/dev.chronobiology.com\/es\/#website\"},\"primaryImageOfPage\":{\"@id\":\"https:\/\/dev.chronobiology.com\/es\/melatonina-y-cronobiologia\/historia\/#primaryimage\"},\"image\":{\"@id\":\"https:\/\/dev.chronobiology.com\/es\/melatonina-y-cronobiologia\/historia\/#primaryimage\"},\"thumbnailUrl\":\"https:\/\/dev.chronobiology.com\/wp-content\/uploads\/2016\/11\/melatonin-banner.jpg\",\"datePublished\":\"2017-01-23T06:01:23+00:00\",\"dateModified\":\"2020-06-18T14:46:20+00:00\",\"breadcrumb\":{\"@id\":\"https:\/\/dev.chronobiology.com\/es\/melatonina-y-cronobiologia\/historia\/#breadcrumb\"},\"inLanguage\":\"es\",\"potentialAction\":[{\"@type\":\"ReadAction\",\"target\":[\"https:\/\/dev.chronobiology.com\/es\/melatonina-y-cronobiologia\/historia\/\"]}]},{\"@type\":\"ImageObject\",\"inLanguage\":\"es\",\"@id\":\"https:\/\/dev.chronobiology.com\/es\/melatonina-y-cronobiologia\/historia\/#primaryimage\",\"url\":\"https:\/\/dev.chronobiology.com\/wp-content\/uploads\/2016\/11\/melatonin-banner.jpg\",\"contentUrl\":\"https:\/\/dev.chronobiology.com\/wp-content\/uploads\/2016\/11\/melatonin-banner.jpg\",\"width\":1913,\"height\":478},{\"@type\":\"BreadcrumbList\",\"@id\":\"https:\/\/dev.chronobiology.com\/es\/melatonina-y-cronobiologia\/historia\/#breadcrumb\",\"itemListElement\":[{\"@type\":\"ListItem\",\"position\":1,\"name\":\"Home\",\"item\":\"https:\/\/dev.chronobiology.com\/es\/\"},{\"@type\":\"ListItem\",\"position\":2,\"name\":\"Melatonina y Cronobiolog\u00eda\",\"item\":\"https:\/\/dev.chronobiology.com\/es\/melatonina-y-cronobiologia\/\"},{\"@type\":\"ListItem\",\"position\":3,\"name\":\"Historia\"}]},{\"@type\":\"WebSite\",\"@id\":\"https:\/\/dev.chronobiology.com\/es\/#website\",\"url\":\"https:\/\/dev.chronobiology.com\/es\/\",\"name\":\"Chronobiology.com\",\"description\":\"\",\"publisher\":{\"@id\":\"https:\/\/dev.chronobiology.com\/es\/#organization\"},\"potentialAction\":[{\"@type\":\"SearchAction\",\"target\":{\"@type\":\"EntryPoint\",\"urlTemplate\":\"https:\/\/dev.chronobiology.com\/es\/?s={search_term_string}\"},\"query-input\":{\"@type\":\"PropertyValueSpecification\",\"valueRequired\":true,\"valueName\":\"search_term_string\"}}],\"inLanguage\":\"es\"},{\"@type\":\"Organization\",\"@id\":\"https:\/\/dev.chronobiology.com\/es\/#organization\",\"name\":\"Chronobiology\",\"url\":\"https:\/\/dev.chronobiology.com\/es\/\",\"logo\":{\"@type\":\"ImageObject\",\"inLanguage\":\"es\",\"@id\":\"https:\/\/dev.chronobiology.com\/es\/#\/schema\/logo\/image\/\",\"url\":\"https:\/\/www.chronobiology.com\/wp-content\/uploads\/2019\/01\/chronobiology_logo_en_r.png\",\"contentUrl\":\"https:\/\/www.chronobiology.com\/wp-content\/uploads\/2019\/01\/chronobiology_logo_en_r.png\",\"width\":375,\"height\":90,\"caption\":\"Chronobiology\"},\"image\":{\"@id\":\"https:\/\/dev.chronobiology.com\/es\/#\/schema\/logo\/image\/\"},\"sameAs\":[\"https:\/\/www.facebook.com\/chronobiology\",\"https:\/\/x.com\/chronobionews\",\"https:\/\/www.instagram.com\/chronobiology\/\",\"https:\/\/www.pinterest.com\/chronobiology\/\"]}]}<\/script>\n<!-- \/ Yoast SEO Premium plugin. -->","yoast_head_json":{"title":"Historia &#8211; Chronobiology.com","robots":{"index":"index","follow":"follow","max-snippet":"max-snippet:-1","max-image-preview":"max-image-preview:large","max-video-preview":"max-video-preview:-1"},"canonical":"https:\/\/dev.chronobiology.com\/es\/melatonina-y-cronobiologia\/historia\/","og_locale":"es_ES","og_type":"article","og_title":"Historia","og_description":"[vc_row full_width=\u00bbstretch_row\u00bb el_class=\u00bbbanner-top\u00bb css=\u00bb.vc_custom_1479388656340{background-image: url(https:\/\/www.chronobiology.com\/wp-content\/uploads\/2016\/11\/melatonin-banner.jpg?id=11663) !important;}\u00bb][vc_column][vc_custom_heading source=\u00bbpost_title\u00bb font_container=\u00bbtag:h1|text_align:center\u00bb use_theme_fonts=\u00bbyes\u00bb][\/vc_column][\/vc_row][vc_row el_class=\u00bbmelatoninfacts2&#8243;][vc_column width=\u00bb3\/4&#8243;][vc_column_text] Historia La melatonina es una sustancia producida por la gl\u00e1ndula pineal (ep\u00edfisis). Este \u00f3rgano fue mencionado por primera vez por Galeno de P\u00e9rgamo y por otros griegos del siglo II despu\u00e9s de Cristo. En el siglo XVI, el fil\u00f3sofo y cient\u00edfico franc\u00e9s Descartes describi\u00f3 [&hellip;]","og_url":"https:\/\/dev.chronobiology.com\/es\/melatonina-y-cronobiologia\/historia\/","og_site_name":"Chronobiology.com","article_publisher":"https:\/\/www.facebook.com\/chronobiology","article_modified_time":"2020-06-18T14:46:20+00:00","og_image":[{"width":1913,"height":478,"url":"https:\/\/dev.chronobiology.com\/wp-content\/uploads\/2016\/11\/melatonin-banner.jpg","type":"image\/jpeg"}],"twitter_card":"summary_large_image","twitter_site":"@chronobionews","twitter_misc":{"Tiempo de lectura":"2 minutos"},"schema":{"@context":"https:\/\/schema.org","@graph":[{"@type":"WebPage","@id":"https:\/\/dev.chronobiology.com\/es\/melatonina-y-cronobiologia\/historia\/","url":"https:\/\/dev.chronobiology.com\/es\/melatonina-y-cronobiologia\/historia\/","name":"Historia &#8211; Chronobiology.com","isPartOf":{"@id":"https:\/\/dev.chronobiology.com\/es\/#website"},"primaryImageOfPage":{"@id":"https:\/\/dev.chronobiology.com\/es\/melatonina-y-cronobiologia\/historia\/#primaryimage"},"image":{"@id":"https:\/\/dev.chronobiology.com\/es\/melatonina-y-cronobiologia\/historia\/#primaryimage"},"thumbnailUrl":"https:\/\/dev.chronobiology.com\/wp-content\/uploads\/2016\/11\/melatonin-banner.jpg","datePublished":"2017-01-23T06:01:23+00:00","dateModified":"2020-06-18T14:46:20+00:00","breadcrumb":{"@id":"https:\/\/dev.chronobiology.com\/es\/melatonina-y-cronobiologia\/historia\/#breadcrumb"},"inLanguage":"es","potentialAction":[{"@type":"ReadAction","target":["https:\/\/dev.chronobiology.com\/es\/melatonina-y-cronobiologia\/historia\/"]}]},{"@type":"ImageObject","inLanguage":"es","@id":"https:\/\/dev.chronobiology.com\/es\/melatonina-y-cronobiologia\/historia\/#primaryimage","url":"https:\/\/dev.chronobiology.com\/wp-content\/uploads\/2016\/11\/melatonin-banner.jpg","contentUrl":"https:\/\/dev.chronobiology.com\/wp-content\/uploads\/2016\/11\/melatonin-banner.jpg","width":1913,"height":478},{"@type":"BreadcrumbList","@id":"https:\/\/dev.chronobiology.com\/es\/melatonina-y-cronobiologia\/historia\/#breadcrumb","itemListElement":[{"@type":"ListItem","position":1,"name":"Home","item":"https:\/\/dev.chronobiology.com\/es\/"},{"@type":"ListItem","position":2,"name":"Melatonina y Cronobiolog\u00eda","item":"https:\/\/dev.chronobiology.com\/es\/melatonina-y-cronobiologia\/"},{"@type":"ListItem","position":3,"name":"Historia"}]},{"@type":"WebSite","@id":"https:\/\/dev.chronobiology.com\/es\/#website","url":"https:\/\/dev.chronobiology.com\/es\/","name":"Chronobiology.com","description":"","publisher":{"@id":"https:\/\/dev.chronobiology.com\/es\/#organization"},"potentialAction":[{"@type":"SearchAction","target":{"@type":"EntryPoint","urlTemplate":"https:\/\/dev.chronobiology.com\/es\/?s={search_term_string}"},"query-input":{"@type":"PropertyValueSpecification","valueRequired":true,"valueName":"search_term_string"}}],"inLanguage":"es"},{"@type":"Organization","@id":"https:\/\/dev.chronobiology.com\/es\/#organization","name":"Chronobiology","url":"https:\/\/dev.chronobiology.com\/es\/","logo":{"@type":"ImageObject","inLanguage":"es","@id":"https:\/\/dev.chronobiology.com\/es\/#\/schema\/logo\/image\/","url":"https:\/\/www.chronobiology.com\/wp-content\/uploads\/2019\/01\/chronobiology_logo_en_r.png","contentUrl":"https:\/\/www.chronobiology.com\/wp-content\/uploads\/2019\/01\/chronobiology_logo_en_r.png","width":375,"height":90,"caption":"Chronobiology"},"image":{"@id":"https:\/\/dev.chronobiology.com\/es\/#\/schema\/logo\/image\/"},"sameAs":["https:\/\/www.facebook.com\/chronobiology","https:\/\/x.com\/chronobionews","https:\/\/www.instagram.com\/chronobiology\/","https:\/\/www.pinterest.com\/chronobiology\/"]}]}},"_links":{"self":[{"href":"https:\/\/dev.chronobiology.com\/es\/wp-json\/wp\/v2\/pages\/18679"}],"collection":[{"href":"https:\/\/dev.chronobiology.com\/es\/wp-json\/wp\/v2\/pages"}],"about":[{"href":"https:\/\/dev.chronobiology.com\/es\/wp-json\/wp\/v2\/types\/page"}],"author":[{"embeddable":true,"href":"https:\/\/dev.chronobiology.com\/es\/wp-json\/wp\/v2\/users\/15"}],"replies":[{"embeddable":true,"href":"https:\/\/dev.chronobiology.com\/es\/wp-json\/wp\/v2\/comments?post=18679"}],"version-history":[{"count":3,"href":"https:\/\/dev.chronobiology.com\/es\/wp-json\/wp\/v2\/pages\/18679\/revisions"}],"predecessor-version":[{"id":33037,"href":"https:\/\/dev.chronobiology.com\/es\/wp-json\/wp\/v2\/pages\/18679\/revisions\/33037"}],"up":[{"embeddable":true,"href":"https:\/\/dev.chronobiology.com\/es\/wp-json\/wp\/v2\/pages\/18674"}],"wp:featuredmedia":[{"embeddable":true,"href":"https:\/\/dev.chronobiology.com\/es\/wp-json\/wp\/v2\/media\/25015"}],"wp:attachment":[{"href":"https:\/\/dev.chronobiology.com\/es\/wp-json\/wp\/v2\/media?parent=18679"}],"wp:term":[{"taxonomy":"category","embeddable":true,"href":"https:\/\/dev.chronobiology.com\/es\/wp-json\/wp\/v2\/categories?post=18679"}],"curies":[{"name":"wp","href":"https:\/\/api.w.org\/{rel}","templated":true}]}}