{"id":9214,"date":"2014-01-15T23:43:40","date_gmt":"2014-01-16T07:43:40","guid":{"rendered":"https:\/\/www.chronobiologie.com\/?page_id=9214"},"modified":"2016-11-18T10:30:38","modified_gmt":"2016-11-18T18:30:38","slug":"herz-kreislauf-system","status":"publish","type":"page","link":"https:\/\/dev.chronobiology.com\/de\/praxis-der-chronobiologiechronopharmacologie\/herz-kreislauf-system\/","title":{"rendered":"Herz-Kreislauf-System"},"content":{"rendered":"<div class=\"wpb-content-wrapper\"><p>[vc_row full_width=&#8220;stretch_row&#8220; el_class=&#8220;banner-top&#8220; css=&#8220;.vc_custom_1479345542746{background-image: url(https:\/\/www.chronobiology.com\/wp-content\/uploads\/2016\/06\/brain-and-psyche-4.jpg?id=9156) !important;}&#8220;][vc_column][vc_custom_heading source=&#8220;post_title&#8220; font_container=&#8220;tag:h1|text_align:center&#8220; use_theme_fonts=&#8220;yes&#8220;][\/vc_column][\/vc_row][vc_row][vc_column][vc_column_text]<\/p>\n<h3>Das Herz<\/h3>\n<p>Das Herz ist unser wichtigster Muskel und das zentrale Organ des Blutkreislaufs, das pro Minute etwa f\u00fcnf bis sechs Liter Blut durch den K\u00f6rper pumpt; im Laufe eines Menschenlebens sind das sogar 250 Millionen Liter. Die Hauptaufgabe dieses 300 Gramm schweren Muskels, der aus zwei im gleichen Takt schlagenden Pumpen besteht, ist es, den Blutkreislauf aufrechtzuerhalten. Das Herz schl\u00e4gt etwa 70 Mal pro Minute. Die rechte Pumpe hat die Aufgabe, den Lungenkreislauf zu versorgen, w\u00e4hrend die linke Pumpe Blut \u00fcber die Aorta in den K\u00f6rperkreislauf bef\u00f6rdert. So werden K\u00f6rperzellen mit N\u00e4hrstoffen und Sauerstoff versorgt und Endprodukte aus dem Zellstoffwechsel wieder abtransportiert. Die Chronobiologie hat l\u00e4ngst erkannt, dass bestimmte Phytostoffe, vor allem jene aus der asiatischen Medizin, eine nat\u00fcrliche Alternative zum Schutz und der Unterst\u00fctzung des Herz-Kreislauf-Systems bieten. Mit diesen wertvollen Substanzen, die tageszeitlich korrekt abgestimmt sind, k\u00f6nnen Herzerkrankungen deutlich reduziert werden.<\/p>\n<h3>Erkrankungen des Herz-Kreislauf-Systems<\/h3>\n<p>Erkrankungen des Herz-Kreislauf-Systems sind die h\u00e4ufigste Todesursache weltweit. Unser wichtigster Muskel weist \u00fcber die Jahre Abnutzungserscheinungen und Defekte auf, die zu schwerwiegenden Krankheiten f\u00fchren k\u00f6nnen. Neben dem Alter existieren weitere Risikofaktoren wie Stress, Rauchen, Alkohol, zu fettes Essen, Bewegungsmangel, \u00dcbergewicht und Diabetes Mellitus. Nikotin beispielsweise ist ein Nervengift, das das Herz schneller schlagen l\u00e4sst und gleichzeitig die Gef\u00e4\u00dfe verengt. Zudem wird die Bildung von Blutgerinnseln gef\u00f6rdert, wodurch sich die Gefahr einer Thrombose erh\u00f6ht. Auch Stress ist sch\u00e4dlich f\u00fcr unser lebenswichtiges Organ, da der K\u00f6rper dadurch vermehrt Hormone aussch\u00fcttet, die ebenfalls die Herzfrequenz und den Blutdruck erh\u00f6hen. Stress, der l\u00e4ngere Zeit andauert, kann zudem eine Mangeldurchblutung der Herzkranzgef\u00e4\u00dfe und im schlimmsten Fall sogar einen Herzinfarkt ausl\u00f6sen. Weitere negative Einfl\u00fcsse sind eine genetische Veranlagung oder Virusinfektionen. All diese ung\u00fcnstigen Lebensstil-Faktoren erh\u00f6hen das Risiko f\u00fcr Erkrankungen des Herz-Kreislauf-Systems wie Arteriosklerose, Bluthochdruck, koronare Herzerkrankung, Herzinfarkt u.v.m.[\/vc_column_text][\/vc_column][\/vc_row][vc_row][vc_column][vc_tta_accordion color=&#8220;turquoise&#8220; c_icon=&#8220;chevron&#8220; c_position=&#8220;right&#8220; active_section=&#8220;99&#8243; no_fill=&#8220;true&#8220; collapsible_all=&#8220;true&#8220;][vc_tta_section title=&#8220;Arteriosklerose (Arterienverkalkung)&#8220; tab_id=&#8220;1479254734422-d551dac0-4a84&#8243;][vc_row_inner css=&#8220;.vc_custom_1479386038317{background-image: url(https:\/\/www.chronobiology.com\/wp-content\/uploads\/2014\/01\/herz_1.jpg?id=11608) !important;background-position: center !important;background-repeat: no-repeat !important;background-size: cover !important;}&#8220;][vc_column_inner][vc_column_text]Die Arteriosklerose entwickelt sich langsam, \u00fcber Jahrzehnte zeigen sich oft keine Krankheitsanzeichen. Diese Erkrankung gilt bei \u00fcber 90 Prozent der Patienten mit chronischen Durchblutungsst\u00f6rungen als Ursache f\u00fcr verengte oder verschlossene Gef\u00e4\u00dfe. Bei der Arteriosklerose ver\u00e4ndert sich die Arterienwand, indem sie sich entz\u00fcndet, was sp\u00e4ter dazu f\u00fchrt, dass diese Stellen verkalken und sich der Gef\u00e4\u00dfdurchmesser verengt. Dabei kann jede gro\u00dfe, aber auch kleine Arterie betroffen sein. Das Resultat der Arterienverengung ist eine Verminderung des Blutflusses zu den Organen. Dadurch steigt nicht nur der Blutdruck an, sondern lebenswichtige Organe werden oftmals nicht mehr ausreichend mit Blut versorgt. Die Folge sind schwerwiegende Unterversorgungen mit allen Folgesch\u00e4den.[\/vc_column_text][\/vc_column_inner][\/vc_row_inner][\/vc_tta_section][\/vc_tta_accordion][\/vc_column][\/vc_row][vc_row][vc_column][vc_tta_accordion color=&#8220;turquoise&#8220; c_icon=&#8220;chevron&#8220; c_position=&#8220;right&#8220; active_section=&#8220;99&#8243; no_fill=&#8220;true&#8220; collapsible_all=&#8220;true&#8220;][vc_tta_section title=&#8220;Bluthochdruck (Hypertonie)&#8220; tab_id=&#8220;1479254826427-961915e4-3402&#8243;][vc_row_inner css=&#8220;.vc_custom_1479386027943{background-image: url(https:\/\/www.chronobiology.com\/wp-content\/uploads\/2014\/01\/herz_2.jpg?id=11609) !important;background-position: center !important;background-repeat: no-repeat !important;background-size: cover !important;}&#8220;][vc_column_inner][vc_column_text]Bluthochdruck z\u00e4hlt zu den Volkskrankheiten in vielen westlichen Industrienationen. Bei der Hypertonie ist der Druck in den Gef\u00e4\u00dfen erh\u00f6ht, um sicherzustellen, dass auch durch verengte Gef\u00e4\u00dfe noch ausreichend Blut flie\u00dft. Dieser hohe Druck f\u00f6rdert jedoch wiederum eine Gef\u00e4\u00dfverengung und\/oder das Abbrechen eines bestehenden Thrombus, wodurch es zu Schlaganfall, Herzinfarkt und anderen Gef\u00e4\u00dfkrankheiten kommen kann. Man kann zwischen prim\u00e4rer (der Blutdruck wird nicht durch andere Erkrankungen verursacht) und sekund\u00e4rer Hypertonie (andere Krankheiten sind f\u00fcr den Bluthochdruck verantwortlich) unterscheiden. Die Symptome bei Bluthochdruck treten meist erst sp\u00e4t auf und k\u00f6nnen \u2013 je nach betreffender Region \u2013 von Kopfschmerzen, Nervosit\u00e4t und Herzklopfen, bis zu Sehst\u00f6rungen, Schwei\u00dfausbr\u00fcchen, Konzentrationsst\u00f6rungen und Erbrechen reichen. Der optimale Blutdruck sollte 120\/80mmHg betragen, bei Werten ab 140\/90 mmHg spricht man bereits von Bluthochdruck.[\/vc_column_text][\/vc_column_inner][\/vc_row_inner][\/vc_tta_section][\/vc_tta_accordion][\/vc_column][\/vc_row][vc_row][vc_column][vc_tta_accordion color=&#8220;turquoise&#8220; c_icon=&#8220;chevron&#8220; c_position=&#8220;right&#8220; active_section=&#8220;99&#8243; no_fill=&#8220;true&#8220; collapsible_all=&#8220;true&#8220;][vc_tta_section title=&#8220;Koronare Herzkrankheit (KHK)&#8220; tab_id=&#8220;1479254824780-f30f967f-c8ae&#8220;][vc_row_inner css=&#8220;.vc_custom_1479386015063{background-image: url(https:\/\/www.chronobiology.com\/wp-content\/uploads\/2014\/01\/herz_3.jpg?id=11610) !important;background-position: center !important;background-repeat: no-repeat !important;background-size: cover !important;}&#8220;][vc_column_inner][vc_column_text]Diese Art der Herzerkrankung z\u00e4hlt weltweit zu den h\u00e4ufigsten Erkrankungen des Herzens. M\u00e4nner sind davon \u00f6fter betroffen (30 Prozent) als Frauen (15 Prozent). Bei der koronaren Herzkrankheit sind die Herzkranzgef\u00e4\u00dfe verengt; der Herzmuskel kann nicht mehr richtig durchblutet und somit nicht ad\u00e4quat versorgt werden. Als Folge entstehen entz\u00fcndliche Sch\u00e4den an den Gef\u00e4\u00dfw\u00e4nden. Die Gef\u00e4\u00dfw\u00e4nde beginnen mit der Einlagerung von Fett. Anschlie\u00dfend kommt es zu einer Verkalkung und dem Verlust von Elastizit\u00e4t an den W\u00e4nden, sodass sich der Gef\u00e4\u00dfdurchmesser in Folge immer mehr reduziert. Dadurch k\u00f6nnen weitere schwerwiegende Erkrankungen wie Herzmuskelschw\u00e4che und Herzinfarkt ausgel\u00f6st werden. Als m\u00f6gliche Symptome gelten Atemnot, Angst und Panik, Schwei\u00dfausbr\u00fcche und Angina pectoris (bohrende, stechende Schmerzen um den Brustkorb, die in andere K\u00f6rperteile ausstrahlen k\u00f6nnen). Bei M\u00e4nnern hingegen geht diesem klinischen Bild oftmals eine jahrelange erektile Funktionsst\u00f6rung voraus.[\/vc_column_text][\/vc_column_inner][\/vc_row_inner][\/vc_tta_section][\/vc_tta_accordion][\/vc_column][\/vc_row][vc_row][vc_column][vc_tta_accordion color=&#8220;turquoise&#8220; c_icon=&#8220;chevron&#8220; c_position=&#8220;right&#8220; active_section=&#8220;99&#8243; no_fill=&#8220;true&#8220; collapsible_all=&#8220;true&#8220;][vc_tta_section title=&#8220;Herzinfarkt&#8220; tab_id=&#8220;1479254822565-c79d4c19-8d2f&#8220;][vc_row_inner css=&#8220;.vc_custom_1479386003508{background-image: url(https:\/\/www.chronobiology.com\/wp-content\/uploads\/2014\/01\/herz_4.jpg?id=11611) !important;background-position: center !important;background-repeat: no-repeat !important;background-size: cover !important;}&#8220;][vc_column_inner][vc_column_text]In den Industrienationen ist der Herzinfarkt die f\u00fchrende Todesursache. Durchschnittlich \u00fcberleben 300 bis 400 von 100.000 M\u00e4nnern im Alter von 35 bis 64 die Folgen eines Herzinfarktes nicht. Zwischen dem 45. und 50. Lebensjahr sind M\u00e4nner deutlich \u00f6fter von einem Herzinfarkt betroffen als Frauen, jedoch hat sich auch bei Frauen eine deutliche Zunahme in den letzten Jahrzehnten gezeigt. Die Grunderkrankung des Herzinfarkts ist die koronare Herzkrankheit. Wenn es zu einer pl\u00f6tzlichen Unterbrechung des Blutflusses in einer Herzkranzarterie kommt, ist Herzinfarkt die Folge. Oftmals ist dies das Resultat einer \u00fcber sich Jahre entwickelnde Arteriosklerose oder der akute Verschluss durch die Einlagerung eines Blutgerinnsels an dieser Stelle. Die Folge: Die Sauerstoffversorgung des Herzmuskelgewebes ist nicht mehr gew\u00e4hrleistet und stirbt ab. Diese Zerst\u00f6rung ist irreversibel. Als m\u00f6gliche Symptome z\u00e4hlen Angstschwei\u00df, Atemprobleme, pl\u00f6tzlich auftretende Schmerzen, die linksseitig in Brust, Schulter und linke K\u00f6rperh\u00e4lfte ausstrahlen sowie Pulsrasen, starkes Engegef\u00fchl, \u00dcbelkeit und Erbrechen.[\/vc_column_text][\/vc_column_inner][\/vc_row_inner][\/vc_tta_section][\/vc_tta_accordion][\/vc_column][\/vc_row][vc_row][vc_column][vc_column_text]<\/p>\n<h3>Senkung von Herz-Kreislauf-Erkrankungen durch zeitlich korrekt eingesetzte N\u00e4hrstoffe nach chronobiologischen Gesichtspunkten<\/h3>\n<p>Sekund\u00e4re Pflanzenstoffe wie Aminos\u00e4uren, Enzyme und Hefe, die chronobiologisch korrekt eingesetzt werden, k\u00f6nnen das Herz-Kreislauf-System sch\u00fctzen und das Risiko f\u00fcr Erkrankungen drastisch reduzieren. Auf vielf\u00e4ltige Weise wird so die optimale Funktion von Herz und Kreislauf unterst\u00fctzt. Die Wirkung dieser Stoffe konnte bereits in mehreren Studien belegt werden.<\/p>\n<p>Das Herz ist massiven Zeitschwankungen unterworfen. Nachts finden die Regenerierungs- und Reparaturprozesse an den Herz- und Gef\u00e4\u00dfzellen statt, der Blutdruck und die Herzfrequenz sinken auf den Tiefpunkt. Zum Morgen hin steigt der Blutdruck wieder an und die Herzfrequenz nimmt zu, damit die Aufgaben des Tages bew\u00e4ltigt werden k\u00f6nnen. Die nat\u00fcrlichen Ver\u00e4nderungen zwischen Tag und Nacht hinsichtlich der Frequenz des Herzschlages, des Blutdruckes und der Flie\u00dfgeschwindigkeit bzw. der \u201eDicke\u201c des Blutes, sind absolut wichtig f\u00fcr die optimale Funktion des Herzkreislaufsystems. Ver\u00e4nderungen dieses Rhythmus, seien sie nun durch innere Ursachen oder aufgrund der Einnahme bestimmter Substanzen hervorgerufen, k\u00f6nnen dramatische Folgen haben. Daher ist es von entscheidender Bedeutung, dass Wirkstoffe tageszeitlich korrekt zugef\u00fchrt werden, um dieses System optimal zu unterst\u00fctzen. Eine chronobiologische Aufteilung in Morgen-und Abendsubstanzen ber\u00fccksichtigt die Ver\u00e4nderungen des Herz-Kreislauf-Systems und sorgt daf\u00fcr, dass die Inhaltsstoffe ihre Wirkung zum korrekten Zeitpunkt entfalten, sodass der bestm\u00f6gliche Effekt f\u00fcr die Gesundheit erzielt werden kann.<\/p>\n<div class=\"col-2\">\n<p><strong>Substanzen f\u00fcr den Morgen (wirken aktivierend):<\/strong><\/p>\n<ul>\n<li>L-Carnitin<\/li>\n<li>Alpha-Lipons\u00e4ure<\/li>\n<li>Kalzium<\/li>\n<li>Coenzym Q-10<\/li>\n<li>L-Arginin HCI<\/li>\n<li>L-Lyopen<\/li>\n<li>Vitamin B 6<\/li>\n<li>Traubenkern-Extrakt<\/li>\n<li>Roter-Reis-Hefe<\/li>\n<\/ul>\n<\/div>\n<div class=\"col-2\">\n<p><strong>Substanzen f\u00fcr den Abend (wirken regenerierend):<\/strong><\/p>\n<ul>\n<li>Biotin<\/li>\n<li>Fols\u00e4ure<\/li>\n<li>L-Cystein HCI<\/li>\n<li>L-Prolin<\/li>\n<li>L-Lysin HCI<\/li>\n<li>Magnesium<\/li>\n<li>Niacin<\/li>\n<li>Vitamin B1<\/li>\n<li>Vitamin B2<\/li>\n<li>Vitamin B5<\/li>\n<li>Vitamin B12<\/li>\n<li>Nattokinase<\/li>\n<\/ul>\n<\/div>\n<p>[\/vc_column_text][\/vc_column][\/vc_row]<\/p>\n<\/div>","protected":false},"excerpt":{"rendered":"<p>[vc_row full_width=&#8220;stretch_row&#8220; el_class=&#8220;banner-top&#8220; css=&#8220;.vc_custom_1479345542746{background-image: url(https:\/\/www.chronobiology.com\/wp-content\/uploads\/2016\/06\/brain-and-psyche-4.jpg?id=9156) !important;}&#8220;][vc_column][vc_custom_heading source=&#8220;post_title&#8220; font_container=&#8220;tag:h1|text_align:center&#8220; use_theme_fonts=&#8220;yes&#8220;][\/vc_column][\/vc_row][vc_row][vc_column][vc_column_text] Das Herz Das Herz ist unser wichtigster Muskel und das zentrale Organ des Blutkreislaufs, das pro Minute etwa f\u00fcnf bis sechs Liter Blut durch den K\u00f6rper pumpt; im Laufe eines Menschenlebens sind das sogar 250 Millionen Liter. Die Hauptaufgabe dieses 300 Gramm schweren Muskels, der aus [&hellip;]<\/p>\n","protected":false},"author":11,"featured_media":9156,"parent":3464,"menu_order":0,"comment_status":"closed","ping_status":"closed","template":"chronopharmacology.php","meta":{"_acf_changed":false,"_genesis_hide_title":false,"_genesis_hide_breadcrumbs":false,"_genesis_hide_singular_image":false,"_genesis_hide_footer_widgets":false,"_genesis_custom_body_class":"","_genesis_custom_post_class":"","_genesis_layout":"full-width-content","footnotes":""},"categories":[],"class_list":{"0":"post-9214","1":"page","2":"type-page","3":"status-publish","4":"has-post-thumbnail","6":"entry"},"acf":[],"yoast_head":"<!-- This site is optimized with the Yoast SEO Premium plugin v23.4 (Yoast SEO v23.4) - https:\/\/yoast.com\/wordpress\/plugins\/seo\/ -->\n<title>Herz-Kreislauf-System &#8211; Chronobiology.com<\/title>\n<meta name=\"robots\" content=\"index, follow, max-snippet:-1, max-image-preview:large, max-video-preview:-1\" \/>\n<link rel=\"canonical\" href=\"https:\/\/dev.chronobiology.com\/de\/praxis-der-chronobiologiechronopharmacologie\/herz-kreislauf-system\/\" \/>\n<meta property=\"og:locale\" content=\"de_DE\" \/>\n<meta property=\"og:type\" content=\"article\" \/>\n<meta property=\"og:title\" content=\"Herz-Kreislauf-System\" \/>\n<meta property=\"og:description\" content=\"[vc_row full_width=&#8220;stretch_row&#8220; el_class=&#8220;banner-top&#8220; css=&#8220;.vc_custom_1479345542746{background-image: url(https:\/\/www.chronobiology.com\/wp-content\/uploads\/2016\/06\/brain-and-psyche-4.jpg?id=9156) !important;}&#8220;][vc_column][vc_custom_heading source=&#8220;post_title&#8220; font_container=&#8220;tag:h1|text_align:center&#8220; use_theme_fonts=&#8220;yes&#8220;][\/vc_column][\/vc_row][vc_row][vc_column][vc_column_text] Das Herz Das Herz ist unser wichtigster Muskel und das zentrale Organ des Blutkreislaufs, das pro Minute etwa f\u00fcnf bis sechs Liter Blut durch den K\u00f6rper pumpt; im Laufe eines Menschenlebens sind das sogar 250 Millionen Liter. Die Hauptaufgabe dieses 300 Gramm schweren Muskels, der aus [&hellip;]\" \/>\n<meta property=\"og:url\" content=\"https:\/\/dev.chronobiology.com\/de\/praxis-der-chronobiologiechronopharmacologie\/herz-kreislauf-system\/\" \/>\n<meta property=\"og:site_name\" content=\"Chronobiology.com\" \/>\n<meta property=\"article:publisher\" content=\"https:\/\/www.facebook.com\/chronobiology\" \/>\n<meta property=\"article:modified_time\" content=\"2016-11-18T18:30:38+00:00\" \/>\n<meta property=\"og:image\" content=\"https:\/\/dev.chronobiology.com\/wp-content\/uploads\/2016\/06\/brain-and-psyche-4.jpg\" \/>\n\t<meta property=\"og:image:width\" content=\"1800\" \/>\n\t<meta property=\"og:image:height\" content=\"449\" \/>\n\t<meta property=\"og:image:type\" content=\"image\/jpeg\" \/>\n<meta name=\"twitter:card\" content=\"summary_large_image\" \/>\n<meta name=\"twitter:site\" content=\"@chronobionews\" \/>\n<meta name=\"twitter:label1\" content=\"Gesch\u00e4tzte Lesezeit\" \/>\n\t<meta name=\"twitter:data1\" content=\"8\u00a0Minuten\" \/>\n<script type=\"application\/ld+json\" class=\"yoast-schema-graph\">{\"@context\":\"https:\/\/schema.org\",\"@graph\":[{\"@type\":\"WebPage\",\"@id\":\"https:\/\/dev.chronobiology.com\/de\/praxis-der-chronobiologiechronopharmacologie\/herz-kreislauf-system\/\",\"url\":\"https:\/\/dev.chronobiology.com\/de\/praxis-der-chronobiologiechronopharmacologie\/herz-kreislauf-system\/\",\"name\":\"Herz-Kreislauf-System &#8211; Chronobiology.com\",\"isPartOf\":{\"@id\":\"https:\/\/dev.chronobiology.com\/de\/#website\"},\"primaryImageOfPage\":{\"@id\":\"https:\/\/dev.chronobiology.com\/de\/praxis-der-chronobiologiechronopharmacologie\/herz-kreislauf-system\/#primaryimage\"},\"image\":{\"@id\":\"https:\/\/dev.chronobiology.com\/de\/praxis-der-chronobiologiechronopharmacologie\/herz-kreislauf-system\/#primaryimage\"},\"thumbnailUrl\":\"https:\/\/dev.chronobiology.com\/wp-content\/uploads\/2016\/06\/brain-and-psyche-4.jpg\",\"datePublished\":\"2014-01-16T07:43:40+00:00\",\"dateModified\":\"2016-11-18T18:30:38+00:00\",\"breadcrumb\":{\"@id\":\"https:\/\/dev.chronobiology.com\/de\/praxis-der-chronobiologiechronopharmacologie\/herz-kreislauf-system\/#breadcrumb\"},\"inLanguage\":\"de\",\"potentialAction\":[{\"@type\":\"ReadAction\",\"target\":[\"https:\/\/dev.chronobiology.com\/de\/praxis-der-chronobiologiechronopharmacologie\/herz-kreislauf-system\/\"]}]},{\"@type\":\"ImageObject\",\"inLanguage\":\"de\",\"@id\":\"https:\/\/dev.chronobiology.com\/de\/praxis-der-chronobiologiechronopharmacologie\/herz-kreislauf-system\/#primaryimage\",\"url\":\"https:\/\/dev.chronobiology.com\/wp-content\/uploads\/2016\/06\/brain-and-psyche-4.jpg\",\"contentUrl\":\"https:\/\/dev.chronobiology.com\/wp-content\/uploads\/2016\/06\/brain-and-psyche-4.jpg\",\"width\":1800,\"height\":449,\"caption\":\"Herz-Kreislauf-System\"},{\"@type\":\"BreadcrumbList\",\"@id\":\"https:\/\/dev.chronobiology.com\/de\/praxis-der-chronobiologiechronopharmacologie\/herz-kreislauf-system\/#breadcrumb\",\"itemListElement\":[{\"@type\":\"ListItem\",\"position\":1,\"name\":\"Home\",\"item\":\"https:\/\/dev.chronobiology.com\/de\/\"},{\"@type\":\"ListItem\",\"position\":2,\"name\":\"Chronopharmakologie\",\"item\":\"https:\/\/dev.chronobiology.com\/de\/praxis-der-chronobiologiechronopharmacologie\/\"},{\"@type\":\"ListItem\",\"position\":3,\"name\":\"Herz-Kreislauf-System\"}]},{\"@type\":\"WebSite\",\"@id\":\"https:\/\/dev.chronobiology.com\/de\/#website\",\"url\":\"https:\/\/dev.chronobiology.com\/de\/\",\"name\":\"Chronobiology.com\",\"description\":\"\",\"publisher\":{\"@id\":\"https:\/\/dev.chronobiology.com\/de\/#organization\"},\"potentialAction\":[{\"@type\":\"SearchAction\",\"target\":{\"@type\":\"EntryPoint\",\"urlTemplate\":\"https:\/\/dev.chronobiology.com\/de\/?s={search_term_string}\"},\"query-input\":{\"@type\":\"PropertyValueSpecification\",\"valueRequired\":true,\"valueName\":\"search_term_string\"}}],\"inLanguage\":\"de\"},{\"@type\":\"Organization\",\"@id\":\"https:\/\/dev.chronobiology.com\/de\/#organization\",\"name\":\"Chronobiology\",\"url\":\"https:\/\/dev.chronobiology.com\/de\/\",\"logo\":{\"@type\":\"ImageObject\",\"inLanguage\":\"de\",\"@id\":\"https:\/\/dev.chronobiology.com\/de\/#\/schema\/logo\/image\/\",\"url\":\"https:\/\/www.chronobiology.com\/wp-content\/uploads\/2019\/01\/chronobiology_logo_en_r.png\",\"contentUrl\":\"https:\/\/www.chronobiology.com\/wp-content\/uploads\/2019\/01\/chronobiology_logo_en_r.png\",\"width\":375,\"height\":90,\"caption\":\"Chronobiology\"},\"image\":{\"@id\":\"https:\/\/dev.chronobiology.com\/de\/#\/schema\/logo\/image\/\"},\"sameAs\":[\"https:\/\/www.facebook.com\/chronobiology\",\"https:\/\/x.com\/chronobionews\",\"https:\/\/www.instagram.com\/chronobiology\/\",\"https:\/\/www.pinterest.com\/chronobiology\/\"]}]}<\/script>\n<!-- \/ Yoast SEO Premium plugin. -->","yoast_head_json":{"title":"Herz-Kreislauf-System &#8211; Chronobiology.com","robots":{"index":"index","follow":"follow","max-snippet":"max-snippet:-1","max-image-preview":"max-image-preview:large","max-video-preview":"max-video-preview:-1"},"canonical":"https:\/\/dev.chronobiology.com\/de\/praxis-der-chronobiologiechronopharmacologie\/herz-kreislauf-system\/","og_locale":"de_DE","og_type":"article","og_title":"Herz-Kreislauf-System","og_description":"[vc_row full_width=&#8220;stretch_row&#8220; el_class=&#8220;banner-top&#8220; css=&#8220;.vc_custom_1479345542746{background-image: url(https:\/\/www.chronobiology.com\/wp-content\/uploads\/2016\/06\/brain-and-psyche-4.jpg?id=9156) !important;}&#8220;][vc_column][vc_custom_heading source=&#8220;post_title&#8220; font_container=&#8220;tag:h1|text_align:center&#8220; use_theme_fonts=&#8220;yes&#8220;][\/vc_column][\/vc_row][vc_row][vc_column][vc_column_text] Das Herz Das Herz ist unser wichtigster Muskel und das zentrale Organ des Blutkreislaufs, das pro Minute etwa f\u00fcnf bis sechs Liter Blut durch den K\u00f6rper pumpt; im Laufe eines Menschenlebens sind das sogar 250 Millionen Liter. Die Hauptaufgabe dieses 300 Gramm schweren Muskels, der aus [&hellip;]","og_url":"https:\/\/dev.chronobiology.com\/de\/praxis-der-chronobiologiechronopharmacologie\/herz-kreislauf-system\/","og_site_name":"Chronobiology.com","article_publisher":"https:\/\/www.facebook.com\/chronobiology","article_modified_time":"2016-11-18T18:30:38+00:00","og_image":[{"width":1800,"height":449,"url":"https:\/\/dev.chronobiology.com\/wp-content\/uploads\/2016\/06\/brain-and-psyche-4.jpg","type":"image\/jpeg"}],"twitter_card":"summary_large_image","twitter_site":"@chronobionews","twitter_misc":{"Gesch\u00e4tzte Lesezeit":"8\u00a0Minuten"},"schema":{"@context":"https:\/\/schema.org","@graph":[{"@type":"WebPage","@id":"https:\/\/dev.chronobiology.com\/de\/praxis-der-chronobiologiechronopharmacologie\/herz-kreislauf-system\/","url":"https:\/\/dev.chronobiology.com\/de\/praxis-der-chronobiologiechronopharmacologie\/herz-kreislauf-system\/","name":"Herz-Kreislauf-System &#8211; Chronobiology.com","isPartOf":{"@id":"https:\/\/dev.chronobiology.com\/de\/#website"},"primaryImageOfPage":{"@id":"https:\/\/dev.chronobiology.com\/de\/praxis-der-chronobiologiechronopharmacologie\/herz-kreislauf-system\/#primaryimage"},"image":{"@id":"https:\/\/dev.chronobiology.com\/de\/praxis-der-chronobiologiechronopharmacologie\/herz-kreislauf-system\/#primaryimage"},"thumbnailUrl":"https:\/\/dev.chronobiology.com\/wp-content\/uploads\/2016\/06\/brain-and-psyche-4.jpg","datePublished":"2014-01-16T07:43:40+00:00","dateModified":"2016-11-18T18:30:38+00:00","breadcrumb":{"@id":"https:\/\/dev.chronobiology.com\/de\/praxis-der-chronobiologiechronopharmacologie\/herz-kreislauf-system\/#breadcrumb"},"inLanguage":"de","potentialAction":[{"@type":"ReadAction","target":["https:\/\/dev.chronobiology.com\/de\/praxis-der-chronobiologiechronopharmacologie\/herz-kreislauf-system\/"]}]},{"@type":"ImageObject","inLanguage":"de","@id":"https:\/\/dev.chronobiology.com\/de\/praxis-der-chronobiologiechronopharmacologie\/herz-kreislauf-system\/#primaryimage","url":"https:\/\/dev.chronobiology.com\/wp-content\/uploads\/2016\/06\/brain-and-psyche-4.jpg","contentUrl":"https:\/\/dev.chronobiology.com\/wp-content\/uploads\/2016\/06\/brain-and-psyche-4.jpg","width":1800,"height":449,"caption":"Herz-Kreislauf-System"},{"@type":"BreadcrumbList","@id":"https:\/\/dev.chronobiology.com\/de\/praxis-der-chronobiologiechronopharmacologie\/herz-kreislauf-system\/#breadcrumb","itemListElement":[{"@type":"ListItem","position":1,"name":"Home","item":"https:\/\/dev.chronobiology.com\/de\/"},{"@type":"ListItem","position":2,"name":"Chronopharmakologie","item":"https:\/\/dev.chronobiology.com\/de\/praxis-der-chronobiologiechronopharmacologie\/"},{"@type":"ListItem","position":3,"name":"Herz-Kreislauf-System"}]},{"@type":"WebSite","@id":"https:\/\/dev.chronobiology.com\/de\/#website","url":"https:\/\/dev.chronobiology.com\/de\/","name":"Chronobiology.com","description":"","publisher":{"@id":"https:\/\/dev.chronobiology.com\/de\/#organization"},"potentialAction":[{"@type":"SearchAction","target":{"@type":"EntryPoint","urlTemplate":"https:\/\/dev.chronobiology.com\/de\/?s={search_term_string}"},"query-input":{"@type":"PropertyValueSpecification","valueRequired":true,"valueName":"search_term_string"}}],"inLanguage":"de"},{"@type":"Organization","@id":"https:\/\/dev.chronobiology.com\/de\/#organization","name":"Chronobiology","url":"https:\/\/dev.chronobiology.com\/de\/","logo":{"@type":"ImageObject","inLanguage":"de","@id":"https:\/\/dev.chronobiology.com\/de\/#\/schema\/logo\/image\/","url":"https:\/\/www.chronobiology.com\/wp-content\/uploads\/2019\/01\/chronobiology_logo_en_r.png","contentUrl":"https:\/\/www.chronobiology.com\/wp-content\/uploads\/2019\/01\/chronobiology_logo_en_r.png","width":375,"height":90,"caption":"Chronobiology"},"image":{"@id":"https:\/\/dev.chronobiology.com\/de\/#\/schema\/logo\/image\/"},"sameAs":["https:\/\/www.facebook.com\/chronobiology","https:\/\/x.com\/chronobionews","https:\/\/www.instagram.com\/chronobiology\/","https:\/\/www.pinterest.com\/chronobiology\/"]}]}},"_links":{"self":[{"href":"https:\/\/dev.chronobiology.com\/de\/wp-json\/wp\/v2\/pages\/9214"}],"collection":[{"href":"https:\/\/dev.chronobiology.com\/de\/wp-json\/wp\/v2\/pages"}],"about":[{"href":"https:\/\/dev.chronobiology.com\/de\/wp-json\/wp\/v2\/types\/page"}],"author":[{"embeddable":true,"href":"https:\/\/dev.chronobiology.com\/de\/wp-json\/wp\/v2\/users\/11"}],"replies":[{"embeddable":true,"href":"https:\/\/dev.chronobiology.com\/de\/wp-json\/wp\/v2\/comments?post=9214"}],"version-history":[{"count":9,"href":"https:\/\/dev.chronobiology.com\/de\/wp-json\/wp\/v2\/pages\/9214\/revisions"}],"predecessor-version":[{"id":18068,"href":"https:\/\/dev.chronobiology.com\/de\/wp-json\/wp\/v2\/pages\/9214\/revisions\/18068"}],"up":[{"embeddable":true,"href":"https:\/\/dev.chronobiology.com\/de\/wp-json\/wp\/v2\/pages\/3464"}],"wp:featuredmedia":[{"embeddable":true,"href":"https:\/\/dev.chronobiology.com\/de\/wp-json\/wp\/v2\/media\/9156"}],"wp:attachment":[{"href":"https:\/\/dev.chronobiology.com\/de\/wp-json\/wp\/v2\/media?parent=9214"}],"wp:term":[{"taxonomy":"category","embeddable":true,"href":"https:\/\/dev.chronobiology.com\/de\/wp-json\/wp\/v2\/categories?post=9214"}],"curies":[{"name":"wp","href":"https:\/\/api.w.org\/{rel}","templated":true}]}}