{"id":3625,"date":"2015-01-27T19:58:26","date_gmt":"2015-01-27T19:58:26","guid":{"rendered":"http:\/\/www.chronobiology.com\/?page_id=3625"},"modified":"2022-08-07T15:48:00","modified_gmt":"2022-08-07T22:48:00","slug":"start","status":"publish","type":"page","link":"https:\/\/dev.chronobiology.com\/de\/","title":{"rendered":"Home"},"content":{"rendered":"<div class=\"wpb-content-wrapper\"><p>[vc_row full_width=&#8220;stretch_row&#8220; el_class=&#8220;home-top&#8220; css=&#8220;.vc_custom_1481849859307{background-image: url(https:\/\/www.chronobiology.com\/wp-content\/uploads\/2013\/04\/home_bg_2.jpg?id=11558) !important;background-position: center !important;background-repeat: no-repeat !important;background-size: cover !important;}&#8220;][vc_column][vc_column_text]<\/p>\n<h1 style=\"text-align: center;\">CHRONOBIOLOGIE<\/h1>\n<h2 style=\"text-align: center;\">Diese Seite ist der Geschichte, den Erkenntnissen und Fortschritten der Chronobiologie gewidmet.<\/h2>\n<p>[\/vc_column_text][vc_column_text]<div class=\"latest_news\"><div class=\"wrap\"><div class=\"singleNews\"><a href=\"https:\/\/dev.chronobiology.com\/de\/wissenschaftler-mischen-die-praechtigen-farben-des-himmels-um-die-inneren-uhren-neu-zu-stellen\/\"><img decoding=\"async\" src=\"https:\/\/dev.chronobiology.com\/wp-content\/uploads\/2024\/09\/lll-3-358x200.png\" alt=\"Wissenschaftler mischen die pr\u00e4chtigen Farben des Himmels, um die inneren Uhren neu zu stellen\"><\/a><h4><a href=\"https:\/\/dev.chronobiology.com\/de\/wissenschaftler-mischen-die-praechtigen-farben-des-himmels-um-die-inneren-uhren-neu-zu-stellen\/\">Wissenschaftler mischen die pr\u00e4chtigen Farben des Himmels, um die inneren Uhren neu zu stellen<\/a><\/h4><p>Die faszinierenden Blau- und Oranget\u00f6ne am Himmel zu Beginn und am Ende eines sonnigen Ta...<a class=\"more_link\" href=\"https:\/\/dev.chronobiology.com\/de\/wissenschaftler-mischen-die-praechtigen-farben-des-himmels-um-die-inneren-uhren-neu-zu-stellen\/\"> Weiterlesen<\/a><\/p><\/div><div class=\"singleNews\"><a href=\"https:\/\/dev.chronobiology.com\/de\/fuer-besseren-schlaf-keine-bildschirme-im-bett-nutzen\/\"><img decoding=\"async\" src=\"https:\/\/dev.chronobiology.com\/wp-content\/uploads\/2024\/09\/lll-1-358x200.png\" alt=\"F\u00fcr besseren Schlaf keine Bildschirme im Bett nutzen\"><\/a><h4><a href=\"https:\/\/dev.chronobiology.com\/de\/fuer-besseren-schlaf-keine-bildschirme-im-bett-nutzen\/\">F\u00fcr besseren Schlaf keine Bildschirme im Bett nutzen<\/a><\/h4><p>Eine Studie der University of Otago hat ergeben, dass entgegen der landl\u00e4ufigen Meinung d...<a class=\"more_link\" href=\"https:\/\/dev.chronobiology.com\/de\/fuer-besseren-schlaf-keine-bildschirme-im-bett-nutzen\/\"> Weiterlesen<\/a><\/p><\/div><div class=\"singleNews\"><a href=\"https:\/\/dev.chronobiology.com\/de\/neue-forschung-zeigt-dass-zahnaerztliche-vorsorgeuntersuchungen-die-erste-verteidigungslinie-gegen-toedliche-schlafstoerungen-sein-koennten\/\"><img decoding=\"async\" src=\"https:\/\/dev.chronobiology.com\/wp-content\/uploads\/2024\/09\/ayayay-358x200.png\" alt=\"Neue Forschung zeigt, dass zahn\u00e4rztliche Vorsorgeuntersuchungen die erste Verteidigungslinie gegen t\u00f6dliche Schlafst\u00f6rungen sein k\u00f6nnten\"><\/a><h4><a href=\"https:\/\/dev.chronobiology.com\/de\/neue-forschung-zeigt-dass-zahnaerztliche-vorsorgeuntersuchungen-die-erste-verteidigungslinie-gegen-toedliche-schlafstoerungen-sein-koennten\/\">Neue Forschung zeigt, dass zahn\u00e4rztliche Vorsorgeuntersuchungen die erste Verteidigungslinie gegen t\u00f6dliche Schlafst\u00f6rungen sein k\u00f6nnten<\/a><\/h4><p>Eine Studie der University of Otago hat ergeben, dass entgegen der landl\u00e4ufigen Meinung d...<a class=\"more_link\" href=\"https:\/\/dev.chronobiology.com\/de\/neue-forschung-zeigt-dass-zahnaerztliche-vorsorgeuntersuchungen-die-erste-verteidigungslinie-gegen-toedliche-schlafstoerungen-sein-koennten\/\"> Weiterlesen<\/a><\/p><\/div><\/div><\/div>[\/vc_column_text][\/vc_column][\/vc_row][vc_row][vc_column width=&#8220;3\/4&#8243;][vc_column_text]<\/p>\n<article class=\"post-3056 page type-page status-publish entry\">\n<div class=\"entry-content\">\n<h2>Rhythmus des Lebens<\/h2>\n<\/div>\n<\/article>\n<p>[\/vc_column_text][vc_raw_html]PGRpdiBjbGFzcz0icmh5dGhtX29mX2xpZmUiPg0KPGRpdiBjbGFzcz0iY2xvY2tzIj48Y2FudmFzIGlkPSJjYW52YXMiIHdpZHRoPSIyMDAiIGhlaWdodD0iMjAwIj48c3Bhbj48c3Bhbj5Zb3VyIGJyb3dzZXIgZG9lcyBub3Qgc3VwcG9ydCB0aGUgQ0FOVkFTIGVsZW1lbnQgYWxhcyE8L3NwYW4+PC9zcGFuPg0KDQombmJzcDsNCg0KPC9jYW52YXM+PC9kaXY+DQo8L2Rpdj4NCjx0YWJsZSBjbGFzcz0icmh5dGhtLW1vYiI+DQo8dGJvZHk+DQo8dHI+DQo8dGQgY2xhc3M9InJoeXRobS1ibHVlIj4xIGEubS48L3RkPg0KPHRkPkRyZWFtIHRpbWU8L3RkPg0KPC90cj4NCjx0cj4NCjx0ZCBjbGFzcz0icmh5dGhtLWJsdWUiPjIgYS5tLjwvdGQ+DQo8dGQ+QWxsIHN5c3RlbXMgaW4gcmVnZW5lcmF0aW9uIG1vZGUgZXhjZXB0IGxpdmVyIGFuZCBza2luPC90ZD4NCjwvdHI+DQo8dHI+DQo8dGQgY2xhc3M9InJoeXRobS1ibHVlIj4zIGEubS48L3RkPg0KPHRkPkludGVuc2l2ZSBzbGVlcCBwaGFzZTwvdGQ+DQo8L3RyPg0KPHRyPg0KPHRkIGNsYXNzPSJyaHl0aG0tYmx1ZSI+NCBhLm0uPC90ZD4NCjx0ZD5MdW5ncyBtb3N0IGFjdGl2ZTwvdGQ+DQo8L3RyPg0KPHRyPg0KPHRkIGNsYXNzPSJyaHl0aG0tYmx1ZSI+NSBhLm0uPC90ZD4NCjx0ZD5LaWRuZXkgZnVuY3Rpb24gYXQgbG93ZXN0IHBvaW50PC90ZD4NCjwvdHI+DQo8dHI+DQo8dGQgY2xhc3M9InJoeXRobS1yZWQiPjYgYS5tLjwvdGQ+DQo8dGQ+VGhlIGJvZHkncyBzeXN0ZW1zIGF3YWtlbjwvdGQ+DQo8L3RyPg0KPHRyPg0KPHRkIGNsYXNzPSJyaHl0aG0tcmVkIj43LTkgYS5tLjwvdGQ+DQo8dGQ+SG9ybW9uZXMgYXQgdGhlaXIgcGVhazwvdGQ+DQo8L3RyPg0KPHRyPg0KPHRkIGNsYXNzPSJyaHl0aG0tcmVkIj44LTkgYS5tLjwvdGQ+DQo8dGQ+SGlnaGVzdCBwYWluIHRocmVzaG9sZDwvdGQ+DQo8L3RyPg0KPHRyPg0KPHRkIGNsYXNzPSJyaHl0aG0tcmVkIj4xMCBhLm0uIC0gMTIgbm9vbjwvdGQ+DQo8dGQ+RnVsbHkgZml0IGFuZCB3aWRlIGF3YWtlLCBicmFpbiBtb3N0IGVmZmljaWVudDwvdGQ+DQo8L3RyPg0KPHRyPg0KPHRkIGNsYXNzPSJyaHl0aG0tcmVkIj4xMiBub29uPC90ZD4NCjx0ZD5UaW1lIHRvIGVhdCBkaWdlc3Rpb24gaW4gdG9wIGdlYXI8L3RkPg0KPC90cj4NCjx0cj4NCjx0ZCBjbGFzcz0icmh5dGhtLXJlZCI+MS0yIHAubS48L3RkPg0KPHRkPkFmdGVybm9vbiBsb3csIHRpbWUgZm9yIGEgbmFwPC90ZD4NCjwvdHI+DQo8dHI+DQo8dGQgY2xhc3M9InJoeXRobS1yZWQiPjMtNCBwLm0uPC90ZD4NCjx0ZD5OZXcgdXBzd2luZzpwaGFzZSBvZiBsZWFybmluZyAmYW1wOyBsb2duIHRlcm0gbWVtb3J5PC90ZD4NCjwvdHI+DQo8dHI+DQo8dGQgY2xhc3M9InJoeXRobS1yZWQiPjUtNiBwLm0uPC90ZD4NCjx0ZD5TZWNvbmQgcGVhaywgYmVzdCB0aW1lIGZvciBtYW51YWwgd29yazwvdGQ+DQo8L3RyPg0KPHRyPg0KPHRkIGNsYXNzPSJyaHl0aG0tYmx1ZSI+Ni05IHAubS48L3RkPg0KPHRkPlJlZ2VuZXJhdGlvbiBhbmQgcmVsYXhhdGlvbiwgb3B0aW1hbCBzZW5zZSBvZiBzbWVsbCBhbmQgdGFzdGU8L3RkPg0KPC90cj4NCjx0cj4NCjx0ZCBjbGFzcz0icmh5dGhtLWJsdWUiPjkgcC5tLjwvdGQ+DQo8dGQ+U3RvbWFjaCByZXN0cyAtIHRpbWUgdG8gc3RvcCBlYXRpbmc8L3RkPg0KPC90cj4NCjx0cj4NCjx0ZCBjbGFzcz0icmh5dGhtLWJsdWUiPjExIHAubS48L3RkPg0KPHRkPlRpbWUgZm9yIGJlZDwvdGQ+DQo8L3RyPg0KPHRyPg0KPHRkIGNsYXNzPSJyaHl0aG0tYmx1ZSI+MTEgcC5tIC0gMSBhLm0uPC90ZD4NCjx0ZD5DcmVhdGl2aXR5IGF0IGl0cyBwZWFrPC90ZD4NCjwvdHI+DQo8L3Rib2R5Pg0KPC90YWJsZT4=[\/vc_raw_html][vc_column_text]<\/p>\n<h4>Wissenswertes \u00fcber Chronobiologie<\/h4>\n<p>Diese Webseite ist den Erkenntnissen, Fortschritten und der Geschichte der Chronobiologie gewidmet.<\/p>\n<p>Chronobiologie ist ein Bereich der Biologie, der untersucht, auf welche Weise die nat\u00fcrlichen Zyklen unseres K\u00f6rpers \u2014 geistige, k\u00f6rperliche und emotionale \u2014 von Sonnen- und Mondrhythmen beeinflusst werden. So ist beispielsweise der circadiane Rhythmus, ein 24-Stunden Zyklus von physiologischen Vorg\u00e4ngen, die im gesamten K\u00f6rper ablaufen, ein wichtiger Zyklus im Studium der Chronobiologie.<\/p>\n<p>Wenn diese Vorg\u00e4nge nicht mehr funktionieren oder Anomalien im menschlichen K\u00f6rper auftreten, k\u00f6nnte das Studiium der Chronobiologie eine m\u00f6gliche L\u00f6sung sein.[\/vc_column_text][\/vc_column][vc_column width=&#8220;1\/4&#8243; el_class=&#8220;sidebar&#8220;][vc_wp_custommenu title=&#8220;Chronopharmakologie&#8220; nav_menu=&#8220;24&#8243;][\/vc_column][\/vc_row]<\/p>\n<\/div>","protected":false},"excerpt":{"rendered":"<p>[vc_row full_width=&#8220;stretch_row&#8220; el_class=&#8220;home-top&#8220; css=&#8220;.vc_custom_1481849859307{background-image: url(https:\/\/www.chronobiology.com\/wp-content\/uploads\/2013\/04\/home_bg_2.jpg?id=11558) !important;background-position: center !important;background-repeat: no-repeat !important;background-size: cover !important;}&#8220;][vc_column][vc_column_text] CHRONOBIOLOGIE Diese Seite ist der Geschichte, den Erkenntnissen und Fortschritten der Chronobiologie gewidmet. [\/vc_column_text][vc_column_text][\/vc_column_text][\/vc_column][\/vc_row][vc_row][vc_column width=&#8220;3\/4&#8243;][vc_column_text] Rhythmus des Lebens [\/vc_column_text][vc_raw_html]PGRpdiBjbGFzcz0icmh5dGhtX29mX2xpZmUiPg0KPGRpdiBjbGFzcz0iY2xvY2tzIj48Y2FudmFzIGlkPSJjYW52YXMiIHdpZHRoPSIyMDAiIGhlaWdodD0iMjAwIj48c3Bhbj48c3Bhbj5Zb3VyIGJyb3dzZXIgZG9lcyBub3Qgc3VwcG9ydCB0aGUgQ0FOVkFTIGVsZW1lbnQgYWxhcyE8L3NwYW4+PC9zcGFuPg0KDQombmJzcDsNCg0KPC9jYW52YXM+PC9kaXY+DQo8L2Rpdj4NCjx0YWJsZSBjbGFzcz0icmh5dGhtLW1vYiI+DQo8dGJvZHk+DQo8dHI+DQo8dGQgY2xhc3M9InJoeXRobS1ibHVlIj4xIGEubS48L3RkPg0KPHRkPkRyZWFtIHRpbWU8L3RkPg0KPC90cj4NCjx0cj4NCjx0ZCBjbGFzcz0icmh5dGhtLWJsdWUiPjIgYS5tLjwvdGQ+DQo8dGQ+QWxsIHN5c3RlbXMgaW4gcmVnZW5lcmF0aW9uIG1vZGUgZXhjZXB0IGxpdmVyIGFuZCBza2luPC90ZD4NCjwvdHI+DQo8dHI+DQo8dGQgY2xhc3M9InJoeXRobS1ibHVlIj4zIGEubS48L3RkPg0KPHRkPkludGVuc2l2ZSBzbGVlcCBwaGFzZTwvdGQ+DQo8L3RyPg0KPHRyPg0KPHRkIGNsYXNzPSJyaHl0aG0tYmx1ZSI+NCBhLm0uPC90ZD4NCjx0ZD5MdW5ncyBtb3N0IGFjdGl2ZTwvdGQ+DQo8L3RyPg0KPHRyPg0KPHRkIGNsYXNzPSJyaHl0aG0tYmx1ZSI+NSBhLm0uPC90ZD4NCjx0ZD5LaWRuZXkgZnVuY3Rpb24gYXQgbG93ZXN0IHBvaW50PC90ZD4NCjwvdHI+DQo8dHI+DQo8dGQgY2xhc3M9InJoeXRobS1yZWQiPjYgYS5tLjwvdGQ+DQo8dGQ+VGhlIGJvZHkncyBzeXN0ZW1zIGF3YWtlbjwvdGQ+DQo8L3RyPg0KPHRyPg0KPHRkIGNsYXNzPSJyaHl0aG0tcmVkIj43LTkgYS5tLjwvdGQ+DQo8dGQ+SG9ybW9uZXMgYXQgdGhlaXIgcGVhazwvdGQ+DQo8L3RyPg0KPHRyPg0KPHRkIGNsYXNzPSJyaHl0aG0tcmVkIj44LTkgYS5tLjwvdGQ+DQo8dGQ+SGlnaGVzdCBwYWluIHRocmVzaG9sZDwvdGQ+DQo8L3RyPg0KPHRyPg0KPHRkIGNsYXNzPSJyaHl0aG0tcmVkIj4xMCBhLm0uIC0gMTIgbm9vbjwvdGQ+DQo8dGQ+RnVsbHkgZml0IGFuZCB3aWRlIGF3YWtlLCBicmFpbiBtb3N0IGVmZmljaWVudDwvdGQ+DQo8L3RyPg0KPHRyPg0KPHRkIGNsYXNzPSJyaHl0aG0tcmVkIj4xMiBub29uPC90ZD4NCjx0ZD5UaW1lIHRvIGVhdCBkaWdlc3Rpb24gaW4gdG9wIGdlYXI8L3RkPg0KPC90cj4NCjx0cj4NCjx0ZCBjbGFzcz0icmh5dGhtLXJlZCI+MS0yIHAubS48L3RkPg0KPHRkPkFmdGVybm9vbiBsb3csIHRpbWUgZm9yIGEgbmFwPC90ZD4NCjwvdHI+DQo8dHI+DQo8dGQgY2xhc3M9InJoeXRobS1yZWQiPjMtNCBwLm0uPC90ZD4NCjx0ZD5OZXcgdXBzd2luZzpwaGFzZSBvZiBsZWFybmluZyAmYW1wOyBsb2duIHRlcm0gbWVtb3J5PC90ZD4NCjwvdHI+DQo8dHI+DQo8dGQgY2xhc3M9InJoeXRobS1yZWQiPjUtNiBwLm0uPC90ZD4NCjx0ZD5TZWNvbmQgcGVhaywgYmVzdCB0aW1lIGZvciBtYW51YWwgd29yazwvdGQ+DQo8L3RyPg0KPHRyPg0KPHRkIGNsYXNzPSJyaHl0aG0tYmx1ZSI+Ni05IHAubS48L3RkPg0KPHRkPlJlZ2VuZXJhdGlvbiBhbmQgcmVsYXhhdGlvbiwgb3B0aW1hbCBzZW5zZSBvZiBzbWVsbCBhbmQgdGFzdGU8L3RkPg0KPC90cj4NCjx0cj4NCjx0ZCBjbGFzcz0icmh5dGhtLWJsdWUiPjkgcC5tLjwvdGQ+DQo8dGQ+U3RvbWFjaCByZXN0cyAtIHRpbWUgdG8gc3RvcCBlYXRpbmc8L3RkPg0KPC90cj4NCjx0cj4NCjx0ZCBjbGFzcz0icmh5dGhtLWJsdWUiPjExIHAubS48L3RkPg0KPHRkPlRpbWUgZm9yIGJlZDwvdGQ+DQo8L3RyPg0KPHRyPg0KPHRkIGNsYXNzPSJyaHl0aG0tYmx1ZSI+MTEgcC5tIC0gMSBhLm0uPC90ZD4NCjx0ZD5DcmVhdGl2aXR5IGF0IGl0cyBwZWFrPC90ZD4NCjwvdHI+DQo8L3Rib2R5Pg0KPC90YWJsZT4=[\/vc_raw_html][vc_column_text] Wissenswertes \u00fcber Chronobiologie Diese Webseite ist den Erkenntnissen, Fortschritten und der Geschichte der Chronobiologie gewidmet. Chronobiologie ist ein Bereich der Biologie, der untersucht, auf [&hellip;]<\/p>\n","protected":false},"author":11,"featured_media":0,"parent":0,"menu_order":0,"comment_status":"open","ping_status":"closed","template":"","meta":{"_acf_changed":false,"_genesis_hide_title":false,"_genesis_hide_breadcrumbs":false,"_genesis_hide_singular_image":false,"_genesis_hide_footer_widgets":false,"_genesis_custom_body_class":"","_genesis_custom_post_class":"","_genesis_layout":"full-width-content","footnotes":""},"categories":[],"class_list":{"0":"post-3625","1":"page","2":"type-page","3":"status-publish","5":"entry","6":"has-post-thumbnail"},"acf":[],"yoast_head":"<!-- This site is optimized with the Yoast SEO Premium plugin v23.4 (Yoast SEO v23.4) - https:\/\/yoast.com\/wordpress\/plugins\/seo\/ -->\n<title>Chronobiologie - Diese Seite ist der Geschichte, den Erkenntnissen und Fortschritten der Chronobiologie gewidmet.<\/title>\n<meta name=\"robots\" content=\"index, follow, max-snippet:-1, max-image-preview:large, max-video-preview:-1\" \/>\n<link rel=\"canonical\" href=\"https:\/\/dev.chronobiology.com\/de\/\" \/>\n<meta property=\"og:locale\" content=\"de_DE\" \/>\n<meta property=\"og:type\" content=\"article\" \/>\n<meta property=\"og:title\" content=\"Home\" \/>\n<meta property=\"og:description\" content=\"[vc_row full_width=&#8220;stretch_row&#8220; el_class=&#8220;home-top&#8220; css=&#8220;.vc_custom_1481849859307{background-image: url(https:\/\/www.chronobiology.com\/wp-content\/uploads\/2013\/04\/home_bg_2.jpg?id=11558) !important;background-position: center !important;background-repeat: no-repeat !important;background-size: cover !important;}&#8220;][vc_column][vc_column_text] CHRONOBIOLOGIE Diese Seite ist der Geschichte, den Erkenntnissen und Fortschritten der Chronobiologie gewidmet. [\/vc_column_text][vc_column_text][\/vc_column_text][\/vc_column][\/vc_row][vc_row][vc_column width=&#8220;3\/4&#8243;][vc_column_text] Rhythmus des Lebens [\/vc_column_text][vc_raw_html]PGRpdiBjbGFzcz0icmh5dGhtX29mX2xpZmUiPg0KPGRpdiBjbGFzcz0iY2xvY2tzIj48Y2FudmFzIGlkPSJjYW52YXMiIHdpZHRoPSIyMDAiIGhlaWdodD0iMjAwIj48c3Bhbj48c3Bhbj5Zb3VyIGJyb3dzZXIgZG9lcyBub3Qgc3VwcG9ydCB0aGUgQ0FOVkFTIGVsZW1lbnQgYWxhcyE8L3NwYW4+PC9zcGFuPg0KDQombmJzcDsNCg0KPC9jYW52YXM+PC9kaXY+DQo8L2Rpdj4NCjx0YWJsZSBjbGFzcz0icmh5dGhtLW1vYiI+DQo8dGJvZHk+DQo8dHI+DQo8dGQgY2xhc3M9InJoeXRobS1ibHVlIj4xIGEubS48L3RkPg0KPHRkPkRyZWFtIHRpbWU8L3RkPg0KPC90cj4NCjx0cj4NCjx0ZCBjbGFzcz0icmh5dGhtLWJsdWUiPjIgYS5tLjwvdGQ+DQo8dGQ+QWxsIHN5c3RlbXMgaW4gcmVnZW5lcmF0aW9uIG1vZGUgZXhjZXB0IGxpdmVyIGFuZCBza2luPC90ZD4NCjwvdHI+DQo8dHI+DQo8dGQgY2xhc3M9InJoeXRobS1ibHVlIj4zIGEubS48L3RkPg0KPHRkPkludGVuc2l2ZSBzbGVlcCBwaGFzZTwvdGQ+DQo8L3RyPg0KPHRyPg0KPHRkIGNsYXNzPSJyaHl0aG0tYmx1ZSI+NCBhLm0uPC90ZD4NCjx0ZD5MdW5ncyBtb3N0IGFjdGl2ZTwvdGQ+DQo8L3RyPg0KPHRyPg0KPHRkIGNsYXNzPSJyaHl0aG0tYmx1ZSI+NSBhLm0uPC90ZD4NCjx0ZD5LaWRuZXkgZnVuY3Rpb24gYXQgbG93ZXN0IHBvaW50PC90ZD4NCjwvdHI+DQo8dHI+DQo8dGQgY2xhc3M9InJoeXRobS1yZWQiPjYgYS5tLjwvdGQ+DQo8dGQ+VGhlIGJvZHkncyBzeXN0ZW1zIGF3YWtlbjwvdGQ+DQo8L3RyPg0KPHRyPg0KPHRkIGNsYXNzPSJyaHl0aG0tcmVkIj43LTkgYS5tLjwvdGQ+DQo8dGQ+SG9ybW9uZXMgYXQgdGhlaXIgcGVhazwvdGQ+DQo8L3RyPg0KPHRyPg0KPHRkIGNsYXNzPSJyaHl0aG0tcmVkIj44LTkgYS5tLjwvdGQ+DQo8dGQ+SGlnaGVzdCBwYWluIHRocmVzaG9sZDwvdGQ+DQo8L3RyPg0KPHRyPg0KPHRkIGNsYXNzPSJyaHl0aG0tcmVkIj4xMCBhLm0uIC0gMTIgbm9vbjwvdGQ+DQo8dGQ+RnVsbHkgZml0IGFuZCB3aWRlIGF3YWtlLCBicmFpbiBtb3N0IGVmZmljaWVudDwvdGQ+DQo8L3RyPg0KPHRyPg0KPHRkIGNsYXNzPSJyaHl0aG0tcmVkIj4xMiBub29uPC90ZD4NCjx0ZD5UaW1lIHRvIGVhdCBkaWdlc3Rpb24gaW4gdG9wIGdlYXI8L3RkPg0KPC90cj4NCjx0cj4NCjx0ZCBjbGFzcz0icmh5dGhtLXJlZCI+MS0yIHAubS48L3RkPg0KPHRkPkFmdGVybm9vbiBsb3csIHRpbWUgZm9yIGEgbmFwPC90ZD4NCjwvdHI+DQo8dHI+DQo8dGQgY2xhc3M9InJoeXRobS1yZWQiPjMtNCBwLm0uPC90ZD4NCjx0ZD5OZXcgdXBzd2luZzpwaGFzZSBvZiBsZWFybmluZyAmYW1wOyBsb2duIHRlcm0gbWVtb3J5PC90ZD4NCjwvdHI+DQo8dHI+DQo8dGQgY2xhc3M9InJoeXRobS1yZWQiPjUtNiBwLm0uPC90ZD4NCjx0ZD5TZWNvbmQgcGVhaywgYmVzdCB0aW1lIGZvciBtYW51YWwgd29yazwvdGQ+DQo8L3RyPg0KPHRyPg0KPHRkIGNsYXNzPSJyaHl0aG0tYmx1ZSI+Ni05IHAubS48L3RkPg0KPHRkPlJlZ2VuZXJhdGlvbiBhbmQgcmVsYXhhdGlvbiwgb3B0aW1hbCBzZW5zZSBvZiBzbWVsbCBhbmQgdGFzdGU8L3RkPg0KPC90cj4NCjx0cj4NCjx0ZCBjbGFzcz0icmh5dGhtLWJsdWUiPjkgcC5tLjwvdGQ+DQo8dGQ+U3RvbWFjaCByZXN0cyAtIHRpbWUgdG8gc3RvcCBlYXRpbmc8L3RkPg0KPC90cj4NCjx0cj4NCjx0ZCBjbGFzcz0icmh5dGhtLWJsdWUiPjExIHAubS48L3RkPg0KPHRkPlRpbWUgZm9yIGJlZDwvdGQ+DQo8L3RyPg0KPHRyPg0KPHRkIGNsYXNzPSJyaHl0aG0tYmx1ZSI+MTEgcC5tIC0gMSBhLm0uPC90ZD4NCjx0ZD5DcmVhdGl2aXR5IGF0IGl0cyBwZWFrPC90ZD4NCjwvdHI+DQo8L3Rib2R5Pg0KPC90YWJsZT4=[\/vc_raw_html][vc_column_text] Wissenswertes \u00fcber Chronobiologie Diese Webseite ist den Erkenntnissen, Fortschritten und der Geschichte der Chronobiologie gewidmet. Chronobiologie ist ein Bereich der Biologie, der untersucht, auf [&hellip;]\" \/>\n<meta property=\"og:url\" content=\"https:\/\/dev.chronobiology.com\/de\/\" \/>\n<meta property=\"og:site_name\" content=\"Chronobiology.com\" \/>\n<meta property=\"article:publisher\" content=\"https:\/\/www.facebook.com\/chronobiology\" \/>\n<meta property=\"article:modified_time\" content=\"2022-08-07T22:48:00+00:00\" \/>\n<meta name=\"twitter:card\" content=\"summary_large_image\" \/>\n<meta name=\"twitter:site\" content=\"@chronobionews\" \/>\n<meta name=\"twitter:label1\" content=\"Gesch\u00e4tzte Lesezeit\" \/>\n\t<meta name=\"twitter:data1\" content=\"3\u00a0Minuten\" \/>\n<script type=\"application\/ld+json\" class=\"yoast-schema-graph\">{\"@context\":\"https:\/\/schema.org\",\"@graph\":[{\"@type\":\"WebPage\",\"@id\":\"https:\/\/dev.chronobiology.com\/de\/\",\"url\":\"https:\/\/dev.chronobiology.com\/de\/\",\"name\":\"Chronobiologie - Diese Seite ist der Geschichte, den Erkenntnissen und Fortschritten der Chronobiologie gewidmet.\",\"isPartOf\":{\"@id\":\"https:\/\/dev.chronobiology.com\/de\/#website\"},\"datePublished\":\"2015-01-27T19:58:26+00:00\",\"dateModified\":\"2022-08-07T22:48:00+00:00\",\"breadcrumb\":{\"@id\":\"https:\/\/dev.chronobiology.com\/de\/#breadcrumb\"},\"inLanguage\":\"de\",\"potentialAction\":[{\"@type\":\"ReadAction\",\"target\":[\"https:\/\/dev.chronobiology.com\/de\/\"]}]},{\"@type\":\"BreadcrumbList\",\"@id\":\"https:\/\/dev.chronobiology.com\/de\/#breadcrumb\",\"itemListElement\":[{\"@type\":\"ListItem\",\"position\":1,\"name\":\"Home\",\"item\":\"https:\/\/dev.chronobiology.com\/de\/\"},{\"@type\":\"ListItem\",\"position\":2,\"name\":\"Home\"}]},{\"@type\":\"WebSite\",\"@id\":\"https:\/\/dev.chronobiology.com\/de\/#website\",\"url\":\"https:\/\/dev.chronobiology.com\/de\/\",\"name\":\"Chronobiology.com\",\"description\":\"\",\"publisher\":{\"@id\":\"https:\/\/dev.chronobiology.com\/de\/#organization\"},\"potentialAction\":[{\"@type\":\"SearchAction\",\"target\":{\"@type\":\"EntryPoint\",\"urlTemplate\":\"https:\/\/dev.chronobiology.com\/de\/?s={search_term_string}\"},\"query-input\":{\"@type\":\"PropertyValueSpecification\",\"valueRequired\":true,\"valueName\":\"search_term_string\"}}],\"inLanguage\":\"de\"},{\"@type\":\"Organization\",\"@id\":\"https:\/\/dev.chronobiology.com\/de\/#organization\",\"name\":\"Chronobiology\",\"url\":\"https:\/\/dev.chronobiology.com\/de\/\",\"logo\":{\"@type\":\"ImageObject\",\"inLanguage\":\"de\",\"@id\":\"https:\/\/dev.chronobiology.com\/de\/#\/schema\/logo\/image\/\",\"url\":\"https:\/\/www.chronobiology.com\/wp-content\/uploads\/2019\/01\/chronobiology_logo_en_r.png\",\"contentUrl\":\"https:\/\/www.chronobiology.com\/wp-content\/uploads\/2019\/01\/chronobiology_logo_en_r.png\",\"width\":375,\"height\":90,\"caption\":\"Chronobiology\"},\"image\":{\"@id\":\"https:\/\/dev.chronobiology.com\/de\/#\/schema\/logo\/image\/\"},\"sameAs\":[\"https:\/\/www.facebook.com\/chronobiology\",\"https:\/\/x.com\/chronobionews\",\"https:\/\/www.instagram.com\/chronobiology\/\",\"https:\/\/www.pinterest.com\/chronobiology\/\"]}]}<\/script>\n<!-- \/ Yoast SEO Premium plugin. -->","yoast_head_json":{"title":"Chronobiologie - Diese Seite ist der Geschichte, den Erkenntnissen und Fortschritten der Chronobiologie gewidmet.","robots":{"index":"index","follow":"follow","max-snippet":"max-snippet:-1","max-image-preview":"max-image-preview:large","max-video-preview":"max-video-preview:-1"},"canonical":"https:\/\/dev.chronobiology.com\/de\/","og_locale":"de_DE","og_type":"article","og_title":"Home","og_description":"[vc_row full_width=&#8220;stretch_row&#8220; el_class=&#8220;home-top&#8220; css=&#8220;.vc_custom_1481849859307{background-image: url(https:\/\/www.chronobiology.com\/wp-content\/uploads\/2013\/04\/home_bg_2.jpg?id=11558) !important;background-position: center !important;background-repeat: no-repeat !important;background-size: cover !important;}&#8220;][vc_column][vc_column_text] CHRONOBIOLOGIE Diese Seite ist der Geschichte, den Erkenntnissen und Fortschritten der Chronobiologie gewidmet. [\/vc_column_text][vc_column_text][\/vc_column_text][\/vc_column][\/vc_row][vc_row][vc_column width=&#8220;3\/4&#8243;][vc_column_text] Rhythmus des Lebens [\/vc_column_text][vc_raw_html]PGRpdiBjbGFzcz0icmh5dGhtX29mX2xpZmUiPg0KPGRpdiBjbGFzcz0iY2xvY2tzIj48Y2FudmFzIGlkPSJjYW52YXMiIHdpZHRoPSIyMDAiIGhlaWdodD0iMjAwIj48c3Bhbj48c3Bhbj5Zb3VyIGJyb3dzZXIgZG9lcyBub3Qgc3VwcG9ydCB0aGUgQ0FOVkFTIGVsZW1lbnQgYWxhcyE8L3NwYW4+PC9zcGFuPg0KDQombmJzcDsNCg0KPC9jYW52YXM+PC9kaXY+DQo8L2Rpdj4NCjx0YWJsZSBjbGFzcz0icmh5dGhtLW1vYiI+DQo8dGJvZHk+DQo8dHI+DQo8dGQgY2xhc3M9InJoeXRobS1ibHVlIj4xIGEubS48L3RkPg0KPHRkPkRyZWFtIHRpbWU8L3RkPg0KPC90cj4NCjx0cj4NCjx0ZCBjbGFzcz0icmh5dGhtLWJsdWUiPjIgYS5tLjwvdGQ+DQo8dGQ+QWxsIHN5c3RlbXMgaW4gcmVnZW5lcmF0aW9uIG1vZGUgZXhjZXB0IGxpdmVyIGFuZCBza2luPC90ZD4NCjwvdHI+DQo8dHI+DQo8dGQgY2xhc3M9InJoeXRobS1ibHVlIj4zIGEubS48L3RkPg0KPHRkPkludGVuc2l2ZSBzbGVlcCBwaGFzZTwvdGQ+DQo8L3RyPg0KPHRyPg0KPHRkIGNsYXNzPSJyaHl0aG0tYmx1ZSI+NCBhLm0uPC90ZD4NCjx0ZD5MdW5ncyBtb3N0IGFjdGl2ZTwvdGQ+DQo8L3RyPg0KPHRyPg0KPHRkIGNsYXNzPSJyaHl0aG0tYmx1ZSI+NSBhLm0uPC90ZD4NCjx0ZD5LaWRuZXkgZnVuY3Rpb24gYXQgbG93ZXN0IHBvaW50PC90ZD4NCjwvdHI+DQo8dHI+DQo8dGQgY2xhc3M9InJoeXRobS1yZWQiPjYgYS5tLjwvdGQ+DQo8dGQ+VGhlIGJvZHkncyBzeXN0ZW1zIGF3YWtlbjwvdGQ+DQo8L3RyPg0KPHRyPg0KPHRkIGNsYXNzPSJyaHl0aG0tcmVkIj43LTkgYS5tLjwvdGQ+DQo8dGQ+SG9ybW9uZXMgYXQgdGhlaXIgcGVhazwvdGQ+DQo8L3RyPg0KPHRyPg0KPHRkIGNsYXNzPSJyaHl0aG0tcmVkIj44LTkgYS5tLjwvdGQ+DQo8dGQ+SGlnaGVzdCBwYWluIHRocmVzaG9sZDwvdGQ+DQo8L3RyPg0KPHRyPg0KPHRkIGNsYXNzPSJyaHl0aG0tcmVkIj4xMCBhLm0uIC0gMTIgbm9vbjwvdGQ+DQo8dGQ+RnVsbHkgZml0IGFuZCB3aWRlIGF3YWtlLCBicmFpbiBtb3N0IGVmZmljaWVudDwvdGQ+DQo8L3RyPg0KPHRyPg0KPHRkIGNsYXNzPSJyaHl0aG0tcmVkIj4xMiBub29uPC90ZD4NCjx0ZD5UaW1lIHRvIGVhdCBkaWdlc3Rpb24gaW4gdG9wIGdlYXI8L3RkPg0KPC90cj4NCjx0cj4NCjx0ZCBjbGFzcz0icmh5dGhtLXJlZCI+MS0yIHAubS48L3RkPg0KPHRkPkFmdGVybm9vbiBsb3csIHRpbWUgZm9yIGEgbmFwPC90ZD4NCjwvdHI+DQo8dHI+DQo8dGQgY2xhc3M9InJoeXRobS1yZWQiPjMtNCBwLm0uPC90ZD4NCjx0ZD5OZXcgdXBzd2luZzpwaGFzZSBvZiBsZWFybmluZyAmYW1wOyBsb2duIHRlcm0gbWVtb3J5PC90ZD4NCjwvdHI+DQo8dHI+DQo8dGQgY2xhc3M9InJoeXRobS1yZWQiPjUtNiBwLm0uPC90ZD4NCjx0ZD5TZWNvbmQgcGVhaywgYmVzdCB0aW1lIGZvciBtYW51YWwgd29yazwvdGQ+DQo8L3RyPg0KPHRyPg0KPHRkIGNsYXNzPSJyaHl0aG0tYmx1ZSI+Ni05IHAubS48L3RkPg0KPHRkPlJlZ2VuZXJhdGlvbiBhbmQgcmVsYXhhdGlvbiwgb3B0aW1hbCBzZW5zZSBvZiBzbWVsbCBhbmQgdGFzdGU8L3RkPg0KPC90cj4NCjx0cj4NCjx0ZCBjbGFzcz0icmh5dGhtLWJsdWUiPjkgcC5tLjwvdGQ+DQo8dGQ+U3RvbWFjaCByZXN0cyAtIHRpbWUgdG8gc3RvcCBlYXRpbmc8L3RkPg0KPC90cj4NCjx0cj4NCjx0ZCBjbGFzcz0icmh5dGhtLWJsdWUiPjExIHAubS48L3RkPg0KPHRkPlRpbWUgZm9yIGJlZDwvdGQ+DQo8L3RyPg0KPHRyPg0KPHRkIGNsYXNzPSJyaHl0aG0tYmx1ZSI+MTEgcC5tIC0gMSBhLm0uPC90ZD4NCjx0ZD5DcmVhdGl2aXR5IGF0IGl0cyBwZWFrPC90ZD4NCjwvdHI+DQo8L3Rib2R5Pg0KPC90YWJsZT4=[\/vc_raw_html][vc_column_text] Wissenswertes \u00fcber Chronobiologie Diese Webseite ist den Erkenntnissen, Fortschritten und der Geschichte der Chronobiologie gewidmet. Chronobiologie ist ein Bereich der Biologie, der untersucht, auf [&hellip;]","og_url":"https:\/\/dev.chronobiology.com\/de\/","og_site_name":"Chronobiology.com","article_publisher":"https:\/\/www.facebook.com\/chronobiology","article_modified_time":"2022-08-07T22:48:00+00:00","twitter_card":"summary_large_image","twitter_site":"@chronobionews","twitter_misc":{"Gesch\u00e4tzte Lesezeit":"3\u00a0Minuten"},"schema":{"@context":"https:\/\/schema.org","@graph":[{"@type":"WebPage","@id":"https:\/\/dev.chronobiology.com\/de\/","url":"https:\/\/dev.chronobiology.com\/de\/","name":"Chronobiologie - Diese Seite ist der Geschichte, den Erkenntnissen und Fortschritten der Chronobiologie gewidmet.","isPartOf":{"@id":"https:\/\/dev.chronobiology.com\/de\/#website"},"datePublished":"2015-01-27T19:58:26+00:00","dateModified":"2022-08-07T22:48:00+00:00","breadcrumb":{"@id":"https:\/\/dev.chronobiology.com\/de\/#breadcrumb"},"inLanguage":"de","potentialAction":[{"@type":"ReadAction","target":["https:\/\/dev.chronobiology.com\/de\/"]}]},{"@type":"BreadcrumbList","@id":"https:\/\/dev.chronobiology.com\/de\/#breadcrumb","itemListElement":[{"@type":"ListItem","position":1,"name":"Home","item":"https:\/\/dev.chronobiology.com\/de\/"},{"@type":"ListItem","position":2,"name":"Home"}]},{"@type":"WebSite","@id":"https:\/\/dev.chronobiology.com\/de\/#website","url":"https:\/\/dev.chronobiology.com\/de\/","name":"Chronobiology.com","description":"","publisher":{"@id":"https:\/\/dev.chronobiology.com\/de\/#organization"},"potentialAction":[{"@type":"SearchAction","target":{"@type":"EntryPoint","urlTemplate":"https:\/\/dev.chronobiology.com\/de\/?s={search_term_string}"},"query-input":{"@type":"PropertyValueSpecification","valueRequired":true,"valueName":"search_term_string"}}],"inLanguage":"de"},{"@type":"Organization","@id":"https:\/\/dev.chronobiology.com\/de\/#organization","name":"Chronobiology","url":"https:\/\/dev.chronobiology.com\/de\/","logo":{"@type":"ImageObject","inLanguage":"de","@id":"https:\/\/dev.chronobiology.com\/de\/#\/schema\/logo\/image\/","url":"https:\/\/www.chronobiology.com\/wp-content\/uploads\/2019\/01\/chronobiology_logo_en_r.png","contentUrl":"https:\/\/www.chronobiology.com\/wp-content\/uploads\/2019\/01\/chronobiology_logo_en_r.png","width":375,"height":90,"caption":"Chronobiology"},"image":{"@id":"https:\/\/dev.chronobiology.com\/de\/#\/schema\/logo\/image\/"},"sameAs":["https:\/\/www.facebook.com\/chronobiology","https:\/\/x.com\/chronobionews","https:\/\/www.instagram.com\/chronobiology\/","https:\/\/www.pinterest.com\/chronobiology\/"]}]}},"_links":{"self":[{"href":"https:\/\/dev.chronobiology.com\/de\/wp-json\/wp\/v2\/pages\/3625"}],"collection":[{"href":"https:\/\/dev.chronobiology.com\/de\/wp-json\/wp\/v2\/pages"}],"about":[{"href":"https:\/\/dev.chronobiology.com\/de\/wp-json\/wp\/v2\/types\/page"}],"author":[{"embeddable":true,"href":"https:\/\/dev.chronobiology.com\/de\/wp-json\/wp\/v2\/users\/11"}],"replies":[{"embeddable":true,"href":"https:\/\/dev.chronobiology.com\/de\/wp-json\/wp\/v2\/comments?post=3625"}],"version-history":[{"count":10,"href":"https:\/\/dev.chronobiology.com\/de\/wp-json\/wp\/v2\/pages\/3625\/revisions"}],"predecessor-version":[{"id":43362,"href":"https:\/\/dev.chronobiology.com\/de\/wp-json\/wp\/v2\/pages\/3625\/revisions\/43362"}],"wp:attachment":[{"href":"https:\/\/dev.chronobiology.com\/de\/wp-json\/wp\/v2\/media?parent=3625"}],"wp:term":[{"taxonomy":"category","embeddable":true,"href":"https:\/\/dev.chronobiology.com\/de\/wp-json\/wp\/v2\/categories?post=3625"}],"curies":[{"name":"wp","href":"https:\/\/api.w.org\/{rel}","templated":true}]}}