{"id":3464,"date":"2014-05-07T12:25:25","date_gmt":"2014-05-07T12:25:25","guid":{"rendered":"http:\/\/www.chronobiology.com\/?page_id=3464"},"modified":"2017-07-09T23:43:00","modified_gmt":"2017-07-10T06:43:00","slug":"praxis-der-chronobiologiechronopharmacologie","status":"publish","type":"page","link":"https:\/\/dev.chronobiology.com\/de\/praxis-der-chronobiologiechronopharmacologie\/","title":{"rendered":"Chronopharmakologie"},"content":{"rendered":"<div class=\"wpb-content-wrapper\"><p>[vc_row full_width=&#8220;stretch_row&#8220; css=&#8220;.vc_custom_1479277387463{background-image: url(https:\/\/www.chronobiology.com\/wp-content\/uploads\/2015\/01\/chronopharmakologie-2.jpg?id=9256) !important;background-position: center !important;background-repeat: no-repeat !important;background-size: cover !important;}&#8220; el_class=&#8220;banner-top&#8220;][vc_column][vc_custom_heading source=&#8220;post_title&#8220; font_container=&#8220;tag:h1|text_align:center&#8220; use_theme_fonts=&#8220;yes&#8220;][\/vc_column][\/vc_row][vc_row][vc_column][vc_column_text]<\/p>\n<h1>Chronopharmakologie: Das richtige Pr\u00e4parat zur richtigen Zeit<\/h1>\n<p>Wie rasch oder wie stark ein Biostoff nach der Einnahme wirkt, h\u00e4ngt stark von der Aktivit\u00e4t der Verdauungsorgane ab. Soll eine Substanz zu einem bestimmten Zeitpunkt im Zielorgan wirken, muss sie daf\u00fcr p\u00fcnktlich die Leber erreichen. Doch die Passage durch die Verdauungsorgane erfolgt nicht immer mit der gleichen Geschwindigkeit. Magen und Darm sind beispielsweise am Morgen sehr stark und mittags viel schw\u00e4cher durchblutet. Chronobiologische Pr\u00e4parate zur Morgen-Abend-Einnahme oder mit einer Art Zeitschloss haben das eingeplant.<\/p>\n<p>Das neue Medizinverst\u00e4ndnis kann verhindern, das Richtige zum falschen Zeitpunkt zu tun.<\/p>\n<p>Welche Substanz wirkt am besten morgens? Welche hat ihre beste Zeit zum Abend hin? Welche Stoffe passen zusammen? Welche m\u00fcssen sogar gemeinsam vorhanden sein, um zu wirken? Oder wird eventuell ein Biostoff durch einen anderen behindert? Die Chronotherapie unterst\u00fctzt den K\u00f6rper gerade dann, wenn die Wirkung am gr\u00f6\u00dften ist. So erh\u00f6hen wir Effizienz. So verringern wir st\u00f6rende Nebenwirkungen.<\/p>\n<p>F\u00fcr viele Substanzen kennt die Chronobiologie bereits optimale Wirkungsbedingungen. Und eine Reihe moderner Pr\u00e4parate kann man nicht anders als intelligent bezeichnen. Sie enthalten bestimmte Mikro-Biosubstanzen f\u00fcr den ganzen Tag und werden m\u00f6glicherweise nur einmal t\u00e4glich eingenommen. Durch ein Zeitschloss, oder weil die Substanzen unterschiedliche Aktionsgeschwindigkeiten aufweisen, wird jedoch erreicht, dass ein Effekt nach dem anderen tageszeitlich genau einsetzt und die Wirkung bis in die Nacht hinein anh\u00e4lt.<\/p>\n<h1>Gesundheitliche Vorteile<\/h1>\n<p>[\/vc_column_text][vc_row_inner el_class=&#8220;benefits_box&#8220;][vc_column_inner width=&#8220;1\/4&#8243;][just_icon icon_type=&#8220;custom&#8220; icon_img=&#8220;id^11575|url^https:\/\/www.chronobiology.com\/wp-content\/uploads\/2014\/05\/dermatology_ic.png|caption^null|alt^null|title^dermatology_ic|description^null&#8220; img_width=&#8220;120&#8243; icon_link=&#8220;url:https%3A%2F%2Fwww.chronobiology.com%2Fde%2Fpraxis-der-chronobiologiechronopharmacologie%2Fdermatologie%2F|||&#8220;][vc_custom_heading text=&#8220;Dermatologie&#8220; font_container=&#8220;tag:h4|text_align:center&#8220; use_theme_fonts=&#8220;yes&#8220; link=&#8220;url:https%3A%2F%2Fwww.chronobiology.com%2Fde%2Fpraxis-der-chronobiologiechronopharmacologie%2Fdermatologie%2F|||&#8220;][ult_createlink title=&#8220;Weiterlesen&#8220; btn_link=&#8220;url:https%3A%2F%2Fwww.chronobiology.com%2Fde%2Fpraxis-der-chronobiologiechronopharmacologie%2Fdermatologie%2F|||&#8220; text_color=&#8220;#085cbc&#8220; text_hovercolor=&#8220;#085cbc&#8220;][\/vc_column_inner][vc_column_inner width=&#8220;1\/4&#8243;][just_icon icon_type=&#8220;custom&#8220; icon_img=&#8220;id^11588|url^https:\/\/www.chronobiology.com\/wp-content\/uploads\/2014\/05\/cardio_ic.png|caption^null|alt^null|title^cardio_ic|description^null&#8220; img_width=&#8220;94&#8243; icon_link=&#8220;url:https%3A%2F%2Fwww.chronobiology.com%2Fde%2Fpraxis-der-chronobiologiechronopharmacologie%2Fherz-kreislauf-system%2F|||&#8220;][vc_custom_heading text=&#8220;Herz-Kreislauf-System&#8220; font_container=&#8220;tag:h4|text_align:center&#8220; use_theme_fonts=&#8220;yes&#8220; link=&#8220;url:https%3A%2F%2Fwww.chronobiology.com%2Fde%2Fpraxis-der-chronobiologiechronopharmacologie%2Fherz-kreislauf-system%2F|||&#8220;][ult_createlink title=&#8220;Weiterlesen&#8220; btn_link=&#8220;url:https%3A%2F%2Fwww.chronobiology.com%2Fde%2Fpraxis-der-chronobiologiechronopharmacologie%2Fherz-kreislauf-system%2F|||&#8220; text_color=&#8220;#085cbc&#8220; text_hovercolor=&#8220;#085cbc&#8220;][\/vc_column_inner][vc_column_inner width=&#8220;1\/4&#8243;][just_icon icon_type=&#8220;custom&#8220; icon_img=&#8220;id^11589|url^https:\/\/www.chronobiology.com\/wp-content\/uploads\/2014\/05\/muscul_ic.png|caption^null|alt^null|title^muscul_ic|description^null&#8220; img_width=&#8220;62&#8243; icon_link=&#8220;url:https%3A%2F%2Fwww.chronobiology.com%2Fde%2Fpraxis-der-chronobiologiechronopharmacologie%2Fbewegungsapparat%2F|||&#8220;][vc_custom_heading text=&#8220;Bewegungsapparat&#8220; font_container=&#8220;tag:h4|text_align:center&#8220; use_theme_fonts=&#8220;yes&#8220; link=&#8220;url:https%3A%2F%2Fwww.chronobiology.com%2Fhealth-benefits-of-chronopharmacology%2Fmusculoskeletal-system%2F|||&#8220;][ult_createlink title=&#8220;Weiterlesen&#8220; btn_link=&#8220;url:https%3A%2F%2Fwww.chronobiology.com%2Fde%2Fpraxis-der-chronobiologiechronopharmacologie%2Fbewegungsapparat%2F|||&#8220; text_color=&#8220;#085cbc&#8220; text_hovercolor=&#8220;#085cbc&#8220;][\/vc_column_inner][vc_column_inner width=&#8220;1\/4&#8243;][just_icon icon_type=&#8220;custom&#8220; icon_img=&#8220;id^11590|url^https:\/\/www.chronobiology.com\/wp-content\/uploads\/2014\/05\/cell_icon.png|caption^null|alt^null|title^cell_icon|description^null&#8220; img_width=&#8220;89&#8243; icon_link=&#8220;url:https%3A%2F%2Fwww.chronobiology.com%2Fde%2Fpraxis-der-chronobiologiechronopharmacologie%2Fgesunder-zellschutz%2F|||&#8220;][vc_custom_heading text=&#8220;Gesunder Zellschutz&#8220; font_container=&#8220;tag:h4|text_align:center&#8220; use_theme_fonts=&#8220;yes&#8220; link=&#8220;url:https%3A%2F%2Fwww.chronobiology.com%2Fde%2Fpraxis-der-chronobiologiechronopharmacologie%2Fgesunder-zellschutz%2F|||&#8220;][ult_createlink title=&#8220;Weiterlesen&#8220; btn_link=&#8220;url:https%3A%2F%2Fwww.chronobiology.com%2Fde%2Fpraxis-der-chronobiologiechronopharmacologie%2Fgesunder-zellschutz%2F|||&#8220; text_color=&#8220;#085cbc&#8220; text_hovercolor=&#8220;#085cbc&#8220;][\/vc_column_inner][\/vc_row_inner][vc_row_inner el_class=&#8220;benefits_box&#8220;][vc_column_inner width=&#8220;1\/4&#8243;][just_icon icon_type=&#8220;custom&#8220; icon_img=&#8220;id^11595|url^https:\/\/www.chronobiology.com\/wp-content\/uploads\/2014\/05\/metabolism_ic.png|caption^null|alt^null|title^metabolism_ic|description^null&#8220; img_width=&#8220;90&#8243; icon_link=&#8220;url:https%3A%2F%2Fwww.chronobiology.com%2Fde%2Fpraxis-der-chronobiologiechronopharmacologie%2Fstoffwechsel%2F|||&#8220;][vc_custom_heading text=&#8220;Stoffwechsel&#8220; font_container=&#8220;tag:h4|text_align:center&#8220; use_theme_fonts=&#8220;yes&#8220; link=&#8220;url:https%3A%2F%2Fwww.chronobiology.com%2Fde%2Fpraxis-der-chronobiologiechronopharmacologie%2Fstoffwechsel%2F|||&#8220;][ult_createlink title=&#8220;Weiterlesen&#8220; btn_link=&#8220;url:https%3A%2F%2Fwww.chronobiology.com%2Fde%2Fpraxis-der-chronobiologiechronopharmacologie%2Fstoffwechsel%2F|||&#8220; text_color=&#8220;#085cbc&#8220; text_hovercolor=&#8220;#085cbc&#8220;][\/vc_column_inner][vc_column_inner width=&#8220;1\/4&#8243;][just_icon icon_type=&#8220;custom&#8220; icon_img=&#8220;id^11597|url^https:\/\/www.chronobiology.com\/wp-content\/uploads\/2014\/05\/men_ic.png|caption^null|alt^null|title^men_ic|description^null&#8220; img_width=&#8220;76&#8243; icon_link=&#8220;url:https%3A%2F%2Fwww.chronobiology.com%2Fde%2Fpraxis-der-chronobiologiechronopharmacologie%2Fgesundheit-des-mannes%2F|||&#8220;][vc_custom_heading text=&#8220;Gesundheit des Mannes&#8220; font_container=&#8220;tag:h4|text_align:center&#8220; use_theme_fonts=&#8220;yes&#8220; link=&#8220;url:https%3A%2F%2Fwww.chronobiology.com%2Fde%2Fpraxis-der-chronobiologiechronopharmacologie%2Fgesundheit-des-mannes%2F|||&#8220;][ult_createlink title=&#8220;Weiterlesen&#8220; btn_link=&#8220;url:https%3A%2F%2Fwww.chronobiology.com%2Fde%2Fpraxis-der-chronobiologiechronopharmacologie%2Fgesundheit-des-mannes%2F|||&#8220; text_color=&#8220;#085cbc&#8220; text_hovercolor=&#8220;#085cbc&#8220;][\/vc_column_inner][vc_column_inner width=&#8220;1\/4&#8243;][just_icon icon_type=&#8220;custom&#8220; icon_img=&#8220;id^11598|url^https:\/\/www.chronobiology.com\/wp-content\/uploads\/2014\/05\/woman_ic.png|caption^null|alt^null|title^woman_ic|description^null&#8220; img_width=&#8220;90&#8243; icon_link=&#8220;url:https%3A%2F%2Fwww.chronobiology.com%2Fde%2Fpraxis-der-chronobiologiechronopharmacologie%2Fgesundheit-der-frau%2F|||&#8220;][vc_custom_heading text=&#8220;Gesundheit der Frau&#8220; font_container=&#8220;tag:h4|text_align:center&#8220; use_theme_fonts=&#8220;yes&#8220; link=&#8220;url:https%3A%2F%2Fwww.chronobiology.com%2Fde%2Fpraxis-der-chronobiologiechronopharmacologie%2Fgesundheit-der-frau%2F|||&#8220;][ult_createlink title=&#8220;Weiterlesen&#8220; btn_link=&#8220;url:https%3A%2F%2Fwww.chronobiology.com%2Fde%2Fpraxis-der-chronobiologiechronopharmacologie%2Fgesundheit-der-frau%2F|||&#8220; text_color=&#8220;#085cbc&#8220; text_hovercolor=&#8220;#085cbc&#8220;][\/vc_column_inner][vc_column_inner width=&#8220;1\/4&#8243;][just_icon icon_type=&#8220;custom&#8220; icon_img=&#8220;id^11596|url^https:\/\/www.chronobiology.com\/wp-content\/uploads\/2014\/05\/brain_ic.png|caption^null|alt^null|title^brain_ic|description^null&#8220; img_width=&#8220;76&#8243; icon_link=&#8220;url:https%3A%2F%2Fwww.chronobiology.com%2Fde%2Fpraxis-der-chronobiologiechronopharmacologie%2Fmentale-gesundheit%2F|||&#8220;][vc_custom_heading text=&#8220;Mentale Gesundheit&#8220; font_container=&#8220;tag:h4|text_align:center&#8220; use_theme_fonts=&#8220;yes&#8220; link=&#8220;url:https%3A%2F%2Fwww.chronobiology.com%2Fde%2Fpraxis-der-chronobiologiechronopharmacologie%2Fmentale-gesundheit%2F|||&#8220;][ult_createlink title=&#8220;Weiterlesen&#8220; btn_link=&#8220;url:https%3A%2F%2Fwww.chronobiology.com%2Fde%2Fpraxis-der-chronobiologiechronopharmacologie%2Fmentale-gesundheit%2F|||&#8220; text_color=&#8220;#085cbc&#8220; text_hovercolor=&#8220;#085cbc&#8220;][\/vc_column_inner][\/vc_row_inner][\/vc_column][\/vc_row]<\/p>\n<\/div>","protected":false},"excerpt":{"rendered":"<p>[vc_row full_width=&#8220;stretch_row&#8220; css=&#8220;.vc_custom_1479277387463{background-image: url(https:\/\/www.chronobiology.com\/wp-content\/uploads\/2015\/01\/chronopharmakologie-2.jpg?id=9256) !important;background-position: center !important;background-repeat: no-repeat !important;background-size: cover !important;}&#8220; el_class=&#8220;banner-top&#8220;][vc_column][vc_custom_heading source=&#8220;post_title&#8220; font_container=&#8220;tag:h1|text_align:center&#8220; use_theme_fonts=&#8220;yes&#8220;][\/vc_column][\/vc_row][vc_row][vc_column][vc_column_text] Chronopharmakologie: Das richtige Pr\u00e4parat zur richtigen Zeit Wie rasch oder wie stark ein Biostoff nach der Einnahme wirkt, h\u00e4ngt stark von der Aktivit\u00e4t der Verdauungsorgane ab. Soll eine Substanz zu einem bestimmten Zeitpunkt im Zielorgan wirken, muss sie daf\u00fcr p\u00fcnktlich [&hellip;]<\/p>\n","protected":false},"author":11,"featured_media":9256,"parent":0,"menu_order":0,"comment_status":"open","ping_status":"closed","template":"","meta":{"_acf_changed":false,"_genesis_hide_title":false,"_genesis_hide_breadcrumbs":false,"_genesis_hide_singular_image":false,"_genesis_hide_footer_widgets":false,"_genesis_custom_body_class":"","_genesis_custom_post_class":"","_genesis_layout":"full-width-content","footnotes":""},"categories":[123,121,86,91,93,82,85,122,124,90,120,88,83,102,92,104,84,87,89],"class_list":{"0":"post-3464","1":"page","2":"type-page","3":"status-publish","4":"has-post-thumbnail","6":"category-augen","7":"category-cellulitis","8":"category-chronodiat","9":"category-chrono-typ","10":"category-darm-flora","11":"category-energie","12":"category-frauengesundheit","13":"category-gesundes-herz","14":"category-haare-nagel","15":"category-haut","16":"category-knochen-gelenke","17":"category-krebs-forschung","18":"category-gesundheit-mann","19":"category-melatonin-de","20":"category-mentale-gesundheit","21":"category-schichtarbeit","22":"category-schlaf","23":"category-stoffwechsel","24":"category-zellulare-gesundheit","25":"entry"},"acf":[],"yoast_head":"<!-- This site is optimized with the Yoast SEO Premium plugin v23.4 (Yoast SEO v23.4) - https:\/\/yoast.com\/wordpress\/plugins\/seo\/ -->\n<title>Chronopharmakologie &#8211; Chronobiology.com<\/title>\n<meta name=\"robots\" content=\"index, follow, max-snippet:-1, max-image-preview:large, max-video-preview:-1\" \/>\n<link rel=\"canonical\" href=\"https:\/\/dev.chronobiology.com\/de\/praxis-der-chronobiologiechronopharmacologie\/\" \/>\n<meta property=\"og:locale\" content=\"de_DE\" \/>\n<meta property=\"og:type\" content=\"article\" \/>\n<meta property=\"og:title\" content=\"Chronopharmakologie\" \/>\n<meta property=\"og:description\" content=\"[vc_row full_width=&#8220;stretch_row&#8220; css=&#8220;.vc_custom_1479277387463{background-image: url(https:\/\/www.chronobiology.com\/wp-content\/uploads\/2015\/01\/chronopharmakologie-2.jpg?id=9256) !important;background-position: center !important;background-repeat: no-repeat !important;background-size: cover !important;}&#8220; el_class=&#8220;banner-top&#8220;][vc_column][vc_custom_heading source=&#8220;post_title&#8220; font_container=&#8220;tag:h1|text_align:center&#8220; use_theme_fonts=&#8220;yes&#8220;][\/vc_column][\/vc_row][vc_row][vc_column][vc_column_text] Chronopharmakologie: Das richtige Pr\u00e4parat zur richtigen Zeit Wie rasch oder wie stark ein Biostoff nach der Einnahme wirkt, h\u00e4ngt stark von der Aktivit\u00e4t der Verdauungsorgane ab. Soll eine Substanz zu einem bestimmten Zeitpunkt im Zielorgan wirken, muss sie daf\u00fcr p\u00fcnktlich [&hellip;]\" \/>\n<meta property=\"og:url\" content=\"https:\/\/dev.chronobiology.com\/de\/praxis-der-chronobiologiechronopharmacologie\/\" \/>\n<meta property=\"og:site_name\" content=\"Chronobiology.com\" \/>\n<meta property=\"article:publisher\" content=\"https:\/\/www.facebook.com\/chronobiology\" \/>\n<meta property=\"article:modified_time\" content=\"2017-07-10T06:43:00+00:00\" \/>\n<meta property=\"og:image\" content=\"https:\/\/dev.chronobiology.com\/wp-content\/uploads\/2015\/01\/chronopharmakologie-2.jpg\" \/>\n\t<meta property=\"og:image:width\" content=\"1800\" \/>\n\t<meta property=\"og:image:height\" content=\"449\" \/>\n\t<meta property=\"og:image:type\" content=\"image\/jpeg\" \/>\n<meta name=\"twitter:card\" content=\"summary_large_image\" \/>\n<meta name=\"twitter:site\" content=\"@chronobionews\" \/>\n<meta name=\"twitter:label1\" content=\"Gesch\u00e4tzte Lesezeit\" \/>\n\t<meta name=\"twitter:data1\" content=\"6\u00a0Minuten\" \/>\n<script type=\"application\/ld+json\" class=\"yoast-schema-graph\">{\"@context\":\"https:\/\/schema.org\",\"@graph\":[{\"@type\":\"WebPage\",\"@id\":\"https:\/\/dev.chronobiology.com\/de\/praxis-der-chronobiologiechronopharmacologie\/\",\"url\":\"https:\/\/dev.chronobiology.com\/de\/praxis-der-chronobiologiechronopharmacologie\/\",\"name\":\"Chronopharmakologie &#8211; Chronobiology.com\",\"isPartOf\":{\"@id\":\"https:\/\/dev.chronobiology.com\/de\/#website\"},\"primaryImageOfPage\":{\"@id\":\"https:\/\/dev.chronobiology.com\/de\/praxis-der-chronobiologiechronopharmacologie\/#primaryimage\"},\"image\":{\"@id\":\"https:\/\/dev.chronobiology.com\/de\/praxis-der-chronobiologiechronopharmacologie\/#primaryimage\"},\"thumbnailUrl\":\"https:\/\/dev.chronobiology.com\/wp-content\/uploads\/2015\/01\/chronopharmakologie-2.jpg\",\"datePublished\":\"2014-05-07T12:25:25+00:00\",\"dateModified\":\"2017-07-10T06:43:00+00:00\",\"breadcrumb\":{\"@id\":\"https:\/\/dev.chronobiology.com\/de\/praxis-der-chronobiologiechronopharmacologie\/#breadcrumb\"},\"inLanguage\":\"de\",\"potentialAction\":[{\"@type\":\"ReadAction\",\"target\":[\"https:\/\/dev.chronobiology.com\/de\/praxis-der-chronobiologiechronopharmacologie\/\"]}]},{\"@type\":\"ImageObject\",\"inLanguage\":\"de\",\"@id\":\"https:\/\/dev.chronobiology.com\/de\/praxis-der-chronobiologiechronopharmacologie\/#primaryimage\",\"url\":\"https:\/\/dev.chronobiology.com\/wp-content\/uploads\/2015\/01\/chronopharmakologie-2.jpg\",\"contentUrl\":\"https:\/\/dev.chronobiology.com\/wp-content\/uploads\/2015\/01\/chronopharmakologie-2.jpg\",\"width\":1800,\"height\":449,\"caption\":\"Chronopharmakologie 1\"},{\"@type\":\"BreadcrumbList\",\"@id\":\"https:\/\/dev.chronobiology.com\/de\/praxis-der-chronobiologiechronopharmacologie\/#breadcrumb\",\"itemListElement\":[{\"@type\":\"ListItem\",\"position\":1,\"name\":\"Home\",\"item\":\"https:\/\/dev.chronobiology.com\/de\/\"},{\"@type\":\"ListItem\",\"position\":2,\"name\":\"Chronopharmakologie\"}]},{\"@type\":\"WebSite\",\"@id\":\"https:\/\/dev.chronobiology.com\/de\/#website\",\"url\":\"https:\/\/dev.chronobiology.com\/de\/\",\"name\":\"Chronobiology.com\",\"description\":\"\",\"publisher\":{\"@id\":\"https:\/\/dev.chronobiology.com\/de\/#organization\"},\"potentialAction\":[{\"@type\":\"SearchAction\",\"target\":{\"@type\":\"EntryPoint\",\"urlTemplate\":\"https:\/\/dev.chronobiology.com\/de\/?s={search_term_string}\"},\"query-input\":{\"@type\":\"PropertyValueSpecification\",\"valueRequired\":true,\"valueName\":\"search_term_string\"}}],\"inLanguage\":\"de\"},{\"@type\":\"Organization\",\"@id\":\"https:\/\/dev.chronobiology.com\/de\/#organization\",\"name\":\"Chronobiology\",\"url\":\"https:\/\/dev.chronobiology.com\/de\/\",\"logo\":{\"@type\":\"ImageObject\",\"inLanguage\":\"de\",\"@id\":\"https:\/\/dev.chronobiology.com\/de\/#\/schema\/logo\/image\/\",\"url\":\"https:\/\/www.chronobiology.com\/wp-content\/uploads\/2019\/01\/chronobiology_logo_en_r.png\",\"contentUrl\":\"https:\/\/www.chronobiology.com\/wp-content\/uploads\/2019\/01\/chronobiology_logo_en_r.png\",\"width\":375,\"height\":90,\"caption\":\"Chronobiology\"},\"image\":{\"@id\":\"https:\/\/dev.chronobiology.com\/de\/#\/schema\/logo\/image\/\"},\"sameAs\":[\"https:\/\/www.facebook.com\/chronobiology\",\"https:\/\/x.com\/chronobionews\",\"https:\/\/www.instagram.com\/chronobiology\/\",\"https:\/\/www.pinterest.com\/chronobiology\/\"]}]}<\/script>\n<!-- \/ Yoast SEO Premium plugin. -->","yoast_head_json":{"title":"Chronopharmakologie &#8211; Chronobiology.com","robots":{"index":"index","follow":"follow","max-snippet":"max-snippet:-1","max-image-preview":"max-image-preview:large","max-video-preview":"max-video-preview:-1"},"canonical":"https:\/\/dev.chronobiology.com\/de\/praxis-der-chronobiologiechronopharmacologie\/","og_locale":"de_DE","og_type":"article","og_title":"Chronopharmakologie","og_description":"[vc_row full_width=&#8220;stretch_row&#8220; css=&#8220;.vc_custom_1479277387463{background-image: url(https:\/\/www.chronobiology.com\/wp-content\/uploads\/2015\/01\/chronopharmakologie-2.jpg?id=9256) !important;background-position: center !important;background-repeat: no-repeat !important;background-size: cover !important;}&#8220; el_class=&#8220;banner-top&#8220;][vc_column][vc_custom_heading source=&#8220;post_title&#8220; font_container=&#8220;tag:h1|text_align:center&#8220; use_theme_fonts=&#8220;yes&#8220;][\/vc_column][\/vc_row][vc_row][vc_column][vc_column_text] Chronopharmakologie: Das richtige Pr\u00e4parat zur richtigen Zeit Wie rasch oder wie stark ein Biostoff nach der Einnahme wirkt, h\u00e4ngt stark von der Aktivit\u00e4t der Verdauungsorgane ab. Soll eine Substanz zu einem bestimmten Zeitpunkt im Zielorgan wirken, muss sie daf\u00fcr p\u00fcnktlich [&hellip;]","og_url":"https:\/\/dev.chronobiology.com\/de\/praxis-der-chronobiologiechronopharmacologie\/","og_site_name":"Chronobiology.com","article_publisher":"https:\/\/www.facebook.com\/chronobiology","article_modified_time":"2017-07-10T06:43:00+00:00","og_image":[{"width":1800,"height":449,"url":"https:\/\/dev.chronobiology.com\/wp-content\/uploads\/2015\/01\/chronopharmakologie-2.jpg","type":"image\/jpeg"}],"twitter_card":"summary_large_image","twitter_site":"@chronobionews","twitter_misc":{"Gesch\u00e4tzte Lesezeit":"6\u00a0Minuten"},"schema":{"@context":"https:\/\/schema.org","@graph":[{"@type":"WebPage","@id":"https:\/\/dev.chronobiology.com\/de\/praxis-der-chronobiologiechronopharmacologie\/","url":"https:\/\/dev.chronobiology.com\/de\/praxis-der-chronobiologiechronopharmacologie\/","name":"Chronopharmakologie &#8211; Chronobiology.com","isPartOf":{"@id":"https:\/\/dev.chronobiology.com\/de\/#website"},"primaryImageOfPage":{"@id":"https:\/\/dev.chronobiology.com\/de\/praxis-der-chronobiologiechronopharmacologie\/#primaryimage"},"image":{"@id":"https:\/\/dev.chronobiology.com\/de\/praxis-der-chronobiologiechronopharmacologie\/#primaryimage"},"thumbnailUrl":"https:\/\/dev.chronobiology.com\/wp-content\/uploads\/2015\/01\/chronopharmakologie-2.jpg","datePublished":"2014-05-07T12:25:25+00:00","dateModified":"2017-07-10T06:43:00+00:00","breadcrumb":{"@id":"https:\/\/dev.chronobiology.com\/de\/praxis-der-chronobiologiechronopharmacologie\/#breadcrumb"},"inLanguage":"de","potentialAction":[{"@type":"ReadAction","target":["https:\/\/dev.chronobiology.com\/de\/praxis-der-chronobiologiechronopharmacologie\/"]}]},{"@type":"ImageObject","inLanguage":"de","@id":"https:\/\/dev.chronobiology.com\/de\/praxis-der-chronobiologiechronopharmacologie\/#primaryimage","url":"https:\/\/dev.chronobiology.com\/wp-content\/uploads\/2015\/01\/chronopharmakologie-2.jpg","contentUrl":"https:\/\/dev.chronobiology.com\/wp-content\/uploads\/2015\/01\/chronopharmakologie-2.jpg","width":1800,"height":449,"caption":"Chronopharmakologie 1"},{"@type":"BreadcrumbList","@id":"https:\/\/dev.chronobiology.com\/de\/praxis-der-chronobiologiechronopharmacologie\/#breadcrumb","itemListElement":[{"@type":"ListItem","position":1,"name":"Home","item":"https:\/\/dev.chronobiology.com\/de\/"},{"@type":"ListItem","position":2,"name":"Chronopharmakologie"}]},{"@type":"WebSite","@id":"https:\/\/dev.chronobiology.com\/de\/#website","url":"https:\/\/dev.chronobiology.com\/de\/","name":"Chronobiology.com","description":"","publisher":{"@id":"https:\/\/dev.chronobiology.com\/de\/#organization"},"potentialAction":[{"@type":"SearchAction","target":{"@type":"EntryPoint","urlTemplate":"https:\/\/dev.chronobiology.com\/de\/?s={search_term_string}"},"query-input":{"@type":"PropertyValueSpecification","valueRequired":true,"valueName":"search_term_string"}}],"inLanguage":"de"},{"@type":"Organization","@id":"https:\/\/dev.chronobiology.com\/de\/#organization","name":"Chronobiology","url":"https:\/\/dev.chronobiology.com\/de\/","logo":{"@type":"ImageObject","inLanguage":"de","@id":"https:\/\/dev.chronobiology.com\/de\/#\/schema\/logo\/image\/","url":"https:\/\/www.chronobiology.com\/wp-content\/uploads\/2019\/01\/chronobiology_logo_en_r.png","contentUrl":"https:\/\/www.chronobiology.com\/wp-content\/uploads\/2019\/01\/chronobiology_logo_en_r.png","width":375,"height":90,"caption":"Chronobiology"},"image":{"@id":"https:\/\/dev.chronobiology.com\/de\/#\/schema\/logo\/image\/"},"sameAs":["https:\/\/www.facebook.com\/chronobiology","https:\/\/x.com\/chronobionews","https:\/\/www.instagram.com\/chronobiology\/","https:\/\/www.pinterest.com\/chronobiology\/"]}]}},"_links":{"self":[{"href":"https:\/\/dev.chronobiology.com\/de\/wp-json\/wp\/v2\/pages\/3464"}],"collection":[{"href":"https:\/\/dev.chronobiology.com\/de\/wp-json\/wp\/v2\/pages"}],"about":[{"href":"https:\/\/dev.chronobiology.com\/de\/wp-json\/wp\/v2\/types\/page"}],"author":[{"embeddable":true,"href":"https:\/\/dev.chronobiology.com\/de\/wp-json\/wp\/v2\/users\/11"}],"replies":[{"embeddable":true,"href":"https:\/\/dev.chronobiology.com\/de\/wp-json\/wp\/v2\/comments?post=3464"}],"version-history":[{"count":18,"href":"https:\/\/dev.chronobiology.com\/de\/wp-json\/wp\/v2\/pages\/3464\/revisions"}],"predecessor-version":[{"id":20112,"href":"https:\/\/dev.chronobiology.com\/de\/wp-json\/wp\/v2\/pages\/3464\/revisions\/20112"}],"wp:featuredmedia":[{"embeddable":true,"href":"https:\/\/dev.chronobiology.com\/de\/wp-json\/wp\/v2\/media\/9256"}],"wp:attachment":[{"href":"https:\/\/dev.chronobiology.com\/de\/wp-json\/wp\/v2\/media?parent=3464"}],"wp:term":[{"taxonomy":"category","embeddable":true,"href":"https:\/\/dev.chronobiology.com\/de\/wp-json\/wp\/v2\/categories?post=3464"}],"curies":[{"name":"wp","href":"https:\/\/api.w.org\/{rel}","templated":true}]}}