{"id":3434,"date":"2014-03-31T17:26:01","date_gmt":"2014-04-01T00:26:01","guid":{"rendered":"http:\/\/www.chronobiology.com\/?page_id=3434"},"modified":"2022-06-28T00:30:07","modified_gmt":"2022-06-28T07:30:07","slug":"chronoernaehrung","status":"publish","type":"page","link":"https:\/\/dev.chronobiology.com\/de\/chronoernaehrung\/","title":{"rendered":"Chronoern\u00e4hrung\u2122"},"content":{"rendered":"<div class=\"wpb-content-wrapper\"><p>[vc_row full_width=&#8220;stretch_row&#8220; css=&#8220;.vc_custom_1479387610301{background-image: url(https:\/\/www.chronobiology.com\/wp-content\/uploads\/2016\/06\/brain-and-psyche-11.jpg?id=9163) !important;}&#8220; el_class=&#8220;banner-top&#8220;][vc_column][vc_custom_heading source=&#8220;post_title&#8220; font_container=&#8220;tag:h1|text_align:center&#8220; use_theme_fonts=&#8220;yes&#8220;][\/vc_column][\/vc_row][vc_row][vc_column][vc_column_text]<\/p>\n<h2>Was versteht man unter Chronoern\u00e4hrung?<\/h2>\n<p>M\u00f6chten Sie abnehmen, ohne Kalorien zu z\u00e4hlen, ohne einem Club beizutreten oder sich nur fl\u00fcssig zu ern\u00e4hren? Sind Sie auf der Suche nach einer Methode, die dauerhaften Erfolg verspricht \u2013 ganz ohne Jojo-Effekt? W\u00fcrden Sie au\u00dferdem gerne schneller Gewicht verlieren und dabei gleichzeitig Ihren Alterungsprozess verlangsamen? Oder m\u00f6chten Sie ganz einfach nur eine gesunde, ausgewogene Kost verfolgen, die auch leicht in den Alltag zu integrieren ist?<\/p>\n<p>Die L\u00f6sung: die Chronoern\u00e4hrung, die Ihnen dabei hilft, Ihrer Wunschfigur n\u00e4herzukommen und dabei gleichzeitig etwas f\u00fcr Ihre Gesundheit zu tun \u2013 und das, ohne auf Ihre Lieblingsspeisen verzichten zu m\u00fcssen.<\/p>\n<p>Die Chronoern\u00e4hrung ist ein langfristiges Konzept der Lebensf\u00fchrung, das Ihnen hilft, Ihr Gewicht zu optimieren und Ihre biologischen Prozesse an den jeweiligen Tageszeiten auszurichten. Dabei passen Sie z.B. Ihre Mahlzeiten an die nat\u00fcrlichen Rhythmen Ihres K\u00f6rpers an, d.h. wann Ihr K\u00f6rper bestimmte Lebensmittel optimal aufnehmen und verarbeiten kann. Genuss und Vielfalt sind bei jeder Mahlzeit garantiert.<\/p>\n<h2>Wie funktioniert die Chronoern\u00e4hrung?<\/h2>\n<p>Eine gesunde Ern\u00e4hrungsweise bedeutet vor allem eins: Essen nach der inneren Uhr! Bestimmte biologische Rhythmen im Laufe eines Tages fordern unterschiedliche Nahrungsmittel zu bestimmten Zeiten. Daher ist nicht nur entscheidend, wie viel wir essen, sondern vielmehr, WANN wir WAS essen.<\/p>\n<h4>Die wichtigste Grundregel lautet: 3 Mahlzeiten pro Tag sind ausreichend!<\/h4>\n<p>Es gibt nur drei Mahlzeiten pro Tag, Fr\u00fchst\u00fcck, Mittagessen und Abendessen. Snacks sind nicht erlaubt. Wichtig: Zwischen den einzelnen Mahlzeiten sollten f\u00fcnf bis sechs Stunden liegen. Auf diese Weise kann nach den Mahlzeiten der Blutzuckerspiegel absinken. Und f\u00fcr die lange Nacht schaltet der Stoffwechsel auf die Energie aus den Fettdepots um. Nur so kann der K\u00f6rper die tief im Inneren angelegten Fettreserven angreifen und abbauen.<\/p>\n<h4>Was darf zu welcher Mahlzeit gegessen werden?<\/h4>\n<p>Der Schl\u00fcssel zum Erfolg liegt aber nicht nur darin, dass Sie die Grundlagen der Chronoern\u00e4hrung befolgen, d.h. wann Sie etwas essen bzw. nicht essen. Wichtig ist au\u00dferdem, was Sie in den jeweiligen Essenszeiten zu sich nehmen, denn Zucker, Fett und Proteine werden in Ihrem K\u00f6rper zu unterschiedlichen Tageszeiten unterschiedlich verarbeitet.<br \/>\n<u><\/u><br \/>\n<em><u>Fr\u00fchst\u00fcck:<\/u><\/em><\/p>\n<p>Das Fr\u00fchst\u00fcck ist die wichtigste Mahlzeit des Tages, welche die Grundlage daf\u00fcr bildet, wie der Stoffwechsel Ihres K\u00f6rpers den ganzen Tag \u00fcber funktioniert. \u00dcberspringen Sie es nicht, denn der Gro\u00dfteil Ihrer t\u00e4glichen Nahrung wird am besten fr\u00fch am Tag gegessen. Um gut in den Tag zu starten, brauchen wir zum Fr\u00fchst\u00fcck vor allem Kohlenhydrate in Form von Zucker uns St\u00e4rke. Damit unn\u00f6tig hohe Insulinspitzen vermieden werden, sollte der Zucker nur langsam aufgenommen werden. Daher sollten Sie vorzugsweise auf Vollkornprodukte setzen. Auch s\u00fc\u00dfe und vegetarische Aufstriche, Obst, M\u00fcsli und S\u00fc\u00dfwaren sind erlaubt. Hinderlich sind jedoch tierische Proteine wie Milch, Eier, Wurst oder K\u00e4se, daher sollte darauf verzichtet werden.<br \/>\n<u><\/u><br \/>\n<em><u>Mittagessen:<\/u><\/em><\/p>\n<p>Mittags ist alles erlaubt, egal ob Proteine, Fette oder Kohlenhydrate. Aber achten Sie darauf, nicht zu sehr \u00fcber die Str\u00e4nge zu schlagen, um ein Leistungstief in der zweiten Tagesh\u00e4lfte zu vermeiden. Setzten Sie am besten auf eine ausgewogene Mischung.<br \/>\n<u><\/u><br \/>\n<em><u>Abendessen:<\/u><\/em><\/p>\n<p>Die letzte Mahlzeit des Tages sollte aus Proteinen bestehen, auf Zucker bzw. St\u00e4rke wird verzichtet. Dies ist wichtig, um den K\u00f6rper auf eine erholsame Nachtruhe vorzubereiten, und in den 12 Stunden bis zum Fr\u00fchst\u00fcck keine starken Hungergef\u00fchle entstehen.<br \/>\nBitte achten Sie darauf, in den Essensphasen nicht v\u00f6llig \u00fcber die Str\u00e4nge zu schlagen bzw. alle Lebensmittel zu jeder Mahlzeit zu essen. Vielmehr wird eine ausgewogene, den Gesetzen der Chronobiologie folgende Ern\u00e4hrung empfohlen.<\/p>\n<h4><\/h4>\n<p>[\/vc_column_text][\/vc_column][\/vc_row][vc_row el_class=&#8220;melatonin-boxes&#8220;][vc_column width=&#8220;1\/4&#8243; css=&#8220;.vc_custom_1567493534410{background-image: url(https:\/\/www.chronobiology.com\/wp-content\/uploads\/2019\/09\/chronodiet.jpg?id=30259) !important;}&#8220; el_class=&#8220;melatonin-box&#8220;][vc_custom_heading text=&#8220;Die Vorteile des Fastens&#8220; font_container=&#8220;tag:h4|text_align:center&#8220; use_theme_fonts=&#8220;yes&#8220; link=&#8220;url:https%3A%2F%2Fwww.chronobiology.com%2Fde%2Fchrono-diaet%2Fdie-vorteile-des-fastens%2F|title:Die%20Vorteile%20des%20Fastens||&#8220;][\/vc_column][vc_column width=&#8220;1\/4&#8243; el_class=&#8220;melatonin-box&#8220; css=&#8220;.vc_custom_1567493969145{background-image: url(https:\/\/www.chronobiology.com\/wp-content\/uploads\/2019\/09\/chronodiet-2.jpg?id=30276) !important;}&#8220;][vc_custom_heading text=&#8220;Keine Angst vor Kohlenhydraten&#8220; font_container=&#8220;tag:h4|text_align:center&#8220; use_theme_fonts=&#8220;yes&#8220; link=&#8220;url:https%3A%2F%2Fwww.chronobiology.com%2Fde%2Fchrono-diaet%2Fkeine-angst-vor-kohlenhydraten%2F|title:Keine%20Angst%20vor%20Kohlenhydraten||&#8220;][\/vc_column][vc_column width=&#8220;1\/4&#8243; el_class=&#8220;melatonin-box&#8220; css=&#8220;.vc_custom_1567494245618{background-image: url(https:\/\/www.chronobiology.com\/wp-content\/uploads\/2019\/09\/chronodiet-4.jpg?id=30291) !important;}&#8220;][vc_custom_heading text=&#8220;Proteine&#8220; font_container=&#8220;tag:h4|text_align:center&#8220; use_theme_fonts=&#8220;yes&#8220; link=&#8220;url:https%3A%2F%2Fwww.chronobiology.com%2Fde%2Fchrono-diaet%2Fproteine-die-sattmacher%2F|title:Proteine%2C%20die%20Sattmacher||&#8220;][\/vc_column][vc_column width=&#8220;1\/4&#8243; el_class=&#8220;melatonin-box&#8220; css=&#8220;.vc_custom_1567494475544{background-image: url(https:\/\/www.chronobiology.com\/wp-content\/uploads\/2019\/09\/chronodiet-5.jpg?id=30305) !important;}&#8220;][vc_custom_heading text=&#8220;In Ma\u00dfen: Fette &#8220; font_container=&#8220;tag:h4|text_align:center&#8220; use_theme_fonts=&#8220;yes&#8220; link=&#8220;url:https%3A%2F%2Fwww.chronobiology.com%2Fde%2Fchrono-diaet%2Fin-massen-fette%2F|title:In%20Ma%C3%9Fen%3A%20Fette%20||&#8220;][\/vc_column][\/vc_row][vc_row el_class=&#8220;melatonin-boxes last-boxes&#8220;][vc_column width=&#8220;1\/3&#8243; css=&#8220;.vc_custom_1567494876941{background-image: url(https:\/\/www.chronobiology.com\/wp-content\/uploads\/2019\/09\/chronodiet-6.jpg?id=30320) !important;}&#8220; el_class=&#8220;melatonin-box&#8220;][vc_custom_heading text=&#8220;Hormone steuern unser Essverhalten&#8220; font_container=&#8220;tag:h4|text_align:center&#8220; use_theme_fonts=&#8220;yes&#8220; link=&#8220;url:https%3A%2F%2Fwww.chronobiology.com%2Fde%2Fchrono-diaet%2Fhormone-steuern-unser-essverhalten%2F|title:Hormone%20steuern%20unser%20Essverhalten%20%E2%80%93%20das%20sollten%20Sie%20wissen||&#8220;][\/vc_column][vc_column width=&#8220;1\/3&#8243; el_class=&#8220;melatonin-box&#8220; css=&#8220;.vc_custom_1567495083838{background-image: url(https:\/\/www.chronobiology.com\/wp-content\/uploads\/2019\/09\/chronodiet-7.jpg?id=30335) !important;}&#8220;][vc_custom_heading text=&#8220;Finger weg von Snacks&#8220; font_container=&#8220;tag:h4|text_align:center&#8220; use_theme_fonts=&#8220;yes&#8220; link=&#8220;url:https%3A%2F%2Fwww.chronobiology.com%2Fde%2Fchrono-diaet%2Ffinger-weg-von-snacks%2F|title:Finger%20weg%20von%20Snacks||&#8220;][\/vc_column][vc_column width=&#8220;1\/3&#8243; el_class=&#8220;melatonin-box&#8220; css=&#8220;.vc_custom_1567495376254{background-image: url(https:\/\/www.chronobiology.com\/wp-content\/uploads\/2019\/09\/chronodiet-8.jpg?id=30350) !important;}&#8220;][vc_custom_heading text=&#8220;Ern\u00e4hrungsplan f\u00fcr den Einstieg&#8220; font_container=&#8220;tag:h4|text_align:center&#8220; use_theme_fonts=&#8220;yes&#8220; link=&#8220;url:https%3A%2F%2Fwww.chronobiology.com%2Fde%2Fchrono-diaet%2Fernaehrungsplan-fuer-den-einstieg%2F|title:Ern%C3%A4hrungsplan%20f%C3%BCr%20den%20Einstieg||&#8220;][\/vc_column][\/vc_row]<\/p>\n<\/div>","protected":false},"excerpt":{"rendered":"<p>[vc_row full_width=&#8220;stretch_row&#8220; css=&#8220;.vc_custom_1479387610301{background-image: url(https:\/\/www.chronobiology.com\/wp-content\/uploads\/2016\/06\/brain-and-psyche-11.jpg?id=9163) !important;}&#8220; el_class=&#8220;banner-top&#8220;][vc_column][vc_custom_heading source=&#8220;post_title&#8220; font_container=&#8220;tag:h1|text_align:center&#8220; use_theme_fonts=&#8220;yes&#8220;][\/vc_column][\/vc_row][vc_row][vc_column][vc_column_text] Was versteht man unter Chronoern\u00e4hrung? M\u00f6chten Sie abnehmen, ohne Kalorien zu z\u00e4hlen, ohne einem Club beizutreten oder sich nur fl\u00fcssig zu ern\u00e4hren? Sind Sie auf der Suche nach einer Methode, die dauerhaften Erfolg verspricht \u2013 ganz ohne Jojo-Effekt? W\u00fcrden Sie au\u00dferdem gerne schneller Gewicht verlieren und [&hellip;]<\/p>\n","protected":false},"author":11,"featured_media":9158,"parent":0,"menu_order":0,"comment_status":"open","ping_status":"closed","template":"","meta":{"_acf_changed":false,"_genesis_hide_title":false,"_genesis_hide_breadcrumbs":false,"_genesis_hide_singular_image":false,"_genesis_hide_footer_widgets":false,"_genesis_custom_body_class":"","_genesis_custom_post_class":"","_genesis_layout":"full-width-content","footnotes":""},"categories":[86],"class_list":{"0":"post-3434","1":"page","2":"type-page","3":"status-publish","4":"has-post-thumbnail","6":"category-chronodiat","7":"entry"},"acf":[],"yoast_head":"<!-- This site is optimized with the Yoast SEO Premium plugin v23.4 (Yoast SEO v23.4) - https:\/\/yoast.com\/wordpress\/plugins\/seo\/ -->\n<title>Chronoern\u00e4hrung\u2122 &#8211; Chronobiology.com<\/title>\n<meta name=\"robots\" content=\"index, follow, max-snippet:-1, max-image-preview:large, max-video-preview:-1\" \/>\n<link rel=\"canonical\" href=\"https:\/\/dev.chronobiology.com\/de\/chronoernaehrung\/\" \/>\n<meta property=\"og:locale\" content=\"de_DE\" \/>\n<meta property=\"og:type\" content=\"article\" \/>\n<meta property=\"og:title\" content=\"Chronoern\u00e4hrung\u2122\" \/>\n<meta property=\"og:description\" content=\"[vc_row full_width=&#8220;stretch_row&#8220; css=&#8220;.vc_custom_1479387610301{background-image: url(https:\/\/www.chronobiology.com\/wp-content\/uploads\/2016\/06\/brain-and-psyche-11.jpg?id=9163) !important;}&#8220; el_class=&#8220;banner-top&#8220;][vc_column][vc_custom_heading source=&#8220;post_title&#8220; font_container=&#8220;tag:h1|text_align:center&#8220; use_theme_fonts=&#8220;yes&#8220;][\/vc_column][\/vc_row][vc_row][vc_column][vc_column_text] Was versteht man unter Chronoern\u00e4hrung? M\u00f6chten Sie abnehmen, ohne Kalorien zu z\u00e4hlen, ohne einem Club beizutreten oder sich nur fl\u00fcssig zu ern\u00e4hren? Sind Sie auf der Suche nach einer Methode, die dauerhaften Erfolg verspricht \u2013 ganz ohne Jojo-Effekt? W\u00fcrden Sie au\u00dferdem gerne schneller Gewicht verlieren und [&hellip;]\" \/>\n<meta property=\"og:url\" content=\"https:\/\/dev.chronobiology.com\/de\/chronoernaehrung\/\" \/>\n<meta property=\"og:site_name\" content=\"Chronobiology.com\" \/>\n<meta property=\"article:publisher\" content=\"https:\/\/www.facebook.com\/chronobiology\" \/>\n<meta property=\"article:modified_time\" content=\"2022-06-28T07:30:07+00:00\" \/>\n<meta property=\"og:image\" content=\"https:\/\/dev.chronobiology.com\/wp-content\/uploads\/2016\/06\/brain-and-psyche-6.jpg\" \/>\n\t<meta property=\"og:image:width\" content=\"1800\" \/>\n\t<meta property=\"og:image:height\" content=\"449\" \/>\n\t<meta property=\"og:image:type\" content=\"image\/jpeg\" \/>\n<meta name=\"twitter:card\" content=\"summary_large_image\" \/>\n<meta name=\"twitter:site\" content=\"@chronobionews\" \/>\n<meta name=\"twitter:label1\" content=\"Gesch\u00e4tzte Lesezeit\" \/>\n\t<meta name=\"twitter:data1\" content=\"6\u00a0Minuten\" \/>\n<script type=\"application\/ld+json\" class=\"yoast-schema-graph\">{\"@context\":\"https:\/\/schema.org\",\"@graph\":[{\"@type\":\"WebPage\",\"@id\":\"https:\/\/dev.chronobiology.com\/de\/chronoernaehrung\/\",\"url\":\"https:\/\/dev.chronobiology.com\/de\/chronoernaehrung\/\",\"name\":\"Chronoern\u00e4hrung\u2122 &#8211; Chronobiology.com\",\"isPartOf\":{\"@id\":\"https:\/\/dev.chronobiology.com\/de\/#website\"},\"primaryImageOfPage\":{\"@id\":\"https:\/\/dev.chronobiology.com\/de\/chronoernaehrung\/#primaryimage\"},\"image\":{\"@id\":\"https:\/\/dev.chronobiology.com\/de\/chronoernaehrung\/#primaryimage\"},\"thumbnailUrl\":\"https:\/\/dev.chronobiology.com\/wp-content\/uploads\/2016\/06\/brain-and-psyche-6.jpg\",\"datePublished\":\"2014-04-01T00:26:01+00:00\",\"dateModified\":\"2022-06-28T07:30:07+00:00\",\"breadcrumb\":{\"@id\":\"https:\/\/dev.chronobiology.com\/de\/chronoernaehrung\/#breadcrumb\"},\"inLanguage\":\"de\",\"potentialAction\":[{\"@type\":\"ReadAction\",\"target\":[\"https:\/\/dev.chronobiology.com\/de\/chronoernaehrung\/\"]}]},{\"@type\":\"ImageObject\",\"inLanguage\":\"de\",\"@id\":\"https:\/\/dev.chronobiology.com\/de\/chronoernaehrung\/#primaryimage\",\"url\":\"https:\/\/dev.chronobiology.com\/wp-content\/uploads\/2016\/06\/brain-and-psyche-6.jpg\",\"contentUrl\":\"https:\/\/dev.chronobiology.com\/wp-content\/uploads\/2016\/06\/brain-and-psyche-6.jpg\",\"width\":1800,\"height\":449,\"caption\":\"Brain and Psyche 4\"},{\"@type\":\"BreadcrumbList\",\"@id\":\"https:\/\/dev.chronobiology.com\/de\/chronoernaehrung\/#breadcrumb\",\"itemListElement\":[{\"@type\":\"ListItem\",\"position\":1,\"name\":\"Home\",\"item\":\"https:\/\/dev.chronobiology.com\/de\/\"},{\"@type\":\"ListItem\",\"position\":2,\"name\":\"Chronoern\u00e4hrung\u2122\"}]},{\"@type\":\"WebSite\",\"@id\":\"https:\/\/dev.chronobiology.com\/de\/#website\",\"url\":\"https:\/\/dev.chronobiology.com\/de\/\",\"name\":\"Chronobiology.com\",\"description\":\"\",\"publisher\":{\"@id\":\"https:\/\/dev.chronobiology.com\/de\/#organization\"},\"potentialAction\":[{\"@type\":\"SearchAction\",\"target\":{\"@type\":\"EntryPoint\",\"urlTemplate\":\"https:\/\/dev.chronobiology.com\/de\/?s={search_term_string}\"},\"query-input\":{\"@type\":\"PropertyValueSpecification\",\"valueRequired\":true,\"valueName\":\"search_term_string\"}}],\"inLanguage\":\"de\"},{\"@type\":\"Organization\",\"@id\":\"https:\/\/dev.chronobiology.com\/de\/#organization\",\"name\":\"Chronobiology\",\"url\":\"https:\/\/dev.chronobiology.com\/de\/\",\"logo\":{\"@type\":\"ImageObject\",\"inLanguage\":\"de\",\"@id\":\"https:\/\/dev.chronobiology.com\/de\/#\/schema\/logo\/image\/\",\"url\":\"https:\/\/www.chronobiology.com\/wp-content\/uploads\/2019\/01\/chronobiology_logo_en_r.png\",\"contentUrl\":\"https:\/\/www.chronobiology.com\/wp-content\/uploads\/2019\/01\/chronobiology_logo_en_r.png\",\"width\":375,\"height\":90,\"caption\":\"Chronobiology\"},\"image\":{\"@id\":\"https:\/\/dev.chronobiology.com\/de\/#\/schema\/logo\/image\/\"},\"sameAs\":[\"https:\/\/www.facebook.com\/chronobiology\",\"https:\/\/x.com\/chronobionews\",\"https:\/\/www.instagram.com\/chronobiology\/\",\"https:\/\/www.pinterest.com\/chronobiology\/\"]}]}<\/script>\n<!-- \/ Yoast SEO Premium plugin. -->","yoast_head_json":{"title":"Chronoern\u00e4hrung\u2122 &#8211; Chronobiology.com","robots":{"index":"index","follow":"follow","max-snippet":"max-snippet:-1","max-image-preview":"max-image-preview:large","max-video-preview":"max-video-preview:-1"},"canonical":"https:\/\/dev.chronobiology.com\/de\/chronoernaehrung\/","og_locale":"de_DE","og_type":"article","og_title":"Chronoern\u00e4hrung\u2122","og_description":"[vc_row full_width=&#8220;stretch_row&#8220; css=&#8220;.vc_custom_1479387610301{background-image: url(https:\/\/www.chronobiology.com\/wp-content\/uploads\/2016\/06\/brain-and-psyche-11.jpg?id=9163) !important;}&#8220; el_class=&#8220;banner-top&#8220;][vc_column][vc_custom_heading source=&#8220;post_title&#8220; font_container=&#8220;tag:h1|text_align:center&#8220; use_theme_fonts=&#8220;yes&#8220;][\/vc_column][\/vc_row][vc_row][vc_column][vc_column_text] Was versteht man unter Chronoern\u00e4hrung? M\u00f6chten Sie abnehmen, ohne Kalorien zu z\u00e4hlen, ohne einem Club beizutreten oder sich nur fl\u00fcssig zu ern\u00e4hren? Sind Sie auf der Suche nach einer Methode, die dauerhaften Erfolg verspricht \u2013 ganz ohne Jojo-Effekt? W\u00fcrden Sie au\u00dferdem gerne schneller Gewicht verlieren und [&hellip;]","og_url":"https:\/\/dev.chronobiology.com\/de\/chronoernaehrung\/","og_site_name":"Chronobiology.com","article_publisher":"https:\/\/www.facebook.com\/chronobiology","article_modified_time":"2022-06-28T07:30:07+00:00","og_image":[{"width":1800,"height":449,"url":"https:\/\/dev.chronobiology.com\/wp-content\/uploads\/2016\/06\/brain-and-psyche-6.jpg","type":"image\/jpeg"}],"twitter_card":"summary_large_image","twitter_site":"@chronobionews","twitter_misc":{"Gesch\u00e4tzte Lesezeit":"6\u00a0Minuten"},"schema":{"@context":"https:\/\/schema.org","@graph":[{"@type":"WebPage","@id":"https:\/\/dev.chronobiology.com\/de\/chronoernaehrung\/","url":"https:\/\/dev.chronobiology.com\/de\/chronoernaehrung\/","name":"Chronoern\u00e4hrung\u2122 &#8211; Chronobiology.com","isPartOf":{"@id":"https:\/\/dev.chronobiology.com\/de\/#website"},"primaryImageOfPage":{"@id":"https:\/\/dev.chronobiology.com\/de\/chronoernaehrung\/#primaryimage"},"image":{"@id":"https:\/\/dev.chronobiology.com\/de\/chronoernaehrung\/#primaryimage"},"thumbnailUrl":"https:\/\/dev.chronobiology.com\/wp-content\/uploads\/2016\/06\/brain-and-psyche-6.jpg","datePublished":"2014-04-01T00:26:01+00:00","dateModified":"2022-06-28T07:30:07+00:00","breadcrumb":{"@id":"https:\/\/dev.chronobiology.com\/de\/chronoernaehrung\/#breadcrumb"},"inLanguage":"de","potentialAction":[{"@type":"ReadAction","target":["https:\/\/dev.chronobiology.com\/de\/chronoernaehrung\/"]}]},{"@type":"ImageObject","inLanguage":"de","@id":"https:\/\/dev.chronobiology.com\/de\/chronoernaehrung\/#primaryimage","url":"https:\/\/dev.chronobiology.com\/wp-content\/uploads\/2016\/06\/brain-and-psyche-6.jpg","contentUrl":"https:\/\/dev.chronobiology.com\/wp-content\/uploads\/2016\/06\/brain-and-psyche-6.jpg","width":1800,"height":449,"caption":"Brain and Psyche 4"},{"@type":"BreadcrumbList","@id":"https:\/\/dev.chronobiology.com\/de\/chronoernaehrung\/#breadcrumb","itemListElement":[{"@type":"ListItem","position":1,"name":"Home","item":"https:\/\/dev.chronobiology.com\/de\/"},{"@type":"ListItem","position":2,"name":"Chronoern\u00e4hrung\u2122"}]},{"@type":"WebSite","@id":"https:\/\/dev.chronobiology.com\/de\/#website","url":"https:\/\/dev.chronobiology.com\/de\/","name":"Chronobiology.com","description":"","publisher":{"@id":"https:\/\/dev.chronobiology.com\/de\/#organization"},"potentialAction":[{"@type":"SearchAction","target":{"@type":"EntryPoint","urlTemplate":"https:\/\/dev.chronobiology.com\/de\/?s={search_term_string}"},"query-input":{"@type":"PropertyValueSpecification","valueRequired":true,"valueName":"search_term_string"}}],"inLanguage":"de"},{"@type":"Organization","@id":"https:\/\/dev.chronobiology.com\/de\/#organization","name":"Chronobiology","url":"https:\/\/dev.chronobiology.com\/de\/","logo":{"@type":"ImageObject","inLanguage":"de","@id":"https:\/\/dev.chronobiology.com\/de\/#\/schema\/logo\/image\/","url":"https:\/\/www.chronobiology.com\/wp-content\/uploads\/2019\/01\/chronobiology_logo_en_r.png","contentUrl":"https:\/\/www.chronobiology.com\/wp-content\/uploads\/2019\/01\/chronobiology_logo_en_r.png","width":375,"height":90,"caption":"Chronobiology"},"image":{"@id":"https:\/\/dev.chronobiology.com\/de\/#\/schema\/logo\/image\/"},"sameAs":["https:\/\/www.facebook.com\/chronobiology","https:\/\/x.com\/chronobionews","https:\/\/www.instagram.com\/chronobiology\/","https:\/\/www.pinterest.com\/chronobiology\/"]}]}},"_links":{"self":[{"href":"https:\/\/dev.chronobiology.com\/de\/wp-json\/wp\/v2\/pages\/3434"}],"collection":[{"href":"https:\/\/dev.chronobiology.com\/de\/wp-json\/wp\/v2\/pages"}],"about":[{"href":"https:\/\/dev.chronobiology.com\/de\/wp-json\/wp\/v2\/types\/page"}],"author":[{"embeddable":true,"href":"https:\/\/dev.chronobiology.com\/de\/wp-json\/wp\/v2\/users\/11"}],"replies":[{"embeddable":true,"href":"https:\/\/dev.chronobiology.com\/de\/wp-json\/wp\/v2\/comments?post=3434"}],"version-history":[{"count":46,"href":"https:\/\/dev.chronobiology.com\/de\/wp-json\/wp\/v2\/pages\/3434\/revisions"}],"predecessor-version":[{"id":39543,"href":"https:\/\/dev.chronobiology.com\/de\/wp-json\/wp\/v2\/pages\/3434\/revisions\/39543"}],"wp:featuredmedia":[{"embeddable":true,"href":"https:\/\/dev.chronobiology.com\/de\/wp-json\/wp\/v2\/media\/9158"}],"wp:attachment":[{"href":"https:\/\/dev.chronobiology.com\/de\/wp-json\/wp\/v2\/media?parent=3434"}],"wp:term":[{"taxonomy":"category","embeddable":true,"href":"https:\/\/dev.chronobiology.com\/de\/wp-json\/wp\/v2\/categories?post=3434"}],"curies":[{"name":"wp","href":"https:\/\/api.w.org\/{rel}","templated":true}]}}