{"id":30446,"date":"2019-09-03T00:21:35","date_gmt":"2019-09-03T07:21:35","guid":{"rendered":"https:\/\/www.chronobiology.com\/chrono-diaet\/starter-nutrition-plan\/"},"modified":"2019-09-03T01:25:22","modified_gmt":"2019-09-03T08:25:22","slug":"ernaehrungsplan-fuer-den-einstieg","status":"publish","type":"page","link":"https:\/\/dev.chronobiology.com\/de\/chronoernaehrung\/ernaehrungsplan-fuer-den-einstieg\/","title":{"rendered":"Ern\u00e4hrungsplan f\u00fcr den Einstieg"},"content":{"rendered":"<div class=\"wpb-content-wrapper\"><p>[vc_row full_width=&#8220;stretch_row&#8220; el_class=&#8220;banner-top&#8220; css=&#8220;.vc_custom_1567495162041{background-image: url(https:\/\/www.chronobiology.com\/wp-content\/uploads\/2019\/09\/starter-nutrition-plan.jpg?id=30343) !important;}&#8220;][vc_column][vc_custom_heading source=&#8220;post_title&#8220; font_container=&#8220;tag:h1|text_align:center&#8220; use_theme_fonts=&#8220;yes&#8220;][\/vc_column][\/vc_row][vc_row][vc_column][vc_column_text]Die Chronodi\u00e4t bietet Ihnen abwechslungsreiche und schmackhafte Mahlzeiten, bei denen Sie sich genussvoll satt essen k\u00f6nnen \u2013 ganz ohne Di\u00e4tfrust. Ein Tipp: Sollte der Hunger zwischen den Mahlzeiten doch einmal zu gro\u00df werden: Greifen Sie nicht gleich zu etwas Essbarem, sondern trinken Sie ein Glas Wasser oder eine Tasse Tee \u2013 ohne Zucker. Das hilft. Garantiert.[\/vc_column_text][\/vc_column][\/vc_row][vc_row][vc_column][vc_tta_accordion color=&#8220;turquoise&#8220; c_icon=&#8220;chevron&#8220; c_position=&#8220;right&#8220; active_section=&#8220;99&#8243; no_fill=&#8220;true&#8220; collapsible_all=&#8220;true&#8220;][vc_tta_section title=&#8220;Fr\u00fchst\u00fcck&#8220; tab_id=&#8220;1479159301199-fd863768-f6af3cb0-08a4&#8243;][vc_row_inner css=&#8220;.vc_custom_1479250961333{background-image: url(https:\/\/www.chronobiology.com\/wp-content\/uploads\/2013\/04\/about_1.jpg?id=11471) !important;}&#8220;][vc_column_inner][vc_column_text]Ideal f\u00fcr den Start in den Tag ist jede Art von M\u00fcsli, allerdings ohne Milch oder Joghurt, um Proteine am Morgen zu vermeiden. Sojajoghurt oder Reismilch sind hingegen erlaubt. Eine weitere Alternative w\u00e4ren 50 ml Sahne, verd\u00fcnnt mit 150 ml Wasser. Sie k\u00f6nnen auch Fr\u00fcchte dazugeben, wenn Sie diese mit einer kleinen Portion gesundem \u00d6l mischen. S\u00fc\u00dfes Geb\u00e4ck, Croissants, Pfannkuchen, Kartoffelpuffer und Cerealien ohne Zucker sind ebenfalls gute Nahrungsmittel am Morgen.<\/p>\n<p>Wenn Sie es lieber pikant m\u00f6gen: Greifen Sie zu vegetarischen Aufstrichen, etwa aus Avocado oder S\u00fc\u00dfkartoffeln, und frischem Gem\u00fcse wie Tomaten. Neuste Studien belegen dar\u00fcber hinaus: Das Fr\u00fchst\u00fcck ist die wichtigste Mahlzeit am Tag. \u2212 Nicht nur zur Energieproduktion, sondern auch als Rhythmusgeber. Nicht umsonst hei\u00dft es im englischsprachigen Raum \u201ebreakfast\u201c, was man auch mit \u201eFasten brechen\u201c \u00fcbersetzen k\u00f6nnte, also der Mahlzeit, mit dem die Essenspause beendet wird.<\/p>\n<p><em>Vorschl\u00e4ge:<\/em><\/p>\n<ul>\n<li>Schokom\u00fcsli mit Banane<\/li>\n<li>Croissant oder Brioche mit Marmelade<\/li>\n<li>Smoothies<\/li>\n<li>Ger\u00f6stetes Brot mit Tomate oder Gem\u00fcseaufstrich<\/li>\n<\/ul>\n<p>[\/vc_column_text][\/vc_column_inner][\/vc_row_inner][\/vc_tta_section][\/vc_tta_accordion][vc_tta_accordion color=&#8220;turquoise&#8220; c_icon=&#8220;chevron&#8220; c_position=&#8220;right&#8220; active_section=&#8220;99&#8243; no_fill=&#8220;true&#8220; collapsible_all=&#8220;true&#8220;][vc_tta_section title=&#8220;Mittagessen&#8220; tab_id=&#8220;1479160006396-6adcefe5-9e7b3cb0-08a4&#8243;][vc_row_inner css=&#8220;.vc_custom_1479256809461{background-image: url(https:\/\/www.chronobiology.com\/wp-content\/uploads\/2013\/04\/about_2.jpg?id=11494) !important;}&#8220;][vc_column_inner][vc_column_text]Mittags k\u00f6nnen Sie in sinnvoller Menge essen, was immer Sie auch wollen: von Suppen, Fleisch, Eint\u00f6pfen, Pasta in allen Varianten, bis zu Risottos und Kartoffelgerichten. \u2013 Das gibt Energie f\u00fcr die zweite Tagesh\u00e4lfte.<\/p>\n<p><em>Vorschl\u00e4ge:<\/em><\/p>\n<ul>\n<li>K\u00fcrbis-Karotten-Suppe<\/li>\n<li>Salat mit Putenstreifen<\/li>\n<li>Kohlsuppe mit Speck<\/li>\n<li>Steinpilzrisotto<\/li>\n<li>Spaghetti alla carbonara<\/li>\n<li>Gef\u00fcllte Ofenkartoffeln<\/li>\n<\/ul>\n<p>[\/vc_column_text][\/vc_column_inner][\/vc_row_inner][\/vc_tta_section][\/vc_tta_accordion][vc_tta_accordion color=&#8220;turquoise&#8220; c_icon=&#8220;chevron&#8220; c_position=&#8220;right&#8220; active_section=&#8220;99&#8243; no_fill=&#8220;true&#8220; collapsible_all=&#8220;true&#8220;][vc_tta_section title=&#8220;Abendessen&#8220; tab_id=&#8220;1479160183267-5834ce69-6e6c3cb0-08a4&#8243;][vc_row_inner css=&#8220;.vc_custom_1479256903547{background-image: url(https:\/\/www.chronobiology.com\/wp-content\/uploads\/2013\/04\/about_3.jpg?id=11501) !important;}&#8220;][vc_column_inner][vc_column_text]Verzichten Sie abends unbedingt auf Kohlenhydrate jeder Art, wie Kartoffeln, Pasta und Brot. Greifen Sie dagegen zu Fleisch, Fisch, Eiern, Milchprodukten und Gem\u00fcse oder zu leichten Suppen.<\/p>\n<p><em>Vorschl\u00e4ge:<\/em><\/p>\n<ul>\n<li>Brokkolisuppe<\/li>\n<li>Linsensuppe<\/li>\n<li>Zucchini-Tortilla<\/li>\n<li>Gem\u00fcsespaghetti<\/li>\n<li>Gebratener oder ged\u00fcnsteter Fisch mit Gem\u00fcse<\/li>\n<li>Schweinemedaillons<\/li>\n<\/ul>\n<p>Vergessen Sie nicht, auf den <strong>Zeitplan zu achten<\/strong>: Fr\u00fchst\u00fcck \u2013 vier-f\u00fcnf Stunden fasten \u2013 Mittagessen \u2013 vier-f\u00fcnf Stunden fasten \u2013 Abendessen \u2013 12-16 Stunden fasten.<\/p>\n<p>Noch ein Tipp: Jeder Anfang ist besser als kein Anfang! Denn auch wenn Sie zu Beginn dieses Konzept vielleicht nur ein- bis zweimal pro Woche einhalten, ist das ein erster Schritt. \u2013 Und besser, als \u00fcberhaupt nicht damit zu beginnen. Schon nach kurzer Zeit werden Sie sp\u00fcren, wie gut es Ihnen tut und Sie werden Ihre Ern\u00e4hrung problemlos nach den Prinzipien der Chronodi\u00e4t ausrichten.[\/vc_column_text][\/vc_column_inner][\/vc_row_inner][\/vc_tta_section][\/vc_tta_accordion][\/vc_column][\/vc_row]<\/p>\n<\/div>","protected":false},"excerpt":{"rendered":"<p>[vc_row full_width=&#8220;stretch_row&#8220; el_class=&#8220;banner-top&#8220; css=&#8220;.vc_custom_1567495162041{background-image: url(https:\/\/www.chronobiology.com\/wp-content\/uploads\/2019\/09\/starter-nutrition-plan.jpg?id=30343) !important;}&#8220;][vc_column][vc_custom_heading source=&#8220;post_title&#8220; font_container=&#8220;tag:h1|text_align:center&#8220; use_theme_fonts=&#8220;yes&#8220;][\/vc_column][\/vc_row][vc_row][vc_column][vc_column_text]Die Chronodi\u00e4t bietet Ihnen abwechslungsreiche und schmackhafte Mahlzeiten, bei denen Sie sich genussvoll satt essen k\u00f6nnen \u2013 ganz ohne Di\u00e4tfrust. Ein Tipp: Sollte der Hunger zwischen den Mahlzeiten doch einmal zu gro\u00df werden: Greifen Sie nicht gleich zu etwas Essbarem, sondern trinken Sie ein Glas Wasser oder [&hellip;]<\/p>\n","protected":false},"author":15,"featured_media":0,"parent":3434,"menu_order":0,"comment_status":"closed","ping_status":"closed","template":"","meta":{"_acf_changed":false,"_genesis_hide_title":false,"_genesis_hide_breadcrumbs":false,"_genesis_hide_singular_image":false,"_genesis_hide_footer_widgets":false,"_genesis_custom_body_class":"","_genesis_custom_post_class":"","_genesis_layout":"","footnotes":""},"categories":[],"class_list":{"0":"post-30446","1":"page","2":"type-page","3":"status-publish","5":"entry","6":"has-post-thumbnail"},"acf":[],"yoast_head":"<!-- This site is optimized with the Yoast SEO Premium plugin v23.4 (Yoast SEO v23.4) - https:\/\/yoast.com\/wordpress\/plugins\/seo\/ -->\n<title>Ern\u00e4hrungsplan f\u00fcr den Einstieg &#8211; Chronobiology.com<\/title>\n<meta name=\"robots\" content=\"index, follow, max-snippet:-1, max-image-preview:large, max-video-preview:-1\" \/>\n<link rel=\"canonical\" href=\"https:\/\/dev.chronobiology.com\/de\/chronoernaehrung\/ernaehrungsplan-fuer-den-einstieg\/\" \/>\n<meta property=\"og:locale\" content=\"de_DE\" \/>\n<meta property=\"og:type\" content=\"article\" \/>\n<meta property=\"og:title\" content=\"Ern\u00e4hrungsplan f\u00fcr den Einstieg\" \/>\n<meta property=\"og:description\" content=\"[vc_row full_width=&#8220;stretch_row&#8220; el_class=&#8220;banner-top&#8220; css=&#8220;.vc_custom_1567495162041{background-image: url(https:\/\/www.chronobiology.com\/wp-content\/uploads\/2019\/09\/starter-nutrition-plan.jpg?id=30343) !important;}&#8220;][vc_column][vc_custom_heading source=&#8220;post_title&#8220; font_container=&#8220;tag:h1|text_align:center&#8220; use_theme_fonts=&#8220;yes&#8220;][\/vc_column][\/vc_row][vc_row][vc_column][vc_column_text]Die Chronodi\u00e4t bietet Ihnen abwechslungsreiche und schmackhafte Mahlzeiten, bei denen Sie sich genussvoll satt essen k\u00f6nnen \u2013 ganz ohne Di\u00e4tfrust. Ein Tipp: Sollte der Hunger zwischen den Mahlzeiten doch einmal zu gro\u00df werden: Greifen Sie nicht gleich zu etwas Essbarem, sondern trinken Sie ein Glas Wasser oder [&hellip;]\" \/>\n<meta property=\"og:url\" content=\"https:\/\/dev.chronobiology.com\/de\/chronoernaehrung\/ernaehrungsplan-fuer-den-einstieg\/\" \/>\n<meta property=\"og:site_name\" content=\"Chronobiology.com\" \/>\n<meta property=\"article:publisher\" content=\"https:\/\/www.facebook.com\/chronobiology\" \/>\n<meta property=\"article:modified_time\" content=\"2019-09-03T08:25:22+00:00\" \/>\n<meta name=\"twitter:card\" content=\"summary_large_image\" \/>\n<meta name=\"twitter:site\" content=\"@chronobionews\" \/>\n<meta name=\"twitter:label1\" content=\"Gesch\u00e4tzte Lesezeit\" \/>\n\t<meta name=\"twitter:data1\" content=\"4\u00a0Minuten\" \/>\n<script type=\"application\/ld+json\" class=\"yoast-schema-graph\">{\"@context\":\"https:\/\/schema.org\",\"@graph\":[{\"@type\":\"WebPage\",\"@id\":\"https:\/\/dev.chronobiology.com\/de\/chronoernaehrung\/ernaehrungsplan-fuer-den-einstieg\/\",\"url\":\"https:\/\/dev.chronobiology.com\/de\/chronoernaehrung\/ernaehrungsplan-fuer-den-einstieg\/\",\"name\":\"Ern\u00e4hrungsplan f\u00fcr den Einstieg &#8211; Chronobiology.com\",\"isPartOf\":{\"@id\":\"https:\/\/dev.chronobiology.com\/de\/#website\"},\"datePublished\":\"2019-09-03T07:21:35+00:00\",\"dateModified\":\"2019-09-03T08:25:22+00:00\",\"breadcrumb\":{\"@id\":\"https:\/\/dev.chronobiology.com\/de\/chronoernaehrung\/ernaehrungsplan-fuer-den-einstieg\/#breadcrumb\"},\"inLanguage\":\"de\",\"potentialAction\":[{\"@type\":\"ReadAction\",\"target\":[\"https:\/\/dev.chronobiology.com\/de\/chronoernaehrung\/ernaehrungsplan-fuer-den-einstieg\/\"]}]},{\"@type\":\"BreadcrumbList\",\"@id\":\"https:\/\/dev.chronobiology.com\/de\/chronoernaehrung\/ernaehrungsplan-fuer-den-einstieg\/#breadcrumb\",\"itemListElement\":[{\"@type\":\"ListItem\",\"position\":1,\"name\":\"Home\",\"item\":\"https:\/\/dev.chronobiology.com\/de\/\"},{\"@type\":\"ListItem\",\"position\":2,\"name\":\"Chronoern\u00e4hrung\u2122\",\"item\":\"https:\/\/dev.chronobiology.com\/de\/chronoernaehrung\/\"},{\"@type\":\"ListItem\",\"position\":3,\"name\":\"Ern\u00e4hrungsplan f\u00fcr den Einstieg\"}]},{\"@type\":\"WebSite\",\"@id\":\"https:\/\/dev.chronobiology.com\/de\/#website\",\"url\":\"https:\/\/dev.chronobiology.com\/de\/\",\"name\":\"Chronobiology.com\",\"description\":\"\",\"publisher\":{\"@id\":\"https:\/\/dev.chronobiology.com\/de\/#organization\"},\"potentialAction\":[{\"@type\":\"SearchAction\",\"target\":{\"@type\":\"EntryPoint\",\"urlTemplate\":\"https:\/\/dev.chronobiology.com\/de\/?s={search_term_string}\"},\"query-input\":{\"@type\":\"PropertyValueSpecification\",\"valueRequired\":true,\"valueName\":\"search_term_string\"}}],\"inLanguage\":\"de\"},{\"@type\":\"Organization\",\"@id\":\"https:\/\/dev.chronobiology.com\/de\/#organization\",\"name\":\"Chronobiology\",\"url\":\"https:\/\/dev.chronobiology.com\/de\/\",\"logo\":{\"@type\":\"ImageObject\",\"inLanguage\":\"de\",\"@id\":\"https:\/\/dev.chronobiology.com\/de\/#\/schema\/logo\/image\/\",\"url\":\"https:\/\/www.chronobiology.com\/wp-content\/uploads\/2019\/01\/chronobiology_logo_en_r.png\",\"contentUrl\":\"https:\/\/www.chronobiology.com\/wp-content\/uploads\/2019\/01\/chronobiology_logo_en_r.png\",\"width\":375,\"height\":90,\"caption\":\"Chronobiology\"},\"image\":{\"@id\":\"https:\/\/dev.chronobiology.com\/de\/#\/schema\/logo\/image\/\"},\"sameAs\":[\"https:\/\/www.facebook.com\/chronobiology\",\"https:\/\/x.com\/chronobionews\",\"https:\/\/www.instagram.com\/chronobiology\/\",\"https:\/\/www.pinterest.com\/chronobiology\/\"]}]}<\/script>\n<!-- \/ Yoast SEO Premium plugin. -->","yoast_head_json":{"title":"Ern\u00e4hrungsplan f\u00fcr den Einstieg &#8211; Chronobiology.com","robots":{"index":"index","follow":"follow","max-snippet":"max-snippet:-1","max-image-preview":"max-image-preview:large","max-video-preview":"max-video-preview:-1"},"canonical":"https:\/\/dev.chronobiology.com\/de\/chronoernaehrung\/ernaehrungsplan-fuer-den-einstieg\/","og_locale":"de_DE","og_type":"article","og_title":"Ern\u00e4hrungsplan f\u00fcr den Einstieg","og_description":"[vc_row full_width=&#8220;stretch_row&#8220; el_class=&#8220;banner-top&#8220; css=&#8220;.vc_custom_1567495162041{background-image: url(https:\/\/www.chronobiology.com\/wp-content\/uploads\/2019\/09\/starter-nutrition-plan.jpg?id=30343) !important;}&#8220;][vc_column][vc_custom_heading source=&#8220;post_title&#8220; font_container=&#8220;tag:h1|text_align:center&#8220; use_theme_fonts=&#8220;yes&#8220;][\/vc_column][\/vc_row][vc_row][vc_column][vc_column_text]Die Chronodi\u00e4t bietet Ihnen abwechslungsreiche und schmackhafte Mahlzeiten, bei denen Sie sich genussvoll satt essen k\u00f6nnen \u2013 ganz ohne Di\u00e4tfrust. Ein Tipp: Sollte der Hunger zwischen den Mahlzeiten doch einmal zu gro\u00df werden: Greifen Sie nicht gleich zu etwas Essbarem, sondern trinken Sie ein Glas Wasser oder [&hellip;]","og_url":"https:\/\/dev.chronobiology.com\/de\/chronoernaehrung\/ernaehrungsplan-fuer-den-einstieg\/","og_site_name":"Chronobiology.com","article_publisher":"https:\/\/www.facebook.com\/chronobiology","article_modified_time":"2019-09-03T08:25:22+00:00","twitter_card":"summary_large_image","twitter_site":"@chronobionews","twitter_misc":{"Gesch\u00e4tzte Lesezeit":"4\u00a0Minuten"},"schema":{"@context":"https:\/\/schema.org","@graph":[{"@type":"WebPage","@id":"https:\/\/dev.chronobiology.com\/de\/chronoernaehrung\/ernaehrungsplan-fuer-den-einstieg\/","url":"https:\/\/dev.chronobiology.com\/de\/chronoernaehrung\/ernaehrungsplan-fuer-den-einstieg\/","name":"Ern\u00e4hrungsplan f\u00fcr den Einstieg &#8211; Chronobiology.com","isPartOf":{"@id":"https:\/\/dev.chronobiology.com\/de\/#website"},"datePublished":"2019-09-03T07:21:35+00:00","dateModified":"2019-09-03T08:25:22+00:00","breadcrumb":{"@id":"https:\/\/dev.chronobiology.com\/de\/chronoernaehrung\/ernaehrungsplan-fuer-den-einstieg\/#breadcrumb"},"inLanguage":"de","potentialAction":[{"@type":"ReadAction","target":["https:\/\/dev.chronobiology.com\/de\/chronoernaehrung\/ernaehrungsplan-fuer-den-einstieg\/"]}]},{"@type":"BreadcrumbList","@id":"https:\/\/dev.chronobiology.com\/de\/chronoernaehrung\/ernaehrungsplan-fuer-den-einstieg\/#breadcrumb","itemListElement":[{"@type":"ListItem","position":1,"name":"Home","item":"https:\/\/dev.chronobiology.com\/de\/"},{"@type":"ListItem","position":2,"name":"Chronoern\u00e4hrung\u2122","item":"https:\/\/dev.chronobiology.com\/de\/chronoernaehrung\/"},{"@type":"ListItem","position":3,"name":"Ern\u00e4hrungsplan f\u00fcr den Einstieg"}]},{"@type":"WebSite","@id":"https:\/\/dev.chronobiology.com\/de\/#website","url":"https:\/\/dev.chronobiology.com\/de\/","name":"Chronobiology.com","description":"","publisher":{"@id":"https:\/\/dev.chronobiology.com\/de\/#organization"},"potentialAction":[{"@type":"SearchAction","target":{"@type":"EntryPoint","urlTemplate":"https:\/\/dev.chronobiology.com\/de\/?s={search_term_string}"},"query-input":{"@type":"PropertyValueSpecification","valueRequired":true,"valueName":"search_term_string"}}],"inLanguage":"de"},{"@type":"Organization","@id":"https:\/\/dev.chronobiology.com\/de\/#organization","name":"Chronobiology","url":"https:\/\/dev.chronobiology.com\/de\/","logo":{"@type":"ImageObject","inLanguage":"de","@id":"https:\/\/dev.chronobiology.com\/de\/#\/schema\/logo\/image\/","url":"https:\/\/www.chronobiology.com\/wp-content\/uploads\/2019\/01\/chronobiology_logo_en_r.png","contentUrl":"https:\/\/www.chronobiology.com\/wp-content\/uploads\/2019\/01\/chronobiology_logo_en_r.png","width":375,"height":90,"caption":"Chronobiology"},"image":{"@id":"https:\/\/dev.chronobiology.com\/de\/#\/schema\/logo\/image\/"},"sameAs":["https:\/\/www.facebook.com\/chronobiology","https:\/\/x.com\/chronobionews","https:\/\/www.instagram.com\/chronobiology\/","https:\/\/www.pinterest.com\/chronobiology\/"]}]}},"_links":{"self":[{"href":"https:\/\/dev.chronobiology.com\/de\/wp-json\/wp\/v2\/pages\/30446"}],"collection":[{"href":"https:\/\/dev.chronobiology.com\/de\/wp-json\/wp\/v2\/pages"}],"about":[{"href":"https:\/\/dev.chronobiology.com\/de\/wp-json\/wp\/v2\/types\/page"}],"author":[{"embeddable":true,"href":"https:\/\/dev.chronobiology.com\/de\/wp-json\/wp\/v2\/users\/15"}],"replies":[{"embeddable":true,"href":"https:\/\/dev.chronobiology.com\/de\/wp-json\/wp\/v2\/comments?post=30446"}],"version-history":[{"count":2,"href":"https:\/\/dev.chronobiology.com\/de\/wp-json\/wp\/v2\/pages\/30446\/revisions"}],"predecessor-version":[{"id":30451,"href":"https:\/\/dev.chronobiology.com\/de\/wp-json\/wp\/v2\/pages\/30446\/revisions\/30451"}],"up":[{"embeddable":true,"href":"https:\/\/dev.chronobiology.com\/de\/wp-json\/wp\/v2\/pages\/3434"}],"wp:attachment":[{"href":"https:\/\/dev.chronobiology.com\/de\/wp-json\/wp\/v2\/media?parent=30446"}],"wp:term":[{"taxonomy":"category","embeddable":true,"href":"https:\/\/dev.chronobiology.com\/de\/wp-json\/wp\/v2\/categories?post=30446"}],"curies":[{"name":"wp","href":"https:\/\/api.w.org\/{rel}","templated":true}]}}