{"id":18101,"date":"2016-11-17T05:50:46","date_gmt":"2016-11-17T13:50:46","guid":{"rendered":"https:\/\/www.chronobiology.com\/de\/melatonin-chronobiology\/melatonin-production-age\/"},"modified":"2020-06-18T08:18:14","modified_gmt":"2020-06-18T15:18:14","slug":"melatoninproduktion-und-alter","status":"publish","type":"page","link":"https:\/\/dev.chronobiology.com\/de\/melatonin-chronobiologie\/melatoninproduktion-und-alter\/","title":{"rendered":"Melatoninproduktion und Alter"},"content":{"rendered":"<div class=\"wpb-content-wrapper\"><p>[vc_row full_width=&#8220;stretch_row&#8220; el_class=&#8220;banner-top&#8220; css=&#8220;.vc_custom_1479390631301{background-image: url(https:\/\/www.chronobiology.com\/wp-content\/uploads\/2016\/11\/melatonin_production_age_banner.jpg?id=11687) !important;}&#8220;][vc_column][vc_custom_heading source=&#8220;post_title&#8220; font_container=&#8220;tag:h1|text_align:center&#8220; use_theme_fonts=&#8220;yes&#8220;][\/vc_column][\/vc_row][vc_row el_class=&#8220;melatoninfacts2&#8243;][vc_column width=&#8220;3\/4&#8243;][vc_column_text]<\/p>\n<h2 style=\"text-align: center;\">Melatoninproduktion und Alter<\/h2>\n<p>Nicht nur, dass der moderne Mensch das einzige Lebewesen ist, das von seinem Rhythmus abweicht und die Nacht zum Tag macht; ist es auch eine Tatsache, dass, je \u00e4lter wir werden, desto geringer auch die n\u00e4chtliche Melatoninproduktion wird. Das n\u00e4chtliche Signal wird dadurch k\u00fcrzer, eine Ver\u00e4nderung, die auch an den gesamten K\u00f6rper \u00fcbertragen wird. Oftmals wird es bis weit nach Mitternacht nicht aktiviert. Bei Tagesanbruch jedoch stoppt die Sekretion dieses Hormons p\u00fcnktlich. Das Ergebnis ist, dass \u00e4ltere Menschen das Schlafhormon f\u00fcr eine viel zu kurze Zeitspanne erhalten und auch insgesamt steht es immer weniger zur Verf\u00fcgung.<\/p>\n<p>F\u00fcr die \u00e4ltere Zirbeldr\u00fcse ist eine ausreichende Melatoninproduktion in der Nacht nicht mehr m\u00f6glich, selbst wenn sich der K\u00f6rper in totaler Dunkelheit befindet. Die Zirbeldr\u00fcse ist stark durchblutet und wie andere K\u00f6rperregionen mit Gef\u00e4\u00dfen dazu pr\u00e4destiniert, Verkalkungen zu erleiden. Diese Verkalkung f\u00fchrt zu einer Abnahme der Melatoninproduktion und dadurch\u00a0 zu ausgepr\u00e4gter Schlaflosigkeit sowie circadianen Rhythmusst\u00f6rungen.<\/p>\n<p>Bis zum 3. Lebensmonat wird kaum Melatonin in einem Tag-Nacht Rhythmus gebildet. Danach steigen die n\u00e4chtlichen Serummelatoninwerte an und es zeigt sich allm\u00e4hlich der circadiane Zyklus. Zwischen dem 1. und 3. Lebensjahr werden die h\u00f6chsten Melatoninkonzentrationen erreicht, diese hohen Spiegel bleiben dann bis zur Pubert\u00e4t, um anschlie\u00dfend auf normale Erwachsenenwerte abzufallen. So kann man bei einem gesunden erwachsenen Menschen einen 8-10-fachen Anstieg der Melatoninwerte w\u00e4hrend der Nacht feststellen, wohingegen die n\u00e4chtlichen Werte bei \u00c4lteren oft nur sehr sp\u00e4t und f\u00fcr kurze Zeit auf das maximal 2-fache des Tageswertes steigen.<\/p>\n<p>Dieser geringe Tag-Nacht-Unterschied reicht nicht mehr aus, um dem K\u00f6rper den Wechsel von Tag und Nacht korrekt zu \u00fcbermitteln und die innere Uhr zu steuern. M\u00f6glicherweise ist dies mit ein Grund f\u00fcr das h\u00e4ufigere Klagen \u00fcber Schlafst\u00f6rungen und die damit verbundenen Krankheiten bei \u00e4lteren Menschen.[\/vc_column_text][\/vc_column][vc_column width=&#8220;1\/4&#8243;][vc_column_text]<div class=\"content_block\" id=\"custom_post_widget-32930\"><p><a href=\"https:\/\/melatoninfacts.org\/de\/\" target=\"_blank\" rel=\"noopener noreferrer\"><img decoding=\"async\" class=\"alignnone wp-image-33099 size-full\" title=\"MelatoninFACTS.org \u2013\u00a0Medizinische Studien zu Melatonin &amp; Chronobiologie\" src=\"https:\/\/www.chronobiology.com\/wp-content\/uploads\/2020\/06\/MelatoninFacts-Banner-DE-v2.jpg\" alt=\"MelatoninFACTS \u2013 Medizinische Studien zu Meatonin &amp; Chronobiologie\" width=\"500\" height=\"751\" srcset=\"https:\/\/dev.chronobiology.com\/wp-content\/uploads\/2020\/06\/MelatoninFacts-Banner-DE-v2.jpg 500w, https:\/\/dev.chronobiology.com\/wp-content\/uploads\/2020\/06\/MelatoninFacts-Banner-DE-v2-200x300.jpg 200w\" sizes=\"(max-width: 500px) 100vw, 500px\" \/><\/a><\/p>\n<\/div>[\/vc_column_text][\/vc_column][\/vc_row][vc_row][vc_column][vc_tta_accordion color=&#8220;turquoise&#8220; c_icon=&#8220;chevron&#8220; c_position=&#8220;right&#8220; active_section=&#8220;99&#8243; no_fill=&#8220;true&#8220; collapsible_all=&#8220;true&#8220;][vc_tta_section title=&#8220;Auswirkungen&#8220; tab_id=&#8220;1479159301199-fd863768-f6af8254-1cf5&#8243;][vc_row_inner css=&#8220;.vc_custom_1479390977900{background-image: url(https:\/\/www.chronobiology.com\/wp-content\/uploads\/2016\/11\/melatonin_production_age_1.jpg?id=11691) !important;}&#8220;][vc_column_inner][vc_column_text]Melatoninmangel spiegelt sich auch in der gest\u00f6rten Rhythmik der nachgeschalteten Hormonsysteme wieder. Eine fr\u00fche Abnahme der Melatoninproduktion kann ein Faktor des fr\u00fchen Beginns der Wechseljahre sein, da dadurch auch weniger Geschlechtshormone produziert werden. Melatoninmangel ist au\u00dferdem essentiell f\u00fcr die Produktion des Wachstumshormons HGH, auch \u201cVitalit\u00e4tshormon\u201d genannt, da dieses verlangsamt wird, sollte Melatonin fehlen. Unzureichendes Melatonin beeinflusst auch die Leber, wenn sie nicht effektiv f\u00fcr die Nacht programmiert wird. Dies kann Insulinresistenz verursachen, was zu Diabetes f\u00fchren kann. Dar\u00fcber hinaus bleibt der Drang zu urinieren in der Nacht auf Tagesebene, wenn ein spezielles Anti-Hormon (ADH) aufgrund des Melatoninmangels fehlt.<\/p>\n<p>Melatoninmangel hat besondere Auswirkungen auch auf das Gehirn. Alle n\u00e4chtlichen Reparaturmechanismen werden reduziert. Die Speicherung von Informationen ins Langzeitged\u00e4chtnis, die nachts stattfindet, wird nicht mehr unterst\u00fctzt. Dies erh\u00f6ht die Anf\u00e4lligkeit f\u00fcr fr\u00fch einsetzende Demenz und neurodegenerative Prozesse.<\/p>\n<p>Die britische Fachzeitschrift \u201eJournal of Ophthalmology\u201c ver\u00f6ffentlichte k\u00fcrzlich einen alarmierenden Zusammenhang zwischen alternden Augen und Melatoninproduktion. Messungen zeigen, dass nach dem 45. Lebensjahr weniger Sonnenstrahlen das innere Auge erreichen. Dies ist das Resultat des leichten Vergilbens der Okularlinse und Verengung der Pupille. Aus diesem Grund erreichen weniger Lichtteilchen die wichtigsten Zellen der Netzhaut, die den Tag-Nacht-Rhythmus messen, um unsere innere Uhr zu regulieren. Studien zeigen, dass die \u00c4nderungen im alternden Auge zu einer Reihe von typischen Augenkrankheiten f\u00fchren, bei denen die Ursache nicht im Auge selbst zu finden ist. Die Konsequenzen einer Verschlechterung der Augenleistung umfassen kognitive Defizite (insbesondere die Speicherkapazit\u00e4t), Schlaflosigkeit, Depression und verl\u00e4ngerte Reaktionszeiten. Eine Korrelation zwischen dieser Augenver\u00e4nderung und einer gest\u00f6rten Melatoninproduktion wird daher postuliert.<\/p>\n<p>Unsere innere Uhren reagieren auf die Ver\u00e4nderungen von hell und dunkel und verwalten unseren Tagesrhythmus. Sie geben jedem Organ einen Impuls f\u00fcr Tag- und Nachtaufgaben. Das Gehirn beispielsweise speichert jene Informationen, die w\u00e4hrend des Tages gesammelt werden ins Langzeitged\u00e4chtnis oder l\u00f6scht sie vollst\u00e4ndig. Diese Z\u00fcndsignale werden vor allem durch das Mutterhormon der Chronobiologie, Melatonin, \u00fcbertragen. \u00c4lteren Menschen steht aber nur ein Bruchteil dieses Hormons zur Verf\u00fcgung, was sich dann auch auf die Konzentrationen anderer Neurotransmitter \u00fcbertr\u00e4gt. Dies f\u00fchrt nicht nur zu weit verbreiteten Problemen beim Durchschlafen, sondern auch zu einer Beeintr\u00e4chtigung der richtigen Tagesaktivit\u00e4ten der wichtigsten Organe, zum Beispiel von Leber oder Nerven im Laufe eines 24-Stunden-Tages.[\/vc_column_text][\/vc_column_inner][\/vc_row_inner][\/vc_tta_section][\/vc_tta_accordion][\/vc_column][\/vc_row]<\/p>\n<\/div>","protected":false},"excerpt":{"rendered":"<p>[vc_row full_width=&#8220;stretch_row&#8220; el_class=&#8220;banner-top&#8220; css=&#8220;.vc_custom_1479390631301{background-image: url(https:\/\/www.chronobiology.com\/wp-content\/uploads\/2016\/11\/melatonin_production_age_banner.jpg?id=11687) !important;}&#8220;][vc_column][vc_custom_heading source=&#8220;post_title&#8220; font_container=&#8220;tag:h1|text_align:center&#8220; use_theme_fonts=&#8220;yes&#8220;][\/vc_column][\/vc_row][vc_row el_class=&#8220;melatoninfacts2&#8243;][vc_column width=&#8220;3\/4&#8243;][vc_column_text] Melatoninproduktion und Alter Nicht nur, dass der moderne Mensch das einzige Lebewesen ist, das von seinem Rhythmus abweicht und die Nacht zum Tag macht; ist es auch eine Tatsache, dass, je \u00e4lter wir werden, desto geringer auch die n\u00e4chtliche Melatoninproduktion wird. Das n\u00e4chtliche Signal [&hellip;]<\/p>\n","protected":false},"author":15,"featured_media":25033,"parent":18089,"menu_order":0,"comment_status":"closed","ping_status":"closed","template":"","meta":{"_acf_changed":false,"_genesis_hide_title":false,"_genesis_hide_breadcrumbs":false,"_genesis_hide_singular_image":false,"_genesis_hide_footer_widgets":false,"_genesis_custom_body_class":"","_genesis_custom_post_class":"","_genesis_layout":"full-width-content","footnotes":""},"categories":[102,84],"class_list":{"0":"post-18101","1":"page","2":"type-page","3":"status-publish","4":"has-post-thumbnail","6":"category-melatonin-de","7":"category-schlaf","8":"entry"},"acf":[],"yoast_head":"<!-- This site is optimized with the Yoast SEO Premium plugin v23.4 (Yoast SEO v23.4) - https:\/\/yoast.com\/wordpress\/plugins\/seo\/ -->\n<title>Melatoninproduktion und Alter &#8211; Chronobiology.com<\/title>\n<meta name=\"robots\" content=\"index, follow, max-snippet:-1, max-image-preview:large, max-video-preview:-1\" \/>\n<link rel=\"canonical\" href=\"https:\/\/dev.chronobiology.com\/de\/melatonin-chronobiologie\/melatoninproduktion-und-alter\/\" \/>\n<meta property=\"og:locale\" content=\"de_DE\" \/>\n<meta property=\"og:type\" content=\"article\" \/>\n<meta property=\"og:title\" content=\"Melatoninproduktion und Alter\" \/>\n<meta property=\"og:description\" content=\"[vc_row full_width=&#8220;stretch_row&#8220; el_class=&#8220;banner-top&#8220; css=&#8220;.vc_custom_1479390631301{background-image: url(https:\/\/www.chronobiology.com\/wp-content\/uploads\/2016\/11\/melatonin_production_age_banner.jpg?id=11687) !important;}&#8220;][vc_column][vc_custom_heading source=&#8220;post_title&#8220; font_container=&#8220;tag:h1|text_align:center&#8220; use_theme_fonts=&#8220;yes&#8220;][\/vc_column][\/vc_row][vc_row el_class=&#8220;melatoninfacts2&#8243;][vc_column width=&#8220;3\/4&#8243;][vc_column_text] Melatoninproduktion und Alter Nicht nur, dass der moderne Mensch das einzige Lebewesen ist, das von seinem Rhythmus abweicht und die Nacht zum Tag macht; ist es auch eine Tatsache, dass, je \u00e4lter wir werden, desto geringer auch die n\u00e4chtliche Melatoninproduktion wird. Das n\u00e4chtliche Signal [&hellip;]\" \/>\n<meta property=\"og:url\" content=\"https:\/\/dev.chronobiology.com\/de\/melatonin-chronobiologie\/melatoninproduktion-und-alter\/\" \/>\n<meta property=\"og:site_name\" content=\"Chronobiology.com\" \/>\n<meta property=\"article:publisher\" content=\"https:\/\/www.facebook.com\/chronobiology\" \/>\n<meta property=\"article:modified_time\" content=\"2020-06-18T15:18:14+00:00\" \/>\n<meta property=\"og:image\" content=\"https:\/\/dev.chronobiology.com\/wp-content\/uploads\/2016\/11\/melatonin_production_age_banner.jpg\" \/>\n\t<meta property=\"og:image:width\" content=\"1909\" \/>\n\t<meta property=\"og:image:height\" content=\"476\" \/>\n\t<meta property=\"og:image:type\" content=\"image\/jpeg\" \/>\n<meta name=\"twitter:card\" content=\"summary_large_image\" \/>\n<meta name=\"twitter:site\" content=\"@chronobionews\" \/>\n<meta name=\"twitter:label1\" content=\"Gesch\u00e4tzte Lesezeit\" \/>\n\t<meta name=\"twitter:data1\" content=\"4\u00a0Minuten\" \/>\n<script type=\"application\/ld+json\" class=\"yoast-schema-graph\">{\"@context\":\"https:\/\/schema.org\",\"@graph\":[{\"@type\":\"WebPage\",\"@id\":\"https:\/\/dev.chronobiology.com\/de\/melatonin-chronobiologie\/melatoninproduktion-und-alter\/\",\"url\":\"https:\/\/dev.chronobiology.com\/de\/melatonin-chronobiologie\/melatoninproduktion-und-alter\/\",\"name\":\"Melatoninproduktion und Alter &#8211; Chronobiology.com\",\"isPartOf\":{\"@id\":\"https:\/\/dev.chronobiology.com\/de\/#website\"},\"primaryImageOfPage\":{\"@id\":\"https:\/\/dev.chronobiology.com\/de\/melatonin-chronobiologie\/melatoninproduktion-und-alter\/#primaryimage\"},\"image\":{\"@id\":\"https:\/\/dev.chronobiology.com\/de\/melatonin-chronobiologie\/melatoninproduktion-und-alter\/#primaryimage\"},\"thumbnailUrl\":\"https:\/\/dev.chronobiology.com\/wp-content\/uploads\/2016\/11\/melatonin_production_age_banner.jpg\",\"datePublished\":\"2016-11-17T13:50:46+00:00\",\"dateModified\":\"2020-06-18T15:18:14+00:00\",\"breadcrumb\":{\"@id\":\"https:\/\/dev.chronobiology.com\/de\/melatonin-chronobiologie\/melatoninproduktion-und-alter\/#breadcrumb\"},\"inLanguage\":\"de\",\"potentialAction\":[{\"@type\":\"ReadAction\",\"target\":[\"https:\/\/dev.chronobiology.com\/de\/melatonin-chronobiologie\/melatoninproduktion-und-alter\/\"]}]},{\"@type\":\"ImageObject\",\"inLanguage\":\"de\",\"@id\":\"https:\/\/dev.chronobiology.com\/de\/melatonin-chronobiologie\/melatoninproduktion-und-alter\/#primaryimage\",\"url\":\"https:\/\/dev.chronobiology.com\/wp-content\/uploads\/2016\/11\/melatonin_production_age_banner.jpg\",\"contentUrl\":\"https:\/\/dev.chronobiology.com\/wp-content\/uploads\/2016\/11\/melatonin_production_age_banner.jpg\",\"width\":1909,\"height\":476},{\"@type\":\"BreadcrumbList\",\"@id\":\"https:\/\/dev.chronobiology.com\/de\/melatonin-chronobiologie\/melatoninproduktion-und-alter\/#breadcrumb\",\"itemListElement\":[{\"@type\":\"ListItem\",\"position\":1,\"name\":\"Home\",\"item\":\"https:\/\/dev.chronobiology.com\/de\/\"},{\"@type\":\"ListItem\",\"position\":2,\"name\":\"Melatonin &#038; Chronobiologie\",\"item\":\"https:\/\/dev.chronobiology.com\/de\/melatonin-chronobiologie\/\"},{\"@type\":\"ListItem\",\"position\":3,\"name\":\"Melatoninproduktion und Alter\"}]},{\"@type\":\"WebSite\",\"@id\":\"https:\/\/dev.chronobiology.com\/de\/#website\",\"url\":\"https:\/\/dev.chronobiology.com\/de\/\",\"name\":\"Chronobiology.com\",\"description\":\"\",\"publisher\":{\"@id\":\"https:\/\/dev.chronobiology.com\/de\/#organization\"},\"potentialAction\":[{\"@type\":\"SearchAction\",\"target\":{\"@type\":\"EntryPoint\",\"urlTemplate\":\"https:\/\/dev.chronobiology.com\/de\/?s={search_term_string}\"},\"query-input\":{\"@type\":\"PropertyValueSpecification\",\"valueRequired\":true,\"valueName\":\"search_term_string\"}}],\"inLanguage\":\"de\"},{\"@type\":\"Organization\",\"@id\":\"https:\/\/dev.chronobiology.com\/de\/#organization\",\"name\":\"Chronobiology\",\"url\":\"https:\/\/dev.chronobiology.com\/de\/\",\"logo\":{\"@type\":\"ImageObject\",\"inLanguage\":\"de\",\"@id\":\"https:\/\/dev.chronobiology.com\/de\/#\/schema\/logo\/image\/\",\"url\":\"https:\/\/www.chronobiology.com\/wp-content\/uploads\/2019\/01\/chronobiology_logo_en_r.png\",\"contentUrl\":\"https:\/\/www.chronobiology.com\/wp-content\/uploads\/2019\/01\/chronobiology_logo_en_r.png\",\"width\":375,\"height\":90,\"caption\":\"Chronobiology\"},\"image\":{\"@id\":\"https:\/\/dev.chronobiology.com\/de\/#\/schema\/logo\/image\/\"},\"sameAs\":[\"https:\/\/www.facebook.com\/chronobiology\",\"https:\/\/x.com\/chronobionews\",\"https:\/\/www.instagram.com\/chronobiology\/\",\"https:\/\/www.pinterest.com\/chronobiology\/\"]}]}<\/script>\n<!-- \/ Yoast SEO Premium plugin. -->","yoast_head_json":{"title":"Melatoninproduktion und Alter &#8211; Chronobiology.com","robots":{"index":"index","follow":"follow","max-snippet":"max-snippet:-1","max-image-preview":"max-image-preview:large","max-video-preview":"max-video-preview:-1"},"canonical":"https:\/\/dev.chronobiology.com\/de\/melatonin-chronobiologie\/melatoninproduktion-und-alter\/","og_locale":"de_DE","og_type":"article","og_title":"Melatoninproduktion und Alter","og_description":"[vc_row full_width=&#8220;stretch_row&#8220; el_class=&#8220;banner-top&#8220; css=&#8220;.vc_custom_1479390631301{background-image: url(https:\/\/www.chronobiology.com\/wp-content\/uploads\/2016\/11\/melatonin_production_age_banner.jpg?id=11687) !important;}&#8220;][vc_column][vc_custom_heading source=&#8220;post_title&#8220; font_container=&#8220;tag:h1|text_align:center&#8220; use_theme_fonts=&#8220;yes&#8220;][\/vc_column][\/vc_row][vc_row el_class=&#8220;melatoninfacts2&#8243;][vc_column width=&#8220;3\/4&#8243;][vc_column_text] Melatoninproduktion und Alter Nicht nur, dass der moderne Mensch das einzige Lebewesen ist, das von seinem Rhythmus abweicht und die Nacht zum Tag macht; ist es auch eine Tatsache, dass, je \u00e4lter wir werden, desto geringer auch die n\u00e4chtliche Melatoninproduktion wird. Das n\u00e4chtliche Signal [&hellip;]","og_url":"https:\/\/dev.chronobiology.com\/de\/melatonin-chronobiologie\/melatoninproduktion-und-alter\/","og_site_name":"Chronobiology.com","article_publisher":"https:\/\/www.facebook.com\/chronobiology","article_modified_time":"2020-06-18T15:18:14+00:00","og_image":[{"width":1909,"height":476,"url":"https:\/\/dev.chronobiology.com\/wp-content\/uploads\/2016\/11\/melatonin_production_age_banner.jpg","type":"image\/jpeg"}],"twitter_card":"summary_large_image","twitter_site":"@chronobionews","twitter_misc":{"Gesch\u00e4tzte Lesezeit":"4\u00a0Minuten"},"schema":{"@context":"https:\/\/schema.org","@graph":[{"@type":"WebPage","@id":"https:\/\/dev.chronobiology.com\/de\/melatonin-chronobiologie\/melatoninproduktion-und-alter\/","url":"https:\/\/dev.chronobiology.com\/de\/melatonin-chronobiologie\/melatoninproduktion-und-alter\/","name":"Melatoninproduktion und Alter &#8211; Chronobiology.com","isPartOf":{"@id":"https:\/\/dev.chronobiology.com\/de\/#website"},"primaryImageOfPage":{"@id":"https:\/\/dev.chronobiology.com\/de\/melatonin-chronobiologie\/melatoninproduktion-und-alter\/#primaryimage"},"image":{"@id":"https:\/\/dev.chronobiology.com\/de\/melatonin-chronobiologie\/melatoninproduktion-und-alter\/#primaryimage"},"thumbnailUrl":"https:\/\/dev.chronobiology.com\/wp-content\/uploads\/2016\/11\/melatonin_production_age_banner.jpg","datePublished":"2016-11-17T13:50:46+00:00","dateModified":"2020-06-18T15:18:14+00:00","breadcrumb":{"@id":"https:\/\/dev.chronobiology.com\/de\/melatonin-chronobiologie\/melatoninproduktion-und-alter\/#breadcrumb"},"inLanguage":"de","potentialAction":[{"@type":"ReadAction","target":["https:\/\/dev.chronobiology.com\/de\/melatonin-chronobiologie\/melatoninproduktion-und-alter\/"]}]},{"@type":"ImageObject","inLanguage":"de","@id":"https:\/\/dev.chronobiology.com\/de\/melatonin-chronobiologie\/melatoninproduktion-und-alter\/#primaryimage","url":"https:\/\/dev.chronobiology.com\/wp-content\/uploads\/2016\/11\/melatonin_production_age_banner.jpg","contentUrl":"https:\/\/dev.chronobiology.com\/wp-content\/uploads\/2016\/11\/melatonin_production_age_banner.jpg","width":1909,"height":476},{"@type":"BreadcrumbList","@id":"https:\/\/dev.chronobiology.com\/de\/melatonin-chronobiologie\/melatoninproduktion-und-alter\/#breadcrumb","itemListElement":[{"@type":"ListItem","position":1,"name":"Home","item":"https:\/\/dev.chronobiology.com\/de\/"},{"@type":"ListItem","position":2,"name":"Melatonin &#038; Chronobiologie","item":"https:\/\/dev.chronobiology.com\/de\/melatonin-chronobiologie\/"},{"@type":"ListItem","position":3,"name":"Melatoninproduktion und Alter"}]},{"@type":"WebSite","@id":"https:\/\/dev.chronobiology.com\/de\/#website","url":"https:\/\/dev.chronobiology.com\/de\/","name":"Chronobiology.com","description":"","publisher":{"@id":"https:\/\/dev.chronobiology.com\/de\/#organization"},"potentialAction":[{"@type":"SearchAction","target":{"@type":"EntryPoint","urlTemplate":"https:\/\/dev.chronobiology.com\/de\/?s={search_term_string}"},"query-input":{"@type":"PropertyValueSpecification","valueRequired":true,"valueName":"search_term_string"}}],"inLanguage":"de"},{"@type":"Organization","@id":"https:\/\/dev.chronobiology.com\/de\/#organization","name":"Chronobiology","url":"https:\/\/dev.chronobiology.com\/de\/","logo":{"@type":"ImageObject","inLanguage":"de","@id":"https:\/\/dev.chronobiology.com\/de\/#\/schema\/logo\/image\/","url":"https:\/\/www.chronobiology.com\/wp-content\/uploads\/2019\/01\/chronobiology_logo_en_r.png","contentUrl":"https:\/\/www.chronobiology.com\/wp-content\/uploads\/2019\/01\/chronobiology_logo_en_r.png","width":375,"height":90,"caption":"Chronobiology"},"image":{"@id":"https:\/\/dev.chronobiology.com\/de\/#\/schema\/logo\/image\/"},"sameAs":["https:\/\/www.facebook.com\/chronobiology","https:\/\/x.com\/chronobionews","https:\/\/www.instagram.com\/chronobiology\/","https:\/\/www.pinterest.com\/chronobiology\/"]}]}},"_links":{"self":[{"href":"https:\/\/dev.chronobiology.com\/de\/wp-json\/wp\/v2\/pages\/18101"}],"collection":[{"href":"https:\/\/dev.chronobiology.com\/de\/wp-json\/wp\/v2\/pages"}],"about":[{"href":"https:\/\/dev.chronobiology.com\/de\/wp-json\/wp\/v2\/types\/page"}],"author":[{"embeddable":true,"href":"https:\/\/dev.chronobiology.com\/de\/wp-json\/wp\/v2\/users\/15"}],"replies":[{"embeddable":true,"href":"https:\/\/dev.chronobiology.com\/de\/wp-json\/wp\/v2\/comments?post=18101"}],"version-history":[{"count":4,"href":"https:\/\/dev.chronobiology.com\/de\/wp-json\/wp\/v2\/pages\/18101\/revisions"}],"predecessor-version":[{"id":33060,"href":"https:\/\/dev.chronobiology.com\/de\/wp-json\/wp\/v2\/pages\/18101\/revisions\/33060"}],"up":[{"embeddable":true,"href":"https:\/\/dev.chronobiology.com\/de\/wp-json\/wp\/v2\/pages\/18089"}],"wp:featuredmedia":[{"embeddable":true,"href":"https:\/\/dev.chronobiology.com\/de\/wp-json\/wp\/v2\/media\/25033"}],"wp:attachment":[{"href":"https:\/\/dev.chronobiology.com\/de\/wp-json\/wp\/v2\/media?parent=18101"}],"wp:term":[{"taxonomy":"category","embeddable":true,"href":"https:\/\/dev.chronobiology.com\/de\/wp-json\/wp\/v2\/categories?post=18101"}],"curies":[{"name":"wp","href":"https:\/\/api.w.org\/{rel}","templated":true}]}}