{"id":18098,"date":"2016-11-18T11:02:26","date_gmt":"2016-11-18T19:02:26","guid":{"rendered":"https:\/\/www.chronobiology.com\/de\/?page_id=18098"},"modified":"2020-06-18T08:14:06","modified_gmt":"2020-06-18T15:14:06","slug":"wirkmechanismen","status":"publish","type":"page","link":"https:\/\/dev.chronobiology.com\/de\/melatonin-chronobiologie\/wirkmechanismen\/","title":{"rendered":"Wirkmechanismen"},"content":{"rendered":"<div class=\"wpb-content-wrapper\"><p>[vc_row full_width=&#8220;stretch_row&#8220; el_class=&#8220;banner-top&#8220; css=&#8220;.vc_custom_1480490459040{background-image: url(https:\/\/www.chronobiology.com\/wp-content\/uploads\/2016\/11\/melatonin-mechanism-banner.jpg?id=11676) !important;}&#8220;][vc_column][vc_custom_heading source=&#8220;post_title&#8220; font_container=&#8220;tag:h1|text_align:center&#8220; use_theme_fonts=&#8220;yes&#8220;][\/vc_column][\/vc_row][vc_row el_class=&#8220;melatoninfacts2&#8243;][vc_column width=&#8220;3\/4&#8243;][vc_column_text]<\/p>\n<h2 style=\"text-align: center;\">Wirkmechanismen<\/h2>\n<p>Melatonin hat verschiedene Wirkmechanismen, mit Hilfe derer es unterschiedliche Effekte im Organismus aus\u00fcben kann. Man unterscheidet dabei rezeptorvermittelte Effekte, also solche, die nach dem Schl\u00fcssel-Schl\u00fcsselloch Prinzip funktionieren von den Wirkmechanismen, die auch ohne diese Andockstellen ablaufen.[\/vc_column_text][\/vc_column][vc_column width=&#8220;1\/4&#8243;][vc_column_text]<div class=\"content_block\" id=\"custom_post_widget-32930\"><p><a href=\"https:\/\/melatoninfacts.org\/de\/\" target=\"_blank\" rel=\"noopener noreferrer\"><img decoding=\"async\" class=\"alignnone wp-image-33099 size-full\" title=\"MelatoninFACTS.org \u2013\u00a0Medizinische Studien zu Melatonin &amp; Chronobiologie\" src=\"https:\/\/www.chronobiology.com\/wp-content\/uploads\/2020\/06\/MelatoninFacts-Banner-DE-v2.jpg\" alt=\"MelatoninFACTS \u2013 Medizinische Studien zu Meatonin &amp; Chronobiologie\" width=\"500\" height=\"751\" srcset=\"https:\/\/dev.chronobiology.com\/wp-content\/uploads\/2020\/06\/MelatoninFacts-Banner-DE-v2.jpg 500w, https:\/\/dev.chronobiology.com\/wp-content\/uploads\/2020\/06\/MelatoninFacts-Banner-DE-v2-200x300.jpg 200w\" sizes=\"(max-width: 500px) 100vw, 500px\" \/><\/a><\/p>\n<\/div>[\/vc_column_text][\/vc_column][\/vc_row][vc_row][vc_column][vc_tta_accordion color=&#8220;turquoise&#8220; gap=&#8220;35&#8243; c_icon=&#8220;chevron&#8220; c_position=&#8220;right&#8220; active_section=&#8220;99&#8243; no_fill=&#8220;true&#8220; collapsible_all=&#8220;true&#8220;][vc_tta_section title=&#8220;Melatoninrezeptoren&#8220; tab_id=&#8220;1479159301199-fd863768-f6affc8d-716d&#8220;][vc_row_inner css=&#8220;.vc_custom_1479390515497{background-image: url(https:\/\/www.chronobiology.com\/wp-content\/uploads\/2016\/11\/mechanism_1.jpg?id=11685) !important;}&#8220;][vc_column_inner][vc_column_text]Melatoninrezeptoren lassen ich in unterschiedliche Klassen aufteilen. Man unterscheidet dabei den Melatoninrezeptor 1 und 2 (MTL1 und MTL2), ein jeder mit einer spezifischen Verteilung und z.T. spezifischen Aufgabe. Beide sind sogenannte membranst\u00e4ndige Rezeptoren, an deren Au\u00dfenseite Melatonin andocken kann. Kommt es zu einer solchen Bindung, werden \u00fcber spezielle G-Proteine im inneren der Zelle unterschiedliche Prozesse ausgel\u00f6st, die zum sp\u00e4teren Wirkeffekt von Melatonin an dieser Zelle f\u00fchren. Dar\u00fcber hinaus gibt es eine 3. Rezeptorklasse, die jedoch nicht innerhalb der Zellmembran verankert ist, sondern sich innerhalb der Zelle befindet. Diese Rezeptorklasse ist jedoch nur bei bestimmten Tierarten vertreten und spielt f\u00fcr den Menschen keine wesentliche Rolle.<\/p>\n<p>Die oben erw\u00e4hnten Melatonin-Rezeptoren 1 und 2 sind verteilt \u00fcber eine Vielzahl von Organen bzw. innerhalb dieser Organe findet man sie an spezifischen Zellstrukturen. Die Zeitinformation, die auf der oszillierenden (schwingenden) Melatonin-Konzentration basiert, wird dadurch an die Gewebe und somit an den gesamten K\u00f6rper \u00fcbertragen.<\/p>\n<p>Die h\u00f6chste Dichte von Melatonin-Rezeptoren findet man in bestimmten Arealen des Gehirns. Auffallend ist dabei, dass die Verteilung zwischen den verschieden Spezies sehr unterschiedlich sein kann: besitzen z.B. Nagetiere und niedrige S\u00e4ugetiere vorwiegend Rezeptoren auf den Arealen, die die innere Uhr und die Gonadenfunktion (Organe des K\u00f6rpers, die zur Produktion von Sexualhormonen und der Fortpflanzung dienen) steuern, findet man beim Menschen neben dem Areal der inneren Uhr die meisten Rezeptoren im Kleinhirn und auf der Gro\u00dfhirnrinde, nicht jedoch auf den Regionen, die die Gonadenfunktion steuern. Dadurch wird deutlich, dass sich die Funktion des Melatonins im Laufe der Evolution ver\u00e4ndert hat und nicht alle Ergebnisse, die im Tiermodell erzielt werden, sich eins zu eins auf den Menschen \u00fcbertragen lassen.<\/p>\n<p>Neben diesen Rezeptoren im Gehirn sind auch viele dieser Bindungsstellen in anderen Organen der Peripherie entdeckt worden. So besitzen u.a. die Bauchspeicheldr\u00fcse, die Leber, das Auge, die Haut, bestimmte Blutgef\u00e4\u00dfe, der Darmtrakt und Teile der Geschlechtsdr\u00fcsen Melatonin-Rezeptoren. Die genaue Funktion dieser Rezeptoren ist immer noch Gegenstand intensiver Forschung. Sicher ist, dass durch diese Bindungsstellen ein Teil der organspezifischen Funktion an den Tag\/Nacht-Rhythmus gekoppelt wird. Andererseits wird aber auch postuliert, dass Melatonin dar\u00fcber hinaus auch noch weitere Funktionen aus\u00fcbt, die am ehesten damit beschrieben werden k\u00f6nnten, dass die Funktionen dieser Organe feinreguliert und untereinander synchronisiert werden.[\/vc_column_text][\/vc_column_inner][\/vc_row_inner][\/vc_tta_section][\/vc_tta_accordion][vc_tta_accordion color=&#8220;turquoise&#8220; gap=&#8220;35&#8243; c_icon=&#8220;chevron&#8220; c_position=&#8220;right&#8220; active_section=&#8220;99&#8243; no_fill=&#8220;true&#8220; collapsible_all=&#8220;true&#8220;][vc_tta_section title=&#8220;Radikalf\u00e4nger&#8220; tab_id=&#8220;1481062165762-4bd1e03c-05ca&#8220;][vc_row_inner css=&#8220;.vc_custom_1479390486079{background-image: url(https:\/\/www.chronobiology.com\/wp-content\/uploads\/2016\/11\/mechanism_2.jpg?id=11684) !important;}&#8220;][vc_column_inner][vc_column_text]Neben den oben erw\u00e4hnten rezeptorvermittelten Effekten besitzt Melatonin auch eine antioxidative Wirkung. Hierbei ben\u00f6tigt es keine spezifischen Bindungsstellen, sondern agiert als potenter Radikalf\u00e4nger. Ergebnisse aus Tierexperimenten k\u00f6nnen direkt auf den Menschen \u00fcbertragen werden, da die Funktion allein auf die molekulare Struktur von Melatonin zur\u00fcckzuf\u00fchren ist. Da Melatonin dar\u00fcber hinaus auch in fast alle Zellen eindringen kann, sch\u00fctzt es alle Organe, sobald es pr\u00e4sent ist. In Anbetracht dessen, dass das Hormon \u00fcberwiegend w\u00e4hrend der Nacht abgesondert wird und sehr einfach durch die Blut-Hirn-Schranke gelangt, kann es eine pr\u00e4ventive Rolle gegen oxidative St\u00f6rungen sowohl der Gehirnnervenzellen als auch anderer Organe w\u00e4hrend des n\u00e4chtlichen Schlafs spielen. Somit lassen sich eine Vielzahl von positiven Effekten von Melatonin erkl\u00e4ren, die nicht mit der Interaktion mit spezifischen Rezeptoren zusammenh\u00e4ngen, sondern lediglich auf der Radikalf\u00e4ngereigenschaft beruht, sei es nun im Tiermodell oder beim Menschen.[\/vc_column_text][\/vc_column_inner][\/vc_row_inner][\/vc_tta_section][\/vc_tta_accordion][\/vc_column][\/vc_row]<\/p>\n<\/div>","protected":false},"excerpt":{"rendered":"<p>[vc_row full_width=&#8220;stretch_row&#8220; el_class=&#8220;banner-top&#8220; css=&#8220;.vc_custom_1480490459040{background-image: url(https:\/\/www.chronobiology.com\/wp-content\/uploads\/2016\/11\/melatonin-mechanism-banner.jpg?id=11676) !important;}&#8220;][vc_column][vc_custom_heading source=&#8220;post_title&#8220; font_container=&#8220;tag:h1|text_align:center&#8220; use_theme_fonts=&#8220;yes&#8220;][\/vc_column][\/vc_row][vc_row el_class=&#8220;melatoninfacts2&#8243;][vc_column width=&#8220;3\/4&#8243;][vc_column_text] Wirkmechanismen Melatonin hat verschiedene Wirkmechanismen, mit Hilfe derer es unterschiedliche Effekte im Organismus aus\u00fcben kann. Man unterscheidet dabei rezeptorvermittelte Effekte, also solche, die nach dem Schl\u00fcssel-Schl\u00fcsselloch Prinzip funktionieren von den Wirkmechanismen, die auch ohne diese Andockstellen ablaufen.[\/vc_column_text][\/vc_column][vc_column width=&#8220;1\/4&#8243;][vc_column_text][\/vc_column_text][\/vc_column][\/vc_row][vc_row][vc_column][vc_tta_accordion color=&#8220;turquoise&#8220; gap=&#8220;35&#8243; c_icon=&#8220;chevron&#8220; c_position=&#8220;right&#8220; active_section=&#8220;99&#8243; no_fill=&#8220;true&#8220; [&hellip;]<\/p>\n","protected":false},"author":15,"featured_media":11676,"parent":18089,"menu_order":0,"comment_status":"closed","ping_status":"closed","template":"","meta":{"_acf_changed":false,"_genesis_hide_title":false,"_genesis_hide_breadcrumbs":false,"_genesis_hide_singular_image":false,"_genesis_hide_footer_widgets":false,"_genesis_custom_body_class":"","_genesis_custom_post_class":"","_genesis_layout":"full-width-content","footnotes":""},"categories":[102,84],"class_list":{"0":"post-18098","1":"page","2":"type-page","3":"status-publish","4":"has-post-thumbnail","6":"category-melatonin-de","7":"category-schlaf","8":"entry"},"acf":[],"yoast_head":"<!-- This site is optimized with the Yoast SEO Premium plugin v23.4 (Yoast SEO v23.4) - https:\/\/yoast.com\/wordpress\/plugins\/seo\/ -->\n<title>Wirkmechanismen &#8211; Chronobiology.com<\/title>\n<meta name=\"robots\" content=\"index, follow, max-snippet:-1, max-image-preview:large, max-video-preview:-1\" \/>\n<link rel=\"canonical\" href=\"https:\/\/dev.chronobiology.com\/de\/melatonin-chronobiologie\/wirkmechanismen\/\" \/>\n<meta property=\"og:locale\" content=\"de_DE\" \/>\n<meta property=\"og:type\" content=\"article\" \/>\n<meta property=\"og:title\" content=\"Wirkmechanismen\" \/>\n<meta property=\"og:description\" content=\"[vc_row full_width=&#8220;stretch_row&#8220; el_class=&#8220;banner-top&#8220; css=&#8220;.vc_custom_1480490459040{background-image: url(https:\/\/www.chronobiology.com\/wp-content\/uploads\/2016\/11\/melatonin-mechanism-banner.jpg?id=11676) !important;}&#8220;][vc_column][vc_custom_heading source=&#8220;post_title&#8220; font_container=&#8220;tag:h1|text_align:center&#8220; use_theme_fonts=&#8220;yes&#8220;][\/vc_column][\/vc_row][vc_row el_class=&#8220;melatoninfacts2&#8243;][vc_column width=&#8220;3\/4&#8243;][vc_column_text] Wirkmechanismen Melatonin hat verschiedene Wirkmechanismen, mit Hilfe derer es unterschiedliche Effekte im Organismus aus\u00fcben kann. Man unterscheidet dabei rezeptorvermittelte Effekte, also solche, die nach dem Schl\u00fcssel-Schl\u00fcsselloch Prinzip funktionieren von den Wirkmechanismen, die auch ohne diese Andockstellen ablaufen.[\/vc_column_text][\/vc_column][vc_column width=&#8220;1\/4&#8243;][vc_column_text][\/vc_column_text][\/vc_column][\/vc_row][vc_row][vc_column][vc_tta_accordion color=&#8220;turquoise&#8220; gap=&#8220;35&#8243; c_icon=&#8220;chevron&#8220; c_position=&#8220;right&#8220; active_section=&#8220;99&#8243; no_fill=&#8220;true&#8220; [&hellip;]\" \/>\n<meta property=\"og:url\" content=\"https:\/\/dev.chronobiology.com\/de\/melatonin-chronobiologie\/wirkmechanismen\/\" \/>\n<meta property=\"og:site_name\" content=\"Chronobiology.com\" \/>\n<meta property=\"article:publisher\" content=\"https:\/\/www.facebook.com\/chronobiology\" \/>\n<meta property=\"article:modified_time\" content=\"2020-06-18T15:14:06+00:00\" \/>\n<meta property=\"og:image\" content=\"https:\/\/dev.chronobiology.com\/wp-content\/uploads\/2016\/11\/melatonin-mechanism-banner.jpg\" \/>\n\t<meta property=\"og:image:width\" content=\"1921\" \/>\n\t<meta property=\"og:image:height\" content=\"479\" \/>\n\t<meta property=\"og:image:type\" content=\"image\/jpeg\" \/>\n<meta name=\"twitter:card\" content=\"summary_large_image\" \/>\n<meta name=\"twitter:site\" content=\"@chronobionews\" \/>\n<meta name=\"twitter:label1\" content=\"Gesch\u00e4tzte Lesezeit\" \/>\n\t<meta name=\"twitter:data1\" content=\"4\u00a0Minuten\" \/>\n<script type=\"application\/ld+json\" class=\"yoast-schema-graph\">{\"@context\":\"https:\/\/schema.org\",\"@graph\":[{\"@type\":\"WebPage\",\"@id\":\"https:\/\/dev.chronobiology.com\/de\/melatonin-chronobiologie\/wirkmechanismen\/\",\"url\":\"https:\/\/dev.chronobiology.com\/de\/melatonin-chronobiologie\/wirkmechanismen\/\",\"name\":\"Wirkmechanismen &#8211; Chronobiology.com\",\"isPartOf\":{\"@id\":\"https:\/\/dev.chronobiology.com\/de\/#website\"},\"primaryImageOfPage\":{\"@id\":\"https:\/\/dev.chronobiology.com\/de\/melatonin-chronobiologie\/wirkmechanismen\/#primaryimage\"},\"image\":{\"@id\":\"https:\/\/dev.chronobiology.com\/de\/melatonin-chronobiologie\/wirkmechanismen\/#primaryimage\"},\"thumbnailUrl\":\"https:\/\/dev.chronobiology.com\/wp-content\/uploads\/2016\/11\/melatonin-mechanism-banner.jpg\",\"datePublished\":\"2016-11-18T19:02:26+00:00\",\"dateModified\":\"2020-06-18T15:14:06+00:00\",\"breadcrumb\":{\"@id\":\"https:\/\/dev.chronobiology.com\/de\/melatonin-chronobiologie\/wirkmechanismen\/#breadcrumb\"},\"inLanguage\":\"de\",\"potentialAction\":[{\"@type\":\"ReadAction\",\"target\":[\"https:\/\/dev.chronobiology.com\/de\/melatonin-chronobiologie\/wirkmechanismen\/\"]}]},{\"@type\":\"ImageObject\",\"inLanguage\":\"de\",\"@id\":\"https:\/\/dev.chronobiology.com\/de\/melatonin-chronobiologie\/wirkmechanismen\/#primaryimage\",\"url\":\"https:\/\/dev.chronobiology.com\/wp-content\/uploads\/2016\/11\/melatonin-mechanism-banner.jpg\",\"contentUrl\":\"https:\/\/dev.chronobiology.com\/wp-content\/uploads\/2016\/11\/melatonin-mechanism-banner.jpg\",\"width\":1921,\"height\":479,\"caption\":\"Mechanism 2\"},{\"@type\":\"BreadcrumbList\",\"@id\":\"https:\/\/dev.chronobiology.com\/de\/melatonin-chronobiologie\/wirkmechanismen\/#breadcrumb\",\"itemListElement\":[{\"@type\":\"ListItem\",\"position\":1,\"name\":\"Home\",\"item\":\"https:\/\/dev.chronobiology.com\/de\/\"},{\"@type\":\"ListItem\",\"position\":2,\"name\":\"Melatonin &#038; Chronobiologie\",\"item\":\"https:\/\/dev.chronobiology.com\/de\/melatonin-chronobiologie\/\"},{\"@type\":\"ListItem\",\"position\":3,\"name\":\"Wirkmechanismen\"}]},{\"@type\":\"WebSite\",\"@id\":\"https:\/\/dev.chronobiology.com\/de\/#website\",\"url\":\"https:\/\/dev.chronobiology.com\/de\/\",\"name\":\"Chronobiology.com\",\"description\":\"\",\"publisher\":{\"@id\":\"https:\/\/dev.chronobiology.com\/de\/#organization\"},\"potentialAction\":[{\"@type\":\"SearchAction\",\"target\":{\"@type\":\"EntryPoint\",\"urlTemplate\":\"https:\/\/dev.chronobiology.com\/de\/?s={search_term_string}\"},\"query-input\":{\"@type\":\"PropertyValueSpecification\",\"valueRequired\":true,\"valueName\":\"search_term_string\"}}],\"inLanguage\":\"de\"},{\"@type\":\"Organization\",\"@id\":\"https:\/\/dev.chronobiology.com\/de\/#organization\",\"name\":\"Chronobiology\",\"url\":\"https:\/\/dev.chronobiology.com\/de\/\",\"logo\":{\"@type\":\"ImageObject\",\"inLanguage\":\"de\",\"@id\":\"https:\/\/dev.chronobiology.com\/de\/#\/schema\/logo\/image\/\",\"url\":\"https:\/\/www.chronobiology.com\/wp-content\/uploads\/2019\/01\/chronobiology_logo_en_r.png\",\"contentUrl\":\"https:\/\/www.chronobiology.com\/wp-content\/uploads\/2019\/01\/chronobiology_logo_en_r.png\",\"width\":375,\"height\":90,\"caption\":\"Chronobiology\"},\"image\":{\"@id\":\"https:\/\/dev.chronobiology.com\/de\/#\/schema\/logo\/image\/\"},\"sameAs\":[\"https:\/\/www.facebook.com\/chronobiology\",\"https:\/\/x.com\/chronobionews\",\"https:\/\/www.instagram.com\/chronobiology\/\",\"https:\/\/www.pinterest.com\/chronobiology\/\"]}]}<\/script>\n<!-- \/ Yoast SEO Premium plugin. -->","yoast_head_json":{"title":"Wirkmechanismen &#8211; Chronobiology.com","robots":{"index":"index","follow":"follow","max-snippet":"max-snippet:-1","max-image-preview":"max-image-preview:large","max-video-preview":"max-video-preview:-1"},"canonical":"https:\/\/dev.chronobiology.com\/de\/melatonin-chronobiologie\/wirkmechanismen\/","og_locale":"de_DE","og_type":"article","og_title":"Wirkmechanismen","og_description":"[vc_row full_width=&#8220;stretch_row&#8220; el_class=&#8220;banner-top&#8220; css=&#8220;.vc_custom_1480490459040{background-image: url(https:\/\/www.chronobiology.com\/wp-content\/uploads\/2016\/11\/melatonin-mechanism-banner.jpg?id=11676) !important;}&#8220;][vc_column][vc_custom_heading source=&#8220;post_title&#8220; font_container=&#8220;tag:h1|text_align:center&#8220; use_theme_fonts=&#8220;yes&#8220;][\/vc_column][\/vc_row][vc_row el_class=&#8220;melatoninfacts2&#8243;][vc_column width=&#8220;3\/4&#8243;][vc_column_text] Wirkmechanismen Melatonin hat verschiedene Wirkmechanismen, mit Hilfe derer es unterschiedliche Effekte im Organismus aus\u00fcben kann. Man unterscheidet dabei rezeptorvermittelte Effekte, also solche, die nach dem Schl\u00fcssel-Schl\u00fcsselloch Prinzip funktionieren von den Wirkmechanismen, die auch ohne diese Andockstellen ablaufen.[\/vc_column_text][\/vc_column][vc_column width=&#8220;1\/4&#8243;][vc_column_text][\/vc_column_text][\/vc_column][\/vc_row][vc_row][vc_column][vc_tta_accordion color=&#8220;turquoise&#8220; gap=&#8220;35&#8243; c_icon=&#8220;chevron&#8220; c_position=&#8220;right&#8220; active_section=&#8220;99&#8243; no_fill=&#8220;true&#8220; [&hellip;]","og_url":"https:\/\/dev.chronobiology.com\/de\/melatonin-chronobiologie\/wirkmechanismen\/","og_site_name":"Chronobiology.com","article_publisher":"https:\/\/www.facebook.com\/chronobiology","article_modified_time":"2020-06-18T15:14:06+00:00","og_image":[{"width":1921,"height":479,"url":"https:\/\/dev.chronobiology.com\/wp-content\/uploads\/2016\/11\/melatonin-mechanism-banner.jpg","type":"image\/jpeg"}],"twitter_card":"summary_large_image","twitter_site":"@chronobionews","twitter_misc":{"Gesch\u00e4tzte Lesezeit":"4\u00a0Minuten"},"schema":{"@context":"https:\/\/schema.org","@graph":[{"@type":"WebPage","@id":"https:\/\/dev.chronobiology.com\/de\/melatonin-chronobiologie\/wirkmechanismen\/","url":"https:\/\/dev.chronobiology.com\/de\/melatonin-chronobiologie\/wirkmechanismen\/","name":"Wirkmechanismen &#8211; Chronobiology.com","isPartOf":{"@id":"https:\/\/dev.chronobiology.com\/de\/#website"},"primaryImageOfPage":{"@id":"https:\/\/dev.chronobiology.com\/de\/melatonin-chronobiologie\/wirkmechanismen\/#primaryimage"},"image":{"@id":"https:\/\/dev.chronobiology.com\/de\/melatonin-chronobiologie\/wirkmechanismen\/#primaryimage"},"thumbnailUrl":"https:\/\/dev.chronobiology.com\/wp-content\/uploads\/2016\/11\/melatonin-mechanism-banner.jpg","datePublished":"2016-11-18T19:02:26+00:00","dateModified":"2020-06-18T15:14:06+00:00","breadcrumb":{"@id":"https:\/\/dev.chronobiology.com\/de\/melatonin-chronobiologie\/wirkmechanismen\/#breadcrumb"},"inLanguage":"de","potentialAction":[{"@type":"ReadAction","target":["https:\/\/dev.chronobiology.com\/de\/melatonin-chronobiologie\/wirkmechanismen\/"]}]},{"@type":"ImageObject","inLanguage":"de","@id":"https:\/\/dev.chronobiology.com\/de\/melatonin-chronobiologie\/wirkmechanismen\/#primaryimage","url":"https:\/\/dev.chronobiology.com\/wp-content\/uploads\/2016\/11\/melatonin-mechanism-banner.jpg","contentUrl":"https:\/\/dev.chronobiology.com\/wp-content\/uploads\/2016\/11\/melatonin-mechanism-banner.jpg","width":1921,"height":479,"caption":"Mechanism 2"},{"@type":"BreadcrumbList","@id":"https:\/\/dev.chronobiology.com\/de\/melatonin-chronobiologie\/wirkmechanismen\/#breadcrumb","itemListElement":[{"@type":"ListItem","position":1,"name":"Home","item":"https:\/\/dev.chronobiology.com\/de\/"},{"@type":"ListItem","position":2,"name":"Melatonin &#038; Chronobiologie","item":"https:\/\/dev.chronobiology.com\/de\/melatonin-chronobiologie\/"},{"@type":"ListItem","position":3,"name":"Wirkmechanismen"}]},{"@type":"WebSite","@id":"https:\/\/dev.chronobiology.com\/de\/#website","url":"https:\/\/dev.chronobiology.com\/de\/","name":"Chronobiology.com","description":"","publisher":{"@id":"https:\/\/dev.chronobiology.com\/de\/#organization"},"potentialAction":[{"@type":"SearchAction","target":{"@type":"EntryPoint","urlTemplate":"https:\/\/dev.chronobiology.com\/de\/?s={search_term_string}"},"query-input":{"@type":"PropertyValueSpecification","valueRequired":true,"valueName":"search_term_string"}}],"inLanguage":"de"},{"@type":"Organization","@id":"https:\/\/dev.chronobiology.com\/de\/#organization","name":"Chronobiology","url":"https:\/\/dev.chronobiology.com\/de\/","logo":{"@type":"ImageObject","inLanguage":"de","@id":"https:\/\/dev.chronobiology.com\/de\/#\/schema\/logo\/image\/","url":"https:\/\/www.chronobiology.com\/wp-content\/uploads\/2019\/01\/chronobiology_logo_en_r.png","contentUrl":"https:\/\/www.chronobiology.com\/wp-content\/uploads\/2019\/01\/chronobiology_logo_en_r.png","width":375,"height":90,"caption":"Chronobiology"},"image":{"@id":"https:\/\/dev.chronobiology.com\/de\/#\/schema\/logo\/image\/"},"sameAs":["https:\/\/www.facebook.com\/chronobiology","https:\/\/x.com\/chronobionews","https:\/\/www.instagram.com\/chronobiology\/","https:\/\/www.pinterest.com\/chronobiology\/"]}]}},"_links":{"self":[{"href":"https:\/\/dev.chronobiology.com\/de\/wp-json\/wp\/v2\/pages\/18098"}],"collection":[{"href":"https:\/\/dev.chronobiology.com\/de\/wp-json\/wp\/v2\/pages"}],"about":[{"href":"https:\/\/dev.chronobiology.com\/de\/wp-json\/wp\/v2\/types\/page"}],"author":[{"embeddable":true,"href":"https:\/\/dev.chronobiology.com\/de\/wp-json\/wp\/v2\/users\/15"}],"replies":[{"embeddable":true,"href":"https:\/\/dev.chronobiology.com\/de\/wp-json\/wp\/v2\/comments?post=18098"}],"version-history":[{"count":6,"href":"https:\/\/dev.chronobiology.com\/de\/wp-json\/wp\/v2\/pages\/18098\/revisions"}],"predecessor-version":[{"id":33055,"href":"https:\/\/dev.chronobiology.com\/de\/wp-json\/wp\/v2\/pages\/18098\/revisions\/33055"}],"up":[{"embeddable":true,"href":"https:\/\/dev.chronobiology.com\/de\/wp-json\/wp\/v2\/pages\/18089"}],"wp:featuredmedia":[{"embeddable":true,"href":"https:\/\/dev.chronobiology.com\/de\/wp-json\/wp\/v2\/media\/11676"}],"wp:attachment":[{"href":"https:\/\/dev.chronobiology.com\/de\/wp-json\/wp\/v2\/media?parent=18098"}],"wp:term":[{"taxonomy":"category","embeddable":true,"href":"https:\/\/dev.chronobiology.com\/de\/wp-json\/wp\/v2\/categories?post=18098"}],"curies":[{"name":"wp","href":"https:\/\/api.w.org\/{rel}","templated":true}]}}