{"id":18095,"date":"2016-11-17T05:23:52","date_gmt":"2016-11-17T13:23:52","guid":{"rendered":"https:\/\/www.chronobiology.com\/de\/melatonin-chronobiology\/melatonin-tasks\/"},"modified":"2020-06-18T08:06:23","modified_gmt":"2020-06-18T15:06:23","slug":"aufgaben","status":"publish","type":"page","link":"https:\/\/dev.chronobiology.com\/de\/melatonin-chronobiologie\/aufgaben\/","title":{"rendered":"Aufgaben"},"content":{"rendered":"<div class=\"wpb-content-wrapper\"><p>[vc_row full_width=&#8220;stretch_row&#8220; el_class=&#8220;banner-top&#8220; css=&#8220;.vc_custom_1479389167421{background-image: url(https:\/\/www.chronobiology.com\/wp-content\/uploads\/2016\/11\/melatonin-tasks-banner.jpg?id=11670) !important;}&#8220;][vc_column][vc_custom_heading source=&#8220;post_title&#8220; font_container=&#8220;tag:h1|text_align:center&#8220; use_theme_fonts=&#8220;yes&#8220;][\/vc_column][\/vc_row][vc_row el_class=&#8220;melatoninfacts2&#8243;][vc_column width=&#8220;3\/4&#8243;][vc_column_text]<\/p>\n<h2 style=\"text-align: center;\">Aufgaben<\/h2>\n<p>Melatonin, auch als \u201cMutterhormon der Chronobiologie\u201d bekannt, ist ein Hormon, das \u00fcberwiegend in der Zirbeldr\u00fcse hergestellt wird. Es findet sich beim Menschen, bei Tieren, Pflanzen und sogar bei einzelligen und stammesgeschichtlich sehr alten Algen (3 Milliarden Jahre). Als nat\u00fcrliches Hormon regelt Melatonin die biologische Uhr des Menschen. Melatonin wird auch als Hormon der Dunkelheit bezeichnet, da es die Informationen und damit den Zeitpunkt und die L\u00e4nge der Nacht als ein hormonelles Signal an den Organismus vermittelt. Tags\u00fcber wird kaum Melatonin gebildet. Die Melatoninproduktion erfolgt durch Hinweise vom suprachiasmatischen Nukleus des Hypothalamus, der so den circadianen Rhythmus ma\u00dfgeblich regelt. Wenn die Netzhaut des Auges aufh\u00f6rt, zu viel blaues Licht wahrzunehmen, wird der suprachiasmatische Nukleus informiert, der die Zirbeldr\u00fcse dazu veranlasst, Melatonin herzustellen. Das Hormon wird somit in einem bestimmten Rhythmus, vor allem nachts, zyklisch ins Blut abgegeben und informiert so den gesamten K\u00f6rper \u00fcber die aktuelle circadiane Phasenlage. Wenn das erste Morgenlicht von der Netzhaut erfasst wird, wird die Melatoninproduktion eingestellt und stattdessen werden wieder andere Hormone produziert, die f\u00fcr das Wachsein ben\u00f6tigt werden. Dieser Zyklus hilft dabei, einen circadianen Rhythmus, oder auch 24-Stunden Schlaf\/Wach-Zyklus, zu schaffen.<\/p>\n<p>Aufgrund der unterschiedlichen Lichtverh\u00e4ltnisse w\u00e4hrend der Jahreszeiten ergibt sich so neben der circadianen (t\u00e4glichen) Rhythmik auch eine j\u00e4hrliche. Im Winter wird Melatonin \u00fcber einen l\u00e4ngeren Zeitraum produziert und ins Blut abgegeben als im Sommer.<\/p>\n<p>Melatonin besitzt eine sehr kurze Halbwertszeit von etwa drei\u00dfig Minuten. Da es so schnell zerf\u00e4llt, muss es permanent in der Nacht hergestellt werden, um u.a. einen erholsamen Schlaf aufrecht zu erhalten. Bei Menschen mit einem gesunden circadianen Rhythmus steigt der Melatoninspiegel schnell nach Einbruch der Dunkelheit an und bleibt dann \u00fcber Nacht auf ann\u00e4hernd gleicher Ebene bis zum fr\u00fchen Morgen. Diese hohe Ebene ist nicht nur f\u00fcr das Einschlafen unerl\u00e4sslich, sondern auch f\u00fcr einen tiefen und erholsamen Schlaf. Am fr\u00fchen Morgen f\u00e4llt der Melatoninspiegel wieder stark ab, damit der Mensch auf die zunehmenden Lichtverh\u00e4ltnisse reagieren kann und erwacht.<\/p>\n<p>Nicht nur, dass der moderne Mensch das einzige Lebewesen ist, das von seinem Rhythmus abweicht und die Nacht zum Tag macht; es ist auch eine Tatsache, dass, je \u00e4lter wir werden und je geringer die n\u00e4chtliche Melatoninproduktion wird, desto k\u00fcrzer auch das Signal wird, das an den gesamten K\u00f6rper \u00fcbertragen wird. Oftmals wird es bis weit nach Mitternacht nicht aktiviert. Bei Tagesanbruch jedoch stoppt die Sekretion dieses Hormons p\u00fcnktlich. Das Ergebnis ist, dass \u00e4ltere Menschen das Schlafhormon f\u00fcr eine viel zu kurze Zeitspanne erhalten und auch insgesamt steht es immer weniger zur Verf\u00fcgung.[\/vc_column_text][\/vc_column][vc_column width=&#8220;1\/4&#8243;][vc_column_text]<div class=\"content_block\" id=\"custom_post_widget-32930\"><p><a href=\"https:\/\/melatoninfacts.org\/de\/\" target=\"_blank\" rel=\"noopener noreferrer\"><img decoding=\"async\" class=\"alignnone wp-image-33099 size-full\" title=\"MelatoninFACTS.org \u2013\u00a0Medizinische Studien zu Melatonin &amp; Chronobiologie\" src=\"https:\/\/www.chronobiology.com\/wp-content\/uploads\/2020\/06\/MelatoninFacts-Banner-DE-v2.jpg\" alt=\"MelatoninFACTS \u2013 Medizinische Studien zu Meatonin &amp; Chronobiologie\" width=\"500\" height=\"751\" srcset=\"https:\/\/dev.chronobiology.com\/wp-content\/uploads\/2020\/06\/MelatoninFacts-Banner-DE-v2.jpg 500w, https:\/\/dev.chronobiology.com\/wp-content\/uploads\/2020\/06\/MelatoninFacts-Banner-DE-v2-200x300.jpg 200w\" sizes=\"(max-width: 500px) 100vw, 500px\" \/><\/a><\/p>\n<\/div>[\/vc_column_text][\/vc_column][\/vc_row]<\/p>\n<\/div>","protected":false},"excerpt":{"rendered":"<p>[vc_row full_width=&#8220;stretch_row&#8220; el_class=&#8220;banner-top&#8220; css=&#8220;.vc_custom_1479389167421{background-image: url(https:\/\/www.chronobiology.com\/wp-content\/uploads\/2016\/11\/melatonin-tasks-banner.jpg?id=11670) !important;}&#8220;][vc_column][vc_custom_heading source=&#8220;post_title&#8220; font_container=&#8220;tag:h1|text_align:center&#8220; use_theme_fonts=&#8220;yes&#8220;][\/vc_column][\/vc_row][vc_row el_class=&#8220;melatoninfacts2&#8243;][vc_column width=&#8220;3\/4&#8243;][vc_column_text] Aufgaben Melatonin, auch als \u201cMutterhormon der Chronobiologie\u201d bekannt, ist ein Hormon, das \u00fcberwiegend in der Zirbeldr\u00fcse hergestellt wird. Es findet sich beim Menschen, bei Tieren, Pflanzen und sogar bei einzelligen und stammesgeschichtlich sehr alten Algen (3 Milliarden Jahre). Als nat\u00fcrliches Hormon regelt Melatonin die [&hellip;]<\/p>\n","protected":false},"author":15,"featured_media":25017,"parent":18089,"menu_order":0,"comment_status":"closed","ping_status":"closed","template":"","meta":{"_acf_changed":false,"_genesis_hide_title":false,"_genesis_hide_breadcrumbs":false,"_genesis_hide_singular_image":false,"_genesis_hide_footer_widgets":false,"_genesis_custom_body_class":"","_genesis_custom_post_class":"","_genesis_layout":"full-width-content","footnotes":""},"categories":[102,84],"class_list":{"0":"post-18095","1":"page","2":"type-page","3":"status-publish","4":"has-post-thumbnail","6":"category-melatonin-de","7":"category-schlaf","8":"entry"},"acf":[],"yoast_head":"<!-- This site is optimized with the Yoast SEO Premium plugin v23.4 (Yoast SEO v23.4) - https:\/\/yoast.com\/wordpress\/plugins\/seo\/ -->\n<title>Aufgaben &#8211; Chronobiology.com<\/title>\n<meta name=\"robots\" content=\"index, follow, max-snippet:-1, max-image-preview:large, max-video-preview:-1\" \/>\n<link rel=\"canonical\" href=\"https:\/\/dev.chronobiology.com\/de\/melatonin-chronobiologie\/aufgaben\/\" \/>\n<meta property=\"og:locale\" content=\"de_DE\" \/>\n<meta property=\"og:type\" content=\"article\" \/>\n<meta property=\"og:title\" content=\"Aufgaben\" \/>\n<meta property=\"og:description\" content=\"[vc_row full_width=&#8220;stretch_row&#8220; el_class=&#8220;banner-top&#8220; css=&#8220;.vc_custom_1479389167421{background-image: url(https:\/\/www.chronobiology.com\/wp-content\/uploads\/2016\/11\/melatonin-tasks-banner.jpg?id=11670) !important;}&#8220;][vc_column][vc_custom_heading source=&#8220;post_title&#8220; font_container=&#8220;tag:h1|text_align:center&#8220; use_theme_fonts=&#8220;yes&#8220;][\/vc_column][\/vc_row][vc_row el_class=&#8220;melatoninfacts2&#8243;][vc_column width=&#8220;3\/4&#8243;][vc_column_text] Aufgaben Melatonin, auch als \u201cMutterhormon der Chronobiologie\u201d bekannt, ist ein Hormon, das \u00fcberwiegend in der Zirbeldr\u00fcse hergestellt wird. Es findet sich beim Menschen, bei Tieren, Pflanzen und sogar bei einzelligen und stammesgeschichtlich sehr alten Algen (3 Milliarden Jahre). Als nat\u00fcrliches Hormon regelt Melatonin die [&hellip;]\" \/>\n<meta property=\"og:url\" content=\"https:\/\/dev.chronobiology.com\/de\/melatonin-chronobiologie\/aufgaben\/\" \/>\n<meta property=\"og:site_name\" content=\"Chronobiology.com\" \/>\n<meta property=\"article:publisher\" content=\"https:\/\/www.facebook.com\/chronobiology\" \/>\n<meta property=\"article:modified_time\" content=\"2020-06-18T15:06:23+00:00\" \/>\n<meta property=\"og:image\" content=\"https:\/\/dev.chronobiology.com\/wp-content\/uploads\/2016\/11\/melatonin-tasks-banner.jpg\" \/>\n\t<meta property=\"og:image:width\" content=\"1917\" \/>\n\t<meta property=\"og:image:height\" content=\"479\" \/>\n\t<meta property=\"og:image:type\" content=\"image\/jpeg\" \/>\n<meta name=\"twitter:card\" content=\"summary_large_image\" \/>\n<meta name=\"twitter:site\" content=\"@chronobionews\" \/>\n<meta name=\"twitter:label1\" content=\"Gesch\u00e4tzte Lesezeit\" \/>\n\t<meta name=\"twitter:data1\" content=\"3\u00a0Minuten\" \/>\n<script type=\"application\/ld+json\" class=\"yoast-schema-graph\">{\"@context\":\"https:\/\/schema.org\",\"@graph\":[{\"@type\":\"WebPage\",\"@id\":\"https:\/\/dev.chronobiology.com\/de\/melatonin-chronobiologie\/aufgaben\/\",\"url\":\"https:\/\/dev.chronobiology.com\/de\/melatonin-chronobiologie\/aufgaben\/\",\"name\":\"Aufgaben &#8211; Chronobiology.com\",\"isPartOf\":{\"@id\":\"https:\/\/dev.chronobiology.com\/de\/#website\"},\"primaryImageOfPage\":{\"@id\":\"https:\/\/dev.chronobiology.com\/de\/melatonin-chronobiologie\/aufgaben\/#primaryimage\"},\"image\":{\"@id\":\"https:\/\/dev.chronobiology.com\/de\/melatonin-chronobiologie\/aufgaben\/#primaryimage\"},\"thumbnailUrl\":\"https:\/\/dev.chronobiology.com\/wp-content\/uploads\/2016\/11\/melatonin-tasks-banner.jpg\",\"datePublished\":\"2016-11-17T13:23:52+00:00\",\"dateModified\":\"2020-06-18T15:06:23+00:00\",\"breadcrumb\":{\"@id\":\"https:\/\/dev.chronobiology.com\/de\/melatonin-chronobiologie\/aufgaben\/#breadcrumb\"},\"inLanguage\":\"de\",\"potentialAction\":[{\"@type\":\"ReadAction\",\"target\":[\"https:\/\/dev.chronobiology.com\/de\/melatonin-chronobiologie\/aufgaben\/\"]}]},{\"@type\":\"ImageObject\",\"inLanguage\":\"de\",\"@id\":\"https:\/\/dev.chronobiology.com\/de\/melatonin-chronobiologie\/aufgaben\/#primaryimage\",\"url\":\"https:\/\/dev.chronobiology.com\/wp-content\/uploads\/2016\/11\/melatonin-tasks-banner.jpg\",\"contentUrl\":\"https:\/\/dev.chronobiology.com\/wp-content\/uploads\/2016\/11\/melatonin-tasks-banner.jpg\",\"width\":1917,\"height\":479},{\"@type\":\"BreadcrumbList\",\"@id\":\"https:\/\/dev.chronobiology.com\/de\/melatonin-chronobiologie\/aufgaben\/#breadcrumb\",\"itemListElement\":[{\"@type\":\"ListItem\",\"position\":1,\"name\":\"Home\",\"item\":\"https:\/\/dev.chronobiology.com\/de\/\"},{\"@type\":\"ListItem\",\"position\":2,\"name\":\"Melatonin &#038; Chronobiologie\",\"item\":\"https:\/\/dev.chronobiology.com\/de\/melatonin-chronobiologie\/\"},{\"@type\":\"ListItem\",\"position\":3,\"name\":\"Aufgaben\"}]},{\"@type\":\"WebSite\",\"@id\":\"https:\/\/dev.chronobiology.com\/de\/#website\",\"url\":\"https:\/\/dev.chronobiology.com\/de\/\",\"name\":\"Chronobiology.com\",\"description\":\"\",\"publisher\":{\"@id\":\"https:\/\/dev.chronobiology.com\/de\/#organization\"},\"potentialAction\":[{\"@type\":\"SearchAction\",\"target\":{\"@type\":\"EntryPoint\",\"urlTemplate\":\"https:\/\/dev.chronobiology.com\/de\/?s={search_term_string}\"},\"query-input\":{\"@type\":\"PropertyValueSpecification\",\"valueRequired\":true,\"valueName\":\"search_term_string\"}}],\"inLanguage\":\"de\"},{\"@type\":\"Organization\",\"@id\":\"https:\/\/dev.chronobiology.com\/de\/#organization\",\"name\":\"Chronobiology\",\"url\":\"https:\/\/dev.chronobiology.com\/de\/\",\"logo\":{\"@type\":\"ImageObject\",\"inLanguage\":\"de\",\"@id\":\"https:\/\/dev.chronobiology.com\/de\/#\/schema\/logo\/image\/\",\"url\":\"https:\/\/www.chronobiology.com\/wp-content\/uploads\/2019\/01\/chronobiology_logo_en_r.png\",\"contentUrl\":\"https:\/\/www.chronobiology.com\/wp-content\/uploads\/2019\/01\/chronobiology_logo_en_r.png\",\"width\":375,\"height\":90,\"caption\":\"Chronobiology\"},\"image\":{\"@id\":\"https:\/\/dev.chronobiology.com\/de\/#\/schema\/logo\/image\/\"},\"sameAs\":[\"https:\/\/www.facebook.com\/chronobiology\",\"https:\/\/x.com\/chronobionews\",\"https:\/\/www.instagram.com\/chronobiology\/\",\"https:\/\/www.pinterest.com\/chronobiology\/\"]}]}<\/script>\n<!-- \/ Yoast SEO Premium plugin. -->","yoast_head_json":{"title":"Aufgaben &#8211; Chronobiology.com","robots":{"index":"index","follow":"follow","max-snippet":"max-snippet:-1","max-image-preview":"max-image-preview:large","max-video-preview":"max-video-preview:-1"},"canonical":"https:\/\/dev.chronobiology.com\/de\/melatonin-chronobiologie\/aufgaben\/","og_locale":"de_DE","og_type":"article","og_title":"Aufgaben","og_description":"[vc_row full_width=&#8220;stretch_row&#8220; el_class=&#8220;banner-top&#8220; css=&#8220;.vc_custom_1479389167421{background-image: url(https:\/\/www.chronobiology.com\/wp-content\/uploads\/2016\/11\/melatonin-tasks-banner.jpg?id=11670) !important;}&#8220;][vc_column][vc_custom_heading source=&#8220;post_title&#8220; font_container=&#8220;tag:h1|text_align:center&#8220; use_theme_fonts=&#8220;yes&#8220;][\/vc_column][\/vc_row][vc_row el_class=&#8220;melatoninfacts2&#8243;][vc_column width=&#8220;3\/4&#8243;][vc_column_text] Aufgaben Melatonin, auch als \u201cMutterhormon der Chronobiologie\u201d bekannt, ist ein Hormon, das \u00fcberwiegend in der Zirbeldr\u00fcse hergestellt wird. Es findet sich beim Menschen, bei Tieren, Pflanzen und sogar bei einzelligen und stammesgeschichtlich sehr alten Algen (3 Milliarden Jahre). Als nat\u00fcrliches Hormon regelt Melatonin die [&hellip;]","og_url":"https:\/\/dev.chronobiology.com\/de\/melatonin-chronobiologie\/aufgaben\/","og_site_name":"Chronobiology.com","article_publisher":"https:\/\/www.facebook.com\/chronobiology","article_modified_time":"2020-06-18T15:06:23+00:00","og_image":[{"width":1917,"height":479,"url":"https:\/\/dev.chronobiology.com\/wp-content\/uploads\/2016\/11\/melatonin-tasks-banner.jpg","type":"image\/jpeg"}],"twitter_card":"summary_large_image","twitter_site":"@chronobionews","twitter_misc":{"Gesch\u00e4tzte Lesezeit":"3\u00a0Minuten"},"schema":{"@context":"https:\/\/schema.org","@graph":[{"@type":"WebPage","@id":"https:\/\/dev.chronobiology.com\/de\/melatonin-chronobiologie\/aufgaben\/","url":"https:\/\/dev.chronobiology.com\/de\/melatonin-chronobiologie\/aufgaben\/","name":"Aufgaben &#8211; Chronobiology.com","isPartOf":{"@id":"https:\/\/dev.chronobiology.com\/de\/#website"},"primaryImageOfPage":{"@id":"https:\/\/dev.chronobiology.com\/de\/melatonin-chronobiologie\/aufgaben\/#primaryimage"},"image":{"@id":"https:\/\/dev.chronobiology.com\/de\/melatonin-chronobiologie\/aufgaben\/#primaryimage"},"thumbnailUrl":"https:\/\/dev.chronobiology.com\/wp-content\/uploads\/2016\/11\/melatonin-tasks-banner.jpg","datePublished":"2016-11-17T13:23:52+00:00","dateModified":"2020-06-18T15:06:23+00:00","breadcrumb":{"@id":"https:\/\/dev.chronobiology.com\/de\/melatonin-chronobiologie\/aufgaben\/#breadcrumb"},"inLanguage":"de","potentialAction":[{"@type":"ReadAction","target":["https:\/\/dev.chronobiology.com\/de\/melatonin-chronobiologie\/aufgaben\/"]}]},{"@type":"ImageObject","inLanguage":"de","@id":"https:\/\/dev.chronobiology.com\/de\/melatonin-chronobiologie\/aufgaben\/#primaryimage","url":"https:\/\/dev.chronobiology.com\/wp-content\/uploads\/2016\/11\/melatonin-tasks-banner.jpg","contentUrl":"https:\/\/dev.chronobiology.com\/wp-content\/uploads\/2016\/11\/melatonin-tasks-banner.jpg","width":1917,"height":479},{"@type":"BreadcrumbList","@id":"https:\/\/dev.chronobiology.com\/de\/melatonin-chronobiologie\/aufgaben\/#breadcrumb","itemListElement":[{"@type":"ListItem","position":1,"name":"Home","item":"https:\/\/dev.chronobiology.com\/de\/"},{"@type":"ListItem","position":2,"name":"Melatonin &#038; Chronobiologie","item":"https:\/\/dev.chronobiology.com\/de\/melatonin-chronobiologie\/"},{"@type":"ListItem","position":3,"name":"Aufgaben"}]},{"@type":"WebSite","@id":"https:\/\/dev.chronobiology.com\/de\/#website","url":"https:\/\/dev.chronobiology.com\/de\/","name":"Chronobiology.com","description":"","publisher":{"@id":"https:\/\/dev.chronobiology.com\/de\/#organization"},"potentialAction":[{"@type":"SearchAction","target":{"@type":"EntryPoint","urlTemplate":"https:\/\/dev.chronobiology.com\/de\/?s={search_term_string}"},"query-input":{"@type":"PropertyValueSpecification","valueRequired":true,"valueName":"search_term_string"}}],"inLanguage":"de"},{"@type":"Organization","@id":"https:\/\/dev.chronobiology.com\/de\/#organization","name":"Chronobiology","url":"https:\/\/dev.chronobiology.com\/de\/","logo":{"@type":"ImageObject","inLanguage":"de","@id":"https:\/\/dev.chronobiology.com\/de\/#\/schema\/logo\/image\/","url":"https:\/\/www.chronobiology.com\/wp-content\/uploads\/2019\/01\/chronobiology_logo_en_r.png","contentUrl":"https:\/\/www.chronobiology.com\/wp-content\/uploads\/2019\/01\/chronobiology_logo_en_r.png","width":375,"height":90,"caption":"Chronobiology"},"image":{"@id":"https:\/\/dev.chronobiology.com\/de\/#\/schema\/logo\/image\/"},"sameAs":["https:\/\/www.facebook.com\/chronobiology","https:\/\/x.com\/chronobionews","https:\/\/www.instagram.com\/chronobiology\/","https:\/\/www.pinterest.com\/chronobiology\/"]}]}},"_links":{"self":[{"href":"https:\/\/dev.chronobiology.com\/de\/wp-json\/wp\/v2\/pages\/18095"}],"collection":[{"href":"https:\/\/dev.chronobiology.com\/de\/wp-json\/wp\/v2\/pages"}],"about":[{"href":"https:\/\/dev.chronobiology.com\/de\/wp-json\/wp\/v2\/types\/page"}],"author":[{"embeddable":true,"href":"https:\/\/dev.chronobiology.com\/de\/wp-json\/wp\/v2\/users\/15"}],"replies":[{"embeddable":true,"href":"https:\/\/dev.chronobiology.com\/de\/wp-json\/wp\/v2\/comments?post=18095"}],"version-history":[{"count":4,"href":"https:\/\/dev.chronobiology.com\/de\/wp-json\/wp\/v2\/pages\/18095\/revisions"}],"predecessor-version":[{"id":33049,"href":"https:\/\/dev.chronobiology.com\/de\/wp-json\/wp\/v2\/pages\/18095\/revisions\/33049"}],"up":[{"embeddable":true,"href":"https:\/\/dev.chronobiology.com\/de\/wp-json\/wp\/v2\/pages\/18089"}],"wp:featuredmedia":[{"embeddable":true,"href":"https:\/\/dev.chronobiology.com\/de\/wp-json\/wp\/v2\/media\/25017"}],"wp:attachment":[{"href":"https:\/\/dev.chronobiology.com\/de\/wp-json\/wp\/v2\/media?parent=18095"}],"wp:term":[{"taxonomy":"category","embeddable":true,"href":"https:\/\/dev.chronobiology.com\/de\/wp-json\/wp\/v2\/categories?post=18095"}],"curies":[{"name":"wp","href":"https:\/\/api.w.org\/{rel}","templated":true}]}}