{"id":18092,"date":"2016-11-17T05:13:06","date_gmt":"2016-11-17T13:13:06","guid":{"rendered":"https:\/\/www.chronobiology.com\/de\/melatonin-chronobiology\/melatonin-history\/"},"modified":"2020-06-18T07:53:23","modified_gmt":"2020-06-18T14:53:23","slug":"geschichte","status":"publish","type":"page","link":"https:\/\/dev.chronobiology.com\/de\/melatonin-chronobiologie\/geschichte\/","title":{"rendered":"Geschichte"},"content":{"rendered":"<div class=\"wpb-content-wrapper\"><p>[vc_row full_width=&#8220;stretch_row&#8220; el_class=&#8220;banner-top&#8220; css=&#8220;.vc_custom_1479388656340{background-image: url(https:\/\/www.chronobiology.com\/wp-content\/uploads\/2016\/11\/melatonin-banner.jpg?id=11663) !important;}&#8220;][vc_column][vc_custom_heading source=&#8220;post_title&#8220; font_container=&#8220;tag:h1|text_align:center&#8220; use_theme_fonts=&#8220;yes&#8220;][\/vc_column][\/vc_row][vc_row el_class=&#8220;melatoninfacts2&#8243;][vc_column width=&#8220;3\/4&#8243;][vc_column_text]<\/p>\n<h2 style=\"text-align: center;\">Geschichte<\/h2>\n<p>Melatonin wird \u00fcberwiegend von der Zirbeldr\u00fcse (Glandula Pinealis) produziert. Bereits bei Galenus von Pergamon und anderen Griechen fand dieses Organ Erw\u00e4hnung: Der franz\u00f6sische Philosoph und Naturwissenschaftler Descartes bezeichnete im 16. Jahrhundert das Pinealorgan als Sitz der Seele. Melatonin selbst wurde erst 1958 von Lerner et al, einem Dermatologen entdeckt und seit den 80ern intensiv erforscht. Lerner konnte aus der Rinderzirbeldr\u00fcse einen f\u00fcr Amphibienhaut starken bleichenden Faktor isolieren, den er als Melatonin bezeichnete. Lerner war es auch, der den Einfluss des Hormons auf den Schlaf erforschte. Nach einem Selbstversuch mit 100 mg Melatonin berichtete er, dass er keinerlei Nebenwirkungen bemerkt habe, abgesehen von M\u00fcdigkeit. In den 60ern wurde noch angenommen, dass der Hell-Dunkel-Rhythmus zwar f\u00fcr S\u00e4ugetiere, nicht aber f\u00fcr den Menschen bedeutend sei. Erst 1981 fand Alfred Lewy, dass helles, appliziertes Licht in der Nacht endogenes Melatonin beim Menschen unterdr\u00fcckt, eine bahnbrechende Entdeckung f\u00fcr die Chronobiologie und Melatoninfoschung. Anfang der 90er bekam das Hormon immer mehr Aufmerksamkeit, da die Forschung neue Erkenntnisse \u00fcber die verschiedenen Einfl\u00fcsse von Melatonin auf unterschiedliche K\u00f6rperprozesse, wie z.B. Immunmodulation, Hemmung von Tumorwachstum, Sauerstoffradikalenfang und die Beeinflussung kalziumabh\u00e4ngiger Stoffwechselprozesse fand. Inzwischen gibt es immer mehr Studien zu Melatonin und seine vielf\u00e4ltigen Wirkungen auf die menschliche Gesundheit.[\/vc_column_text][\/vc_column][vc_column width=&#8220;1\/4&#8243;][vc_column_text]<div class=\"content_block\" id=\"custom_post_widget-32930\"><p><a href=\"https:\/\/melatoninfacts.org\/de\/\" target=\"_blank\" rel=\"noopener noreferrer\"><img decoding=\"async\" class=\"alignnone wp-image-33099 size-full\" title=\"MelatoninFACTS.org \u2013\u00a0Medizinische Studien zu Melatonin &amp; Chronobiologie\" src=\"https:\/\/www.chronobiology.com\/wp-content\/uploads\/2020\/06\/MelatoninFacts-Banner-DE-v2.jpg\" alt=\"MelatoninFACTS \u2013 Medizinische Studien zu Meatonin &amp; Chronobiologie\" width=\"500\" height=\"751\" srcset=\"https:\/\/dev.chronobiology.com\/wp-content\/uploads\/2020\/06\/MelatoninFacts-Banner-DE-v2.jpg 500w, https:\/\/dev.chronobiology.com\/wp-content\/uploads\/2020\/06\/MelatoninFacts-Banner-DE-v2-200x300.jpg 200w\" sizes=\"(max-width: 500px) 100vw, 500px\" \/><\/a><\/p>\n<\/div>[\/vc_column_text][\/vc_column][\/vc_row]<\/p>\n<\/div>","protected":false},"excerpt":{"rendered":"<p>[vc_row full_width=&#8220;stretch_row&#8220; el_class=&#8220;banner-top&#8220; css=&#8220;.vc_custom_1479388656340{background-image: url(https:\/\/www.chronobiology.com\/wp-content\/uploads\/2016\/11\/melatonin-banner.jpg?id=11663) !important;}&#8220;][vc_column][vc_custom_heading source=&#8220;post_title&#8220; font_container=&#8220;tag:h1|text_align:center&#8220; use_theme_fonts=&#8220;yes&#8220;][\/vc_column][\/vc_row][vc_row el_class=&#8220;melatoninfacts2&#8243;][vc_column width=&#8220;3\/4&#8243;][vc_column_text] Geschichte Melatonin wird \u00fcberwiegend von der Zirbeldr\u00fcse (Glandula Pinealis) produziert. Bereits bei Galenus von Pergamon und anderen Griechen fand dieses Organ Erw\u00e4hnung: Der franz\u00f6sische Philosoph und Naturwissenschaftler Descartes bezeichnete im 16. Jahrhundert das Pinealorgan als Sitz der Seele. Melatonin selbst wurde erst 1958 von [&hellip;]<\/p>\n","protected":false},"author":15,"featured_media":25013,"parent":18089,"menu_order":0,"comment_status":"closed","ping_status":"closed","template":"","meta":{"_acf_changed":false,"_genesis_hide_title":false,"_genesis_hide_breadcrumbs":false,"_genesis_hide_singular_image":false,"_genesis_hide_footer_widgets":false,"_genesis_custom_body_class":"","_genesis_custom_post_class":"","_genesis_layout":"full-width-content","footnotes":""},"categories":[102,84],"class_list":{"0":"post-18092","1":"page","2":"type-page","3":"status-publish","4":"has-post-thumbnail","6":"category-melatonin-de","7":"category-schlaf","8":"entry"},"acf":[],"yoast_head":"<!-- This site is optimized with the Yoast SEO Premium plugin v23.4 (Yoast SEO v23.4) - https:\/\/yoast.com\/wordpress\/plugins\/seo\/ -->\n<title>Geschichte &#8211; Chronobiology.com<\/title>\n<meta name=\"robots\" content=\"index, follow, max-snippet:-1, max-image-preview:large, max-video-preview:-1\" \/>\n<link rel=\"canonical\" href=\"https:\/\/dev.chronobiology.com\/de\/melatonin-chronobiologie\/geschichte\/\" \/>\n<meta property=\"og:locale\" content=\"de_DE\" \/>\n<meta property=\"og:type\" content=\"article\" \/>\n<meta property=\"og:title\" content=\"Geschichte\" \/>\n<meta property=\"og:description\" content=\"[vc_row full_width=&#8220;stretch_row&#8220; el_class=&#8220;banner-top&#8220; css=&#8220;.vc_custom_1479388656340{background-image: url(https:\/\/www.chronobiology.com\/wp-content\/uploads\/2016\/11\/melatonin-banner.jpg?id=11663) !important;}&#8220;][vc_column][vc_custom_heading source=&#8220;post_title&#8220; font_container=&#8220;tag:h1|text_align:center&#8220; use_theme_fonts=&#8220;yes&#8220;][\/vc_column][\/vc_row][vc_row el_class=&#8220;melatoninfacts2&#8243;][vc_column width=&#8220;3\/4&#8243;][vc_column_text] Geschichte Melatonin wird \u00fcberwiegend von der Zirbeldr\u00fcse (Glandula Pinealis) produziert. Bereits bei Galenus von Pergamon und anderen Griechen fand dieses Organ Erw\u00e4hnung: Der franz\u00f6sische Philosoph und Naturwissenschaftler Descartes bezeichnete im 16. Jahrhundert das Pinealorgan als Sitz der Seele. Melatonin selbst wurde erst 1958 von [&hellip;]\" \/>\n<meta property=\"og:url\" content=\"https:\/\/dev.chronobiology.com\/de\/melatonin-chronobiologie\/geschichte\/\" \/>\n<meta property=\"og:site_name\" content=\"Chronobiology.com\" \/>\n<meta property=\"article:publisher\" content=\"https:\/\/www.facebook.com\/chronobiology\" \/>\n<meta property=\"article:modified_time\" content=\"2020-06-18T14:53:23+00:00\" \/>\n<meta property=\"og:image\" content=\"https:\/\/dev.chronobiology.com\/wp-content\/uploads\/2016\/11\/melatonin-banner.jpg\" \/>\n\t<meta property=\"og:image:width\" content=\"1913\" \/>\n\t<meta property=\"og:image:height\" content=\"478\" \/>\n\t<meta property=\"og:image:type\" content=\"image\/jpeg\" \/>\n<meta name=\"twitter:card\" content=\"summary_large_image\" \/>\n<meta name=\"twitter:site\" content=\"@chronobionews\" \/>\n<meta name=\"twitter:label1\" content=\"Gesch\u00e4tzte Lesezeit\" \/>\n\t<meta name=\"twitter:data1\" content=\"1\u00a0Minute\" \/>\n<script type=\"application\/ld+json\" class=\"yoast-schema-graph\">{\"@context\":\"https:\/\/schema.org\",\"@graph\":[{\"@type\":\"WebPage\",\"@id\":\"https:\/\/dev.chronobiology.com\/de\/melatonin-chronobiologie\/geschichte\/\",\"url\":\"https:\/\/dev.chronobiology.com\/de\/melatonin-chronobiologie\/geschichte\/\",\"name\":\"Geschichte &#8211; Chronobiology.com\",\"isPartOf\":{\"@id\":\"https:\/\/dev.chronobiology.com\/de\/#website\"},\"primaryImageOfPage\":{\"@id\":\"https:\/\/dev.chronobiology.com\/de\/melatonin-chronobiologie\/geschichte\/#primaryimage\"},\"image\":{\"@id\":\"https:\/\/dev.chronobiology.com\/de\/melatonin-chronobiologie\/geschichte\/#primaryimage\"},\"thumbnailUrl\":\"https:\/\/dev.chronobiology.com\/wp-content\/uploads\/2016\/11\/melatonin-banner.jpg\",\"datePublished\":\"2016-11-17T13:13:06+00:00\",\"dateModified\":\"2020-06-18T14:53:23+00:00\",\"breadcrumb\":{\"@id\":\"https:\/\/dev.chronobiology.com\/de\/melatonin-chronobiologie\/geschichte\/#breadcrumb\"},\"inLanguage\":\"de\",\"potentialAction\":[{\"@type\":\"ReadAction\",\"target\":[\"https:\/\/dev.chronobiology.com\/de\/melatonin-chronobiologie\/geschichte\/\"]}]},{\"@type\":\"ImageObject\",\"inLanguage\":\"de\",\"@id\":\"https:\/\/dev.chronobiology.com\/de\/melatonin-chronobiologie\/geschichte\/#primaryimage\",\"url\":\"https:\/\/dev.chronobiology.com\/wp-content\/uploads\/2016\/11\/melatonin-banner.jpg\",\"contentUrl\":\"https:\/\/dev.chronobiology.com\/wp-content\/uploads\/2016\/11\/melatonin-banner.jpg\",\"width\":1913,\"height\":478},{\"@type\":\"BreadcrumbList\",\"@id\":\"https:\/\/dev.chronobiology.com\/de\/melatonin-chronobiologie\/geschichte\/#breadcrumb\",\"itemListElement\":[{\"@type\":\"ListItem\",\"position\":1,\"name\":\"Home\",\"item\":\"https:\/\/dev.chronobiology.com\/de\/\"},{\"@type\":\"ListItem\",\"position\":2,\"name\":\"Melatonin &#038; Chronobiologie\",\"item\":\"https:\/\/dev.chronobiology.com\/de\/melatonin-chronobiologie\/\"},{\"@type\":\"ListItem\",\"position\":3,\"name\":\"Geschichte\"}]},{\"@type\":\"WebSite\",\"@id\":\"https:\/\/dev.chronobiology.com\/de\/#website\",\"url\":\"https:\/\/dev.chronobiology.com\/de\/\",\"name\":\"Chronobiology.com\",\"description\":\"\",\"publisher\":{\"@id\":\"https:\/\/dev.chronobiology.com\/de\/#organization\"},\"potentialAction\":[{\"@type\":\"SearchAction\",\"target\":{\"@type\":\"EntryPoint\",\"urlTemplate\":\"https:\/\/dev.chronobiology.com\/de\/?s={search_term_string}\"},\"query-input\":{\"@type\":\"PropertyValueSpecification\",\"valueRequired\":true,\"valueName\":\"search_term_string\"}}],\"inLanguage\":\"de\"},{\"@type\":\"Organization\",\"@id\":\"https:\/\/dev.chronobiology.com\/de\/#organization\",\"name\":\"Chronobiology\",\"url\":\"https:\/\/dev.chronobiology.com\/de\/\",\"logo\":{\"@type\":\"ImageObject\",\"inLanguage\":\"de\",\"@id\":\"https:\/\/dev.chronobiology.com\/de\/#\/schema\/logo\/image\/\",\"url\":\"https:\/\/www.chronobiology.com\/wp-content\/uploads\/2019\/01\/chronobiology_logo_en_r.png\",\"contentUrl\":\"https:\/\/www.chronobiology.com\/wp-content\/uploads\/2019\/01\/chronobiology_logo_en_r.png\",\"width\":375,\"height\":90,\"caption\":\"Chronobiology\"},\"image\":{\"@id\":\"https:\/\/dev.chronobiology.com\/de\/#\/schema\/logo\/image\/\"},\"sameAs\":[\"https:\/\/www.facebook.com\/chronobiology\",\"https:\/\/x.com\/chronobionews\",\"https:\/\/www.instagram.com\/chronobiology\/\",\"https:\/\/www.pinterest.com\/chronobiology\/\"]}]}<\/script>\n<!-- \/ Yoast SEO Premium plugin. -->","yoast_head_json":{"title":"Geschichte &#8211; Chronobiology.com","robots":{"index":"index","follow":"follow","max-snippet":"max-snippet:-1","max-image-preview":"max-image-preview:large","max-video-preview":"max-video-preview:-1"},"canonical":"https:\/\/dev.chronobiology.com\/de\/melatonin-chronobiologie\/geschichte\/","og_locale":"de_DE","og_type":"article","og_title":"Geschichte","og_description":"[vc_row full_width=&#8220;stretch_row&#8220; el_class=&#8220;banner-top&#8220; css=&#8220;.vc_custom_1479388656340{background-image: url(https:\/\/www.chronobiology.com\/wp-content\/uploads\/2016\/11\/melatonin-banner.jpg?id=11663) !important;}&#8220;][vc_column][vc_custom_heading source=&#8220;post_title&#8220; font_container=&#8220;tag:h1|text_align:center&#8220; use_theme_fonts=&#8220;yes&#8220;][\/vc_column][\/vc_row][vc_row el_class=&#8220;melatoninfacts2&#8243;][vc_column width=&#8220;3\/4&#8243;][vc_column_text] Geschichte Melatonin wird \u00fcberwiegend von der Zirbeldr\u00fcse (Glandula Pinealis) produziert. Bereits bei Galenus von Pergamon und anderen Griechen fand dieses Organ Erw\u00e4hnung: Der franz\u00f6sische Philosoph und Naturwissenschaftler Descartes bezeichnete im 16. Jahrhundert das Pinealorgan als Sitz der Seele. Melatonin selbst wurde erst 1958 von [&hellip;]","og_url":"https:\/\/dev.chronobiology.com\/de\/melatonin-chronobiologie\/geschichte\/","og_site_name":"Chronobiology.com","article_publisher":"https:\/\/www.facebook.com\/chronobiology","article_modified_time":"2020-06-18T14:53:23+00:00","og_image":[{"width":1913,"height":478,"url":"https:\/\/dev.chronobiology.com\/wp-content\/uploads\/2016\/11\/melatonin-banner.jpg","type":"image\/jpeg"}],"twitter_card":"summary_large_image","twitter_site":"@chronobionews","twitter_misc":{"Gesch\u00e4tzte Lesezeit":"1\u00a0Minute"},"schema":{"@context":"https:\/\/schema.org","@graph":[{"@type":"WebPage","@id":"https:\/\/dev.chronobiology.com\/de\/melatonin-chronobiologie\/geschichte\/","url":"https:\/\/dev.chronobiology.com\/de\/melatonin-chronobiologie\/geschichte\/","name":"Geschichte &#8211; Chronobiology.com","isPartOf":{"@id":"https:\/\/dev.chronobiology.com\/de\/#website"},"primaryImageOfPage":{"@id":"https:\/\/dev.chronobiology.com\/de\/melatonin-chronobiologie\/geschichte\/#primaryimage"},"image":{"@id":"https:\/\/dev.chronobiology.com\/de\/melatonin-chronobiologie\/geschichte\/#primaryimage"},"thumbnailUrl":"https:\/\/dev.chronobiology.com\/wp-content\/uploads\/2016\/11\/melatonin-banner.jpg","datePublished":"2016-11-17T13:13:06+00:00","dateModified":"2020-06-18T14:53:23+00:00","breadcrumb":{"@id":"https:\/\/dev.chronobiology.com\/de\/melatonin-chronobiologie\/geschichte\/#breadcrumb"},"inLanguage":"de","potentialAction":[{"@type":"ReadAction","target":["https:\/\/dev.chronobiology.com\/de\/melatonin-chronobiologie\/geschichte\/"]}]},{"@type":"ImageObject","inLanguage":"de","@id":"https:\/\/dev.chronobiology.com\/de\/melatonin-chronobiologie\/geschichte\/#primaryimage","url":"https:\/\/dev.chronobiology.com\/wp-content\/uploads\/2016\/11\/melatonin-banner.jpg","contentUrl":"https:\/\/dev.chronobiology.com\/wp-content\/uploads\/2016\/11\/melatonin-banner.jpg","width":1913,"height":478},{"@type":"BreadcrumbList","@id":"https:\/\/dev.chronobiology.com\/de\/melatonin-chronobiologie\/geschichte\/#breadcrumb","itemListElement":[{"@type":"ListItem","position":1,"name":"Home","item":"https:\/\/dev.chronobiology.com\/de\/"},{"@type":"ListItem","position":2,"name":"Melatonin &#038; Chronobiologie","item":"https:\/\/dev.chronobiology.com\/de\/melatonin-chronobiologie\/"},{"@type":"ListItem","position":3,"name":"Geschichte"}]},{"@type":"WebSite","@id":"https:\/\/dev.chronobiology.com\/de\/#website","url":"https:\/\/dev.chronobiology.com\/de\/","name":"Chronobiology.com","description":"","publisher":{"@id":"https:\/\/dev.chronobiology.com\/de\/#organization"},"potentialAction":[{"@type":"SearchAction","target":{"@type":"EntryPoint","urlTemplate":"https:\/\/dev.chronobiology.com\/de\/?s={search_term_string}"},"query-input":{"@type":"PropertyValueSpecification","valueRequired":true,"valueName":"search_term_string"}}],"inLanguage":"de"},{"@type":"Organization","@id":"https:\/\/dev.chronobiology.com\/de\/#organization","name":"Chronobiology","url":"https:\/\/dev.chronobiology.com\/de\/","logo":{"@type":"ImageObject","inLanguage":"de","@id":"https:\/\/dev.chronobiology.com\/de\/#\/schema\/logo\/image\/","url":"https:\/\/www.chronobiology.com\/wp-content\/uploads\/2019\/01\/chronobiology_logo_en_r.png","contentUrl":"https:\/\/www.chronobiology.com\/wp-content\/uploads\/2019\/01\/chronobiology_logo_en_r.png","width":375,"height":90,"caption":"Chronobiology"},"image":{"@id":"https:\/\/dev.chronobiology.com\/de\/#\/schema\/logo\/image\/"},"sameAs":["https:\/\/www.facebook.com\/chronobiology","https:\/\/x.com\/chronobionews","https:\/\/www.instagram.com\/chronobiology\/","https:\/\/www.pinterest.com\/chronobiology\/"]}]}},"_links":{"self":[{"href":"https:\/\/dev.chronobiology.com\/de\/wp-json\/wp\/v2\/pages\/18092"}],"collection":[{"href":"https:\/\/dev.chronobiology.com\/de\/wp-json\/wp\/v2\/pages"}],"about":[{"href":"https:\/\/dev.chronobiology.com\/de\/wp-json\/wp\/v2\/types\/page"}],"author":[{"embeddable":true,"href":"https:\/\/dev.chronobiology.com\/de\/wp-json\/wp\/v2\/users\/15"}],"replies":[{"embeddable":true,"href":"https:\/\/dev.chronobiology.com\/de\/wp-json\/wp\/v2\/comments?post=18092"}],"version-history":[{"count":6,"href":"https:\/\/dev.chronobiology.com\/de\/wp-json\/wp\/v2\/pages\/18092\/revisions"}],"predecessor-version":[{"id":33045,"href":"https:\/\/dev.chronobiology.com\/de\/wp-json\/wp\/v2\/pages\/18092\/revisions\/33045"}],"up":[{"embeddable":true,"href":"https:\/\/dev.chronobiology.com\/de\/wp-json\/wp\/v2\/pages\/18089"}],"wp:featuredmedia":[{"embeddable":true,"href":"https:\/\/dev.chronobiology.com\/de\/wp-json\/wp\/v2\/media\/25013"}],"wp:attachment":[{"href":"https:\/\/dev.chronobiology.com\/de\/wp-json\/wp\/v2\/media?parent=18092"}],"wp:term":[{"taxonomy":"category","embeddable":true,"href":"https:\/\/dev.chronobiology.com\/de\/wp-json\/wp\/v2\/categories?post=18092"}],"curies":[{"name":"wp","href":"https:\/\/api.w.org\/{rel}","templated":true}]}}